{"id":2751,"date":"2025-12-19T19:44:20","date_gmt":"2025-12-19T18:44:20","guid":{"rendered":"https:\/\/www.sdpcommerce.com\/?post_type=product&#038;p=2751"},"modified":"2026-02-20T01:45:01","modified_gmt":"2026-02-20T00:45:01","slug":"voss-26-straight-male-screw-fitting-union-bushing-hidraulico-106n79","status":"publish","type":"product","link":"https:\/\/www.sdpcommerce.com\/es_mx\/producto\/voss-26-straight-male-screw-fitting-union-bushing-hidraulico-106n79\/","title":{"rendered":"Voss 26 Straight Male Screw Fitting Union Bushing Hidr\u00e1ulico 106N79"},"content":{"rendered":"<p data-start=\"1005\" data-end=\"1230\">El <strong data-start=\"1008\" data-end=\"1082\">Voss 26 Straight Male Screw Fitting \u2013 Union Bushing Hidr\u00e1ulico #106N79<\/strong> es un accesorio hidr\u00e1ulico de alto desempe\u00f1o, dise\u00f1ado para garantizar una conexi\u00f3n recta, segura y confiable en sistemas hidr\u00e1ulicos industriales.<\/p>\n<p data-start=\"1232\" data-end=\"1601\">Fabricado bajo los estrictos est\u00e1ndares de calidad <strong data-start=\"1283\" data-end=\"1291\">Voss<\/strong>, este fitting ofrece excelente resistencia a la presi\u00f3n, vibraci\u00f3n y desgaste, asegurando un sellado \u00f3ptimo y una larga vida \u00fatil. Es ampliamente utilizado en maquinaria industrial, sistemas hidr\u00e1ulicos m\u00f3viles, automatizaci\u00f3n, sector automotriz y aplicaciones de ingenier\u00eda donde la confiabilidad es cr\u00edtica.<\/p>\n<p data-start=\"1603\" data-end=\"1813\">Su dise\u00f1o <strong data-start=\"1613\" data-end=\"1636\">Straight Male Screw<\/strong> facilita la instalaci\u00f3n y mantenimiento, reduciendo tiempos muertos y riesgos de fugas. Ideal para entornos industriales donde se requieren componentes robustos y de precisi\u00f3n.<\/p>\n","protected":false},"excerpt":{"rendered":"<p>Conector hidr\u00e1ulico <strong data-start=\"756\" data-end=\"795\">Voss 26 Straight Male Screw Fitting<\/strong> tipo <strong data-start=\"801\" data-end=\"818\">Union Bushing<\/strong>, dise\u00f1ado para conexiones seguras y resistentes en sistemas hidr\u00e1ulicos de alta presi\u00f3n. Modelo <strong data-start=\"915\" data-end=\"925\">106N79<\/strong>, ideal para aplicaciones industriales exigentes.<\/p>\n","protected":false},"featured_media":2752,"comment_status":"open","ping_status":"closed","template":"","meta":{"om_disable_all_campaigns":false,"_uag_custom_page_level_css":"","_monsterinsights_skip_tracking":false,"_monsterinsights_sitenote_active":false,"_monsterinsights_sitenote_note":"","_monsterinsights_sitenote_category":0,"site-sidebar-layout":"default","site-content-layout":"","ast-site-content-layout":"default","site-content-style":"default","site-sidebar-style":"default","ast-global-header-display":"","ast-banner-title-visibility":"","ast-main-header-display":"","ast-hfb-above-header-display":"","ast-hfb-below-header-display":"","ast-hfb-mobile-header-display":"","site-post-title":"","ast-breadcrumbs-content":"","ast-featured-img":"","footer-sml-layout":"","theme-transparent-header-meta":"default","adv-header-id-meta":"","stick-header-meta":"","header-above-stick-meta":"","header-main-stick-meta":"","header-below-stick-meta":"","astra-migrate-meta-layouts":"set","ast-page-background-enabled":"default","ast-page-background-meta":{"desktop":{"background-color":"var(--ast-global-color-4)","background-image":"","background-repeat":"repeat","background-position":"center center","background-size":"auto","background-attachment":"scroll","background-type":"","background-media":"","overlay-type":"","overlay-color":"","overlay-gradient":""},"tablet":{"background-color":"","background-image":"","background-repeat":"repeat","background-position":"center center","background-size":"auto","background-attachment":"scroll","background-type":"","background-media":"","overlay-type":"","overlay-color":"","overlay-gradient":""},"mobile":{"background-color":"","background-image":"","background-repeat":"repeat","background-position":"center center","background-size":"auto","background-attachment":"scroll","background-type":"","background-media":"","overlay-type":"","overlay-color":"","overlay-gradient":""}},"ast-content-background-meta":{"desktop":{"background-color":"var(--ast-global-color-5)","background-image":"","background-repeat":"repeat","background-position":"center center","background-size":"auto","background-attachment":"scroll","background-type":"","background-media":"","overlay-type":"","overlay-color":"","overlay-gradient":""},"tablet":{"background-color":"var(--ast-global-color-5)","background-image":"","background-repeat":"repeat","background-position":"center center","background-size":"auto","background-attachment":"scroll","background-type":"","background-media":"","overlay-type":"","overlay-color":"","overlay-gradient":""},"mobile":{"background-color":"var(--ast-global-color-5)","background-image":"","background-repeat":"repeat","background-position":"center center","background-size":"auto","background-attachment":"scroll","background-type":"","background-media":"","overlay-type":"","overlay-color":"","overlay-gradient":""}}},"product_brand":[686],"product_cat":[34],"product_tag":[689,688,690,687],"class_list":{"0":"post-2751","1":"product","2":"type-product","3":"status-publish","4":"has-post-thumbnail","6":"product_brand-voss","7":"product_cat-refacciones-industriales-especializadas","8":"product_tag-106n79","9":"product_tag-fitting-hidraulico","10":"product_tag-refacciones-hidraulicas","11":"product_tag-voss-hydraulic","12":"desktop-align-left","13":"tablet-align-left","14":"mobile-align-left","16":"first","17":"instock","18":"shipping-taxable","19":"purchasable","20":"product-type-simple"},"yoast_head":"<!-- This site is optimized with the Yoast SEO plugin v27.4 - https:\/\/yoast.com\/product\/yoast-seo-wordpress\/ -->\n<title>Voss 26 Straight Male Screw Fitting Union Bushing Hidr\u00e1ulico 106N79<\/title>\n<meta name=\"description\" content=\"Conector hidr\u00e1ulico Voss 26 Straight Male Screw Fitting Union Bushing #106N79. Alta resistencia, sellado seguro y calidad industrial para sistemas hidr\u00e1ulicos.\" \/>\n<meta name=\"robots\" content=\"index, follow, max-snippet:-1, max-image-preview:large, max-video-preview:-1\" \/>\n<link rel=\"canonical\" href=\"https:\/\/www.sdpcommerce.com\/es_mx\/producto\/voss-26-straight-male-screw-fitting-union-bushing-hidraulico-106n79\/\" \/>\n<meta property=\"og:locale\" content=\"es_MX\" \/>\n<meta property=\"og:type\" content=\"article\" \/>\n<meta property=\"og:title\" content=\"Voss 26 Straight Male Screw Fitting Union Bushing Hidr\u00e1ulico 106N79\" \/>\n<meta property=\"og:description\" content=\"Conector hidr\u00e1ulico Voss 26 Straight Male Screw Fitting Union Bushing #106N79. Alta resistencia, sellado seguro y calidad industrial para sistemas hidr\u00e1ulicos.\" \/>\n<meta property=\"og:url\" content=\"https:\/\/www.sdpcommerce.com\/es_mx\/producto\/voss-26-straight-male-screw-fitting-union-bushing-hidraulico-106n79\/\" \/>\n<meta property=\"og:site_name\" content=\"&lt;strong&gt;Un buen proveedor no solo vende, asesora y soluciona&lt;\/strong&gt;\" \/>\n<meta property=\"article:publisher\" content=\"https:\/\/www.facebook.com\/profile.php?id=61565795007009#\" \/>\n<meta property=\"article:modified_time\" content=\"2026-02-20T00:45:01+00:00\" \/>\n<meta property=\"og:image\" content=\"https:\/\/www.sdpcommerce.com\/wp-content\/uploads\/2025\/12\/Imagen-19-12-25-a-las-12.38-p.m.jpeg\" \/>\n\t<meta property=\"og:image:width\" content=\"1812\" \/>\n\t<meta property=\"og:image:height\" content=\"1318\" \/>\n\t<meta property=\"og:image:type\" content=\"image\/jpeg\" \/>\n<meta name=\"twitter:card\" content=\"summary_large_image\" \/>\n<meta name=\"twitter:label1\" content=\"Tiempo de lectura\" \/>\n\t<meta name=\"twitter:data1\" content=\"1 minuto\" \/>\n<script type=\"application\/ld+json\" class=\"yoast-schema-graph\">{\"@context\":\"https:\\\/\\\/schema.org\",\"@graph\":[{\"@type\":\"WebPage\",\"@id\":\"https:\\\/\\\/www.sdpcommerce.com\\\/producto\\\/voss-26-straight-male-screw-fitting-union-bushing-hidraulico-106n79\\\/\",\"url\":\"https:\\\/\\\/www.sdpcommerce.com\\\/producto\\\/voss-26-straight-male-screw-fitting-union-bushing-hidraulico-106n79\\\/\",\"name\":\"Voss 26 Straight Male Screw Fitting Union Bushing Hidr\u00e1ulico 106N79\",\"isPartOf\":{\"@id\":\"https:\\\/\\\/www.sdpcommerce.com\\\/#website\"},\"primaryImageOfPage\":{\"@id\":\"https:\\\/\\\/www.sdpcommerce.com\\\/producto\\\/voss-26-straight-male-screw-fitting-union-bushing-hidraulico-106n79\\\/#primaryimage\"},\"image\":{\"@id\":\"https:\\\/\\\/www.sdpcommerce.com\\\/producto\\\/voss-26-straight-male-screw-fitting-union-bushing-hidraulico-106n79\\\/#primaryimage\"},\"thumbnailUrl\":\"https:\\\/\\\/www.sdpcommerce.com\\\/wp-content\\\/uploads\\\/2025\\\/12\\\/Imagen-19-12-25-a-las-12.38-p.m.jpeg\",\"datePublished\":\"2025-12-19T18:44:20+00:00\",\"dateModified\":\"2026-02-20T00:45:01+00:00\",\"description\":\"Conector hidr\u00e1ulico Voss 26 Straight Male Screw Fitting Union Bushing #106N79. Alta resistencia, sellado seguro y calidad industrial para sistemas hidr\u00e1ulicos.\",\"breadcrumb\":{\"@id\":\"https:\\\/\\\/www.sdpcommerce.com\\\/producto\\\/voss-26-straight-male-screw-fitting-union-bushing-hidraulico-106n79\\\/#breadcrumb\"},\"inLanguage\":\"es\",\"potentialAction\":[{\"@type\":\"ReadAction\",\"target\":[\"https:\\\/\\\/www.sdpcommerce.com\\\/producto\\\/voss-26-straight-male-screw-fitting-union-bushing-hidraulico-106n79\\\/\"]}]},{\"@type\":\"ImageObject\",\"inLanguage\":\"es\",\"@id\":\"https:\\\/\\\/www.sdpcommerce.com\\\/producto\\\/voss-26-straight-male-screw-fitting-union-bushing-hidraulico-106n79\\\/#primaryimage\",\"url\":\"https:\\\/\\\/www.sdpcommerce.com\\\/wp-content\\\/uploads\\\/2025\\\/12\\\/Imagen-19-12-25-a-las-12.38-p.m.jpeg\",\"contentUrl\":\"https:\\\/\\\/www.sdpcommerce.com\\\/wp-content\\\/uploads\\\/2025\\\/12\\\/Imagen-19-12-25-a-las-12.38-p.m.jpeg\",\"width\":1812,\"height\":1318,\"caption\":\"Conector hidr\u00e1ulico Voss 26 Straight Male Screw Fitting tipo Union Bushing, modelo 106N79, dise\u00f1ado para aplicaciones industriales de alta presi\u00f3n.\"},{\"@type\":\"BreadcrumbList\",\"@id\":\"https:\\\/\\\/www.sdpcommerce.com\\\/producto\\\/voss-26-straight-male-screw-fitting-union-bushing-hidraulico-106n79\\\/#breadcrumb\",\"itemListElement\":[{\"@type\":\"ListItem\",\"position\":1,\"name\":\"Portada\",\"item\":\"https:\\\/\\\/www.sdpcommerce.com\\\/\"},{\"@type\":\"ListItem\",\"position\":2,\"name\":\"STORE\",\"item\":\"https:\\\/\\\/www.sdpcommerce.com\\\/shop-replacement-parts\\\/\"},{\"@type\":\"ListItem\",\"position\":3,\"name\":\"Refacciones Industriales Especializadas\",\"item\":\"https:\\\/\\\/www.sdpcommerce.com\\\/categoria-producto\\\/refacciones-industriales-especializadas\\\/\"},{\"@type\":\"ListItem\",\"position\":4,\"name\":\"Voss 26 Straight Male Screw Fitting Union Bushing Hidr\u00e1ulico 106N79\"}]},{\"@type\":\"WebSite\",\"@id\":\"https:\\\/\\\/www.sdpcommerce.com\\\/#website\",\"url\":\"https:\\\/\\\/www.sdpcommerce.com\\\/\",\"name\":\"SDP COMMERCE\",\"description\":\" Contar con un proveedor que no solo te diga \u201cya no existe\u201d, sino que &lt;strong&gt;te proponga un reemplazo funcional&lt;\\\/strong&gt;, es una ventaja competitiva. Algunas acciones que realiza un proveedor proactivo\",\"publisher\":{\"@id\":\"https:\\\/\\\/www.sdpcommerce.com\\\/#organization\"},\"potentialAction\":[{\"@type\":\"SearchAction\",\"target\":{\"@type\":\"EntryPoint\",\"urlTemplate\":\"https:\\\/\\\/www.sdpcommerce.com\\\/?s={search_term_string}\"},\"query-input\":{\"@type\":\"PropertyValueSpecification\",\"valueRequired\":true,\"valueName\":\"search_term_string\"}}],\"inLanguage\":\"es\"},{\"@type\":\"Organization\",\"@id\":\"https:\\\/\\\/www.sdpcommerce.com\\\/#organization\",\"name\":\"SDP COMMERCE\",\"url\":\"https:\\\/\\\/www.sdpcommerce.com\\\/\",\"logo\":{\"@type\":\"ImageObject\",\"inLanguage\":\"es\",\"@id\":\"https:\\\/\\\/www.sdpcommerce.com\\\/#\\\/schema\\\/logo\\\/image\\\/\",\"url\":\"https:\\\/\\\/www.sdpcommerce.com\\\/wp-content\\\/uploads\\\/2025\\\/02\\\/Screenshot-2025-02-13-150556.png\",\"contentUrl\":\"https:\\\/\\\/www.sdpcommerce.com\\\/wp-content\\\/uploads\\\/2025\\\/02\\\/Screenshot-2025-02-13-150556.png\",\"width\":114,\"height\":108,\"caption\":\"SDP COMMERCE\"},\"image\":{\"@id\":\"https:\\\/\\\/www.sdpcommerce.com\\\/#\\\/schema\\\/logo\\\/image\\\/\"},\"sameAs\":[\"https:\\\/\\\/www.facebook.com\\\/profile.php?id=61565795007009#\"]}]}<\/script>\n<!-- \/ Yoast SEO plugin. -->","yoast_head_json":{"title":"Voss 26 Straight Male Screw Fitting Union Bushing Hidr\u00e1ulico 106N79","description":"Conector hidr\u00e1ulico Voss 26 Straight Male Screw Fitting Union Bushing #106N79. Alta resistencia, sellado seguro y calidad industrial para sistemas hidr\u00e1ulicos.","robots":{"index":"index","follow":"follow","max-snippet":"max-snippet:-1","max-image-preview":"max-image-preview:large","max-video-preview":"max-video-preview:-1"},"canonical":"https:\/\/www.sdpcommerce.com\/es_mx\/producto\/voss-26-straight-male-screw-fitting-union-bushing-hidraulico-106n79\/","og_locale":"es_MX","og_type":"article","og_title":"Voss 26 Straight Male Screw Fitting Union Bushing Hidr\u00e1ulico 106N79","og_description":"Conector hidr\u00e1ulico Voss 26 Straight Male Screw Fitting Union Bushing #106N79. Alta resistencia, sellado seguro y calidad industrial para sistemas hidr\u00e1ulicos.","og_url":"https:\/\/www.sdpcommerce.com\/es_mx\/producto\/voss-26-straight-male-screw-fitting-union-bushing-hidraulico-106n79\/","og_site_name":"&lt;strong&gt;Un buen proveedor no solo vende, asesora y soluciona&lt;\/strong&gt;","article_publisher":"https:\/\/www.facebook.com\/profile.php?id=61565795007009#","article_modified_time":"2026-02-20T00:45:01+00:00","og_image":[{"width":1812,"height":1318,"url":"https:\/\/www.sdpcommerce.com\/wp-content\/uploads\/2025\/12\/Imagen-19-12-25-a-las-12.38-p.m.jpeg","type":"image\/jpeg"}],"twitter_card":"summary_large_image","twitter_misc":{"Tiempo de lectura":"1 minuto"},"schema":{"@context":"https:\/\/schema.org","@graph":[{"@type":"WebPage","@id":"https:\/\/www.sdpcommerce.com\/producto\/voss-26-straight-male-screw-fitting-union-bushing-hidraulico-106n79\/","url":"https:\/\/www.sdpcommerce.com\/producto\/voss-26-straight-male-screw-fitting-union-bushing-hidraulico-106n79\/","name":"Voss 26 Straight Male Screw Fitting Union Bushing Hidr\u00e1ulico 106N79","isPartOf":{"@id":"https:\/\/www.sdpcommerce.com\/#website"},"primaryImageOfPage":{"@id":"https:\/\/www.sdpcommerce.com\/producto\/voss-26-straight-male-screw-fitting-union-bushing-hidraulico-106n79\/#primaryimage"},"image":{"@id":"https:\/\/www.sdpcommerce.com\/producto\/voss-26-straight-male-screw-fitting-union-bushing-hidraulico-106n79\/#primaryimage"},"thumbnailUrl":"https:\/\/www.sdpcommerce.com\/wp-content\/uploads\/2025\/12\/Imagen-19-12-25-a-las-12.38-p.m.jpeg","datePublished":"2025-12-19T18:44:20+00:00","dateModified":"2026-02-20T00:45:01+00:00","description":"Conector hidr\u00e1ulico Voss 26 Straight Male Screw Fitting Union Bushing #106N79. Alta resistencia, sellado seguro y calidad industrial para sistemas hidr\u00e1ulicos.","breadcrumb":{"@id":"https:\/\/www.sdpcommerce.com\/producto\/voss-26-straight-male-screw-fitting-union-bushing-hidraulico-106n79\/#breadcrumb"},"inLanguage":"es","potentialAction":[{"@type":"ReadAction","target":["https:\/\/www.sdpcommerce.com\/producto\/voss-26-straight-male-screw-fitting-union-bushing-hidraulico-106n79\/"]}]},{"@type":"ImageObject","inLanguage":"es","@id":"https:\/\/www.sdpcommerce.com\/producto\/voss-26-straight-male-screw-fitting-union-bushing-hidraulico-106n79\/#primaryimage","url":"https:\/\/www.sdpcommerce.com\/wp-content\/uploads\/2025\/12\/Imagen-19-12-25-a-las-12.38-p.m.jpeg","contentUrl":"https:\/\/www.sdpcommerce.com\/wp-content\/uploads\/2025\/12\/Imagen-19-12-25-a-las-12.38-p.m.jpeg","width":1812,"height":1318,"caption":"Conector hidr\u00e1ulico Voss 26 Straight Male Screw Fitting tipo Union Bushing, modelo 106N79, dise\u00f1ado para aplicaciones industriales de alta presi\u00f3n."},{"@type":"BreadcrumbList","@id":"https:\/\/www.sdpcommerce.com\/producto\/voss-26-straight-male-screw-fitting-union-bushing-hidraulico-106n79\/#breadcrumb","itemListElement":[{"@type":"ListItem","position":1,"name":"Portada","item":"https:\/\/www.sdpcommerce.com\/"},{"@type":"ListItem","position":2,"name":"STORE","item":"https:\/\/www.sdpcommerce.com\/shop-replacement-parts\/"},{"@type":"ListItem","position":3,"name":"Refacciones Industriales Especializadas","item":"https:\/\/www.sdpcommerce.com\/categoria-producto\/refacciones-industriales-especializadas\/"},{"@type":"ListItem","position":4,"name":"Voss 26 Straight Male Screw Fitting Union Bushing Hidr\u00e1ulico 106N79"}]},{"@type":"WebSite","@id":"https:\/\/www.sdpcommerce.com\/#website","url":"https:\/\/www.sdpcommerce.com\/","name":"SDP COMMERCE","description":" Contar con un proveedor que no solo te diga \u201cya no existe\u201d, sino que &lt;strong&gt;te proponga un reemplazo funcional&lt;\/strong&gt;, es una ventaja competitiva. Algunas acciones que realiza un proveedor proactivo","publisher":{"@id":"https:\/\/www.sdpcommerce.com\/#organization"},"potentialAction":[{"@type":"SearchAction","target":{"@type":"EntryPoint","urlTemplate":"https:\/\/www.sdpcommerce.com\/?s={search_term_string}"},"query-input":{"@type":"PropertyValueSpecification","valueRequired":true,"valueName":"search_term_string"}}],"inLanguage":"es"},{"@type":"Organization","@id":"https:\/\/www.sdpcommerce.com\/#organization","name":"SDP COMMERCE","url":"https:\/\/www.sdpcommerce.com\/","logo":{"@type":"ImageObject","inLanguage":"es","@id":"https:\/\/www.sdpcommerce.com\/#\/schema\/logo\/image\/","url":"https:\/\/www.sdpcommerce.com\/wp-content\/uploads\/2025\/02\/Screenshot-2025-02-13-150556.png","contentUrl":"https:\/\/www.sdpcommerce.com\/wp-content\/uploads\/2025\/02\/Screenshot-2025-02-13-150556.png","width":114,"height":108,"caption":"SDP COMMERCE"},"image":{"@id":"https:\/\/www.sdpcommerce.com\/#\/schema\/logo\/image\/"},"sameAs":["https:\/\/www.facebook.com\/profile.php?id=61565795007009#"]}]}},"uagb_featured_image_src":{"full":["https:\/\/www.sdpcommerce.com\/wp-content\/uploads\/2025\/12\/Imagen-19-12-25-a-las-12.38-p.m.jpeg",1812,1318,false],"thumbnail":["https:\/\/www.sdpcommerce.com\/wp-content\/uploads\/2025\/12\/Imagen-19-12-25-a-las-12.38-p.m-150x150.jpeg",150,150,true],"medium":["https:\/\/www.sdpcommerce.com\/wp-content\/uploads\/2025\/12\/Imagen-19-12-25-a-las-12.38-p.m-300x218.jpeg",300,218,true],"medium_large":["https:\/\/www.sdpcommerce.com\/wp-content\/uploads\/2025\/12\/Imagen-19-12-25-a-las-12.38-p.m-768x559.jpeg",768,559,true],"large":["https:\/\/www.sdpcommerce.com\/wp-content\/uploads\/2025\/12\/Imagen-19-12-25-a-las-12.38-p.m-1024x745.jpeg",1024,745,true],"1536x1536":["https:\/\/www.sdpcommerce.com\/wp-content\/uploads\/2025\/12\/Imagen-19-12-25-a-las-12.38-p.m-1536x1117.jpeg",1536,1117,true],"2048x2048":["https:\/\/www.sdpcommerce.com\/wp-content\/uploads\/2025\/12\/Imagen-19-12-25-a-las-12.38-p.m.jpeg",1812,1318,false],"trp-custom-language-flag":["https:\/\/www.sdpcommerce.com\/wp-content\/uploads\/2025\/12\/Imagen-19-12-25-a-las-12.38-p.m-16x12.jpeg",16,12,true],"woocommerce_thumbnail":["https:\/\/www.sdpcommerce.com\/wp-content\/uploads\/2025\/12\/Imagen-19-12-25-a-las-12.38-p.m-300x300.jpeg",300,300,true],"woocommerce_single":["https:\/\/www.sdpcommerce.com\/wp-content\/uploads\/2025\/12\/Imagen-19-12-25-a-las-12.38-p.m-600x436.jpeg",600,436,true],"woocommerce_gallery_thumbnail":["https:\/\/www.sdpcommerce.com\/wp-content\/uploads\/2025\/12\/Imagen-19-12-25-a-las-12.38-p.m-100x100.jpeg",100,100,true]},"uagb_author_info":{"display_name":"admin","author_link":"https:\/\/www.sdpcommerce.com\/es_mx\/author\/"},"uagb_comment_info":1,"uagb_excerpt":"Conector hidr\u00e1ulico Voss 26 Straight Male Screw Fitting tipo Union Bushing, dise\u00f1ado para conexiones seguras y resistentes en sistemas hidr\u00e1ulicos de alta presi\u00f3n. Modelo 106N79, ideal para aplicaciones industriales exigentes.","_links":{"self":[{"href":"https:\/\/www.sdpcommerce.com\/es_mx\/wp-json\/wp\/v2\/product\/2751","targetHints":{"allow":["GET"]}}],"collection":[{"href":"https:\/\/www.sdpcommerce.com\/es_mx\/wp-json\/wp\/v2\/product"}],"about":[{"href":"https:\/\/www.sdpcommerce.com\/es_mx\/wp-json\/wp\/v2\/types\/product"}],"replies":[{"embeddable":true,"href":"https:\/\/www.sdpcommerce.com\/es_mx\/wp-json\/wp\/v2\/comments?post=2751"}],"wp:featuredmedia":[{"embeddable":true,"href":"https:\/\/www.sdpcommerce.com\/es_mx\/wp-json\/wp\/v2\/media\/2752"}],"wp:attachment":[{"href":"https:\/\/www.sdpcommerce.com\/es_mx\/wp-json\/wp\/v2\/media?parent=2751"}],"wp:term":[{"taxonomy":"product_brand","embeddable":true,"href":"https:\/\/www.sdpcommerce.com\/es_mx\/wp-json\/wp\/v2\/product_brand?post=2751"},{"taxonomy":"product_cat","embeddable":true,"href":"https:\/\/www.sdpcommerce.com\/es_mx\/wp-json\/wp\/v2\/product_cat?post=2751"},{"taxonomy":"product_tag","embeddable":true,"href":"https:\/\/www.sdpcommerce.com\/es_mx\/wp-json\/wp\/v2\/product_tag?post=2751"}],"curies":[{"name":"wp","href":"https:\/\/api.w.org\/{rel}","templated":true}]}}