{"id":2736,"date":"2025-08-11T23:44:33","date_gmt":"2025-08-11T21:44:33","guid":{"rendered":"https:\/\/www.sdpcommerce.com\/?post_type=product&#038;p=2736"},"modified":"2025-08-11T23:44:34","modified_gmt":"2025-08-11T21:44:34","slug":"valvula-solenoide-rexroth-r900561286-4we6h6x-eg24n9k4","status":"publish","type":"product","link":"https:\/\/www.sdpcommerce.com\/es_mx\/producto\/valvula-solenoide-rexroth-r900561286-4we6h6x-eg24n9k4\/","title":{"rendered":"V\u00e1lvula solenoide Rexroth R900561286 4WE6H6X\/EG24N9K4 \u2013 Control hidr\u00e1ulico preciso"},"content":{"rendered":"<p>La v\u00e1lvula solenoide Rexroth R900561286 4WE6H6X\/EG24N9K4 es un componente hidr\u00e1ulico dise\u00f1ado para ofrecer un control preciso y eficiente en sistemas industriales. Su construcci\u00f3n robusta garantiza durabilidad y desempe\u00f1o \u00f3ptimo, facilitando el manejo del flujo hidr\u00e1ulico en maquinaria pesada y procesos automatizados.<br data-start=\"1140\" data-end=\"1143\" \/>Esta v\u00e1lvula solenoide es perfecta para aplicaciones donde se requiere respuesta r\u00e1pida y fiabilidad en ambientes industriales exigentes.<\/p>\n","protected":false},"excerpt":{"rendered":"<p>V\u00e1lvula solenoide Rexroth R900561286 4WE6H6X\/EG24N9K4, ideal para control hidr\u00e1ulico confiable en aplicaciones industriales y maquinaria pesada.<\/p>\n","protected":false},"featured_media":2737,"comment_status":"open","ping_status":"closed","template":"","meta":{"om_disable_all_campaigns":false,"_uag_custom_page_level_css":"","_monsterinsights_skip_tracking":false,"_monsterinsights_sitenote_active":false,"_monsterinsights_sitenote_note":"","_monsterinsights_sitenote_category":0,"site-sidebar-layout":"default","site-content-layout":"","ast-site-content-layout":"default","site-content-style":"default","site-sidebar-style":"default","ast-global-header-display":"","ast-banner-title-visibility":"","ast-main-header-display":"","ast-hfb-above-header-display":"","ast-hfb-below-header-display":"","ast-hfb-mobile-header-display":"","site-post-title":"","ast-breadcrumbs-content":"","ast-featured-img":"","footer-sml-layout":"","theme-transparent-header-meta":"default","adv-header-id-meta":"","stick-header-meta":"","header-above-stick-meta":"","header-main-stick-meta":"","header-below-stick-meta":"","astra-migrate-meta-layouts":"set","ast-page-background-enabled":"default","ast-page-background-meta":{"desktop":{"background-color":"var(--ast-global-color-4)","background-image":"","background-repeat":"repeat","background-position":"center center","background-size":"auto","background-attachment":"scroll","background-type":"","background-media":"","overlay-type":"","overlay-color":"","overlay-gradient":""},"tablet":{"background-color":"","background-image":"","background-repeat":"repeat","background-position":"center center","background-size":"auto","background-attachment":"scroll","background-type":"","background-media":"","overlay-type":"","overlay-color":"","overlay-gradient":""},"mobile":{"background-color":"","background-image":"","background-repeat":"repeat","background-position":"center center","background-size":"auto","background-attachment":"scroll","background-type":"","background-media":"","overlay-type":"","overlay-color":"","overlay-gradient":""}},"ast-content-background-meta":{"desktop":{"background-color":"var(--ast-global-color-5)","background-image":"","background-repeat":"repeat","background-position":"center center","background-size":"auto","background-attachment":"scroll","background-type":"","background-media":"","overlay-type":"","overlay-color":"","overlay-gradient":""},"tablet":{"background-color":"var(--ast-global-color-5)","background-image":"","background-repeat":"repeat","background-position":"center center","background-size":"auto","background-attachment":"scroll","background-type":"","background-media":"","overlay-type":"","overlay-color":"","overlay-gradient":""},"mobile":{"background-color":"var(--ast-global-color-5)","background-image":"","background-repeat":"repeat","background-position":"center center","background-size":"auto","background-attachment":"scroll","background-type":"","background-media":"","overlay-type":"","overlay-color":"","overlay-gradient":""}}},"product_brand":[656],"product_cat":[30],"product_tag":[674,673,676,675],"class_list":{"0":"post-2736","1":"product","2":"type-product","3":"status-publish","4":"has-post-thumbnail","6":"product_brand-marca-rexroth","7":"product_cat-refacciones-industriales","8":"product_tag-maquinaria-pesada-rexroth","9":"product_tag-valvula-control-hidraulico-rexroth","10":"product_tag-valvula-hidraulica-solenoide","11":"product_tag-valvula-solenoide-rexroth","12":"desktop-align-left","13":"tablet-align-left","14":"mobile-align-left","16":"first","17":"instock","18":"shipping-taxable","19":"purchasable","20":"product-type-simple"},"yoast_head":"<!-- This site is optimized with the Yoast SEO plugin v27.4 - https:\/\/yoast.com\/product\/yoast-seo-wordpress\/ -->\n<title>V\u00e1lvula solenoide Rexroth R900561286 4WE6H6X\/EG24N9K4 \u2013 Control hidr\u00e1ulico preciso<\/title>\n<meta name=\"description\" content=\"V\u00e1lvula solenoide Rexroth R900561286 4WE6H6X\/EG24N9K4, dise\u00f1o robusto para control hidr\u00e1ulico eficiente en sistemas industriales y maquinaria pesada.\" \/>\n<meta name=\"robots\" content=\"index, follow, max-snippet:-1, max-image-preview:large, max-video-preview:-1\" \/>\n<link rel=\"canonical\" href=\"https:\/\/www.sdpcommerce.com\/es_mx\/producto\/valvula-solenoide-rexroth-r900561286-4we6h6x-eg24n9k4\/\" \/>\n<meta property=\"og:locale\" content=\"es_MX\" \/>\n<meta property=\"og:type\" content=\"article\" \/>\n<meta property=\"og:title\" content=\"V\u00e1lvula solenoide Rexroth R900561286 4WE6H6X\/EG24N9K4 \u2013 Control hidr\u00e1ulico preciso\" \/>\n<meta property=\"og:description\" content=\"V\u00e1lvula solenoide Rexroth R900561286 4WE6H6X\/EG24N9K4, dise\u00f1o robusto para control hidr\u00e1ulico eficiente en sistemas industriales y maquinaria pesada.\" \/>\n<meta property=\"og:url\" content=\"https:\/\/www.sdpcommerce.com\/es_mx\/producto\/valvula-solenoide-rexroth-r900561286-4we6h6x-eg24n9k4\/\" \/>\n<meta property=\"og:site_name\" content=\"&lt;strong&gt;Un buen proveedor no solo vende, asesora y soluciona&lt;\/strong&gt;\" \/>\n<meta property=\"article:publisher\" content=\"https:\/\/www.facebook.com\/profile.php?id=61565795007009#\" \/>\n<meta property=\"article:modified_time\" content=\"2025-08-11T21:44:34+00:00\" \/>\n<meta property=\"og:image\" content=\"https:\/\/www.sdpcommerce.com\/wp-content\/uploads\/2025\/08\/valvula-solenoide-rexroth-r900561286-4we6h6x-eg24n9k4.jpg.png\" \/>\n\t<meta property=\"og:image:width\" content=\"1080\" \/>\n\t<meta property=\"og:image:height\" content=\"737\" \/>\n\t<meta property=\"og:image:type\" content=\"image\/png\" \/>\n<meta name=\"twitter:card\" content=\"summary_large_image\" \/>\n<meta name=\"twitter:label1\" content=\"Tiempo de lectura\" \/>\n\t<meta name=\"twitter:data1\" content=\"1 minuto\" \/>\n<script type=\"application\/ld+json\" class=\"yoast-schema-graph\">{\"@context\":\"https:\\\/\\\/schema.org\",\"@graph\":[{\"@type\":\"WebPage\",\"@id\":\"https:\\\/\\\/www.sdpcommerce.com\\\/producto\\\/valvula-solenoide-rexroth-r900561286-4we6h6x-eg24n9k4\\\/\",\"url\":\"https:\\\/\\\/www.sdpcommerce.com\\\/producto\\\/valvula-solenoide-rexroth-r900561286-4we6h6x-eg24n9k4\\\/\",\"name\":\"V\u00e1lvula solenoide Rexroth R900561286 4WE6H6X\\\/EG24N9K4 \u2013 Control hidr\u00e1ulico preciso\",\"isPartOf\":{\"@id\":\"https:\\\/\\\/www.sdpcommerce.com\\\/#website\"},\"primaryImageOfPage\":{\"@id\":\"https:\\\/\\\/www.sdpcommerce.com\\\/producto\\\/valvula-solenoide-rexroth-r900561286-4we6h6x-eg24n9k4\\\/#primaryimage\"},\"image\":{\"@id\":\"https:\\\/\\\/www.sdpcommerce.com\\\/producto\\\/valvula-solenoide-rexroth-r900561286-4we6h6x-eg24n9k4\\\/#primaryimage\"},\"thumbnailUrl\":\"https:\\\/\\\/www.sdpcommerce.com\\\/wp-content\\\/uploads\\\/2025\\\/08\\\/valvula-solenoide-rexroth-r900561286-4we6h6x-eg24n9k4.jpg.png\",\"datePublished\":\"2025-08-11T21:44:33+00:00\",\"dateModified\":\"2025-08-11T21:44:34+00:00\",\"description\":\"V\u00e1lvula solenoide Rexroth R900561286 4WE6H6X\\\/EG24N9K4, dise\u00f1o robusto para control hidr\u00e1ulico eficiente en sistemas industriales y maquinaria pesada.\",\"breadcrumb\":{\"@id\":\"https:\\\/\\\/www.sdpcommerce.com\\\/producto\\\/valvula-solenoide-rexroth-r900561286-4we6h6x-eg24n9k4\\\/#breadcrumb\"},\"inLanguage\":\"es\",\"potentialAction\":[{\"@type\":\"ReadAction\",\"target\":[\"https:\\\/\\\/www.sdpcommerce.com\\\/producto\\\/valvula-solenoide-rexroth-r900561286-4we6h6x-eg24n9k4\\\/\"]}]},{\"@type\":\"ImageObject\",\"inLanguage\":\"es\",\"@id\":\"https:\\\/\\\/www.sdpcommerce.com\\\/producto\\\/valvula-solenoide-rexroth-r900561286-4we6h6x-eg24n9k4\\\/#primaryimage\",\"url\":\"https:\\\/\\\/www.sdpcommerce.com\\\/wp-content\\\/uploads\\\/2025\\\/08\\\/valvula-solenoide-rexroth-r900561286-4we6h6x-eg24n9k4.jpg.png\",\"contentUrl\":\"https:\\\/\\\/www.sdpcommerce.com\\\/wp-content\\\/uploads\\\/2025\\\/08\\\/valvula-solenoide-rexroth-r900561286-4we6h6x-eg24n9k4.jpg.png\",\"width\":1080,\"height\":737,\"caption\":\"V\u00e1lvula hidr\u00e1ulica solenoide Rexroth\"},{\"@type\":\"BreadcrumbList\",\"@id\":\"https:\\\/\\\/www.sdpcommerce.com\\\/producto\\\/valvula-solenoide-rexroth-r900561286-4we6h6x-eg24n9k4\\\/#breadcrumb\",\"itemListElement\":[{\"@type\":\"ListItem\",\"position\":1,\"name\":\"Portada\",\"item\":\"https:\\\/\\\/www.sdpcommerce.com\\\/\"},{\"@type\":\"ListItem\",\"position\":2,\"name\":\"STORE\",\"item\":\"https:\\\/\\\/www.sdpcommerce.com\\\/shop-replacement-parts\\\/\"},{\"@type\":\"ListItem\",\"position\":3,\"name\":\"Refacciones Industriales | Repuestos para Maquinaria y Equipos\",\"item\":\"https:\\\/\\\/www.sdpcommerce.com\\\/categoria-producto\\\/refacciones-industriales\\\/\"},{\"@type\":\"ListItem\",\"position\":4,\"name\":\"V\u00e1lvula solenoide Rexroth R900561286 4WE6H6X\\\/EG24N9K4 \u2013 Control hidr\u00e1ulico preciso\"}]},{\"@type\":\"WebSite\",\"@id\":\"https:\\\/\\\/www.sdpcommerce.com\\\/#website\",\"url\":\"https:\\\/\\\/www.sdpcommerce.com\\\/\",\"name\":\"SDP COMMERCE\",\"description\":\" Contar con un proveedor que no solo te diga \u201cya no existe\u201d, sino que &lt;strong&gt;te proponga un reemplazo funcional&lt;\\\/strong&gt;, es una ventaja competitiva. Algunas acciones que realiza un proveedor proactivo\",\"publisher\":{\"@id\":\"https:\\\/\\\/www.sdpcommerce.com\\\/#organization\"},\"potentialAction\":[{\"@type\":\"SearchAction\",\"target\":{\"@type\":\"EntryPoint\",\"urlTemplate\":\"https:\\\/\\\/www.sdpcommerce.com\\\/?s={search_term_string}\"},\"query-input\":{\"@type\":\"PropertyValueSpecification\",\"valueRequired\":true,\"valueName\":\"search_term_string\"}}],\"inLanguage\":\"es\"},{\"@type\":\"Organization\",\"@id\":\"https:\\\/\\\/www.sdpcommerce.com\\\/#organization\",\"name\":\"SDP COMMERCE\",\"url\":\"https:\\\/\\\/www.sdpcommerce.com\\\/\",\"logo\":{\"@type\":\"ImageObject\",\"inLanguage\":\"es\",\"@id\":\"https:\\\/\\\/www.sdpcommerce.com\\\/#\\\/schema\\\/logo\\\/image\\\/\",\"url\":\"https:\\\/\\\/www.sdpcommerce.com\\\/wp-content\\\/uploads\\\/2025\\\/02\\\/Screenshot-2025-02-13-150556.png\",\"contentUrl\":\"https:\\\/\\\/www.sdpcommerce.com\\\/wp-content\\\/uploads\\\/2025\\\/02\\\/Screenshot-2025-02-13-150556.png\",\"width\":114,\"height\":108,\"caption\":\"SDP COMMERCE\"},\"image\":{\"@id\":\"https:\\\/\\\/www.sdpcommerce.com\\\/#\\\/schema\\\/logo\\\/image\\\/\"},\"sameAs\":[\"https:\\\/\\\/www.facebook.com\\\/profile.php?id=61565795007009#\"]}]}<\/script>\n<!-- \/ Yoast SEO plugin. -->","yoast_head_json":{"title":"V\u00e1lvula solenoide Rexroth R900561286 4WE6H6X\/EG24N9K4 \u2013 Control hidr\u00e1ulico preciso","description":"V\u00e1lvula solenoide Rexroth R900561286 4WE6H6X\/EG24N9K4, dise\u00f1o robusto para control hidr\u00e1ulico eficiente en sistemas industriales y maquinaria pesada.","robots":{"index":"index","follow":"follow","max-snippet":"max-snippet:-1","max-image-preview":"max-image-preview:large","max-video-preview":"max-video-preview:-1"},"canonical":"https:\/\/www.sdpcommerce.com\/es_mx\/producto\/valvula-solenoide-rexroth-r900561286-4we6h6x-eg24n9k4\/","og_locale":"es_MX","og_type":"article","og_title":"V\u00e1lvula solenoide Rexroth R900561286 4WE6H6X\/EG24N9K4 \u2013 Control hidr\u00e1ulico preciso","og_description":"V\u00e1lvula solenoide Rexroth R900561286 4WE6H6X\/EG24N9K4, dise\u00f1o robusto para control hidr\u00e1ulico eficiente en sistemas industriales y maquinaria pesada.","og_url":"https:\/\/www.sdpcommerce.com\/es_mx\/producto\/valvula-solenoide-rexroth-r900561286-4we6h6x-eg24n9k4\/","og_site_name":"&lt;strong&gt;Un buen proveedor no solo vende, asesora y soluciona&lt;\/strong&gt;","article_publisher":"https:\/\/www.facebook.com\/profile.php?id=61565795007009#","article_modified_time":"2025-08-11T21:44:34+00:00","og_image":[{"width":1080,"height":737,"url":"https:\/\/www.sdpcommerce.com\/wp-content\/uploads\/2025\/08\/valvula-solenoide-rexroth-r900561286-4we6h6x-eg24n9k4.jpg.png","type":"image\/png"}],"twitter_card":"summary_large_image","twitter_misc":{"Tiempo de lectura":"1 minuto"},"schema":{"@context":"https:\/\/schema.org","@graph":[{"@type":"WebPage","@id":"https:\/\/www.sdpcommerce.com\/producto\/valvula-solenoide-rexroth-r900561286-4we6h6x-eg24n9k4\/","url":"https:\/\/www.sdpcommerce.com\/producto\/valvula-solenoide-rexroth-r900561286-4we6h6x-eg24n9k4\/","name":"V\u00e1lvula solenoide Rexroth R900561286 4WE6H6X\/EG24N9K4 \u2013 Control hidr\u00e1ulico preciso","isPartOf":{"@id":"https:\/\/www.sdpcommerce.com\/#website"},"primaryImageOfPage":{"@id":"https:\/\/www.sdpcommerce.com\/producto\/valvula-solenoide-rexroth-r900561286-4we6h6x-eg24n9k4\/#primaryimage"},"image":{"@id":"https:\/\/www.sdpcommerce.com\/producto\/valvula-solenoide-rexroth-r900561286-4we6h6x-eg24n9k4\/#primaryimage"},"thumbnailUrl":"https:\/\/www.sdpcommerce.com\/wp-content\/uploads\/2025\/08\/valvula-solenoide-rexroth-r900561286-4we6h6x-eg24n9k4.jpg.png","datePublished":"2025-08-11T21:44:33+00:00","dateModified":"2025-08-11T21:44:34+00:00","description":"V\u00e1lvula solenoide Rexroth R900561286 4WE6H6X\/EG24N9K4, dise\u00f1o robusto para control hidr\u00e1ulico eficiente en sistemas industriales y maquinaria pesada.","breadcrumb":{"@id":"https:\/\/www.sdpcommerce.com\/producto\/valvula-solenoide-rexroth-r900561286-4we6h6x-eg24n9k4\/#breadcrumb"},"inLanguage":"es","potentialAction":[{"@type":"ReadAction","target":["https:\/\/www.sdpcommerce.com\/producto\/valvula-solenoide-rexroth-r900561286-4we6h6x-eg24n9k4\/"]}]},{"@type":"ImageObject","inLanguage":"es","@id":"https:\/\/www.sdpcommerce.com\/producto\/valvula-solenoide-rexroth-r900561286-4we6h6x-eg24n9k4\/#primaryimage","url":"https:\/\/www.sdpcommerce.com\/wp-content\/uploads\/2025\/08\/valvula-solenoide-rexroth-r900561286-4we6h6x-eg24n9k4.jpg.png","contentUrl":"https:\/\/www.sdpcommerce.com\/wp-content\/uploads\/2025\/08\/valvula-solenoide-rexroth-r900561286-4we6h6x-eg24n9k4.jpg.png","width":1080,"height":737,"caption":"V\u00e1lvula hidr\u00e1ulica solenoide Rexroth"},{"@type":"BreadcrumbList","@id":"https:\/\/www.sdpcommerce.com\/producto\/valvula-solenoide-rexroth-r900561286-4we6h6x-eg24n9k4\/#breadcrumb","itemListElement":[{"@type":"ListItem","position":1,"name":"Portada","item":"https:\/\/www.sdpcommerce.com\/"},{"@type":"ListItem","position":2,"name":"STORE","item":"https:\/\/www.sdpcommerce.com\/shop-replacement-parts\/"},{"@type":"ListItem","position":3,"name":"Refacciones Industriales | Repuestos para Maquinaria y Equipos","item":"https:\/\/www.sdpcommerce.com\/categoria-producto\/refacciones-industriales\/"},{"@type":"ListItem","position":4,"name":"V\u00e1lvula solenoide Rexroth R900561286 4WE6H6X\/EG24N9K4 \u2013 Control hidr\u00e1ulico preciso"}]},{"@type":"WebSite","@id":"https:\/\/www.sdpcommerce.com\/#website","url":"https:\/\/www.sdpcommerce.com\/","name":"SDP COMMERCE","description":" Contar con un proveedor que no solo te diga \u201cya no existe\u201d, sino que &lt;strong&gt;te proponga un reemplazo funcional&lt;\/strong&gt;, es una ventaja competitiva. Algunas acciones que realiza un proveedor proactivo","publisher":{"@id":"https:\/\/www.sdpcommerce.com\/#organization"},"potentialAction":[{"@type":"SearchAction","target":{"@type":"EntryPoint","urlTemplate":"https:\/\/www.sdpcommerce.com\/?s={search_term_string}"},"query-input":{"@type":"PropertyValueSpecification","valueRequired":true,"valueName":"search_term_string"}}],"inLanguage":"es"},{"@type":"Organization","@id":"https:\/\/www.sdpcommerce.com\/#organization","name":"SDP COMMERCE","url":"https:\/\/www.sdpcommerce.com\/","logo":{"@type":"ImageObject","inLanguage":"es","@id":"https:\/\/www.sdpcommerce.com\/#\/schema\/logo\/image\/","url":"https:\/\/www.sdpcommerce.com\/wp-content\/uploads\/2025\/02\/Screenshot-2025-02-13-150556.png","contentUrl":"https:\/\/www.sdpcommerce.com\/wp-content\/uploads\/2025\/02\/Screenshot-2025-02-13-150556.png","width":114,"height":108,"caption":"SDP COMMERCE"},"image":{"@id":"https:\/\/www.sdpcommerce.com\/#\/schema\/logo\/image\/"},"sameAs":["https:\/\/www.facebook.com\/profile.php?id=61565795007009#"]}]}},"uagb_featured_image_src":{"full":["https:\/\/www.sdpcommerce.com\/wp-content\/uploads\/2025\/08\/valvula-solenoide-rexroth-r900561286-4we6h6x-eg24n9k4.jpg.png",1080,737,false],"thumbnail":["https:\/\/www.sdpcommerce.com\/wp-content\/uploads\/2025\/08\/valvula-solenoide-rexroth-r900561286-4we6h6x-eg24n9k4.jpg-150x150.png",150,150,true],"medium":["https:\/\/www.sdpcommerce.com\/wp-content\/uploads\/2025\/08\/valvula-solenoide-rexroth-r900561286-4we6h6x-eg24n9k4.jpg-300x205.png",300,205,true],"medium_large":["https:\/\/www.sdpcommerce.com\/wp-content\/uploads\/2025\/08\/valvula-solenoide-rexroth-r900561286-4we6h6x-eg24n9k4.jpg-768x524.png",768,524,true],"large":["https:\/\/www.sdpcommerce.com\/wp-content\/uploads\/2025\/08\/valvula-solenoide-rexroth-r900561286-4we6h6x-eg24n9k4.jpg-1024x699.png",1024,699,true],"1536x1536":["https:\/\/www.sdpcommerce.com\/wp-content\/uploads\/2025\/08\/valvula-solenoide-rexroth-r900561286-4we6h6x-eg24n9k4.jpg.png",1080,737,false],"2048x2048":["https:\/\/www.sdpcommerce.com\/wp-content\/uploads\/2025\/08\/valvula-solenoide-rexroth-r900561286-4we6h6x-eg24n9k4.jpg.png",1080,737,false],"trp-custom-language-flag":["https:\/\/www.sdpcommerce.com\/wp-content\/uploads\/2025\/08\/valvula-solenoide-rexroth-r900561286-4we6h6x-eg24n9k4.jpg-18x12.png",18,12,true],"woocommerce_thumbnail":["https:\/\/www.sdpcommerce.com\/wp-content\/uploads\/2025\/08\/valvula-solenoide-rexroth-r900561286-4we6h6x-eg24n9k4.jpg-300x300.png",300,300,true],"woocommerce_single":["https:\/\/www.sdpcommerce.com\/wp-content\/uploads\/2025\/08\/valvula-solenoide-rexroth-r900561286-4we6h6x-eg24n9k4.jpg-600x409.png",600,409,true],"woocommerce_gallery_thumbnail":["https:\/\/www.sdpcommerce.com\/wp-content\/uploads\/2025\/08\/valvula-solenoide-rexroth-r900561286-4we6h6x-eg24n9k4.jpg-100x100.png",100,100,true]},"uagb_author_info":{"display_name":"admin","author_link":"https:\/\/www.sdpcommerce.com\/es_mx\/author\/"},"uagb_comment_info":0,"uagb_excerpt":"V\u00e1lvula solenoide Rexroth R900561286 4WE6H6X\/EG24N9K4, ideal para control hidr\u00e1ulico confiable en aplicaciones industriales y maquinaria pesada.","_links":{"self":[{"href":"https:\/\/www.sdpcommerce.com\/es_mx\/wp-json\/wp\/v2\/product\/2736","targetHints":{"allow":["GET"]}}],"collection":[{"href":"https:\/\/www.sdpcommerce.com\/es_mx\/wp-json\/wp\/v2\/product"}],"about":[{"href":"https:\/\/www.sdpcommerce.com\/es_mx\/wp-json\/wp\/v2\/types\/product"}],"replies":[{"embeddable":true,"href":"https:\/\/www.sdpcommerce.com\/es_mx\/wp-json\/wp\/v2\/comments?post=2736"}],"wp:featuredmedia":[{"embeddable":true,"href":"https:\/\/www.sdpcommerce.com\/es_mx\/wp-json\/wp\/v2\/media\/2737"}],"wp:attachment":[{"href":"https:\/\/www.sdpcommerce.com\/es_mx\/wp-json\/wp\/v2\/media?parent=2736"}],"wp:term":[{"taxonomy":"product_brand","embeddable":true,"href":"https:\/\/www.sdpcommerce.com\/es_mx\/wp-json\/wp\/v2\/product_brand?post=2736"},{"taxonomy":"product_cat","embeddable":true,"href":"https:\/\/www.sdpcommerce.com\/es_mx\/wp-json\/wp\/v2\/product_cat?post=2736"},{"taxonomy":"product_tag","embeddable":true,"href":"https:\/\/www.sdpcommerce.com\/es_mx\/wp-json\/wp\/v2\/product_tag?post=2736"}],"curies":[{"name":"wp","href":"https:\/\/api.w.org\/{rel}","templated":true}]}}