{"id":2721,"date":"2025-08-11T23:07:40","date_gmt":"2025-08-11T21:07:40","guid":{"rendered":"https:\/\/www.sdpcommerce.com\/?post_type=product&#038;p=2721"},"modified":"2025-08-11T23:07:40","modified_gmt":"2025-08-11T21:07:40","slug":"lijadora-banda-milwaukee-2832-20-m18-fuel-3x18","status":"publish","type":"product","link":"https:\/\/www.sdpcommerce.com\/es_mx\/producto\/lijadora-banda-milwaukee-2832-20-m18-fuel-3x18\/","title":{"rendered":"Lijadora de banda Milwaukee 2832-20 M18 FUEL 3&#8243; x 18&#8243; \u2013 Potencia inal\u00e1mbrica para acabados profesionales"},"content":{"rendered":"<p>La <strong data-start=\"824\" data-end=\"872\">Lijadora de banda Milwaukee 2832-20 M18 FUEL<\/strong> ofrece una combinaci\u00f3n perfecta de potencia y portabilidad con su dise\u00f1o inal\u00e1mbrico. Con una banda de lijado de <strong data-start=\"986\" data-end=\"998\">3&#8243; x 18&#8243;<\/strong>, esta herramienta es ideal para remover material r\u00e1pidamente y realizar acabados en madera, metal y otros materiales.<br data-start=\"1116\" data-end=\"1119\" \/>Equipado con tecnolog\u00eda M18 FUEL y motor sin escobillas, proporciona mayor eficiencia, durabilidad y autonom\u00eda para trabajos prolongados en entornos profesionales. Su dise\u00f1o ergon\u00f3mico garantiza comodidad y control durante su uso.<\/p>\n","protected":false},"excerpt":{"rendered":"<p>Lijadora de banda inal\u00e1mbrica Milwaukee 2832-20 M18 FUEL de 3&#8243; x 18&#8243;, dise\u00f1ada para acabados profesionales con potencia y movilidad sin cables.<\/p>\n","protected":false},"featured_media":2722,"comment_status":"open","ping_status":"closed","template":"","meta":{"om_disable_all_campaigns":false,"_uag_custom_page_level_css":"","_monsterinsights_skip_tracking":false,"_monsterinsights_sitenote_active":false,"_monsterinsights_sitenote_note":"","_monsterinsights_sitenote_category":0,"site-sidebar-layout":"default","site-content-layout":"","ast-site-content-layout":"default","site-content-style":"default","site-sidebar-style":"default","ast-global-header-display":"","ast-banner-title-visibility":"","ast-main-header-display":"","ast-hfb-above-header-display":"","ast-hfb-below-header-display":"","ast-hfb-mobile-header-display":"","site-post-title":"","ast-breadcrumbs-content":"","ast-featured-img":"","footer-sml-layout":"","theme-transparent-header-meta":"default","adv-header-id-meta":"","stick-header-meta":"","header-above-stick-meta":"","header-main-stick-meta":"","header-below-stick-meta":"","astra-migrate-meta-layouts":"set","ast-page-background-enabled":"default","ast-page-background-meta":{"desktop":{"background-color":"var(--ast-global-color-4)","background-image":"","background-repeat":"repeat","background-position":"center center","background-size":"auto","background-attachment":"scroll","background-type":"","background-media":"","overlay-type":"","overlay-color":"","overlay-gradient":""},"tablet":{"background-color":"","background-image":"","background-repeat":"repeat","background-position":"center center","background-size":"auto","background-attachment":"scroll","background-type":"","background-media":"","overlay-type":"","overlay-color":"","overlay-gradient":""},"mobile":{"background-color":"","background-image":"","background-repeat":"repeat","background-position":"center center","background-size":"auto","background-attachment":"scroll","background-type":"","background-media":"","overlay-type":"","overlay-color":"","overlay-gradient":""}},"ast-content-background-meta":{"desktop":{"background-color":"var(--ast-global-color-5)","background-image":"","background-repeat":"repeat","background-position":"center center","background-size":"auto","background-attachment":"scroll","background-type":"","background-media":"","overlay-type":"","overlay-color":"","overlay-gradient":""},"tablet":{"background-color":"var(--ast-global-color-5)","background-image":"","background-repeat":"repeat","background-position":"center center","background-size":"auto","background-attachment":"scroll","background-type":"","background-media":"","overlay-type":"","overlay-color":"","overlay-gradient":""},"mobile":{"background-color":"var(--ast-global-color-5)","background-image":"","background-repeat":"repeat","background-position":"center center","background-size":"auto","background-attachment":"scroll","background-type":"","background-media":"","overlay-type":"","overlay-color":"","overlay-gradient":""}}},"product_brand":[630],"product_cat":[30],"product_tag":[653,652,654,655],"class_list":{"0":"post-2721","1":"product","2":"type-product","3":"status-publish","4":"has-post-thumbnail","6":"product_brand-marca-milwaukee","7":"product_cat-refacciones-industriales","8":"product_tag-herramienta-de-lijado-profesional","9":"product_tag-lijadora-de-banda-milwaukee","10":"product_tag-lijadora-sin-cables-milwaukee","11":"product_tag-milwaukee-2832-20-m18-fuel","12":"desktop-align-left","13":"tablet-align-left","14":"mobile-align-left","16":"first","17":"instock","18":"shipping-taxable","19":"purchasable","20":"product-type-simple"},"yoast_head":"<!-- This site is optimized with the Yoast SEO plugin v27.4 - https:\/\/yoast.com\/product\/yoast-seo-wordpress\/ -->\n<title>Lijadora de banda Milwaukee 2832-20 M18 FUEL 3&quot; x 18&quot; \u2013 Potencia inal\u00e1mbrica para acabados profesionales<\/title>\n<meta name=\"description\" content=\"Lijadora de banda inal\u00e1mbrica Milwaukee 2832-20 M18 FUEL de 3&quot; x 18&quot;, potente y port\u00e1til para trabajos profesionales de lijado y acabado.\" \/>\n<meta name=\"robots\" content=\"index, follow, max-snippet:-1, max-image-preview:large, max-video-preview:-1\" \/>\n<link rel=\"canonical\" href=\"https:\/\/www.sdpcommerce.com\/es_mx\/producto\/lijadora-banda-milwaukee-2832-20-m18-fuel-3x18\/\" \/>\n<meta property=\"og:locale\" content=\"es_MX\" \/>\n<meta property=\"og:type\" content=\"article\" \/>\n<meta property=\"og:title\" content=\"Lijadora de banda Milwaukee 2832-20 M18 FUEL 3&quot; x 18&quot; \u2013 Potencia inal\u00e1mbrica para acabados profesionales\" \/>\n<meta property=\"og:description\" content=\"Lijadora de banda inal\u00e1mbrica Milwaukee 2832-20 M18 FUEL de 3&quot; x 18&quot;, potente y port\u00e1til para trabajos profesionales de lijado y acabado.\" \/>\n<meta property=\"og:url\" content=\"https:\/\/www.sdpcommerce.com\/es_mx\/producto\/lijadora-banda-milwaukee-2832-20-m18-fuel-3x18\/\" \/>\n<meta property=\"og:site_name\" content=\"&lt;strong&gt;Un buen proveedor no solo vende, asesora y soluciona&lt;\/strong&gt;\" \/>\n<meta property=\"article:publisher\" content=\"https:\/\/www.facebook.com\/profile.php?id=61565795007009#\" \/>\n<meta property=\"og:image\" content=\"https:\/\/www.sdpcommerce.com\/wp-content\/uploads\/2025\/08\/lijadora-banda-milwaukee-2832-20-m18-fuel.jpg.png\" \/>\n\t<meta property=\"og:image:width\" content=\"991\" \/>\n\t<meta property=\"og:image:height\" content=\"624\" \/>\n\t<meta property=\"og:image:type\" content=\"image\/png\" \/>\n<meta name=\"twitter:card\" content=\"summary_large_image\" \/>\n<meta name=\"twitter:label1\" content=\"Tiempo de lectura\" \/>\n\t<meta name=\"twitter:data1\" content=\"1 minuto\" \/>\n<script type=\"application\/ld+json\" class=\"yoast-schema-graph\">{\"@context\":\"https:\\\/\\\/schema.org\",\"@graph\":[{\"@type\":\"WebPage\",\"@id\":\"https:\\\/\\\/www.sdpcommerce.com\\\/producto\\\/lijadora-banda-milwaukee-2832-20-m18-fuel-3x18\\\/\",\"url\":\"https:\\\/\\\/www.sdpcommerce.com\\\/producto\\\/lijadora-banda-milwaukee-2832-20-m18-fuel-3x18\\\/\",\"name\":\"Lijadora de banda Milwaukee 2832-20 M18 FUEL 3\\\" x 18\\\" \u2013 Potencia inal\u00e1mbrica para acabados profesionales\",\"isPartOf\":{\"@id\":\"https:\\\/\\\/www.sdpcommerce.com\\\/#website\"},\"primaryImageOfPage\":{\"@id\":\"https:\\\/\\\/www.sdpcommerce.com\\\/producto\\\/lijadora-banda-milwaukee-2832-20-m18-fuel-3x18\\\/#primaryimage\"},\"image\":{\"@id\":\"https:\\\/\\\/www.sdpcommerce.com\\\/producto\\\/lijadora-banda-milwaukee-2832-20-m18-fuel-3x18\\\/#primaryimage\"},\"thumbnailUrl\":\"https:\\\/\\\/www.sdpcommerce.com\\\/wp-content\\\/uploads\\\/2025\\\/08\\\/lijadora-banda-milwaukee-2832-20-m18-fuel.jpg.png\",\"datePublished\":\"2025-08-11T21:07:40+00:00\",\"description\":\"Lijadora de banda inal\u00e1mbrica Milwaukee 2832-20 M18 FUEL de 3\\\" x 18\\\", potente y port\u00e1til para trabajos profesionales de lijado y acabado.\",\"breadcrumb\":{\"@id\":\"https:\\\/\\\/www.sdpcommerce.com\\\/producto\\\/lijadora-banda-milwaukee-2832-20-m18-fuel-3x18\\\/#breadcrumb\"},\"inLanguage\":\"es\",\"potentialAction\":[{\"@type\":\"ReadAction\",\"target\":[\"https:\\\/\\\/www.sdpcommerce.com\\\/producto\\\/lijadora-banda-milwaukee-2832-20-m18-fuel-3x18\\\/\"]}]},{\"@type\":\"ImageObject\",\"inLanguage\":\"es\",\"@id\":\"https:\\\/\\\/www.sdpcommerce.com\\\/producto\\\/lijadora-banda-milwaukee-2832-20-m18-fuel-3x18\\\/#primaryimage\",\"url\":\"https:\\\/\\\/www.sdpcommerce.com\\\/wp-content\\\/uploads\\\/2025\\\/08\\\/lijadora-banda-milwaukee-2832-20-m18-fuel.jpg.png\",\"contentUrl\":\"https:\\\/\\\/www.sdpcommerce.com\\\/wp-content\\\/uploads\\\/2025\\\/08\\\/lijadora-banda-milwaukee-2832-20-m18-fuel.jpg.png\",\"width\":991,\"height\":624,\"caption\":\"Lijadora de banda inal\u00e1mbrica Milwaukee 2832-20 M18 FUEL 3x18\u201d\"},{\"@type\":\"BreadcrumbList\",\"@id\":\"https:\\\/\\\/www.sdpcommerce.com\\\/producto\\\/lijadora-banda-milwaukee-2832-20-m18-fuel-3x18\\\/#breadcrumb\",\"itemListElement\":[{\"@type\":\"ListItem\",\"position\":1,\"name\":\"Portada\",\"item\":\"https:\\\/\\\/www.sdpcommerce.com\\\/\"},{\"@type\":\"ListItem\",\"position\":2,\"name\":\"STORE\",\"item\":\"https:\\\/\\\/www.sdpcommerce.com\\\/shop-replacement-parts\\\/\"},{\"@type\":\"ListItem\",\"position\":3,\"name\":\"Refacciones Industriales | Repuestos para Maquinaria y Equipos\",\"item\":\"https:\\\/\\\/www.sdpcommerce.com\\\/categoria-producto\\\/refacciones-industriales\\\/\"},{\"@type\":\"ListItem\",\"position\":4,\"name\":\"Lijadora de banda Milwaukee 2832-20 M18 FUEL 3&#8243; x 18&#8243; \u2013 Potencia inal\u00e1mbrica para acabados profesionales\"}]},{\"@type\":\"WebSite\",\"@id\":\"https:\\\/\\\/www.sdpcommerce.com\\\/#website\",\"url\":\"https:\\\/\\\/www.sdpcommerce.com\\\/\",\"name\":\"SDP COMMERCE\",\"description\":\" Contar con un proveedor que no solo te diga \u201cya no existe\u201d, sino que &lt;strong&gt;te proponga un reemplazo funcional&lt;\\\/strong&gt;, es una ventaja competitiva. Algunas acciones que realiza un proveedor proactivo\",\"publisher\":{\"@id\":\"https:\\\/\\\/www.sdpcommerce.com\\\/#organization\"},\"potentialAction\":[{\"@type\":\"SearchAction\",\"target\":{\"@type\":\"EntryPoint\",\"urlTemplate\":\"https:\\\/\\\/www.sdpcommerce.com\\\/?s={search_term_string}\"},\"query-input\":{\"@type\":\"PropertyValueSpecification\",\"valueRequired\":true,\"valueName\":\"search_term_string\"}}],\"inLanguage\":\"es\"},{\"@type\":\"Organization\",\"@id\":\"https:\\\/\\\/www.sdpcommerce.com\\\/#organization\",\"name\":\"SDP COMMERCE\",\"url\":\"https:\\\/\\\/www.sdpcommerce.com\\\/\",\"logo\":{\"@type\":\"ImageObject\",\"inLanguage\":\"es\",\"@id\":\"https:\\\/\\\/www.sdpcommerce.com\\\/#\\\/schema\\\/logo\\\/image\\\/\",\"url\":\"https:\\\/\\\/www.sdpcommerce.com\\\/wp-content\\\/uploads\\\/2025\\\/02\\\/Screenshot-2025-02-13-150556.png\",\"contentUrl\":\"https:\\\/\\\/www.sdpcommerce.com\\\/wp-content\\\/uploads\\\/2025\\\/02\\\/Screenshot-2025-02-13-150556.png\",\"width\":114,\"height\":108,\"caption\":\"SDP COMMERCE\"},\"image\":{\"@id\":\"https:\\\/\\\/www.sdpcommerce.com\\\/#\\\/schema\\\/logo\\\/image\\\/\"},\"sameAs\":[\"https:\\\/\\\/www.facebook.com\\\/profile.php?id=61565795007009#\"]}]}<\/script>\n<!-- \/ Yoast SEO plugin. -->","yoast_head_json":{"title":"Lijadora de banda Milwaukee 2832-20 M18 FUEL 3\" x 18\" \u2013 Potencia inal\u00e1mbrica para acabados profesionales","description":"Lijadora de banda inal\u00e1mbrica Milwaukee 2832-20 M18 FUEL de 3\" x 18\", potente y port\u00e1til para trabajos profesionales de lijado y acabado.","robots":{"index":"index","follow":"follow","max-snippet":"max-snippet:-1","max-image-preview":"max-image-preview:large","max-video-preview":"max-video-preview:-1"},"canonical":"https:\/\/www.sdpcommerce.com\/es_mx\/producto\/lijadora-banda-milwaukee-2832-20-m18-fuel-3x18\/","og_locale":"es_MX","og_type":"article","og_title":"Lijadora de banda Milwaukee 2832-20 M18 FUEL 3\" x 18\" \u2013 Potencia inal\u00e1mbrica para acabados profesionales","og_description":"Lijadora de banda inal\u00e1mbrica Milwaukee 2832-20 M18 FUEL de 3\" x 18\", potente y port\u00e1til para trabajos profesionales de lijado y acabado.","og_url":"https:\/\/www.sdpcommerce.com\/es_mx\/producto\/lijadora-banda-milwaukee-2832-20-m18-fuel-3x18\/","og_site_name":"&lt;strong&gt;Un buen proveedor no solo vende, asesora y soluciona&lt;\/strong&gt;","article_publisher":"https:\/\/www.facebook.com\/profile.php?id=61565795007009#","og_image":[{"width":991,"height":624,"url":"https:\/\/www.sdpcommerce.com\/wp-content\/uploads\/2025\/08\/lijadora-banda-milwaukee-2832-20-m18-fuel.jpg.png","type":"image\/png"}],"twitter_card":"summary_large_image","twitter_misc":{"Tiempo de lectura":"1 minuto"},"schema":{"@context":"https:\/\/schema.org","@graph":[{"@type":"WebPage","@id":"https:\/\/www.sdpcommerce.com\/producto\/lijadora-banda-milwaukee-2832-20-m18-fuel-3x18\/","url":"https:\/\/www.sdpcommerce.com\/producto\/lijadora-banda-milwaukee-2832-20-m18-fuel-3x18\/","name":"Lijadora de banda Milwaukee 2832-20 M18 FUEL 3\" x 18\" \u2013 Potencia inal\u00e1mbrica para acabados profesionales","isPartOf":{"@id":"https:\/\/www.sdpcommerce.com\/#website"},"primaryImageOfPage":{"@id":"https:\/\/www.sdpcommerce.com\/producto\/lijadora-banda-milwaukee-2832-20-m18-fuel-3x18\/#primaryimage"},"image":{"@id":"https:\/\/www.sdpcommerce.com\/producto\/lijadora-banda-milwaukee-2832-20-m18-fuel-3x18\/#primaryimage"},"thumbnailUrl":"https:\/\/www.sdpcommerce.com\/wp-content\/uploads\/2025\/08\/lijadora-banda-milwaukee-2832-20-m18-fuel.jpg.png","datePublished":"2025-08-11T21:07:40+00:00","description":"Lijadora de banda inal\u00e1mbrica Milwaukee 2832-20 M18 FUEL de 3\" x 18\", potente y port\u00e1til para trabajos profesionales de lijado y acabado.","breadcrumb":{"@id":"https:\/\/www.sdpcommerce.com\/producto\/lijadora-banda-milwaukee-2832-20-m18-fuel-3x18\/#breadcrumb"},"inLanguage":"es","potentialAction":[{"@type":"ReadAction","target":["https:\/\/www.sdpcommerce.com\/producto\/lijadora-banda-milwaukee-2832-20-m18-fuel-3x18\/"]}]},{"@type":"ImageObject","inLanguage":"es","@id":"https:\/\/www.sdpcommerce.com\/producto\/lijadora-banda-milwaukee-2832-20-m18-fuel-3x18\/#primaryimage","url":"https:\/\/www.sdpcommerce.com\/wp-content\/uploads\/2025\/08\/lijadora-banda-milwaukee-2832-20-m18-fuel.jpg.png","contentUrl":"https:\/\/www.sdpcommerce.com\/wp-content\/uploads\/2025\/08\/lijadora-banda-milwaukee-2832-20-m18-fuel.jpg.png","width":991,"height":624,"caption":"Lijadora de banda inal\u00e1mbrica Milwaukee 2832-20 M18 FUEL 3x18\u201d"},{"@type":"BreadcrumbList","@id":"https:\/\/www.sdpcommerce.com\/producto\/lijadora-banda-milwaukee-2832-20-m18-fuel-3x18\/#breadcrumb","itemListElement":[{"@type":"ListItem","position":1,"name":"Portada","item":"https:\/\/www.sdpcommerce.com\/"},{"@type":"ListItem","position":2,"name":"STORE","item":"https:\/\/www.sdpcommerce.com\/shop-replacement-parts\/"},{"@type":"ListItem","position":3,"name":"Refacciones Industriales | Repuestos para Maquinaria y Equipos","item":"https:\/\/www.sdpcommerce.com\/categoria-producto\/refacciones-industriales\/"},{"@type":"ListItem","position":4,"name":"Lijadora de banda Milwaukee 2832-20 M18 FUEL 3&#8243; x 18&#8243; \u2013 Potencia inal\u00e1mbrica para acabados profesionales"}]},{"@type":"WebSite","@id":"https:\/\/www.sdpcommerce.com\/#website","url":"https:\/\/www.sdpcommerce.com\/","name":"SDP COMMERCE","description":" Contar con un proveedor que no solo te diga \u201cya no existe\u201d, sino que &lt;strong&gt;te proponga un reemplazo funcional&lt;\/strong&gt;, es una ventaja competitiva. Algunas acciones que realiza un proveedor proactivo","publisher":{"@id":"https:\/\/www.sdpcommerce.com\/#organization"},"potentialAction":[{"@type":"SearchAction","target":{"@type":"EntryPoint","urlTemplate":"https:\/\/www.sdpcommerce.com\/?s={search_term_string}"},"query-input":{"@type":"PropertyValueSpecification","valueRequired":true,"valueName":"search_term_string"}}],"inLanguage":"es"},{"@type":"Organization","@id":"https:\/\/www.sdpcommerce.com\/#organization","name":"SDP COMMERCE","url":"https:\/\/www.sdpcommerce.com\/","logo":{"@type":"ImageObject","inLanguage":"es","@id":"https:\/\/www.sdpcommerce.com\/#\/schema\/logo\/image\/","url":"https:\/\/www.sdpcommerce.com\/wp-content\/uploads\/2025\/02\/Screenshot-2025-02-13-150556.png","contentUrl":"https:\/\/www.sdpcommerce.com\/wp-content\/uploads\/2025\/02\/Screenshot-2025-02-13-150556.png","width":114,"height":108,"caption":"SDP COMMERCE"},"image":{"@id":"https:\/\/www.sdpcommerce.com\/#\/schema\/logo\/image\/"},"sameAs":["https:\/\/www.facebook.com\/profile.php?id=61565795007009#"]}]}},"uagb_featured_image_src":{"full":["https:\/\/www.sdpcommerce.com\/wp-content\/uploads\/2025\/08\/lijadora-banda-milwaukee-2832-20-m18-fuel.jpg.png",991,624,false],"thumbnail":["https:\/\/www.sdpcommerce.com\/wp-content\/uploads\/2025\/08\/lijadora-banda-milwaukee-2832-20-m18-fuel.jpg-150x150.png",150,150,true],"medium":["https:\/\/www.sdpcommerce.com\/wp-content\/uploads\/2025\/08\/lijadora-banda-milwaukee-2832-20-m18-fuel.jpg-300x189.png",300,189,true],"medium_large":["https:\/\/www.sdpcommerce.com\/wp-content\/uploads\/2025\/08\/lijadora-banda-milwaukee-2832-20-m18-fuel.jpg-768x484.png",768,484,true],"large":["https:\/\/www.sdpcommerce.com\/wp-content\/uploads\/2025\/08\/lijadora-banda-milwaukee-2832-20-m18-fuel.jpg.png",991,624,false],"1536x1536":["https:\/\/www.sdpcommerce.com\/wp-content\/uploads\/2025\/08\/lijadora-banda-milwaukee-2832-20-m18-fuel.jpg.png",991,624,false],"2048x2048":["https:\/\/www.sdpcommerce.com\/wp-content\/uploads\/2025\/08\/lijadora-banda-milwaukee-2832-20-m18-fuel.jpg.png",991,624,false],"trp-custom-language-flag":["https:\/\/www.sdpcommerce.com\/wp-content\/uploads\/2025\/08\/lijadora-banda-milwaukee-2832-20-m18-fuel.jpg-18x12.png",18,12,true],"woocommerce_thumbnail":["https:\/\/www.sdpcommerce.com\/wp-content\/uploads\/2025\/08\/lijadora-banda-milwaukee-2832-20-m18-fuel.jpg-300x300.png",300,300,true],"woocommerce_single":["https:\/\/www.sdpcommerce.com\/wp-content\/uploads\/2025\/08\/lijadora-banda-milwaukee-2832-20-m18-fuel.jpg-600x378.png",600,378,true],"woocommerce_gallery_thumbnail":["https:\/\/www.sdpcommerce.com\/wp-content\/uploads\/2025\/08\/lijadora-banda-milwaukee-2832-20-m18-fuel.jpg-100x100.png",100,100,true]},"uagb_author_info":{"display_name":"admin","author_link":"https:\/\/www.sdpcommerce.com\/es_mx\/author\/"},"uagb_comment_info":0,"uagb_excerpt":"Lijadora de banda inal\u00e1mbrica Milwaukee 2832-20 M18 FUEL de 3\" x 18\", dise\u00f1ada para acabados profesionales con potencia y movilidad sin cables.","_links":{"self":[{"href":"https:\/\/www.sdpcommerce.com\/es_mx\/wp-json\/wp\/v2\/product\/2721","targetHints":{"allow":["GET"]}}],"collection":[{"href":"https:\/\/www.sdpcommerce.com\/es_mx\/wp-json\/wp\/v2\/product"}],"about":[{"href":"https:\/\/www.sdpcommerce.com\/es_mx\/wp-json\/wp\/v2\/types\/product"}],"replies":[{"embeddable":true,"href":"https:\/\/www.sdpcommerce.com\/es_mx\/wp-json\/wp\/v2\/comments?post=2721"}],"wp:featuredmedia":[{"embeddable":true,"href":"https:\/\/www.sdpcommerce.com\/es_mx\/wp-json\/wp\/v2\/media\/2722"}],"wp:attachment":[{"href":"https:\/\/www.sdpcommerce.com\/es_mx\/wp-json\/wp\/v2\/media?parent=2721"}],"wp:term":[{"taxonomy":"product_brand","embeddable":true,"href":"https:\/\/www.sdpcommerce.com\/es_mx\/wp-json\/wp\/v2\/product_brand?post=2721"},{"taxonomy":"product_cat","embeddable":true,"href":"https:\/\/www.sdpcommerce.com\/es_mx\/wp-json\/wp\/v2\/product_cat?post=2721"},{"taxonomy":"product_tag","embeddable":true,"href":"https:\/\/www.sdpcommerce.com\/es_mx\/wp-json\/wp\/v2\/product_tag?post=2721"}],"curies":[{"name":"wp","href":"https:\/\/api.w.org\/{rel}","templated":true}]}}