{"id":2712,"date":"2025-08-11T21:20:24","date_gmt":"2025-08-11T19:20:24","guid":{"rendered":"https:\/\/www.sdpcommerce.com\/?post_type=product&#038;p=2712"},"modified":"2026-02-17T19:42:43","modified_gmt":"2026-02-17T18:42:43","slug":"aspiradora-mochila-3-en-1-milwaukee-m18-fuel-herramienta-basica","status":"publish","type":"product","link":"https:\/\/www.sdpcommerce.com\/es_mx\/producto\/aspiradora-mochila-3-en-1-milwaukee-m18-fuel-herramienta-basica\/","title":{"rendered":"Aspiradora de mochila 3 en 1 Milwaukee M18 Fuel (herramienta b\u00e1sica)"},"content":{"rendered":"<p>La aspiradora mochila 3 en 1 Milwaukee M18 Fuel es una herramienta b\u00e1sica dise\u00f1ada para ofrecer limpieza eficiente y sin cables en entornos profesionales. Su dise\u00f1o ergon\u00f3mico y sistema 3 en 1 permiten limpiar diversas superficies con comodidad y potencia. Ideal para uso en construcci\u00f3n, talleres y mantenimiento industrial, esta aspiradora combina movilidad y rendimiento en un solo equipo.<\/p>\n","protected":false},"excerpt":{"rendered":"<p>Aspiradora de mochila inal\u00e1mbrica Milwaukee M18 Fuel 3 en 1, herramienta b\u00e1sica, potente y port\u00e1til para limpieza en obra y mantenimiento.<\/p>\n","protected":false},"featured_media":2713,"comment_status":"open","ping_status":"closed","template":"","meta":{"om_disable_all_campaigns":false,"_uag_custom_page_level_css":"","_monsterinsights_skip_tracking":false,"_monsterinsights_sitenote_active":false,"_monsterinsights_sitenote_note":"","_monsterinsights_sitenote_category":0,"site-sidebar-layout":"default","site-content-layout":"","ast-site-content-layout":"default","site-content-style":"default","site-sidebar-style":"default","ast-global-header-display":"","ast-banner-title-visibility":"","ast-main-header-display":"","ast-hfb-above-header-display":"","ast-hfb-below-header-display":"","ast-hfb-mobile-header-display":"","site-post-title":"","ast-breadcrumbs-content":"","ast-featured-img":"","footer-sml-layout":"","theme-transparent-header-meta":"default","adv-header-id-meta":"","stick-header-meta":"","header-above-stick-meta":"","header-main-stick-meta":"","header-below-stick-meta":"","astra-migrate-meta-layouts":"set","ast-page-background-enabled":"default","ast-page-background-meta":{"desktop":{"background-color":"var(--ast-global-color-4)","background-image":"","background-repeat":"repeat","background-position":"center center","background-size":"auto","background-attachment":"scroll","background-type":"","background-media":"","overlay-type":"","overlay-color":"","overlay-gradient":""},"tablet":{"background-color":"","background-image":"","background-repeat":"repeat","background-position":"center center","background-size":"auto","background-attachment":"scroll","background-type":"","background-media":"","overlay-type":"","overlay-color":"","overlay-gradient":""},"mobile":{"background-color":"","background-image":"","background-repeat":"repeat","background-position":"center center","background-size":"auto","background-attachment":"scroll","background-type":"","background-media":"","overlay-type":"","overlay-color":"","overlay-gradient":""}},"ast-content-background-meta":{"desktop":{"background-color":"var(--ast-global-color-5)","background-image":"","background-repeat":"repeat","background-position":"center center","background-size":"auto","background-attachment":"scroll","background-type":"","background-media":"","overlay-type":"","overlay-color":"","overlay-gradient":""},"tablet":{"background-color":"var(--ast-global-color-5)","background-image":"","background-repeat":"repeat","background-position":"center center","background-size":"auto","background-attachment":"scroll","background-type":"","background-media":"","overlay-type":"","overlay-color":"","overlay-gradient":""},"mobile":{"background-color":"var(--ast-global-color-5)","background-image":"","background-repeat":"repeat","background-position":"center center","background-size":"auto","background-attachment":"scroll","background-type":"","background-media":"","overlay-type":"","overlay-color":"","overlay-gradient":""}}},"product_brand":[630],"product_cat":[30],"product_tag":[637,638,636,640,639],"class_list":{"0":"post-2712","1":"product","2":"type-product","3":"status-publish","4":"has-post-thumbnail","6":"product_brand-marca-milwaukee","7":"product_cat-refacciones-industriales","8":"product_tag-aspiradora-3-en-1-m18-fuel","9":"product_tag-aspiradora-inalambrica-milwaukee","10":"product_tag-aspiradora-mochila-milwaukee","11":"product_tag-aspiradora-portatil-para-obra","12":"product_tag-herramienta-basica-limpieza","13":"desktop-align-left","14":"tablet-align-left","15":"mobile-align-left","17":"first","18":"instock","19":"shipping-taxable","20":"purchasable","21":"product-type-simple"},"yoast_head":"<!-- This site is optimized with the Yoast SEO plugin v27.4 - https:\/\/yoast.com\/product\/yoast-seo-wordpress\/ -->\n<title>Aspiradora mochila 3 en 1 Milwaukee M18 Fuel \u2013 Herramienta b\u00e1sica<\/title>\n<meta name=\"description\" content=\"Aspiradora mochila inal\u00e1mbrica 3 en 1 Milwaukee M18 Fuel, herramienta b\u00e1sica potente y port\u00e1til para limpieza profesional sin cables.\" \/>\n<meta name=\"robots\" content=\"index, follow, max-snippet:-1, max-image-preview:large, max-video-preview:-1\" \/>\n<link rel=\"canonical\" href=\"https:\/\/www.sdpcommerce.com\/es_mx\/producto\/aspiradora-mochila-3-en-1-milwaukee-m18-fuel-herramienta-basica\/\" \/>\n<meta property=\"og:locale\" content=\"es_MX\" \/>\n<meta property=\"og:type\" content=\"article\" \/>\n<meta property=\"og:title\" content=\"Aspiradora mochila 3 en 1 Milwaukee M18 Fuel \u2013 Herramienta b\u00e1sica\" \/>\n<meta property=\"og:description\" content=\"Aspiradora mochila inal\u00e1mbrica 3 en 1 Milwaukee M18 Fuel, herramienta b\u00e1sica potente y port\u00e1til para limpieza profesional sin cables.\" \/>\n<meta property=\"og:url\" content=\"https:\/\/www.sdpcommerce.com\/es_mx\/producto\/aspiradora-mochila-3-en-1-milwaukee-m18-fuel-herramienta-basica\/\" \/>\n<meta property=\"og:site_name\" content=\"&lt;strong&gt;Un buen proveedor no solo vende, asesora y soluciona&lt;\/strong&gt;\" \/>\n<meta property=\"article:publisher\" content=\"https:\/\/www.facebook.com\/profile.php?id=61565795007009#\" \/>\n<meta property=\"article:modified_time\" content=\"2026-02-17T18:42:43+00:00\" \/>\n<meta property=\"og:image\" content=\"https:\/\/www.sdpcommerce.com\/wp-content\/uploads\/2025\/08\/aspiradora-mochila-3-en-1-milwaukee-m18-fuel.jpg.png\" \/>\n\t<meta property=\"og:image:width\" content=\"959\" \/>\n\t<meta property=\"og:image:height\" content=\"760\" \/>\n\t<meta property=\"og:image:type\" content=\"image\/png\" \/>\n<meta name=\"twitter:card\" content=\"summary_large_image\" \/>\n<meta name=\"twitter:label1\" content=\"Tiempo de lectura\" \/>\n\t<meta name=\"twitter:data1\" content=\"1 minuto\" \/>\n<script type=\"application\/ld+json\" class=\"yoast-schema-graph\">{\"@context\":\"https:\\\/\\\/schema.org\",\"@graph\":[{\"@type\":\"WebPage\",\"@id\":\"https:\\\/\\\/www.sdpcommerce.com\\\/producto\\\/aspiradora-mochila-3-en-1-milwaukee-m18-fuel-herramienta-basica\\\/\",\"url\":\"https:\\\/\\\/www.sdpcommerce.com\\\/producto\\\/aspiradora-mochila-3-en-1-milwaukee-m18-fuel-herramienta-basica\\\/\",\"name\":\"Aspiradora mochila 3 en 1 Milwaukee M18 Fuel \u2013 Herramienta b\u00e1sica\",\"isPartOf\":{\"@id\":\"https:\\\/\\\/www.sdpcommerce.com\\\/#website\"},\"primaryImageOfPage\":{\"@id\":\"https:\\\/\\\/www.sdpcommerce.com\\\/producto\\\/aspiradora-mochila-3-en-1-milwaukee-m18-fuel-herramienta-basica\\\/#primaryimage\"},\"image\":{\"@id\":\"https:\\\/\\\/www.sdpcommerce.com\\\/producto\\\/aspiradora-mochila-3-en-1-milwaukee-m18-fuel-herramienta-basica\\\/#primaryimage\"},\"thumbnailUrl\":\"https:\\\/\\\/www.sdpcommerce.com\\\/wp-content\\\/uploads\\\/2025\\\/08\\\/aspiradora-mochila-3-en-1-milwaukee-m18-fuel.jpg.png\",\"datePublished\":\"2025-08-11T19:20:24+00:00\",\"dateModified\":\"2026-02-17T18:42:43+00:00\",\"description\":\"Aspiradora mochila inal\u00e1mbrica 3 en 1 Milwaukee M18 Fuel, herramienta b\u00e1sica potente y port\u00e1til para limpieza profesional sin cables.\",\"breadcrumb\":{\"@id\":\"https:\\\/\\\/www.sdpcommerce.com\\\/producto\\\/aspiradora-mochila-3-en-1-milwaukee-m18-fuel-herramienta-basica\\\/#breadcrumb\"},\"inLanguage\":\"es\",\"potentialAction\":[{\"@type\":\"ReadAction\",\"target\":[\"https:\\\/\\\/www.sdpcommerce.com\\\/producto\\\/aspiradora-mochila-3-en-1-milwaukee-m18-fuel-herramienta-basica\\\/\"]}]},{\"@type\":\"ImageObject\",\"inLanguage\":\"es\",\"@id\":\"https:\\\/\\\/www.sdpcommerce.com\\\/producto\\\/aspiradora-mochila-3-en-1-milwaukee-m18-fuel-herramienta-basica\\\/#primaryimage\",\"url\":\"https:\\\/\\\/www.sdpcommerce.com\\\/wp-content\\\/uploads\\\/2025\\\/08\\\/aspiradora-mochila-3-en-1-milwaukee-m18-fuel.jpg.png\",\"contentUrl\":\"https:\\\/\\\/www.sdpcommerce.com\\\/wp-content\\\/uploads\\\/2025\\\/08\\\/aspiradora-mochila-3-en-1-milwaukee-m18-fuel.jpg.png\",\"width\":959,\"height\":760,\"caption\":\"\u201cAspiradora mochila 3 en 1 Milwaukee M18 Fuel herramienta b\u00e1sica\u201d\"},{\"@type\":\"BreadcrumbList\",\"@id\":\"https:\\\/\\\/www.sdpcommerce.com\\\/producto\\\/aspiradora-mochila-3-en-1-milwaukee-m18-fuel-herramienta-basica\\\/#breadcrumb\",\"itemListElement\":[{\"@type\":\"ListItem\",\"position\":1,\"name\":\"Portada\",\"item\":\"https:\\\/\\\/www.sdpcommerce.com\\\/\"},{\"@type\":\"ListItem\",\"position\":2,\"name\":\"STORE\",\"item\":\"https:\\\/\\\/www.sdpcommerce.com\\\/shop-replacement-parts\\\/\"},{\"@type\":\"ListItem\",\"position\":3,\"name\":\"Refacciones Industriales | Repuestos para Maquinaria y Equipos\",\"item\":\"https:\\\/\\\/www.sdpcommerce.com\\\/categoria-producto\\\/refacciones-industriales\\\/\"},{\"@type\":\"ListItem\",\"position\":4,\"name\":\"Aspiradora de mochila 3 en 1 Milwaukee M18 Fuel (herramienta b\u00e1sica)\"}]},{\"@type\":\"WebSite\",\"@id\":\"https:\\\/\\\/www.sdpcommerce.com\\\/#website\",\"url\":\"https:\\\/\\\/www.sdpcommerce.com\\\/\",\"name\":\"SDP COMMERCE\",\"description\":\" Contar con un proveedor que no solo te diga \u201cya no existe\u201d, sino que &lt;strong&gt;te proponga un reemplazo funcional&lt;\\\/strong&gt;, es una ventaja competitiva. Algunas acciones que realiza un proveedor proactivo\",\"publisher\":{\"@id\":\"https:\\\/\\\/www.sdpcommerce.com\\\/#organization\"},\"potentialAction\":[{\"@type\":\"SearchAction\",\"target\":{\"@type\":\"EntryPoint\",\"urlTemplate\":\"https:\\\/\\\/www.sdpcommerce.com\\\/?s={search_term_string}\"},\"query-input\":{\"@type\":\"PropertyValueSpecification\",\"valueRequired\":true,\"valueName\":\"search_term_string\"}}],\"inLanguage\":\"es\"},{\"@type\":\"Organization\",\"@id\":\"https:\\\/\\\/www.sdpcommerce.com\\\/#organization\",\"name\":\"SDP COMMERCE\",\"url\":\"https:\\\/\\\/www.sdpcommerce.com\\\/\",\"logo\":{\"@type\":\"ImageObject\",\"inLanguage\":\"es\",\"@id\":\"https:\\\/\\\/www.sdpcommerce.com\\\/#\\\/schema\\\/logo\\\/image\\\/\",\"url\":\"https:\\\/\\\/www.sdpcommerce.com\\\/wp-content\\\/uploads\\\/2025\\\/02\\\/Screenshot-2025-02-13-150556.png\",\"contentUrl\":\"https:\\\/\\\/www.sdpcommerce.com\\\/wp-content\\\/uploads\\\/2025\\\/02\\\/Screenshot-2025-02-13-150556.png\",\"width\":114,\"height\":108,\"caption\":\"SDP COMMERCE\"},\"image\":{\"@id\":\"https:\\\/\\\/www.sdpcommerce.com\\\/#\\\/schema\\\/logo\\\/image\\\/\"},\"sameAs\":[\"https:\\\/\\\/www.facebook.com\\\/profile.php?id=61565795007009#\"]}]}<\/script>\n<!-- \/ Yoast SEO plugin. -->","yoast_head_json":{"title":"Aspiradora mochila 3 en 1 Milwaukee M18 Fuel \u2013 Herramienta b\u00e1sica","description":"Aspiradora mochila inal\u00e1mbrica 3 en 1 Milwaukee M18 Fuel, herramienta b\u00e1sica potente y port\u00e1til para limpieza profesional sin cables.","robots":{"index":"index","follow":"follow","max-snippet":"max-snippet:-1","max-image-preview":"max-image-preview:large","max-video-preview":"max-video-preview:-1"},"canonical":"https:\/\/www.sdpcommerce.com\/es_mx\/producto\/aspiradora-mochila-3-en-1-milwaukee-m18-fuel-herramienta-basica\/","og_locale":"es_MX","og_type":"article","og_title":"Aspiradora mochila 3 en 1 Milwaukee M18 Fuel \u2013 Herramienta b\u00e1sica","og_description":"Aspiradora mochila inal\u00e1mbrica 3 en 1 Milwaukee M18 Fuel, herramienta b\u00e1sica potente y port\u00e1til para limpieza profesional sin cables.","og_url":"https:\/\/www.sdpcommerce.com\/es_mx\/producto\/aspiradora-mochila-3-en-1-milwaukee-m18-fuel-herramienta-basica\/","og_site_name":"&lt;strong&gt;Un buen proveedor no solo vende, asesora y soluciona&lt;\/strong&gt;","article_publisher":"https:\/\/www.facebook.com\/profile.php?id=61565795007009#","article_modified_time":"2026-02-17T18:42:43+00:00","og_image":[{"width":959,"height":760,"url":"https:\/\/www.sdpcommerce.com\/wp-content\/uploads\/2025\/08\/aspiradora-mochila-3-en-1-milwaukee-m18-fuel.jpg.png","type":"image\/png"}],"twitter_card":"summary_large_image","twitter_misc":{"Tiempo de lectura":"1 minuto"},"schema":{"@context":"https:\/\/schema.org","@graph":[{"@type":"WebPage","@id":"https:\/\/www.sdpcommerce.com\/producto\/aspiradora-mochila-3-en-1-milwaukee-m18-fuel-herramienta-basica\/","url":"https:\/\/www.sdpcommerce.com\/producto\/aspiradora-mochila-3-en-1-milwaukee-m18-fuel-herramienta-basica\/","name":"Aspiradora mochila 3 en 1 Milwaukee M18 Fuel \u2013 Herramienta b\u00e1sica","isPartOf":{"@id":"https:\/\/www.sdpcommerce.com\/#website"},"primaryImageOfPage":{"@id":"https:\/\/www.sdpcommerce.com\/producto\/aspiradora-mochila-3-en-1-milwaukee-m18-fuel-herramienta-basica\/#primaryimage"},"image":{"@id":"https:\/\/www.sdpcommerce.com\/producto\/aspiradora-mochila-3-en-1-milwaukee-m18-fuel-herramienta-basica\/#primaryimage"},"thumbnailUrl":"https:\/\/www.sdpcommerce.com\/wp-content\/uploads\/2025\/08\/aspiradora-mochila-3-en-1-milwaukee-m18-fuel.jpg.png","datePublished":"2025-08-11T19:20:24+00:00","dateModified":"2026-02-17T18:42:43+00:00","description":"Aspiradora mochila inal\u00e1mbrica 3 en 1 Milwaukee M18 Fuel, herramienta b\u00e1sica potente y port\u00e1til para limpieza profesional sin cables.","breadcrumb":{"@id":"https:\/\/www.sdpcommerce.com\/producto\/aspiradora-mochila-3-en-1-milwaukee-m18-fuel-herramienta-basica\/#breadcrumb"},"inLanguage":"es","potentialAction":[{"@type":"ReadAction","target":["https:\/\/www.sdpcommerce.com\/producto\/aspiradora-mochila-3-en-1-milwaukee-m18-fuel-herramienta-basica\/"]}]},{"@type":"ImageObject","inLanguage":"es","@id":"https:\/\/www.sdpcommerce.com\/producto\/aspiradora-mochila-3-en-1-milwaukee-m18-fuel-herramienta-basica\/#primaryimage","url":"https:\/\/www.sdpcommerce.com\/wp-content\/uploads\/2025\/08\/aspiradora-mochila-3-en-1-milwaukee-m18-fuel.jpg.png","contentUrl":"https:\/\/www.sdpcommerce.com\/wp-content\/uploads\/2025\/08\/aspiradora-mochila-3-en-1-milwaukee-m18-fuel.jpg.png","width":959,"height":760,"caption":"\u201cAspiradora mochila 3 en 1 Milwaukee M18 Fuel herramienta b\u00e1sica\u201d"},{"@type":"BreadcrumbList","@id":"https:\/\/www.sdpcommerce.com\/producto\/aspiradora-mochila-3-en-1-milwaukee-m18-fuel-herramienta-basica\/#breadcrumb","itemListElement":[{"@type":"ListItem","position":1,"name":"Portada","item":"https:\/\/www.sdpcommerce.com\/"},{"@type":"ListItem","position":2,"name":"STORE","item":"https:\/\/www.sdpcommerce.com\/shop-replacement-parts\/"},{"@type":"ListItem","position":3,"name":"Refacciones Industriales | Repuestos para Maquinaria y Equipos","item":"https:\/\/www.sdpcommerce.com\/categoria-producto\/refacciones-industriales\/"},{"@type":"ListItem","position":4,"name":"Aspiradora de mochila 3 en 1 Milwaukee M18 Fuel (herramienta b\u00e1sica)"}]},{"@type":"WebSite","@id":"https:\/\/www.sdpcommerce.com\/#website","url":"https:\/\/www.sdpcommerce.com\/","name":"SDP COMMERCE","description":" Contar con un proveedor que no solo te diga \u201cya no existe\u201d, sino que &lt;strong&gt;te proponga un reemplazo funcional&lt;\/strong&gt;, es una ventaja competitiva. Algunas acciones que realiza un proveedor proactivo","publisher":{"@id":"https:\/\/www.sdpcommerce.com\/#organization"},"potentialAction":[{"@type":"SearchAction","target":{"@type":"EntryPoint","urlTemplate":"https:\/\/www.sdpcommerce.com\/?s={search_term_string}"},"query-input":{"@type":"PropertyValueSpecification","valueRequired":true,"valueName":"search_term_string"}}],"inLanguage":"es"},{"@type":"Organization","@id":"https:\/\/www.sdpcommerce.com\/#organization","name":"SDP COMMERCE","url":"https:\/\/www.sdpcommerce.com\/","logo":{"@type":"ImageObject","inLanguage":"es","@id":"https:\/\/www.sdpcommerce.com\/#\/schema\/logo\/image\/","url":"https:\/\/www.sdpcommerce.com\/wp-content\/uploads\/2025\/02\/Screenshot-2025-02-13-150556.png","contentUrl":"https:\/\/www.sdpcommerce.com\/wp-content\/uploads\/2025\/02\/Screenshot-2025-02-13-150556.png","width":114,"height":108,"caption":"SDP COMMERCE"},"image":{"@id":"https:\/\/www.sdpcommerce.com\/#\/schema\/logo\/image\/"},"sameAs":["https:\/\/www.facebook.com\/profile.php?id=61565795007009#"]}]}},"uagb_featured_image_src":{"full":["https:\/\/www.sdpcommerce.com\/wp-content\/uploads\/2025\/08\/aspiradora-mochila-3-en-1-milwaukee-m18-fuel.jpg.png",959,760,false],"thumbnail":["https:\/\/www.sdpcommerce.com\/wp-content\/uploads\/2025\/08\/aspiradora-mochila-3-en-1-milwaukee-m18-fuel.jpg-150x150.png",150,150,true],"medium":["https:\/\/www.sdpcommerce.com\/wp-content\/uploads\/2025\/08\/aspiradora-mochila-3-en-1-milwaukee-m18-fuel.jpg-300x238.png",300,238,true],"medium_large":["https:\/\/www.sdpcommerce.com\/wp-content\/uploads\/2025\/08\/aspiradora-mochila-3-en-1-milwaukee-m18-fuel.jpg-768x609.png",768,609,true],"large":["https:\/\/www.sdpcommerce.com\/wp-content\/uploads\/2025\/08\/aspiradora-mochila-3-en-1-milwaukee-m18-fuel.jpg.png",959,760,false],"1536x1536":["https:\/\/www.sdpcommerce.com\/wp-content\/uploads\/2025\/08\/aspiradora-mochila-3-en-1-milwaukee-m18-fuel.jpg.png",959,760,false],"2048x2048":["https:\/\/www.sdpcommerce.com\/wp-content\/uploads\/2025\/08\/aspiradora-mochila-3-en-1-milwaukee-m18-fuel.jpg.png",959,760,false],"trp-custom-language-flag":["https:\/\/www.sdpcommerce.com\/wp-content\/uploads\/2025\/08\/aspiradora-mochila-3-en-1-milwaukee-m18-fuel.jpg-15x12.png",15,12,true],"woocommerce_thumbnail":["https:\/\/www.sdpcommerce.com\/wp-content\/uploads\/2025\/08\/aspiradora-mochila-3-en-1-milwaukee-m18-fuel.jpg-300x300.png",300,300,true],"woocommerce_single":["https:\/\/www.sdpcommerce.com\/wp-content\/uploads\/2025\/08\/aspiradora-mochila-3-en-1-milwaukee-m18-fuel.jpg-600x475.png",600,475,true],"woocommerce_gallery_thumbnail":["https:\/\/www.sdpcommerce.com\/wp-content\/uploads\/2025\/08\/aspiradora-mochila-3-en-1-milwaukee-m18-fuel.jpg-100x100.png",100,100,true]},"uagb_author_info":{"display_name":"admin","author_link":"https:\/\/www.sdpcommerce.com\/es_mx\/author\/"},"uagb_comment_info":1,"uagb_excerpt":"Aspiradora de mochila inal\u00e1mbrica Milwaukee M18 Fuel 3 en 1, herramienta b\u00e1sica, potente y port\u00e1til para limpieza en obra y mantenimiento.","_links":{"self":[{"href":"https:\/\/www.sdpcommerce.com\/es_mx\/wp-json\/wp\/v2\/product\/2712","targetHints":{"allow":["GET"]}}],"collection":[{"href":"https:\/\/www.sdpcommerce.com\/es_mx\/wp-json\/wp\/v2\/product"}],"about":[{"href":"https:\/\/www.sdpcommerce.com\/es_mx\/wp-json\/wp\/v2\/types\/product"}],"replies":[{"embeddable":true,"href":"https:\/\/www.sdpcommerce.com\/es_mx\/wp-json\/wp\/v2\/comments?post=2712"}],"wp:featuredmedia":[{"embeddable":true,"href":"https:\/\/www.sdpcommerce.com\/es_mx\/wp-json\/wp\/v2\/media\/2713"}],"wp:attachment":[{"href":"https:\/\/www.sdpcommerce.com\/es_mx\/wp-json\/wp\/v2\/media?parent=2712"}],"wp:term":[{"taxonomy":"product_brand","embeddable":true,"href":"https:\/\/www.sdpcommerce.com\/es_mx\/wp-json\/wp\/v2\/product_brand?post=2712"},{"taxonomy":"product_cat","embeddable":true,"href":"https:\/\/www.sdpcommerce.com\/es_mx\/wp-json\/wp\/v2\/product_cat?post=2712"},{"taxonomy":"product_tag","embeddable":true,"href":"https:\/\/www.sdpcommerce.com\/es_mx\/wp-json\/wp\/v2\/product_tag?post=2712"}],"curies":[{"name":"wp","href":"https:\/\/api.w.org\/{rel}","templated":true}]}}