{"id":2686,"date":"2025-08-01T01:13:25","date_gmt":"2025-07-31T23:13:25","guid":{"rendered":"https:\/\/www.sdpcommerce.com\/?post_type=product&#038;p=2686"},"modified":"2025-08-01T01:13:25","modified_gmt":"2025-07-31T23:13:25","slug":"adams-lube-acl-7573","status":"publish","type":"product","link":"https:\/\/www.sdpcommerce.com\/es_mx\/producto\/adams-lube-acl-7573\/","title":{"rendered":"Adams Lube ACL 7573 | Grasa Lubricante Multiusos de Alta Eficiencia Industrial"},"content":{"rendered":"<p data-start=\"279\" data-end=\"610\"><strong data-start=\"279\" data-end=\"302\">Adams Lube ACL 7573<\/strong> es una grasa lubricante multiusos formulada para proporcionar protecci\u00f3n duradera en maquinaria industrial, automotriz y de uso general. Su formulaci\u00f3n balanceada ofrece excelente resistencia al desgaste, oxidaci\u00f3n y lavado por agua, garantizando un rendimiento confiable en diversas condiciones operativas.<\/p>\n<p data-start=\"612\" data-end=\"853\">Esta grasa es ideal para puntos de lubricaci\u00f3n donde se requieren propiedades de larga duraci\u00f3n, estabilidad t\u00e9rmica y buena adhesi\u00f3n. ACL 7573 ayuda a reducir los costos de mantenimiento y prolonga la vida \u00fatil de los componentes mec\u00e1nicos.<\/p>\n<p data-start=\"855\" data-end=\"882\"><strong data-start=\"855\" data-end=\"880\">Aplicaciones comunes:<\/strong><\/p>\n<ul data-start=\"883\" data-end=\"1004\">\n<li data-start=\"883\" data-end=\"910\">\n<p data-start=\"885\" data-end=\"910\">Rodamientos y cojinetes<\/p>\n<\/li>\n<li data-start=\"911\" data-end=\"950\">\n<p data-start=\"913\" data-end=\"950\">Equipos agr\u00edcolas y de construcci\u00f3n<\/p>\n<\/li>\n<li data-start=\"951\" data-end=\"973\">\n<p data-start=\"953\" data-end=\"973\">Motores el\u00e9ctricos<\/p>\n<\/li>\n<li data-start=\"974\" data-end=\"1004\">\n<p data-start=\"976\" data-end=\"1004\">Sistemas mec\u00e1nicos generales<\/p>\n<\/li>\n<\/ul>\n<p data-start=\"1006\" data-end=\"1021\"><strong data-start=\"1006\" data-end=\"1019\">Ventajas:<\/strong><\/p>\n<ul data-start=\"1022\" data-end=\"1192\">\n<li data-start=\"1022\" data-end=\"1056\">\n<p data-start=\"1024\" data-end=\"1056\">Estabilidad t\u00e9rmica y mec\u00e1nica<\/p>\n<\/li>\n<li data-start=\"1057\" data-end=\"1097\">\n<p data-start=\"1059\" data-end=\"1097\">Resistencia al agua y a la oxidaci\u00f3n<\/p>\n<\/li>\n<li data-start=\"1098\" data-end=\"1146\">\n<p data-start=\"1100\" data-end=\"1146\">Excelente adherencia a superficies met\u00e1licas<\/p>\n<\/li>\n<li data-start=\"1147\" data-end=\"1192\">\n<p data-start=\"1149\" data-end=\"1192\">Compatible con sellos y materiales est\u00e1nd<\/p>\n<\/li>\n<\/ul>\n","protected":false},"excerpt":{"rendered":"<p>Grasa multiusos Adams Lube ACL 7573 para maquinaria industrial. Ideal para cojinetes, motores y equipos mec\u00e1nicos.<\/p>\n","protected":false},"featured_media":2687,"comment_status":"open","ping_status":"closed","template":"","meta":{"om_disable_all_campaigns":false,"_uag_custom_page_level_css":"","_monsterinsights_skip_tracking":false,"_monsterinsights_sitenote_active":false,"_monsterinsights_sitenote_note":"","_monsterinsights_sitenote_category":0,"site-sidebar-layout":"default","site-content-layout":"","ast-site-content-layout":"default","site-content-style":"default","site-sidebar-style":"default","ast-global-header-display":"","ast-banner-title-visibility":"","ast-main-header-display":"","ast-hfb-above-header-display":"","ast-hfb-below-header-display":"","ast-hfb-mobile-header-display":"","site-post-title":"","ast-breadcrumbs-content":"","ast-featured-img":"","footer-sml-layout":"","theme-transparent-header-meta":"default","adv-header-id-meta":"","stick-header-meta":"","header-above-stick-meta":"","header-main-stick-meta":"","header-below-stick-meta":"","astra-migrate-meta-layouts":"set","ast-page-background-enabled":"default","ast-page-background-meta":{"desktop":{"background-color":"var(--ast-global-color-4)","background-image":"","background-repeat":"repeat","background-position":"center center","background-size":"auto","background-attachment":"scroll","background-type":"","background-media":"","overlay-type":"","overlay-color":"","overlay-gradient":""},"tablet":{"background-color":"","background-image":"","background-repeat":"repeat","background-position":"center center","background-size":"auto","background-attachment":"scroll","background-type":"","background-media":"","overlay-type":"","overlay-color":"","overlay-gradient":""},"mobile":{"background-color":"","background-image":"","background-repeat":"repeat","background-position":"center center","background-size":"auto","background-attachment":"scroll","background-type":"","background-media":"","overlay-type":"","overlay-color":"","overlay-gradient":""}},"ast-content-background-meta":{"desktop":{"background-color":"var(--ast-global-color-5)","background-image":"","background-repeat":"repeat","background-position":"center center","background-size":"auto","background-attachment":"scroll","background-type":"","background-media":"","overlay-type":"","overlay-color":"","overlay-gradient":""},"tablet":{"background-color":"var(--ast-global-color-5)","background-image":"","background-repeat":"repeat","background-position":"center center","background-size":"auto","background-attachment":"scroll","background-type":"","background-media":"","overlay-type":"","overlay-color":"","overlay-gradient":""},"mobile":{"background-color":"var(--ast-global-color-5)","background-image":"","background-repeat":"repeat","background-position":"center center","background-size":"auto","background-attachment":"scroll","background-type":"","background-media":"","overlay-type":"","overlay-color":"","overlay-gradient":""}}},"product_brand":[461],"product_cat":[15,30],"product_tag":[598,592,599,596,594,595],"class_list":{"0":"post-2686","1":"product","2":"type-product","3":"status-publish","4":"has-post-thumbnail","6":"product_brand-marca-industrial-adams-company","7":"product_cat-motores-electricos-uso-industrial","8":"product_cat-refacciones-industriales","9":"product_tag-acl-7573","10":"product_tag-adams-lube","11":"product_tag-grasa-multiusos","12":"product_tag-grasa-para-maquinaria","13":"product_tag-lubricante-industrial","14":"product_tag-mantenimiento-industrial","15":"desktop-align-left","16":"tablet-align-left","17":"mobile-align-left","19":"first","20":"instock","21":"shipping-taxable","22":"product-type-simple"},"yoast_head":"<!-- This site is optimized with the Yoast SEO plugin v27.4 - https:\/\/yoast.com\/product\/yoast-seo-wordpress\/ -->\n<title>Adams Lube ACL 7573 | Grasa Lubricante Multiusos de Alta Eficiencia Industrial - &lt;strong&gt;Un buen proveedor no solo vende, asesora y soluciona&lt;\/strong&gt;<\/title>\n<meta name=\"description\" content=\"Compra grasa multiusos Adams Lube ACL 7573. Alta protecci\u00f3n y rendimiento en maquinaria industrial, motores y equipos mec\u00e1nicos.\" \/>\n<meta name=\"robots\" content=\"index, follow, max-snippet:-1, max-image-preview:large, max-video-preview:-1\" \/>\n<link rel=\"canonical\" href=\"https:\/\/www.sdpcommerce.com\/es_mx\/producto\/adams-lube-acl-7573\/\" \/>\n<meta property=\"og:locale\" content=\"es_MX\" \/>\n<meta property=\"og:type\" content=\"article\" \/>\n<meta property=\"og:title\" content=\"Adams Lube ACL 7573 | Grasa Lubricante Multiusos de Alta Eficiencia Industrial - &lt;strong&gt;Un buen proveedor no solo vende, asesora y soluciona&lt;\/strong&gt;\" \/>\n<meta property=\"og:description\" content=\"Compra grasa multiusos Adams Lube ACL 7573. Alta protecci\u00f3n y rendimiento en maquinaria industrial, motores y equipos mec\u00e1nicos.\" \/>\n<meta property=\"og:url\" content=\"https:\/\/www.sdpcommerce.com\/es_mx\/producto\/adams-lube-acl-7573\/\" \/>\n<meta property=\"og:site_name\" content=\"&lt;strong&gt;Un buen proveedor no solo vende, asesora y soluciona&lt;\/strong&gt;\" \/>\n<meta property=\"article:publisher\" content=\"https:\/\/www.facebook.com\/profile.php?id=61565795007009#\" \/>\n<meta property=\"og:image\" content=\"https:\/\/www.sdpcommerce.com\/wp-content\/uploads\/2025\/08\/adams-lube-acl-7573.jpg.png\" \/>\n\t<meta property=\"og:image:width\" content=\"342\" \/>\n\t<meta property=\"og:image:height\" content=\"310\" \/>\n\t<meta property=\"og:image:type\" content=\"image\/png\" \/>\n<meta name=\"twitter:card\" content=\"summary_large_image\" \/>\n<meta name=\"twitter:label1\" content=\"Tiempo de lectura\" \/>\n\t<meta name=\"twitter:data1\" content=\"1 minuto\" \/>\n<script type=\"application\/ld+json\" class=\"yoast-schema-graph\">{\"@context\":\"https:\\\/\\\/schema.org\",\"@graph\":[{\"@type\":\"WebPage\",\"@id\":\"https:\\\/\\\/www.sdpcommerce.com\\\/producto\\\/adams-lube-acl-7573\\\/\",\"url\":\"https:\\\/\\\/www.sdpcommerce.com\\\/producto\\\/adams-lube-acl-7573\\\/\",\"name\":\"Adams Lube ACL 7573 | Grasa Lubricante Multiusos de Alta Eficiencia Industrial - &lt;strong&gt;Un buen proveedor no solo vende, asesora y soluciona&lt;\\\/strong&gt;\",\"isPartOf\":{\"@id\":\"https:\\\/\\\/www.sdpcommerce.com\\\/#website\"},\"primaryImageOfPage\":{\"@id\":\"https:\\\/\\\/www.sdpcommerce.com\\\/producto\\\/adams-lube-acl-7573\\\/#primaryimage\"},\"image\":{\"@id\":\"https:\\\/\\\/www.sdpcommerce.com\\\/producto\\\/adams-lube-acl-7573\\\/#primaryimage\"},\"thumbnailUrl\":\"https:\\\/\\\/www.sdpcommerce.com\\\/wp-content\\\/uploads\\\/2025\\\/08\\\/adams-lube-acl-7573.jpg.png\",\"datePublished\":\"2025-07-31T23:13:25+00:00\",\"description\":\"Compra grasa multiusos Adams Lube ACL 7573. Alta protecci\u00f3n y rendimiento en maquinaria industrial, motores y equipos mec\u00e1nicos.\",\"breadcrumb\":{\"@id\":\"https:\\\/\\\/www.sdpcommerce.com\\\/producto\\\/adams-lube-acl-7573\\\/#breadcrumb\"},\"inLanguage\":\"es\",\"potentialAction\":[{\"@type\":\"ReadAction\",\"target\":[\"https:\\\/\\\/www.sdpcommerce.com\\\/producto\\\/adams-lube-acl-7573\\\/\"]}]},{\"@type\":\"ImageObject\",\"inLanguage\":\"es\",\"@id\":\"https:\\\/\\\/www.sdpcommerce.com\\\/producto\\\/adams-lube-acl-7573\\\/#primaryimage\",\"url\":\"https:\\\/\\\/www.sdpcommerce.com\\\/wp-content\\\/uploads\\\/2025\\\/08\\\/adams-lube-acl-7573.jpg.png\",\"contentUrl\":\"https:\\\/\\\/www.sdpcommerce.com\\\/wp-content\\\/uploads\\\/2025\\\/08\\\/adams-lube-acl-7573.jpg.png\",\"width\":342,\"height\":310,\"caption\":\"Grasa multiusos ACL 7573 para maquinaria industrial y general\"},{\"@type\":\"BreadcrumbList\",\"@id\":\"https:\\\/\\\/www.sdpcommerce.com\\\/producto\\\/adams-lube-acl-7573\\\/#breadcrumb\",\"itemListElement\":[{\"@type\":\"ListItem\",\"position\":1,\"name\":\"Portada\",\"item\":\"https:\\\/\\\/www.sdpcommerce.com\\\/\"},{\"@type\":\"ListItem\",\"position\":2,\"name\":\"STORE\",\"item\":\"https:\\\/\\\/www.sdpcommerce.com\\\/shop-replacement-parts\\\/\"},{\"@type\":\"ListItem\",\"position\":3,\"name\":\"Motores El\u00e9ctricos para Uso Industrial\",\"item\":\"https:\\\/\\\/www.sdpcommerce.com\\\/categoria-producto\\\/motores-electricos-uso-industrial\\\/\"},{\"@type\":\"ListItem\",\"position\":4,\"name\":\"Adams Lube ACL 7573 | Grasa Lubricante Multiusos de Alta Eficiencia Industrial\"}]},{\"@type\":\"WebSite\",\"@id\":\"https:\\\/\\\/www.sdpcommerce.com\\\/#website\",\"url\":\"https:\\\/\\\/www.sdpcommerce.com\\\/\",\"name\":\"SDP COMMERCE\",\"description\":\" Contar con un proveedor que no solo te diga \u201cya no existe\u201d, sino que &lt;strong&gt;te proponga un reemplazo funcional&lt;\\\/strong&gt;, es una ventaja competitiva. Algunas acciones que realiza un proveedor proactivo\",\"publisher\":{\"@id\":\"https:\\\/\\\/www.sdpcommerce.com\\\/#organization\"},\"potentialAction\":[{\"@type\":\"SearchAction\",\"target\":{\"@type\":\"EntryPoint\",\"urlTemplate\":\"https:\\\/\\\/www.sdpcommerce.com\\\/?s={search_term_string}\"},\"query-input\":{\"@type\":\"PropertyValueSpecification\",\"valueRequired\":true,\"valueName\":\"search_term_string\"}}],\"inLanguage\":\"es\"},{\"@type\":\"Organization\",\"@id\":\"https:\\\/\\\/www.sdpcommerce.com\\\/#organization\",\"name\":\"SDP COMMERCE\",\"url\":\"https:\\\/\\\/www.sdpcommerce.com\\\/\",\"logo\":{\"@type\":\"ImageObject\",\"inLanguage\":\"es\",\"@id\":\"https:\\\/\\\/www.sdpcommerce.com\\\/#\\\/schema\\\/logo\\\/image\\\/\",\"url\":\"https:\\\/\\\/www.sdpcommerce.com\\\/wp-content\\\/uploads\\\/2025\\\/02\\\/Screenshot-2025-02-13-150556.png\",\"contentUrl\":\"https:\\\/\\\/www.sdpcommerce.com\\\/wp-content\\\/uploads\\\/2025\\\/02\\\/Screenshot-2025-02-13-150556.png\",\"width\":114,\"height\":108,\"caption\":\"SDP COMMERCE\"},\"image\":{\"@id\":\"https:\\\/\\\/www.sdpcommerce.com\\\/#\\\/schema\\\/logo\\\/image\\\/\"},\"sameAs\":[\"https:\\\/\\\/www.facebook.com\\\/profile.php?id=61565795007009#\"]}]}<\/script>\n<!-- \/ Yoast SEO plugin. -->","yoast_head_json":{"title":"Adams Lube ACL 7573 | Grasa Lubricante Multiusos de Alta Eficiencia Industrial - &lt;strong&gt;Un buen proveedor no solo vende, asesora y soluciona&lt;\/strong&gt;","description":"Compra grasa multiusos Adams Lube ACL 7573. Alta protecci\u00f3n y rendimiento en maquinaria industrial, motores y equipos mec\u00e1nicos.","robots":{"index":"index","follow":"follow","max-snippet":"max-snippet:-1","max-image-preview":"max-image-preview:large","max-video-preview":"max-video-preview:-1"},"canonical":"https:\/\/www.sdpcommerce.com\/es_mx\/producto\/adams-lube-acl-7573\/","og_locale":"es_MX","og_type":"article","og_title":"Adams Lube ACL 7573 | Grasa Lubricante Multiusos de Alta Eficiencia Industrial - &lt;strong&gt;Un buen proveedor no solo vende, asesora y soluciona&lt;\/strong&gt;","og_description":"Compra grasa multiusos Adams Lube ACL 7573. Alta protecci\u00f3n y rendimiento en maquinaria industrial, motores y equipos mec\u00e1nicos.","og_url":"https:\/\/www.sdpcommerce.com\/es_mx\/producto\/adams-lube-acl-7573\/","og_site_name":"&lt;strong&gt;Un buen proveedor no solo vende, asesora y soluciona&lt;\/strong&gt;","article_publisher":"https:\/\/www.facebook.com\/profile.php?id=61565795007009#","og_image":[{"width":342,"height":310,"url":"https:\/\/www.sdpcommerce.com\/wp-content\/uploads\/2025\/08\/adams-lube-acl-7573.jpg.png","type":"image\/png"}],"twitter_card":"summary_large_image","twitter_misc":{"Tiempo de lectura":"1 minuto"},"schema":{"@context":"https:\/\/schema.org","@graph":[{"@type":"WebPage","@id":"https:\/\/www.sdpcommerce.com\/producto\/adams-lube-acl-7573\/","url":"https:\/\/www.sdpcommerce.com\/producto\/adams-lube-acl-7573\/","name":"Adams Lube ACL 7573 | Grasa Lubricante Multiusos de Alta Eficiencia Industrial - &lt;strong&gt;Un buen proveedor no solo vende, asesora y soluciona&lt;\/strong&gt;","isPartOf":{"@id":"https:\/\/www.sdpcommerce.com\/#website"},"primaryImageOfPage":{"@id":"https:\/\/www.sdpcommerce.com\/producto\/adams-lube-acl-7573\/#primaryimage"},"image":{"@id":"https:\/\/www.sdpcommerce.com\/producto\/adams-lube-acl-7573\/#primaryimage"},"thumbnailUrl":"https:\/\/www.sdpcommerce.com\/wp-content\/uploads\/2025\/08\/adams-lube-acl-7573.jpg.png","datePublished":"2025-07-31T23:13:25+00:00","description":"Compra grasa multiusos Adams Lube ACL 7573. Alta protecci\u00f3n y rendimiento en maquinaria industrial, motores y equipos mec\u00e1nicos.","breadcrumb":{"@id":"https:\/\/www.sdpcommerce.com\/producto\/adams-lube-acl-7573\/#breadcrumb"},"inLanguage":"es","potentialAction":[{"@type":"ReadAction","target":["https:\/\/www.sdpcommerce.com\/producto\/adams-lube-acl-7573\/"]}]},{"@type":"ImageObject","inLanguage":"es","@id":"https:\/\/www.sdpcommerce.com\/producto\/adams-lube-acl-7573\/#primaryimage","url":"https:\/\/www.sdpcommerce.com\/wp-content\/uploads\/2025\/08\/adams-lube-acl-7573.jpg.png","contentUrl":"https:\/\/www.sdpcommerce.com\/wp-content\/uploads\/2025\/08\/adams-lube-acl-7573.jpg.png","width":342,"height":310,"caption":"Grasa multiusos ACL 7573 para maquinaria industrial y general"},{"@type":"BreadcrumbList","@id":"https:\/\/www.sdpcommerce.com\/producto\/adams-lube-acl-7573\/#breadcrumb","itemListElement":[{"@type":"ListItem","position":1,"name":"Portada","item":"https:\/\/www.sdpcommerce.com\/"},{"@type":"ListItem","position":2,"name":"STORE","item":"https:\/\/www.sdpcommerce.com\/shop-replacement-parts\/"},{"@type":"ListItem","position":3,"name":"Motores El\u00e9ctricos para Uso Industrial","item":"https:\/\/www.sdpcommerce.com\/categoria-producto\/motores-electricos-uso-industrial\/"},{"@type":"ListItem","position":4,"name":"Adams Lube ACL 7573 | Grasa Lubricante Multiusos de Alta Eficiencia Industrial"}]},{"@type":"WebSite","@id":"https:\/\/www.sdpcommerce.com\/#website","url":"https:\/\/www.sdpcommerce.com\/","name":"SDP COMMERCE","description":" Contar con un proveedor que no solo te diga \u201cya no existe\u201d, sino que &lt;strong&gt;te proponga un reemplazo funcional&lt;\/strong&gt;, es una ventaja competitiva. Algunas acciones que realiza un proveedor proactivo","publisher":{"@id":"https:\/\/www.sdpcommerce.com\/#organization"},"potentialAction":[{"@type":"SearchAction","target":{"@type":"EntryPoint","urlTemplate":"https:\/\/www.sdpcommerce.com\/?s={search_term_string}"},"query-input":{"@type":"PropertyValueSpecification","valueRequired":true,"valueName":"search_term_string"}}],"inLanguage":"es"},{"@type":"Organization","@id":"https:\/\/www.sdpcommerce.com\/#organization","name":"SDP COMMERCE","url":"https:\/\/www.sdpcommerce.com\/","logo":{"@type":"ImageObject","inLanguage":"es","@id":"https:\/\/www.sdpcommerce.com\/#\/schema\/logo\/image\/","url":"https:\/\/www.sdpcommerce.com\/wp-content\/uploads\/2025\/02\/Screenshot-2025-02-13-150556.png","contentUrl":"https:\/\/www.sdpcommerce.com\/wp-content\/uploads\/2025\/02\/Screenshot-2025-02-13-150556.png","width":114,"height":108,"caption":"SDP COMMERCE"},"image":{"@id":"https:\/\/www.sdpcommerce.com\/#\/schema\/logo\/image\/"},"sameAs":["https:\/\/www.facebook.com\/profile.php?id=61565795007009#"]}]}},"uagb_featured_image_src":{"full":["https:\/\/www.sdpcommerce.com\/wp-content\/uploads\/2025\/08\/adams-lube-acl-7573.jpg.png",342,310,false],"thumbnail":["https:\/\/www.sdpcommerce.com\/wp-content\/uploads\/2025\/08\/adams-lube-acl-7573.jpg-150x150.png",150,150,true],"medium":["https:\/\/www.sdpcommerce.com\/wp-content\/uploads\/2025\/08\/adams-lube-acl-7573.jpg-300x272.png",300,272,true],"medium_large":["https:\/\/www.sdpcommerce.com\/wp-content\/uploads\/2025\/08\/adams-lube-acl-7573.jpg.png",342,310,false],"large":["https:\/\/www.sdpcommerce.com\/wp-content\/uploads\/2025\/08\/adams-lube-acl-7573.jpg.png",342,310,false],"1536x1536":["https:\/\/www.sdpcommerce.com\/wp-content\/uploads\/2025\/08\/adams-lube-acl-7573.jpg.png",342,310,false],"2048x2048":["https:\/\/www.sdpcommerce.com\/wp-content\/uploads\/2025\/08\/adams-lube-acl-7573.jpg.png",342,310,false],"trp-custom-language-flag":["https:\/\/www.sdpcommerce.com\/wp-content\/uploads\/2025\/08\/adams-lube-acl-7573.jpg-13x12.png",13,12,true],"woocommerce_thumbnail":["https:\/\/www.sdpcommerce.com\/wp-content\/uploads\/2025\/08\/adams-lube-acl-7573.jpg-300x300.png",300,300,true],"woocommerce_single":["https:\/\/www.sdpcommerce.com\/wp-content\/uploads\/2025\/08\/adams-lube-acl-7573.jpg.png",342,310,false],"woocommerce_gallery_thumbnail":["https:\/\/www.sdpcommerce.com\/wp-content\/uploads\/2025\/08\/adams-lube-acl-7573.jpg-100x100.png",100,100,true]},"uagb_author_info":{"display_name":"admin","author_link":"https:\/\/www.sdpcommerce.com\/es_mx\/author\/"},"uagb_comment_info":0,"uagb_excerpt":"Grasa multiusos Adams Lube ACL 7573 para maquinaria industrial. Ideal para cojinetes, motores y equipos mec\u00e1nicos.","_links":{"self":[{"href":"https:\/\/www.sdpcommerce.com\/es_mx\/wp-json\/wp\/v2\/product\/2686","targetHints":{"allow":["GET"]}}],"collection":[{"href":"https:\/\/www.sdpcommerce.com\/es_mx\/wp-json\/wp\/v2\/product"}],"about":[{"href":"https:\/\/www.sdpcommerce.com\/es_mx\/wp-json\/wp\/v2\/types\/product"}],"replies":[{"embeddable":true,"href":"https:\/\/www.sdpcommerce.com\/es_mx\/wp-json\/wp\/v2\/comments?post=2686"}],"wp:featuredmedia":[{"embeddable":true,"href":"https:\/\/www.sdpcommerce.com\/es_mx\/wp-json\/wp\/v2\/media\/2687"}],"wp:attachment":[{"href":"https:\/\/www.sdpcommerce.com\/es_mx\/wp-json\/wp\/v2\/media?parent=2686"}],"wp:term":[{"taxonomy":"product_brand","embeddable":true,"href":"https:\/\/www.sdpcommerce.com\/es_mx\/wp-json\/wp\/v2\/product_brand?post=2686"},{"taxonomy":"product_cat","embeddable":true,"href":"https:\/\/www.sdpcommerce.com\/es_mx\/wp-json\/wp\/v2\/product_cat?post=2686"},{"taxonomy":"product_tag","embeddable":true,"href":"https:\/\/www.sdpcommerce.com\/es_mx\/wp-json\/wp\/v2\/product_tag?post=2686"}],"curies":[{"name":"wp","href":"https:\/\/api.w.org\/{rel}","templated":true}]}}