{"id":2684,"date":"2025-08-01T01:09:41","date_gmt":"2025-07-31T23:09:41","guid":{"rendered":"https:\/\/www.sdpcommerce.com\/?post_type=product&#038;p=2684"},"modified":"2025-08-01T01:09:41","modified_gmt":"2025-07-31T23:09:41","slug":"grasa-adams-lube-acl-7596","status":"publish","type":"product","link":"https:\/\/www.sdpcommerce.com\/es_mx\/producto\/grasa-adams-lube-acl-7596\/","title":{"rendered":"Adams Lube ACL 7596 | Grasa Lubricante Industrial de Alto Desempe\u00f1o"},"content":{"rendered":"<p data-start=\"283\" data-end=\"666\">La <strong data-start=\"286\" data-end=\"309\">Adams Lube ACL 7596<\/strong> es una grasa lubricante industrial formulada para ofrecer protecci\u00f3n superior en condiciones extremas de carga, temperatura y humedad. Gracias a su f\u00f3rmula avanzada, proporciona excelente adherencia, resistencia a la corrosi\u00f3n y una lubricaci\u00f3n prolongada, ideal para maquinaria pesada, cojinetes, motores el\u00e9ctricos y sistemas mec\u00e1nicos de alta exigencia.<\/p>\n<p data-start=\"668\" data-end=\"974\">Este producto es ideal en aplicaciones industriales donde se requiere una grasa que no se desprenda f\u00e1cilmente, incluso bajo presiones o temperaturas elevadas. Fabricada bajo estrictos est\u00e1ndares de calidad por <strong data-start=\"879\" data-end=\"893\">Adams Lube<\/strong>, es la opci\u00f3n confiable para extender la vida \u00fatil de los componentes mec\u00e1nicos.<\/p>\n<p data-start=\"976\" data-end=\"1003\"><strong data-start=\"976\" data-end=\"1001\">Aplicaciones comunes:<\/strong><\/p>\n<ul data-start=\"1004\" data-end=\"1145\">\n<li data-start=\"1004\" data-end=\"1048\">\n<p data-start=\"1006\" data-end=\"1048\">Equipos industriales y maquinaria pesada<\/p>\n<\/li>\n<li data-start=\"1049\" data-end=\"1085\">\n<p data-start=\"1051\" data-end=\"1085\">Motores el\u00e9ctricos y rodamientos<\/p>\n<\/li>\n<li data-start=\"1086\" data-end=\"1145\">\n<p data-start=\"1088\" data-end=\"1145\">Ambientes con presencia de humedad o altas temperaturas<\/p>\n<\/li>\n<\/ul>\n","protected":false},"excerpt":{"rendered":"<p>Grasa industrial Adams Lube ACL 7596, ideal para maquinaria pesada, motores y cojinetes. Alta resistencia al agua y la temperatura.<\/p>\n","protected":false},"featured_media":2685,"comment_status":"open","ping_status":"closed","template":"","meta":{"om_disable_all_campaigns":false,"_uag_custom_page_level_css":"","_monsterinsights_skip_tracking":false,"_monsterinsights_sitenote_active":false,"_monsterinsights_sitenote_note":"","_monsterinsights_sitenote_category":0,"site-sidebar-layout":"default","site-content-layout":"","ast-site-content-layout":"default","site-content-style":"default","site-sidebar-style":"default","ast-global-header-display":"","ast-banner-title-visibility":"","ast-main-header-display":"","ast-hfb-above-header-display":"","ast-hfb-below-header-display":"","ast-hfb-mobile-header-display":"","site-post-title":"","ast-breadcrumbs-content":"","ast-featured-img":"","footer-sml-layout":"","theme-transparent-header-meta":"default","adv-header-id-meta":"","stick-header-meta":"","header-above-stick-meta":"","header-main-stick-meta":"","header-below-stick-meta":"","astra-migrate-meta-layouts":"set","ast-page-background-enabled":"default","ast-page-background-meta":{"desktop":{"background-color":"var(--ast-global-color-4)","background-image":"","background-repeat":"repeat","background-position":"center center","background-size":"auto","background-attachment":"scroll","background-type":"","background-media":"","overlay-type":"","overlay-color":"","overlay-gradient":""},"tablet":{"background-color":"","background-image":"","background-repeat":"repeat","background-position":"center center","background-size":"auto","background-attachment":"scroll","background-type":"","background-media":"","overlay-type":"","overlay-color":"","overlay-gradient":""},"mobile":{"background-color":"","background-image":"","background-repeat":"repeat","background-position":"center center","background-size":"auto","background-attachment":"scroll","background-type":"","background-media":"","overlay-type":"","overlay-color":"","overlay-gradient":""}},"ast-content-background-meta":{"desktop":{"background-color":"var(--ast-global-color-5)","background-image":"","background-repeat":"repeat","background-position":"center center","background-size":"auto","background-attachment":"scroll","background-type":"","background-media":"","overlay-type":"","overlay-color":"","overlay-gradient":""},"tablet":{"background-color":"var(--ast-global-color-5)","background-image":"","background-repeat":"repeat","background-position":"center center","background-size":"auto","background-attachment":"scroll","background-type":"","background-media":"","overlay-type":"","overlay-color":"","overlay-gradient":""},"mobile":{"background-color":"var(--ast-global-color-5)","background-image":"","background-repeat":"repeat","background-position":"center center","background-size":"auto","background-attachment":"scroll","background-type":"","background-media":"","overlay-type":"","overlay-color":"","overlay-gradient":""}}},"product_brand":[461],"product_cat":[15,30],"product_tag":[592,593,596,597,594,595],"class_list":{"0":"post-2684","1":"product","2":"type-product","3":"status-publish","4":"has-post-thumbnail","6":"product_brand-marca-industrial-adams-company","7":"product_cat-motores-electricos-uso-industrial","8":"product_cat-refacciones-industriales","9":"product_tag-adams-lube","10":"product_tag-grasa-lubricante","11":"product_tag-grasa-para-maquinaria","12":"product_tag-grasa-para-rodamientos","13":"product_tag-lubricante-industrial","14":"product_tag-mantenimiento-industrial","15":"desktop-align-left","16":"tablet-align-left","17":"mobile-align-left","19":"first","20":"instock","21":"shipping-taxable","22":"product-type-simple"},"yoast_head":"<!-- This site is optimized with the Yoast SEO plugin v27.4 - https:\/\/yoast.com\/product\/yoast-seo-wordpress\/ -->\n<title>Adams Lube ACL 7596 | Grasa Lubricante Industrial de Alto Desempe\u00f1o - &lt;strong&gt;Un buen proveedor no solo vende, asesora y soluciona&lt;\/strong&gt;<\/title>\n<meta name=\"description\" content=\"Grasa lubricante Adams Lube ACL 7596 para maquinaria industrial. Alta protecci\u00f3n contra desgaste, agua y temperatura. Lubricaci\u00f3n duradera y confiable.\" \/>\n<meta name=\"robots\" content=\"index, follow, max-snippet:-1, max-image-preview:large, max-video-preview:-1\" \/>\n<link rel=\"canonical\" href=\"https:\/\/www.sdpcommerce.com\/es_mx\/producto\/grasa-adams-lube-acl-7596\/\" \/>\n<meta property=\"og:locale\" content=\"es_MX\" \/>\n<meta property=\"og:type\" content=\"article\" \/>\n<meta property=\"og:title\" content=\"Adams Lube ACL 7596 | Grasa Lubricante Industrial de Alto Desempe\u00f1o - &lt;strong&gt;Un buen proveedor no solo vende, asesora y soluciona&lt;\/strong&gt;\" \/>\n<meta property=\"og:description\" content=\"Grasa lubricante Adams Lube ACL 7596 para maquinaria industrial. Alta protecci\u00f3n contra desgaste, agua y temperatura. Lubricaci\u00f3n duradera y confiable.\" \/>\n<meta property=\"og:url\" content=\"https:\/\/www.sdpcommerce.com\/es_mx\/producto\/grasa-adams-lube-acl-7596\/\" \/>\n<meta property=\"og:site_name\" content=\"&lt;strong&gt;Un buen proveedor no solo vende, asesora y soluciona&lt;\/strong&gt;\" \/>\n<meta property=\"article:publisher\" content=\"https:\/\/www.facebook.com\/profile.php?id=61565795007009#\" \/>\n<meta property=\"og:image\" content=\"https:\/\/www.sdpcommerce.com\/wp-content\/uploads\/2025\/08\/grasa-adams-lube-acl-7596.jpg.png\" \/>\n\t<meta property=\"og:image:width\" content=\"846\" \/>\n\t<meta property=\"og:image:height\" content=\"602\" \/>\n\t<meta property=\"og:image:type\" content=\"image\/png\" \/>\n<meta name=\"twitter:card\" content=\"summary_large_image\" \/>\n<meta name=\"twitter:label1\" content=\"Tiempo de lectura\" \/>\n\t<meta name=\"twitter:data1\" content=\"1 minuto\" \/>\n<script type=\"application\/ld+json\" class=\"yoast-schema-graph\">{\"@context\":\"https:\\\/\\\/schema.org\",\"@graph\":[{\"@type\":\"WebPage\",\"@id\":\"https:\\\/\\\/www.sdpcommerce.com\\\/producto\\\/grasa-adams-lube-acl-7596\\\/\",\"url\":\"https:\\\/\\\/www.sdpcommerce.com\\\/producto\\\/grasa-adams-lube-acl-7596\\\/\",\"name\":\"Adams Lube ACL 7596 | Grasa Lubricante Industrial de Alto Desempe\u00f1o - &lt;strong&gt;Un buen proveedor no solo vende, asesora y soluciona&lt;\\\/strong&gt;\",\"isPartOf\":{\"@id\":\"https:\\\/\\\/www.sdpcommerce.com\\\/#website\"},\"primaryImageOfPage\":{\"@id\":\"https:\\\/\\\/www.sdpcommerce.com\\\/producto\\\/grasa-adams-lube-acl-7596\\\/#primaryimage\"},\"image\":{\"@id\":\"https:\\\/\\\/www.sdpcommerce.com\\\/producto\\\/grasa-adams-lube-acl-7596\\\/#primaryimage\"},\"thumbnailUrl\":\"https:\\\/\\\/www.sdpcommerce.com\\\/wp-content\\\/uploads\\\/2025\\\/08\\\/grasa-adams-lube-acl-7596.jpg.png\",\"datePublished\":\"2025-07-31T23:09:41+00:00\",\"description\":\"Grasa lubricante Adams Lube ACL 7596 para maquinaria industrial. Alta protecci\u00f3n contra desgaste, agua y temperatura. Lubricaci\u00f3n duradera y confiable.\",\"breadcrumb\":{\"@id\":\"https:\\\/\\\/www.sdpcommerce.com\\\/producto\\\/grasa-adams-lube-acl-7596\\\/#breadcrumb\"},\"inLanguage\":\"es\",\"potentialAction\":[{\"@type\":\"ReadAction\",\"target\":[\"https:\\\/\\\/www.sdpcommerce.com\\\/producto\\\/grasa-adams-lube-acl-7596\\\/\"]}]},{\"@type\":\"ImageObject\",\"inLanguage\":\"es\",\"@id\":\"https:\\\/\\\/www.sdpcommerce.com\\\/producto\\\/grasa-adams-lube-acl-7596\\\/#primaryimage\",\"url\":\"https:\\\/\\\/www.sdpcommerce.com\\\/wp-content\\\/uploads\\\/2025\\\/08\\\/grasa-adams-lube-acl-7596.jpg.png\",\"contentUrl\":\"https:\\\/\\\/www.sdpcommerce.com\\\/wp-content\\\/uploads\\\/2025\\\/08\\\/grasa-adams-lube-acl-7596.jpg.png\",\"width\":846,\"height\":602,\"caption\":\"Grasa industrial ACL 7596 de Adams Lube para maquinaria\"},{\"@type\":\"BreadcrumbList\",\"@id\":\"https:\\\/\\\/www.sdpcommerce.com\\\/producto\\\/grasa-adams-lube-acl-7596\\\/#breadcrumb\",\"itemListElement\":[{\"@type\":\"ListItem\",\"position\":1,\"name\":\"Portada\",\"item\":\"https:\\\/\\\/www.sdpcommerce.com\\\/\"},{\"@type\":\"ListItem\",\"position\":2,\"name\":\"STORE\",\"item\":\"https:\\\/\\\/www.sdpcommerce.com\\\/shop-replacement-parts\\\/\"},{\"@type\":\"ListItem\",\"position\":3,\"name\":\"Motores El\u00e9ctricos para Uso Industrial\",\"item\":\"https:\\\/\\\/www.sdpcommerce.com\\\/categoria-producto\\\/motores-electricos-uso-industrial\\\/\"},{\"@type\":\"ListItem\",\"position\":4,\"name\":\"Adams Lube ACL 7596 | Grasa Lubricante Industrial de Alto Desempe\u00f1o\"}]},{\"@type\":\"WebSite\",\"@id\":\"https:\\\/\\\/www.sdpcommerce.com\\\/#website\",\"url\":\"https:\\\/\\\/www.sdpcommerce.com\\\/\",\"name\":\"SDP COMMERCE\",\"description\":\" Contar con un proveedor que no solo te diga \u201cya no existe\u201d, sino que &lt;strong&gt;te proponga un reemplazo funcional&lt;\\\/strong&gt;, es una ventaja competitiva. Algunas acciones que realiza un proveedor proactivo\",\"publisher\":{\"@id\":\"https:\\\/\\\/www.sdpcommerce.com\\\/#organization\"},\"potentialAction\":[{\"@type\":\"SearchAction\",\"target\":{\"@type\":\"EntryPoint\",\"urlTemplate\":\"https:\\\/\\\/www.sdpcommerce.com\\\/?s={search_term_string}\"},\"query-input\":{\"@type\":\"PropertyValueSpecification\",\"valueRequired\":true,\"valueName\":\"search_term_string\"}}],\"inLanguage\":\"es\"},{\"@type\":\"Organization\",\"@id\":\"https:\\\/\\\/www.sdpcommerce.com\\\/#organization\",\"name\":\"SDP COMMERCE\",\"url\":\"https:\\\/\\\/www.sdpcommerce.com\\\/\",\"logo\":{\"@type\":\"ImageObject\",\"inLanguage\":\"es\",\"@id\":\"https:\\\/\\\/www.sdpcommerce.com\\\/#\\\/schema\\\/logo\\\/image\\\/\",\"url\":\"https:\\\/\\\/www.sdpcommerce.com\\\/wp-content\\\/uploads\\\/2025\\\/02\\\/Screenshot-2025-02-13-150556.png\",\"contentUrl\":\"https:\\\/\\\/www.sdpcommerce.com\\\/wp-content\\\/uploads\\\/2025\\\/02\\\/Screenshot-2025-02-13-150556.png\",\"width\":114,\"height\":108,\"caption\":\"SDP COMMERCE\"},\"image\":{\"@id\":\"https:\\\/\\\/www.sdpcommerce.com\\\/#\\\/schema\\\/logo\\\/image\\\/\"},\"sameAs\":[\"https:\\\/\\\/www.facebook.com\\\/profile.php?id=61565795007009#\"]}]}<\/script>\n<!-- \/ Yoast SEO plugin. -->","yoast_head_json":{"title":"Adams Lube ACL 7596 | Grasa Lubricante Industrial de Alto Desempe\u00f1o - &lt;strong&gt;Un buen proveedor no solo vende, asesora y soluciona&lt;\/strong&gt;","description":"Grasa lubricante Adams Lube ACL 7596 para maquinaria industrial. Alta protecci\u00f3n contra desgaste, agua y temperatura. Lubricaci\u00f3n duradera y confiable.","robots":{"index":"index","follow":"follow","max-snippet":"max-snippet:-1","max-image-preview":"max-image-preview:large","max-video-preview":"max-video-preview:-1"},"canonical":"https:\/\/www.sdpcommerce.com\/es_mx\/producto\/grasa-adams-lube-acl-7596\/","og_locale":"es_MX","og_type":"article","og_title":"Adams Lube ACL 7596 | Grasa Lubricante Industrial de Alto Desempe\u00f1o - &lt;strong&gt;Un buen proveedor no solo vende, asesora y soluciona&lt;\/strong&gt;","og_description":"Grasa lubricante Adams Lube ACL 7596 para maquinaria industrial. Alta protecci\u00f3n contra desgaste, agua y temperatura. Lubricaci\u00f3n duradera y confiable.","og_url":"https:\/\/www.sdpcommerce.com\/es_mx\/producto\/grasa-adams-lube-acl-7596\/","og_site_name":"&lt;strong&gt;Un buen proveedor no solo vende, asesora y soluciona&lt;\/strong&gt;","article_publisher":"https:\/\/www.facebook.com\/profile.php?id=61565795007009#","og_image":[{"width":846,"height":602,"url":"https:\/\/www.sdpcommerce.com\/wp-content\/uploads\/2025\/08\/grasa-adams-lube-acl-7596.jpg.png","type":"image\/png"}],"twitter_card":"summary_large_image","twitter_misc":{"Tiempo de lectura":"1 minuto"},"schema":{"@context":"https:\/\/schema.org","@graph":[{"@type":"WebPage","@id":"https:\/\/www.sdpcommerce.com\/producto\/grasa-adams-lube-acl-7596\/","url":"https:\/\/www.sdpcommerce.com\/producto\/grasa-adams-lube-acl-7596\/","name":"Adams Lube ACL 7596 | Grasa Lubricante Industrial de Alto Desempe\u00f1o - &lt;strong&gt;Un buen proveedor no solo vende, asesora y soluciona&lt;\/strong&gt;","isPartOf":{"@id":"https:\/\/www.sdpcommerce.com\/#website"},"primaryImageOfPage":{"@id":"https:\/\/www.sdpcommerce.com\/producto\/grasa-adams-lube-acl-7596\/#primaryimage"},"image":{"@id":"https:\/\/www.sdpcommerce.com\/producto\/grasa-adams-lube-acl-7596\/#primaryimage"},"thumbnailUrl":"https:\/\/www.sdpcommerce.com\/wp-content\/uploads\/2025\/08\/grasa-adams-lube-acl-7596.jpg.png","datePublished":"2025-07-31T23:09:41+00:00","description":"Grasa lubricante Adams Lube ACL 7596 para maquinaria industrial. Alta protecci\u00f3n contra desgaste, agua y temperatura. Lubricaci\u00f3n duradera y confiable.","breadcrumb":{"@id":"https:\/\/www.sdpcommerce.com\/producto\/grasa-adams-lube-acl-7596\/#breadcrumb"},"inLanguage":"es","potentialAction":[{"@type":"ReadAction","target":["https:\/\/www.sdpcommerce.com\/producto\/grasa-adams-lube-acl-7596\/"]}]},{"@type":"ImageObject","inLanguage":"es","@id":"https:\/\/www.sdpcommerce.com\/producto\/grasa-adams-lube-acl-7596\/#primaryimage","url":"https:\/\/www.sdpcommerce.com\/wp-content\/uploads\/2025\/08\/grasa-adams-lube-acl-7596.jpg.png","contentUrl":"https:\/\/www.sdpcommerce.com\/wp-content\/uploads\/2025\/08\/grasa-adams-lube-acl-7596.jpg.png","width":846,"height":602,"caption":"Grasa industrial ACL 7596 de Adams Lube para maquinaria"},{"@type":"BreadcrumbList","@id":"https:\/\/www.sdpcommerce.com\/producto\/grasa-adams-lube-acl-7596\/#breadcrumb","itemListElement":[{"@type":"ListItem","position":1,"name":"Portada","item":"https:\/\/www.sdpcommerce.com\/"},{"@type":"ListItem","position":2,"name":"STORE","item":"https:\/\/www.sdpcommerce.com\/shop-replacement-parts\/"},{"@type":"ListItem","position":3,"name":"Motores El\u00e9ctricos para Uso Industrial","item":"https:\/\/www.sdpcommerce.com\/categoria-producto\/motores-electricos-uso-industrial\/"},{"@type":"ListItem","position":4,"name":"Adams Lube ACL 7596 | Grasa Lubricante Industrial de Alto Desempe\u00f1o"}]},{"@type":"WebSite","@id":"https:\/\/www.sdpcommerce.com\/#website","url":"https:\/\/www.sdpcommerce.com\/","name":"SDP COMMERCE","description":" Contar con un proveedor que no solo te diga \u201cya no existe\u201d, sino que &lt;strong&gt;te proponga un reemplazo funcional&lt;\/strong&gt;, es una ventaja competitiva. Algunas acciones que realiza un proveedor proactivo","publisher":{"@id":"https:\/\/www.sdpcommerce.com\/#organization"},"potentialAction":[{"@type":"SearchAction","target":{"@type":"EntryPoint","urlTemplate":"https:\/\/www.sdpcommerce.com\/?s={search_term_string}"},"query-input":{"@type":"PropertyValueSpecification","valueRequired":true,"valueName":"search_term_string"}}],"inLanguage":"es"},{"@type":"Organization","@id":"https:\/\/www.sdpcommerce.com\/#organization","name":"SDP COMMERCE","url":"https:\/\/www.sdpcommerce.com\/","logo":{"@type":"ImageObject","inLanguage":"es","@id":"https:\/\/www.sdpcommerce.com\/#\/schema\/logo\/image\/","url":"https:\/\/www.sdpcommerce.com\/wp-content\/uploads\/2025\/02\/Screenshot-2025-02-13-150556.png","contentUrl":"https:\/\/www.sdpcommerce.com\/wp-content\/uploads\/2025\/02\/Screenshot-2025-02-13-150556.png","width":114,"height":108,"caption":"SDP COMMERCE"},"image":{"@id":"https:\/\/www.sdpcommerce.com\/#\/schema\/logo\/image\/"},"sameAs":["https:\/\/www.facebook.com\/profile.php?id=61565795007009#"]}]}},"uagb_featured_image_src":{"full":["https:\/\/www.sdpcommerce.com\/wp-content\/uploads\/2025\/08\/grasa-adams-lube-acl-7596.jpg.png",846,602,false],"thumbnail":["https:\/\/www.sdpcommerce.com\/wp-content\/uploads\/2025\/08\/grasa-adams-lube-acl-7596.jpg-150x150.png",150,150,true],"medium":["https:\/\/www.sdpcommerce.com\/wp-content\/uploads\/2025\/08\/grasa-adams-lube-acl-7596.jpg-300x213.png",300,213,true],"medium_large":["https:\/\/www.sdpcommerce.com\/wp-content\/uploads\/2025\/08\/grasa-adams-lube-acl-7596.jpg-768x546.png",768,546,true],"large":["https:\/\/www.sdpcommerce.com\/wp-content\/uploads\/2025\/08\/grasa-adams-lube-acl-7596.jpg.png",846,602,false],"1536x1536":["https:\/\/www.sdpcommerce.com\/wp-content\/uploads\/2025\/08\/grasa-adams-lube-acl-7596.jpg.png",846,602,false],"2048x2048":["https:\/\/www.sdpcommerce.com\/wp-content\/uploads\/2025\/08\/grasa-adams-lube-acl-7596.jpg.png",846,602,false],"trp-custom-language-flag":["https:\/\/www.sdpcommerce.com\/wp-content\/uploads\/2025\/08\/grasa-adams-lube-acl-7596.jpg-18x12.png",18,12,true],"woocommerce_thumbnail":["https:\/\/www.sdpcommerce.com\/wp-content\/uploads\/2025\/08\/grasa-adams-lube-acl-7596.jpg-300x300.png",300,300,true],"woocommerce_single":["https:\/\/www.sdpcommerce.com\/wp-content\/uploads\/2025\/08\/grasa-adams-lube-acl-7596.jpg-600x427.png",600,427,true],"woocommerce_gallery_thumbnail":["https:\/\/www.sdpcommerce.com\/wp-content\/uploads\/2025\/08\/grasa-adams-lube-acl-7596.jpg-100x100.png",100,100,true]},"uagb_author_info":{"display_name":"admin","author_link":"https:\/\/www.sdpcommerce.com\/es_mx\/author\/"},"uagb_comment_info":0,"uagb_excerpt":"Grasa industrial Adams Lube ACL 7596, ideal para maquinaria pesada, motores y cojinetes. Alta resistencia al agua y la temperatura.","_links":{"self":[{"href":"https:\/\/www.sdpcommerce.com\/es_mx\/wp-json\/wp\/v2\/product\/2684","targetHints":{"allow":["GET"]}}],"collection":[{"href":"https:\/\/www.sdpcommerce.com\/es_mx\/wp-json\/wp\/v2\/product"}],"about":[{"href":"https:\/\/www.sdpcommerce.com\/es_mx\/wp-json\/wp\/v2\/types\/product"}],"replies":[{"embeddable":true,"href":"https:\/\/www.sdpcommerce.com\/es_mx\/wp-json\/wp\/v2\/comments?post=2684"}],"wp:featuredmedia":[{"embeddable":true,"href":"https:\/\/www.sdpcommerce.com\/es_mx\/wp-json\/wp\/v2\/media\/2685"}],"wp:attachment":[{"href":"https:\/\/www.sdpcommerce.com\/es_mx\/wp-json\/wp\/v2\/media?parent=2684"}],"wp:term":[{"taxonomy":"product_brand","embeddable":true,"href":"https:\/\/www.sdpcommerce.com\/es_mx\/wp-json\/wp\/v2\/product_brand?post=2684"},{"taxonomy":"product_cat","embeddable":true,"href":"https:\/\/www.sdpcommerce.com\/es_mx\/wp-json\/wp\/v2\/product_cat?post=2684"},{"taxonomy":"product_tag","embeddable":true,"href":"https:\/\/www.sdpcommerce.com\/es_mx\/wp-json\/wp\/v2\/product_tag?post=2684"}],"curies":[{"name":"wp","href":"https:\/\/api.w.org\/{rel}","templated":true}]}}