{"id":2674,"date":"2025-07-31T23:53:12","date_gmt":"2025-07-31T21:53:12","guid":{"rendered":"https:\/\/www.sdpcommerce.com\/?post_type=product&#038;p=2674"},"modified":"2025-07-31T23:53:12","modified_gmt":"2025-07-31T21:53:12","slug":"actaris-rb-3200-regulador-servicio-comercial-industrial","status":"publish","type":"product","link":"https:\/\/www.sdpcommerce.com\/es_mx\/producto\/actaris-rb-3200-regulador-servicio-comercial-industrial\/","title":{"rendered":"Actaris RB 3200 | Regulador de Servicio Comercial e Industrial Peque\u00f1o"},"content":{"rendered":"<p data-start=\"399\" data-end=\"750\">El <strong data-start=\"402\" data-end=\"443\">regulador de servicio Actaris RB 3200<\/strong> es un dispositivo de alto rendimiento dise\u00f1ado para aplicaciones comerciales exigentes y peque\u00f1os servicios industriales. Cuenta con un diafragma de gran \u00e1rea efectiva y una palanca con una relaci\u00f3n potente que asegura una presi\u00f3n de salida constante, sin importar las variaciones en la presi\u00f3n de entrada.<\/p>\n<p data-start=\"752\" data-end=\"1143\">El dise\u00f1o de v\u00e1lvula balanceada permite mantener la estabilidad operativa bajo diferentes condiciones, garantizando seguridad y eficiencia. Adem\u00e1s, incorpora una <strong data-start=\"914\" data-end=\"944\">v\u00e1lvula de cierre integral<\/strong> para protecci\u00f3n contra sobrepresi\u00f3n y baja presi\u00f3n, una <strong data-start=\"1001\" data-end=\"1052\">v\u00e1lvula de alivio de flujo lento (creep relief)<\/strong> y un <strong data-start=\"1058\" data-end=\"1100\">filtro protector de v\u00e1lvula (strainer)<\/strong> para prolongar la vida \u00fatil del regulador.<\/p>\n<p data-start=\"1145\" data-end=\"1170\"><strong data-start=\"1145\" data-end=\"1170\">Aplicaciones t\u00edpicas:<\/strong><\/p>\n<ul data-start=\"1171\" data-end=\"1301\">\n<li data-start=\"1171\" data-end=\"1206\">\n<p data-start=\"1173\" data-end=\"1206\">Servicios comerciales exigentes<\/p>\n<\/li>\n<li data-start=\"1207\" data-end=\"1246\">\n<p data-start=\"1209\" data-end=\"1246\">Peque\u00f1as instalaciones industriales<\/p>\n<\/li>\n<li data-start=\"1247\" data-end=\"1301\">\n<p data-start=\"1249\" data-end=\"1301\">Sistemas que requieren regulaci\u00f3n estable de presi\u00f3n<\/p>\n<\/li>\n<\/ul>\n","protected":false},"excerpt":{"rendered":"<p>Regulador Actaris RB 3200 para aplicaciones comerciales y peque\u00f1as industriales, con protecci\u00f3n integral y dise\u00f1o balanceado para presi\u00f3n constante.<\/p>\n","protected":false},"featured_media":2675,"comment_status":"open","ping_status":"closed","template":"","meta":{"om_disable_all_campaigns":false,"_uag_custom_page_level_css":"","_monsterinsights_skip_tracking":false,"_monsterinsights_sitenote_active":false,"_monsterinsights_sitenote_note":"","_monsterinsights_sitenote_category":0,"site-sidebar-layout":"default","site-content-layout":"","ast-site-content-layout":"default","site-content-style":"default","site-sidebar-style":"default","ast-global-header-display":"","ast-banner-title-visibility":"","ast-main-header-display":"","ast-hfb-above-header-display":"","ast-hfb-below-header-display":"","ast-hfb-mobile-header-display":"","site-post-title":"","ast-breadcrumbs-content":"","ast-featured-img":"","footer-sml-layout":"","theme-transparent-header-meta":"default","adv-header-id-meta":"","stick-header-meta":"","header-above-stick-meta":"","header-main-stick-meta":"","header-below-stick-meta":"","astra-migrate-meta-layouts":"set","ast-page-background-enabled":"default","ast-page-background-meta":{"desktop":{"background-color":"var(--ast-global-color-4)","background-image":"","background-repeat":"repeat","background-position":"center center","background-size":"auto","background-attachment":"scroll","background-type":"","background-media":"","overlay-type":"","overlay-color":"","overlay-gradient":""},"tablet":{"background-color":"","background-image":"","background-repeat":"repeat","background-position":"center center","background-size":"auto","background-attachment":"scroll","background-type":"","background-media":"","overlay-type":"","overlay-color":"","overlay-gradient":""},"mobile":{"background-color":"","background-image":"","background-repeat":"repeat","background-position":"center center","background-size":"auto","background-attachment":"scroll","background-type":"","background-media":"","overlay-type":"","overlay-color":"","overlay-gradient":""}},"ast-content-background-meta":{"desktop":{"background-color":"var(--ast-global-color-5)","background-image":"","background-repeat":"repeat","background-position":"center center","background-size":"auto","background-attachment":"scroll","background-type":"","background-media":"","overlay-type":"","overlay-color":"","overlay-gradient":""},"tablet":{"background-color":"var(--ast-global-color-5)","background-image":"","background-repeat":"repeat","background-position":"center center","background-size":"auto","background-attachment":"scroll","background-type":"","background-media":"","overlay-type":"","overlay-color":"","overlay-gradient":""},"mobile":{"background-color":"var(--ast-global-color-5)","background-image":"","background-repeat":"repeat","background-position":"center center","background-size":"auto","background-attachment":"scroll","background-type":"","background-media":"","overlay-type":"","overlay-color":"","overlay-gradient":""}}},"product_brand":[],"product_cat":[15,30],"product_tag":[572,575,576,571,574,573,577],"class_list":{"0":"post-2674","1":"product","2":"type-product","3":"status-publish","4":"has-post-thumbnail","6":"product_cat-motores-electricos-uso-industrial","7":"product_cat-refacciones-industriales","8":"product_tag-actaris","9":"product_tag-aplicaciones-comerciales","10":"product_tag-pequena-industria","11":"product_tag-rb-3200","12":"product_tag-regulador-presion","13":"product_tag-regulador-servicio","14":"product_tag-valvula-balanceada","15":"desktop-align-left","16":"tablet-align-left","17":"mobile-align-left","19":"first","20":"instock","21":"shipping-taxable","22":"product-type-simple"},"yoast_head":"<!-- This site is optimized with the Yoast SEO plugin v27.4 - https:\/\/yoast.com\/product\/yoast-seo-wordpress\/ -->\n<title>Actaris RB 3200 | Regulador de Servicio Comercial e Industrial Peque\u00f1o<\/title>\n<meta name=\"description\" content=\"El regulador Actaris RB 3200 ofrece presi\u00f3n constante con dise\u00f1o balanceado y protecci\u00f3n integral para aplicaciones comerciales y peque\u00f1as industrias.\" \/>\n<meta name=\"robots\" content=\"index, follow, max-snippet:-1, max-image-preview:large, max-video-preview:-1\" \/>\n<link rel=\"canonical\" href=\"https:\/\/www.sdpcommerce.com\/es_mx\/producto\/actaris-rb-3200-regulador-servicio-comercial-industrial\/\" \/>\n<meta property=\"og:locale\" content=\"es_MX\" \/>\n<meta property=\"og:type\" content=\"article\" \/>\n<meta property=\"og:title\" content=\"Actaris RB 3200 | Regulador de Servicio Comercial e Industrial Peque\u00f1o\" \/>\n<meta property=\"og:description\" content=\"El regulador Actaris RB 3200 ofrece presi\u00f3n constante con dise\u00f1o balanceado y protecci\u00f3n integral para aplicaciones comerciales y peque\u00f1as industrias.\" \/>\n<meta property=\"og:url\" content=\"https:\/\/www.sdpcommerce.com\/es_mx\/producto\/actaris-rb-3200-regulador-servicio-comercial-industrial\/\" \/>\n<meta property=\"og:site_name\" content=\"&lt;strong&gt;Un buen proveedor no solo vende, asesora y soluciona&lt;\/strong&gt;\" \/>\n<meta property=\"article:publisher\" content=\"https:\/\/www.facebook.com\/profile.php?id=61565795007009#\" \/>\n<meta property=\"og:image\" content=\"https:\/\/www.sdpcommerce.com\/wp-content\/uploads\/2025\/07\/actaris-rb-3200-regulador-servicio.jpg.png\" \/>\n\t<meta property=\"og:image:width\" content=\"501\" \/>\n\t<meta property=\"og:image:height\" content=\"556\" \/>\n\t<meta property=\"og:image:type\" content=\"image\/png\" \/>\n<meta name=\"twitter:card\" content=\"summary_large_image\" \/>\n<meta name=\"twitter:label1\" content=\"Tiempo de lectura\" \/>\n\t<meta name=\"twitter:data1\" content=\"1 minuto\" \/>\n<script type=\"application\/ld+json\" class=\"yoast-schema-graph\">{\"@context\":\"https:\\\/\\\/schema.org\",\"@graph\":[{\"@type\":\"WebPage\",\"@id\":\"https:\\\/\\\/www.sdpcommerce.com\\\/producto\\\/actaris-rb-3200-regulador-servicio-comercial-industrial\\\/\",\"url\":\"https:\\\/\\\/www.sdpcommerce.com\\\/producto\\\/actaris-rb-3200-regulador-servicio-comercial-industrial\\\/\",\"name\":\"Actaris RB 3200 | Regulador de Servicio Comercial e Industrial Peque\u00f1o\",\"isPartOf\":{\"@id\":\"https:\\\/\\\/www.sdpcommerce.com\\\/#website\"},\"primaryImageOfPage\":{\"@id\":\"https:\\\/\\\/www.sdpcommerce.com\\\/producto\\\/actaris-rb-3200-regulador-servicio-comercial-industrial\\\/#primaryimage\"},\"image\":{\"@id\":\"https:\\\/\\\/www.sdpcommerce.com\\\/producto\\\/actaris-rb-3200-regulador-servicio-comercial-industrial\\\/#primaryimage\"},\"thumbnailUrl\":\"https:\\\/\\\/www.sdpcommerce.com\\\/wp-content\\\/uploads\\\/2025\\\/07\\\/actaris-rb-3200-regulador-servicio.jpg.png\",\"datePublished\":\"2025-07-31T21:53:12+00:00\",\"description\":\"El regulador Actaris RB 3200 ofrece presi\u00f3n constante con dise\u00f1o balanceado y protecci\u00f3n integral para aplicaciones comerciales y peque\u00f1as industrias.\",\"breadcrumb\":{\"@id\":\"https:\\\/\\\/www.sdpcommerce.com\\\/producto\\\/actaris-rb-3200-regulador-servicio-comercial-industrial\\\/#breadcrumb\"},\"inLanguage\":\"es\",\"potentialAction\":[{\"@type\":\"ReadAction\",\"target\":[\"https:\\\/\\\/www.sdpcommerce.com\\\/producto\\\/actaris-rb-3200-regulador-servicio-comercial-industrial\\\/\"]}]},{\"@type\":\"ImageObject\",\"inLanguage\":\"es\",\"@id\":\"https:\\\/\\\/www.sdpcommerce.com\\\/producto\\\/actaris-rb-3200-regulador-servicio-comercial-industrial\\\/#primaryimage\",\"url\":\"https:\\\/\\\/www.sdpcommerce.com\\\/wp-content\\\/uploads\\\/2025\\\/07\\\/actaris-rb-3200-regulador-servicio.jpg.png\",\"contentUrl\":\"https:\\\/\\\/www.sdpcommerce.com\\\/wp-content\\\/uploads\\\/2025\\\/07\\\/actaris-rb-3200-regulador-servicio.jpg.png\",\"width\":501,\"height\":556,\"caption\":\"Regulador de servicio Actaris RB 3200 | Comercial e industrial peque\u00f1o\"},{\"@type\":\"BreadcrumbList\",\"@id\":\"https:\\\/\\\/www.sdpcommerce.com\\\/producto\\\/actaris-rb-3200-regulador-servicio-comercial-industrial\\\/#breadcrumb\",\"itemListElement\":[{\"@type\":\"ListItem\",\"position\":1,\"name\":\"Portada\",\"item\":\"https:\\\/\\\/www.sdpcommerce.com\\\/\"},{\"@type\":\"ListItem\",\"position\":2,\"name\":\"STORE\",\"item\":\"https:\\\/\\\/www.sdpcommerce.com\\\/shop-replacement-parts\\\/\"},{\"@type\":\"ListItem\",\"position\":3,\"name\":\"Motores El\u00e9ctricos para Uso Industrial\",\"item\":\"https:\\\/\\\/www.sdpcommerce.com\\\/categoria-producto\\\/motores-electricos-uso-industrial\\\/\"},{\"@type\":\"ListItem\",\"position\":4,\"name\":\"Actaris RB 3200 | Regulador de Servicio Comercial e Industrial Peque\u00f1o\"}]},{\"@type\":\"WebSite\",\"@id\":\"https:\\\/\\\/www.sdpcommerce.com\\\/#website\",\"url\":\"https:\\\/\\\/www.sdpcommerce.com\\\/\",\"name\":\"SDP COMMERCE\",\"description\":\" Contar con un proveedor que no solo te diga \u201cya no existe\u201d, sino que &lt;strong&gt;te proponga un reemplazo funcional&lt;\\\/strong&gt;, es una ventaja competitiva. Algunas acciones que realiza un proveedor proactivo\",\"publisher\":{\"@id\":\"https:\\\/\\\/www.sdpcommerce.com\\\/#organization\"},\"potentialAction\":[{\"@type\":\"SearchAction\",\"target\":{\"@type\":\"EntryPoint\",\"urlTemplate\":\"https:\\\/\\\/www.sdpcommerce.com\\\/?s={search_term_string}\"},\"query-input\":{\"@type\":\"PropertyValueSpecification\",\"valueRequired\":true,\"valueName\":\"search_term_string\"}}],\"inLanguage\":\"es\"},{\"@type\":\"Organization\",\"@id\":\"https:\\\/\\\/www.sdpcommerce.com\\\/#organization\",\"name\":\"SDP COMMERCE\",\"url\":\"https:\\\/\\\/www.sdpcommerce.com\\\/\",\"logo\":{\"@type\":\"ImageObject\",\"inLanguage\":\"es\",\"@id\":\"https:\\\/\\\/www.sdpcommerce.com\\\/#\\\/schema\\\/logo\\\/image\\\/\",\"url\":\"https:\\\/\\\/www.sdpcommerce.com\\\/wp-content\\\/uploads\\\/2025\\\/02\\\/Screenshot-2025-02-13-150556.png\",\"contentUrl\":\"https:\\\/\\\/www.sdpcommerce.com\\\/wp-content\\\/uploads\\\/2025\\\/02\\\/Screenshot-2025-02-13-150556.png\",\"width\":114,\"height\":108,\"caption\":\"SDP COMMERCE\"},\"image\":{\"@id\":\"https:\\\/\\\/www.sdpcommerce.com\\\/#\\\/schema\\\/logo\\\/image\\\/\"},\"sameAs\":[\"https:\\\/\\\/www.facebook.com\\\/profile.php?id=61565795007009#\"]}]}<\/script>\n<!-- \/ Yoast SEO plugin. -->","yoast_head_json":{"title":"Actaris RB 3200 | Regulador de Servicio Comercial e Industrial Peque\u00f1o","description":"El regulador Actaris RB 3200 ofrece presi\u00f3n constante con dise\u00f1o balanceado y protecci\u00f3n integral para aplicaciones comerciales y peque\u00f1as industrias.","robots":{"index":"index","follow":"follow","max-snippet":"max-snippet:-1","max-image-preview":"max-image-preview:large","max-video-preview":"max-video-preview:-1"},"canonical":"https:\/\/www.sdpcommerce.com\/es_mx\/producto\/actaris-rb-3200-regulador-servicio-comercial-industrial\/","og_locale":"es_MX","og_type":"article","og_title":"Actaris RB 3200 | Regulador de Servicio Comercial e Industrial Peque\u00f1o","og_description":"El regulador Actaris RB 3200 ofrece presi\u00f3n constante con dise\u00f1o balanceado y protecci\u00f3n integral para aplicaciones comerciales y peque\u00f1as industrias.","og_url":"https:\/\/www.sdpcommerce.com\/es_mx\/producto\/actaris-rb-3200-regulador-servicio-comercial-industrial\/","og_site_name":"&lt;strong&gt;Un buen proveedor no solo vende, asesora y soluciona&lt;\/strong&gt;","article_publisher":"https:\/\/www.facebook.com\/profile.php?id=61565795007009#","og_image":[{"width":501,"height":556,"url":"https:\/\/www.sdpcommerce.com\/wp-content\/uploads\/2025\/07\/actaris-rb-3200-regulador-servicio.jpg.png","type":"image\/png"}],"twitter_card":"summary_large_image","twitter_misc":{"Tiempo de lectura":"1 minuto"},"schema":{"@context":"https:\/\/schema.org","@graph":[{"@type":"WebPage","@id":"https:\/\/www.sdpcommerce.com\/producto\/actaris-rb-3200-regulador-servicio-comercial-industrial\/","url":"https:\/\/www.sdpcommerce.com\/producto\/actaris-rb-3200-regulador-servicio-comercial-industrial\/","name":"Actaris RB 3200 | Regulador de Servicio Comercial e Industrial Peque\u00f1o","isPartOf":{"@id":"https:\/\/www.sdpcommerce.com\/#website"},"primaryImageOfPage":{"@id":"https:\/\/www.sdpcommerce.com\/producto\/actaris-rb-3200-regulador-servicio-comercial-industrial\/#primaryimage"},"image":{"@id":"https:\/\/www.sdpcommerce.com\/producto\/actaris-rb-3200-regulador-servicio-comercial-industrial\/#primaryimage"},"thumbnailUrl":"https:\/\/www.sdpcommerce.com\/wp-content\/uploads\/2025\/07\/actaris-rb-3200-regulador-servicio.jpg.png","datePublished":"2025-07-31T21:53:12+00:00","description":"El regulador Actaris RB 3200 ofrece presi\u00f3n constante con dise\u00f1o balanceado y protecci\u00f3n integral para aplicaciones comerciales y peque\u00f1as industrias.","breadcrumb":{"@id":"https:\/\/www.sdpcommerce.com\/producto\/actaris-rb-3200-regulador-servicio-comercial-industrial\/#breadcrumb"},"inLanguage":"es","potentialAction":[{"@type":"ReadAction","target":["https:\/\/www.sdpcommerce.com\/producto\/actaris-rb-3200-regulador-servicio-comercial-industrial\/"]}]},{"@type":"ImageObject","inLanguage":"es","@id":"https:\/\/www.sdpcommerce.com\/producto\/actaris-rb-3200-regulador-servicio-comercial-industrial\/#primaryimage","url":"https:\/\/www.sdpcommerce.com\/wp-content\/uploads\/2025\/07\/actaris-rb-3200-regulador-servicio.jpg.png","contentUrl":"https:\/\/www.sdpcommerce.com\/wp-content\/uploads\/2025\/07\/actaris-rb-3200-regulador-servicio.jpg.png","width":501,"height":556,"caption":"Regulador de servicio Actaris RB 3200 | Comercial e industrial peque\u00f1o"},{"@type":"BreadcrumbList","@id":"https:\/\/www.sdpcommerce.com\/producto\/actaris-rb-3200-regulador-servicio-comercial-industrial\/#breadcrumb","itemListElement":[{"@type":"ListItem","position":1,"name":"Portada","item":"https:\/\/www.sdpcommerce.com\/"},{"@type":"ListItem","position":2,"name":"STORE","item":"https:\/\/www.sdpcommerce.com\/shop-replacement-parts\/"},{"@type":"ListItem","position":3,"name":"Motores El\u00e9ctricos para Uso Industrial","item":"https:\/\/www.sdpcommerce.com\/categoria-producto\/motores-electricos-uso-industrial\/"},{"@type":"ListItem","position":4,"name":"Actaris RB 3200 | Regulador de Servicio Comercial e Industrial Peque\u00f1o"}]},{"@type":"WebSite","@id":"https:\/\/www.sdpcommerce.com\/#website","url":"https:\/\/www.sdpcommerce.com\/","name":"SDP COMMERCE","description":" Contar con un proveedor que no solo te diga \u201cya no existe\u201d, sino que &lt;strong&gt;te proponga un reemplazo funcional&lt;\/strong&gt;, es una ventaja competitiva. Algunas acciones que realiza un proveedor proactivo","publisher":{"@id":"https:\/\/www.sdpcommerce.com\/#organization"},"potentialAction":[{"@type":"SearchAction","target":{"@type":"EntryPoint","urlTemplate":"https:\/\/www.sdpcommerce.com\/?s={search_term_string}"},"query-input":{"@type":"PropertyValueSpecification","valueRequired":true,"valueName":"search_term_string"}}],"inLanguage":"es"},{"@type":"Organization","@id":"https:\/\/www.sdpcommerce.com\/#organization","name":"SDP COMMERCE","url":"https:\/\/www.sdpcommerce.com\/","logo":{"@type":"ImageObject","inLanguage":"es","@id":"https:\/\/www.sdpcommerce.com\/#\/schema\/logo\/image\/","url":"https:\/\/www.sdpcommerce.com\/wp-content\/uploads\/2025\/02\/Screenshot-2025-02-13-150556.png","contentUrl":"https:\/\/www.sdpcommerce.com\/wp-content\/uploads\/2025\/02\/Screenshot-2025-02-13-150556.png","width":114,"height":108,"caption":"SDP COMMERCE"},"image":{"@id":"https:\/\/www.sdpcommerce.com\/#\/schema\/logo\/image\/"},"sameAs":["https:\/\/www.facebook.com\/profile.php?id=61565795007009#"]}]}},"uagb_featured_image_src":{"full":["https:\/\/www.sdpcommerce.com\/wp-content\/uploads\/2025\/07\/actaris-rb-3200-regulador-servicio.jpg.png",501,556,false],"thumbnail":["https:\/\/www.sdpcommerce.com\/wp-content\/uploads\/2025\/07\/actaris-rb-3200-regulador-servicio.jpg-150x150.png",150,150,true],"medium":["https:\/\/www.sdpcommerce.com\/wp-content\/uploads\/2025\/07\/actaris-rb-3200-regulador-servicio.jpg-270x300.png",270,300,true],"medium_large":["https:\/\/www.sdpcommerce.com\/wp-content\/uploads\/2025\/07\/actaris-rb-3200-regulador-servicio.jpg.png",501,556,false],"large":["https:\/\/www.sdpcommerce.com\/wp-content\/uploads\/2025\/07\/actaris-rb-3200-regulador-servicio.jpg.png",501,556,false],"1536x1536":["https:\/\/www.sdpcommerce.com\/wp-content\/uploads\/2025\/07\/actaris-rb-3200-regulador-servicio.jpg.png",501,556,false],"2048x2048":["https:\/\/www.sdpcommerce.com\/wp-content\/uploads\/2025\/07\/actaris-rb-3200-regulador-servicio.jpg.png",501,556,false],"trp-custom-language-flag":["https:\/\/www.sdpcommerce.com\/wp-content\/uploads\/2025\/07\/actaris-rb-3200-regulador-servicio.jpg-11x12.png",11,12,true],"woocommerce_thumbnail":["https:\/\/www.sdpcommerce.com\/wp-content\/uploads\/2025\/07\/actaris-rb-3200-regulador-servicio.jpg-300x300.png",300,300,true],"woocommerce_single":["https:\/\/www.sdpcommerce.com\/wp-content\/uploads\/2025\/07\/actaris-rb-3200-regulador-servicio.jpg.png",501,556,false],"woocommerce_gallery_thumbnail":["https:\/\/www.sdpcommerce.com\/wp-content\/uploads\/2025\/07\/actaris-rb-3200-regulador-servicio.jpg-100x100.png",100,100,true]},"uagb_author_info":{"display_name":"admin","author_link":"https:\/\/www.sdpcommerce.com\/es_mx\/author\/"},"uagb_comment_info":0,"uagb_excerpt":"Regulador Actaris RB 3200 para aplicaciones comerciales y peque\u00f1as industriales, con protecci\u00f3n integral y dise\u00f1o balanceado para presi\u00f3n constante.","_links":{"self":[{"href":"https:\/\/www.sdpcommerce.com\/es_mx\/wp-json\/wp\/v2\/product\/2674","targetHints":{"allow":["GET"]}}],"collection":[{"href":"https:\/\/www.sdpcommerce.com\/es_mx\/wp-json\/wp\/v2\/product"}],"about":[{"href":"https:\/\/www.sdpcommerce.com\/es_mx\/wp-json\/wp\/v2\/types\/product"}],"replies":[{"embeddable":true,"href":"https:\/\/www.sdpcommerce.com\/es_mx\/wp-json\/wp\/v2\/comments?post=2674"}],"wp:featuredmedia":[{"embeddable":true,"href":"https:\/\/www.sdpcommerce.com\/es_mx\/wp-json\/wp\/v2\/media\/2675"}],"wp:attachment":[{"href":"https:\/\/www.sdpcommerce.com\/es_mx\/wp-json\/wp\/v2\/media?parent=2674"}],"wp:term":[{"taxonomy":"product_brand","embeddable":true,"href":"https:\/\/www.sdpcommerce.com\/es_mx\/wp-json\/wp\/v2\/product_brand?post=2674"},{"taxonomy":"product_cat","embeddable":true,"href":"https:\/\/www.sdpcommerce.com\/es_mx\/wp-json\/wp\/v2\/product_cat?post=2674"},{"taxonomy":"product_tag","embeddable":true,"href":"https:\/\/www.sdpcommerce.com\/es_mx\/wp-json\/wp\/v2\/product_tag?post=2674"}],"curies":[{"name":"wp","href":"https:\/\/api.w.org\/{rel}","templated":true}]}}