{"id":2672,"date":"2025-07-31T23:49:59","date_gmt":"2025-07-31T21:49:59","guid":{"rendered":"https:\/\/www.sdpcommerce.com\/?post_type=product&#038;p=2672"},"modified":"2025-07-31T23:49:59","modified_gmt":"2025-07-31T21:49:59","slug":"acromag-dt333-transmisor-termopar-milivoltios-4hilos","status":"publish","type":"product","link":"https:\/\/www.sdpcommerce.com\/es_mx\/producto\/acromag-dt333-transmisor-termopar-milivoltios-4hilos\/","title":{"rendered":"Acromag DT333 | Transmisor Dual de Entrada Termopar \/ Milivoltios 4 Hilos"},"content":{"rendered":"<p data-start=\"377\" data-end=\"725\">El <strong data-start=\"380\" data-end=\"408\">transmisor Acromag DT333<\/strong> est\u00e1 dise\u00f1ado para aplicaciones industriales que requieren la medici\u00f3n precisa de se\u00f1ales de termopares y entradas de milivoltios. Este transmisor dual con configuraci\u00f3n de <strong data-start=\"582\" data-end=\"598\">cuatro hilos<\/strong> convierte se\u00f1ales anal\u00f3gicas de bajo voltaje en salidas estandarizadas para su integraci\u00f3n en sistemas de control y monitoreo.<\/p>\n<p data-start=\"727\" data-end=\"1005\">El DT333 ofrece alta precisi\u00f3n, estabilidad y confiabilidad, adecuado para ambientes industriales exigentes como la automatizaci\u00f3n de procesos, control de temperatura y sistemas HVAC. Su dise\u00f1o robusto y f\u00e1cil instalaci\u00f3n lo convierten en una opci\u00f3n preferida para la industria.<\/p>\n<p data-start=\"1007\" data-end=\"1039\"><strong data-start=\"1007\" data-end=\"1039\">Caracter\u00edsticas principales:<\/strong><\/p>\n<ul data-start=\"1040\" data-end=\"1306\">\n<li data-start=\"1040\" data-end=\"1087\">\n<p data-start=\"1042\" data-end=\"1087\">Entradas duales para termopar y milivoltios<\/p>\n<\/li>\n<li data-start=\"1088\" data-end=\"1145\">\n<p data-start=\"1090\" data-end=\"1145\">Configuraci\u00f3n de cuatro hilos para precisi\u00f3n avanzada<\/p>\n<\/li>\n<li data-start=\"1146\" data-end=\"1206\">\n<p data-start=\"1148\" data-end=\"1206\">Salidas est\u00e1ndar para integraci\u00f3n en sistemas de control<\/p>\n<\/li>\n<li data-start=\"1207\" data-end=\"1251\">\n<p data-start=\"1209\" data-end=\"1251\">Construcci\u00f3n robusta para uso industrial<\/p>\n<\/li>\n<li data-start=\"1252\" data-end=\"1289\">\n<p data-start=\"1254\" data-end=\"1289\">F\u00e1cil calibraci\u00f3n y mantenimiento<\/p>\n<\/li>\n<li data-start=\"1290\" data-end=\"1306\">\n<p data-start=\"1292\" data-end=\"1306\">Marca: Acromag<\/p>\n<\/li>\n<\/ul>\n","protected":false},"excerpt":{"rendered":"<p>Transmisor Acromag DT333 para termopar y entrada milivoltios con configuraci\u00f3n de 4 hilos, ideal para control industrial.<\/p>\n","protected":false},"featured_media":2673,"comment_status":"open","ping_status":"closed","template":"","meta":{"om_disable_all_campaigns":false,"_uag_custom_page_level_css":"","_monsterinsights_skip_tracking":false,"_monsterinsights_sitenote_active":false,"_monsterinsights_sitenote_note":"","_monsterinsights_sitenote_category":0,"site-sidebar-layout":"default","site-content-layout":"","ast-site-content-layout":"default","site-content-style":"default","site-sidebar-style":"default","ast-global-header-display":"","ast-banner-title-visibility":"","ast-main-header-display":"","ast-hfb-above-header-display":"","ast-hfb-below-header-display":"","ast-hfb-mobile-header-display":"","site-post-title":"","ast-breadcrumbs-content":"","ast-featured-img":"","footer-sml-layout":"","theme-transparent-header-meta":"default","adv-header-id-meta":"","stick-header-meta":"","header-above-stick-meta":"","header-main-stick-meta":"","header-below-stick-meta":"","astra-migrate-meta-layouts":"set","ast-page-background-enabled":"default","ast-page-background-meta":{"desktop":{"background-color":"var(--ast-global-color-4)","background-image":"","background-repeat":"repeat","background-position":"center center","background-size":"auto","background-attachment":"scroll","background-type":"","background-media":"","overlay-type":"","overlay-color":"","overlay-gradient":""},"tablet":{"background-color":"","background-image":"","background-repeat":"repeat","background-position":"center center","background-size":"auto","background-attachment":"scroll","background-type":"","background-media":"","overlay-type":"","overlay-color":"","overlay-gradient":""},"mobile":{"background-color":"","background-image":"","background-repeat":"repeat","background-position":"center center","background-size":"auto","background-attachment":"scroll","background-type":"","background-media":"","overlay-type":"","overlay-color":"","overlay-gradient":""}},"ast-content-background-meta":{"desktop":{"background-color":"var(--ast-global-color-5)","background-image":"","background-repeat":"repeat","background-position":"center center","background-size":"auto","background-attachment":"scroll","background-type":"","background-media":"","overlay-type":"","overlay-color":"","overlay-gradient":""},"tablet":{"background-color":"var(--ast-global-color-5)","background-image":"","background-repeat":"repeat","background-position":"center center","background-size":"auto","background-attachment":"scroll","background-type":"","background-media":"","overlay-type":"","overlay-color":"","overlay-gradient":""},"mobile":{"background-color":"var(--ast-global-color-5)","background-image":"","background-repeat":"repeat","background-position":"center center","background-size":"auto","background-attachment":"scroll","background-type":"","background-media":"","overlay-type":"","overlay-color":"","overlay-gradient":""}}},"product_brand":[452],"product_cat":[15,30],"product_tag":[565,562,144,143,570,567,569,568],"class_list":{"0":"post-2672","1":"product","2":"type-product","3":"status-publish","4":"has-post-thumbnail","6":"product_brand-marca-industrial-acromag","7":"product_cat-motores-electricos-uso-industrial","8":"product_cat-refacciones-industriales","9":"product_tag-4-hilos","10":"product_tag-acromag","11":"product_tag-automatizacion","12":"product_tag-control-industrial","13":"product_tag-dt333","14":"product_tag-sensores-temperatura","15":"product_tag-transmisor-milivoltios","16":"product_tag-transmisor-termopar","17":"desktop-align-left","18":"tablet-align-left","19":"mobile-align-left","21":"first","22":"instock","23":"shipping-taxable","24":"product-type-simple"},"yoast_head":"<!-- This site is optimized with the Yoast SEO plugin v27.4 - https:\/\/yoast.com\/product\/yoast-seo-wordpress\/ -->\n<title>Acromag DT333 | Transmisor Dual de Entrada Termopar \/ Milivoltios 4 Hilos - &lt;strong&gt;Un buen proveedor no solo vende, asesora y soluciona&lt;\/strong&gt;<\/title>\n<meta name=\"description\" content=\"Acromag DT333 es un transmisor dual con entrada para termopar y milivoltios de 4 hilos, perfecto para aplicaciones industriales de control y monitoreo.\" \/>\n<meta name=\"robots\" content=\"index, follow, max-snippet:-1, max-image-preview:large, max-video-preview:-1\" \/>\n<link rel=\"canonical\" href=\"https:\/\/www.sdpcommerce.com\/es_mx\/producto\/acromag-dt333-transmisor-termopar-milivoltios-4hilos\/\" \/>\n<meta property=\"og:locale\" content=\"es_MX\" \/>\n<meta property=\"og:type\" content=\"article\" \/>\n<meta property=\"og:title\" content=\"Acromag DT333 | Transmisor Dual de Entrada Termopar \/ Milivoltios 4 Hilos - &lt;strong&gt;Un buen proveedor no solo vende, asesora y soluciona&lt;\/strong&gt;\" \/>\n<meta property=\"og:description\" content=\"Acromag DT333 es un transmisor dual con entrada para termopar y milivoltios de 4 hilos, perfecto para aplicaciones industriales de control y monitoreo.\" \/>\n<meta property=\"og:url\" content=\"https:\/\/www.sdpcommerce.com\/es_mx\/producto\/acromag-dt333-transmisor-termopar-milivoltios-4hilos\/\" \/>\n<meta property=\"og:site_name\" content=\"&lt;strong&gt;Un buen proveedor no solo vende, asesora y soluciona&lt;\/strong&gt;\" \/>\n<meta property=\"article:publisher\" content=\"https:\/\/www.facebook.com\/profile.php?id=61565795007009#\" \/>\n<meta property=\"og:image\" content=\"https:\/\/www.sdpcommerce.com\/wp-content\/uploads\/2025\/07\/acromag-dt333-transmisor-termopar-milivoltios.jpg.png\" \/>\n\t<meta property=\"og:image:width\" content=\"309\" \/>\n\t<meta property=\"og:image:height\" content=\"318\" \/>\n\t<meta property=\"og:image:type\" content=\"image\/png\" \/>\n<meta name=\"twitter:card\" content=\"summary_large_image\" \/>\n<meta name=\"twitter:label1\" content=\"Tiempo de lectura\" \/>\n\t<meta name=\"twitter:data1\" content=\"1 minuto\" \/>\n<script type=\"application\/ld+json\" class=\"yoast-schema-graph\">{\"@context\":\"https:\\\/\\\/schema.org\",\"@graph\":[{\"@type\":\"WebPage\",\"@id\":\"https:\\\/\\\/www.sdpcommerce.com\\\/producto\\\/acromag-dt333-transmisor-termopar-milivoltios-4hilos\\\/\",\"url\":\"https:\\\/\\\/www.sdpcommerce.com\\\/producto\\\/acromag-dt333-transmisor-termopar-milivoltios-4hilos\\\/\",\"name\":\"Acromag DT333 | Transmisor Dual de Entrada Termopar \\\/ Milivoltios 4 Hilos - &lt;strong&gt;Un buen proveedor no solo vende, asesora y soluciona&lt;\\\/strong&gt;\",\"isPartOf\":{\"@id\":\"https:\\\/\\\/www.sdpcommerce.com\\\/#website\"},\"primaryImageOfPage\":{\"@id\":\"https:\\\/\\\/www.sdpcommerce.com\\\/producto\\\/acromag-dt333-transmisor-termopar-milivoltios-4hilos\\\/#primaryimage\"},\"image\":{\"@id\":\"https:\\\/\\\/www.sdpcommerce.com\\\/producto\\\/acromag-dt333-transmisor-termopar-milivoltios-4hilos\\\/#primaryimage\"},\"thumbnailUrl\":\"https:\\\/\\\/www.sdpcommerce.com\\\/wp-content\\\/uploads\\\/2025\\\/07\\\/acromag-dt333-transmisor-termopar-milivoltios.jpg.png\",\"datePublished\":\"2025-07-31T21:49:59+00:00\",\"description\":\"Acromag DT333 es un transmisor dual con entrada para termopar y milivoltios de 4 hilos, perfecto para aplicaciones industriales de control y monitoreo.\",\"breadcrumb\":{\"@id\":\"https:\\\/\\\/www.sdpcommerce.com\\\/producto\\\/acromag-dt333-transmisor-termopar-milivoltios-4hilos\\\/#breadcrumb\"},\"inLanguage\":\"es\",\"potentialAction\":[{\"@type\":\"ReadAction\",\"target\":[\"https:\\\/\\\/www.sdpcommerce.com\\\/producto\\\/acromag-dt333-transmisor-termopar-milivoltios-4hilos\\\/\"]}]},{\"@type\":\"ImageObject\",\"inLanguage\":\"es\",\"@id\":\"https:\\\/\\\/www.sdpcommerce.com\\\/producto\\\/acromag-dt333-transmisor-termopar-milivoltios-4hilos\\\/#primaryimage\",\"url\":\"https:\\\/\\\/www.sdpcommerce.com\\\/wp-content\\\/uploads\\\/2025\\\/07\\\/acromag-dt333-transmisor-termopar-milivoltios.jpg.png\",\"contentUrl\":\"https:\\\/\\\/www.sdpcommerce.com\\\/wp-content\\\/uploads\\\/2025\\\/07\\\/acromag-dt333-transmisor-termopar-milivoltios.jpg.png\",\"width\":309,\"height\":318,\"caption\":\"Acromag DT333 \u2013 Transmisor dual para termopar y milivoltios\"},{\"@type\":\"BreadcrumbList\",\"@id\":\"https:\\\/\\\/www.sdpcommerce.com\\\/producto\\\/acromag-dt333-transmisor-termopar-milivoltios-4hilos\\\/#breadcrumb\",\"itemListElement\":[{\"@type\":\"ListItem\",\"position\":1,\"name\":\"Portada\",\"item\":\"https:\\\/\\\/www.sdpcommerce.com\\\/\"},{\"@type\":\"ListItem\",\"position\":2,\"name\":\"STORE\",\"item\":\"https:\\\/\\\/www.sdpcommerce.com\\\/shop-replacement-parts\\\/\"},{\"@type\":\"ListItem\",\"position\":3,\"name\":\"Motores El\u00e9ctricos para Uso Industrial\",\"item\":\"https:\\\/\\\/www.sdpcommerce.com\\\/categoria-producto\\\/motores-electricos-uso-industrial\\\/\"},{\"@type\":\"ListItem\",\"position\":4,\"name\":\"Acromag DT333 | Transmisor Dual de Entrada Termopar \\\/ Milivoltios 4 Hilos\"}]},{\"@type\":\"WebSite\",\"@id\":\"https:\\\/\\\/www.sdpcommerce.com\\\/#website\",\"url\":\"https:\\\/\\\/www.sdpcommerce.com\\\/\",\"name\":\"SDP COMMERCE\",\"description\":\" Contar con un proveedor que no solo te diga \u201cya no existe\u201d, sino que &lt;strong&gt;te proponga un reemplazo funcional&lt;\\\/strong&gt;, es una ventaja competitiva. Algunas acciones que realiza un proveedor proactivo\",\"publisher\":{\"@id\":\"https:\\\/\\\/www.sdpcommerce.com\\\/#organization\"},\"potentialAction\":[{\"@type\":\"SearchAction\",\"target\":{\"@type\":\"EntryPoint\",\"urlTemplate\":\"https:\\\/\\\/www.sdpcommerce.com\\\/?s={search_term_string}\"},\"query-input\":{\"@type\":\"PropertyValueSpecification\",\"valueRequired\":true,\"valueName\":\"search_term_string\"}}],\"inLanguage\":\"es\"},{\"@type\":\"Organization\",\"@id\":\"https:\\\/\\\/www.sdpcommerce.com\\\/#organization\",\"name\":\"SDP COMMERCE\",\"url\":\"https:\\\/\\\/www.sdpcommerce.com\\\/\",\"logo\":{\"@type\":\"ImageObject\",\"inLanguage\":\"es\",\"@id\":\"https:\\\/\\\/www.sdpcommerce.com\\\/#\\\/schema\\\/logo\\\/image\\\/\",\"url\":\"https:\\\/\\\/www.sdpcommerce.com\\\/wp-content\\\/uploads\\\/2025\\\/02\\\/Screenshot-2025-02-13-150556.png\",\"contentUrl\":\"https:\\\/\\\/www.sdpcommerce.com\\\/wp-content\\\/uploads\\\/2025\\\/02\\\/Screenshot-2025-02-13-150556.png\",\"width\":114,\"height\":108,\"caption\":\"SDP COMMERCE\"},\"image\":{\"@id\":\"https:\\\/\\\/www.sdpcommerce.com\\\/#\\\/schema\\\/logo\\\/image\\\/\"},\"sameAs\":[\"https:\\\/\\\/www.facebook.com\\\/profile.php?id=61565795007009#\"]}]}<\/script>\n<!-- \/ Yoast SEO plugin. -->","yoast_head_json":{"title":"Acromag DT333 | Transmisor Dual de Entrada Termopar \/ Milivoltios 4 Hilos - &lt;strong&gt;Un buen proveedor no solo vende, asesora y soluciona&lt;\/strong&gt;","description":"Acromag DT333 es un transmisor dual con entrada para termopar y milivoltios de 4 hilos, perfecto para aplicaciones industriales de control y monitoreo.","robots":{"index":"index","follow":"follow","max-snippet":"max-snippet:-1","max-image-preview":"max-image-preview:large","max-video-preview":"max-video-preview:-1"},"canonical":"https:\/\/www.sdpcommerce.com\/es_mx\/producto\/acromag-dt333-transmisor-termopar-milivoltios-4hilos\/","og_locale":"es_MX","og_type":"article","og_title":"Acromag DT333 | Transmisor Dual de Entrada Termopar \/ Milivoltios 4 Hilos - &lt;strong&gt;Un buen proveedor no solo vende, asesora y soluciona&lt;\/strong&gt;","og_description":"Acromag DT333 es un transmisor dual con entrada para termopar y milivoltios de 4 hilos, perfecto para aplicaciones industriales de control y monitoreo.","og_url":"https:\/\/www.sdpcommerce.com\/es_mx\/producto\/acromag-dt333-transmisor-termopar-milivoltios-4hilos\/","og_site_name":"&lt;strong&gt;Un buen proveedor no solo vende, asesora y soluciona&lt;\/strong&gt;","article_publisher":"https:\/\/www.facebook.com\/profile.php?id=61565795007009#","og_image":[{"width":309,"height":318,"url":"https:\/\/www.sdpcommerce.com\/wp-content\/uploads\/2025\/07\/acromag-dt333-transmisor-termopar-milivoltios.jpg.png","type":"image\/png"}],"twitter_card":"summary_large_image","twitter_misc":{"Tiempo de lectura":"1 minuto"},"schema":{"@context":"https:\/\/schema.org","@graph":[{"@type":"WebPage","@id":"https:\/\/www.sdpcommerce.com\/producto\/acromag-dt333-transmisor-termopar-milivoltios-4hilos\/","url":"https:\/\/www.sdpcommerce.com\/producto\/acromag-dt333-transmisor-termopar-milivoltios-4hilos\/","name":"Acromag DT333 | Transmisor Dual de Entrada Termopar \/ Milivoltios 4 Hilos - &lt;strong&gt;Un buen proveedor no solo vende, asesora y soluciona&lt;\/strong&gt;","isPartOf":{"@id":"https:\/\/www.sdpcommerce.com\/#website"},"primaryImageOfPage":{"@id":"https:\/\/www.sdpcommerce.com\/producto\/acromag-dt333-transmisor-termopar-milivoltios-4hilos\/#primaryimage"},"image":{"@id":"https:\/\/www.sdpcommerce.com\/producto\/acromag-dt333-transmisor-termopar-milivoltios-4hilos\/#primaryimage"},"thumbnailUrl":"https:\/\/www.sdpcommerce.com\/wp-content\/uploads\/2025\/07\/acromag-dt333-transmisor-termopar-milivoltios.jpg.png","datePublished":"2025-07-31T21:49:59+00:00","description":"Acromag DT333 es un transmisor dual con entrada para termopar y milivoltios de 4 hilos, perfecto para aplicaciones industriales de control y monitoreo.","breadcrumb":{"@id":"https:\/\/www.sdpcommerce.com\/producto\/acromag-dt333-transmisor-termopar-milivoltios-4hilos\/#breadcrumb"},"inLanguage":"es","potentialAction":[{"@type":"ReadAction","target":["https:\/\/www.sdpcommerce.com\/producto\/acromag-dt333-transmisor-termopar-milivoltios-4hilos\/"]}]},{"@type":"ImageObject","inLanguage":"es","@id":"https:\/\/www.sdpcommerce.com\/producto\/acromag-dt333-transmisor-termopar-milivoltios-4hilos\/#primaryimage","url":"https:\/\/www.sdpcommerce.com\/wp-content\/uploads\/2025\/07\/acromag-dt333-transmisor-termopar-milivoltios.jpg.png","contentUrl":"https:\/\/www.sdpcommerce.com\/wp-content\/uploads\/2025\/07\/acromag-dt333-transmisor-termopar-milivoltios.jpg.png","width":309,"height":318,"caption":"Acromag DT333 \u2013 Transmisor dual para termopar y milivoltios"},{"@type":"BreadcrumbList","@id":"https:\/\/www.sdpcommerce.com\/producto\/acromag-dt333-transmisor-termopar-milivoltios-4hilos\/#breadcrumb","itemListElement":[{"@type":"ListItem","position":1,"name":"Portada","item":"https:\/\/www.sdpcommerce.com\/"},{"@type":"ListItem","position":2,"name":"STORE","item":"https:\/\/www.sdpcommerce.com\/shop-replacement-parts\/"},{"@type":"ListItem","position":3,"name":"Motores El\u00e9ctricos para Uso Industrial","item":"https:\/\/www.sdpcommerce.com\/categoria-producto\/motores-electricos-uso-industrial\/"},{"@type":"ListItem","position":4,"name":"Acromag DT333 | Transmisor Dual de Entrada Termopar \/ Milivoltios 4 Hilos"}]},{"@type":"WebSite","@id":"https:\/\/www.sdpcommerce.com\/#website","url":"https:\/\/www.sdpcommerce.com\/","name":"SDP COMMERCE","description":" Contar con un proveedor que no solo te diga \u201cya no existe\u201d, sino que &lt;strong&gt;te proponga un reemplazo funcional&lt;\/strong&gt;, es una ventaja competitiva. Algunas acciones que realiza un proveedor proactivo","publisher":{"@id":"https:\/\/www.sdpcommerce.com\/#organization"},"potentialAction":[{"@type":"SearchAction","target":{"@type":"EntryPoint","urlTemplate":"https:\/\/www.sdpcommerce.com\/?s={search_term_string}"},"query-input":{"@type":"PropertyValueSpecification","valueRequired":true,"valueName":"search_term_string"}}],"inLanguage":"es"},{"@type":"Organization","@id":"https:\/\/www.sdpcommerce.com\/#organization","name":"SDP COMMERCE","url":"https:\/\/www.sdpcommerce.com\/","logo":{"@type":"ImageObject","inLanguage":"es","@id":"https:\/\/www.sdpcommerce.com\/#\/schema\/logo\/image\/","url":"https:\/\/www.sdpcommerce.com\/wp-content\/uploads\/2025\/02\/Screenshot-2025-02-13-150556.png","contentUrl":"https:\/\/www.sdpcommerce.com\/wp-content\/uploads\/2025\/02\/Screenshot-2025-02-13-150556.png","width":114,"height":108,"caption":"SDP COMMERCE"},"image":{"@id":"https:\/\/www.sdpcommerce.com\/#\/schema\/logo\/image\/"},"sameAs":["https:\/\/www.facebook.com\/profile.php?id=61565795007009#"]}]}},"uagb_featured_image_src":{"full":["https:\/\/www.sdpcommerce.com\/wp-content\/uploads\/2025\/07\/acromag-dt333-transmisor-termopar-milivoltios.jpg.png",309,318,false],"thumbnail":["https:\/\/www.sdpcommerce.com\/wp-content\/uploads\/2025\/07\/acromag-dt333-transmisor-termopar-milivoltios.jpg-150x150.png",150,150,true],"medium":["https:\/\/www.sdpcommerce.com\/wp-content\/uploads\/2025\/07\/acromag-dt333-transmisor-termopar-milivoltios.jpg-292x300.png",292,300,true],"medium_large":["https:\/\/www.sdpcommerce.com\/wp-content\/uploads\/2025\/07\/acromag-dt333-transmisor-termopar-milivoltios.jpg.png",309,318,false],"large":["https:\/\/www.sdpcommerce.com\/wp-content\/uploads\/2025\/07\/acromag-dt333-transmisor-termopar-milivoltios.jpg.png",309,318,false],"1536x1536":["https:\/\/www.sdpcommerce.com\/wp-content\/uploads\/2025\/07\/acromag-dt333-transmisor-termopar-milivoltios.jpg.png",309,318,false],"2048x2048":["https:\/\/www.sdpcommerce.com\/wp-content\/uploads\/2025\/07\/acromag-dt333-transmisor-termopar-milivoltios.jpg.png",309,318,false],"trp-custom-language-flag":["https:\/\/www.sdpcommerce.com\/wp-content\/uploads\/2025\/07\/acromag-dt333-transmisor-termopar-milivoltios.jpg-12x12.png",12,12,true],"woocommerce_thumbnail":["https:\/\/www.sdpcommerce.com\/wp-content\/uploads\/2025\/07\/acromag-dt333-transmisor-termopar-milivoltios.jpg-300x300.png",300,300,true],"woocommerce_single":["https:\/\/www.sdpcommerce.com\/wp-content\/uploads\/2025\/07\/acromag-dt333-transmisor-termopar-milivoltios.jpg.png",309,318,false],"woocommerce_gallery_thumbnail":["https:\/\/www.sdpcommerce.com\/wp-content\/uploads\/2025\/07\/acromag-dt333-transmisor-termopar-milivoltios.jpg-100x100.png",100,100,true]},"uagb_author_info":{"display_name":"admin","author_link":"https:\/\/www.sdpcommerce.com\/es_mx\/author\/"},"uagb_comment_info":0,"uagb_excerpt":"Transmisor Acromag DT333 para termopar y entrada milivoltios con configuraci\u00f3n de 4 hilos, ideal para control industrial.","_links":{"self":[{"href":"https:\/\/www.sdpcommerce.com\/es_mx\/wp-json\/wp\/v2\/product\/2672","targetHints":{"allow":["GET"]}}],"collection":[{"href":"https:\/\/www.sdpcommerce.com\/es_mx\/wp-json\/wp\/v2\/product"}],"about":[{"href":"https:\/\/www.sdpcommerce.com\/es_mx\/wp-json\/wp\/v2\/types\/product"}],"replies":[{"embeddable":true,"href":"https:\/\/www.sdpcommerce.com\/es_mx\/wp-json\/wp\/v2\/comments?post=2672"}],"wp:featuredmedia":[{"embeddable":true,"href":"https:\/\/www.sdpcommerce.com\/es_mx\/wp-json\/wp\/v2\/media\/2673"}],"wp:attachment":[{"href":"https:\/\/www.sdpcommerce.com\/es_mx\/wp-json\/wp\/v2\/media?parent=2672"}],"wp:term":[{"taxonomy":"product_brand","embeddable":true,"href":"https:\/\/www.sdpcommerce.com\/es_mx\/wp-json\/wp\/v2\/product_brand?post=2672"},{"taxonomy":"product_cat","embeddable":true,"href":"https:\/\/www.sdpcommerce.com\/es_mx\/wp-json\/wp\/v2\/product_cat?post=2672"},{"taxonomy":"product_tag","embeddable":true,"href":"https:\/\/www.sdpcommerce.com\/es_mx\/wp-json\/wp\/v2\/product_tag?post=2672"}],"curies":[{"name":"wp","href":"https:\/\/api.w.org\/{rel}","templated":true}]}}