{"id":2666,"date":"2025-07-31T23:39:21","date_gmt":"2025-07-31T21:39:21","guid":{"rendered":"https:\/\/www.sdpcommerce.com\/?post_type=product&#038;p=2666"},"modified":"2026-02-27T18:49:17","modified_gmt":"2026-02-27T17:49:17","slug":"accu-labe-stic-it-hand-labeller-portatil-recargable","status":"publish","type":"product","link":"https:\/\/www.sdpcommerce.com\/es_mx\/producto\/accu-labe-stic-it-hand-labeller-portatil-recargable\/","title":{"rendered":"ACCU LABE STIC-it\u2122 Hand Labeller | Etiquetadora manual port\u00e1til recargable"},"content":{"rendered":"<p data-start=\"386\" data-end=\"658\">La <strong data-start=\"389\" data-end=\"425\">ACCU LABE STIC-it\u2122 Hand Labeller<\/strong> es una etiquetadora manual port\u00e1til que incorpora una bater\u00eda recargable y removible con una duraci\u00f3n de hasta <strong data-start=\"537\" data-end=\"549\">10 horas<\/strong>, ofreciendo gran autonom\u00eda para aplicaciones m\u00f3viles o en espacios sin acceso constante a energ\u00eda el\u00e9ctrica.<\/p>\n<p data-start=\"660\" data-end=\"965\">Su dise\u00f1o ergon\u00f3mico, con un mango moldeado ambidiestro, proporciona comodidad para usuarios diestros o zurdos, facilitando el etiquetado r\u00e1pido y eficiente. Adem\u00e1s, cuenta con un sistema de <strong data-start=\"851\" data-end=\"914\">rebobinado de la funda de desperdicios (Waste Liner Rewind)<\/strong> que mantiene el \u00e1rea de trabajo limpia y ordenada.<\/p>\n<p data-start=\"967\" data-end=\"1102\">Ideal para etiquetado en puntos de venta, almacenes, eventos o l\u00edneas de producci\u00f3n donde la movilidad y la facilidad de uso son clave.<\/p>\n<p data-start=\"1104\" data-end=\"1136\"><strong data-start=\"1104\" data-end=\"1136\">Caracter\u00edsticas principales:<\/strong><\/p>\n<ul data-start=\"1137\" data-end=\"1380\">\n<li data-start=\"1137\" data-end=\"1192\">\n<p data-start=\"1139\" data-end=\"1192\">Etiquetadora manual port\u00e1til con bater\u00eda recargable<\/p>\n<\/li>\n<li data-start=\"1193\" data-end=\"1234\">\n<p data-start=\"1195\" data-end=\"1234\">Duraci\u00f3n de bater\u00eda de hasta 10 horas<\/p>\n<\/li>\n<li data-start=\"1235\" data-end=\"1276\">\n<p data-start=\"1237\" data-end=\"1276\">Mango ambidiestro ergon\u00f3mico y c\u00f3modo<\/p>\n<\/li>\n<li data-start=\"1277\" data-end=\"1331\">\n<p data-start=\"1279\" data-end=\"1331\">Sistema Waste Liner Rewind para manejo de residuos<\/p>\n<\/li>\n<li data-start=\"1332\" data-end=\"1361\">\n<p data-start=\"1334\" data-end=\"1361\">F\u00e1cil uso y mantenimiento<\/p>\n<\/li>\n<li data-start=\"1362\" data-end=\"1380\">\n<p data-start=\"1364\" data-end=\"1380\">Marca: ACCU LABE<\/p>\n<\/li>\n<\/ul>\n","protected":false},"excerpt":{"rendered":"<p>Etiquetadora manual port\u00e1til ACCU LABE STIC-it\u2122 con bater\u00eda recargable de 10 horas y dise\u00f1o ergon\u00f3mico ambidiestro.<\/p>\n","protected":false},"featured_media":2667,"comment_status":"open","ping_status":"closed","template":"","meta":{"om_disable_all_campaigns":false,"_uag_custom_page_level_css":"","_monsterinsights_skip_tracking":false,"_monsterinsights_sitenote_active":false,"_monsterinsights_sitenote_note":"","_monsterinsights_sitenote_category":0,"site-sidebar-layout":"default","site-content-layout":"","ast-site-content-layout":"default","site-content-style":"default","site-sidebar-style":"default","ast-global-header-display":"","ast-banner-title-visibility":"","ast-main-header-display":"","ast-hfb-above-header-display":"","ast-hfb-below-header-display":"","ast-hfb-mobile-header-display":"","site-post-title":"","ast-breadcrumbs-content":"","ast-featured-img":"","footer-sml-layout":"","theme-transparent-header-meta":"default","adv-header-id-meta":"","stick-header-meta":"","header-above-stick-meta":"","header-main-stick-meta":"","header-below-stick-meta":"","astra-migrate-meta-layouts":"set","ast-page-background-enabled":"default","ast-page-background-meta":{"desktop":{"background-color":"var(--ast-global-color-4)","background-image":"","background-repeat":"repeat","background-position":"center center","background-size":"auto","background-attachment":"scroll","background-type":"","background-media":"","overlay-type":"","overlay-color":"","overlay-gradient":""},"tablet":{"background-color":"","background-image":"","background-repeat":"repeat","background-position":"center center","background-size":"auto","background-attachment":"scroll","background-type":"","background-media":"","overlay-type":"","overlay-color":"","overlay-gradient":""},"mobile":{"background-color":"","background-image":"","background-repeat":"repeat","background-position":"center center","background-size":"auto","background-attachment":"scroll","background-type":"","background-media":"","overlay-type":"","overlay-color":"","overlay-gradient":""}},"ast-content-background-meta":{"desktop":{"background-color":"var(--ast-global-color-5)","background-image":"","background-repeat":"repeat","background-position":"center center","background-size":"auto","background-attachment":"scroll","background-type":"","background-media":"","overlay-type":"","overlay-color":"","overlay-gradient":""},"tablet":{"background-color":"var(--ast-global-color-5)","background-image":"","background-repeat":"repeat","background-position":"center center","background-size":"auto","background-attachment":"scroll","background-type":"","background-media":"","overlay-type":"","overlay-color":"","overlay-gradient":""},"mobile":{"background-color":"var(--ast-global-color-5)","background-image":"","background-repeat":"repeat","background-position":"center center","background-size":"auto","background-attachment":"scroll","background-type":"","background-media":"","overlay-type":"","overlay-color":"","overlay-gradient":""}}},"product_brand":[446],"product_cat":[15,30],"product_tag":[535,552,553,551,550,554,549],"class_list":{"0":"post-2666","1":"product","2":"type-product","3":"status-publish","4":"has-post-thumbnail","6":"product_brand-marca-industrial-accu-lube","7":"product_cat-motores-electricos-uso-industrial","8":"product_cat-refacciones-industriales","9":"product_tag-accu-labe","10":"product_tag-bateria-recargable","11":"product_tag-etiquetado-movil","12":"product_tag-etiquetadora-manual","13":"product_tag-etiquetadora-portatil","14":"product_tag-mango-ergonomico","15":"product_tag-stic-it-hand-labelle","16":"desktop-align-left","17":"tablet-align-left","18":"mobile-align-left","20":"first","21":"instock","22":"shipping-taxable","23":"product-type-simple"},"yoast_head":"<!-- This site is optimized with the Yoast SEO plugin v27.4 - https:\/\/yoast.com\/product\/yoast-seo-wordpress\/ -->\n<title>ACCU LABE STIC-it\u2122 Hand Labeller | Etiquetadora manual port\u00e1til recargable<\/title>\n<meta name=\"description\" content=\"ACCU LABE STIC-it\u2122 Hand Labeller es una etiquetadora port\u00e1til con bater\u00eda recargable de hasta 10 horas y mango ergon\u00f3mico ambidiestro.\" \/>\n<meta name=\"robots\" content=\"index, follow, max-snippet:-1, max-image-preview:large, max-video-preview:-1\" \/>\n<link rel=\"canonical\" href=\"https:\/\/www.sdpcommerce.com\/es_mx\/producto\/accu-labe-stic-it-hand-labeller-portatil-recargable\/\" \/>\n<meta property=\"og:locale\" content=\"es_MX\" \/>\n<meta property=\"og:type\" content=\"article\" \/>\n<meta property=\"og:title\" content=\"ACCU LABE STIC-it\u2122 Hand Labeller | Etiquetadora manual port\u00e1til recargable\" \/>\n<meta property=\"og:description\" content=\"ACCU LABE STIC-it\u2122 Hand Labeller es una etiquetadora port\u00e1til con bater\u00eda recargable de hasta 10 horas y mango ergon\u00f3mico ambidiestro.\" \/>\n<meta property=\"og:url\" content=\"https:\/\/www.sdpcommerce.com\/es_mx\/producto\/accu-labe-stic-it-hand-labeller-portatil-recargable\/\" \/>\n<meta property=\"og:site_name\" content=\"&lt;strong&gt;Un buen proveedor no solo vende, asesora y soluciona&lt;\/strong&gt;\" \/>\n<meta property=\"article:publisher\" content=\"https:\/\/www.facebook.com\/profile.php?id=61565795007009#\" \/>\n<meta property=\"article:modified_time\" content=\"2026-02-27T17:49:17+00:00\" \/>\n<meta property=\"og:image\" content=\"https:\/\/www.sdpcommerce.com\/wp-content\/uploads\/2025\/07\/accu-labe-stic-it-hand-labeller-portatil.jpg.png\" \/>\n\t<meta property=\"og:image:width\" content=\"564\" \/>\n\t<meta property=\"og:image:height\" content=\"348\" \/>\n\t<meta property=\"og:image:type\" content=\"image\/png\" \/>\n<meta name=\"twitter:card\" content=\"summary_large_image\" \/>\n<meta name=\"twitter:label1\" content=\"Tiempo de lectura\" \/>\n\t<meta name=\"twitter:data1\" content=\"1 minuto\" \/>\n<script type=\"application\/ld+json\" class=\"yoast-schema-graph\">{\"@context\":\"https:\\\/\\\/schema.org\",\"@graph\":[{\"@type\":\"WebPage\",\"@id\":\"https:\\\/\\\/www.sdpcommerce.com\\\/producto\\\/accu-labe-stic-it-hand-labeller-portatil-recargable\\\/\",\"url\":\"https:\\\/\\\/www.sdpcommerce.com\\\/producto\\\/accu-labe-stic-it-hand-labeller-portatil-recargable\\\/\",\"name\":\"ACCU LABE STIC-it\u2122 Hand Labeller | Etiquetadora manual port\u00e1til recargable\",\"isPartOf\":{\"@id\":\"https:\\\/\\\/www.sdpcommerce.com\\\/#website\"},\"primaryImageOfPage\":{\"@id\":\"https:\\\/\\\/www.sdpcommerce.com\\\/producto\\\/accu-labe-stic-it-hand-labeller-portatil-recargable\\\/#primaryimage\"},\"image\":{\"@id\":\"https:\\\/\\\/www.sdpcommerce.com\\\/producto\\\/accu-labe-stic-it-hand-labeller-portatil-recargable\\\/#primaryimage\"},\"thumbnailUrl\":\"https:\\\/\\\/www.sdpcommerce.com\\\/wp-content\\\/uploads\\\/2025\\\/07\\\/accu-labe-stic-it-hand-labeller-portatil.jpg.png\",\"datePublished\":\"2025-07-31T21:39:21+00:00\",\"dateModified\":\"2026-02-27T17:49:17+00:00\",\"description\":\"ACCU LABE STIC-it\u2122 Hand Labeller es una etiquetadora port\u00e1til con bater\u00eda recargable de hasta 10 horas y mango ergon\u00f3mico ambidiestro.\",\"breadcrumb\":{\"@id\":\"https:\\\/\\\/www.sdpcommerce.com\\\/producto\\\/accu-labe-stic-it-hand-labeller-portatil-recargable\\\/#breadcrumb\"},\"inLanguage\":\"es\",\"potentialAction\":[{\"@type\":\"ReadAction\",\"target\":[\"https:\\\/\\\/www.sdpcommerce.com\\\/producto\\\/accu-labe-stic-it-hand-labeller-portatil-recargable\\\/\"]}]},{\"@type\":\"ImageObject\",\"inLanguage\":\"es\",\"@id\":\"https:\\\/\\\/www.sdpcommerce.com\\\/producto\\\/accu-labe-stic-it-hand-labeller-portatil-recargable\\\/#primaryimage\",\"url\":\"https:\\\/\\\/www.sdpcommerce.com\\\/wp-content\\\/uploads\\\/2025\\\/07\\\/accu-labe-stic-it-hand-labeller-portatil.jpg.png\",\"contentUrl\":\"https:\\\/\\\/www.sdpcommerce.com\\\/wp-content\\\/uploads\\\/2025\\\/07\\\/accu-labe-stic-it-hand-labeller-portatil.jpg.png\",\"width\":564,\"height\":348,\"caption\":\"Etiquetadora port\u00e1til ACCU LABE STIC-it Hand Labeller con bater\u00eda de larga duraci\u00f3n\"},{\"@type\":\"BreadcrumbList\",\"@id\":\"https:\\\/\\\/www.sdpcommerce.com\\\/producto\\\/accu-labe-stic-it-hand-labeller-portatil-recargable\\\/#breadcrumb\",\"itemListElement\":[{\"@type\":\"ListItem\",\"position\":1,\"name\":\"Portada\",\"item\":\"https:\\\/\\\/www.sdpcommerce.com\\\/\"},{\"@type\":\"ListItem\",\"position\":2,\"name\":\"STORE\",\"item\":\"https:\\\/\\\/www.sdpcommerce.com\\\/shop-replacement-parts\\\/\"},{\"@type\":\"ListItem\",\"position\":3,\"name\":\"Motores El\u00e9ctricos para Uso Industrial\",\"item\":\"https:\\\/\\\/www.sdpcommerce.com\\\/categoria-producto\\\/motores-electricos-uso-industrial\\\/\"},{\"@type\":\"ListItem\",\"position\":4,\"name\":\"ACCU LABE STIC-it\u2122 Hand Labeller | Etiquetadora manual port\u00e1til recargable\"}]},{\"@type\":\"WebSite\",\"@id\":\"https:\\\/\\\/www.sdpcommerce.com\\\/#website\",\"url\":\"https:\\\/\\\/www.sdpcommerce.com\\\/\",\"name\":\"SDP COMMERCE\",\"description\":\" Contar con un proveedor que no solo te diga \u201cya no existe\u201d, sino que &lt;strong&gt;te proponga un reemplazo funcional&lt;\\\/strong&gt;, es una ventaja competitiva. Algunas acciones que realiza un proveedor proactivo\",\"publisher\":{\"@id\":\"https:\\\/\\\/www.sdpcommerce.com\\\/#organization\"},\"potentialAction\":[{\"@type\":\"SearchAction\",\"target\":{\"@type\":\"EntryPoint\",\"urlTemplate\":\"https:\\\/\\\/www.sdpcommerce.com\\\/?s={search_term_string}\"},\"query-input\":{\"@type\":\"PropertyValueSpecification\",\"valueRequired\":true,\"valueName\":\"search_term_string\"}}],\"inLanguage\":\"es\"},{\"@type\":\"Organization\",\"@id\":\"https:\\\/\\\/www.sdpcommerce.com\\\/#organization\",\"name\":\"SDP COMMERCE\",\"url\":\"https:\\\/\\\/www.sdpcommerce.com\\\/\",\"logo\":{\"@type\":\"ImageObject\",\"inLanguage\":\"es\",\"@id\":\"https:\\\/\\\/www.sdpcommerce.com\\\/#\\\/schema\\\/logo\\\/image\\\/\",\"url\":\"https:\\\/\\\/www.sdpcommerce.com\\\/wp-content\\\/uploads\\\/2025\\\/02\\\/Screenshot-2025-02-13-150556.png\",\"contentUrl\":\"https:\\\/\\\/www.sdpcommerce.com\\\/wp-content\\\/uploads\\\/2025\\\/02\\\/Screenshot-2025-02-13-150556.png\",\"width\":114,\"height\":108,\"caption\":\"SDP COMMERCE\"},\"image\":{\"@id\":\"https:\\\/\\\/www.sdpcommerce.com\\\/#\\\/schema\\\/logo\\\/image\\\/\"},\"sameAs\":[\"https:\\\/\\\/www.facebook.com\\\/profile.php?id=61565795007009#\"]}]}<\/script>\n<!-- \/ Yoast SEO plugin. -->","yoast_head_json":{"title":"ACCU LABE STIC-it\u2122 Hand Labeller | Etiquetadora manual port\u00e1til recargable","description":"ACCU LABE STIC-it\u2122 Hand Labeller es una etiquetadora port\u00e1til con bater\u00eda recargable de hasta 10 horas y mango ergon\u00f3mico ambidiestro.","robots":{"index":"index","follow":"follow","max-snippet":"max-snippet:-1","max-image-preview":"max-image-preview:large","max-video-preview":"max-video-preview:-1"},"canonical":"https:\/\/www.sdpcommerce.com\/es_mx\/producto\/accu-labe-stic-it-hand-labeller-portatil-recargable\/","og_locale":"es_MX","og_type":"article","og_title":"ACCU LABE STIC-it\u2122 Hand Labeller | Etiquetadora manual port\u00e1til recargable","og_description":"ACCU LABE STIC-it\u2122 Hand Labeller es una etiquetadora port\u00e1til con bater\u00eda recargable de hasta 10 horas y mango ergon\u00f3mico ambidiestro.","og_url":"https:\/\/www.sdpcommerce.com\/es_mx\/producto\/accu-labe-stic-it-hand-labeller-portatil-recargable\/","og_site_name":"&lt;strong&gt;Un buen proveedor no solo vende, asesora y soluciona&lt;\/strong&gt;","article_publisher":"https:\/\/www.facebook.com\/profile.php?id=61565795007009#","article_modified_time":"2026-02-27T17:49:17+00:00","og_image":[{"width":564,"height":348,"url":"https:\/\/www.sdpcommerce.com\/wp-content\/uploads\/2025\/07\/accu-labe-stic-it-hand-labeller-portatil.jpg.png","type":"image\/png"}],"twitter_card":"summary_large_image","twitter_misc":{"Tiempo de lectura":"1 minuto"},"schema":{"@context":"https:\/\/schema.org","@graph":[{"@type":"WebPage","@id":"https:\/\/www.sdpcommerce.com\/producto\/accu-labe-stic-it-hand-labeller-portatil-recargable\/","url":"https:\/\/www.sdpcommerce.com\/producto\/accu-labe-stic-it-hand-labeller-portatil-recargable\/","name":"ACCU LABE STIC-it\u2122 Hand Labeller | Etiquetadora manual port\u00e1til recargable","isPartOf":{"@id":"https:\/\/www.sdpcommerce.com\/#website"},"primaryImageOfPage":{"@id":"https:\/\/www.sdpcommerce.com\/producto\/accu-labe-stic-it-hand-labeller-portatil-recargable\/#primaryimage"},"image":{"@id":"https:\/\/www.sdpcommerce.com\/producto\/accu-labe-stic-it-hand-labeller-portatil-recargable\/#primaryimage"},"thumbnailUrl":"https:\/\/www.sdpcommerce.com\/wp-content\/uploads\/2025\/07\/accu-labe-stic-it-hand-labeller-portatil.jpg.png","datePublished":"2025-07-31T21:39:21+00:00","dateModified":"2026-02-27T17:49:17+00:00","description":"ACCU LABE STIC-it\u2122 Hand Labeller es una etiquetadora port\u00e1til con bater\u00eda recargable de hasta 10 horas y mango ergon\u00f3mico ambidiestro.","breadcrumb":{"@id":"https:\/\/www.sdpcommerce.com\/producto\/accu-labe-stic-it-hand-labeller-portatil-recargable\/#breadcrumb"},"inLanguage":"es","potentialAction":[{"@type":"ReadAction","target":["https:\/\/www.sdpcommerce.com\/producto\/accu-labe-stic-it-hand-labeller-portatil-recargable\/"]}]},{"@type":"ImageObject","inLanguage":"es","@id":"https:\/\/www.sdpcommerce.com\/producto\/accu-labe-stic-it-hand-labeller-portatil-recargable\/#primaryimage","url":"https:\/\/www.sdpcommerce.com\/wp-content\/uploads\/2025\/07\/accu-labe-stic-it-hand-labeller-portatil.jpg.png","contentUrl":"https:\/\/www.sdpcommerce.com\/wp-content\/uploads\/2025\/07\/accu-labe-stic-it-hand-labeller-portatil.jpg.png","width":564,"height":348,"caption":"Etiquetadora port\u00e1til ACCU LABE STIC-it Hand Labeller con bater\u00eda de larga duraci\u00f3n"},{"@type":"BreadcrumbList","@id":"https:\/\/www.sdpcommerce.com\/producto\/accu-labe-stic-it-hand-labeller-portatil-recargable\/#breadcrumb","itemListElement":[{"@type":"ListItem","position":1,"name":"Portada","item":"https:\/\/www.sdpcommerce.com\/"},{"@type":"ListItem","position":2,"name":"STORE","item":"https:\/\/www.sdpcommerce.com\/shop-replacement-parts\/"},{"@type":"ListItem","position":3,"name":"Motores El\u00e9ctricos para Uso Industrial","item":"https:\/\/www.sdpcommerce.com\/categoria-producto\/motores-electricos-uso-industrial\/"},{"@type":"ListItem","position":4,"name":"ACCU LABE STIC-it\u2122 Hand Labeller | Etiquetadora manual port\u00e1til recargable"}]},{"@type":"WebSite","@id":"https:\/\/www.sdpcommerce.com\/#website","url":"https:\/\/www.sdpcommerce.com\/","name":"SDP COMMERCE","description":" Contar con un proveedor que no solo te diga \u201cya no existe\u201d, sino que &lt;strong&gt;te proponga un reemplazo funcional&lt;\/strong&gt;, es una ventaja competitiva. Algunas acciones que realiza un proveedor proactivo","publisher":{"@id":"https:\/\/www.sdpcommerce.com\/#organization"},"potentialAction":[{"@type":"SearchAction","target":{"@type":"EntryPoint","urlTemplate":"https:\/\/www.sdpcommerce.com\/?s={search_term_string}"},"query-input":{"@type":"PropertyValueSpecification","valueRequired":true,"valueName":"search_term_string"}}],"inLanguage":"es"},{"@type":"Organization","@id":"https:\/\/www.sdpcommerce.com\/#organization","name":"SDP COMMERCE","url":"https:\/\/www.sdpcommerce.com\/","logo":{"@type":"ImageObject","inLanguage":"es","@id":"https:\/\/www.sdpcommerce.com\/#\/schema\/logo\/image\/","url":"https:\/\/www.sdpcommerce.com\/wp-content\/uploads\/2025\/02\/Screenshot-2025-02-13-150556.png","contentUrl":"https:\/\/www.sdpcommerce.com\/wp-content\/uploads\/2025\/02\/Screenshot-2025-02-13-150556.png","width":114,"height":108,"caption":"SDP COMMERCE"},"image":{"@id":"https:\/\/www.sdpcommerce.com\/#\/schema\/logo\/image\/"},"sameAs":["https:\/\/www.facebook.com\/profile.php?id=61565795007009#"]}]}},"uagb_featured_image_src":{"full":["https:\/\/www.sdpcommerce.com\/wp-content\/uploads\/2025\/07\/accu-labe-stic-it-hand-labeller-portatil.jpg.png",564,348,false],"thumbnail":["https:\/\/www.sdpcommerce.com\/wp-content\/uploads\/2025\/07\/accu-labe-stic-it-hand-labeller-portatil.jpg-150x150.png",150,150,true],"medium":["https:\/\/www.sdpcommerce.com\/wp-content\/uploads\/2025\/07\/accu-labe-stic-it-hand-labeller-portatil.jpg-300x185.png",300,185,true],"medium_large":["https:\/\/www.sdpcommerce.com\/wp-content\/uploads\/2025\/07\/accu-labe-stic-it-hand-labeller-portatil.jpg.png",564,348,false],"large":["https:\/\/www.sdpcommerce.com\/wp-content\/uploads\/2025\/07\/accu-labe-stic-it-hand-labeller-portatil.jpg.png",564,348,false],"1536x1536":["https:\/\/www.sdpcommerce.com\/wp-content\/uploads\/2025\/07\/accu-labe-stic-it-hand-labeller-portatil.jpg.png",564,348,false],"2048x2048":["https:\/\/www.sdpcommerce.com\/wp-content\/uploads\/2025\/07\/accu-labe-stic-it-hand-labeller-portatil.jpg.png",564,348,false],"trp-custom-language-flag":["https:\/\/www.sdpcommerce.com\/wp-content\/uploads\/2025\/07\/accu-labe-stic-it-hand-labeller-portatil.jpg-18x12.png",18,12,true],"woocommerce_thumbnail":["https:\/\/www.sdpcommerce.com\/wp-content\/uploads\/2025\/07\/accu-labe-stic-it-hand-labeller-portatil.jpg-300x300.png",300,300,true],"woocommerce_single":["https:\/\/www.sdpcommerce.com\/wp-content\/uploads\/2025\/07\/accu-labe-stic-it-hand-labeller-portatil.jpg.png",564,348,false],"woocommerce_gallery_thumbnail":["https:\/\/www.sdpcommerce.com\/wp-content\/uploads\/2025\/07\/accu-labe-stic-it-hand-labeller-portatil.jpg-100x100.png",100,100,true]},"uagb_author_info":{"display_name":"admin","author_link":"https:\/\/www.sdpcommerce.com\/es_mx\/author\/"},"uagb_comment_info":1,"uagb_excerpt":"Etiquetadora manual port\u00e1til ACCU LABE STIC-it\u2122 con bater\u00eda recargable de 10 horas y dise\u00f1o ergon\u00f3mico ambidiestro.","_links":{"self":[{"href":"https:\/\/www.sdpcommerce.com\/es_mx\/wp-json\/wp\/v2\/product\/2666","targetHints":{"allow":["GET"]}}],"collection":[{"href":"https:\/\/www.sdpcommerce.com\/es_mx\/wp-json\/wp\/v2\/product"}],"about":[{"href":"https:\/\/www.sdpcommerce.com\/es_mx\/wp-json\/wp\/v2\/types\/product"}],"replies":[{"embeddable":true,"href":"https:\/\/www.sdpcommerce.com\/es_mx\/wp-json\/wp\/v2\/comments?post=2666"}],"wp:featuredmedia":[{"embeddable":true,"href":"https:\/\/www.sdpcommerce.com\/es_mx\/wp-json\/wp\/v2\/media\/2667"}],"wp:attachment":[{"href":"https:\/\/www.sdpcommerce.com\/es_mx\/wp-json\/wp\/v2\/media?parent=2666"}],"wp:term":[{"taxonomy":"product_brand","embeddable":true,"href":"https:\/\/www.sdpcommerce.com\/es_mx\/wp-json\/wp\/v2\/product_brand?post=2666"},{"taxonomy":"product_cat","embeddable":true,"href":"https:\/\/www.sdpcommerce.com\/es_mx\/wp-json\/wp\/v2\/product_cat?post=2666"},{"taxonomy":"product_tag","embeddable":true,"href":"https:\/\/www.sdpcommerce.com\/es_mx\/wp-json\/wp\/v2\/product_tag?post=2666"}],"curies":[{"name":"wp","href":"https:\/\/api.w.org\/{rel}","templated":true}]}}