{"id":2664,"date":"2025-07-31T23:35:13","date_gmt":"2025-07-31T21:35:13","guid":{"rendered":"https:\/\/www.sdpcommerce.com\/?post_type=product&#038;p=2664"},"modified":"2026-02-20T01:32:24","modified_gmt":"2026-02-20T00:32:24","slug":"accu-labe-stic-it-ttpr-print-apply-bajo-volumen","status":"publish","type":"product","link":"https:\/\/www.sdpcommerce.com\/es_mx\/producto\/accu-labe-stic-it-ttpr-print-apply-bajo-volumen\/","title":{"rendered":"ACCU LABE STIC-it\u2122 TTPR | Etiquetado Print &#038; Apply\u2122 para aplicaciones de bajo volumen"},"content":{"rendered":"<p data-start=\"408\" data-end=\"759\">El <strong data-start=\"411\" data-end=\"438\">ACCU LABE STIC-it\u2122 TTPR<\/strong> est\u00e1 dise\u00f1ado para clientes que requieren la versatilidad del sistema <strong data-start=\"509\" data-end=\"527\">Print &amp; Apply\u2122<\/strong> en aplicaciones de bajo volumen. Esta soluci\u00f3n compacta y eficiente permite imprimir y aplicar etiquetas de forma precisa y r\u00e1pida, ideal para l\u00edneas de producci\u00f3n que no demandan grandes cantidades pero s\u00ed calidad y confiabilidad.<\/p>\n<p data-start=\"761\" data-end=\"1005\">El sistema es compatible con etiquetas adhesivas STIC-it\u2122 y ofrece una operaci\u00f3n sencilla, con m\u00ednima configuraci\u00f3n y mantenimiento reducido. Perfecto para empresas que buscan optimizar su etiquetado sin comprometer el espacio o el presupuesto.<\/p>\n<p data-start=\"1007\" data-end=\"1039\"><strong data-start=\"1007\" data-end=\"1039\">Caracter\u00edsticas principales:<\/strong><\/p>\n<ul data-start=\"1040\" data-end=\"1266\">\n<li data-start=\"1040\" data-end=\"1084\">\n<p data-start=\"1042\" data-end=\"1084\">Sistema Print &amp; Apply\u2122 para bajo volumen<\/p>\n<\/li>\n<li data-start=\"1085\" data-end=\"1132\">\n<p data-start=\"1087\" data-end=\"1132\">Compatible con etiquetas adhesivas STIC-it\u2122<\/p>\n<\/li>\n<li data-start=\"1133\" data-end=\"1166\">\n<p data-start=\"1135\" data-end=\"1166\">F\u00e1cil integraci\u00f3n y operaci\u00f3n<\/p>\n<\/li>\n<li data-start=\"1167\" data-end=\"1214\">\n<p data-start=\"1169\" data-end=\"1214\">Ideal para peque\u00f1as y medianas producciones<\/p>\n<\/li>\n<li data-start=\"1215\" data-end=\"1266\">\n<p data-start=\"1217\" data-end=\"1266\">Precisi\u00f3n y rapidez en la aplicaci\u00f3n de etiquetas<\/p>\n<\/li>\n<\/ul>\n","protected":false},"excerpt":{"rendered":"<p>Sistema ACCU LABE STIC-it\u2122 TTPR para etiquetado Print &amp; Apply\u2122 en bajo volumen, compatible con etiquetas adhesivas STIC-it\u2122<\/p>\n","protected":false},"featured_media":2665,"comment_status":"open","ping_status":"closed","template":"","meta":{"om_disable_all_campaigns":false,"_uag_custom_page_level_css":"","_monsterinsights_skip_tracking":false,"_monsterinsights_sitenote_active":false,"_monsterinsights_sitenote_note":"","_monsterinsights_sitenote_category":0,"site-sidebar-layout":"default","site-content-layout":"","ast-site-content-layout":"default","site-content-style":"default","site-sidebar-style":"default","ast-global-header-display":"","ast-banner-title-visibility":"","ast-main-header-display":"","ast-hfb-above-header-display":"","ast-hfb-below-header-display":"","ast-hfb-mobile-header-display":"","site-post-title":"","ast-breadcrumbs-content":"","ast-featured-img":"","footer-sml-layout":"","theme-transparent-header-meta":"default","adv-header-id-meta":"","stick-header-meta":"","header-above-stick-meta":"","header-main-stick-meta":"","header-below-stick-meta":"","astra-migrate-meta-layouts":"set","ast-page-background-enabled":"default","ast-page-background-meta":{"desktop":{"background-color":"var(--ast-global-color-4)","background-image":"","background-repeat":"repeat","background-position":"center center","background-size":"auto","background-attachment":"scroll","background-type":"","background-media":"","overlay-type":"","overlay-color":"","overlay-gradient":""},"tablet":{"background-color":"","background-image":"","background-repeat":"repeat","background-position":"center center","background-size":"auto","background-attachment":"scroll","background-type":"","background-media":"","overlay-type":"","overlay-color":"","overlay-gradient":""},"mobile":{"background-color":"","background-image":"","background-repeat":"repeat","background-position":"center center","background-size":"auto","background-attachment":"scroll","background-type":"","background-media":"","overlay-type":"","overlay-color":"","overlay-gradient":""}},"ast-content-background-meta":{"desktop":{"background-color":"var(--ast-global-color-5)","background-image":"","background-repeat":"repeat","background-position":"center center","background-size":"auto","background-attachment":"scroll","background-type":"","background-media":"","overlay-type":"","overlay-color":"","overlay-gradient":""},"tablet":{"background-color":"var(--ast-global-color-5)","background-image":"","background-repeat":"repeat","background-position":"center center","background-size":"auto","background-attachment":"scroll","background-type":"","background-media":"","overlay-type":"","overlay-color":"","overlay-gradient":""},"mobile":{"background-color":"var(--ast-global-color-5)","background-image":"","background-repeat":"repeat","background-position":"center center","background-size":"auto","background-attachment":"scroll","background-type":"","background-media":"","overlay-type":"","overlay-color":"","overlay-gradient":""}}},"product_brand":[446],"product_cat":[15,30],"product_tag":[535,544,547,545,543,546,548],"class_list":{"0":"post-2664","1":"product","2":"type-product","3":"status-publish","4":"has-post-thumbnail","6":"product_brand-marca-industrial-accu-lube","7":"product_cat-motores-electricos-uso-industrial","8":"product_cat-refacciones-industriales","9":"product_tag-accu-labe","10":"product_tag-etiquetado-bajo-volumen","11":"product_tag-etiquetado-eficiente","12":"product_tag-etiquetas-adhesivas","13":"product_tag-print-apply","14":"product_tag-sistema-compacto","15":"product_tag-stic-it-ttpr","16":"desktop-align-left","17":"tablet-align-left","18":"mobile-align-left","20":"first","21":"instock","22":"shipping-taxable","23":"product-type-simple"},"yoast_head":"<!-- This site is optimized with the Yoast SEO plugin v27.4 - https:\/\/yoast.com\/product\/yoast-seo-wordpress\/ -->\n<title>ACCU LABE STIC-it\u2122 TTPR | Etiquetado Print &amp; Apply\u2122 para aplicaciones de bajo volumen<\/title>\n<meta name=\"description\" content=\"ACCU LABE STIC-it\u2122 TTPR es un sistema compacto Print &amp; Apply\u2122 para aplicaciones de bajo volumen con etiquetas adhesivas STIC-it\u2122.\" \/>\n<meta name=\"robots\" content=\"index, follow, max-snippet:-1, max-image-preview:large, max-video-preview:-1\" \/>\n<link rel=\"canonical\" href=\"https:\/\/www.sdpcommerce.com\/es_mx\/producto\/accu-labe-stic-it-ttpr-print-apply-bajo-volumen\/\" \/>\n<meta property=\"og:locale\" content=\"es_MX\" \/>\n<meta property=\"og:type\" content=\"article\" \/>\n<meta property=\"og:title\" content=\"ACCU LABE STIC-it\u2122 TTPR | Etiquetado Print &amp; Apply\u2122 para aplicaciones de bajo volumen\" \/>\n<meta property=\"og:description\" content=\"ACCU LABE STIC-it\u2122 TTPR es un sistema compacto Print &amp; Apply\u2122 para aplicaciones de bajo volumen con etiquetas adhesivas STIC-it\u2122.\" \/>\n<meta property=\"og:url\" content=\"https:\/\/www.sdpcommerce.com\/es_mx\/producto\/accu-labe-stic-it-ttpr-print-apply-bajo-volumen\/\" \/>\n<meta property=\"og:site_name\" content=\"&lt;strong&gt;Un buen proveedor no solo vende, asesora y soluciona&lt;\/strong&gt;\" \/>\n<meta property=\"article:publisher\" content=\"https:\/\/www.facebook.com\/profile.php?id=61565795007009#\" \/>\n<meta property=\"article:modified_time\" content=\"2026-02-20T00:32:24+00:00\" \/>\n<meta property=\"og:image\" content=\"https:\/\/www.sdpcommerce.com\/wp-content\/uploads\/2025\/07\/accu-labe-stic-it-ttpr-print-apply.jpg.png\" \/>\n\t<meta property=\"og:image:width\" content=\"622\" \/>\n\t<meta property=\"og:image:height\" content=\"389\" \/>\n\t<meta property=\"og:image:type\" content=\"image\/png\" \/>\n<meta name=\"twitter:card\" content=\"summary_large_image\" \/>\n<meta name=\"twitter:label1\" content=\"Tiempo de lectura\" \/>\n\t<meta name=\"twitter:data1\" content=\"1 minuto\" \/>\n<script type=\"application\/ld+json\" class=\"yoast-schema-graph\">{\"@context\":\"https:\\\/\\\/schema.org\",\"@graph\":[{\"@type\":\"WebPage\",\"@id\":\"https:\\\/\\\/www.sdpcommerce.com\\\/producto\\\/accu-labe-stic-it-ttpr-print-apply-bajo-volumen\\\/\",\"url\":\"https:\\\/\\\/www.sdpcommerce.com\\\/producto\\\/accu-labe-stic-it-ttpr-print-apply-bajo-volumen\\\/\",\"name\":\"ACCU LABE STIC-it\u2122 TTPR | Etiquetado Print & Apply\u2122 para aplicaciones de bajo volumen\",\"isPartOf\":{\"@id\":\"https:\\\/\\\/www.sdpcommerce.com\\\/#website\"},\"primaryImageOfPage\":{\"@id\":\"https:\\\/\\\/www.sdpcommerce.com\\\/producto\\\/accu-labe-stic-it-ttpr-print-apply-bajo-volumen\\\/#primaryimage\"},\"image\":{\"@id\":\"https:\\\/\\\/www.sdpcommerce.com\\\/producto\\\/accu-labe-stic-it-ttpr-print-apply-bajo-volumen\\\/#primaryimage\"},\"thumbnailUrl\":\"https:\\\/\\\/www.sdpcommerce.com\\\/wp-content\\\/uploads\\\/2025\\\/07\\\/accu-labe-stic-it-ttpr-print-apply.jpg.png\",\"datePublished\":\"2025-07-31T21:35:13+00:00\",\"dateModified\":\"2026-02-20T00:32:24+00:00\",\"description\":\"ACCU LABE STIC-it\u2122 TTPR es un sistema compacto Print & Apply\u2122 para aplicaciones de bajo volumen con etiquetas adhesivas STIC-it\u2122.\",\"breadcrumb\":{\"@id\":\"https:\\\/\\\/www.sdpcommerce.com\\\/producto\\\/accu-labe-stic-it-ttpr-print-apply-bajo-volumen\\\/#breadcrumb\"},\"inLanguage\":\"es\",\"potentialAction\":[{\"@type\":\"ReadAction\",\"target\":[\"https:\\\/\\\/www.sdpcommerce.com\\\/producto\\\/accu-labe-stic-it-ttpr-print-apply-bajo-volumen\\\/\"]}]},{\"@type\":\"ImageObject\",\"inLanguage\":\"es\",\"@id\":\"https:\\\/\\\/www.sdpcommerce.com\\\/producto\\\/accu-labe-stic-it-ttpr-print-apply-bajo-volumen\\\/#primaryimage\",\"url\":\"https:\\\/\\\/www.sdpcommerce.com\\\/wp-content\\\/uploads\\\/2025\\\/07\\\/accu-labe-stic-it-ttpr-print-apply.jpg.png\",\"contentUrl\":\"https:\\\/\\\/www.sdpcommerce.com\\\/wp-content\\\/uploads\\\/2025\\\/07\\\/accu-labe-stic-it-ttpr-print-apply.jpg.png\",\"width\":622,\"height\":389,\"caption\":\"ACCU LABE STIC-it TTPR \u2013 Print & Apply para peque\u00f1as producciones\"},{\"@type\":\"BreadcrumbList\",\"@id\":\"https:\\\/\\\/www.sdpcommerce.com\\\/producto\\\/accu-labe-stic-it-ttpr-print-apply-bajo-volumen\\\/#breadcrumb\",\"itemListElement\":[{\"@type\":\"ListItem\",\"position\":1,\"name\":\"Portada\",\"item\":\"https:\\\/\\\/www.sdpcommerce.com\\\/\"},{\"@type\":\"ListItem\",\"position\":2,\"name\":\"STORE\",\"item\":\"https:\\\/\\\/www.sdpcommerce.com\\\/shop-replacement-parts\\\/\"},{\"@type\":\"ListItem\",\"position\":3,\"name\":\"Motores El\u00e9ctricos para Uso Industrial\",\"item\":\"https:\\\/\\\/www.sdpcommerce.com\\\/categoria-producto\\\/motores-electricos-uso-industrial\\\/\"},{\"@type\":\"ListItem\",\"position\":4,\"name\":\"ACCU LABE STIC-it\u2122 TTPR | Etiquetado Print &#038; Apply\u2122 para aplicaciones de bajo volumen\"}]},{\"@type\":\"WebSite\",\"@id\":\"https:\\\/\\\/www.sdpcommerce.com\\\/#website\",\"url\":\"https:\\\/\\\/www.sdpcommerce.com\\\/\",\"name\":\"SDP COMMERCE\",\"description\":\" Contar con un proveedor que no solo te diga \u201cya no existe\u201d, sino que &lt;strong&gt;te proponga un reemplazo funcional&lt;\\\/strong&gt;, es una ventaja competitiva. Algunas acciones que realiza un proveedor proactivo\",\"publisher\":{\"@id\":\"https:\\\/\\\/www.sdpcommerce.com\\\/#organization\"},\"potentialAction\":[{\"@type\":\"SearchAction\",\"target\":{\"@type\":\"EntryPoint\",\"urlTemplate\":\"https:\\\/\\\/www.sdpcommerce.com\\\/?s={search_term_string}\"},\"query-input\":{\"@type\":\"PropertyValueSpecification\",\"valueRequired\":true,\"valueName\":\"search_term_string\"}}],\"inLanguage\":\"es\"},{\"@type\":\"Organization\",\"@id\":\"https:\\\/\\\/www.sdpcommerce.com\\\/#organization\",\"name\":\"SDP COMMERCE\",\"url\":\"https:\\\/\\\/www.sdpcommerce.com\\\/\",\"logo\":{\"@type\":\"ImageObject\",\"inLanguage\":\"es\",\"@id\":\"https:\\\/\\\/www.sdpcommerce.com\\\/#\\\/schema\\\/logo\\\/image\\\/\",\"url\":\"https:\\\/\\\/www.sdpcommerce.com\\\/wp-content\\\/uploads\\\/2025\\\/02\\\/Screenshot-2025-02-13-150556.png\",\"contentUrl\":\"https:\\\/\\\/www.sdpcommerce.com\\\/wp-content\\\/uploads\\\/2025\\\/02\\\/Screenshot-2025-02-13-150556.png\",\"width\":114,\"height\":108,\"caption\":\"SDP COMMERCE\"},\"image\":{\"@id\":\"https:\\\/\\\/www.sdpcommerce.com\\\/#\\\/schema\\\/logo\\\/image\\\/\"},\"sameAs\":[\"https:\\\/\\\/www.facebook.com\\\/profile.php?id=61565795007009#\"]}]}<\/script>\n<!-- \/ Yoast SEO plugin. -->","yoast_head_json":{"title":"ACCU LABE STIC-it\u2122 TTPR | Etiquetado Print & Apply\u2122 para aplicaciones de bajo volumen","description":"ACCU LABE STIC-it\u2122 TTPR es un sistema compacto Print & Apply\u2122 para aplicaciones de bajo volumen con etiquetas adhesivas STIC-it\u2122.","robots":{"index":"index","follow":"follow","max-snippet":"max-snippet:-1","max-image-preview":"max-image-preview:large","max-video-preview":"max-video-preview:-1"},"canonical":"https:\/\/www.sdpcommerce.com\/es_mx\/producto\/accu-labe-stic-it-ttpr-print-apply-bajo-volumen\/","og_locale":"es_MX","og_type":"article","og_title":"ACCU LABE STIC-it\u2122 TTPR | Etiquetado Print & Apply\u2122 para aplicaciones de bajo volumen","og_description":"ACCU LABE STIC-it\u2122 TTPR es un sistema compacto Print & Apply\u2122 para aplicaciones de bajo volumen con etiquetas adhesivas STIC-it\u2122.","og_url":"https:\/\/www.sdpcommerce.com\/es_mx\/producto\/accu-labe-stic-it-ttpr-print-apply-bajo-volumen\/","og_site_name":"&lt;strong&gt;Un buen proveedor no solo vende, asesora y soluciona&lt;\/strong&gt;","article_publisher":"https:\/\/www.facebook.com\/profile.php?id=61565795007009#","article_modified_time":"2026-02-20T00:32:24+00:00","og_image":[{"width":622,"height":389,"url":"https:\/\/www.sdpcommerce.com\/wp-content\/uploads\/2025\/07\/accu-labe-stic-it-ttpr-print-apply.jpg.png","type":"image\/png"}],"twitter_card":"summary_large_image","twitter_misc":{"Tiempo de lectura":"1 minuto"},"schema":{"@context":"https:\/\/schema.org","@graph":[{"@type":"WebPage","@id":"https:\/\/www.sdpcommerce.com\/producto\/accu-labe-stic-it-ttpr-print-apply-bajo-volumen\/","url":"https:\/\/www.sdpcommerce.com\/producto\/accu-labe-stic-it-ttpr-print-apply-bajo-volumen\/","name":"ACCU LABE STIC-it\u2122 TTPR | Etiquetado Print & Apply\u2122 para aplicaciones de bajo volumen","isPartOf":{"@id":"https:\/\/www.sdpcommerce.com\/#website"},"primaryImageOfPage":{"@id":"https:\/\/www.sdpcommerce.com\/producto\/accu-labe-stic-it-ttpr-print-apply-bajo-volumen\/#primaryimage"},"image":{"@id":"https:\/\/www.sdpcommerce.com\/producto\/accu-labe-stic-it-ttpr-print-apply-bajo-volumen\/#primaryimage"},"thumbnailUrl":"https:\/\/www.sdpcommerce.com\/wp-content\/uploads\/2025\/07\/accu-labe-stic-it-ttpr-print-apply.jpg.png","datePublished":"2025-07-31T21:35:13+00:00","dateModified":"2026-02-20T00:32:24+00:00","description":"ACCU LABE STIC-it\u2122 TTPR es un sistema compacto Print & Apply\u2122 para aplicaciones de bajo volumen con etiquetas adhesivas STIC-it\u2122.","breadcrumb":{"@id":"https:\/\/www.sdpcommerce.com\/producto\/accu-labe-stic-it-ttpr-print-apply-bajo-volumen\/#breadcrumb"},"inLanguage":"es","potentialAction":[{"@type":"ReadAction","target":["https:\/\/www.sdpcommerce.com\/producto\/accu-labe-stic-it-ttpr-print-apply-bajo-volumen\/"]}]},{"@type":"ImageObject","inLanguage":"es","@id":"https:\/\/www.sdpcommerce.com\/producto\/accu-labe-stic-it-ttpr-print-apply-bajo-volumen\/#primaryimage","url":"https:\/\/www.sdpcommerce.com\/wp-content\/uploads\/2025\/07\/accu-labe-stic-it-ttpr-print-apply.jpg.png","contentUrl":"https:\/\/www.sdpcommerce.com\/wp-content\/uploads\/2025\/07\/accu-labe-stic-it-ttpr-print-apply.jpg.png","width":622,"height":389,"caption":"ACCU LABE STIC-it TTPR \u2013 Print & Apply para peque\u00f1as producciones"},{"@type":"BreadcrumbList","@id":"https:\/\/www.sdpcommerce.com\/producto\/accu-labe-stic-it-ttpr-print-apply-bajo-volumen\/#breadcrumb","itemListElement":[{"@type":"ListItem","position":1,"name":"Portada","item":"https:\/\/www.sdpcommerce.com\/"},{"@type":"ListItem","position":2,"name":"STORE","item":"https:\/\/www.sdpcommerce.com\/shop-replacement-parts\/"},{"@type":"ListItem","position":3,"name":"Motores El\u00e9ctricos para Uso Industrial","item":"https:\/\/www.sdpcommerce.com\/categoria-producto\/motores-electricos-uso-industrial\/"},{"@type":"ListItem","position":4,"name":"ACCU LABE STIC-it\u2122 TTPR | Etiquetado Print &#038; Apply\u2122 para aplicaciones de bajo volumen"}]},{"@type":"WebSite","@id":"https:\/\/www.sdpcommerce.com\/#website","url":"https:\/\/www.sdpcommerce.com\/","name":"SDP COMMERCE","description":" Contar con un proveedor que no solo te diga \u201cya no existe\u201d, sino que &lt;strong&gt;te proponga un reemplazo funcional&lt;\/strong&gt;, es una ventaja competitiva. Algunas acciones que realiza un proveedor proactivo","publisher":{"@id":"https:\/\/www.sdpcommerce.com\/#organization"},"potentialAction":[{"@type":"SearchAction","target":{"@type":"EntryPoint","urlTemplate":"https:\/\/www.sdpcommerce.com\/?s={search_term_string}"},"query-input":{"@type":"PropertyValueSpecification","valueRequired":true,"valueName":"search_term_string"}}],"inLanguage":"es"},{"@type":"Organization","@id":"https:\/\/www.sdpcommerce.com\/#organization","name":"SDP COMMERCE","url":"https:\/\/www.sdpcommerce.com\/","logo":{"@type":"ImageObject","inLanguage":"es","@id":"https:\/\/www.sdpcommerce.com\/#\/schema\/logo\/image\/","url":"https:\/\/www.sdpcommerce.com\/wp-content\/uploads\/2025\/02\/Screenshot-2025-02-13-150556.png","contentUrl":"https:\/\/www.sdpcommerce.com\/wp-content\/uploads\/2025\/02\/Screenshot-2025-02-13-150556.png","width":114,"height":108,"caption":"SDP COMMERCE"},"image":{"@id":"https:\/\/www.sdpcommerce.com\/#\/schema\/logo\/image\/"},"sameAs":["https:\/\/www.facebook.com\/profile.php?id=61565795007009#"]}]}},"uagb_featured_image_src":{"full":["https:\/\/www.sdpcommerce.com\/wp-content\/uploads\/2025\/07\/accu-labe-stic-it-ttpr-print-apply.jpg.png",622,389,false],"thumbnail":["https:\/\/www.sdpcommerce.com\/wp-content\/uploads\/2025\/07\/accu-labe-stic-it-ttpr-print-apply.jpg-150x150.png",150,150,true],"medium":["https:\/\/www.sdpcommerce.com\/wp-content\/uploads\/2025\/07\/accu-labe-stic-it-ttpr-print-apply.jpg-300x188.png",300,188,true],"medium_large":["https:\/\/www.sdpcommerce.com\/wp-content\/uploads\/2025\/07\/accu-labe-stic-it-ttpr-print-apply.jpg.png",622,389,false],"large":["https:\/\/www.sdpcommerce.com\/wp-content\/uploads\/2025\/07\/accu-labe-stic-it-ttpr-print-apply.jpg.png",622,389,false],"1536x1536":["https:\/\/www.sdpcommerce.com\/wp-content\/uploads\/2025\/07\/accu-labe-stic-it-ttpr-print-apply.jpg.png",622,389,false],"2048x2048":["https:\/\/www.sdpcommerce.com\/wp-content\/uploads\/2025\/07\/accu-labe-stic-it-ttpr-print-apply.jpg.png",622,389,false],"trp-custom-language-flag":["https:\/\/www.sdpcommerce.com\/wp-content\/uploads\/2025\/07\/accu-labe-stic-it-ttpr-print-apply.jpg-18x12.png",18,12,true],"woocommerce_thumbnail":["https:\/\/www.sdpcommerce.com\/wp-content\/uploads\/2025\/07\/accu-labe-stic-it-ttpr-print-apply.jpg-300x300.png",300,300,true],"woocommerce_single":["https:\/\/www.sdpcommerce.com\/wp-content\/uploads\/2025\/07\/accu-labe-stic-it-ttpr-print-apply.jpg-600x375.png",600,375,true],"woocommerce_gallery_thumbnail":["https:\/\/www.sdpcommerce.com\/wp-content\/uploads\/2025\/07\/accu-labe-stic-it-ttpr-print-apply.jpg-100x100.png",100,100,true]},"uagb_author_info":{"display_name":"admin","author_link":"https:\/\/www.sdpcommerce.com\/es_mx\/author\/"},"uagb_comment_info":2,"uagb_excerpt":"Sistema ACCU LABE STIC-it\u2122 TTPR para etiquetado Print &amp; Apply\u2122 en bajo volumen, compatible con etiquetas adhesivas STIC-it\u2122","_links":{"self":[{"href":"https:\/\/www.sdpcommerce.com\/es_mx\/wp-json\/wp\/v2\/product\/2664","targetHints":{"allow":["GET"]}}],"collection":[{"href":"https:\/\/www.sdpcommerce.com\/es_mx\/wp-json\/wp\/v2\/product"}],"about":[{"href":"https:\/\/www.sdpcommerce.com\/es_mx\/wp-json\/wp\/v2\/types\/product"}],"replies":[{"embeddable":true,"href":"https:\/\/www.sdpcommerce.com\/es_mx\/wp-json\/wp\/v2\/comments?post=2664"}],"wp:featuredmedia":[{"embeddable":true,"href":"https:\/\/www.sdpcommerce.com\/es_mx\/wp-json\/wp\/v2\/media\/2665"}],"wp:attachment":[{"href":"https:\/\/www.sdpcommerce.com\/es_mx\/wp-json\/wp\/v2\/media?parent=2664"}],"wp:term":[{"taxonomy":"product_brand","embeddable":true,"href":"https:\/\/www.sdpcommerce.com\/es_mx\/wp-json\/wp\/v2\/product_brand?post=2664"},{"taxonomy":"product_cat","embeddable":true,"href":"https:\/\/www.sdpcommerce.com\/es_mx\/wp-json\/wp\/v2\/product_cat?post=2664"},{"taxonomy":"product_tag","embeddable":true,"href":"https:\/\/www.sdpcommerce.com\/es_mx\/wp-json\/wp\/v2\/product_tag?post=2664"}],"curies":[{"name":"wp","href":"https:\/\/api.w.org\/{rel}","templated":true}]}}