{"id":2654,"date":"2025-07-31T23:22:08","date_gmt":"2025-07-31T21:22:08","guid":{"rendered":"https:\/\/www.sdpcommerce.com\/?post_type=product&#038;p=2654"},"modified":"2025-07-31T23:22:08","modified_gmt":"2025-07-31T21:22:08","slug":"disyuntor-abl-sursum-ma25u-3p-500v","status":"publish","type":"product","link":"https:\/\/www.sdpcommerce.com\/es_mx\/producto\/disyuntor-abl-sursum-ma25u-3p-500v\/","title":{"rendered":"Disyuntor ABL Sursum MA2.5U | 3 Polos | 500V | 1.6A\u20132.5A"},"content":{"rendered":"<p data-start=\"357\" data-end=\"765\">El disyuntor <strong data-start=\"370\" data-end=\"391\">ABL Sursum MA2.5U<\/strong> es un interruptor termomagn\u00e9tico trif\u00e1sico de alta calidad, dise\u00f1ado para la protecci\u00f3n eficiente de motores y equipos industriales. Su rango ajustable de corriente de <strong data-start=\"560\" data-end=\"575\">1.6A a 2.5A<\/strong>, combinado con una capacidad de operaci\u00f3n de hasta <strong data-start=\"627\" data-end=\"635\">500V<\/strong>, lo convierte en una opci\u00f3n confiable para la protecci\u00f3n contra sobrecargas y cortocircuitos en ambientes industriales exigentes.<\/p>\n<p data-start=\"767\" data-end=\"993\">Gracias a su dise\u00f1o compacto de <strong data-start=\"799\" data-end=\"810\">3 polos<\/strong>, este disyuntor puede instalarse f\u00e1cilmente en tableros el\u00e9ctricos y paneles de control. Ideal para maquinaria, motores trif\u00e1sicos y sistemas el\u00e9ctricos en automatizaci\u00f3n industrial.<\/p>\n<p data-start=\"995\" data-end=\"1027\"><strong data-start=\"995\" data-end=\"1027\">Caracter\u00edsticas principales:<\/strong><\/p>\n<ul data-start=\"1028\" data-end=\"1297\">\n<li data-start=\"1028\" data-end=\"1049\">\n<p data-start=\"1030\" data-end=\"1049\">Marca: ABL Sursum<\/p>\n<\/li>\n<li data-start=\"1050\" data-end=\"1068\">\n<p data-start=\"1052\" data-end=\"1068\">Modelo: MA2.5U<\/p>\n<\/li>\n<li data-start=\"1069\" data-end=\"1113\">\n<p data-start=\"1071\" data-end=\"1113\">Tipo: Disyuntor termomagn\u00e9tico trif\u00e1sico<\/p>\n<\/li>\n<li data-start=\"1114\" data-end=\"1131\">\n<p data-start=\"1116\" data-end=\"1131\">Voltaje: 500V<\/p>\n<\/li>\n<li data-start=\"1132\" data-end=\"1156\">\n<p data-start=\"1134\" data-end=\"1156\">Frecuencia: 50\/60 Hz<\/p>\n<\/li>\n<li data-start=\"1157\" data-end=\"1190\">\n<p data-start=\"1159\" data-end=\"1190\">Rango de corriente: 1.6A\u20132.5A<\/p>\n<\/li>\n<li data-start=\"1191\" data-end=\"1213\">\n<p data-start=\"1193\" data-end=\"1213\">N\u00famero de polos: 3<\/p>\n<\/li>\n<li data-start=\"1214\" data-end=\"1297\">\n<p data-start=\"1216\" data-end=\"1297\">Aplicaciones: Protecci\u00f3n de motores, maquinaria, sistemas el\u00e9ctricos industriales<\/p>\n<\/li>\n<\/ul>\n","protected":false},"excerpt":{"rendered":"<p>Disyuntor ABL Sursum MA2.5U de 3 polos, 500V, 1.6A\u20132.5A. Protecci\u00f3n para motores y equipos industriales.<\/p>\n","protected":false},"featured_media":2655,"comment_status":"open","ping_status":"closed","template":"","meta":{"om_disable_all_campaigns":false,"_uag_custom_page_level_css":"","_monsterinsights_skip_tracking":false,"_monsterinsights_sitenote_active":false,"_monsterinsights_sitenote_note":"","_monsterinsights_sitenote_category":0,"site-sidebar-layout":"default","site-content-layout":"","ast-site-content-layout":"default","site-content-style":"default","site-sidebar-style":"default","ast-global-header-display":"","ast-banner-title-visibility":"","ast-main-header-display":"","ast-hfb-above-header-display":"","ast-hfb-below-header-display":"","ast-hfb-mobile-header-display":"","site-post-title":"","ast-breadcrumbs-content":"","ast-featured-img":"","footer-sml-layout":"","theme-transparent-header-meta":"default","adv-header-id-meta":"","stick-header-meta":"","header-above-stick-meta":"","header-main-stick-meta":"","header-below-stick-meta":"","astra-migrate-meta-layouts":"set","ast-page-background-enabled":"default","ast-page-background-meta":{"desktop":{"background-color":"var(--ast-global-color-4)","background-image":"","background-repeat":"repeat","background-position":"center center","background-size":"auto","background-attachment":"scroll","background-type":"","background-media":"","overlay-type":"","overlay-color":"","overlay-gradient":""},"tablet":{"background-color":"","background-image":"","background-repeat":"repeat","background-position":"center center","background-size":"auto","background-attachment":"scroll","background-type":"","background-media":"","overlay-type":"","overlay-color":"","overlay-gradient":""},"mobile":{"background-color":"","background-image":"","background-repeat":"repeat","background-position":"center center","background-size":"auto","background-attachment":"scroll","background-type":"","background-media":"","overlay-type":"","overlay-color":"","overlay-gradient":""}},"ast-content-background-meta":{"desktop":{"background-color":"var(--ast-global-color-5)","background-image":"","background-repeat":"repeat","background-position":"center center","background-size":"auto","background-attachment":"scroll","background-type":"","background-media":"","overlay-type":"","overlay-color":"","overlay-gradient":""},"tablet":{"background-color":"var(--ast-global-color-5)","background-image":"","background-repeat":"repeat","background-position":"center center","background-size":"auto","background-attachment":"scroll","background-type":"","background-media":"","overlay-type":"","overlay-color":"","overlay-gradient":""},"mobile":{"background-color":"var(--ast-global-color-5)","background-image":"","background-repeat":"repeat","background-position":"center center","background-size":"auto","background-attachment":"scroll","background-type":"","background-media":"","overlay-type":"","overlay-color":"","overlay-gradient":""}}},"product_brand":[440],"product_cat":[15,30],"product_tag":[515,503,517,513,512,514,516],"class_list":{"0":"post-2654","1":"product","2":"type-product","3":"status-publish","4":"has-post-thumbnail","6":"product_brand-marca-industrial-abl-sursum","7":"product_cat-motores-electricos-uso-industrial","8":"product_cat-refacciones-industriales","9":"product_tag-3-polos","10":"product_tag-abl-sursum","11":"product_tag-disyuntor-500v","12":"product_tag-interruptor-trifasico","13":"product_tag-ma2-5u","14":"product_tag-proteccion-motor","15":"product_tag-termomagnetico","16":"desktop-align-left","17":"tablet-align-left","18":"mobile-align-left","20":"first","21":"instock","22":"shipping-taxable","23":"purchasable","24":"product-type-simple"},"yoast_head":"<!-- This site is optimized with the Yoast SEO plugin v27.4 - https:\/\/yoast.com\/product\/yoast-seo-wordpress\/ -->\n<title>Disyuntor ABL Sursum MA2.5U | 3 Polos | 500V | 1.6A\u20132.5A<\/title>\n<meta name=\"description\" content=\"Compra el disyuntor ABL Sursum MA2.5U de 3 polos, 1.6A\u20132.5A, 500V. Ideal para proteger motores el\u00e9ctricos en entornos industriales.\" \/>\n<meta name=\"robots\" content=\"index, follow, max-snippet:-1, max-image-preview:large, max-video-preview:-1\" \/>\n<link rel=\"canonical\" href=\"https:\/\/www.sdpcommerce.com\/es_mx\/producto\/disyuntor-abl-sursum-ma25u-3p-500v\/\" \/>\n<meta property=\"og:locale\" content=\"es_MX\" \/>\n<meta property=\"og:type\" content=\"article\" \/>\n<meta property=\"og:title\" content=\"Disyuntor ABL Sursum MA2.5U | 3 Polos | 500V | 1.6A\u20132.5A\" \/>\n<meta property=\"og:description\" content=\"Compra el disyuntor ABL Sursum MA2.5U de 3 polos, 1.6A\u20132.5A, 500V. Ideal para proteger motores el\u00e9ctricos en entornos industriales.\" \/>\n<meta property=\"og:url\" content=\"https:\/\/www.sdpcommerce.com\/es_mx\/producto\/disyuntor-abl-sursum-ma25u-3p-500v\/\" \/>\n<meta property=\"og:site_name\" content=\"&lt;strong&gt;Un buen proveedor no solo vende, asesora y soluciona&lt;\/strong&gt;\" \/>\n<meta property=\"article:publisher\" content=\"https:\/\/www.facebook.com\/profile.php?id=61565795007009#\" \/>\n<meta property=\"og:image\" content=\"https:\/\/www.sdpcommerce.com\/wp-content\/uploads\/2025\/07\/abl-sursum-ma25u-disyuntor-3p-500v.jpg.png\" \/>\n\t<meta property=\"og:image:width\" content=\"613\" \/>\n\t<meta property=\"og:image:height\" content=\"749\" \/>\n\t<meta property=\"og:image:type\" content=\"image\/png\" \/>\n<meta name=\"twitter:card\" content=\"summary_large_image\" \/>\n<meta name=\"twitter:label1\" content=\"Tiempo de lectura\" \/>\n\t<meta name=\"twitter:data1\" content=\"1 minuto\" \/>\n<script type=\"application\/ld+json\" class=\"yoast-schema-graph\">{\"@context\":\"https:\\\/\\\/schema.org\",\"@graph\":[{\"@type\":\"WebPage\",\"@id\":\"https:\\\/\\\/www.sdpcommerce.com\\\/producto\\\/disyuntor-abl-sursum-ma25u-3p-500v\\\/\",\"url\":\"https:\\\/\\\/www.sdpcommerce.com\\\/producto\\\/disyuntor-abl-sursum-ma25u-3p-500v\\\/\",\"name\":\"Disyuntor ABL Sursum MA2.5U | 3 Polos | 500V | 1.6A\u20132.5A\",\"isPartOf\":{\"@id\":\"https:\\\/\\\/www.sdpcommerce.com\\\/#website\"},\"primaryImageOfPage\":{\"@id\":\"https:\\\/\\\/www.sdpcommerce.com\\\/producto\\\/disyuntor-abl-sursum-ma25u-3p-500v\\\/#primaryimage\"},\"image\":{\"@id\":\"https:\\\/\\\/www.sdpcommerce.com\\\/producto\\\/disyuntor-abl-sursum-ma25u-3p-500v\\\/#primaryimage\"},\"thumbnailUrl\":\"https:\\\/\\\/www.sdpcommerce.com\\\/wp-content\\\/uploads\\\/2025\\\/07\\\/abl-sursum-ma25u-disyuntor-3p-500v.jpg.png\",\"datePublished\":\"2025-07-31T21:22:08+00:00\",\"description\":\"Compra el disyuntor ABL Sursum MA2.5U de 3 polos, 1.6A\u20132.5A, 500V. Ideal para proteger motores el\u00e9ctricos en entornos industriales.\",\"breadcrumb\":{\"@id\":\"https:\\\/\\\/www.sdpcommerce.com\\\/producto\\\/disyuntor-abl-sursum-ma25u-3p-500v\\\/#breadcrumb\"},\"inLanguage\":\"es\",\"potentialAction\":[{\"@type\":\"ReadAction\",\"target\":[\"https:\\\/\\\/www.sdpcommerce.com\\\/producto\\\/disyuntor-abl-sursum-ma25u-3p-500v\\\/\"]}]},{\"@type\":\"ImageObject\",\"inLanguage\":\"es\",\"@id\":\"https:\\\/\\\/www.sdpcommerce.com\\\/producto\\\/disyuntor-abl-sursum-ma25u-3p-500v\\\/#primaryimage\",\"url\":\"https:\\\/\\\/www.sdpcommerce.com\\\/wp-content\\\/uploads\\\/2025\\\/07\\\/abl-sursum-ma25u-disyuntor-3p-500v.jpg.png\",\"contentUrl\":\"https:\\\/\\\/www.sdpcommerce.com\\\/wp-content\\\/uploads\\\/2025\\\/07\\\/abl-sursum-ma25u-disyuntor-3p-500v.jpg.png\",\"width\":613,\"height\":749,\"caption\":\"Disyuntor trif\u00e1sico ABL Sursum MA2.5U | 1.6A\u20132.5A | 500V\"},{\"@type\":\"BreadcrumbList\",\"@id\":\"https:\\\/\\\/www.sdpcommerce.com\\\/producto\\\/disyuntor-abl-sursum-ma25u-3p-500v\\\/#breadcrumb\",\"itemListElement\":[{\"@type\":\"ListItem\",\"position\":1,\"name\":\"Portada\",\"item\":\"https:\\\/\\\/www.sdpcommerce.com\\\/\"},{\"@type\":\"ListItem\",\"position\":2,\"name\":\"STORE\",\"item\":\"https:\\\/\\\/www.sdpcommerce.com\\\/shop-replacement-parts\\\/\"},{\"@type\":\"ListItem\",\"position\":3,\"name\":\"Motores El\u00e9ctricos para Uso Industrial\",\"item\":\"https:\\\/\\\/www.sdpcommerce.com\\\/categoria-producto\\\/motores-electricos-uso-industrial\\\/\"},{\"@type\":\"ListItem\",\"position\":4,\"name\":\"Disyuntor ABL Sursum MA2.5U | 3 Polos | 500V | 1.6A\u20132.5A\"}]},{\"@type\":\"WebSite\",\"@id\":\"https:\\\/\\\/www.sdpcommerce.com\\\/#website\",\"url\":\"https:\\\/\\\/www.sdpcommerce.com\\\/\",\"name\":\"SDP COMMERCE\",\"description\":\" Contar con un proveedor que no solo te diga \u201cya no existe\u201d, sino que &lt;strong&gt;te proponga un reemplazo funcional&lt;\\\/strong&gt;, es una ventaja competitiva. Algunas acciones que realiza un proveedor proactivo\",\"publisher\":{\"@id\":\"https:\\\/\\\/www.sdpcommerce.com\\\/#organization\"},\"potentialAction\":[{\"@type\":\"SearchAction\",\"target\":{\"@type\":\"EntryPoint\",\"urlTemplate\":\"https:\\\/\\\/www.sdpcommerce.com\\\/?s={search_term_string}\"},\"query-input\":{\"@type\":\"PropertyValueSpecification\",\"valueRequired\":true,\"valueName\":\"search_term_string\"}}],\"inLanguage\":\"es\"},{\"@type\":\"Organization\",\"@id\":\"https:\\\/\\\/www.sdpcommerce.com\\\/#organization\",\"name\":\"SDP COMMERCE\",\"url\":\"https:\\\/\\\/www.sdpcommerce.com\\\/\",\"logo\":{\"@type\":\"ImageObject\",\"inLanguage\":\"es\",\"@id\":\"https:\\\/\\\/www.sdpcommerce.com\\\/#\\\/schema\\\/logo\\\/image\\\/\",\"url\":\"https:\\\/\\\/www.sdpcommerce.com\\\/wp-content\\\/uploads\\\/2025\\\/02\\\/Screenshot-2025-02-13-150556.png\",\"contentUrl\":\"https:\\\/\\\/www.sdpcommerce.com\\\/wp-content\\\/uploads\\\/2025\\\/02\\\/Screenshot-2025-02-13-150556.png\",\"width\":114,\"height\":108,\"caption\":\"SDP COMMERCE\"},\"image\":{\"@id\":\"https:\\\/\\\/www.sdpcommerce.com\\\/#\\\/schema\\\/logo\\\/image\\\/\"},\"sameAs\":[\"https:\\\/\\\/www.facebook.com\\\/profile.php?id=61565795007009#\"]}]}<\/script>\n<!-- \/ Yoast SEO plugin. -->","yoast_head_json":{"title":"Disyuntor ABL Sursum MA2.5U | 3 Polos | 500V | 1.6A\u20132.5A","description":"Compra el disyuntor ABL Sursum MA2.5U de 3 polos, 1.6A\u20132.5A, 500V. Ideal para proteger motores el\u00e9ctricos en entornos industriales.","robots":{"index":"index","follow":"follow","max-snippet":"max-snippet:-1","max-image-preview":"max-image-preview:large","max-video-preview":"max-video-preview:-1"},"canonical":"https:\/\/www.sdpcommerce.com\/es_mx\/producto\/disyuntor-abl-sursum-ma25u-3p-500v\/","og_locale":"es_MX","og_type":"article","og_title":"Disyuntor ABL Sursum MA2.5U | 3 Polos | 500V | 1.6A\u20132.5A","og_description":"Compra el disyuntor ABL Sursum MA2.5U de 3 polos, 1.6A\u20132.5A, 500V. Ideal para proteger motores el\u00e9ctricos en entornos industriales.","og_url":"https:\/\/www.sdpcommerce.com\/es_mx\/producto\/disyuntor-abl-sursum-ma25u-3p-500v\/","og_site_name":"&lt;strong&gt;Un buen proveedor no solo vende, asesora y soluciona&lt;\/strong&gt;","article_publisher":"https:\/\/www.facebook.com\/profile.php?id=61565795007009#","og_image":[{"width":613,"height":749,"url":"https:\/\/www.sdpcommerce.com\/wp-content\/uploads\/2025\/07\/abl-sursum-ma25u-disyuntor-3p-500v.jpg.png","type":"image\/png"}],"twitter_card":"summary_large_image","twitter_misc":{"Tiempo de lectura":"1 minuto"},"schema":{"@context":"https:\/\/schema.org","@graph":[{"@type":"WebPage","@id":"https:\/\/www.sdpcommerce.com\/producto\/disyuntor-abl-sursum-ma25u-3p-500v\/","url":"https:\/\/www.sdpcommerce.com\/producto\/disyuntor-abl-sursum-ma25u-3p-500v\/","name":"Disyuntor ABL Sursum MA2.5U | 3 Polos | 500V | 1.6A\u20132.5A","isPartOf":{"@id":"https:\/\/www.sdpcommerce.com\/#website"},"primaryImageOfPage":{"@id":"https:\/\/www.sdpcommerce.com\/producto\/disyuntor-abl-sursum-ma25u-3p-500v\/#primaryimage"},"image":{"@id":"https:\/\/www.sdpcommerce.com\/producto\/disyuntor-abl-sursum-ma25u-3p-500v\/#primaryimage"},"thumbnailUrl":"https:\/\/www.sdpcommerce.com\/wp-content\/uploads\/2025\/07\/abl-sursum-ma25u-disyuntor-3p-500v.jpg.png","datePublished":"2025-07-31T21:22:08+00:00","description":"Compra el disyuntor ABL Sursum MA2.5U de 3 polos, 1.6A\u20132.5A, 500V. Ideal para proteger motores el\u00e9ctricos en entornos industriales.","breadcrumb":{"@id":"https:\/\/www.sdpcommerce.com\/producto\/disyuntor-abl-sursum-ma25u-3p-500v\/#breadcrumb"},"inLanguage":"es","potentialAction":[{"@type":"ReadAction","target":["https:\/\/www.sdpcommerce.com\/producto\/disyuntor-abl-sursum-ma25u-3p-500v\/"]}]},{"@type":"ImageObject","inLanguage":"es","@id":"https:\/\/www.sdpcommerce.com\/producto\/disyuntor-abl-sursum-ma25u-3p-500v\/#primaryimage","url":"https:\/\/www.sdpcommerce.com\/wp-content\/uploads\/2025\/07\/abl-sursum-ma25u-disyuntor-3p-500v.jpg.png","contentUrl":"https:\/\/www.sdpcommerce.com\/wp-content\/uploads\/2025\/07\/abl-sursum-ma25u-disyuntor-3p-500v.jpg.png","width":613,"height":749,"caption":"Disyuntor trif\u00e1sico ABL Sursum MA2.5U | 1.6A\u20132.5A | 500V"},{"@type":"BreadcrumbList","@id":"https:\/\/www.sdpcommerce.com\/producto\/disyuntor-abl-sursum-ma25u-3p-500v\/#breadcrumb","itemListElement":[{"@type":"ListItem","position":1,"name":"Portada","item":"https:\/\/www.sdpcommerce.com\/"},{"@type":"ListItem","position":2,"name":"STORE","item":"https:\/\/www.sdpcommerce.com\/shop-replacement-parts\/"},{"@type":"ListItem","position":3,"name":"Motores El\u00e9ctricos para Uso Industrial","item":"https:\/\/www.sdpcommerce.com\/categoria-producto\/motores-electricos-uso-industrial\/"},{"@type":"ListItem","position":4,"name":"Disyuntor ABL Sursum MA2.5U | 3 Polos | 500V | 1.6A\u20132.5A"}]},{"@type":"WebSite","@id":"https:\/\/www.sdpcommerce.com\/#website","url":"https:\/\/www.sdpcommerce.com\/","name":"SDP COMMERCE","description":" Contar con un proveedor que no solo te diga \u201cya no existe\u201d, sino que &lt;strong&gt;te proponga un reemplazo funcional&lt;\/strong&gt;, es una ventaja competitiva. Algunas acciones que realiza un proveedor proactivo","publisher":{"@id":"https:\/\/www.sdpcommerce.com\/#organization"},"potentialAction":[{"@type":"SearchAction","target":{"@type":"EntryPoint","urlTemplate":"https:\/\/www.sdpcommerce.com\/?s={search_term_string}"},"query-input":{"@type":"PropertyValueSpecification","valueRequired":true,"valueName":"search_term_string"}}],"inLanguage":"es"},{"@type":"Organization","@id":"https:\/\/www.sdpcommerce.com\/#organization","name":"SDP COMMERCE","url":"https:\/\/www.sdpcommerce.com\/","logo":{"@type":"ImageObject","inLanguage":"es","@id":"https:\/\/www.sdpcommerce.com\/#\/schema\/logo\/image\/","url":"https:\/\/www.sdpcommerce.com\/wp-content\/uploads\/2025\/02\/Screenshot-2025-02-13-150556.png","contentUrl":"https:\/\/www.sdpcommerce.com\/wp-content\/uploads\/2025\/02\/Screenshot-2025-02-13-150556.png","width":114,"height":108,"caption":"SDP COMMERCE"},"image":{"@id":"https:\/\/www.sdpcommerce.com\/#\/schema\/logo\/image\/"},"sameAs":["https:\/\/www.facebook.com\/profile.php?id=61565795007009#"]}]}},"uagb_featured_image_src":{"full":["https:\/\/www.sdpcommerce.com\/wp-content\/uploads\/2025\/07\/abl-sursum-ma25u-disyuntor-3p-500v.jpg.png",613,749,false],"thumbnail":["https:\/\/www.sdpcommerce.com\/wp-content\/uploads\/2025\/07\/abl-sursum-ma25u-disyuntor-3p-500v.jpg-150x150.png",150,150,true],"medium":["https:\/\/www.sdpcommerce.com\/wp-content\/uploads\/2025\/07\/abl-sursum-ma25u-disyuntor-3p-500v.jpg-246x300.png",246,300,true],"medium_large":["https:\/\/www.sdpcommerce.com\/wp-content\/uploads\/2025\/07\/abl-sursum-ma25u-disyuntor-3p-500v.jpg.png",613,749,false],"large":["https:\/\/www.sdpcommerce.com\/wp-content\/uploads\/2025\/07\/abl-sursum-ma25u-disyuntor-3p-500v.jpg.png",613,749,false],"1536x1536":["https:\/\/www.sdpcommerce.com\/wp-content\/uploads\/2025\/07\/abl-sursum-ma25u-disyuntor-3p-500v.jpg.png",613,749,false],"2048x2048":["https:\/\/www.sdpcommerce.com\/wp-content\/uploads\/2025\/07\/abl-sursum-ma25u-disyuntor-3p-500v.jpg.png",613,749,false],"trp-custom-language-flag":["https:\/\/www.sdpcommerce.com\/wp-content\/uploads\/2025\/07\/abl-sursum-ma25u-disyuntor-3p-500v.jpg-10x12.png",10,12,true],"woocommerce_thumbnail":["https:\/\/www.sdpcommerce.com\/wp-content\/uploads\/2025\/07\/abl-sursum-ma25u-disyuntor-3p-500v.jpg-300x300.png",300,300,true],"woocommerce_single":["https:\/\/www.sdpcommerce.com\/wp-content\/uploads\/2025\/07\/abl-sursum-ma25u-disyuntor-3p-500v.jpg-600x733.png",600,733,true],"woocommerce_gallery_thumbnail":["https:\/\/www.sdpcommerce.com\/wp-content\/uploads\/2025\/07\/abl-sursum-ma25u-disyuntor-3p-500v.jpg-100x100.png",100,100,true]},"uagb_author_info":{"display_name":"admin","author_link":"https:\/\/www.sdpcommerce.com\/es_mx\/author\/"},"uagb_comment_info":0,"uagb_excerpt":"Disyuntor ABL Sursum MA2.5U de 3 polos, 500V, 1.6A\u20132.5A. Protecci\u00f3n para motores y equipos industriales.","_links":{"self":[{"href":"https:\/\/www.sdpcommerce.com\/es_mx\/wp-json\/wp\/v2\/product\/2654","targetHints":{"allow":["GET"]}}],"collection":[{"href":"https:\/\/www.sdpcommerce.com\/es_mx\/wp-json\/wp\/v2\/product"}],"about":[{"href":"https:\/\/www.sdpcommerce.com\/es_mx\/wp-json\/wp\/v2\/types\/product"}],"replies":[{"embeddable":true,"href":"https:\/\/www.sdpcommerce.com\/es_mx\/wp-json\/wp\/v2\/comments?post=2654"}],"wp:featuredmedia":[{"embeddable":true,"href":"https:\/\/www.sdpcommerce.com\/es_mx\/wp-json\/wp\/v2\/media\/2655"}],"wp:attachment":[{"href":"https:\/\/www.sdpcommerce.com\/es_mx\/wp-json\/wp\/v2\/media?parent=2654"}],"wp:term":[{"taxonomy":"product_brand","embeddable":true,"href":"https:\/\/www.sdpcommerce.com\/es_mx\/wp-json\/wp\/v2\/product_brand?post=2654"},{"taxonomy":"product_cat","embeddable":true,"href":"https:\/\/www.sdpcommerce.com\/es_mx\/wp-json\/wp\/v2\/product_cat?post=2654"},{"taxonomy":"product_tag","embeddable":true,"href":"https:\/\/www.sdpcommerce.com\/es_mx\/wp-json\/wp\/v2\/product_tag?post=2654"}],"curies":[{"name":"wp","href":"https:\/\/api.w.org\/{rel}","templated":true}]}}