{"id":2648,"date":"2025-07-31T23:12:46","date_gmt":"2025-07-31T21:12:46","guid":{"rendered":"https:\/\/www.sdpcommerce.com\/?post_type=product&#038;p=2648"},"modified":"2026-04-08T18:59:10","modified_gmt":"2026-04-08T16:59:10","slug":"soporte-3m-stikit-disc-pad-35576-6in","status":"publish","type":"product","link":"https:\/\/www.sdpcommerce.com\/es_mx\/producto\/soporte-3m-stikit-disc-pad-35576-6in\/","title":{"rendered":"3M Stikit Disc Pad 35576 | Base de 6\u201d para lijas adhesivas Stikit\u2122"},"content":{"rendered":"<p data-start=\"325\" data-end=\"787\">El <strong data-start=\"328\" data-end=\"358\">3M\u2122 Stikit\u2122 Disc Pad 35576<\/strong> es una base de soporte de 6 pulgadas dise\u00f1ada para usarse con discos abrasivos Stikit\u2122. Su dise\u00f1o duradero, con respaldo de espuma de densidad media y superficie plana, proporciona un soporte uniforme para obtener acabados consistentes. Su rosca est\u00e1ndar permite la conexi\u00f3n r\u00e1pida a lijadoras rotativas u orbitales, mientras que el adhesivo sensible a la presi\u00f3n (PSA) de los discos Stikit\u2122 garantiza cambios r\u00e1pidos y seguros.<\/p>\n<ul data-start=\"789\" data-end=\"1033\">\n<li data-start=\"789\" data-end=\"806\">\n<p data-start=\"791\" data-end=\"806\">Modelo: 35576<\/p>\n<\/li>\n<li data-start=\"807\" data-end=\"831\">\n<p data-start=\"809\" data-end=\"831\">Di\u00e1metro: 6 pulgadas<\/p>\n<\/li>\n<li data-start=\"832\" data-end=\"865\">\n<p data-start=\"834\" data-end=\"865\">Compatible con discos Stikit\u2122<\/p>\n<\/li>\n<li data-start=\"866\" data-end=\"897\">\n<p data-start=\"868\" data-end=\"897\">Rosca: 5\/16 in \u2013 24 externa<\/p>\n<\/li>\n<li data-start=\"898\" data-end=\"1002\">\n<p data-start=\"900\" data-end=\"1002\">Aplicaci\u00f3n: Lijado en superficies planas, contorneadas y acabados de pintura automotriz o industrial<\/p>\n<\/li>\n<li data-start=\"1003\" data-end=\"1033\">\n<p data-start=\"1005\" data-end=\"1033\">Uso profesional e industrial<\/p>\n<\/li>\n<\/ul>\n","protected":false},"excerpt":{"rendered":"<p>Soporte 3M Stikit Disc Pad 35576 de 6\u201d, ideal para discos adhesivos Stikit\u2122. Con rosca est\u00e1ndar y respaldo de espuma.<\/p>\n","protected":false},"featured_media":2649,"comment_status":"open","ping_status":"closed","template":"","meta":{"om_disable_all_campaigns":false,"_uag_custom_page_level_css":"","_monsterinsights_skip_tracking":false,"_monsterinsights_sitenote_active":false,"_monsterinsights_sitenote_note":"","_monsterinsights_sitenote_category":0,"site-sidebar-layout":"default","site-content-layout":"","ast-site-content-layout":"default","site-content-style":"default","site-sidebar-style":"default","ast-global-header-display":"","ast-banner-title-visibility":"","ast-main-header-display":"","ast-hfb-above-header-display":"","ast-hfb-below-header-display":"","ast-hfb-mobile-header-display":"","site-post-title":"","ast-breadcrumbs-content":"","ast-featured-img":"","footer-sml-layout":"","theme-transparent-header-meta":"default","adv-header-id-meta":"","stick-header-meta":"","header-above-stick-meta":"","header-main-stick-meta":"","header-below-stick-meta":"","astra-migrate-meta-layouts":"set","ast-page-background-enabled":"default","ast-page-background-meta":{"desktop":{"background-color":"var(--ast-global-color-4)","background-image":"","background-repeat":"repeat","background-position":"center center","background-size":"auto","background-attachment":"scroll","background-type":"","background-media":"","overlay-type":"","overlay-color":"","overlay-gradient":""},"tablet":{"background-color":"","background-image":"","background-repeat":"repeat","background-position":"center center","background-size":"auto","background-attachment":"scroll","background-type":"","background-media":"","overlay-type":"","overlay-color":"","overlay-gradient":""},"mobile":{"background-color":"","background-image":"","background-repeat":"repeat","background-position":"center center","background-size":"auto","background-attachment":"scroll","background-type":"","background-media":"","overlay-type":"","overlay-color":"","overlay-gradient":""}},"ast-content-background-meta":{"desktop":{"background-color":"var(--ast-global-color-5)","background-image":"","background-repeat":"repeat","background-position":"center center","background-size":"auto","background-attachment":"scroll","background-type":"","background-media":"","overlay-type":"","overlay-color":"","overlay-gradient":""},"tablet":{"background-color":"var(--ast-global-color-5)","background-image":"","background-repeat":"repeat","background-position":"center center","background-size":"auto","background-attachment":"scroll","background-type":"","background-media":"","overlay-type":"","overlay-color":"","overlay-gradient":""},"mobile":{"background-color":"var(--ast-global-color-5)","background-image":"","background-repeat":"repeat","background-position":"center center","background-size":"auto","background-attachment":"scroll","background-type":"","background-media":"","overlay-type":"","overlay-color":"","overlay-gradient":""}}},"product_brand":[437],"product_cat":[30],"product_tag":[48,500,501,497,495,499,498,496],"class_list":{"0":"post-2648","1":"product","2":"type-product","3":"status-publish","4":"has-post-thumbnail","6":"product_brand-marca-industrial-3m","7":"product_cat-refacciones-industriales","8":"product_tag-3m","9":"product_tag-abrasivos-3m","10":"product_tag-accesorios-para-lijadora","11":"product_tag-base-6-pulgadas","12":"product_tag-disc-pad","13":"product_tag-lijado-automotriz","14":"product_tag-pad-adhesivo","15":"product_tag-soporte-para-lija","16":"desktop-align-left","17":"tablet-align-left","18":"mobile-align-left","20":"first","21":"instock","22":"shipping-taxable","23":"purchasable","24":"product-type-simple"},"yoast_head":"<!-- This site is optimized with the Yoast SEO plugin v27.4 - https:\/\/yoast.com\/product\/yoast-seo-wordpress\/ -->\n<title>3M Stikit Disc Pad 35576 | Base de 6\u201d para lijas adhesivas Stikit\u2122<\/title>\n<meta name=\"description\" content=\"Compra el soporte 3M Stikit Disc Pad 35576 de 6&quot;. Ideal para discos abrasivos adhesivos, con rosca est\u00e1ndar y soporte de espuma para lijado profesional.\" \/>\n<meta name=\"robots\" content=\"index, follow, max-snippet:-1, max-image-preview:large, max-video-preview:-1\" \/>\n<link rel=\"canonical\" href=\"https:\/\/www.sdpcommerce.com\/es_mx\/producto\/soporte-3m-stikit-disc-pad-35576-6in\/\" \/>\n<meta property=\"og:locale\" content=\"es_MX\" \/>\n<meta property=\"og:type\" content=\"article\" \/>\n<meta property=\"og:title\" content=\"3M Stikit Disc Pad 35576 | Base de 6\u201d para lijas adhesivas Stikit\u2122\" \/>\n<meta property=\"og:description\" content=\"Compra el soporte 3M Stikit Disc Pad 35576 de 6&quot;. Ideal para discos abrasivos adhesivos, con rosca est\u00e1ndar y soporte de espuma para lijado profesional.\" \/>\n<meta property=\"og:url\" content=\"https:\/\/www.sdpcommerce.com\/es_mx\/producto\/soporte-3m-stikit-disc-pad-35576-6in\/\" \/>\n<meta property=\"og:site_name\" content=\"&lt;strong&gt;Un buen proveedor no solo vende, asesora y soluciona&lt;\/strong&gt;\" \/>\n<meta property=\"article:publisher\" content=\"https:\/\/www.facebook.com\/profile.php?id=61565795007009#\" \/>\n<meta property=\"article:modified_time\" content=\"2026-04-08T16:59:10+00:00\" \/>\n<meta property=\"og:image\" content=\"https:\/\/www.sdpcommerce.com\/wp-content\/uploads\/2025\/07\/3m-stikit-disc-pad-35576-6in.jpg.png\" \/>\n\t<meta property=\"og:image:width\" content=\"610\" \/>\n\t<meta property=\"og:image:height\" content=\"771\" \/>\n\t<meta property=\"og:image:type\" content=\"image\/png\" \/>\n<meta name=\"twitter:card\" content=\"summary_large_image\" \/>\n<meta name=\"twitter:label1\" content=\"Tiempo de lectura\" \/>\n\t<meta name=\"twitter:data1\" content=\"1 minuto\" \/>\n<script type=\"application\/ld+json\" class=\"yoast-schema-graph\">{\"@context\":\"https:\\\/\\\/schema.org\",\"@graph\":[{\"@type\":\"WebPage\",\"@id\":\"https:\\\/\\\/www.sdpcommerce.com\\\/producto\\\/soporte-3m-stikit-disc-pad-35576-6in\\\/\",\"url\":\"https:\\\/\\\/www.sdpcommerce.com\\\/producto\\\/soporte-3m-stikit-disc-pad-35576-6in\\\/\",\"name\":\"3M Stikit Disc Pad 35576 | Base de 6\u201d para lijas adhesivas Stikit\u2122\",\"isPartOf\":{\"@id\":\"https:\\\/\\\/www.sdpcommerce.com\\\/#website\"},\"primaryImageOfPage\":{\"@id\":\"https:\\\/\\\/www.sdpcommerce.com\\\/producto\\\/soporte-3m-stikit-disc-pad-35576-6in\\\/#primaryimage\"},\"image\":{\"@id\":\"https:\\\/\\\/www.sdpcommerce.com\\\/producto\\\/soporte-3m-stikit-disc-pad-35576-6in\\\/#primaryimage\"},\"thumbnailUrl\":\"https:\\\/\\\/www.sdpcommerce.com\\\/wp-content\\\/uploads\\\/2025\\\/07\\\/3m-stikit-disc-pad-35576-6in.jpg.png\",\"datePublished\":\"2025-07-31T21:12:46+00:00\",\"dateModified\":\"2026-04-08T16:59:10+00:00\",\"description\":\"Compra el soporte 3M Stikit Disc Pad 35576 de 6\\\". Ideal para discos abrasivos adhesivos, con rosca est\u00e1ndar y soporte de espuma para lijado profesional.\",\"breadcrumb\":{\"@id\":\"https:\\\/\\\/www.sdpcommerce.com\\\/producto\\\/soporte-3m-stikit-disc-pad-35576-6in\\\/#breadcrumb\"},\"inLanguage\":\"es\",\"potentialAction\":[{\"@type\":\"ReadAction\",\"target\":[\"https:\\\/\\\/www.sdpcommerce.com\\\/producto\\\/soporte-3m-stikit-disc-pad-35576-6in\\\/\"]}]},{\"@type\":\"ImageObject\",\"inLanguage\":\"es\",\"@id\":\"https:\\\/\\\/www.sdpcommerce.com\\\/producto\\\/soporte-3m-stikit-disc-pad-35576-6in\\\/#primaryimage\",\"url\":\"https:\\\/\\\/www.sdpcommerce.com\\\/wp-content\\\/uploads\\\/2025\\\/07\\\/3m-stikit-disc-pad-35576-6in.jpg.png\",\"contentUrl\":\"https:\\\/\\\/www.sdpcommerce.com\\\/wp-content\\\/uploads\\\/2025\\\/07\\\/3m-stikit-disc-pad-35576-6in.jpg.png\",\"width\":610,\"height\":771,\"caption\":\"3M Stikit Disc Pad 35576 \u2013 Soporte de 6\u201d para discos adhesivos PSA\"},{\"@type\":\"BreadcrumbList\",\"@id\":\"https:\\\/\\\/www.sdpcommerce.com\\\/producto\\\/soporte-3m-stikit-disc-pad-35576-6in\\\/#breadcrumb\",\"itemListElement\":[{\"@type\":\"ListItem\",\"position\":1,\"name\":\"Portada\",\"item\":\"https:\\\/\\\/www.sdpcommerce.com\\\/\"},{\"@type\":\"ListItem\",\"position\":2,\"name\":\"STORE\",\"item\":\"https:\\\/\\\/www.sdpcommerce.com\\\/shop-replacement-parts\\\/\"},{\"@type\":\"ListItem\",\"position\":3,\"name\":\"Refacciones Industriales | Repuestos para Maquinaria y Equipos\",\"item\":\"https:\\\/\\\/www.sdpcommerce.com\\\/categoria-producto\\\/refacciones-industriales\\\/\"},{\"@type\":\"ListItem\",\"position\":4,\"name\":\"3M Stikit Disc Pad 35576 | Base de 6\u201d para lijas adhesivas Stikit\u2122\"}]},{\"@type\":\"WebSite\",\"@id\":\"https:\\\/\\\/www.sdpcommerce.com\\\/#website\",\"url\":\"https:\\\/\\\/www.sdpcommerce.com\\\/\",\"name\":\"SDP COMMERCE\",\"description\":\" Contar con un proveedor que no solo te diga \u201cya no existe\u201d, sino que &lt;strong&gt;te proponga un reemplazo funcional&lt;\\\/strong&gt;, es una ventaja competitiva. Algunas acciones que realiza un proveedor proactivo\",\"publisher\":{\"@id\":\"https:\\\/\\\/www.sdpcommerce.com\\\/#organization\"},\"potentialAction\":[{\"@type\":\"SearchAction\",\"target\":{\"@type\":\"EntryPoint\",\"urlTemplate\":\"https:\\\/\\\/www.sdpcommerce.com\\\/?s={search_term_string}\"},\"query-input\":{\"@type\":\"PropertyValueSpecification\",\"valueRequired\":true,\"valueName\":\"search_term_string\"}}],\"inLanguage\":\"es\"},{\"@type\":\"Organization\",\"@id\":\"https:\\\/\\\/www.sdpcommerce.com\\\/#organization\",\"name\":\"SDP COMMERCE\",\"url\":\"https:\\\/\\\/www.sdpcommerce.com\\\/\",\"logo\":{\"@type\":\"ImageObject\",\"inLanguage\":\"es\",\"@id\":\"https:\\\/\\\/www.sdpcommerce.com\\\/#\\\/schema\\\/logo\\\/image\\\/\",\"url\":\"https:\\\/\\\/www.sdpcommerce.com\\\/wp-content\\\/uploads\\\/2025\\\/02\\\/Screenshot-2025-02-13-150556.png\",\"contentUrl\":\"https:\\\/\\\/www.sdpcommerce.com\\\/wp-content\\\/uploads\\\/2025\\\/02\\\/Screenshot-2025-02-13-150556.png\",\"width\":114,\"height\":108,\"caption\":\"SDP COMMERCE\"},\"image\":{\"@id\":\"https:\\\/\\\/www.sdpcommerce.com\\\/#\\\/schema\\\/logo\\\/image\\\/\"},\"sameAs\":[\"https:\\\/\\\/www.facebook.com\\\/profile.php?id=61565795007009#\"]}]}<\/script>\n<!-- \/ Yoast SEO plugin. -->","yoast_head_json":{"title":"3M Stikit Disc Pad 35576 | Base de 6\u201d para lijas adhesivas Stikit\u2122","description":"Compra el soporte 3M Stikit Disc Pad 35576 de 6\". Ideal para discos abrasivos adhesivos, con rosca est\u00e1ndar y soporte de espuma para lijado profesional.","robots":{"index":"index","follow":"follow","max-snippet":"max-snippet:-1","max-image-preview":"max-image-preview:large","max-video-preview":"max-video-preview:-1"},"canonical":"https:\/\/www.sdpcommerce.com\/es_mx\/producto\/soporte-3m-stikit-disc-pad-35576-6in\/","og_locale":"es_MX","og_type":"article","og_title":"3M Stikit Disc Pad 35576 | Base de 6\u201d para lijas adhesivas Stikit\u2122","og_description":"Compra el soporte 3M Stikit Disc Pad 35576 de 6\". Ideal para discos abrasivos adhesivos, con rosca est\u00e1ndar y soporte de espuma para lijado profesional.","og_url":"https:\/\/www.sdpcommerce.com\/es_mx\/producto\/soporte-3m-stikit-disc-pad-35576-6in\/","og_site_name":"&lt;strong&gt;Un buen proveedor no solo vende, asesora y soluciona&lt;\/strong&gt;","article_publisher":"https:\/\/www.facebook.com\/profile.php?id=61565795007009#","article_modified_time":"2026-04-08T16:59:10+00:00","og_image":[{"width":610,"height":771,"url":"https:\/\/www.sdpcommerce.com\/wp-content\/uploads\/2025\/07\/3m-stikit-disc-pad-35576-6in.jpg.png","type":"image\/png"}],"twitter_card":"summary_large_image","twitter_misc":{"Tiempo de lectura":"1 minuto"},"schema":{"@context":"https:\/\/schema.org","@graph":[{"@type":"WebPage","@id":"https:\/\/www.sdpcommerce.com\/producto\/soporte-3m-stikit-disc-pad-35576-6in\/","url":"https:\/\/www.sdpcommerce.com\/producto\/soporte-3m-stikit-disc-pad-35576-6in\/","name":"3M Stikit Disc Pad 35576 | Base de 6\u201d para lijas adhesivas Stikit\u2122","isPartOf":{"@id":"https:\/\/www.sdpcommerce.com\/#website"},"primaryImageOfPage":{"@id":"https:\/\/www.sdpcommerce.com\/producto\/soporte-3m-stikit-disc-pad-35576-6in\/#primaryimage"},"image":{"@id":"https:\/\/www.sdpcommerce.com\/producto\/soporte-3m-stikit-disc-pad-35576-6in\/#primaryimage"},"thumbnailUrl":"https:\/\/www.sdpcommerce.com\/wp-content\/uploads\/2025\/07\/3m-stikit-disc-pad-35576-6in.jpg.png","datePublished":"2025-07-31T21:12:46+00:00","dateModified":"2026-04-08T16:59:10+00:00","description":"Compra el soporte 3M Stikit Disc Pad 35576 de 6\". Ideal para discos abrasivos adhesivos, con rosca est\u00e1ndar y soporte de espuma para lijado profesional.","breadcrumb":{"@id":"https:\/\/www.sdpcommerce.com\/producto\/soporte-3m-stikit-disc-pad-35576-6in\/#breadcrumb"},"inLanguage":"es","potentialAction":[{"@type":"ReadAction","target":["https:\/\/www.sdpcommerce.com\/producto\/soporte-3m-stikit-disc-pad-35576-6in\/"]}]},{"@type":"ImageObject","inLanguage":"es","@id":"https:\/\/www.sdpcommerce.com\/producto\/soporte-3m-stikit-disc-pad-35576-6in\/#primaryimage","url":"https:\/\/www.sdpcommerce.com\/wp-content\/uploads\/2025\/07\/3m-stikit-disc-pad-35576-6in.jpg.png","contentUrl":"https:\/\/www.sdpcommerce.com\/wp-content\/uploads\/2025\/07\/3m-stikit-disc-pad-35576-6in.jpg.png","width":610,"height":771,"caption":"3M Stikit Disc Pad 35576 \u2013 Soporte de 6\u201d para discos adhesivos PSA"},{"@type":"BreadcrumbList","@id":"https:\/\/www.sdpcommerce.com\/producto\/soporte-3m-stikit-disc-pad-35576-6in\/#breadcrumb","itemListElement":[{"@type":"ListItem","position":1,"name":"Portada","item":"https:\/\/www.sdpcommerce.com\/"},{"@type":"ListItem","position":2,"name":"STORE","item":"https:\/\/www.sdpcommerce.com\/shop-replacement-parts\/"},{"@type":"ListItem","position":3,"name":"Refacciones Industriales | Repuestos para Maquinaria y Equipos","item":"https:\/\/www.sdpcommerce.com\/categoria-producto\/refacciones-industriales\/"},{"@type":"ListItem","position":4,"name":"3M Stikit Disc Pad 35576 | Base de 6\u201d para lijas adhesivas Stikit\u2122"}]},{"@type":"WebSite","@id":"https:\/\/www.sdpcommerce.com\/#website","url":"https:\/\/www.sdpcommerce.com\/","name":"SDP COMMERCE","description":" Contar con un proveedor que no solo te diga \u201cya no existe\u201d, sino que &lt;strong&gt;te proponga un reemplazo funcional&lt;\/strong&gt;, es una ventaja competitiva. Algunas acciones que realiza un proveedor proactivo","publisher":{"@id":"https:\/\/www.sdpcommerce.com\/#organization"},"potentialAction":[{"@type":"SearchAction","target":{"@type":"EntryPoint","urlTemplate":"https:\/\/www.sdpcommerce.com\/?s={search_term_string}"},"query-input":{"@type":"PropertyValueSpecification","valueRequired":true,"valueName":"search_term_string"}}],"inLanguage":"es"},{"@type":"Organization","@id":"https:\/\/www.sdpcommerce.com\/#organization","name":"SDP COMMERCE","url":"https:\/\/www.sdpcommerce.com\/","logo":{"@type":"ImageObject","inLanguage":"es","@id":"https:\/\/www.sdpcommerce.com\/#\/schema\/logo\/image\/","url":"https:\/\/www.sdpcommerce.com\/wp-content\/uploads\/2025\/02\/Screenshot-2025-02-13-150556.png","contentUrl":"https:\/\/www.sdpcommerce.com\/wp-content\/uploads\/2025\/02\/Screenshot-2025-02-13-150556.png","width":114,"height":108,"caption":"SDP COMMERCE"},"image":{"@id":"https:\/\/www.sdpcommerce.com\/#\/schema\/logo\/image\/"},"sameAs":["https:\/\/www.facebook.com\/profile.php?id=61565795007009#"]}]}},"uagb_featured_image_src":{"full":["https:\/\/www.sdpcommerce.com\/wp-content\/uploads\/2025\/07\/3m-stikit-disc-pad-35576-6in.jpg.png",610,771,false],"thumbnail":["https:\/\/www.sdpcommerce.com\/wp-content\/uploads\/2025\/07\/3m-stikit-disc-pad-35576-6in.jpg-150x150.png",150,150,true],"medium":["https:\/\/www.sdpcommerce.com\/wp-content\/uploads\/2025\/07\/3m-stikit-disc-pad-35576-6in.jpg-237x300.png",237,300,true],"medium_large":["https:\/\/www.sdpcommerce.com\/wp-content\/uploads\/2025\/07\/3m-stikit-disc-pad-35576-6in.jpg.png",610,771,false],"large":["https:\/\/www.sdpcommerce.com\/wp-content\/uploads\/2025\/07\/3m-stikit-disc-pad-35576-6in.jpg.png",610,771,false],"1536x1536":["https:\/\/www.sdpcommerce.com\/wp-content\/uploads\/2025\/07\/3m-stikit-disc-pad-35576-6in.jpg.png",610,771,false],"2048x2048":["https:\/\/www.sdpcommerce.com\/wp-content\/uploads\/2025\/07\/3m-stikit-disc-pad-35576-6in.jpg.png",610,771,false],"trp-custom-language-flag":["https:\/\/www.sdpcommerce.com\/wp-content\/uploads\/2025\/07\/3m-stikit-disc-pad-35576-6in.jpg-9x12.png",9,12,true],"woocommerce_thumbnail":["https:\/\/www.sdpcommerce.com\/wp-content\/uploads\/2025\/07\/3m-stikit-disc-pad-35576-6in.jpg-300x300.png",300,300,true],"woocommerce_single":["https:\/\/www.sdpcommerce.com\/wp-content\/uploads\/2025\/07\/3m-stikit-disc-pad-35576-6in.jpg-600x758.png",600,758,true],"woocommerce_gallery_thumbnail":["https:\/\/www.sdpcommerce.com\/wp-content\/uploads\/2025\/07\/3m-stikit-disc-pad-35576-6in.jpg-100x100.png",100,100,true]},"uagb_author_info":{"display_name":"admin","author_link":"https:\/\/www.sdpcommerce.com\/es_mx\/author\/"},"uagb_comment_info":21,"uagb_excerpt":"Soporte 3M Stikit Disc Pad 35576 de 6\u201d, ideal para discos adhesivos Stikit\u2122. Con rosca est\u00e1ndar y respaldo de espuma.","_links":{"self":[{"href":"https:\/\/www.sdpcommerce.com\/es_mx\/wp-json\/wp\/v2\/product\/2648","targetHints":{"allow":["GET"]}}],"collection":[{"href":"https:\/\/www.sdpcommerce.com\/es_mx\/wp-json\/wp\/v2\/product"}],"about":[{"href":"https:\/\/www.sdpcommerce.com\/es_mx\/wp-json\/wp\/v2\/types\/product"}],"replies":[{"embeddable":true,"href":"https:\/\/www.sdpcommerce.com\/es_mx\/wp-json\/wp\/v2\/comments?post=2648"}],"wp:featuredmedia":[{"embeddable":true,"href":"https:\/\/www.sdpcommerce.com\/es_mx\/wp-json\/wp\/v2\/media\/2649"}],"wp:attachment":[{"href":"https:\/\/www.sdpcommerce.com\/es_mx\/wp-json\/wp\/v2\/media?parent=2648"}],"wp:term":[{"taxonomy":"product_brand","embeddable":true,"href":"https:\/\/www.sdpcommerce.com\/es_mx\/wp-json\/wp\/v2\/product_brand?post=2648"},{"taxonomy":"product_cat","embeddable":true,"href":"https:\/\/www.sdpcommerce.com\/es_mx\/wp-json\/wp\/v2\/product_cat?post=2648"},{"taxonomy":"product_tag","embeddable":true,"href":"https:\/\/www.sdpcommerce.com\/es_mx\/wp-json\/wp\/v2\/product_tag?post=2648"}],"curies":[{"name":"wp","href":"https:\/\/api.w.org\/{rel}","templated":true}]}}