{"id":2646,"date":"2025-07-31T23:09:46","date_gmt":"2025-07-31T21:09:46","guid":{"rendered":"https:\/\/www.sdpcommerce.com\/?post_type=product&#038;p=2646"},"modified":"2026-02-20T01:37:28","modified_gmt":"2026-02-20T00:37:28","slug":"disco-abrasivo-3m-hookit-gold-236u-p80-6in","status":"publish","type":"product","link":"https:\/\/www.sdpcommerce.com\/es_mx\/producto\/disco-abrasivo-3m-hookit-gold-236u-p80-6in\/","title":{"rendered":"3M Hookit Gold Disc 236U P80 | Lija de 6\u201d para desbaste industrial (Caja con 300)"},"content":{"rendered":"<p data-start=\"373\" data-end=\"874\">Los discos abrasivos <strong data-start=\"394\" data-end=\"428\">3M Hookit Gold 236U, grano P80<\/strong> est\u00e1n dise\u00f1ados para ofrecer un lijado agresivo y uniforme en aplicaciones industriales. Con un di\u00e1metro de <strong data-start=\"537\" data-end=\"551\">6 pulgadas<\/strong> y sistema de fijaci\u00f3n Hookit\u2122, estos discos permiten un cambio r\u00e1pido y seguro en herramientas orbitales. La construcci\u00f3n con respaldo de papel duradero y recubrimiento abierto ayuda a reducir la acumulaci\u00f3n de polvo y a prolongar la vida \u00fatil del disco. Ideal para metales, compuestos, maderas y superficies automotrices.<\/p>\n<ul data-start=\"876\" data-end=\"1090\">\n<li data-start=\"876\" data-end=\"900\">\n<p data-start=\"878\" data-end=\"900\">Modelo: 236U &#8211; 00983<\/p>\n<\/li>\n<li data-start=\"901\" data-end=\"925\">\n<p data-start=\"903\" data-end=\"925\">Di\u00e1metro: 6 pulgadas<\/p>\n<\/li>\n<li data-start=\"926\" data-end=\"940\">\n<p data-start=\"928\" data-end=\"940\">Grano: P80<\/p>\n<\/li>\n<li data-start=\"941\" data-end=\"998\">\n<p data-start=\"943\" data-end=\"998\">Contenido: 75 discos por cart\u00f3n (Caja con 300 discos)<\/p>\n<\/li>\n<li data-start=\"999\" data-end=\"1040\">\n<p data-start=\"1001\" data-end=\"1040\">Sistema Hookit\u2122 para f\u00e1cil colocaci\u00f3n<\/p>\n<\/li>\n<li data-start=\"1041\" data-end=\"1090\">\n<p data-start=\"1043\" data-end=\"1090\">Uso en talleres, carrocer\u00edas, carpinter\u00eda y m\u00e1s<\/p>\n<\/li>\n<\/ul>\n","protected":false},"excerpt":{"rendered":"<p>Disco abrasivo 3M Hookit 236U P80 de 6\u201d para lijado industrial, con fijaci\u00f3n r\u00e1pida y caja de 300 piezas.<\/p>\n","protected":false},"featured_media":2647,"comment_status":"open","ping_status":"closed","template":"","meta":{"om_disable_all_campaigns":false,"_uag_custom_page_level_css":"","_monsterinsights_skip_tracking":false,"_monsterinsights_sitenote_active":false,"_monsterinsights_sitenote_note":"","_monsterinsights_sitenote_category":0,"site-sidebar-layout":"default","site-content-layout":"","ast-site-content-layout":"default","site-content-style":"default","site-sidebar-style":"default","ast-global-header-display":"","ast-banner-title-visibility":"","ast-main-header-display":"","ast-hfb-above-header-display":"","ast-hfb-below-header-display":"","ast-hfb-mobile-header-display":"","site-post-title":"","ast-breadcrumbs-content":"","ast-featured-img":"","footer-sml-layout":"","theme-transparent-header-meta":"default","adv-header-id-meta":"","stick-header-meta":"","header-above-stick-meta":"","header-main-stick-meta":"","header-below-stick-meta":"","astra-migrate-meta-layouts":"set","ast-page-background-enabled":"default","ast-page-background-meta":{"desktop":{"background-color":"var(--ast-global-color-4)","background-image":"","background-repeat":"repeat","background-position":"center center","background-size":"auto","background-attachment":"scroll","background-type":"","background-media":"","overlay-type":"","overlay-color":"","overlay-gradient":""},"tablet":{"background-color":"","background-image":"","background-repeat":"repeat","background-position":"center center","background-size":"auto","background-attachment":"scroll","background-type":"","background-media":"","overlay-type":"","overlay-color":"","overlay-gradient":""},"mobile":{"background-color":"","background-image":"","background-repeat":"repeat","background-position":"center center","background-size":"auto","background-attachment":"scroll","background-type":"","background-media":"","overlay-type":"","overlay-color":"","overlay-gradient":""}},"ast-content-background-meta":{"desktop":{"background-color":"var(--ast-global-color-5)","background-image":"","background-repeat":"repeat","background-position":"center center","background-size":"auto","background-attachment":"scroll","background-type":"","background-media":"","overlay-type":"","overlay-color":"","overlay-gradient":""},"tablet":{"background-color":"var(--ast-global-color-5)","background-image":"","background-repeat":"repeat","background-position":"center center","background-size":"auto","background-attachment":"scroll","background-type":"","background-media":"","overlay-type":"","overlay-color":"","overlay-gradient":""},"mobile":{"background-color":"var(--ast-global-color-5)","background-image":"","background-repeat":"repeat","background-position":"center center","background-size":"auto","background-attachment":"scroll","background-type":"","background-media":"","overlay-type":"","overlay-color":"","overlay-gradient":""}}},"product_brand":[437],"product_cat":[30],"product_tag":[490,493,494,489,491,492],"class_list":{"0":"post-2646","1":"product","2":"type-product","3":"status-publish","4":"has-post-thumbnail","6":"product_brand-marca-industrial-3m","7":"product_cat-refacciones-industriales","8":"product_tag-236u","9":"product_tag-abrasivos-para-metal","10":"product_tag-discos-para-carroceria","11":"product_tag-hookit","12":"product_tag-lija-3m","13":"product_tag-lijado-industrial","14":"desktop-align-left","15":"tablet-align-left","16":"mobile-align-left","18":"first","19":"instock","20":"shipping-taxable","21":"purchasable","22":"product-type-simple"},"yoast_head":"<!-- This site is optimized with the Yoast SEO plugin v27.4 - https:\/\/yoast.com\/product\/yoast-seo-wordpress\/ -->\n<title>3M Hookit Gold Disc 236U P80 | Lija de 6\u201d para desbaste industrial (Caja con 300)<\/title>\n<meta name=\"description\" content=\"Compra el disco abrasivo 3M Hookit Gold 236U P80 de 6 pulgadas. Caja con 300 discos ideales para lijado r\u00e1pido y uniforme en aplicaciones industriales.\" \/>\n<meta name=\"robots\" content=\"index, follow, max-snippet:-1, max-image-preview:large, max-video-preview:-1\" \/>\n<link rel=\"canonical\" href=\"https:\/\/www.sdpcommerce.com\/es_mx\/producto\/disco-abrasivo-3m-hookit-gold-236u-p80-6in\/\" \/>\n<meta property=\"og:locale\" content=\"es_MX\" \/>\n<meta property=\"og:type\" content=\"article\" \/>\n<meta property=\"og:title\" content=\"3M Hookit Gold Disc 236U P80 | Lija de 6\u201d para desbaste industrial (Caja con 300)\" \/>\n<meta property=\"og:description\" content=\"Compra el disco abrasivo 3M Hookit Gold 236U P80 de 6 pulgadas. Caja con 300 discos ideales para lijado r\u00e1pido y uniforme en aplicaciones industriales.\" \/>\n<meta property=\"og:url\" content=\"https:\/\/www.sdpcommerce.com\/es_mx\/producto\/disco-abrasivo-3m-hookit-gold-236u-p80-6in\/\" \/>\n<meta property=\"og:site_name\" content=\"&lt;strong&gt;Un buen proveedor no solo vende, asesora y soluciona&lt;\/strong&gt;\" \/>\n<meta property=\"article:publisher\" content=\"https:\/\/www.facebook.com\/profile.php?id=61565795007009#\" \/>\n<meta property=\"article:modified_time\" content=\"2026-02-20T00:37:28+00:00\" \/>\n<meta property=\"og:image\" content=\"https:\/\/www.sdpcommerce.com\/wp-content\/uploads\/2025\/07\/disco-3m-hookit-gold-236u-p80-6in.jpg.png\" \/>\n\t<meta property=\"og:image:width\" content=\"881\" \/>\n\t<meta property=\"og:image:height\" content=\"720\" \/>\n\t<meta property=\"og:image:type\" content=\"image\/png\" \/>\n<meta name=\"twitter:card\" content=\"summary_large_image\" \/>\n<meta name=\"twitter:label1\" content=\"Tiempo de lectura\" \/>\n\t<meta name=\"twitter:data1\" content=\"1 minuto\" \/>\n<script type=\"application\/ld+json\" class=\"yoast-schema-graph\">{\"@context\":\"https:\\\/\\\/schema.org\",\"@graph\":[{\"@type\":\"WebPage\",\"@id\":\"https:\\\/\\\/www.sdpcommerce.com\\\/producto\\\/disco-abrasivo-3m-hookit-gold-236u-p80-6in\\\/\",\"url\":\"https:\\\/\\\/www.sdpcommerce.com\\\/producto\\\/disco-abrasivo-3m-hookit-gold-236u-p80-6in\\\/\",\"name\":\"3M Hookit Gold Disc 236U P80 | Lija de 6\u201d para desbaste industrial (Caja con 300)\",\"isPartOf\":{\"@id\":\"https:\\\/\\\/www.sdpcommerce.com\\\/#website\"},\"primaryImageOfPage\":{\"@id\":\"https:\\\/\\\/www.sdpcommerce.com\\\/producto\\\/disco-abrasivo-3m-hookit-gold-236u-p80-6in\\\/#primaryimage\"},\"image\":{\"@id\":\"https:\\\/\\\/www.sdpcommerce.com\\\/producto\\\/disco-abrasivo-3m-hookit-gold-236u-p80-6in\\\/#primaryimage\"},\"thumbnailUrl\":\"https:\\\/\\\/www.sdpcommerce.com\\\/wp-content\\\/uploads\\\/2025\\\/07\\\/disco-3m-hookit-gold-236u-p80-6in.jpg.png\",\"datePublished\":\"2025-07-31T21:09:46+00:00\",\"dateModified\":\"2026-02-20T00:37:28+00:00\",\"description\":\"Compra el disco abrasivo 3M Hookit Gold 236U P80 de 6 pulgadas. Caja con 300 discos ideales para lijado r\u00e1pido y uniforme en aplicaciones industriales.\",\"breadcrumb\":{\"@id\":\"https:\\\/\\\/www.sdpcommerce.com\\\/producto\\\/disco-abrasivo-3m-hookit-gold-236u-p80-6in\\\/#breadcrumb\"},\"inLanguage\":\"es\",\"potentialAction\":[{\"@type\":\"ReadAction\",\"target\":[\"https:\\\/\\\/www.sdpcommerce.com\\\/producto\\\/disco-abrasivo-3m-hookit-gold-236u-p80-6in\\\/\"]}]},{\"@type\":\"ImageObject\",\"inLanguage\":\"es\",\"@id\":\"https:\\\/\\\/www.sdpcommerce.com\\\/producto\\\/disco-abrasivo-3m-hookit-gold-236u-p80-6in\\\/#primaryimage\",\"url\":\"https:\\\/\\\/www.sdpcommerce.com\\\/wp-content\\\/uploads\\\/2025\\\/07\\\/disco-3m-hookit-gold-236u-p80-6in.jpg.png\",\"contentUrl\":\"https:\\\/\\\/www.sdpcommerce.com\\\/wp-content\\\/uploads\\\/2025\\\/07\\\/disco-3m-hookit-gold-236u-p80-6in.jpg.png\",\"width\":881,\"height\":720,\"caption\":\"3M Hookit 236U \u2013 Disco abrasivo P80 de 6\u201d (Caja de 300 piezas)\"},{\"@type\":\"BreadcrumbList\",\"@id\":\"https:\\\/\\\/www.sdpcommerce.com\\\/producto\\\/disco-abrasivo-3m-hookit-gold-236u-p80-6in\\\/#breadcrumb\",\"itemListElement\":[{\"@type\":\"ListItem\",\"position\":1,\"name\":\"Portada\",\"item\":\"https:\\\/\\\/www.sdpcommerce.com\\\/\"},{\"@type\":\"ListItem\",\"position\":2,\"name\":\"STORE\",\"item\":\"https:\\\/\\\/www.sdpcommerce.com\\\/shop-replacement-parts\\\/\"},{\"@type\":\"ListItem\",\"position\":3,\"name\":\"Refacciones Industriales | Repuestos para Maquinaria y Equipos\",\"item\":\"https:\\\/\\\/www.sdpcommerce.com\\\/categoria-producto\\\/refacciones-industriales\\\/\"},{\"@type\":\"ListItem\",\"position\":4,\"name\":\"3M Hookit Gold Disc 236U P80 | Lija de 6\u201d para desbaste industrial (Caja con 300)\"}]},{\"@type\":\"WebSite\",\"@id\":\"https:\\\/\\\/www.sdpcommerce.com\\\/#website\",\"url\":\"https:\\\/\\\/www.sdpcommerce.com\\\/\",\"name\":\"SDP COMMERCE\",\"description\":\" Contar con un proveedor que no solo te diga \u201cya no existe\u201d, sino que &lt;strong&gt;te proponga un reemplazo funcional&lt;\\\/strong&gt;, es una ventaja competitiva. Algunas acciones que realiza un proveedor proactivo\",\"publisher\":{\"@id\":\"https:\\\/\\\/www.sdpcommerce.com\\\/#organization\"},\"potentialAction\":[{\"@type\":\"SearchAction\",\"target\":{\"@type\":\"EntryPoint\",\"urlTemplate\":\"https:\\\/\\\/www.sdpcommerce.com\\\/?s={search_term_string}\"},\"query-input\":{\"@type\":\"PropertyValueSpecification\",\"valueRequired\":true,\"valueName\":\"search_term_string\"}}],\"inLanguage\":\"es\"},{\"@type\":\"Organization\",\"@id\":\"https:\\\/\\\/www.sdpcommerce.com\\\/#organization\",\"name\":\"SDP COMMERCE\",\"url\":\"https:\\\/\\\/www.sdpcommerce.com\\\/\",\"logo\":{\"@type\":\"ImageObject\",\"inLanguage\":\"es\",\"@id\":\"https:\\\/\\\/www.sdpcommerce.com\\\/#\\\/schema\\\/logo\\\/image\\\/\",\"url\":\"https:\\\/\\\/www.sdpcommerce.com\\\/wp-content\\\/uploads\\\/2025\\\/02\\\/Screenshot-2025-02-13-150556.png\",\"contentUrl\":\"https:\\\/\\\/www.sdpcommerce.com\\\/wp-content\\\/uploads\\\/2025\\\/02\\\/Screenshot-2025-02-13-150556.png\",\"width\":114,\"height\":108,\"caption\":\"SDP COMMERCE\"},\"image\":{\"@id\":\"https:\\\/\\\/www.sdpcommerce.com\\\/#\\\/schema\\\/logo\\\/image\\\/\"},\"sameAs\":[\"https:\\\/\\\/www.facebook.com\\\/profile.php?id=61565795007009#\"]}]}<\/script>\n<!-- \/ Yoast SEO plugin. -->","yoast_head_json":{"title":"3M Hookit Gold Disc 236U P80 | Lija de 6\u201d para desbaste industrial (Caja con 300)","description":"Compra el disco abrasivo 3M Hookit Gold 236U P80 de 6 pulgadas. Caja con 300 discos ideales para lijado r\u00e1pido y uniforme en aplicaciones industriales.","robots":{"index":"index","follow":"follow","max-snippet":"max-snippet:-1","max-image-preview":"max-image-preview:large","max-video-preview":"max-video-preview:-1"},"canonical":"https:\/\/www.sdpcommerce.com\/es_mx\/producto\/disco-abrasivo-3m-hookit-gold-236u-p80-6in\/","og_locale":"es_MX","og_type":"article","og_title":"3M Hookit Gold Disc 236U P80 | Lija de 6\u201d para desbaste industrial (Caja con 300)","og_description":"Compra el disco abrasivo 3M Hookit Gold 236U P80 de 6 pulgadas. Caja con 300 discos ideales para lijado r\u00e1pido y uniforme en aplicaciones industriales.","og_url":"https:\/\/www.sdpcommerce.com\/es_mx\/producto\/disco-abrasivo-3m-hookit-gold-236u-p80-6in\/","og_site_name":"&lt;strong&gt;Un buen proveedor no solo vende, asesora y soluciona&lt;\/strong&gt;","article_publisher":"https:\/\/www.facebook.com\/profile.php?id=61565795007009#","article_modified_time":"2026-02-20T00:37:28+00:00","og_image":[{"width":881,"height":720,"url":"https:\/\/www.sdpcommerce.com\/wp-content\/uploads\/2025\/07\/disco-3m-hookit-gold-236u-p80-6in.jpg.png","type":"image\/png"}],"twitter_card":"summary_large_image","twitter_misc":{"Tiempo de lectura":"1 minuto"},"schema":{"@context":"https:\/\/schema.org","@graph":[{"@type":"WebPage","@id":"https:\/\/www.sdpcommerce.com\/producto\/disco-abrasivo-3m-hookit-gold-236u-p80-6in\/","url":"https:\/\/www.sdpcommerce.com\/producto\/disco-abrasivo-3m-hookit-gold-236u-p80-6in\/","name":"3M Hookit Gold Disc 236U P80 | Lija de 6\u201d para desbaste industrial (Caja con 300)","isPartOf":{"@id":"https:\/\/www.sdpcommerce.com\/#website"},"primaryImageOfPage":{"@id":"https:\/\/www.sdpcommerce.com\/producto\/disco-abrasivo-3m-hookit-gold-236u-p80-6in\/#primaryimage"},"image":{"@id":"https:\/\/www.sdpcommerce.com\/producto\/disco-abrasivo-3m-hookit-gold-236u-p80-6in\/#primaryimage"},"thumbnailUrl":"https:\/\/www.sdpcommerce.com\/wp-content\/uploads\/2025\/07\/disco-3m-hookit-gold-236u-p80-6in.jpg.png","datePublished":"2025-07-31T21:09:46+00:00","dateModified":"2026-02-20T00:37:28+00:00","description":"Compra el disco abrasivo 3M Hookit Gold 236U P80 de 6 pulgadas. Caja con 300 discos ideales para lijado r\u00e1pido y uniforme en aplicaciones industriales.","breadcrumb":{"@id":"https:\/\/www.sdpcommerce.com\/producto\/disco-abrasivo-3m-hookit-gold-236u-p80-6in\/#breadcrumb"},"inLanguage":"es","potentialAction":[{"@type":"ReadAction","target":["https:\/\/www.sdpcommerce.com\/producto\/disco-abrasivo-3m-hookit-gold-236u-p80-6in\/"]}]},{"@type":"ImageObject","inLanguage":"es","@id":"https:\/\/www.sdpcommerce.com\/producto\/disco-abrasivo-3m-hookit-gold-236u-p80-6in\/#primaryimage","url":"https:\/\/www.sdpcommerce.com\/wp-content\/uploads\/2025\/07\/disco-3m-hookit-gold-236u-p80-6in.jpg.png","contentUrl":"https:\/\/www.sdpcommerce.com\/wp-content\/uploads\/2025\/07\/disco-3m-hookit-gold-236u-p80-6in.jpg.png","width":881,"height":720,"caption":"3M Hookit 236U \u2013 Disco abrasivo P80 de 6\u201d (Caja de 300 piezas)"},{"@type":"BreadcrumbList","@id":"https:\/\/www.sdpcommerce.com\/producto\/disco-abrasivo-3m-hookit-gold-236u-p80-6in\/#breadcrumb","itemListElement":[{"@type":"ListItem","position":1,"name":"Portada","item":"https:\/\/www.sdpcommerce.com\/"},{"@type":"ListItem","position":2,"name":"STORE","item":"https:\/\/www.sdpcommerce.com\/shop-replacement-parts\/"},{"@type":"ListItem","position":3,"name":"Refacciones Industriales | Repuestos para Maquinaria y Equipos","item":"https:\/\/www.sdpcommerce.com\/categoria-producto\/refacciones-industriales\/"},{"@type":"ListItem","position":4,"name":"3M Hookit Gold Disc 236U P80 | Lija de 6\u201d para desbaste industrial (Caja con 300)"}]},{"@type":"WebSite","@id":"https:\/\/www.sdpcommerce.com\/#website","url":"https:\/\/www.sdpcommerce.com\/","name":"SDP COMMERCE","description":" Contar con un proveedor que no solo te diga \u201cya no existe\u201d, sino que &lt;strong&gt;te proponga un reemplazo funcional&lt;\/strong&gt;, es una ventaja competitiva. Algunas acciones que realiza un proveedor proactivo","publisher":{"@id":"https:\/\/www.sdpcommerce.com\/#organization"},"potentialAction":[{"@type":"SearchAction","target":{"@type":"EntryPoint","urlTemplate":"https:\/\/www.sdpcommerce.com\/?s={search_term_string}"},"query-input":{"@type":"PropertyValueSpecification","valueRequired":true,"valueName":"search_term_string"}}],"inLanguage":"es"},{"@type":"Organization","@id":"https:\/\/www.sdpcommerce.com\/#organization","name":"SDP COMMERCE","url":"https:\/\/www.sdpcommerce.com\/","logo":{"@type":"ImageObject","inLanguage":"es","@id":"https:\/\/www.sdpcommerce.com\/#\/schema\/logo\/image\/","url":"https:\/\/www.sdpcommerce.com\/wp-content\/uploads\/2025\/02\/Screenshot-2025-02-13-150556.png","contentUrl":"https:\/\/www.sdpcommerce.com\/wp-content\/uploads\/2025\/02\/Screenshot-2025-02-13-150556.png","width":114,"height":108,"caption":"SDP COMMERCE"},"image":{"@id":"https:\/\/www.sdpcommerce.com\/#\/schema\/logo\/image\/"},"sameAs":["https:\/\/www.facebook.com\/profile.php?id=61565795007009#"]}]}},"uagb_featured_image_src":{"full":["https:\/\/www.sdpcommerce.com\/wp-content\/uploads\/2025\/07\/disco-3m-hookit-gold-236u-p80-6in.jpg.png",881,720,false],"thumbnail":["https:\/\/www.sdpcommerce.com\/wp-content\/uploads\/2025\/07\/disco-3m-hookit-gold-236u-p80-6in.jpg-150x150.png",150,150,true],"medium":["https:\/\/www.sdpcommerce.com\/wp-content\/uploads\/2025\/07\/disco-3m-hookit-gold-236u-p80-6in.jpg-300x245.png",300,245,true],"medium_large":["https:\/\/www.sdpcommerce.com\/wp-content\/uploads\/2025\/07\/disco-3m-hookit-gold-236u-p80-6in.jpg-768x628.png",768,628,true],"large":["https:\/\/www.sdpcommerce.com\/wp-content\/uploads\/2025\/07\/disco-3m-hookit-gold-236u-p80-6in.jpg.png",881,720,false],"1536x1536":["https:\/\/www.sdpcommerce.com\/wp-content\/uploads\/2025\/07\/disco-3m-hookit-gold-236u-p80-6in.jpg.png",881,720,false],"2048x2048":["https:\/\/www.sdpcommerce.com\/wp-content\/uploads\/2025\/07\/disco-3m-hookit-gold-236u-p80-6in.jpg.png",881,720,false],"trp-custom-language-flag":["https:\/\/www.sdpcommerce.com\/wp-content\/uploads\/2025\/07\/disco-3m-hookit-gold-236u-p80-6in.jpg-15x12.png",15,12,true],"woocommerce_thumbnail":["https:\/\/www.sdpcommerce.com\/wp-content\/uploads\/2025\/07\/disco-3m-hookit-gold-236u-p80-6in.jpg-300x300.png",300,300,true],"woocommerce_single":["https:\/\/www.sdpcommerce.com\/wp-content\/uploads\/2025\/07\/disco-3m-hookit-gold-236u-p80-6in.jpg-600x490.png",600,490,true],"woocommerce_gallery_thumbnail":["https:\/\/www.sdpcommerce.com\/wp-content\/uploads\/2025\/07\/disco-3m-hookit-gold-236u-p80-6in.jpg-100x100.png",100,100,true]},"uagb_author_info":{"display_name":"admin","author_link":"https:\/\/www.sdpcommerce.com\/es_mx\/author\/"},"uagb_comment_info":2,"uagb_excerpt":"Disco abrasivo 3M Hookit 236U P80 de 6\u201d para lijado industrial, con fijaci\u00f3n r\u00e1pida y caja de 300 piezas.","_links":{"self":[{"href":"https:\/\/www.sdpcommerce.com\/es_mx\/wp-json\/wp\/v2\/product\/2646","targetHints":{"allow":["GET"]}}],"collection":[{"href":"https:\/\/www.sdpcommerce.com\/es_mx\/wp-json\/wp\/v2\/product"}],"about":[{"href":"https:\/\/www.sdpcommerce.com\/es_mx\/wp-json\/wp\/v2\/types\/product"}],"replies":[{"embeddable":true,"href":"https:\/\/www.sdpcommerce.com\/es_mx\/wp-json\/wp\/v2\/comments?post=2646"}],"wp:featuredmedia":[{"embeddable":true,"href":"https:\/\/www.sdpcommerce.com\/es_mx\/wp-json\/wp\/v2\/media\/2647"}],"wp:attachment":[{"href":"https:\/\/www.sdpcommerce.com\/es_mx\/wp-json\/wp\/v2\/media?parent=2646"}],"wp:term":[{"taxonomy":"product_brand","embeddable":true,"href":"https:\/\/www.sdpcommerce.com\/es_mx\/wp-json\/wp\/v2\/product_brand?post=2646"},{"taxonomy":"product_cat","embeddable":true,"href":"https:\/\/www.sdpcommerce.com\/es_mx\/wp-json\/wp\/v2\/product_cat?post=2646"},{"taxonomy":"product_tag","embeddable":true,"href":"https:\/\/www.sdpcommerce.com\/es_mx\/wp-json\/wp\/v2\/product_tag?post=2646"}],"curies":[{"name":"wp","href":"https:\/\/api.w.org\/{rel}","templated":true}]}}