{"id":2077,"date":"2025-02-13T20:48:30","date_gmt":"2025-02-13T19:48:30","guid":{"rendered":"https:\/\/www.sdpcommerce.com\/?post_type=product&#038;p=2077"},"modified":"2025-07-24T01:03:13","modified_gmt":"2025-07-23T23:03:13","slug":"producto-controlador-temperatura-woerner-ab31-14-7-1a2a3a-ta-w","status":"publish","type":"product","link":"https:\/\/www.sdpcommerce.com\/es_mx\/producto\/producto-controlador-temperatura-woerner-ab31-14-7-1a2a3a-ta-w\/","title":{"rendered":"Controlador de Temperatura Woerner AB31-14\/7-1A2A3A-TA-W | Sistemas de Lubricaci\u00f3n Centralizada"},"content":{"rendered":"<h3 data-start=\"668\" data-end=\"730\">Controlador de Temperatura Woerner AB31-14\/7-1A2A3A-TA-W<\/h3>\n<p data-start=\"731\" data-end=\"1020\">Este controlador de temperatura de la marca <strong data-start=\"775\" data-end=\"786\">Woerner<\/strong> es ideal para monitorear y regular sistemas de lubricaci\u00f3n centralizados en maquinaria pesada e industrial. Gracias a su dise\u00f1o robusto y alta precisi\u00f3n, garantiza un funcionamiento continuo y seguro incluso en condiciones exigentes.<\/p>\n<hr data-start=\"1022\" data-end=\"1025\" \/>\n<h4 data-start=\"1027\" data-end=\"1061\">Especificaciones t\u00e9cnicas:<\/h4>\n<ul data-start=\"1062\" data-end=\"1335\">\n<li data-start=\"1062\" data-end=\"1112\">\n<p data-start=\"1064\" data-end=\"1112\"><strong data-start=\"1064\" data-end=\"1074\">Marca:<\/strong> Woerner Central Lubrication Systems<\/p>\n<\/li>\n<li data-start=\"1113\" data-end=\"1150\">\n<p data-start=\"1115\" data-end=\"1150\"><strong data-start=\"1115\" data-end=\"1126\">Modelo:<\/strong> AB31-14\/7-1A2A3A-TA-W<\/p>\n<\/li>\n<li data-start=\"1151\" data-end=\"1202\">\n<p data-start=\"1153\" data-end=\"1202\"><strong data-start=\"1153\" data-end=\"1162\">Tipo:<\/strong> Controlador de temperatura industrial<\/p>\n<\/li>\n<li data-start=\"1203\" data-end=\"1254\">\n<p data-start=\"1205\" data-end=\"1254\"><strong data-start=\"1205\" data-end=\"1220\">Aplicaci\u00f3n:<\/strong> Sistemas de lubricaci\u00f3n central<\/p>\n<\/li>\n<li data-start=\"1255\" data-end=\"1300\">\n<p data-start=\"1257\" data-end=\"1300\"><strong data-start=\"1257\" data-end=\"1270\">Material:<\/strong> Alta resistencia industrial<\/p>\n<\/li>\n<li data-start=\"1301\" data-end=\"1335\">\n<p data-start=\"1303\" data-end=\"1335\"><strong data-start=\"1303\" data-end=\"1314\">Origen:<\/strong> Ingenier\u00eda alemana<\/p>\n<\/li>\n<\/ul>\n<h4 data-start=\"1342\" data-end=\"1371\">\u00a0Aplicaciones comunes:<\/h4>\n<ul data-start=\"1372\" data-end=\"1522\">\n<li data-start=\"1372\" data-end=\"1400\">\n<p data-start=\"1374\" data-end=\"1400\">Centros de maquinado CNC<\/p>\n<\/li>\n<li data-start=\"1401\" data-end=\"1423\">\n<p data-start=\"1403\" data-end=\"1423\">Equipos de miner\u00eda<\/p>\n<\/li>\n<li data-start=\"1424\" data-end=\"1445\">\n<p data-start=\"1426\" data-end=\"1445\">Maquinaria pesada<\/p>\n<\/li>\n<li data-start=\"1446\" data-end=\"1484\">\n<p data-start=\"1448\" data-end=\"1484\">Sistemas hidr\u00e1ulicos automatizados<\/p>\n<\/li>\n<li data-start=\"1485\" data-end=\"1522\">\n<p data-start=\"1487\" data-end=\"1522\">L\u00edneas de producci\u00f3n industriales<\/p>\n<\/li>\n<\/ul>\n<hr data-start=\"1524\" data-end=\"1527\" \/>\n<p data-start=\"1529\" data-end=\"1680\">\u2705 Control preciso y estable de temperatura<br data-start=\"1571\" data-end=\"1574\" \/>\u2705 Compatibilidad con sistemas autom\u00e1ticos de lubricaci\u00f3n Woerner<br data-start=\"1638\" data-end=\"1641\" \/>\u2705 Larga vida \u00fatil y operaci\u00f3n confiable<\/p>\n<hr data-start=\"1682\" data-end=\"1685\" \/>\n<p data-start=\"1687\" data-end=\"1794\"><strong data-start=\"1690\" data-end=\"1718\">Disponibilidad inmediata<\/strong><br data-start=\"1718\" data-end=\"1721\" \/><strong data-start=\"1724\" data-end=\"1748\">Env\u00edos a todo M\u00e9xico<\/strong><br data-start=\"1748\" data-end=\"1751\" \/>\u00a0Soporte t\u00e9cnico y cotizaci\u00f3n por volumen<\/p>\n","protected":false},"excerpt":{"rendered":"<p>Controlador de temperatura Woerner modelo AB31-14\/7-1A2A3A-TA-W. Dise\u00f1ado para sistemas de lubricaci\u00f3n centralizada en maquinaria industrial. Precisi\u00f3n alemana, confiabilidad y compatibilidad con m\u00faltiples aplicaciones.<\/p>\n","protected":false},"featured_media":2078,"comment_status":"open","ping_status":"closed","template":"","meta":{"om_disable_all_campaigns":false,"_uag_custom_page_level_css":"","_monsterinsights_skip_tracking":false,"_monsterinsights_sitenote_active":false,"_monsterinsights_sitenote_note":"","_monsterinsights_sitenote_category":0,"site-sidebar-layout":"default","site-content-layout":"","ast-site-content-layout":"default","site-content-style":"default","site-sidebar-style":"default","ast-global-header-display":"","ast-banner-title-visibility":"","ast-main-header-display":"","ast-hfb-above-header-display":"","ast-hfb-below-header-display":"","ast-hfb-mobile-header-display":"","site-post-title":"","ast-breadcrumbs-content":"","ast-featured-img":"","footer-sml-layout":"","theme-transparent-header-meta":"default","adv-header-id-meta":"","stick-header-meta":"","header-above-stick-meta":"","header-main-stick-meta":"","header-below-stick-meta":"","astra-migrate-meta-layouts":"set","ast-page-background-enabled":"default","ast-page-background-meta":{"desktop":{"background-color":"var(--ast-global-color-4)","background-image":"","background-repeat":"repeat","background-position":"center center","background-size":"auto","background-attachment":"scroll","background-type":"","background-media":"","overlay-type":"","overlay-color":"","overlay-gradient":""},"tablet":{"background-color":"","background-image":"","background-repeat":"repeat","background-position":"center center","background-size":"auto","background-attachment":"scroll","background-type":"","background-media":"","overlay-type":"","overlay-color":"","overlay-gradient":""},"mobile":{"background-color":"","background-image":"","background-repeat":"repeat","background-position":"center center","background-size":"auto","background-attachment":"scroll","background-type":"","background-media":"","overlay-type":"","overlay-color":"","overlay-gradient":""}},"ast-content-background-meta":{"desktop":{"background-color":"var(--ast-global-color-5)","background-image":"","background-repeat":"repeat","background-position":"center center","background-size":"auto","background-attachment":"scroll","background-type":"","background-media":"","overlay-type":"","overlay-color":"","overlay-gradient":""},"tablet":{"background-color":"var(--ast-global-color-5)","background-image":"","background-repeat":"repeat","background-position":"center center","background-size":"auto","background-attachment":"scroll","background-type":"","background-media":"","overlay-type":"","overlay-color":"","overlay-gradient":""},"mobile":{"background-color":"var(--ast-global-color-5)","background-image":"","background-repeat":"repeat","background-position":"center center","background-size":"auto","background-attachment":"scroll","background-type":"","background-media":"","overlay-type":"","overlay-color":"","overlay-gradient":""}}},"product_brand":[],"product_cat":[15],"product_tag":[141,144,143,142,47],"class_list":{"0":"post-2077","1":"product","2":"type-product","3":"status-publish","4":"has-post-thumbnail","6":"product_cat-motores-electricos-uso-industrial","7":"product_tag-ab31-14-7-1a2a3a-ta-w","8":"product_tag-automatizacion","9":"product_tag-control-industrial","10":"product_tag-controlador-de-temperatura","11":"product_tag-woerner","12":"desktop-align-left","13":"tablet-align-left","14":"mobile-align-left","16":"first","17":"instock","18":"shipping-taxable","19":"purchasable","20":"product-type-simple"},"yoast_head":"<!-- This site is optimized with the Yoast SEO plugin v27.4 - https:\/\/yoast.com\/product\/yoast-seo-wordpress\/ -->\n<title>Controlador de Temperatura Woerner AB31-14\/7-1A2A3A-TA-W | Sistemas de Lubricaci\u00f3n Centralizada - &lt;strong&gt;Un buen proveedor no solo vende, asesora y soluciona&lt;\/strong&gt;<\/title>\n<meta name=\"description\" content=\"Compra el controlador de temperatura Woerner AB31-14\/7-1A2A3A-TA-W. Ideal para sistemas de lubricaci\u00f3n industrial. Env\u00edos a todo M\u00e9xico.\" \/>\n<meta name=\"robots\" content=\"index, follow, max-snippet:-1, max-image-preview:large, max-video-preview:-1\" \/>\n<link rel=\"canonical\" href=\"https:\/\/www.sdpcommerce.com\/es_mx\/producto\/producto-controlador-temperatura-woerner-ab31-14-7-1a2a3a-ta-w\/\" \/>\n<meta property=\"og:locale\" content=\"es_MX\" \/>\n<meta property=\"og:type\" content=\"article\" \/>\n<meta property=\"og:title\" content=\"Controlador de Temperatura Woerner AB31-14\/7-1A2A3A-TA-W | Sistemas de Lubricaci\u00f3n Centralizada - &lt;strong&gt;Un buen proveedor no solo vende, asesora y soluciona&lt;\/strong&gt;\" \/>\n<meta property=\"og:description\" content=\"Compra el controlador de temperatura Woerner AB31-14\/7-1A2A3A-TA-W. Ideal para sistemas de lubricaci\u00f3n industrial. Env\u00edos a todo M\u00e9xico.\" \/>\n<meta property=\"og:url\" content=\"https:\/\/www.sdpcommerce.com\/es_mx\/producto\/producto-controlador-temperatura-woerner-ab31-14-7-1a2a3a-ta-w\/\" \/>\n<meta property=\"og:site_name\" content=\"&lt;strong&gt;Un buen proveedor no solo vende, asesora y soluciona&lt;\/strong&gt;\" \/>\n<meta property=\"article:publisher\" content=\"https:\/\/www.facebook.com\/profile.php?id=61565795007009#\" \/>\n<meta property=\"article:modified_time\" content=\"2025-07-23T23:03:13+00:00\" \/>\n<meta property=\"og:image\" content=\"https:\/\/www.sdpcommerce.com\/wp-content\/uploads\/2025\/02\/Screenshot-2025-02-13-134503.png\" \/>\n\t<meta property=\"og:image:width\" content=\"1032\" \/>\n\t<meta property=\"og:image:height\" content=\"658\" \/>\n\t<meta property=\"og:image:type\" content=\"image\/png\" \/>\n<meta name=\"twitter:card\" content=\"summary_large_image\" \/>\n<meta name=\"twitter:label1\" content=\"Tiempo de lectura\" \/>\n\t<meta name=\"twitter:data1\" content=\"1 minuto\" \/>\n<script type=\"application\/ld+json\" class=\"yoast-schema-graph\">{\"@context\":\"https:\\\/\\\/schema.org\",\"@graph\":[{\"@type\":\"WebPage\",\"@id\":\"https:\\\/\\\/www.sdpcommerce.com\\\/producto\\\/producto-controlador-temperatura-woerner-ab31-14-7-1a2a3a-ta-w\\\/\",\"url\":\"https:\\\/\\\/www.sdpcommerce.com\\\/producto\\\/producto-controlador-temperatura-woerner-ab31-14-7-1a2a3a-ta-w\\\/\",\"name\":\"Controlador de Temperatura Woerner AB31-14\\\/7-1A2A3A-TA-W | Sistemas de Lubricaci\u00f3n Centralizada - &lt;strong&gt;Un buen proveedor no solo vende, asesora y soluciona&lt;\\\/strong&gt;\",\"isPartOf\":{\"@id\":\"https:\\\/\\\/www.sdpcommerce.com\\\/#website\"},\"primaryImageOfPage\":{\"@id\":\"https:\\\/\\\/www.sdpcommerce.com\\\/producto\\\/producto-controlador-temperatura-woerner-ab31-14-7-1a2a3a-ta-w\\\/#primaryimage\"},\"image\":{\"@id\":\"https:\\\/\\\/www.sdpcommerce.com\\\/producto\\\/producto-controlador-temperatura-woerner-ab31-14-7-1a2a3a-ta-w\\\/#primaryimage\"},\"thumbnailUrl\":\"https:\\\/\\\/www.sdpcommerce.com\\\/wp-content\\\/uploads\\\/2025\\\/02\\\/Screenshot-2025-02-13-134503.png\",\"datePublished\":\"2025-02-13T19:48:30+00:00\",\"dateModified\":\"2025-07-23T23:03:13+00:00\",\"description\":\"Compra el controlador de temperatura Woerner AB31-14\\\/7-1A2A3A-TA-W. Ideal para sistemas de lubricaci\u00f3n industrial. Env\u00edos a todo M\u00e9xico.\",\"breadcrumb\":{\"@id\":\"https:\\\/\\\/www.sdpcommerce.com\\\/producto\\\/producto-controlador-temperatura-woerner-ab31-14-7-1a2a3a-ta-w\\\/#breadcrumb\"},\"inLanguage\":\"es\",\"potentialAction\":[{\"@type\":\"ReadAction\",\"target\":[\"https:\\\/\\\/www.sdpcommerce.com\\\/producto\\\/producto-controlador-temperatura-woerner-ab31-14-7-1a2a3a-ta-w\\\/\"]}]},{\"@type\":\"ImageObject\",\"inLanguage\":\"es\",\"@id\":\"https:\\\/\\\/www.sdpcommerce.com\\\/producto\\\/producto-controlador-temperatura-woerner-ab31-14-7-1a2a3a-ta-w\\\/#primaryimage\",\"url\":\"https:\\\/\\\/www.sdpcommerce.com\\\/wp-content\\\/uploads\\\/2025\\\/02\\\/Screenshot-2025-02-13-134503.png\",\"contentUrl\":\"https:\\\/\\\/www.sdpcommerce.com\\\/wp-content\\\/uploads\\\/2025\\\/02\\\/Screenshot-2025-02-13-134503.png\",\"width\":1032,\"height\":658},{\"@type\":\"BreadcrumbList\",\"@id\":\"https:\\\/\\\/www.sdpcommerce.com\\\/producto\\\/producto-controlador-temperatura-woerner-ab31-14-7-1a2a3a-ta-w\\\/#breadcrumb\",\"itemListElement\":[{\"@type\":\"ListItem\",\"position\":1,\"name\":\"Portada\",\"item\":\"https:\\\/\\\/www.sdpcommerce.com\\\/\"},{\"@type\":\"ListItem\",\"position\":2,\"name\":\"STORE\",\"item\":\"https:\\\/\\\/www.sdpcommerce.com\\\/shop-replacement-parts\\\/\"},{\"@type\":\"ListItem\",\"position\":3,\"name\":\"Motores El\u00e9ctricos para Uso Industrial\",\"item\":\"https:\\\/\\\/www.sdpcommerce.com\\\/categoria-producto\\\/motores-electricos-uso-industrial\\\/\"},{\"@type\":\"ListItem\",\"position\":4,\"name\":\"Controlador de Temperatura Woerner AB31-14\\\/7-1A2A3A-TA-W | Sistemas de Lubricaci\u00f3n Centralizada\"}]},{\"@type\":\"WebSite\",\"@id\":\"https:\\\/\\\/www.sdpcommerce.com\\\/#website\",\"url\":\"https:\\\/\\\/www.sdpcommerce.com\\\/\",\"name\":\"SDP COMMERCE\",\"description\":\" Contar con un proveedor que no solo te diga \u201cya no existe\u201d, sino que &lt;strong&gt;te proponga un reemplazo funcional&lt;\\\/strong&gt;, es una ventaja competitiva. Algunas acciones que realiza un proveedor proactivo\",\"publisher\":{\"@id\":\"https:\\\/\\\/www.sdpcommerce.com\\\/#organization\"},\"potentialAction\":[{\"@type\":\"SearchAction\",\"target\":{\"@type\":\"EntryPoint\",\"urlTemplate\":\"https:\\\/\\\/www.sdpcommerce.com\\\/?s={search_term_string}\"},\"query-input\":{\"@type\":\"PropertyValueSpecification\",\"valueRequired\":true,\"valueName\":\"search_term_string\"}}],\"inLanguage\":\"es\"},{\"@type\":\"Organization\",\"@id\":\"https:\\\/\\\/www.sdpcommerce.com\\\/#organization\",\"name\":\"SDP COMMERCE\",\"url\":\"https:\\\/\\\/www.sdpcommerce.com\\\/\",\"logo\":{\"@type\":\"ImageObject\",\"inLanguage\":\"es\",\"@id\":\"https:\\\/\\\/www.sdpcommerce.com\\\/#\\\/schema\\\/logo\\\/image\\\/\",\"url\":\"https:\\\/\\\/www.sdpcommerce.com\\\/wp-content\\\/uploads\\\/2025\\\/02\\\/Screenshot-2025-02-13-150556.png\",\"contentUrl\":\"https:\\\/\\\/www.sdpcommerce.com\\\/wp-content\\\/uploads\\\/2025\\\/02\\\/Screenshot-2025-02-13-150556.png\",\"width\":114,\"height\":108,\"caption\":\"SDP COMMERCE\"},\"image\":{\"@id\":\"https:\\\/\\\/www.sdpcommerce.com\\\/#\\\/schema\\\/logo\\\/image\\\/\"},\"sameAs\":[\"https:\\\/\\\/www.facebook.com\\\/profile.php?id=61565795007009#\"]}]}<\/script>\n<!-- \/ Yoast SEO plugin. -->","yoast_head_json":{"title":"Controlador de Temperatura Woerner AB31-14\/7-1A2A3A-TA-W | Sistemas de Lubricaci\u00f3n Centralizada - &lt;strong&gt;Un buen proveedor no solo vende, asesora y soluciona&lt;\/strong&gt;","description":"Compra el controlador de temperatura Woerner AB31-14\/7-1A2A3A-TA-W. Ideal para sistemas de lubricaci\u00f3n industrial. Env\u00edos a todo M\u00e9xico.","robots":{"index":"index","follow":"follow","max-snippet":"max-snippet:-1","max-image-preview":"max-image-preview:large","max-video-preview":"max-video-preview:-1"},"canonical":"https:\/\/www.sdpcommerce.com\/es_mx\/producto\/producto-controlador-temperatura-woerner-ab31-14-7-1a2a3a-ta-w\/","og_locale":"es_MX","og_type":"article","og_title":"Controlador de Temperatura Woerner AB31-14\/7-1A2A3A-TA-W | Sistemas de Lubricaci\u00f3n Centralizada - &lt;strong&gt;Un buen proveedor no solo vende, asesora y soluciona&lt;\/strong&gt;","og_description":"Compra el controlador de temperatura Woerner AB31-14\/7-1A2A3A-TA-W. Ideal para sistemas de lubricaci\u00f3n industrial. Env\u00edos a todo M\u00e9xico.","og_url":"https:\/\/www.sdpcommerce.com\/es_mx\/producto\/producto-controlador-temperatura-woerner-ab31-14-7-1a2a3a-ta-w\/","og_site_name":"&lt;strong&gt;Un buen proveedor no solo vende, asesora y soluciona&lt;\/strong&gt;","article_publisher":"https:\/\/www.facebook.com\/profile.php?id=61565795007009#","article_modified_time":"2025-07-23T23:03:13+00:00","og_image":[{"width":1032,"height":658,"url":"https:\/\/www.sdpcommerce.com\/wp-content\/uploads\/2025\/02\/Screenshot-2025-02-13-134503.png","type":"image\/png"}],"twitter_card":"summary_large_image","twitter_misc":{"Tiempo de lectura":"1 minuto"},"schema":{"@context":"https:\/\/schema.org","@graph":[{"@type":"WebPage","@id":"https:\/\/www.sdpcommerce.com\/producto\/producto-controlador-temperatura-woerner-ab31-14-7-1a2a3a-ta-w\/","url":"https:\/\/www.sdpcommerce.com\/producto\/producto-controlador-temperatura-woerner-ab31-14-7-1a2a3a-ta-w\/","name":"Controlador de Temperatura Woerner AB31-14\/7-1A2A3A-TA-W | Sistemas de Lubricaci\u00f3n Centralizada - &lt;strong&gt;Un buen proveedor no solo vende, asesora y soluciona&lt;\/strong&gt;","isPartOf":{"@id":"https:\/\/www.sdpcommerce.com\/#website"},"primaryImageOfPage":{"@id":"https:\/\/www.sdpcommerce.com\/producto\/producto-controlador-temperatura-woerner-ab31-14-7-1a2a3a-ta-w\/#primaryimage"},"image":{"@id":"https:\/\/www.sdpcommerce.com\/producto\/producto-controlador-temperatura-woerner-ab31-14-7-1a2a3a-ta-w\/#primaryimage"},"thumbnailUrl":"https:\/\/www.sdpcommerce.com\/wp-content\/uploads\/2025\/02\/Screenshot-2025-02-13-134503.png","datePublished":"2025-02-13T19:48:30+00:00","dateModified":"2025-07-23T23:03:13+00:00","description":"Compra el controlador de temperatura Woerner AB31-14\/7-1A2A3A-TA-W. Ideal para sistemas de lubricaci\u00f3n industrial. Env\u00edos a todo M\u00e9xico.","breadcrumb":{"@id":"https:\/\/www.sdpcommerce.com\/producto\/producto-controlador-temperatura-woerner-ab31-14-7-1a2a3a-ta-w\/#breadcrumb"},"inLanguage":"es","potentialAction":[{"@type":"ReadAction","target":["https:\/\/www.sdpcommerce.com\/producto\/producto-controlador-temperatura-woerner-ab31-14-7-1a2a3a-ta-w\/"]}]},{"@type":"ImageObject","inLanguage":"es","@id":"https:\/\/www.sdpcommerce.com\/producto\/producto-controlador-temperatura-woerner-ab31-14-7-1a2a3a-ta-w\/#primaryimage","url":"https:\/\/www.sdpcommerce.com\/wp-content\/uploads\/2025\/02\/Screenshot-2025-02-13-134503.png","contentUrl":"https:\/\/www.sdpcommerce.com\/wp-content\/uploads\/2025\/02\/Screenshot-2025-02-13-134503.png","width":1032,"height":658},{"@type":"BreadcrumbList","@id":"https:\/\/www.sdpcommerce.com\/producto\/producto-controlador-temperatura-woerner-ab31-14-7-1a2a3a-ta-w\/#breadcrumb","itemListElement":[{"@type":"ListItem","position":1,"name":"Portada","item":"https:\/\/www.sdpcommerce.com\/"},{"@type":"ListItem","position":2,"name":"STORE","item":"https:\/\/www.sdpcommerce.com\/shop-replacement-parts\/"},{"@type":"ListItem","position":3,"name":"Motores El\u00e9ctricos para Uso Industrial","item":"https:\/\/www.sdpcommerce.com\/categoria-producto\/motores-electricos-uso-industrial\/"},{"@type":"ListItem","position":4,"name":"Controlador de Temperatura Woerner AB31-14\/7-1A2A3A-TA-W | Sistemas de Lubricaci\u00f3n Centralizada"}]},{"@type":"WebSite","@id":"https:\/\/www.sdpcommerce.com\/#website","url":"https:\/\/www.sdpcommerce.com\/","name":"SDP COMMERCE","description":" Contar con un proveedor que no solo te diga \u201cya no existe\u201d, sino que &lt;strong&gt;te proponga un reemplazo funcional&lt;\/strong&gt;, es una ventaja competitiva. Algunas acciones que realiza un proveedor proactivo","publisher":{"@id":"https:\/\/www.sdpcommerce.com\/#organization"},"potentialAction":[{"@type":"SearchAction","target":{"@type":"EntryPoint","urlTemplate":"https:\/\/www.sdpcommerce.com\/?s={search_term_string}"},"query-input":{"@type":"PropertyValueSpecification","valueRequired":true,"valueName":"search_term_string"}}],"inLanguage":"es"},{"@type":"Organization","@id":"https:\/\/www.sdpcommerce.com\/#organization","name":"SDP COMMERCE","url":"https:\/\/www.sdpcommerce.com\/","logo":{"@type":"ImageObject","inLanguage":"es","@id":"https:\/\/www.sdpcommerce.com\/#\/schema\/logo\/image\/","url":"https:\/\/www.sdpcommerce.com\/wp-content\/uploads\/2025\/02\/Screenshot-2025-02-13-150556.png","contentUrl":"https:\/\/www.sdpcommerce.com\/wp-content\/uploads\/2025\/02\/Screenshot-2025-02-13-150556.png","width":114,"height":108,"caption":"SDP COMMERCE"},"image":{"@id":"https:\/\/www.sdpcommerce.com\/#\/schema\/logo\/image\/"},"sameAs":["https:\/\/www.facebook.com\/profile.php?id=61565795007009#"]}]}},"uagb_featured_image_src":{"full":["https:\/\/www.sdpcommerce.com\/wp-content\/uploads\/2025\/02\/Screenshot-2025-02-13-134503.png",1032,658,false],"thumbnail":["https:\/\/www.sdpcommerce.com\/wp-content\/uploads\/2025\/02\/Screenshot-2025-02-13-134503-150x150.png",150,150,true],"medium":["https:\/\/www.sdpcommerce.com\/wp-content\/uploads\/2025\/02\/Screenshot-2025-02-13-134503-300x191.png",300,191,true],"medium_large":["https:\/\/www.sdpcommerce.com\/wp-content\/uploads\/2025\/02\/Screenshot-2025-02-13-134503-768x490.png",768,490,true],"large":["https:\/\/www.sdpcommerce.com\/wp-content\/uploads\/2025\/02\/Screenshot-2025-02-13-134503-1024x653.png",1024,653,true],"1536x1536":["https:\/\/www.sdpcommerce.com\/wp-content\/uploads\/2025\/02\/Screenshot-2025-02-13-134503.png",1032,658,false],"2048x2048":["https:\/\/www.sdpcommerce.com\/wp-content\/uploads\/2025\/02\/Screenshot-2025-02-13-134503.png",1032,658,false],"trp-custom-language-flag":["https:\/\/www.sdpcommerce.com\/wp-content\/uploads\/2025\/02\/Screenshot-2025-02-13-134503.png",18,12,false],"woocommerce_thumbnail":["https:\/\/www.sdpcommerce.com\/wp-content\/uploads\/2025\/02\/Screenshot-2025-02-13-134503-300x300.png",300,300,true],"woocommerce_single":["https:\/\/www.sdpcommerce.com\/wp-content\/uploads\/2025\/02\/Screenshot-2025-02-13-134503-600x383.png",600,383,true],"woocommerce_gallery_thumbnail":["https:\/\/www.sdpcommerce.com\/wp-content\/uploads\/2025\/02\/Screenshot-2025-02-13-134503-100x100.png",100,100,true]},"uagb_author_info":{"display_name":"admin","author_link":"https:\/\/www.sdpcommerce.com\/es_mx\/author\/"},"uagb_comment_info":0,"uagb_excerpt":"Controlador de temperatura Woerner modelo AB31-14\/7-1A2A3A-TA-W. Dise\u00f1ado para sistemas de lubricaci\u00f3n centralizada en maquinaria industrial. Precisi\u00f3n alemana, confiabilidad y compatibilidad con m\u00faltiples aplicaciones.","_links":{"self":[{"href":"https:\/\/www.sdpcommerce.com\/es_mx\/wp-json\/wp\/v2\/product\/2077","targetHints":{"allow":["GET"]}}],"collection":[{"href":"https:\/\/www.sdpcommerce.com\/es_mx\/wp-json\/wp\/v2\/product"}],"about":[{"href":"https:\/\/www.sdpcommerce.com\/es_mx\/wp-json\/wp\/v2\/types\/product"}],"replies":[{"embeddable":true,"href":"https:\/\/www.sdpcommerce.com\/es_mx\/wp-json\/wp\/v2\/comments?post=2077"}],"wp:featuredmedia":[{"embeddable":true,"href":"https:\/\/www.sdpcommerce.com\/es_mx\/wp-json\/wp\/v2\/media\/2078"}],"wp:attachment":[{"href":"https:\/\/www.sdpcommerce.com\/es_mx\/wp-json\/wp\/v2\/media?parent=2077"}],"wp:term":[{"taxonomy":"product_brand","embeddable":true,"href":"https:\/\/www.sdpcommerce.com\/es_mx\/wp-json\/wp\/v2\/product_brand?post=2077"},{"taxonomy":"product_cat","embeddable":true,"href":"https:\/\/www.sdpcommerce.com\/es_mx\/wp-json\/wp\/v2\/product_cat?post=2077"},{"taxonomy":"product_tag","embeddable":true,"href":"https:\/\/www.sdpcommerce.com\/es_mx\/wp-json\/wp\/v2\/product_tag?post=2077"}],"curies":[{"name":"wp","href":"https:\/\/api.w.org\/{rel}","templated":true}]}}