{"id":2066,"date":"2025-02-13T20:16:50","date_gmt":"2025-02-13T19:16:50","guid":{"rendered":"https:\/\/www.sdpcommerce.com\/?post_type=product&#038;p=2066"},"modified":"2025-07-24T01:14:37","modified_gmt":"2025-07-23T23:14:37","slug":"producto-placa-valvula-ingersoll-rand-vpa-t30-ir-bare-juntas","status":"publish","type":"product","link":"https:\/\/www.sdpcommerce.com\/es_mx\/producto\/producto-placa-valvula-ingersoll-rand-vpa-t30-ir-bare-juntas\/","title":{"rendered":"Conjunto de Placa de V\u00e1lvula Ingersoll Rand VPA-T30-IR-BARE con Juntas | Refacci\u00f3n Original**"},"content":{"rendered":"<h3 data-start=\"551\" data-end=\"630\">Kit Placa de V\u00e1lvula y Juntas para Compresor Ingersoll Rand VPA-T30-IR-BARE<\/h3>\n<p data-start=\"632\" data-end=\"923\">Conjunto original de <strong data-start=\"653\" data-end=\"693\">placa de v\u00e1lvula con juego de juntas<\/strong> compatible con el modelo <strong data-start=\"719\" data-end=\"753\">Ingersoll Rand VPA-T30-IR-BARE<\/strong>, dise\u00f1ado para restaurar el sellado y rendimiento del compresor. Esta refacci\u00f3n es esencial para evitar fugas, mejorar la compresi\u00f3n y prolongar la vida \u00fatil del equipo.<\/p>\n<hr data-start=\"925\" data-end=\"928\" \/>\n<h4 data-start=\"930\" data-end=\"949\"><strong data-start=\"937\" data-end=\"949\">Incluye:<\/strong><\/h4>\n<ul data-start=\"950\" data-end=\"1064\">\n<li data-start=\"950\" data-end=\"1008\">\n<p data-start=\"952\" data-end=\"1008\">Placa de v\u00e1lvula original o compatible de alta calidad<\/p>\n<\/li>\n<li data-start=\"1009\" data-end=\"1039\">\n<p data-start=\"1011\" data-end=\"1039\">Juego de juntas de sellado<\/p>\n<\/li>\n<li data-start=\"1040\" data-end=\"1064\">\n<p data-start=\"1042\" data-end=\"1064\">Empaque de seguridad<\/p>\n<\/li>\n<\/ul>\n<hr data-start=\"1066\" data-end=\"1069\" \/>\n<h4 data-start=\"1071\" data-end=\"1096\"><strong data-start=\"1079\" data-end=\"1096\">Aplicaciones:<\/strong><\/h4>\n<ul data-start=\"1097\" data-end=\"1218\">\n<li data-start=\"1097\" data-end=\"1119\">\n<p data-start=\"1099\" data-end=\"1119\">Talleres mec\u00e1nicos<\/p>\n<\/li>\n<li data-start=\"1120\" data-end=\"1144\">\n<p data-start=\"1122\" data-end=\"1144\">Plantas industriales<\/p>\n<\/li>\n<li data-start=\"1145\" data-end=\"1176\">\n<p data-start=\"1147\" data-end=\"1176\">Sistemas de aire comprimido<\/p>\n<\/li>\n<li data-start=\"1177\" data-end=\"1218\">\n<p data-start=\"1179\" data-end=\"1218\">Mantenimiento preventivo y correctivo<\/p>\n<\/li>\n<\/ul>\n<hr data-start=\"1220\" data-end=\"1223\" \/>\n<p data-start=\"1225\" data-end=\"1317\"><strong data-start=\"1228\" data-end=\"1252\">Env\u00edos a todo M\u00e9xico<\/strong><br data-start=\"1252\" data-end=\"1255\" \/><strong data-start=\"1258\" data-end=\"1287\">Asesor\u00eda t\u00e9cnica incluida<\/strong><br data-start=\"1287\" data-end=\"1290\" \/><strong data-start=\"1293\" data-end=\"1315\">Factura disponible<\/strong><\/p>\n","protected":false},"excerpt":{"rendered":"<p>Kit de placa de v\u00e1lvula y juntas para compresor Ingersoll Rand modelo VPA-T30-IR-BARE. Repuesto confiable para mantenimiento profesional.**<\/p>\n","protected":false},"featured_media":2067,"comment_status":"open","ping_status":"closed","template":"","meta":{"om_disable_all_campaigns":false,"_uag_custom_page_level_css":"","_monsterinsights_skip_tracking":false,"_monsterinsights_sitenote_active":false,"_monsterinsights_sitenote_note":"","_monsterinsights_sitenote_category":0,"site-sidebar-layout":"default","site-content-layout":"","ast-site-content-layout":"default","site-content-style":"default","site-sidebar-style":"default","ast-global-header-display":"","ast-banner-title-visibility":"","ast-main-header-display":"","ast-hfb-above-header-display":"","ast-hfb-below-header-display":"","ast-hfb-mobile-header-display":"","site-post-title":"","ast-breadcrumbs-content":"","ast-featured-img":"","footer-sml-layout":"","theme-transparent-header-meta":"default","adv-header-id-meta":"","stick-header-meta":"","header-above-stick-meta":"","header-main-stick-meta":"","header-below-stick-meta":"","astra-migrate-meta-layouts":"set","ast-page-background-enabled":"default","ast-page-background-meta":{"desktop":{"background-color":"var(--ast-global-color-4)","background-image":"","background-repeat":"repeat","background-position":"center center","background-size":"auto","background-attachment":"scroll","background-type":"","background-media":"","overlay-type":"","overlay-color":"","overlay-gradient":""},"tablet":{"background-color":"","background-image":"","background-repeat":"repeat","background-position":"center center","background-size":"auto","background-attachment":"scroll","background-type":"","background-media":"","overlay-type":"","overlay-color":"","overlay-gradient":""},"mobile":{"background-color":"","background-image":"","background-repeat":"repeat","background-position":"center center","background-size":"auto","background-attachment":"scroll","background-type":"","background-media":"","overlay-type":"","overlay-color":"","overlay-gradient":""}},"ast-content-background-meta":{"desktop":{"background-color":"var(--ast-global-color-5)","background-image":"","background-repeat":"repeat","background-position":"center center","background-size":"auto","background-attachment":"scroll","background-type":"","background-media":"","overlay-type":"","overlay-color":"","overlay-gradient":""},"tablet":{"background-color":"var(--ast-global-color-5)","background-image":"","background-repeat":"repeat","background-position":"center center","background-size":"auto","background-attachment":"scroll","background-type":"","background-media":"","overlay-type":"","overlay-color":"","overlay-gradient":""},"mobile":{"background-color":"var(--ast-global-color-5)","background-image":"","background-repeat":"repeat","background-position":"center center","background-size":"auto","background-attachment":"scroll","background-type":"","background-media":"","overlay-type":"","overlay-color":"","overlay-gradient":""}}},"product_brand":[],"product_cat":[15],"product_tag":[155,166,167,165,168,169],"class_list":{"0":"post-2066","1":"product","2":"type-product","3":"status-publish","4":"has-post-thumbnail","6":"product_cat-motores-electricos-uso-industrial","7":"product_tag-ingersoll-rand","8":"product_tag-juego-de-juntas","9":"product_tag-kit-mantenimiento","10":"product_tag-placa-de-valvula","11":"product_tag-refaccion-compresor","12":"product_tag-vpa-t30-ir-bare","13":"desktop-align-left","14":"tablet-align-left","15":"mobile-align-left","17":"first","18":"instock","19":"shipping-taxable","20":"purchasable","21":"product-type-simple"},"yoast_head":"<!-- This site is optimized with the Yoast SEO plugin v27.4 - https:\/\/yoast.com\/product\/yoast-seo-wordpress\/ -->\n<title>Conjunto de Placa de V\u00e1lvula Ingersoll Rand VPA-T30-IR-BARE con Juntas | Refacci\u00f3n Original** - &lt;strong&gt;Un buen proveedor no solo vende, asesora y soluciona&lt;\/strong&gt;<\/title>\n<meta name=\"description\" content=\"Placa de v\u00e1lvula con juntas para Ingersoll Rand VPA-T30-IR-BARE. Refacci\u00f3n ideal para compresores. Env\u00edo r\u00e1pido en M\u00e9xico. Factura disponible.\" \/>\n<meta name=\"robots\" content=\"index, follow, max-snippet:-1, max-image-preview:large, max-video-preview:-1\" \/>\n<link rel=\"canonical\" href=\"https:\/\/www.sdpcommerce.com\/es_mx\/producto\/producto-placa-valvula-ingersoll-rand-vpa-t30-ir-bare-juntas\/\" \/>\n<meta property=\"og:locale\" content=\"es_MX\" \/>\n<meta property=\"og:type\" content=\"article\" \/>\n<meta property=\"og:title\" content=\"Conjunto de Placa de V\u00e1lvula Ingersoll Rand VPA-T30-IR-BARE con Juntas | Refacci\u00f3n Original** - &lt;strong&gt;Un buen proveedor no solo vende, asesora y soluciona&lt;\/strong&gt;\" \/>\n<meta property=\"og:description\" content=\"Placa de v\u00e1lvula con juntas para Ingersoll Rand VPA-T30-IR-BARE. Refacci\u00f3n ideal para compresores. Env\u00edo r\u00e1pido en M\u00e9xico. Factura disponible.\" \/>\n<meta property=\"og:url\" content=\"https:\/\/www.sdpcommerce.com\/es_mx\/producto\/producto-placa-valvula-ingersoll-rand-vpa-t30-ir-bare-juntas\/\" \/>\n<meta property=\"og:site_name\" content=\"&lt;strong&gt;Un buen proveedor no solo vende, asesora y soluciona&lt;\/strong&gt;\" \/>\n<meta property=\"article:publisher\" content=\"https:\/\/www.facebook.com\/profile.php?id=61565795007009#\" \/>\n<meta property=\"article:modified_time\" content=\"2025-07-23T23:14:37+00:00\" \/>\n<meta property=\"og:image\" content=\"https:\/\/www.sdpcommerce.com\/wp-content\/uploads\/2025\/02\/Screenshot-2025-02-13-131414.png\" \/>\n\t<meta property=\"og:image:width\" content=\"1122\" \/>\n\t<meta property=\"og:image:height\" content=\"782\" \/>\n\t<meta property=\"og:image:type\" content=\"image\/png\" \/>\n<meta name=\"twitter:card\" content=\"summary_large_image\" \/>\n<meta name=\"twitter:label1\" content=\"Tiempo de lectura\" \/>\n\t<meta name=\"twitter:data1\" content=\"1 minuto\" \/>\n<script type=\"application\/ld+json\" class=\"yoast-schema-graph\">{\"@context\":\"https:\\\/\\\/schema.org\",\"@graph\":[{\"@type\":\"WebPage\",\"@id\":\"https:\\\/\\\/www.sdpcommerce.com\\\/producto\\\/producto-placa-valvula-ingersoll-rand-vpa-t30-ir-bare-juntas\\\/\",\"url\":\"https:\\\/\\\/www.sdpcommerce.com\\\/producto\\\/producto-placa-valvula-ingersoll-rand-vpa-t30-ir-bare-juntas\\\/\",\"name\":\"Conjunto de Placa de V\u00e1lvula Ingersoll Rand VPA-T30-IR-BARE con Juntas | Refacci\u00f3n Original** - &lt;strong&gt;Un buen proveedor no solo vende, asesora y soluciona&lt;\\\/strong&gt;\",\"isPartOf\":{\"@id\":\"https:\\\/\\\/www.sdpcommerce.com\\\/#website\"},\"primaryImageOfPage\":{\"@id\":\"https:\\\/\\\/www.sdpcommerce.com\\\/producto\\\/producto-placa-valvula-ingersoll-rand-vpa-t30-ir-bare-juntas\\\/#primaryimage\"},\"image\":{\"@id\":\"https:\\\/\\\/www.sdpcommerce.com\\\/producto\\\/producto-placa-valvula-ingersoll-rand-vpa-t30-ir-bare-juntas\\\/#primaryimage\"},\"thumbnailUrl\":\"https:\\\/\\\/www.sdpcommerce.com\\\/wp-content\\\/uploads\\\/2025\\\/02\\\/Screenshot-2025-02-13-131414.png\",\"datePublished\":\"2025-02-13T19:16:50+00:00\",\"dateModified\":\"2025-07-23T23:14:37+00:00\",\"description\":\"Placa de v\u00e1lvula con juntas para Ingersoll Rand VPA-T30-IR-BARE. Refacci\u00f3n ideal para compresores. Env\u00edo r\u00e1pido en M\u00e9xico. Factura disponible.\",\"breadcrumb\":{\"@id\":\"https:\\\/\\\/www.sdpcommerce.com\\\/producto\\\/producto-placa-valvula-ingersoll-rand-vpa-t30-ir-bare-juntas\\\/#breadcrumb\"},\"inLanguage\":\"es\",\"potentialAction\":[{\"@type\":\"ReadAction\",\"target\":[\"https:\\\/\\\/www.sdpcommerce.com\\\/producto\\\/producto-placa-valvula-ingersoll-rand-vpa-t30-ir-bare-juntas\\\/\"]}]},{\"@type\":\"ImageObject\",\"inLanguage\":\"es\",\"@id\":\"https:\\\/\\\/www.sdpcommerce.com\\\/producto\\\/producto-placa-valvula-ingersoll-rand-vpa-t30-ir-bare-juntas\\\/#primaryimage\",\"url\":\"https:\\\/\\\/www.sdpcommerce.com\\\/wp-content\\\/uploads\\\/2025\\\/02\\\/Screenshot-2025-02-13-131414.png\",\"contentUrl\":\"https:\\\/\\\/www.sdpcommerce.com\\\/wp-content\\\/uploads\\\/2025\\\/02\\\/Screenshot-2025-02-13-131414.png\",\"width\":1122,\"height\":782},{\"@type\":\"BreadcrumbList\",\"@id\":\"https:\\\/\\\/www.sdpcommerce.com\\\/producto\\\/producto-placa-valvula-ingersoll-rand-vpa-t30-ir-bare-juntas\\\/#breadcrumb\",\"itemListElement\":[{\"@type\":\"ListItem\",\"position\":1,\"name\":\"Portada\",\"item\":\"https:\\\/\\\/www.sdpcommerce.com\\\/\"},{\"@type\":\"ListItem\",\"position\":2,\"name\":\"STORE\",\"item\":\"https:\\\/\\\/www.sdpcommerce.com\\\/shop-replacement-parts\\\/\"},{\"@type\":\"ListItem\",\"position\":3,\"name\":\"Motores El\u00e9ctricos para Uso Industrial\",\"item\":\"https:\\\/\\\/www.sdpcommerce.com\\\/categoria-producto\\\/motores-electricos-uso-industrial\\\/\"},{\"@type\":\"ListItem\",\"position\":4,\"name\":\"Conjunto de Placa de V\u00e1lvula Ingersoll Rand VPA-T30-IR-BARE con Juntas | Refacci\u00f3n Original**\"}]},{\"@type\":\"WebSite\",\"@id\":\"https:\\\/\\\/www.sdpcommerce.com\\\/#website\",\"url\":\"https:\\\/\\\/www.sdpcommerce.com\\\/\",\"name\":\"SDP COMMERCE\",\"description\":\" Contar con un proveedor que no solo te diga \u201cya no existe\u201d, sino que &lt;strong&gt;te proponga un reemplazo funcional&lt;\\\/strong&gt;, es una ventaja competitiva. Algunas acciones que realiza un proveedor proactivo\",\"publisher\":{\"@id\":\"https:\\\/\\\/www.sdpcommerce.com\\\/#organization\"},\"potentialAction\":[{\"@type\":\"SearchAction\",\"target\":{\"@type\":\"EntryPoint\",\"urlTemplate\":\"https:\\\/\\\/www.sdpcommerce.com\\\/?s={search_term_string}\"},\"query-input\":{\"@type\":\"PropertyValueSpecification\",\"valueRequired\":true,\"valueName\":\"search_term_string\"}}],\"inLanguage\":\"es\"},{\"@type\":\"Organization\",\"@id\":\"https:\\\/\\\/www.sdpcommerce.com\\\/#organization\",\"name\":\"SDP COMMERCE\",\"url\":\"https:\\\/\\\/www.sdpcommerce.com\\\/\",\"logo\":{\"@type\":\"ImageObject\",\"inLanguage\":\"es\",\"@id\":\"https:\\\/\\\/www.sdpcommerce.com\\\/#\\\/schema\\\/logo\\\/image\\\/\",\"url\":\"https:\\\/\\\/www.sdpcommerce.com\\\/wp-content\\\/uploads\\\/2025\\\/02\\\/Screenshot-2025-02-13-150556.png\",\"contentUrl\":\"https:\\\/\\\/www.sdpcommerce.com\\\/wp-content\\\/uploads\\\/2025\\\/02\\\/Screenshot-2025-02-13-150556.png\",\"width\":114,\"height\":108,\"caption\":\"SDP COMMERCE\"},\"image\":{\"@id\":\"https:\\\/\\\/www.sdpcommerce.com\\\/#\\\/schema\\\/logo\\\/image\\\/\"},\"sameAs\":[\"https:\\\/\\\/www.facebook.com\\\/profile.php?id=61565795007009#\"]}]}<\/script>\n<!-- \/ Yoast SEO plugin. -->","yoast_head_json":{"title":"Conjunto de Placa de V\u00e1lvula Ingersoll Rand VPA-T30-IR-BARE con Juntas | Refacci\u00f3n Original** - &lt;strong&gt;Un buen proveedor no solo vende, asesora y soluciona&lt;\/strong&gt;","description":"Placa de v\u00e1lvula con juntas para Ingersoll Rand VPA-T30-IR-BARE. Refacci\u00f3n ideal para compresores. Env\u00edo r\u00e1pido en M\u00e9xico. Factura disponible.","robots":{"index":"index","follow":"follow","max-snippet":"max-snippet:-1","max-image-preview":"max-image-preview:large","max-video-preview":"max-video-preview:-1"},"canonical":"https:\/\/www.sdpcommerce.com\/es_mx\/producto\/producto-placa-valvula-ingersoll-rand-vpa-t30-ir-bare-juntas\/","og_locale":"es_MX","og_type":"article","og_title":"Conjunto de Placa de V\u00e1lvula Ingersoll Rand VPA-T30-IR-BARE con Juntas | Refacci\u00f3n Original** - &lt;strong&gt;Un buen proveedor no solo vende, asesora y soluciona&lt;\/strong&gt;","og_description":"Placa de v\u00e1lvula con juntas para Ingersoll Rand VPA-T30-IR-BARE. Refacci\u00f3n ideal para compresores. Env\u00edo r\u00e1pido en M\u00e9xico. Factura disponible.","og_url":"https:\/\/www.sdpcommerce.com\/es_mx\/producto\/producto-placa-valvula-ingersoll-rand-vpa-t30-ir-bare-juntas\/","og_site_name":"&lt;strong&gt;Un buen proveedor no solo vende, asesora y soluciona&lt;\/strong&gt;","article_publisher":"https:\/\/www.facebook.com\/profile.php?id=61565795007009#","article_modified_time":"2025-07-23T23:14:37+00:00","og_image":[{"width":1122,"height":782,"url":"https:\/\/www.sdpcommerce.com\/wp-content\/uploads\/2025\/02\/Screenshot-2025-02-13-131414.png","type":"image\/png"}],"twitter_card":"summary_large_image","twitter_misc":{"Tiempo de lectura":"1 minuto"},"schema":{"@context":"https:\/\/schema.org","@graph":[{"@type":"WebPage","@id":"https:\/\/www.sdpcommerce.com\/producto\/producto-placa-valvula-ingersoll-rand-vpa-t30-ir-bare-juntas\/","url":"https:\/\/www.sdpcommerce.com\/producto\/producto-placa-valvula-ingersoll-rand-vpa-t30-ir-bare-juntas\/","name":"Conjunto de Placa de V\u00e1lvula Ingersoll Rand VPA-T30-IR-BARE con Juntas | Refacci\u00f3n Original** - &lt;strong&gt;Un buen proveedor no solo vende, asesora y soluciona&lt;\/strong&gt;","isPartOf":{"@id":"https:\/\/www.sdpcommerce.com\/#website"},"primaryImageOfPage":{"@id":"https:\/\/www.sdpcommerce.com\/producto\/producto-placa-valvula-ingersoll-rand-vpa-t30-ir-bare-juntas\/#primaryimage"},"image":{"@id":"https:\/\/www.sdpcommerce.com\/producto\/producto-placa-valvula-ingersoll-rand-vpa-t30-ir-bare-juntas\/#primaryimage"},"thumbnailUrl":"https:\/\/www.sdpcommerce.com\/wp-content\/uploads\/2025\/02\/Screenshot-2025-02-13-131414.png","datePublished":"2025-02-13T19:16:50+00:00","dateModified":"2025-07-23T23:14:37+00:00","description":"Placa de v\u00e1lvula con juntas para Ingersoll Rand VPA-T30-IR-BARE. Refacci\u00f3n ideal para compresores. Env\u00edo r\u00e1pido en M\u00e9xico. Factura disponible.","breadcrumb":{"@id":"https:\/\/www.sdpcommerce.com\/producto\/producto-placa-valvula-ingersoll-rand-vpa-t30-ir-bare-juntas\/#breadcrumb"},"inLanguage":"es","potentialAction":[{"@type":"ReadAction","target":["https:\/\/www.sdpcommerce.com\/producto\/producto-placa-valvula-ingersoll-rand-vpa-t30-ir-bare-juntas\/"]}]},{"@type":"ImageObject","inLanguage":"es","@id":"https:\/\/www.sdpcommerce.com\/producto\/producto-placa-valvula-ingersoll-rand-vpa-t30-ir-bare-juntas\/#primaryimage","url":"https:\/\/www.sdpcommerce.com\/wp-content\/uploads\/2025\/02\/Screenshot-2025-02-13-131414.png","contentUrl":"https:\/\/www.sdpcommerce.com\/wp-content\/uploads\/2025\/02\/Screenshot-2025-02-13-131414.png","width":1122,"height":782},{"@type":"BreadcrumbList","@id":"https:\/\/www.sdpcommerce.com\/producto\/producto-placa-valvula-ingersoll-rand-vpa-t30-ir-bare-juntas\/#breadcrumb","itemListElement":[{"@type":"ListItem","position":1,"name":"Portada","item":"https:\/\/www.sdpcommerce.com\/"},{"@type":"ListItem","position":2,"name":"STORE","item":"https:\/\/www.sdpcommerce.com\/shop-replacement-parts\/"},{"@type":"ListItem","position":3,"name":"Motores El\u00e9ctricos para Uso Industrial","item":"https:\/\/www.sdpcommerce.com\/categoria-producto\/motores-electricos-uso-industrial\/"},{"@type":"ListItem","position":4,"name":"Conjunto de Placa de V\u00e1lvula Ingersoll Rand VPA-T30-IR-BARE con Juntas | Refacci\u00f3n Original**"}]},{"@type":"WebSite","@id":"https:\/\/www.sdpcommerce.com\/#website","url":"https:\/\/www.sdpcommerce.com\/","name":"SDP COMMERCE","description":" Contar con un proveedor que no solo te diga \u201cya no existe\u201d, sino que &lt;strong&gt;te proponga un reemplazo funcional&lt;\/strong&gt;, es una ventaja competitiva. Algunas acciones que realiza un proveedor proactivo","publisher":{"@id":"https:\/\/www.sdpcommerce.com\/#organization"},"potentialAction":[{"@type":"SearchAction","target":{"@type":"EntryPoint","urlTemplate":"https:\/\/www.sdpcommerce.com\/?s={search_term_string}"},"query-input":{"@type":"PropertyValueSpecification","valueRequired":true,"valueName":"search_term_string"}}],"inLanguage":"es"},{"@type":"Organization","@id":"https:\/\/www.sdpcommerce.com\/#organization","name":"SDP COMMERCE","url":"https:\/\/www.sdpcommerce.com\/","logo":{"@type":"ImageObject","inLanguage":"es","@id":"https:\/\/www.sdpcommerce.com\/#\/schema\/logo\/image\/","url":"https:\/\/www.sdpcommerce.com\/wp-content\/uploads\/2025\/02\/Screenshot-2025-02-13-150556.png","contentUrl":"https:\/\/www.sdpcommerce.com\/wp-content\/uploads\/2025\/02\/Screenshot-2025-02-13-150556.png","width":114,"height":108,"caption":"SDP COMMERCE"},"image":{"@id":"https:\/\/www.sdpcommerce.com\/#\/schema\/logo\/image\/"},"sameAs":["https:\/\/www.facebook.com\/profile.php?id=61565795007009#"]}]}},"uagb_featured_image_src":{"full":["https:\/\/www.sdpcommerce.com\/wp-content\/uploads\/2025\/02\/Screenshot-2025-02-13-131414.png",1122,782,false],"thumbnail":["https:\/\/www.sdpcommerce.com\/wp-content\/uploads\/2025\/02\/Screenshot-2025-02-13-131414-150x150.png",150,150,true],"medium":["https:\/\/www.sdpcommerce.com\/wp-content\/uploads\/2025\/02\/Screenshot-2025-02-13-131414-300x209.png",300,209,true],"medium_large":["https:\/\/www.sdpcommerce.com\/wp-content\/uploads\/2025\/02\/Screenshot-2025-02-13-131414-768x535.png",768,535,true],"large":["https:\/\/www.sdpcommerce.com\/wp-content\/uploads\/2025\/02\/Screenshot-2025-02-13-131414-1024x714.png",1024,714,true],"1536x1536":["https:\/\/www.sdpcommerce.com\/wp-content\/uploads\/2025\/02\/Screenshot-2025-02-13-131414.png",1122,782,false],"2048x2048":["https:\/\/www.sdpcommerce.com\/wp-content\/uploads\/2025\/02\/Screenshot-2025-02-13-131414.png",1122,782,false],"trp-custom-language-flag":["https:\/\/www.sdpcommerce.com\/wp-content\/uploads\/2025\/02\/Screenshot-2025-02-13-131414.png",18,12,false],"woocommerce_thumbnail":["https:\/\/www.sdpcommerce.com\/wp-content\/uploads\/2025\/02\/Screenshot-2025-02-13-131414-300x300.png",300,300,true],"woocommerce_single":["https:\/\/www.sdpcommerce.com\/wp-content\/uploads\/2025\/02\/Screenshot-2025-02-13-131414-600x418.png",600,418,true],"woocommerce_gallery_thumbnail":["https:\/\/www.sdpcommerce.com\/wp-content\/uploads\/2025\/02\/Screenshot-2025-02-13-131414-100x100.png",100,100,true]},"uagb_author_info":{"display_name":"admin","author_link":"https:\/\/www.sdpcommerce.com\/es_mx\/author\/"},"uagb_comment_info":0,"uagb_excerpt":"Kit de placa de v\u00e1lvula y juntas para compresor Ingersoll Rand modelo VPA-T30-IR-BARE. Repuesto confiable para mantenimiento profesional.**","_links":{"self":[{"href":"https:\/\/www.sdpcommerce.com\/es_mx\/wp-json\/wp\/v2\/product\/2066","targetHints":{"allow":["GET"]}}],"collection":[{"href":"https:\/\/www.sdpcommerce.com\/es_mx\/wp-json\/wp\/v2\/product"}],"about":[{"href":"https:\/\/www.sdpcommerce.com\/es_mx\/wp-json\/wp\/v2\/types\/product"}],"replies":[{"embeddable":true,"href":"https:\/\/www.sdpcommerce.com\/es_mx\/wp-json\/wp\/v2\/comments?post=2066"}],"wp:featuredmedia":[{"embeddable":true,"href":"https:\/\/www.sdpcommerce.com\/es_mx\/wp-json\/wp\/v2\/media\/2067"}],"wp:attachment":[{"href":"https:\/\/www.sdpcommerce.com\/es_mx\/wp-json\/wp\/v2\/media?parent=2066"}],"wp:term":[{"taxonomy":"product_brand","embeddable":true,"href":"https:\/\/www.sdpcommerce.com\/es_mx\/wp-json\/wp\/v2\/product_brand?post=2066"},{"taxonomy":"product_cat","embeddable":true,"href":"https:\/\/www.sdpcommerce.com\/es_mx\/wp-json\/wp\/v2\/product_cat?post=2066"},{"taxonomy":"product_tag","embeddable":true,"href":"https:\/\/www.sdpcommerce.com\/es_mx\/wp-json\/wp\/v2\/product_tag?post=2066"}],"curies":[{"name":"wp","href":"https:\/\/api.w.org\/{rel}","templated":true}]}}