{"id":2057,"date":"2025-02-06T02:07:45","date_gmt":"2025-02-06T01:07:45","guid":{"rendered":"https:\/\/www.sdpcommerce.com\/?post_type=product&#038;p=2057"},"modified":"2026-02-20T01:39:32","modified_gmt":"2026-02-20T00:39:32","slug":"producto-actuador-lineal-thk-kr4620cfm-340lofe-1000","status":"publish","type":"product","link":"https:\/\/www.sdpcommerce.com\/es_mx\/producto\/producto-actuador-lineal-thk-kr4620cfm-340lofe-1000\/","title":{"rendered":"Actuador Lineal THK KR4620CFM-340LOFE-1000 | Serie KR 20mm Lead"},"content":{"rendered":"<h3 data-start=\"514\" data-end=\"571\">Actuador Lineal THK KR4620CFM-340LOFE-1000 \u2013 Serie KR<\/h3>\n<p data-start=\"573\" data-end=\"911\">El actuador lineal <strong data-start=\"592\" data-end=\"622\">THK KR4620CFM-340LOFE-1000<\/strong> forma parte de la reconocida <strong data-start=\"652\" data-end=\"664\">Serie KR<\/strong>, ofreciendo alta precisi\u00f3n y durabilidad en aplicaciones industriales. Con un paso (lead) de 20 mm, este actuador es ideal para sistemas de automatizaci\u00f3n, maquinaria CNC, robots y equipos que requieren movimientos lineales precisos y confiables.<\/p>\n<p data-start=\"913\" data-end=\"1046\">Fabricado con ingenier\u00eda japonesa, garantiza una larga vida \u00fatil y operaci\u00f3n silenciosa, incluso en ambientes industriales exigentes.<\/p>\n<h4 data-start=\"1053\" data-end=\"1091\"><strong data-start=\"1061\" data-end=\"1091\">Especificaciones t\u00e9cnicas:<\/strong><\/h4>\n<ul data-start=\"1092\" data-end=\"1339\">\n<li data-start=\"1092\" data-end=\"1110\">\n<p data-start=\"1094\" data-end=\"1110\"><strong data-start=\"1094\" data-end=\"1104\">Marca:<\/strong> THK<\/p>\n<\/li>\n<li data-start=\"1111\" data-end=\"1149\">\n<p data-start=\"1113\" data-end=\"1149\"><strong data-start=\"1113\" data-end=\"1124\">Modelo:<\/strong> KR4620CFM-340LOFE-1000<\/p>\n<\/li>\n<li data-start=\"1150\" data-end=\"1167\">\n<p data-start=\"1152\" data-end=\"1167\"><strong data-start=\"1152\" data-end=\"1162\">Serie:<\/strong> KR<\/p>\n<\/li>\n<li data-start=\"1168\" data-end=\"1194\">\n<p data-start=\"1170\" data-end=\"1194\"><strong data-start=\"1170\" data-end=\"1186\">Paso (Lead):<\/strong> 20 mm<\/p>\n<\/li>\n<li data-start=\"1195\" data-end=\"1224\">\n<p data-start=\"1197\" data-end=\"1224\"><strong data-start=\"1197\" data-end=\"1206\">Tipo:<\/strong> Actuador lineal<\/p>\n<\/li>\n<li data-start=\"1225\" data-end=\"1278\">\n<p data-start=\"1227\" data-end=\"1278\"><strong data-start=\"1227\" data-end=\"1235\">Uso:<\/strong> Automatizaci\u00f3n, maquinaria CNC, rob\u00f3tica<\/p>\n<\/li>\n<li data-start=\"1279\" data-end=\"1339\">\n<p data-start=\"1281\" data-end=\"1339\"><strong data-start=\"1281\" data-end=\"1294\">Longitud:<\/strong> 1000 mm (u otro dato espec\u00edfico si aplica)<\/p>\n<\/li>\n<\/ul>\n<hr data-start=\"1341\" data-end=\"1344\" \/>\n<h4 data-start=\"1346\" data-end=\"1379\"><strong data-start=\"1354\" data-end=\"1379\">Aplicaciones comunes:<\/strong><\/h4>\n<ul data-start=\"1380\" data-end=\"1525\">\n<li data-start=\"1380\" data-end=\"1395\">\n<p data-start=\"1382\" data-end=\"1395\">Equipos CNC<\/p>\n<\/li>\n<li data-start=\"1396\" data-end=\"1437\">\n<p data-start=\"1398\" data-end=\"1437\">Sistemas de automatizaci\u00f3n industrial<\/p>\n<\/li>\n<li data-start=\"1438\" data-end=\"1461\">\n<p data-start=\"1440\" data-end=\"1461\">Robots industriales<\/p>\n<\/li>\n<li data-start=\"1462\" data-end=\"1486\">\n<p data-start=\"1464\" data-end=\"1486\">Equipos de precisi\u00f3n<\/p>\n<\/li>\n<li data-start=\"1487\" data-end=\"1525\">\n<p data-start=\"1489\" data-end=\"1525\">L\u00edneas de ensamblaje automatizadas<\/p>\n<\/li>\n<\/ul>\n<hr data-start=\"1527\" data-end=\"1530\" \/>\n<p data-start=\"1532\" data-end=\"1673\">\u2705 Alta precisi\u00f3n y confiabilidad<br data-start=\"1564\" data-end=\"1567\" \/>\u2705 Fabricaci\u00f3n japonesa THK<br data-start=\"1593\" data-end=\"1596\" \/>\u2705 Dise\u00f1o robusto y duradero<br data-start=\"1623\" data-end=\"1626\" \/>\u2705 F\u00e1cil integraci\u00f3n en sistemas automatizados<\/p>\n<hr data-start=\"1675\" data-end=\"1678\" \/>\n<p data-start=\"1680\" data-end=\"1771\"><strong data-start=\"1683\" data-end=\"1704\">Producto en stock<\/strong><br data-start=\"1704\" data-end=\"1707\" \/><strong data-start=\"1710\" data-end=\"1734\">Env\u00edos a todo M\u00e9xico<\/strong><br data-start=\"1734\" data-end=\"1737\" \/><strong data-start=\"1741\" data-end=\"1771\">Soporte t\u00e9cnico disponible<\/strong><\/p>\n","protected":false},"excerpt":{"rendered":"<p>Actuador lineal THK modelo KR4620CFM-340LOFE-1000, Serie KR con paso de 20mm. Precisi\u00f3n japonesa para automatizaci\u00f3n industrial y maquinaria CNC.<\/p>\n","protected":false},"featured_media":2058,"comment_status":"open","ping_status":"closed","template":"","meta":{"om_disable_all_campaigns":false,"_uag_custom_page_level_css":"","_monsterinsights_skip_tracking":false,"_monsterinsights_sitenote_active":false,"_monsterinsights_sitenote_note":"","_monsterinsights_sitenote_category":0,"site-sidebar-layout":"default","site-content-layout":"","ast-site-content-layout":"default","site-content-style":"default","site-sidebar-style":"default","ast-global-header-display":"","ast-banner-title-visibility":"","ast-main-header-display":"","ast-hfb-above-header-display":"","ast-hfb-below-header-display":"","ast-hfb-mobile-header-display":"","site-post-title":"","ast-breadcrumbs-content":"","ast-featured-img":"","footer-sml-layout":"","theme-transparent-header-meta":"default","adv-header-id-meta":"","stick-header-meta":"","header-above-stick-meta":"","header-main-stick-meta":"","header-below-stick-meta":"","astra-migrate-meta-layouts":"set","ast-page-background-enabled":"default","ast-page-background-meta":{"desktop":{"background-color":"var(--ast-global-color-4)","background-image":"","background-repeat":"repeat","background-position":"center center","background-size":"auto","background-attachment":"scroll","background-type":"","background-media":"","overlay-type":"","overlay-color":"","overlay-gradient":""},"tablet":{"background-color":"","background-image":"","background-repeat":"repeat","background-position":"center center","background-size":"auto","background-attachment":"scroll","background-type":"","background-media":"","overlay-type":"","overlay-color":"","overlay-gradient":""},"mobile":{"background-color":"","background-image":"","background-repeat":"repeat","background-position":"center center","background-size":"auto","background-attachment":"scroll","background-type":"","background-media":"","overlay-type":"","overlay-color":"","overlay-gradient":""}},"ast-content-background-meta":{"desktop":{"background-color":"var(--ast-global-color-5)","background-image":"","background-repeat":"repeat","background-position":"center center","background-size":"auto","background-attachment":"scroll","background-type":"","background-media":"","overlay-type":"","overlay-color":"","overlay-gradient":""},"tablet":{"background-color":"var(--ast-global-color-5)","background-image":"","background-repeat":"repeat","background-position":"center center","background-size":"auto","background-attachment":"scroll","background-type":"","background-media":"","overlay-type":"","overlay-color":"","overlay-gradient":""},"mobile":{"background-color":"var(--ast-global-color-5)","background-image":"","background-repeat":"repeat","background-position":"center center","background-size":"auto","background-attachment":"scroll","background-type":"","background-media":"","overlay-type":"","overlay-color":"","overlay-gradient":""}}},"product_brand":[],"product_cat":[15],"product_tag":[171,173,174,175,172,170],"class_list":{"0":"post-2057","1":"product","2":"type-product","3":"status-publish","4":"has-post-thumbnail","6":"product_cat-motores-electricos-uso-industrial","7":"product_tag-actuador-lineal","8":"product_tag-automatizacion-industrial","9":"product_tag-equipos-de-precision","10":"product_tag-maquinaria-cnc","11":"product_tag-serie-kr","12":"product_tag-thk","13":"desktop-align-left","14":"tablet-align-left","15":"mobile-align-left","17":"first","18":"instock","19":"shipping-taxable","20":"purchasable","21":"product-type-simple"},"yoast_head":"<!-- This site is optimized with the Yoast SEO plugin v27.4 - https:\/\/yoast.com\/product\/yoast-seo-wordpress\/ -->\n<title>Actuador Lineal THK KR4620CFM-340LOFE-1000 | Serie KR 20mm Lead - &lt;strong&gt;Un buen proveedor no solo vende, asesora y soluciona&lt;\/strong&gt;<\/title>\n<meta name=\"description\" content=\"Compra actuador lineal THK KR4620CFM-340LOFE-1000, Serie KR con paso 20 mm. Precisi\u00f3n japonesa para automatizaci\u00f3n y CNC. Env\u00edos a todo M\u00e9xico.\" \/>\n<meta name=\"robots\" content=\"index, follow, max-snippet:-1, max-image-preview:large, max-video-preview:-1\" \/>\n<link rel=\"canonical\" href=\"https:\/\/www.sdpcommerce.com\/es_mx\/producto\/producto-actuador-lineal-thk-kr4620cfm-340lofe-1000\/\" \/>\n<meta property=\"og:locale\" content=\"es_MX\" \/>\n<meta property=\"og:type\" content=\"article\" \/>\n<meta property=\"og:title\" content=\"Actuador Lineal THK KR4620CFM-340LOFE-1000 | Serie KR 20mm Lead - &lt;strong&gt;Un buen proveedor no solo vende, asesora y soluciona&lt;\/strong&gt;\" \/>\n<meta property=\"og:description\" content=\"Compra actuador lineal THK KR4620CFM-340LOFE-1000, Serie KR con paso 20 mm. Precisi\u00f3n japonesa para automatizaci\u00f3n y CNC. Env\u00edos a todo M\u00e9xico.\" \/>\n<meta property=\"og:url\" content=\"https:\/\/www.sdpcommerce.com\/es_mx\/producto\/producto-actuador-lineal-thk-kr4620cfm-340lofe-1000\/\" \/>\n<meta property=\"og:site_name\" content=\"&lt;strong&gt;Un buen proveedor no solo vende, asesora y soluciona&lt;\/strong&gt;\" \/>\n<meta property=\"article:publisher\" content=\"https:\/\/www.facebook.com\/profile.php?id=61565795007009#\" \/>\n<meta property=\"article:modified_time\" content=\"2026-02-20T00:39:32+00:00\" \/>\n<meta property=\"og:image\" content=\"https:\/\/www.sdpcommerce.com\/wp-content\/uploads\/2025\/02\/Screenshot-2025-02-05-190525.png\" \/>\n\t<meta property=\"og:image:width\" content=\"592\" \/>\n\t<meta property=\"og:image:height\" content=\"380\" \/>\n\t<meta property=\"og:image:type\" content=\"image\/png\" \/>\n<meta name=\"twitter:card\" content=\"summary_large_image\" \/>\n<meta name=\"twitter:label1\" content=\"Tiempo de lectura\" \/>\n\t<meta name=\"twitter:data1\" content=\"1 minuto\" \/>\n<script type=\"application\/ld+json\" class=\"yoast-schema-graph\">{\"@context\":\"https:\\\/\\\/schema.org\",\"@graph\":[{\"@type\":\"WebPage\",\"@id\":\"https:\\\/\\\/www.sdpcommerce.com\\\/producto\\\/producto-actuador-lineal-thk-kr4620cfm-340lofe-1000\\\/\",\"url\":\"https:\\\/\\\/www.sdpcommerce.com\\\/producto\\\/producto-actuador-lineal-thk-kr4620cfm-340lofe-1000\\\/\",\"name\":\"Actuador Lineal THK KR4620CFM-340LOFE-1000 | Serie KR 20mm Lead - &lt;strong&gt;Un buen proveedor no solo vende, asesora y soluciona&lt;\\\/strong&gt;\",\"isPartOf\":{\"@id\":\"https:\\\/\\\/www.sdpcommerce.com\\\/#website\"},\"primaryImageOfPage\":{\"@id\":\"https:\\\/\\\/www.sdpcommerce.com\\\/producto\\\/producto-actuador-lineal-thk-kr4620cfm-340lofe-1000\\\/#primaryimage\"},\"image\":{\"@id\":\"https:\\\/\\\/www.sdpcommerce.com\\\/producto\\\/producto-actuador-lineal-thk-kr4620cfm-340lofe-1000\\\/#primaryimage\"},\"thumbnailUrl\":\"https:\\\/\\\/www.sdpcommerce.com\\\/wp-content\\\/uploads\\\/2025\\\/02\\\/Screenshot-2025-02-05-190525.png\",\"datePublished\":\"2025-02-06T01:07:45+00:00\",\"dateModified\":\"2026-02-20T00:39:32+00:00\",\"description\":\"Compra actuador lineal THK KR4620CFM-340LOFE-1000, Serie KR con paso 20 mm. Precisi\u00f3n japonesa para automatizaci\u00f3n y CNC. Env\u00edos a todo M\u00e9xico.\",\"breadcrumb\":{\"@id\":\"https:\\\/\\\/www.sdpcommerce.com\\\/producto\\\/producto-actuador-lineal-thk-kr4620cfm-340lofe-1000\\\/#breadcrumb\"},\"inLanguage\":\"es\",\"potentialAction\":[{\"@type\":\"ReadAction\",\"target\":[\"https:\\\/\\\/www.sdpcommerce.com\\\/producto\\\/producto-actuador-lineal-thk-kr4620cfm-340lofe-1000\\\/\"]}]},{\"@type\":\"ImageObject\",\"inLanguage\":\"es\",\"@id\":\"https:\\\/\\\/www.sdpcommerce.com\\\/producto\\\/producto-actuador-lineal-thk-kr4620cfm-340lofe-1000\\\/#primaryimage\",\"url\":\"https:\\\/\\\/www.sdpcommerce.com\\\/wp-content\\\/uploads\\\/2025\\\/02\\\/Screenshot-2025-02-05-190525.png\",\"contentUrl\":\"https:\\\/\\\/www.sdpcommerce.com\\\/wp-content\\\/uploads\\\/2025\\\/02\\\/Screenshot-2025-02-05-190525.png\",\"width\":592,\"height\":380},{\"@type\":\"BreadcrumbList\",\"@id\":\"https:\\\/\\\/www.sdpcommerce.com\\\/producto\\\/producto-actuador-lineal-thk-kr4620cfm-340lofe-1000\\\/#breadcrumb\",\"itemListElement\":[{\"@type\":\"ListItem\",\"position\":1,\"name\":\"Portada\",\"item\":\"https:\\\/\\\/www.sdpcommerce.com\\\/\"},{\"@type\":\"ListItem\",\"position\":2,\"name\":\"STORE\",\"item\":\"https:\\\/\\\/www.sdpcommerce.com\\\/shop-replacement-parts\\\/\"},{\"@type\":\"ListItem\",\"position\":3,\"name\":\"Motores El\u00e9ctricos para Uso Industrial\",\"item\":\"https:\\\/\\\/www.sdpcommerce.com\\\/categoria-producto\\\/motores-electricos-uso-industrial\\\/\"},{\"@type\":\"ListItem\",\"position\":4,\"name\":\"Actuador Lineal THK KR4620CFM-340LOFE-1000 | Serie KR 20mm Lead\"}]},{\"@type\":\"WebSite\",\"@id\":\"https:\\\/\\\/www.sdpcommerce.com\\\/#website\",\"url\":\"https:\\\/\\\/www.sdpcommerce.com\\\/\",\"name\":\"SDP COMMERCE\",\"description\":\" Contar con un proveedor que no solo te diga \u201cya no existe\u201d, sino que &lt;strong&gt;te proponga un reemplazo funcional&lt;\\\/strong&gt;, es una ventaja competitiva. Algunas acciones que realiza un proveedor proactivo\",\"publisher\":{\"@id\":\"https:\\\/\\\/www.sdpcommerce.com\\\/#organization\"},\"potentialAction\":[{\"@type\":\"SearchAction\",\"target\":{\"@type\":\"EntryPoint\",\"urlTemplate\":\"https:\\\/\\\/www.sdpcommerce.com\\\/?s={search_term_string}\"},\"query-input\":{\"@type\":\"PropertyValueSpecification\",\"valueRequired\":true,\"valueName\":\"search_term_string\"}}],\"inLanguage\":\"es\"},{\"@type\":\"Organization\",\"@id\":\"https:\\\/\\\/www.sdpcommerce.com\\\/#organization\",\"name\":\"SDP COMMERCE\",\"url\":\"https:\\\/\\\/www.sdpcommerce.com\\\/\",\"logo\":{\"@type\":\"ImageObject\",\"inLanguage\":\"es\",\"@id\":\"https:\\\/\\\/www.sdpcommerce.com\\\/#\\\/schema\\\/logo\\\/image\\\/\",\"url\":\"https:\\\/\\\/www.sdpcommerce.com\\\/wp-content\\\/uploads\\\/2025\\\/02\\\/Screenshot-2025-02-13-150556.png\",\"contentUrl\":\"https:\\\/\\\/www.sdpcommerce.com\\\/wp-content\\\/uploads\\\/2025\\\/02\\\/Screenshot-2025-02-13-150556.png\",\"width\":114,\"height\":108,\"caption\":\"SDP COMMERCE\"},\"image\":{\"@id\":\"https:\\\/\\\/www.sdpcommerce.com\\\/#\\\/schema\\\/logo\\\/image\\\/\"},\"sameAs\":[\"https:\\\/\\\/www.facebook.com\\\/profile.php?id=61565795007009#\"]}]}<\/script>\n<!-- \/ Yoast SEO plugin. -->","yoast_head_json":{"title":"Actuador Lineal THK KR4620CFM-340LOFE-1000 | Serie KR 20mm Lead - &lt;strong&gt;Un buen proveedor no solo vende, asesora y soluciona&lt;\/strong&gt;","description":"Compra actuador lineal THK KR4620CFM-340LOFE-1000, Serie KR con paso 20 mm. Precisi\u00f3n japonesa para automatizaci\u00f3n y CNC. Env\u00edos a todo M\u00e9xico.","robots":{"index":"index","follow":"follow","max-snippet":"max-snippet:-1","max-image-preview":"max-image-preview:large","max-video-preview":"max-video-preview:-1"},"canonical":"https:\/\/www.sdpcommerce.com\/es_mx\/producto\/producto-actuador-lineal-thk-kr4620cfm-340lofe-1000\/","og_locale":"es_MX","og_type":"article","og_title":"Actuador Lineal THK KR4620CFM-340LOFE-1000 | Serie KR 20mm Lead - &lt;strong&gt;Un buen proveedor no solo vende, asesora y soluciona&lt;\/strong&gt;","og_description":"Compra actuador lineal THK KR4620CFM-340LOFE-1000, Serie KR con paso 20 mm. Precisi\u00f3n japonesa para automatizaci\u00f3n y CNC. Env\u00edos a todo M\u00e9xico.","og_url":"https:\/\/www.sdpcommerce.com\/es_mx\/producto\/producto-actuador-lineal-thk-kr4620cfm-340lofe-1000\/","og_site_name":"&lt;strong&gt;Un buen proveedor no solo vende, asesora y soluciona&lt;\/strong&gt;","article_publisher":"https:\/\/www.facebook.com\/profile.php?id=61565795007009#","article_modified_time":"2026-02-20T00:39:32+00:00","og_image":[{"width":592,"height":380,"url":"https:\/\/www.sdpcommerce.com\/wp-content\/uploads\/2025\/02\/Screenshot-2025-02-05-190525.png","type":"image\/png"}],"twitter_card":"summary_large_image","twitter_misc":{"Tiempo de lectura":"1 minuto"},"schema":{"@context":"https:\/\/schema.org","@graph":[{"@type":"WebPage","@id":"https:\/\/www.sdpcommerce.com\/producto\/producto-actuador-lineal-thk-kr4620cfm-340lofe-1000\/","url":"https:\/\/www.sdpcommerce.com\/producto\/producto-actuador-lineal-thk-kr4620cfm-340lofe-1000\/","name":"Actuador Lineal THK KR4620CFM-340LOFE-1000 | Serie KR 20mm Lead - &lt;strong&gt;Un buen proveedor no solo vende, asesora y soluciona&lt;\/strong&gt;","isPartOf":{"@id":"https:\/\/www.sdpcommerce.com\/#website"},"primaryImageOfPage":{"@id":"https:\/\/www.sdpcommerce.com\/producto\/producto-actuador-lineal-thk-kr4620cfm-340lofe-1000\/#primaryimage"},"image":{"@id":"https:\/\/www.sdpcommerce.com\/producto\/producto-actuador-lineal-thk-kr4620cfm-340lofe-1000\/#primaryimage"},"thumbnailUrl":"https:\/\/www.sdpcommerce.com\/wp-content\/uploads\/2025\/02\/Screenshot-2025-02-05-190525.png","datePublished":"2025-02-06T01:07:45+00:00","dateModified":"2026-02-20T00:39:32+00:00","description":"Compra actuador lineal THK KR4620CFM-340LOFE-1000, Serie KR con paso 20 mm. Precisi\u00f3n japonesa para automatizaci\u00f3n y CNC. Env\u00edos a todo M\u00e9xico.","breadcrumb":{"@id":"https:\/\/www.sdpcommerce.com\/producto\/producto-actuador-lineal-thk-kr4620cfm-340lofe-1000\/#breadcrumb"},"inLanguage":"es","potentialAction":[{"@type":"ReadAction","target":["https:\/\/www.sdpcommerce.com\/producto\/producto-actuador-lineal-thk-kr4620cfm-340lofe-1000\/"]}]},{"@type":"ImageObject","inLanguage":"es","@id":"https:\/\/www.sdpcommerce.com\/producto\/producto-actuador-lineal-thk-kr4620cfm-340lofe-1000\/#primaryimage","url":"https:\/\/www.sdpcommerce.com\/wp-content\/uploads\/2025\/02\/Screenshot-2025-02-05-190525.png","contentUrl":"https:\/\/www.sdpcommerce.com\/wp-content\/uploads\/2025\/02\/Screenshot-2025-02-05-190525.png","width":592,"height":380},{"@type":"BreadcrumbList","@id":"https:\/\/www.sdpcommerce.com\/producto\/producto-actuador-lineal-thk-kr4620cfm-340lofe-1000\/#breadcrumb","itemListElement":[{"@type":"ListItem","position":1,"name":"Portada","item":"https:\/\/www.sdpcommerce.com\/"},{"@type":"ListItem","position":2,"name":"STORE","item":"https:\/\/www.sdpcommerce.com\/shop-replacement-parts\/"},{"@type":"ListItem","position":3,"name":"Motores El\u00e9ctricos para Uso Industrial","item":"https:\/\/www.sdpcommerce.com\/categoria-producto\/motores-electricos-uso-industrial\/"},{"@type":"ListItem","position":4,"name":"Actuador Lineal THK KR4620CFM-340LOFE-1000 | Serie KR 20mm Lead"}]},{"@type":"WebSite","@id":"https:\/\/www.sdpcommerce.com\/#website","url":"https:\/\/www.sdpcommerce.com\/","name":"SDP COMMERCE","description":" Contar con un proveedor que no solo te diga \u201cya no existe\u201d, sino que &lt;strong&gt;te proponga un reemplazo funcional&lt;\/strong&gt;, es una ventaja competitiva. Algunas acciones que realiza un proveedor proactivo","publisher":{"@id":"https:\/\/www.sdpcommerce.com\/#organization"},"potentialAction":[{"@type":"SearchAction","target":{"@type":"EntryPoint","urlTemplate":"https:\/\/www.sdpcommerce.com\/?s={search_term_string}"},"query-input":{"@type":"PropertyValueSpecification","valueRequired":true,"valueName":"search_term_string"}}],"inLanguage":"es"},{"@type":"Organization","@id":"https:\/\/www.sdpcommerce.com\/#organization","name":"SDP COMMERCE","url":"https:\/\/www.sdpcommerce.com\/","logo":{"@type":"ImageObject","inLanguage":"es","@id":"https:\/\/www.sdpcommerce.com\/#\/schema\/logo\/image\/","url":"https:\/\/www.sdpcommerce.com\/wp-content\/uploads\/2025\/02\/Screenshot-2025-02-13-150556.png","contentUrl":"https:\/\/www.sdpcommerce.com\/wp-content\/uploads\/2025\/02\/Screenshot-2025-02-13-150556.png","width":114,"height":108,"caption":"SDP COMMERCE"},"image":{"@id":"https:\/\/www.sdpcommerce.com\/#\/schema\/logo\/image\/"},"sameAs":["https:\/\/www.facebook.com\/profile.php?id=61565795007009#"]}]}},"uagb_featured_image_src":{"full":["https:\/\/www.sdpcommerce.com\/wp-content\/uploads\/2025\/02\/Screenshot-2025-02-05-190525.png",592,380,false],"thumbnail":["https:\/\/www.sdpcommerce.com\/wp-content\/uploads\/2025\/02\/Screenshot-2025-02-05-190525-150x150.png",150,150,true],"medium":["https:\/\/www.sdpcommerce.com\/wp-content\/uploads\/2025\/02\/Screenshot-2025-02-05-190525-300x193.png",300,193,true],"medium_large":["https:\/\/www.sdpcommerce.com\/wp-content\/uploads\/2025\/02\/Screenshot-2025-02-05-190525.png",592,380,false],"large":["https:\/\/www.sdpcommerce.com\/wp-content\/uploads\/2025\/02\/Screenshot-2025-02-05-190525.png",592,380,false],"1536x1536":["https:\/\/www.sdpcommerce.com\/wp-content\/uploads\/2025\/02\/Screenshot-2025-02-05-190525.png",592,380,false],"2048x2048":["https:\/\/www.sdpcommerce.com\/wp-content\/uploads\/2025\/02\/Screenshot-2025-02-05-190525.png",592,380,false],"trp-custom-language-flag":["https:\/\/www.sdpcommerce.com\/wp-content\/uploads\/2025\/02\/Screenshot-2025-02-05-190525.png",18,12,false],"woocommerce_thumbnail":["https:\/\/www.sdpcommerce.com\/wp-content\/uploads\/2025\/02\/Screenshot-2025-02-05-190525-300x300.png",300,300,true],"woocommerce_single":["https:\/\/www.sdpcommerce.com\/wp-content\/uploads\/2025\/02\/Screenshot-2025-02-05-190525.png",592,380,false],"woocommerce_gallery_thumbnail":["https:\/\/www.sdpcommerce.com\/wp-content\/uploads\/2025\/02\/Screenshot-2025-02-05-190525-100x100.png",100,100,true]},"uagb_author_info":{"display_name":"admin","author_link":"https:\/\/www.sdpcommerce.com\/es_mx\/author\/"},"uagb_comment_info":2,"uagb_excerpt":"Actuador lineal THK modelo KR4620CFM-340LOFE-1000, Serie KR con paso de 20mm. Precisi\u00f3n japonesa para automatizaci\u00f3n industrial y maquinaria CNC.","_links":{"self":[{"href":"https:\/\/www.sdpcommerce.com\/es_mx\/wp-json\/wp\/v2\/product\/2057","targetHints":{"allow":["GET"]}}],"collection":[{"href":"https:\/\/www.sdpcommerce.com\/es_mx\/wp-json\/wp\/v2\/product"}],"about":[{"href":"https:\/\/www.sdpcommerce.com\/es_mx\/wp-json\/wp\/v2\/types\/product"}],"replies":[{"embeddable":true,"href":"https:\/\/www.sdpcommerce.com\/es_mx\/wp-json\/wp\/v2\/comments?post=2057"}],"wp:featuredmedia":[{"embeddable":true,"href":"https:\/\/www.sdpcommerce.com\/es_mx\/wp-json\/wp\/v2\/media\/2058"}],"wp:attachment":[{"href":"https:\/\/www.sdpcommerce.com\/es_mx\/wp-json\/wp\/v2\/media?parent=2057"}],"wp:term":[{"taxonomy":"product_brand","embeddable":true,"href":"https:\/\/www.sdpcommerce.com\/es_mx\/wp-json\/wp\/v2\/product_brand?post=2057"},{"taxonomy":"product_cat","embeddable":true,"href":"https:\/\/www.sdpcommerce.com\/es_mx\/wp-json\/wp\/v2\/product_cat?post=2057"},{"taxonomy":"product_tag","embeddable":true,"href":"https:\/\/www.sdpcommerce.com\/es_mx\/wp-json\/wp\/v2\/product_tag?post=2057"}],"curies":[{"name":"wp","href":"https:\/\/api.w.org\/{rel}","templated":true}]}}