{"id":1516,"date":"2024-03-23T21:43:33","date_gmt":"2024-03-23T20:43:33","guid":{"rendered":"https:\/\/www.sdpcommerce.com\/?post_type=product&#038;p=1516"},"modified":"2026-02-20T01:33:03","modified_gmt":"2026-02-20T00:33:03","slug":"bomba-neumatica-yamada-851562-ndp-5fpt","status":"publish","type":"product","link":"https:\/\/www.sdpcommerce.com\/es_mx\/producto\/bomba-neumatica-yamada-851562-ndp-5fpt\/","title":{"rendered":"Bomba Neum\u00e1tica YAMADA 851562 NDP-5FPT | Doble Diafragma 1\/4&#8243; \u2013 Alta eficiencia"},"content":{"rendered":"<p data-start=\"496\" data-end=\"862\">a <strong data-start=\"499\" data-end=\"548\">bomba neum\u00e1tica YAMADA modelo 851562 NDP-5FPT<\/strong> es una bomba de doble diafragma accionada por aire con conexiones de 1\/4&#8243; dise\u00f1ada para aplicaciones industriales exigentes. Esta bomba de alta eficiencia ofrece un flujo uniforme, resistencia qu\u00edmica y una operaci\u00f3n confiable sin partes el\u00e9ctricas, ideal para ambientes donde se requiere seguridad y durabilidad.<\/p>\n<p data-start=\"864\" data-end=\"1188\">Construida con materiales resistentes a la corrosi\u00f3n, la NDP-5FPT es adecuada para transferencia de l\u00edquidos abrasivos, viscosos o sensibles al calor. Su dise\u00f1o compacto facilita la instalaci\u00f3n y el mantenimiento. Adem\u00e1s, su sistema neum\u00e1tico permite operar en zonas sin acceso a electricidad, reduciendo riesgos el\u00e9ctricos.<\/p>\n<p data-start=\"1190\" data-end=\"1403\">Perfecta para industrias qu\u00edmicas, farmac\u00e9uticas, alimentarias, y tratamiento de aguas, esta bomba cumple con altos est\u00e1ndares de calidad y durabilidad, garantizando un rendimiento constante en procesos continuos.<\/p>\n","protected":false},"excerpt":{"rendered":"<p>Bomba neum\u00e1tica YAMADA 851562 NDP-5FPT, doble diafragma, conexiones 1\/4&#8243;, alta eficiencia y resistencia qu\u00edmica para aplicaciones industriales.<\/p>\n","protected":false},"featured_media":2587,"comment_status":"open","ping_status":"closed","template":"","meta":{"om_disable_all_campaigns":false,"_uag_custom_page_level_css":"","_monsterinsights_skip_tracking":false,"_monsterinsights_sitenote_active":false,"_monsterinsights_sitenote_note":"","_monsterinsights_sitenote_category":0,"site-sidebar-layout":"default","site-content-layout":"","ast-site-content-layout":"default","site-content-style":"default","site-sidebar-style":"default","ast-global-header-display":"","ast-banner-title-visibility":"","ast-main-header-display":"","ast-hfb-above-header-display":"","ast-hfb-below-header-display":"","ast-hfb-mobile-header-display":"","site-post-title":"","ast-breadcrumbs-content":"","ast-featured-img":"","footer-sml-layout":"","theme-transparent-header-meta":"default","adv-header-id-meta":"","stick-header-meta":"","header-above-stick-meta":"","header-main-stick-meta":"","header-below-stick-meta":"","astra-migrate-meta-layouts":"set","ast-page-background-enabled":"default","ast-page-background-meta":{"desktop":{"background-color":"var(--ast-global-color-4)","background-image":"","background-repeat":"repeat","background-position":"center center","background-size":"auto","background-attachment":"scroll","background-type":"","background-media":"","overlay-type":"","overlay-color":"","overlay-gradient":""},"tablet":{"background-color":"","background-image":"","background-repeat":"repeat","background-position":"center center","background-size":"auto","background-attachment":"scroll","background-type":"","background-media":"","overlay-type":"","overlay-color":"","overlay-gradient":""},"mobile":{"background-color":"","background-image":"","background-repeat":"repeat","background-position":"center center","background-size":"auto","background-attachment":"scroll","background-type":"","background-media":"","overlay-type":"","overlay-color":"","overlay-gradient":""}},"ast-content-background-meta":{"desktop":{"background-color":"var(--ast-global-color-5)","background-image":"","background-repeat":"repeat","background-position":"center center","background-size":"auto","background-attachment":"scroll","background-type":"","background-media":"","overlay-type":"","overlay-color":"","overlay-gradient":""},"tablet":{"background-color":"var(--ast-global-color-5)","background-image":"","background-repeat":"repeat","background-position":"center center","background-size":"auto","background-attachment":"scroll","background-type":"","background-media":"","overlay-type":"","overlay-color":"","overlay-gradient":""},"mobile":{"background-color":"var(--ast-global-color-5)","background-image":"","background-repeat":"repeat","background-position":"center center","background-size":"auto","background-attachment":"scroll","background-type":"","background-media":"","overlay-type":"","overlay-color":"","overlay-gradient":""}}},"product_brand":[],"product_cat":[15],"product_tag":[432,436,434,433,435],"class_list":{"0":"post-1516","1":"product","2":"type-product","3":"status-publish","4":"has-post-thumbnail","6":"product_cat-motores-electricos-uso-industrial","7":"product_tag-bomba-neumatica-yamada","8":"product_tag-bomba-resistente-corrosion","9":"product_tag-bombas-quimicas-industriales","10":"product_tag-doble-diafragma-1-4","11":"product_tag-transferencia-liquidos-abrasivos","12":"desktop-align-left","13":"tablet-align-left","14":"mobile-align-left","16":"first","17":"instock","18":"shipping-taxable","19":"purchasable","20":"product-type-simple"},"yoast_head":"<!-- This site is optimized with the Yoast SEO plugin v27.4 - https:\/\/yoast.com\/product\/yoast-seo-wordpress\/ -->\n<title>Bomba Neum\u00e1tica YAMADA 851562 NDP-5FPT | Doble Diafragma 1\/4&quot; \u2013 Alta eficiencia<\/title>\n<meta name=\"description\" content=\"Compra la bomba neum\u00e1tica YAMADA 851562 NDP-5FPT: doble diafragma 1\/4&quot;, ideal para l\u00edquidos abrasivos y ambientes industriales exigentes. Alta confiabilidad y f\u00e1cil mantenimiento.\" \/>\n<meta name=\"robots\" content=\"index, follow, max-snippet:-1, max-image-preview:large, max-video-preview:-1\" \/>\n<link rel=\"canonical\" href=\"https:\/\/www.sdpcommerce.com\/es_mx\/producto\/bomba-neumatica-yamada-851562-ndp-5fpt\/\" \/>\n<meta property=\"og:locale\" content=\"es_MX\" \/>\n<meta property=\"og:type\" content=\"article\" \/>\n<meta property=\"og:title\" content=\"Bomba Neum\u00e1tica YAMADA 851562 NDP-5FPT | Doble Diafragma 1\/4&quot; \u2013 Alta eficiencia\" \/>\n<meta property=\"og:description\" content=\"Compra la bomba neum\u00e1tica YAMADA 851562 NDP-5FPT: doble diafragma 1\/4&quot;, ideal para l\u00edquidos abrasivos y ambientes industriales exigentes. Alta confiabilidad y f\u00e1cil mantenimiento.\" \/>\n<meta property=\"og:url\" content=\"https:\/\/www.sdpcommerce.com\/es_mx\/producto\/bomba-neumatica-yamada-851562-ndp-5fpt\/\" \/>\n<meta property=\"og:site_name\" content=\"&lt;strong&gt;Un buen proveedor no solo vende, asesora y soluciona&lt;\/strong&gt;\" \/>\n<meta property=\"article:publisher\" content=\"https:\/\/www.facebook.com\/profile.php?id=61565795007009#\" \/>\n<meta property=\"article:modified_time\" content=\"2026-02-20T00:33:03+00:00\" \/>\n<meta property=\"og:image\" content=\"https:\/\/www.sdpcommerce.com\/wp-content\/uploads\/2024\/03\/Bomba-Neumatica-YAMADA-851562-NDP-5FPT-Doble-Diafragma-14-\u2013-Alta-eficiencia.png\" \/>\n\t<meta property=\"og:image:width\" content=\"1079\" \/>\n\t<meta property=\"og:image:height\" content=\"800\" \/>\n\t<meta property=\"og:image:type\" content=\"image\/png\" \/>\n<meta name=\"twitter:card\" content=\"summary_large_image\" \/>\n<meta name=\"twitter:label1\" content=\"Tiempo de lectura\" \/>\n\t<meta name=\"twitter:data1\" content=\"1 minuto\" \/>\n<script type=\"application\/ld+json\" class=\"yoast-schema-graph\">{\"@context\":\"https:\\\/\\\/schema.org\",\"@graph\":[{\"@type\":\"WebPage\",\"@id\":\"https:\\\/\\\/www.sdpcommerce.com\\\/producto\\\/bomba-neumatica-yamada-851562-ndp-5fpt\\\/\",\"url\":\"https:\\\/\\\/www.sdpcommerce.com\\\/producto\\\/bomba-neumatica-yamada-851562-ndp-5fpt\\\/\",\"name\":\"Bomba Neum\u00e1tica YAMADA 851562 NDP-5FPT | Doble Diafragma 1\\\/4\\\" \u2013 Alta eficiencia\",\"isPartOf\":{\"@id\":\"https:\\\/\\\/www.sdpcommerce.com\\\/#website\"},\"primaryImageOfPage\":{\"@id\":\"https:\\\/\\\/www.sdpcommerce.com\\\/producto\\\/bomba-neumatica-yamada-851562-ndp-5fpt\\\/#primaryimage\"},\"image\":{\"@id\":\"https:\\\/\\\/www.sdpcommerce.com\\\/producto\\\/bomba-neumatica-yamada-851562-ndp-5fpt\\\/#primaryimage\"},\"thumbnailUrl\":\"https:\\\/\\\/www.sdpcommerce.com\\\/wp-content\\\/uploads\\\/2024\\\/03\\\/Bomba-Neumatica-YAMADA-851562-NDP-5FPT-Doble-Diafragma-14-\u2013-Alta-eficiencia.png\",\"datePublished\":\"2024-03-23T20:43:33+00:00\",\"dateModified\":\"2026-02-20T00:33:03+00:00\",\"description\":\"Compra la bomba neum\u00e1tica YAMADA 851562 NDP-5FPT: doble diafragma 1\\\/4\\\", ideal para l\u00edquidos abrasivos y ambientes industriales exigentes. Alta confiabilidad y f\u00e1cil mantenimiento.\",\"breadcrumb\":{\"@id\":\"https:\\\/\\\/www.sdpcommerce.com\\\/producto\\\/bomba-neumatica-yamada-851562-ndp-5fpt\\\/#breadcrumb\"},\"inLanguage\":\"es\",\"potentialAction\":[{\"@type\":\"ReadAction\",\"target\":[\"https:\\\/\\\/www.sdpcommerce.com\\\/producto\\\/bomba-neumatica-yamada-851562-ndp-5fpt\\\/\"]}]},{\"@type\":\"ImageObject\",\"inLanguage\":\"es\",\"@id\":\"https:\\\/\\\/www.sdpcommerce.com\\\/producto\\\/bomba-neumatica-yamada-851562-ndp-5fpt\\\/#primaryimage\",\"url\":\"https:\\\/\\\/www.sdpcommerce.com\\\/wp-content\\\/uploads\\\/2024\\\/03\\\/Bomba-Neumatica-YAMADA-851562-NDP-5FPT-Doble-Diafragma-14-\u2013-Alta-eficiencia.png\",\"contentUrl\":\"https:\\\/\\\/www.sdpcommerce.com\\\/wp-content\\\/uploads\\\/2024\\\/03\\\/Bomba-Neumatica-YAMADA-851562-NDP-5FPT-Doble-Diafragma-14-\u2013-Alta-eficiencia.png\",\"width\":1079,\"height\":800,\"caption\":\"Bomba Neum\u00e1tica YAMADA 851562 NDP-5FPT | Doble Diafragma 1\\\/4\\\" \u2013 Alta eficiencia\"},{\"@type\":\"BreadcrumbList\",\"@id\":\"https:\\\/\\\/www.sdpcommerce.com\\\/producto\\\/bomba-neumatica-yamada-851562-ndp-5fpt\\\/#breadcrumb\",\"itemListElement\":[{\"@type\":\"ListItem\",\"position\":1,\"name\":\"Portada\",\"item\":\"https:\\\/\\\/www.sdpcommerce.com\\\/\"},{\"@type\":\"ListItem\",\"position\":2,\"name\":\"STORE\",\"item\":\"https:\\\/\\\/www.sdpcommerce.com\\\/shop-replacement-parts\\\/\"},{\"@type\":\"ListItem\",\"position\":3,\"name\":\"Motores El\u00e9ctricos para Uso Industrial\",\"item\":\"https:\\\/\\\/www.sdpcommerce.com\\\/categoria-producto\\\/motores-electricos-uso-industrial\\\/\"},{\"@type\":\"ListItem\",\"position\":4,\"name\":\"Bomba Neum\u00e1tica YAMADA 851562 NDP-5FPT | Doble Diafragma 1\\\/4&#8243; \u2013 Alta eficiencia\"}]},{\"@type\":\"WebSite\",\"@id\":\"https:\\\/\\\/www.sdpcommerce.com\\\/#website\",\"url\":\"https:\\\/\\\/www.sdpcommerce.com\\\/\",\"name\":\"SDP COMMERCE\",\"description\":\" Contar con un proveedor que no solo te diga \u201cya no existe\u201d, sino que &lt;strong&gt;te proponga un reemplazo funcional&lt;\\\/strong&gt;, es una ventaja competitiva. Algunas acciones que realiza un proveedor proactivo\",\"publisher\":{\"@id\":\"https:\\\/\\\/www.sdpcommerce.com\\\/#organization\"},\"potentialAction\":[{\"@type\":\"SearchAction\",\"target\":{\"@type\":\"EntryPoint\",\"urlTemplate\":\"https:\\\/\\\/www.sdpcommerce.com\\\/?s={search_term_string}\"},\"query-input\":{\"@type\":\"PropertyValueSpecification\",\"valueRequired\":true,\"valueName\":\"search_term_string\"}}],\"inLanguage\":\"es\"},{\"@type\":\"Organization\",\"@id\":\"https:\\\/\\\/www.sdpcommerce.com\\\/#organization\",\"name\":\"SDP COMMERCE\",\"url\":\"https:\\\/\\\/www.sdpcommerce.com\\\/\",\"logo\":{\"@type\":\"ImageObject\",\"inLanguage\":\"es\",\"@id\":\"https:\\\/\\\/www.sdpcommerce.com\\\/#\\\/schema\\\/logo\\\/image\\\/\",\"url\":\"https:\\\/\\\/www.sdpcommerce.com\\\/wp-content\\\/uploads\\\/2025\\\/02\\\/Screenshot-2025-02-13-150556.png\",\"contentUrl\":\"https:\\\/\\\/www.sdpcommerce.com\\\/wp-content\\\/uploads\\\/2025\\\/02\\\/Screenshot-2025-02-13-150556.png\",\"width\":114,\"height\":108,\"caption\":\"SDP COMMERCE\"},\"image\":{\"@id\":\"https:\\\/\\\/www.sdpcommerce.com\\\/#\\\/schema\\\/logo\\\/image\\\/\"},\"sameAs\":[\"https:\\\/\\\/www.facebook.com\\\/profile.php?id=61565795007009#\"]}]}<\/script>\n<!-- \/ Yoast SEO plugin. -->","yoast_head_json":{"title":"Bomba Neum\u00e1tica YAMADA 851562 NDP-5FPT | Doble Diafragma 1\/4\" \u2013 Alta eficiencia","description":"Compra la bomba neum\u00e1tica YAMADA 851562 NDP-5FPT: doble diafragma 1\/4\", ideal para l\u00edquidos abrasivos y ambientes industriales exigentes. Alta confiabilidad y f\u00e1cil mantenimiento.","robots":{"index":"index","follow":"follow","max-snippet":"max-snippet:-1","max-image-preview":"max-image-preview:large","max-video-preview":"max-video-preview:-1"},"canonical":"https:\/\/www.sdpcommerce.com\/es_mx\/producto\/bomba-neumatica-yamada-851562-ndp-5fpt\/","og_locale":"es_MX","og_type":"article","og_title":"Bomba Neum\u00e1tica YAMADA 851562 NDP-5FPT | Doble Diafragma 1\/4\" \u2013 Alta eficiencia","og_description":"Compra la bomba neum\u00e1tica YAMADA 851562 NDP-5FPT: doble diafragma 1\/4\", ideal para l\u00edquidos abrasivos y ambientes industriales exigentes. Alta confiabilidad y f\u00e1cil mantenimiento.","og_url":"https:\/\/www.sdpcommerce.com\/es_mx\/producto\/bomba-neumatica-yamada-851562-ndp-5fpt\/","og_site_name":"&lt;strong&gt;Un buen proveedor no solo vende, asesora y soluciona&lt;\/strong&gt;","article_publisher":"https:\/\/www.facebook.com\/profile.php?id=61565795007009#","article_modified_time":"2026-02-20T00:33:03+00:00","og_image":[{"width":1079,"height":800,"url":"https:\/\/www.sdpcommerce.com\/wp-content\/uploads\/2024\/03\/Bomba-Neumatica-YAMADA-851562-NDP-5FPT-Doble-Diafragma-14-\u2013-Alta-eficiencia.png","type":"image\/png"}],"twitter_card":"summary_large_image","twitter_misc":{"Tiempo de lectura":"1 minuto"},"schema":{"@context":"https:\/\/schema.org","@graph":[{"@type":"WebPage","@id":"https:\/\/www.sdpcommerce.com\/producto\/bomba-neumatica-yamada-851562-ndp-5fpt\/","url":"https:\/\/www.sdpcommerce.com\/producto\/bomba-neumatica-yamada-851562-ndp-5fpt\/","name":"Bomba Neum\u00e1tica YAMADA 851562 NDP-5FPT | Doble Diafragma 1\/4\" \u2013 Alta eficiencia","isPartOf":{"@id":"https:\/\/www.sdpcommerce.com\/#website"},"primaryImageOfPage":{"@id":"https:\/\/www.sdpcommerce.com\/producto\/bomba-neumatica-yamada-851562-ndp-5fpt\/#primaryimage"},"image":{"@id":"https:\/\/www.sdpcommerce.com\/producto\/bomba-neumatica-yamada-851562-ndp-5fpt\/#primaryimage"},"thumbnailUrl":"https:\/\/www.sdpcommerce.com\/wp-content\/uploads\/2024\/03\/Bomba-Neumatica-YAMADA-851562-NDP-5FPT-Doble-Diafragma-14-\u2013-Alta-eficiencia.png","datePublished":"2024-03-23T20:43:33+00:00","dateModified":"2026-02-20T00:33:03+00:00","description":"Compra la bomba neum\u00e1tica YAMADA 851562 NDP-5FPT: doble diafragma 1\/4\", ideal para l\u00edquidos abrasivos y ambientes industriales exigentes. Alta confiabilidad y f\u00e1cil mantenimiento.","breadcrumb":{"@id":"https:\/\/www.sdpcommerce.com\/producto\/bomba-neumatica-yamada-851562-ndp-5fpt\/#breadcrumb"},"inLanguage":"es","potentialAction":[{"@type":"ReadAction","target":["https:\/\/www.sdpcommerce.com\/producto\/bomba-neumatica-yamada-851562-ndp-5fpt\/"]}]},{"@type":"ImageObject","inLanguage":"es","@id":"https:\/\/www.sdpcommerce.com\/producto\/bomba-neumatica-yamada-851562-ndp-5fpt\/#primaryimage","url":"https:\/\/www.sdpcommerce.com\/wp-content\/uploads\/2024\/03\/Bomba-Neumatica-YAMADA-851562-NDP-5FPT-Doble-Diafragma-14-\u2013-Alta-eficiencia.png","contentUrl":"https:\/\/www.sdpcommerce.com\/wp-content\/uploads\/2024\/03\/Bomba-Neumatica-YAMADA-851562-NDP-5FPT-Doble-Diafragma-14-\u2013-Alta-eficiencia.png","width":1079,"height":800,"caption":"Bomba Neum\u00e1tica YAMADA 851562 NDP-5FPT | Doble Diafragma 1\/4\" \u2013 Alta eficiencia"},{"@type":"BreadcrumbList","@id":"https:\/\/www.sdpcommerce.com\/producto\/bomba-neumatica-yamada-851562-ndp-5fpt\/#breadcrumb","itemListElement":[{"@type":"ListItem","position":1,"name":"Portada","item":"https:\/\/www.sdpcommerce.com\/"},{"@type":"ListItem","position":2,"name":"STORE","item":"https:\/\/www.sdpcommerce.com\/shop-replacement-parts\/"},{"@type":"ListItem","position":3,"name":"Motores El\u00e9ctricos para Uso Industrial","item":"https:\/\/www.sdpcommerce.com\/categoria-producto\/motores-electricos-uso-industrial\/"},{"@type":"ListItem","position":4,"name":"Bomba Neum\u00e1tica YAMADA 851562 NDP-5FPT | Doble Diafragma 1\/4&#8243; \u2013 Alta eficiencia"}]},{"@type":"WebSite","@id":"https:\/\/www.sdpcommerce.com\/#website","url":"https:\/\/www.sdpcommerce.com\/","name":"SDP COMMERCE","description":" Contar con un proveedor que no solo te diga \u201cya no existe\u201d, sino que &lt;strong&gt;te proponga un reemplazo funcional&lt;\/strong&gt;, es una ventaja competitiva. Algunas acciones que realiza un proveedor proactivo","publisher":{"@id":"https:\/\/www.sdpcommerce.com\/#organization"},"potentialAction":[{"@type":"SearchAction","target":{"@type":"EntryPoint","urlTemplate":"https:\/\/www.sdpcommerce.com\/?s={search_term_string}"},"query-input":{"@type":"PropertyValueSpecification","valueRequired":true,"valueName":"search_term_string"}}],"inLanguage":"es"},{"@type":"Organization","@id":"https:\/\/www.sdpcommerce.com\/#organization","name":"SDP COMMERCE","url":"https:\/\/www.sdpcommerce.com\/","logo":{"@type":"ImageObject","inLanguage":"es","@id":"https:\/\/www.sdpcommerce.com\/#\/schema\/logo\/image\/","url":"https:\/\/www.sdpcommerce.com\/wp-content\/uploads\/2025\/02\/Screenshot-2025-02-13-150556.png","contentUrl":"https:\/\/www.sdpcommerce.com\/wp-content\/uploads\/2025\/02\/Screenshot-2025-02-13-150556.png","width":114,"height":108,"caption":"SDP COMMERCE"},"image":{"@id":"https:\/\/www.sdpcommerce.com\/#\/schema\/logo\/image\/"},"sameAs":["https:\/\/www.facebook.com\/profile.php?id=61565795007009#"]}]}},"uagb_featured_image_src":{"full":["https:\/\/www.sdpcommerce.com\/wp-content\/uploads\/2024\/03\/Bomba-Neumatica-YAMADA-851562-NDP-5FPT-Doble-Diafragma-14-\u2013-Alta-eficiencia.png",1079,800,false],"thumbnail":["https:\/\/www.sdpcommerce.com\/wp-content\/uploads\/2024\/03\/Bomba-Neumatica-YAMADA-851562-NDP-5FPT-Doble-Diafragma-14-\u2013-Alta-eficiencia-150x150.png",150,150,true],"medium":["https:\/\/www.sdpcommerce.com\/wp-content\/uploads\/2024\/03\/Bomba-Neumatica-YAMADA-851562-NDP-5FPT-Doble-Diafragma-14-\u2013-Alta-eficiencia-300x222.png",300,222,true],"medium_large":["https:\/\/www.sdpcommerce.com\/wp-content\/uploads\/2024\/03\/Bomba-Neumatica-YAMADA-851562-NDP-5FPT-Doble-Diafragma-14-\u2013-Alta-eficiencia-768x569.png",768,569,true],"large":["https:\/\/www.sdpcommerce.com\/wp-content\/uploads\/2024\/03\/Bomba-Neumatica-YAMADA-851562-NDP-5FPT-Doble-Diafragma-14-\u2013-Alta-eficiencia-1024x759.png",1024,759,true],"1536x1536":["https:\/\/www.sdpcommerce.com\/wp-content\/uploads\/2024\/03\/Bomba-Neumatica-YAMADA-851562-NDP-5FPT-Doble-Diafragma-14-\u2013-Alta-eficiencia.png",1079,800,false],"2048x2048":["https:\/\/www.sdpcommerce.com\/wp-content\/uploads\/2024\/03\/Bomba-Neumatica-YAMADA-851562-NDP-5FPT-Doble-Diafragma-14-\u2013-Alta-eficiencia.png",1079,800,false],"trp-custom-language-flag":["https:\/\/www.sdpcommerce.com\/wp-content\/uploads\/2024\/03\/Bomba-Neumatica-YAMADA-851562-NDP-5FPT-Doble-Diafragma-14-\u2013-Alta-eficiencia-16x12.png",16,12,true],"woocommerce_thumbnail":["https:\/\/www.sdpcommerce.com\/wp-content\/uploads\/2024\/03\/Bomba-Neumatica-YAMADA-851562-NDP-5FPT-Doble-Diafragma-14-\u2013-Alta-eficiencia-300x300.png",300,300,true],"woocommerce_single":["https:\/\/www.sdpcommerce.com\/wp-content\/uploads\/2024\/03\/Bomba-Neumatica-YAMADA-851562-NDP-5FPT-Doble-Diafragma-14-\u2013-Alta-eficiencia-600x445.png",600,445,true],"woocommerce_gallery_thumbnail":["https:\/\/www.sdpcommerce.com\/wp-content\/uploads\/2024\/03\/Bomba-Neumatica-YAMADA-851562-NDP-5FPT-Doble-Diafragma-14-\u2013-Alta-eficiencia-100x100.png",100,100,true]},"uagb_author_info":{"display_name":"admin","author_link":"https:\/\/www.sdpcommerce.com\/es_mx\/author\/"},"uagb_comment_info":1,"uagb_excerpt":"Bomba neum\u00e1tica YAMADA 851562 NDP-5FPT, doble diafragma, conexiones 1\/4\", alta eficiencia y resistencia qu\u00edmica para aplicaciones industriales.","_links":{"self":[{"href":"https:\/\/www.sdpcommerce.com\/es_mx\/wp-json\/wp\/v2\/product\/1516","targetHints":{"allow":["GET"]}}],"collection":[{"href":"https:\/\/www.sdpcommerce.com\/es_mx\/wp-json\/wp\/v2\/product"}],"about":[{"href":"https:\/\/www.sdpcommerce.com\/es_mx\/wp-json\/wp\/v2\/types\/product"}],"replies":[{"embeddable":true,"href":"https:\/\/www.sdpcommerce.com\/es_mx\/wp-json\/wp\/v2\/comments?post=1516"}],"wp:featuredmedia":[{"embeddable":true,"href":"https:\/\/www.sdpcommerce.com\/es_mx\/wp-json\/wp\/v2\/media\/2587"}],"wp:attachment":[{"href":"https:\/\/www.sdpcommerce.com\/es_mx\/wp-json\/wp\/v2\/media?parent=1516"}],"wp:term":[{"taxonomy":"product_brand","embeddable":true,"href":"https:\/\/www.sdpcommerce.com\/es_mx\/wp-json\/wp\/v2\/product_brand?post=1516"},{"taxonomy":"product_cat","embeddable":true,"href":"https:\/\/www.sdpcommerce.com\/es_mx\/wp-json\/wp\/v2\/product_cat?post=1516"},{"taxonomy":"product_tag","embeddable":true,"href":"https:\/\/www.sdpcommerce.com\/es_mx\/wp-json\/wp\/v2\/product_tag?post=1516"}],"curies":[{"name":"wp","href":"https:\/\/api.w.org\/{rel}","templated":true}]}}