{"id":1492,"date":"2024-03-23T21:12:43","date_gmt":"2024-03-23T20:12:43","guid":{"rendered":"https:\/\/www.sdpcommerce.com\/?post_type=product&#038;p=1492"},"modified":"2026-03-03T00:16:19","modified_gmt":"2026-03-02T23:16:19","slug":"siemens-6ep1333-2ba20-fuente-de-poder-industrial","status":"publish","type":"product","link":"https:\/\/www.sdpcommerce.com\/es_mx\/producto\/siemens-6ep1333-2ba20-fuente-de-poder-industrial\/","title":{"rendered":"Siemens 6EP1333-2BA20 Fuente de Poder Industrial"},"content":{"rendered":"<p data-start=\"319\" data-end=\"666\">La fuente de poder Siemens 6EP1333-2BA20 es un componente esencial para sistemas industriales que requieren alimentaci\u00f3n el\u00e9ctrica confiable y estable. Dise\u00f1ada para aplicaciones industriales exigentes, esta fuente ofrece alta eficiencia y durabilidad, asegurando un suministro constante de energ\u00eda para controladores, automatizaci\u00f3n y maquinaria.<\/p>\n<p data-start=\"668\" data-end=\"823\">Compatible con una amplia variedad de equipos Siemens, esta fuente es ideal para optimizar el rendimiento y la seguridad de tus instalaciones industriales.<\/p>\n","protected":false},"excerpt":{"rendered":"<p>Fuente de poder industrial Siemens 6EP1333-2BA20, confiable y eficiente para sistemas de automatizaci\u00f3n y control.<\/p>\n","protected":false},"featured_media":1493,"comment_status":"open","ping_status":"closed","template":"","meta":{"om_disable_all_campaigns":false,"_uag_custom_page_level_css":"","_monsterinsights_skip_tracking":false,"_monsterinsights_sitenote_active":false,"_monsterinsights_sitenote_note":"","_monsterinsights_sitenote_category":0,"site-sidebar-layout":"default","site-content-layout":"","ast-site-content-layout":"default","site-content-style":"default","site-sidebar-style":"default","ast-global-header-display":"","ast-banner-title-visibility":"","ast-main-header-display":"","ast-hfb-above-header-display":"","ast-hfb-below-header-display":"","ast-hfb-mobile-header-display":"","site-post-title":"","ast-breadcrumbs-content":"","ast-featured-img":"","footer-sml-layout":"","theme-transparent-header-meta":"default","adv-header-id-meta":"","stick-header-meta":"","header-above-stick-meta":"","header-main-stick-meta":"","header-below-stick-meta":"","astra-migrate-meta-layouts":"set","ast-page-background-enabled":"default","ast-page-background-meta":{"desktop":{"background-color":"var(--ast-global-color-4)","background-image":"","background-repeat":"repeat","background-position":"center center","background-size":"auto","background-attachment":"scroll","background-type":"","background-media":"","overlay-type":"","overlay-color":"","overlay-gradient":""},"tablet":{"background-color":"","background-image":"","background-repeat":"repeat","background-position":"center center","background-size":"auto","background-attachment":"scroll","background-type":"","background-media":"","overlay-type":"","overlay-color":"","overlay-gradient":""},"mobile":{"background-color":"","background-image":"","background-repeat":"repeat","background-position":"center center","background-size":"auto","background-attachment":"scroll","background-type":"","background-media":"","overlay-type":"","overlay-color":"","overlay-gradient":""}},"ast-content-background-meta":{"desktop":{"background-color":"var(--ast-global-color-5)","background-image":"","background-repeat":"repeat","background-position":"center center","background-size":"auto","background-attachment":"scroll","background-type":"","background-media":"","overlay-type":"","overlay-color":"","overlay-gradient":""},"tablet":{"background-color":"var(--ast-global-color-5)","background-image":"","background-repeat":"repeat","background-position":"center center","background-size":"auto","background-attachment":"scroll","background-type":"","background-media":"","overlay-type":"","overlay-color":"","overlay-gradient":""},"mobile":{"background-color":"var(--ast-global-color-5)","background-image":"","background-repeat":"repeat","background-position":"center center","background-size":"auto","background-attachment":"scroll","background-type":"","background-media":"","overlay-type":"","overlay-color":"","overlay-gradient":""}}},"product_brand":[],"product_cat":[30],"product_tag":[173,283,281,282,280],"class_list":{"0":"post-1492","1":"product","2":"type-product","3":"status-publish","4":"has-post-thumbnail","6":"product_cat-refacciones-industriales","7":"product_tag-automatizacion-industrial","8":"product_tag-componentes-siemens","9":"product_tag-fuente-de-poder","10":"product_tag-fuente-industrial","11":"product_tag-siemens","12":"desktop-align-left","13":"tablet-align-left","14":"mobile-align-left","16":"first","17":"instock","18":"shipping-taxable","19":"purchasable","20":"product-type-simple"},"yoast_head":"<!-- This site is optimized with the Yoast SEO plugin v27.4 - https:\/\/yoast.com\/product\/yoast-seo-wordpress\/ -->\n<title>Siemens 6EP1333-2BA20 | Fuente de Poder Industrial para Automatizaci\u00f3n<\/title>\n<meta name=\"description\" content=\"Compra la fuente de poder Siemens 6EP1333-2BA20 para aplicaciones industriales. Alta eficiencia y confiabilidad. Env\u00edo a todo M\u00e9xico.\" \/>\n<meta name=\"robots\" content=\"index, follow, max-snippet:-1, max-image-preview:large, max-video-preview:-1\" \/>\n<link rel=\"canonical\" href=\"https:\/\/www.sdpcommerce.com\/es_mx\/producto\/siemens-6ep1333-2ba20-fuente-de-poder-industrial\/\" \/>\n<meta property=\"og:locale\" content=\"es_MX\" \/>\n<meta property=\"og:type\" content=\"article\" \/>\n<meta property=\"og:title\" content=\"Siemens 6EP1333-2BA20 | Fuente de Poder Industrial para Automatizaci\u00f3n\" \/>\n<meta property=\"og:description\" content=\"Compra la fuente de poder Siemens 6EP1333-2BA20 para aplicaciones industriales. Alta eficiencia y confiabilidad. Env\u00edo a todo M\u00e9xico.\" \/>\n<meta property=\"og:url\" content=\"https:\/\/www.sdpcommerce.com\/es_mx\/producto\/siemens-6ep1333-2ba20-fuente-de-poder-industrial\/\" \/>\n<meta property=\"og:site_name\" content=\"&lt;strong&gt;Un buen proveedor no solo vende, asesora y soluciona&lt;\/strong&gt;\" \/>\n<meta property=\"article:publisher\" content=\"https:\/\/www.facebook.com\/profile.php?id=61565795007009#\" \/>\n<meta property=\"article:modified_time\" content=\"2026-03-02T23:16:19+00:00\" \/>\n<meta property=\"og:image\" content=\"https:\/\/www.sdpcommerce.com\/wp-content\/uploads\/2024\/03\/Screenshot-2024-03-23-141202.png\" \/>\n\t<meta property=\"og:image:width\" content=\"430\" \/>\n\t<meta property=\"og:image:height\" content=\"250\" \/>\n\t<meta property=\"og:image:type\" content=\"image\/png\" \/>\n<meta name=\"twitter:card\" content=\"summary_large_image\" \/>\n<meta name=\"twitter:label1\" content=\"Tiempo de lectura\" \/>\n\t<meta name=\"twitter:data1\" content=\"1 minuto\" \/>\n<script type=\"application\/ld+json\" class=\"yoast-schema-graph\">{\"@context\":\"https:\\\/\\\/schema.org\",\"@graph\":[{\"@type\":\"WebPage\",\"@id\":\"https:\\\/\\\/www.sdpcommerce.com\\\/producto\\\/siemens-6ep1333-2ba20-fuente-de-poder-industrial\\\/\",\"url\":\"https:\\\/\\\/www.sdpcommerce.com\\\/producto\\\/siemens-6ep1333-2ba20-fuente-de-poder-industrial\\\/\",\"name\":\"Siemens 6EP1333-2BA20 | Fuente de Poder Industrial para Automatizaci\u00f3n\",\"isPartOf\":{\"@id\":\"https:\\\/\\\/www.sdpcommerce.com\\\/#website\"},\"primaryImageOfPage\":{\"@id\":\"https:\\\/\\\/www.sdpcommerce.com\\\/producto\\\/siemens-6ep1333-2ba20-fuente-de-poder-industrial\\\/#primaryimage\"},\"image\":{\"@id\":\"https:\\\/\\\/www.sdpcommerce.com\\\/producto\\\/siemens-6ep1333-2ba20-fuente-de-poder-industrial\\\/#primaryimage\"},\"thumbnailUrl\":\"https:\\\/\\\/www.sdpcommerce.com\\\/wp-content\\\/uploads\\\/2024\\\/03\\\/Screenshot-2024-03-23-141202.png\",\"datePublished\":\"2024-03-23T20:12:43+00:00\",\"dateModified\":\"2026-03-02T23:16:19+00:00\",\"description\":\"Compra la fuente de poder Siemens 6EP1333-2BA20 para aplicaciones industriales. Alta eficiencia y confiabilidad. Env\u00edo a todo M\u00e9xico.\",\"breadcrumb\":{\"@id\":\"https:\\\/\\\/www.sdpcommerce.com\\\/producto\\\/siemens-6ep1333-2ba20-fuente-de-poder-industrial\\\/#breadcrumb\"},\"inLanguage\":\"es\",\"potentialAction\":[{\"@type\":\"ReadAction\",\"target\":[\"https:\\\/\\\/www.sdpcommerce.com\\\/producto\\\/siemens-6ep1333-2ba20-fuente-de-poder-industrial\\\/\"]}]},{\"@type\":\"ImageObject\",\"inLanguage\":\"es\",\"@id\":\"https:\\\/\\\/www.sdpcommerce.com\\\/producto\\\/siemens-6ep1333-2ba20-fuente-de-poder-industrial\\\/#primaryimage\",\"url\":\"https:\\\/\\\/www.sdpcommerce.com\\\/wp-content\\\/uploads\\\/2024\\\/03\\\/Screenshot-2024-03-23-141202.png\",\"contentUrl\":\"https:\\\/\\\/www.sdpcommerce.com\\\/wp-content\\\/uploads\\\/2024\\\/03\\\/Screenshot-2024-03-23-141202.png\",\"width\":430,\"height\":250},{\"@type\":\"BreadcrumbList\",\"@id\":\"https:\\\/\\\/www.sdpcommerce.com\\\/producto\\\/siemens-6ep1333-2ba20-fuente-de-poder-industrial\\\/#breadcrumb\",\"itemListElement\":[{\"@type\":\"ListItem\",\"position\":1,\"name\":\"Portada\",\"item\":\"https:\\\/\\\/www.sdpcommerce.com\\\/\"},{\"@type\":\"ListItem\",\"position\":2,\"name\":\"STORE\",\"item\":\"https:\\\/\\\/www.sdpcommerce.com\\\/shop-replacement-parts\\\/\"},{\"@type\":\"ListItem\",\"position\":3,\"name\":\"Refacciones Industriales | Repuestos para Maquinaria y Equipos\",\"item\":\"https:\\\/\\\/www.sdpcommerce.com\\\/categoria-producto\\\/refacciones-industriales\\\/\"},{\"@type\":\"ListItem\",\"position\":4,\"name\":\"Siemens 6EP1333-2BA20 Fuente de Poder Industrial\"}]},{\"@type\":\"WebSite\",\"@id\":\"https:\\\/\\\/www.sdpcommerce.com\\\/#website\",\"url\":\"https:\\\/\\\/www.sdpcommerce.com\\\/\",\"name\":\"SDP COMMERCE\",\"description\":\" Contar con un proveedor que no solo te diga \u201cya no existe\u201d, sino que &lt;strong&gt;te proponga un reemplazo funcional&lt;\\\/strong&gt;, es una ventaja competitiva. Algunas acciones que realiza un proveedor proactivo\",\"publisher\":{\"@id\":\"https:\\\/\\\/www.sdpcommerce.com\\\/#organization\"},\"potentialAction\":[{\"@type\":\"SearchAction\",\"target\":{\"@type\":\"EntryPoint\",\"urlTemplate\":\"https:\\\/\\\/www.sdpcommerce.com\\\/?s={search_term_string}\"},\"query-input\":{\"@type\":\"PropertyValueSpecification\",\"valueRequired\":true,\"valueName\":\"search_term_string\"}}],\"inLanguage\":\"es\"},{\"@type\":\"Organization\",\"@id\":\"https:\\\/\\\/www.sdpcommerce.com\\\/#organization\",\"name\":\"SDP COMMERCE\",\"url\":\"https:\\\/\\\/www.sdpcommerce.com\\\/\",\"logo\":{\"@type\":\"ImageObject\",\"inLanguage\":\"es\",\"@id\":\"https:\\\/\\\/www.sdpcommerce.com\\\/#\\\/schema\\\/logo\\\/image\\\/\",\"url\":\"https:\\\/\\\/www.sdpcommerce.com\\\/wp-content\\\/uploads\\\/2025\\\/02\\\/Screenshot-2025-02-13-150556.png\",\"contentUrl\":\"https:\\\/\\\/www.sdpcommerce.com\\\/wp-content\\\/uploads\\\/2025\\\/02\\\/Screenshot-2025-02-13-150556.png\",\"width\":114,\"height\":108,\"caption\":\"SDP COMMERCE\"},\"image\":{\"@id\":\"https:\\\/\\\/www.sdpcommerce.com\\\/#\\\/schema\\\/logo\\\/image\\\/\"},\"sameAs\":[\"https:\\\/\\\/www.facebook.com\\\/profile.php?id=61565795007009#\"]}]}<\/script>\n<!-- \/ Yoast SEO plugin. -->","yoast_head_json":{"title":"Siemens 6EP1333-2BA20 | Fuente de Poder Industrial para Automatizaci\u00f3n","description":"Compra la fuente de poder Siemens 6EP1333-2BA20 para aplicaciones industriales. Alta eficiencia y confiabilidad. Env\u00edo a todo M\u00e9xico.","robots":{"index":"index","follow":"follow","max-snippet":"max-snippet:-1","max-image-preview":"max-image-preview:large","max-video-preview":"max-video-preview:-1"},"canonical":"https:\/\/www.sdpcommerce.com\/es_mx\/producto\/siemens-6ep1333-2ba20-fuente-de-poder-industrial\/","og_locale":"es_MX","og_type":"article","og_title":"Siemens 6EP1333-2BA20 | Fuente de Poder Industrial para Automatizaci\u00f3n","og_description":"Compra la fuente de poder Siemens 6EP1333-2BA20 para aplicaciones industriales. Alta eficiencia y confiabilidad. Env\u00edo a todo M\u00e9xico.","og_url":"https:\/\/www.sdpcommerce.com\/es_mx\/producto\/siemens-6ep1333-2ba20-fuente-de-poder-industrial\/","og_site_name":"&lt;strong&gt;Un buen proveedor no solo vende, asesora y soluciona&lt;\/strong&gt;","article_publisher":"https:\/\/www.facebook.com\/profile.php?id=61565795007009#","article_modified_time":"2026-03-02T23:16:19+00:00","og_image":[{"width":430,"height":250,"url":"https:\/\/www.sdpcommerce.com\/wp-content\/uploads\/2024\/03\/Screenshot-2024-03-23-141202.png","type":"image\/png"}],"twitter_card":"summary_large_image","twitter_misc":{"Tiempo de lectura":"1 minuto"},"schema":{"@context":"https:\/\/schema.org","@graph":[{"@type":"WebPage","@id":"https:\/\/www.sdpcommerce.com\/producto\/siemens-6ep1333-2ba20-fuente-de-poder-industrial\/","url":"https:\/\/www.sdpcommerce.com\/producto\/siemens-6ep1333-2ba20-fuente-de-poder-industrial\/","name":"Siemens 6EP1333-2BA20 | Fuente de Poder Industrial para Automatizaci\u00f3n","isPartOf":{"@id":"https:\/\/www.sdpcommerce.com\/#website"},"primaryImageOfPage":{"@id":"https:\/\/www.sdpcommerce.com\/producto\/siemens-6ep1333-2ba20-fuente-de-poder-industrial\/#primaryimage"},"image":{"@id":"https:\/\/www.sdpcommerce.com\/producto\/siemens-6ep1333-2ba20-fuente-de-poder-industrial\/#primaryimage"},"thumbnailUrl":"https:\/\/www.sdpcommerce.com\/wp-content\/uploads\/2024\/03\/Screenshot-2024-03-23-141202.png","datePublished":"2024-03-23T20:12:43+00:00","dateModified":"2026-03-02T23:16:19+00:00","description":"Compra la fuente de poder Siemens 6EP1333-2BA20 para aplicaciones industriales. Alta eficiencia y confiabilidad. Env\u00edo a todo M\u00e9xico.","breadcrumb":{"@id":"https:\/\/www.sdpcommerce.com\/producto\/siemens-6ep1333-2ba20-fuente-de-poder-industrial\/#breadcrumb"},"inLanguage":"es","potentialAction":[{"@type":"ReadAction","target":["https:\/\/www.sdpcommerce.com\/producto\/siemens-6ep1333-2ba20-fuente-de-poder-industrial\/"]}]},{"@type":"ImageObject","inLanguage":"es","@id":"https:\/\/www.sdpcommerce.com\/producto\/siemens-6ep1333-2ba20-fuente-de-poder-industrial\/#primaryimage","url":"https:\/\/www.sdpcommerce.com\/wp-content\/uploads\/2024\/03\/Screenshot-2024-03-23-141202.png","contentUrl":"https:\/\/www.sdpcommerce.com\/wp-content\/uploads\/2024\/03\/Screenshot-2024-03-23-141202.png","width":430,"height":250},{"@type":"BreadcrumbList","@id":"https:\/\/www.sdpcommerce.com\/producto\/siemens-6ep1333-2ba20-fuente-de-poder-industrial\/#breadcrumb","itemListElement":[{"@type":"ListItem","position":1,"name":"Portada","item":"https:\/\/www.sdpcommerce.com\/"},{"@type":"ListItem","position":2,"name":"STORE","item":"https:\/\/www.sdpcommerce.com\/shop-replacement-parts\/"},{"@type":"ListItem","position":3,"name":"Refacciones Industriales | Repuestos para Maquinaria y Equipos","item":"https:\/\/www.sdpcommerce.com\/categoria-producto\/refacciones-industriales\/"},{"@type":"ListItem","position":4,"name":"Siemens 6EP1333-2BA20 Fuente de Poder Industrial"}]},{"@type":"WebSite","@id":"https:\/\/www.sdpcommerce.com\/#website","url":"https:\/\/www.sdpcommerce.com\/","name":"SDP COMMERCE","description":" Contar con un proveedor que no solo te diga \u201cya no existe\u201d, sino que &lt;strong&gt;te proponga un reemplazo funcional&lt;\/strong&gt;, es una ventaja competitiva. Algunas acciones que realiza un proveedor proactivo","publisher":{"@id":"https:\/\/www.sdpcommerce.com\/#organization"},"potentialAction":[{"@type":"SearchAction","target":{"@type":"EntryPoint","urlTemplate":"https:\/\/www.sdpcommerce.com\/?s={search_term_string}"},"query-input":{"@type":"PropertyValueSpecification","valueRequired":true,"valueName":"search_term_string"}}],"inLanguage":"es"},{"@type":"Organization","@id":"https:\/\/www.sdpcommerce.com\/#organization","name":"SDP COMMERCE","url":"https:\/\/www.sdpcommerce.com\/","logo":{"@type":"ImageObject","inLanguage":"es","@id":"https:\/\/www.sdpcommerce.com\/#\/schema\/logo\/image\/","url":"https:\/\/www.sdpcommerce.com\/wp-content\/uploads\/2025\/02\/Screenshot-2025-02-13-150556.png","contentUrl":"https:\/\/www.sdpcommerce.com\/wp-content\/uploads\/2025\/02\/Screenshot-2025-02-13-150556.png","width":114,"height":108,"caption":"SDP COMMERCE"},"image":{"@id":"https:\/\/www.sdpcommerce.com\/#\/schema\/logo\/image\/"},"sameAs":["https:\/\/www.facebook.com\/profile.php?id=61565795007009#"]}]}},"uagb_featured_image_src":{"full":["https:\/\/www.sdpcommerce.com\/wp-content\/uploads\/2024\/03\/Screenshot-2024-03-23-141202.png",430,250,false],"thumbnail":["https:\/\/www.sdpcommerce.com\/wp-content\/uploads\/2024\/03\/Screenshot-2024-03-23-141202-150x150.png",150,150,true],"medium":["https:\/\/www.sdpcommerce.com\/wp-content\/uploads\/2024\/03\/Screenshot-2024-03-23-141202-300x174.png",300,174,true],"medium_large":["https:\/\/www.sdpcommerce.com\/wp-content\/uploads\/2024\/03\/Screenshot-2024-03-23-141202.png",430,250,false],"large":["https:\/\/www.sdpcommerce.com\/wp-content\/uploads\/2024\/03\/Screenshot-2024-03-23-141202.png",430,250,false],"1536x1536":["https:\/\/www.sdpcommerce.com\/wp-content\/uploads\/2024\/03\/Screenshot-2024-03-23-141202.png",430,250,false],"2048x2048":["https:\/\/www.sdpcommerce.com\/wp-content\/uploads\/2024\/03\/Screenshot-2024-03-23-141202.png",430,250,false],"trp-custom-language-flag":["https:\/\/www.sdpcommerce.com\/wp-content\/uploads\/2024\/03\/Screenshot-2024-03-23-141202.png",18,10,false],"woocommerce_thumbnail":["https:\/\/www.sdpcommerce.com\/wp-content\/uploads\/2024\/03\/Screenshot-2024-03-23-141202-300x250.png",300,250,true],"woocommerce_single":["https:\/\/www.sdpcommerce.com\/wp-content\/uploads\/2024\/03\/Screenshot-2024-03-23-141202.png",430,250,false],"woocommerce_gallery_thumbnail":["https:\/\/www.sdpcommerce.com\/wp-content\/uploads\/2024\/03\/Screenshot-2024-03-23-141202-100x100.png",100,100,true]},"uagb_author_info":{"display_name":"admin","author_link":"https:\/\/www.sdpcommerce.com\/es_mx\/author\/"},"uagb_comment_info":1,"uagb_excerpt":"Fuente de poder industrial Siemens 6EP1333-2BA20, confiable y eficiente para sistemas de automatizaci\u00f3n y control.","_links":{"self":[{"href":"https:\/\/www.sdpcommerce.com\/es_mx\/wp-json\/wp\/v2\/product\/1492","targetHints":{"allow":["GET"]}}],"collection":[{"href":"https:\/\/www.sdpcommerce.com\/es_mx\/wp-json\/wp\/v2\/product"}],"about":[{"href":"https:\/\/www.sdpcommerce.com\/es_mx\/wp-json\/wp\/v2\/types\/product"}],"replies":[{"embeddable":true,"href":"https:\/\/www.sdpcommerce.com\/es_mx\/wp-json\/wp\/v2\/comments?post=1492"}],"wp:featuredmedia":[{"embeddable":true,"href":"https:\/\/www.sdpcommerce.com\/es_mx\/wp-json\/wp\/v2\/media\/1493"}],"wp:attachment":[{"href":"https:\/\/www.sdpcommerce.com\/es_mx\/wp-json\/wp\/v2\/media?parent=1492"}],"wp:term":[{"taxonomy":"product_brand","embeddable":true,"href":"https:\/\/www.sdpcommerce.com\/es_mx\/wp-json\/wp\/v2\/product_brand?post=1492"},{"taxonomy":"product_cat","embeddable":true,"href":"https:\/\/www.sdpcommerce.com\/es_mx\/wp-json\/wp\/v2\/product_cat?post=1492"},{"taxonomy":"product_tag","embeddable":true,"href":"https:\/\/www.sdpcommerce.com\/es_mx\/wp-json\/wp\/v2\/product_tag?post=1492"}],"curies":[{"name":"wp","href":"https:\/\/api.w.org\/{rel}","templated":true}]}}