{"id":3003,"date":"2026-03-03T12:47:26","date_gmt":"2026-03-03T11:47:26","guid":{"rendered":"https:\/\/www.sdpcommerce.com\/?post_type=product&#038;p=3003"},"modified":"2026-03-03T12:47:26","modified_gmt":"2026-03-03T11:47:26","slug":"bobina-rexroth-r901370939","status":"publish","type":"product","link":"https:\/\/www.sdpcommerce.com\/en\/product\/bobina-rexroth-r901370939\/","title":{"rendered":"Bobina de V\u00e1lvula Solenoide para Rexroth R901370939 4WE6 DC24V 1.25A"},"content":{"rendered":"<p data-start=\"291\" data-end=\"618\">La <strong data-start=\"294\" data-end=\"366\">bobina de v\u00e1lvula solenoide para Rexroth R901370939 4WE6 DC24V 1.25A<\/strong> es un componente el\u00e9ctrico dise\u00f1ado para accionar v\u00e1lvulas direccionales hidr\u00e1ulicas de la serie 4WE6. Su funci\u00f3n principal es convertir la se\u00f1al el\u00e9ctrica en movimiento mec\u00e1nico, permitiendo el control preciso del flujo hidr\u00e1ulico dentro del sistema.<\/p>\n<p data-start=\"620\" data-end=\"997\">Fabricada para ser compatible con v\u00e1lvulas de la marca <strong data-start=\"675\" data-end=\"716\"><span class=\"hover:entity-accent entity-underline inline cursor-pointer align-baseline\"><span class=\"whitespace-normal\">Bosch Rexroth<\/span><\/span><\/strong>, esta bobina ofrece una operaci\u00f3n confiable, respuesta r\u00e1pida y alta eficiencia energ\u00e9tica. Trabaja con alimentaci\u00f3n de 24 VDC y una corriente nominal de 1.25 A, lo que la hace adecuada para aplicaciones industriales que requieren estabilidad y seguridad en el control hidr\u00e1ulico.<\/p>\n<p data-start=\"999\" data-end=\"1279\">La <strong data-start=\"1002\" data-end=\"1031\">bobina Rexroth R901370939<\/strong> es ideal para mantenimiento preventivo y correctivo en maquinaria industrial, prensas, equipos automatizados y sistemas hidr\u00e1ulicos, ayudando a restablecer el funcionamiento correcto de las v\u00e1lvulas solenoides y prolongar la vida \u00fatil del sistema.<\/p>","protected":false},"excerpt":{"rendered":"<p>Bobina solenoide Rexroth R901370939 para v\u00e1lvulas 4WE6, 24 VDC y 1.25 A. Control el\u00e9ctrico confiable para sistemas hidr\u00e1ulicos.<\/p>","protected":false},"featured_media":3004,"comment_status":"open","ping_status":"closed","template":"","meta":{"om_disable_all_campaigns":false,"_uag_custom_page_level_css":"","_monsterinsights_skip_tracking":false,"_monsterinsights_sitenote_active":false,"_monsterinsights_sitenote_note":"","_monsterinsights_sitenote_category":0,"site-sidebar-layout":"default","site-content-layout":"","ast-site-content-layout":"default","site-content-style":"default","site-sidebar-style":"default","ast-global-header-display":"","ast-banner-title-visibility":"","ast-main-header-display":"","ast-hfb-above-header-display":"","ast-hfb-below-header-display":"","ast-hfb-mobile-header-display":"","site-post-title":"","ast-breadcrumbs-content":"","ast-featured-img":"","footer-sml-layout":"","theme-transparent-header-meta":"default","adv-header-id-meta":"","stick-header-meta":"","header-above-stick-meta":"","header-main-stick-meta":"","header-below-stick-meta":"","astra-migrate-meta-layouts":"set","ast-page-background-enabled":"default","ast-page-background-meta":{"desktop":{"background-color":"var(--ast-global-color-4)","background-image":"","background-repeat":"repeat","background-position":"center center","background-size":"auto","background-attachment":"scroll","background-type":"","background-media":"","overlay-type":"","overlay-color":"","overlay-gradient":""},"tablet":{"background-color":"","background-image":"","background-repeat":"repeat","background-position":"center center","background-size":"auto","background-attachment":"scroll","background-type":"","background-media":"","overlay-type":"","overlay-color":"","overlay-gradient":""},"mobile":{"background-color":"","background-image":"","background-repeat":"repeat","background-position":"center center","background-size":"auto","background-attachment":"scroll","background-type":"","background-media":"","overlay-type":"","overlay-color":"","overlay-gradient":""}},"ast-content-background-meta":{"desktop":{"background-color":"var(--ast-global-color-5)","background-image":"","background-repeat":"repeat","background-position":"center center","background-size":"auto","background-attachment":"scroll","background-type":"","background-media":"","overlay-type":"","overlay-color":"","overlay-gradient":""},"tablet":{"background-color":"var(--ast-global-color-5)","background-image":"","background-repeat":"repeat","background-position":"center center","background-size":"auto","background-attachment":"scroll","background-type":"","background-media":"","overlay-type":"","overlay-color":"","overlay-gradient":""},"mobile":{"background-color":"var(--ast-global-color-5)","background-image":"","background-repeat":"repeat","background-position":"center center","background-size":"auto","background-attachment":"scroll","background-type":"","background-media":"","overlay-type":"","overlay-color":"","overlay-gradient":""}}},"product_brand":[656],"product_cat":[30],"product_tag":[173,772,264,771],"class_list":{"0":"post-3003","1":"product","2":"type-product","3":"status-publish","4":"has-post-thumbnail","6":"product_brand-marca-rexroth","7":"product_cat-refacciones-industriales","8":"product_tag-automatizacion-industrial","9":"product_tag-bobina-solenoide-hidraulica","10":"product_tag-control-hidraulico","11":"product_tag-rexroth-r901370939","12":"desktop-align-left","13":"tablet-align-left","14":"mobile-align-left","16":"first","17":"instock","18":"shipping-taxable","19":"purchasable","20":"product-type-simple"},"yoast_head":"<!-- This site is optimized with the Yoast SEO plugin v27.4 - https:\/\/yoast.com\/product\/yoast-seo-wordpress\/ -->\n<title>Bobina Solenoide Rexroth R901370939 | 4WE6 DC24V 1.25A<\/title>\n<meta name=\"description\" content=\"Compra la bobina solenoide Rexroth R901370939 para v\u00e1lvulas 4WE6, 24 VDC y 1.25 A. Control confiable para sistemas hidr\u00e1ulicos industriales.\" \/>\n<meta name=\"robots\" content=\"index, follow, max-snippet:-1, max-image-preview:large, max-video-preview:-1\" \/>\n<link rel=\"canonical\" href=\"https:\/\/www.sdpcommerce.com\/en\/product\/bobina-rexroth-r901370939\/\" \/>\n<meta property=\"og:locale\" content=\"en_US\" \/>\n<meta property=\"og:type\" content=\"article\" \/>\n<meta property=\"og:title\" content=\"Bobina Solenoide Rexroth R901370939 | 4WE6 DC24V 1.25A\" \/>\n<meta property=\"og:description\" content=\"Compra la bobina solenoide Rexroth R901370939 para v\u00e1lvulas 4WE6, 24 VDC y 1.25 A. Control confiable para sistemas hidr\u00e1ulicos industriales.\" \/>\n<meta property=\"og:url\" content=\"https:\/\/www.sdpcommerce.com\/en\/product\/bobina-rexroth-r901370939\/\" \/>\n<meta property=\"og:site_name\" content=\"&lt;strong&gt;Un buen proveedor no solo vende, asesora y soluciona&lt;\/strong&gt;\" \/>\n<meta property=\"article:publisher\" content=\"https:\/\/www.facebook.com\/profile.php?id=61565795007009#\" \/>\n<meta property=\"og:image\" content=\"https:\/\/www.sdpcommerce.com\/wp-content\/uploads\/2026\/03\/Bobina-Solenoide-Rexroth-R901370939-4WE6-DC24V-1.25A.png\" \/>\n\t<meta property=\"og:image:width\" content=\"507\" \/>\n\t<meta property=\"og:image:height\" content=\"608\" \/>\n\t<meta property=\"og:image:type\" content=\"image\/png\" \/>\n<meta name=\"twitter:card\" content=\"summary_large_image\" \/>\n<meta name=\"twitter:label1\" content=\"Est. reading time\" \/>\n\t<meta name=\"twitter:data1\" content=\"1 minute\" \/>\n<script type=\"application\/ld+json\" class=\"yoast-schema-graph\">{\"@context\":\"https:\\\/\\\/schema.org\",\"@graph\":[{\"@type\":\"WebPage\",\"@id\":\"https:\\\/\\\/www.sdpcommerce.com\\\/producto\\\/bobina-rexroth-r901370939\\\/\",\"url\":\"https:\\\/\\\/www.sdpcommerce.com\\\/producto\\\/bobina-rexroth-r901370939\\\/\",\"name\":\"Bobina Solenoide Rexroth R901370939 | 4WE6 DC24V 1.25A\",\"isPartOf\":{\"@id\":\"https:\\\/\\\/www.sdpcommerce.com\\\/#website\"},\"primaryImageOfPage\":{\"@id\":\"https:\\\/\\\/www.sdpcommerce.com\\\/producto\\\/bobina-rexroth-r901370939\\\/#primaryimage\"},\"image\":{\"@id\":\"https:\\\/\\\/www.sdpcommerce.com\\\/producto\\\/bobina-rexroth-r901370939\\\/#primaryimage\"},\"thumbnailUrl\":\"https:\\\/\\\/www.sdpcommerce.com\\\/wp-content\\\/uploads\\\/2026\\\/03\\\/Bobina-Solenoide-Rexroth-R901370939-4WE6-DC24V-1.25A.png\",\"datePublished\":\"2026-03-03T11:47:26+00:00\",\"description\":\"Compra la bobina solenoide Rexroth R901370939 para v\u00e1lvulas 4WE6, 24 VDC y 1.25 A. Control confiable para sistemas hidr\u00e1ulicos industriales.\",\"breadcrumb\":{\"@id\":\"https:\\\/\\\/www.sdpcommerce.com\\\/producto\\\/bobina-rexroth-r901370939\\\/#breadcrumb\"},\"inLanguage\":\"en-US\",\"potentialAction\":[{\"@type\":\"ReadAction\",\"target\":[\"https:\\\/\\\/www.sdpcommerce.com\\\/producto\\\/bobina-rexroth-r901370939\\\/\"]}]},{\"@type\":\"ImageObject\",\"inLanguage\":\"en-US\",\"@id\":\"https:\\\/\\\/www.sdpcommerce.com\\\/producto\\\/bobina-rexroth-r901370939\\\/#primaryimage\",\"url\":\"https:\\\/\\\/www.sdpcommerce.com\\\/wp-content\\\/uploads\\\/2026\\\/03\\\/Bobina-Solenoide-Rexroth-R901370939-4WE6-DC24V-1.25A.png\",\"contentUrl\":\"https:\\\/\\\/www.sdpcommerce.com\\\/wp-content\\\/uploads\\\/2026\\\/03\\\/Bobina-Solenoide-Rexroth-R901370939-4WE6-DC24V-1.25A.png\",\"width\":507,\"height\":608,\"caption\":\"Bobina solenoide Rexroth R901370939, repuesto el\u00e9ctrico para v\u00e1lvulas hidr\u00e1ulicas 4WE6.\"},{\"@type\":\"BreadcrumbList\",\"@id\":\"https:\\\/\\\/www.sdpcommerce.com\\\/producto\\\/bobina-rexroth-r901370939\\\/#breadcrumb\",\"itemListElement\":[{\"@type\":\"ListItem\",\"position\":1,\"name\":\"Portada\",\"item\":\"https:\\\/\\\/www.sdpcommerce.com\\\/\"},{\"@type\":\"ListItem\",\"position\":2,\"name\":\"STORE\",\"item\":\"https:\\\/\\\/www.sdpcommerce.com\\\/shop-replacement-parts\\\/\"},{\"@type\":\"ListItem\",\"position\":3,\"name\":\"Refacciones Industriales | Repuestos para Maquinaria y Equipos\",\"item\":\"https:\\\/\\\/www.sdpcommerce.com\\\/categoria-producto\\\/refacciones-industriales\\\/\"},{\"@type\":\"ListItem\",\"position\":4,\"name\":\"Bobina de V\u00e1lvula Solenoide para Rexroth R901370939 4WE6 DC24V 1.25A\"}]},{\"@type\":\"WebSite\",\"@id\":\"https:\\\/\\\/www.sdpcommerce.com\\\/#website\",\"url\":\"https:\\\/\\\/www.sdpcommerce.com\\\/\",\"name\":\"SDP COMMERCE\",\"description\":\" Contar con un proveedor que no solo te diga \u201cya no existe\u201d, sino que &lt;strong&gt;te proponga un reemplazo funcional&lt;\\\/strong&gt;, es una ventaja competitiva. Algunas acciones que realiza un proveedor proactivo\",\"publisher\":{\"@id\":\"https:\\\/\\\/www.sdpcommerce.com\\\/#organization\"},\"potentialAction\":[{\"@type\":\"SearchAction\",\"target\":{\"@type\":\"EntryPoint\",\"urlTemplate\":\"https:\\\/\\\/www.sdpcommerce.com\\\/?s={search_term_string}\"},\"query-input\":{\"@type\":\"PropertyValueSpecification\",\"valueRequired\":true,\"valueName\":\"search_term_string\"}}],\"inLanguage\":\"en-US\"},{\"@type\":\"Organization\",\"@id\":\"https:\\\/\\\/www.sdpcommerce.com\\\/#organization\",\"name\":\"SDP COMMERCE\",\"url\":\"https:\\\/\\\/www.sdpcommerce.com\\\/\",\"logo\":{\"@type\":\"ImageObject\",\"inLanguage\":\"en-US\",\"@id\":\"https:\\\/\\\/www.sdpcommerce.com\\\/#\\\/schema\\\/logo\\\/image\\\/\",\"url\":\"https:\\\/\\\/www.sdpcommerce.com\\\/wp-content\\\/uploads\\\/2025\\\/02\\\/Screenshot-2025-02-13-150556.png\",\"contentUrl\":\"https:\\\/\\\/www.sdpcommerce.com\\\/wp-content\\\/uploads\\\/2025\\\/02\\\/Screenshot-2025-02-13-150556.png\",\"width\":114,\"height\":108,\"caption\":\"SDP COMMERCE\"},\"image\":{\"@id\":\"https:\\\/\\\/www.sdpcommerce.com\\\/#\\\/schema\\\/logo\\\/image\\\/\"},\"sameAs\":[\"https:\\\/\\\/www.facebook.com\\\/profile.php?id=61565795007009#\"]}]}<\/script>\n<!-- \/ Yoast SEO plugin. -->","yoast_head_json":{"title":"Bobina Solenoide Rexroth R901370939 | 4WE6 DC24V 1.25A","description":"Compra la bobina solenoide Rexroth R901370939 para v\u00e1lvulas 4WE6, 24 VDC y 1.25 A. Control confiable para sistemas hidr\u00e1ulicos industriales.","robots":{"index":"index","follow":"follow","max-snippet":"max-snippet:-1","max-image-preview":"max-image-preview:large","max-video-preview":"max-video-preview:-1"},"canonical":"https:\/\/www.sdpcommerce.com\/en\/product\/bobina-rexroth-r901370939\/","og_locale":"en_US","og_type":"article","og_title":"Bobina Solenoide Rexroth R901370939 | 4WE6 DC24V 1.25A","og_description":"Compra la bobina solenoide Rexroth R901370939 para v\u00e1lvulas 4WE6, 24 VDC y 1.25 A. Control confiable para sistemas hidr\u00e1ulicos industriales.","og_url":"https:\/\/www.sdpcommerce.com\/en\/product\/bobina-rexroth-r901370939\/","og_site_name":"&lt;strong&gt;Un buen proveedor no solo vende, asesora y soluciona&lt;\/strong&gt;","article_publisher":"https:\/\/www.facebook.com\/profile.php?id=61565795007009#","og_image":[{"width":507,"height":608,"url":"https:\/\/www.sdpcommerce.com\/wp-content\/uploads\/2026\/03\/Bobina-Solenoide-Rexroth-R901370939-4WE6-DC24V-1.25A.png","type":"image\/png"}],"twitter_card":"summary_large_image","twitter_misc":{"Est. reading time":"1 minute"},"schema":{"@context":"https:\/\/schema.org","@graph":[{"@type":"WebPage","@id":"https:\/\/www.sdpcommerce.com\/producto\/bobina-rexroth-r901370939\/","url":"https:\/\/www.sdpcommerce.com\/producto\/bobina-rexroth-r901370939\/","name":"Bobina Solenoide Rexroth R901370939 | 4WE6 DC24V 1.25A","isPartOf":{"@id":"https:\/\/www.sdpcommerce.com\/#website"},"primaryImageOfPage":{"@id":"https:\/\/www.sdpcommerce.com\/producto\/bobina-rexroth-r901370939\/#primaryimage"},"image":{"@id":"https:\/\/www.sdpcommerce.com\/producto\/bobina-rexroth-r901370939\/#primaryimage"},"thumbnailUrl":"https:\/\/www.sdpcommerce.com\/wp-content\/uploads\/2026\/03\/Bobina-Solenoide-Rexroth-R901370939-4WE6-DC24V-1.25A.png","datePublished":"2026-03-03T11:47:26+00:00","description":"Compra la bobina solenoide Rexroth R901370939 para v\u00e1lvulas 4WE6, 24 VDC y 1.25 A. Control confiable para sistemas hidr\u00e1ulicos industriales.","breadcrumb":{"@id":"https:\/\/www.sdpcommerce.com\/producto\/bobina-rexroth-r901370939\/#breadcrumb"},"inLanguage":"en-US","potentialAction":[{"@type":"ReadAction","target":["https:\/\/www.sdpcommerce.com\/producto\/bobina-rexroth-r901370939\/"]}]},{"@type":"ImageObject","inLanguage":"en-US","@id":"https:\/\/www.sdpcommerce.com\/producto\/bobina-rexroth-r901370939\/#primaryimage","url":"https:\/\/www.sdpcommerce.com\/wp-content\/uploads\/2026\/03\/Bobina-Solenoide-Rexroth-R901370939-4WE6-DC24V-1.25A.png","contentUrl":"https:\/\/www.sdpcommerce.com\/wp-content\/uploads\/2026\/03\/Bobina-Solenoide-Rexroth-R901370939-4WE6-DC24V-1.25A.png","width":507,"height":608,"caption":"Bobina solenoide Rexroth R901370939, repuesto el\u00e9ctrico para v\u00e1lvulas hidr\u00e1ulicas 4WE6."},{"@type":"BreadcrumbList","@id":"https:\/\/www.sdpcommerce.com\/producto\/bobina-rexroth-r901370939\/#breadcrumb","itemListElement":[{"@type":"ListItem","position":1,"name":"Portada","item":"https:\/\/www.sdpcommerce.com\/"},{"@type":"ListItem","position":2,"name":"STORE","item":"https:\/\/www.sdpcommerce.com\/shop-replacement-parts\/"},{"@type":"ListItem","position":3,"name":"Refacciones Industriales | Repuestos para Maquinaria y Equipos","item":"https:\/\/www.sdpcommerce.com\/categoria-producto\/refacciones-industriales\/"},{"@type":"ListItem","position":4,"name":"Bobina de V\u00e1lvula Solenoide para Rexroth R901370939 4WE6 DC24V 1.25A"}]},{"@type":"WebSite","@id":"https:\/\/www.sdpcommerce.com\/#website","url":"https:\/\/www.sdpcommerce.com\/","name":"SDP COMMERCE","description":"Contar con un proveedor que no solo te diga &ldquo;ya no existe&rdquo;, sino que &lt;strong&gt;te proponga un reemplazo funcional&lt;\/strong&gt;, es una ventaja competitiva. Algunas acciones que realiza un proveedor proactivo","publisher":{"@id":"https:\/\/www.sdpcommerce.com\/#organization"},"potentialAction":[{"@type":"SearchAction","target":{"@type":"EntryPoint","urlTemplate":"https:\/\/www.sdpcommerce.com\/?s={search_term_string}"},"query-input":{"@type":"PropertyValueSpecification","valueRequired":true,"valueName":"search_term_string"}}],"inLanguage":"en-US"},{"@type":"Organization","@id":"https:\/\/www.sdpcommerce.com\/#organization","name":"SDP COMMERCE","url":"https:\/\/www.sdpcommerce.com\/","logo":{"@type":"ImageObject","inLanguage":"en-US","@id":"https:\/\/www.sdpcommerce.com\/#\/schema\/logo\/image\/","url":"https:\/\/www.sdpcommerce.com\/wp-content\/uploads\/2025\/02\/Screenshot-2025-02-13-150556.png","contentUrl":"https:\/\/www.sdpcommerce.com\/wp-content\/uploads\/2025\/02\/Screenshot-2025-02-13-150556.png","width":114,"height":108,"caption":"SDP COMMERCE"},"image":{"@id":"https:\/\/www.sdpcommerce.com\/#\/schema\/logo\/image\/"},"sameAs":["https:\/\/www.facebook.com\/profile.php?id=61565795007009#"]}]}},"uagb_featured_image_src":{"full":["https:\/\/www.sdpcommerce.com\/wp-content\/uploads\/2026\/03\/Bobina-Solenoide-Rexroth-R901370939-4WE6-DC24V-1.25A.png",507,608,false],"thumbnail":["https:\/\/www.sdpcommerce.com\/wp-content\/uploads\/2026\/03\/Bobina-Solenoide-Rexroth-R901370939-4WE6-DC24V-1.25A-150x150.png",150,150,true],"medium":["https:\/\/www.sdpcommerce.com\/wp-content\/uploads\/2026\/03\/Bobina-Solenoide-Rexroth-R901370939-4WE6-DC24V-1.25A-250x300.png",250,300,true],"medium_large":["https:\/\/www.sdpcommerce.com\/wp-content\/uploads\/2026\/03\/Bobina-Solenoide-Rexroth-R901370939-4WE6-DC24V-1.25A.png",507,608,false],"large":["https:\/\/www.sdpcommerce.com\/wp-content\/uploads\/2026\/03\/Bobina-Solenoide-Rexroth-R901370939-4WE6-DC24V-1.25A.png",507,608,false],"1536x1536":["https:\/\/www.sdpcommerce.com\/wp-content\/uploads\/2026\/03\/Bobina-Solenoide-Rexroth-R901370939-4WE6-DC24V-1.25A.png",507,608,false],"2048x2048":["https:\/\/www.sdpcommerce.com\/wp-content\/uploads\/2026\/03\/Bobina-Solenoide-Rexroth-R901370939-4WE6-DC24V-1.25A.png",507,608,false],"trp-custom-language-flag":["https:\/\/www.sdpcommerce.com\/wp-content\/uploads\/2026\/03\/Bobina-Solenoide-Rexroth-R901370939-4WE6-DC24V-1.25A-10x12.png",10,12,true],"woocommerce_thumbnail":["https:\/\/www.sdpcommerce.com\/wp-content\/uploads\/2026\/03\/Bobina-Solenoide-Rexroth-R901370939-4WE6-DC24V-1.25A-300x300.png",300,300,true],"woocommerce_single":["https:\/\/www.sdpcommerce.com\/wp-content\/uploads\/2026\/03\/Bobina-Solenoide-Rexroth-R901370939-4WE6-DC24V-1.25A.png",507,608,false],"woocommerce_gallery_thumbnail":["https:\/\/www.sdpcommerce.com\/wp-content\/uploads\/2026\/03\/Bobina-Solenoide-Rexroth-R901370939-4WE6-DC24V-1.25A-100x100.png",100,100,true]},"uagb_author_info":{"display_name":"admin","author_link":"https:\/\/www.sdpcommerce.com\/en\/author\/"},"uagb_comment_info":0,"uagb_excerpt":"Bobina solenoide Rexroth R901370939 para v\u00e1lvulas 4WE6, 24 VDC y 1.25 A. Control el\u00e9ctrico confiable para sistemas hidr\u00e1ulicos.","_links":{"self":[{"href":"https:\/\/www.sdpcommerce.com\/en\/wp-json\/wp\/v2\/product\/3003","targetHints":{"allow":["GET"]}}],"collection":[{"href":"https:\/\/www.sdpcommerce.com\/en\/wp-json\/wp\/v2\/product"}],"about":[{"href":"https:\/\/www.sdpcommerce.com\/en\/wp-json\/wp\/v2\/types\/product"}],"replies":[{"embeddable":true,"href":"https:\/\/www.sdpcommerce.com\/en\/wp-json\/wp\/v2\/comments?post=3003"}],"wp:featuredmedia":[{"embeddable":true,"href":"https:\/\/www.sdpcommerce.com\/en\/wp-json\/wp\/v2\/media\/3004"}],"wp:attachment":[{"href":"https:\/\/www.sdpcommerce.com\/en\/wp-json\/wp\/v2\/media?parent=3003"}],"wp:term":[{"taxonomy":"product_brand","embeddable":true,"href":"https:\/\/www.sdpcommerce.com\/en\/wp-json\/wp\/v2\/product_brand?post=3003"},{"taxonomy":"product_cat","embeddable":true,"href":"https:\/\/www.sdpcommerce.com\/en\/wp-json\/wp\/v2\/product_cat?post=3003"},{"taxonomy":"product_tag","embeddable":true,"href":"https:\/\/www.sdpcommerce.com\/en\/wp-json\/wp\/v2\/product_tag?post=3003"}],"curies":[{"name":"wp","href":"https:\/\/api.w.org\/{rel}","templated":true}]}}