{"id":2999,"date":"2026-03-03T12:37:23","date_gmt":"2026-03-03T11:37:23","guid":{"rendered":"https:\/\/www.sdpcommerce.com\/?post_type=product&#038;p=2999"},"modified":"2026-03-03T12:37:23","modified_gmt":"2026-03-03T11:37:23","slug":"valvula-bosch-r900597186","status":"publish","type":"product","link":"https:\/\/www.sdpcommerce.com\/en\/product\/valvula-bosch-r900597186\/","title":{"rendered":"V\u00e1lvula Hidr\u00e1ulica BOSCH R900597186"},"content":{"rendered":"<p data-start=\"228\" data-end=\"566\">La <strong data-start=\"231\" data-end=\"270\">V\u00e1lvula hidr\u00e1ulica BOSCH R900597186<\/strong> es un componente de control dise\u00f1ado para regular el flujo y la direcci\u00f3n del fluido en sistemas hidr\u00e1ulicos industriales. Este modelo est\u00e1 fabricado por <strong data-start=\"425\" data-end=\"466\"><span class=\"hover:entity-accent entity-underline inline cursor-pointer align-baseline\"><span class=\"whitespace-normal\">Bosch Rexroth<\/span><\/span><\/strong>, una marca reconocida a nivel mundial por la calidad y confiabilidad de sus soluciones hidr\u00e1ulicas.<\/p>\n<p data-start=\"568\" data-end=\"913\">La <strong data-start=\"571\" data-end=\"591\">BOSCH R900597186<\/strong> se utiliza en aplicaciones donde se requiere un control preciso del sistema hidr\u00e1ulico, como maquinaria industrial, prensas, equipos de automatizaci\u00f3n, l\u00edneas de producci\u00f3n y sistemas de potencia hidr\u00e1ulica. Su dise\u00f1o robusto permite operar en condiciones exigentes, ofreciendo un desempe\u00f1o estable y una larga vida \u00fatil.<\/p>\n<p data-start=\"915\" data-end=\"1178\">Esta v\u00e1lvula hidr\u00e1ulica contribuye a optimizar la eficiencia del sistema, reducir p\u00e9rdidas de presi\u00f3n y mejorar la seguridad operativa del equipo. Es una soluci\u00f3n ideal tanto para mantenimiento correctivo como preventivo en instalaciones hidr\u00e1ulicas industriales.<\/p>","protected":false},"excerpt":{"rendered":"<p>V\u00e1lvula hidr\u00e1ulica BOSCH R900597186 para control de flujo en sistemas hidr\u00e1ulicos industriales. Alta confiabilidad y rendimiento profesional.<\/p>","protected":false},"featured_media":3000,"comment_status":"open","ping_status":"closed","template":"","meta":{"om_disable_all_campaigns":false,"_uag_custom_page_level_css":"","_monsterinsights_skip_tracking":false,"_monsterinsights_sitenote_active":false,"_monsterinsights_sitenote_note":"","_monsterinsights_sitenote_category":0,"site-sidebar-layout":"default","site-content-layout":"","ast-site-content-layout":"default","site-content-style":"default","site-sidebar-style":"default","ast-global-header-display":"","ast-banner-title-visibility":"","ast-main-header-display":"","ast-hfb-above-header-display":"","ast-hfb-below-header-display":"","ast-hfb-mobile-header-display":"","site-post-title":"","ast-breadcrumbs-content":"","ast-featured-img":"","footer-sml-layout":"","theme-transparent-header-meta":"default","adv-header-id-meta":"","stick-header-meta":"","header-above-stick-meta":"","header-main-stick-meta":"","header-below-stick-meta":"","astra-migrate-meta-layouts":"set","ast-page-background-enabled":"default","ast-page-background-meta":{"desktop":{"background-color":"var(--ast-global-color-4)","background-image":"","background-repeat":"repeat","background-position":"center center","background-size":"auto","background-attachment":"scroll","background-type":"","background-media":"","overlay-type":"","overlay-color":"","overlay-gradient":""},"tablet":{"background-color":"","background-image":"","background-repeat":"repeat","background-position":"center center","background-size":"auto","background-attachment":"scroll","background-type":"","background-media":"","overlay-type":"","overlay-color":"","overlay-gradient":""},"mobile":{"background-color":"","background-image":"","background-repeat":"repeat","background-position":"center center","background-size":"auto","background-attachment":"scroll","background-type":"","background-media":"","overlay-type":"","overlay-color":"","overlay-gradient":""}},"ast-content-background-meta":{"desktop":{"background-color":"var(--ast-global-color-5)","background-image":"","background-repeat":"repeat","background-position":"center center","background-size":"auto","background-attachment":"scroll","background-type":"","background-media":"","overlay-type":"","overlay-color":"","overlay-gradient":""},"tablet":{"background-color":"var(--ast-global-color-5)","background-image":"","background-repeat":"repeat","background-position":"center center","background-size":"auto","background-attachment":"scroll","background-type":"","background-media":"","overlay-type":"","overlay-color":"","overlay-gradient":""},"mobile":{"background-color":"var(--ast-global-color-5)","background-image":"","background-repeat":"repeat","background-position":"center center","background-size":"auto","background-attachment":"scroll","background-type":"","background-media":"","overlay-type":"","overlay-color":"","overlay-gradient":""}}},"product_brand":[656],"product_cat":[30],"product_tag":[173,767,245,766],"class_list":{"0":"post-2999","1":"product","2":"type-product","3":"status-publish","4":"has-post-thumbnail","6":"product_brand-marca-rexroth","7":"product_cat-refacciones-industriales","8":"product_tag-automatizacion-industrial","9":"product_tag-bosch-r900597186","10":"product_tag-componentes-hidraulicos","11":"product_tag-valvula-bosch","12":"desktop-align-left","13":"tablet-align-left","14":"mobile-align-left","16":"first","17":"instock","18":"shipping-taxable","19":"purchasable","20":"product-type-simple"},"yoast_head":"<!-- This site is optimized with the Yoast SEO plugin v27.4 - https:\/\/yoast.com\/product\/yoast-seo-wordpress\/ -->\n<title>V\u00e1lvula Hidr\u00e1ulica BOSCH R900597186 | Bosch Rexroth<\/title>\n<meta name=\"description\" content=\"Compra la v\u00e1lvula hidr\u00e1ulica BOSCH R900597186 para sistemas industriales. Control preciso de flujo y calidad original Bosch Rexroth.\" \/>\n<meta name=\"robots\" content=\"index, follow, max-snippet:-1, max-image-preview:large, max-video-preview:-1\" \/>\n<link rel=\"canonical\" href=\"https:\/\/www.sdpcommerce.com\/en\/product\/valvula-bosch-r900597186\/\" \/>\n<meta property=\"og:locale\" content=\"en_US\" \/>\n<meta property=\"og:type\" content=\"article\" \/>\n<meta property=\"og:title\" content=\"V\u00e1lvula Hidr\u00e1ulica BOSCH R900597186 | Bosch Rexroth\" \/>\n<meta property=\"og:description\" content=\"Compra la v\u00e1lvula hidr\u00e1ulica BOSCH R900597186 para sistemas industriales. Control preciso de flujo y calidad original Bosch Rexroth.\" \/>\n<meta property=\"og:url\" content=\"https:\/\/www.sdpcommerce.com\/en\/product\/valvula-bosch-r900597186\/\" \/>\n<meta property=\"og:site_name\" content=\"&lt;strong&gt;Un buen proveedor no solo vende, asesora y soluciona&lt;\/strong&gt;\" \/>\n<meta property=\"article:publisher\" content=\"https:\/\/www.facebook.com\/profile.php?id=61565795007009#\" \/>\n<meta property=\"og:image\" content=\"https:\/\/www.sdpcommerce.com\/wp-content\/uploads\/2026\/03\/Valvula-Hidraulica-BOSCH-R900597186-Bosch-Rexroth.png\" \/>\n\t<meta property=\"og:image:width\" content=\"638\" \/>\n\t<meta property=\"og:image:height\" content=\"628\" \/>\n\t<meta property=\"og:image:type\" content=\"image\/png\" \/>\n<meta name=\"twitter:card\" content=\"summary_large_image\" \/>\n<meta name=\"twitter:label1\" content=\"Est. reading time\" \/>\n\t<meta name=\"twitter:data1\" content=\"1 minute\" \/>\n<script type=\"application\/ld+json\" class=\"yoast-schema-graph\">{\"@context\":\"https:\\\/\\\/schema.org\",\"@graph\":[{\"@type\":\"WebPage\",\"@id\":\"https:\\\/\\\/www.sdpcommerce.com\\\/producto\\\/valvula-bosch-r900597186\\\/\",\"url\":\"https:\\\/\\\/www.sdpcommerce.com\\\/producto\\\/valvula-bosch-r900597186\\\/\",\"name\":\"V\u00e1lvula Hidr\u00e1ulica BOSCH R900597186 | Bosch Rexroth\",\"isPartOf\":{\"@id\":\"https:\\\/\\\/www.sdpcommerce.com\\\/#website\"},\"primaryImageOfPage\":{\"@id\":\"https:\\\/\\\/www.sdpcommerce.com\\\/producto\\\/valvula-bosch-r900597186\\\/#primaryimage\"},\"image\":{\"@id\":\"https:\\\/\\\/www.sdpcommerce.com\\\/producto\\\/valvula-bosch-r900597186\\\/#primaryimage\"},\"thumbnailUrl\":\"https:\\\/\\\/www.sdpcommerce.com\\\/wp-content\\\/uploads\\\/2026\\\/03\\\/Valvula-Hidraulica-BOSCH-R900597186-Bosch-Rexroth.png\",\"datePublished\":\"2026-03-03T11:37:23+00:00\",\"description\":\"Compra la v\u00e1lvula hidr\u00e1ulica BOSCH R900597186 para sistemas industriales. Control preciso de flujo y calidad original Bosch Rexroth.\",\"breadcrumb\":{\"@id\":\"https:\\\/\\\/www.sdpcommerce.com\\\/producto\\\/valvula-bosch-r900597186\\\/#breadcrumb\"},\"inLanguage\":\"en-US\",\"potentialAction\":[{\"@type\":\"ReadAction\",\"target\":[\"https:\\\/\\\/www.sdpcommerce.com\\\/producto\\\/valvula-bosch-r900597186\\\/\"]}]},{\"@type\":\"ImageObject\",\"inLanguage\":\"en-US\",\"@id\":\"https:\\\/\\\/www.sdpcommerce.com\\\/producto\\\/valvula-bosch-r900597186\\\/#primaryimage\",\"url\":\"https:\\\/\\\/www.sdpcommerce.com\\\/wp-content\\\/uploads\\\/2026\\\/03\\\/Valvula-Hidraulica-BOSCH-R900597186-Bosch-Rexroth.png\",\"contentUrl\":\"https:\\\/\\\/www.sdpcommerce.com\\\/wp-content\\\/uploads\\\/2026\\\/03\\\/Valvula-Hidraulica-BOSCH-R900597186-Bosch-Rexroth.png\",\"width\":638,\"height\":628,\"caption\":\"V\u00e1lvula BOSCH R900597186, componente hidr\u00e1ulico confiable para control de flujo industrial.\"},{\"@type\":\"BreadcrumbList\",\"@id\":\"https:\\\/\\\/www.sdpcommerce.com\\\/producto\\\/valvula-bosch-r900597186\\\/#breadcrumb\",\"itemListElement\":[{\"@type\":\"ListItem\",\"position\":1,\"name\":\"Portada\",\"item\":\"https:\\\/\\\/www.sdpcommerce.com\\\/\"},{\"@type\":\"ListItem\",\"position\":2,\"name\":\"STORE\",\"item\":\"https:\\\/\\\/www.sdpcommerce.com\\\/shop-replacement-parts\\\/\"},{\"@type\":\"ListItem\",\"position\":3,\"name\":\"Refacciones Industriales | Repuestos para Maquinaria y Equipos\",\"item\":\"https:\\\/\\\/www.sdpcommerce.com\\\/categoria-producto\\\/refacciones-industriales\\\/\"},{\"@type\":\"ListItem\",\"position\":4,\"name\":\"V\u00e1lvula Hidr\u00e1ulica BOSCH R900597186\"}]},{\"@type\":\"WebSite\",\"@id\":\"https:\\\/\\\/www.sdpcommerce.com\\\/#website\",\"url\":\"https:\\\/\\\/www.sdpcommerce.com\\\/\",\"name\":\"SDP COMMERCE\",\"description\":\" Contar con un proveedor que no solo te diga \u201cya no existe\u201d, sino que &lt;strong&gt;te proponga un reemplazo funcional&lt;\\\/strong&gt;, es una ventaja competitiva. Algunas acciones que realiza un proveedor proactivo\",\"publisher\":{\"@id\":\"https:\\\/\\\/www.sdpcommerce.com\\\/#organization\"},\"potentialAction\":[{\"@type\":\"SearchAction\",\"target\":{\"@type\":\"EntryPoint\",\"urlTemplate\":\"https:\\\/\\\/www.sdpcommerce.com\\\/?s={search_term_string}\"},\"query-input\":{\"@type\":\"PropertyValueSpecification\",\"valueRequired\":true,\"valueName\":\"search_term_string\"}}],\"inLanguage\":\"en-US\"},{\"@type\":\"Organization\",\"@id\":\"https:\\\/\\\/www.sdpcommerce.com\\\/#organization\",\"name\":\"SDP COMMERCE\",\"url\":\"https:\\\/\\\/www.sdpcommerce.com\\\/\",\"logo\":{\"@type\":\"ImageObject\",\"inLanguage\":\"en-US\",\"@id\":\"https:\\\/\\\/www.sdpcommerce.com\\\/#\\\/schema\\\/logo\\\/image\\\/\",\"url\":\"https:\\\/\\\/www.sdpcommerce.com\\\/wp-content\\\/uploads\\\/2025\\\/02\\\/Screenshot-2025-02-13-150556.png\",\"contentUrl\":\"https:\\\/\\\/www.sdpcommerce.com\\\/wp-content\\\/uploads\\\/2025\\\/02\\\/Screenshot-2025-02-13-150556.png\",\"width\":114,\"height\":108,\"caption\":\"SDP COMMERCE\"},\"image\":{\"@id\":\"https:\\\/\\\/www.sdpcommerce.com\\\/#\\\/schema\\\/logo\\\/image\\\/\"},\"sameAs\":[\"https:\\\/\\\/www.facebook.com\\\/profile.php?id=61565795007009#\"]}]}<\/script>\n<!-- \/ Yoast SEO plugin. -->","yoast_head_json":{"title":"V\u00e1lvula Hidr\u00e1ulica BOSCH R900597186 | Bosch Rexroth","description":"Compra la v\u00e1lvula hidr\u00e1ulica BOSCH R900597186 para sistemas industriales. Control preciso de flujo y calidad original Bosch Rexroth.","robots":{"index":"index","follow":"follow","max-snippet":"max-snippet:-1","max-image-preview":"max-image-preview:large","max-video-preview":"max-video-preview:-1"},"canonical":"https:\/\/www.sdpcommerce.com\/en\/product\/valvula-bosch-r900597186\/","og_locale":"en_US","og_type":"article","og_title":"V\u00e1lvula Hidr\u00e1ulica BOSCH R900597186 | Bosch Rexroth","og_description":"Compra la v\u00e1lvula hidr\u00e1ulica BOSCH R900597186 para sistemas industriales. Control preciso de flujo y calidad original Bosch Rexroth.","og_url":"https:\/\/www.sdpcommerce.com\/en\/product\/valvula-bosch-r900597186\/","og_site_name":"&lt;strong&gt;Un buen proveedor no solo vende, asesora y soluciona&lt;\/strong&gt;","article_publisher":"https:\/\/www.facebook.com\/profile.php?id=61565795007009#","og_image":[{"width":638,"height":628,"url":"https:\/\/www.sdpcommerce.com\/wp-content\/uploads\/2026\/03\/Valvula-Hidraulica-BOSCH-R900597186-Bosch-Rexroth.png","type":"image\/png"}],"twitter_card":"summary_large_image","twitter_misc":{"Est. reading time":"1 minute"},"schema":{"@context":"https:\/\/schema.org","@graph":[{"@type":"WebPage","@id":"https:\/\/www.sdpcommerce.com\/producto\/valvula-bosch-r900597186\/","url":"https:\/\/www.sdpcommerce.com\/producto\/valvula-bosch-r900597186\/","name":"V\u00e1lvula Hidr\u00e1ulica BOSCH R900597186 | Bosch Rexroth","isPartOf":{"@id":"https:\/\/www.sdpcommerce.com\/#website"},"primaryImageOfPage":{"@id":"https:\/\/www.sdpcommerce.com\/producto\/valvula-bosch-r900597186\/#primaryimage"},"image":{"@id":"https:\/\/www.sdpcommerce.com\/producto\/valvula-bosch-r900597186\/#primaryimage"},"thumbnailUrl":"https:\/\/www.sdpcommerce.com\/wp-content\/uploads\/2026\/03\/Valvula-Hidraulica-BOSCH-R900597186-Bosch-Rexroth.png","datePublished":"2026-03-03T11:37:23+00:00","description":"Compra la v\u00e1lvula hidr\u00e1ulica BOSCH R900597186 para sistemas industriales. Control preciso de flujo y calidad original Bosch Rexroth.","breadcrumb":{"@id":"https:\/\/www.sdpcommerce.com\/producto\/valvula-bosch-r900597186\/#breadcrumb"},"inLanguage":"en-US","potentialAction":[{"@type":"ReadAction","target":["https:\/\/www.sdpcommerce.com\/producto\/valvula-bosch-r900597186\/"]}]},{"@type":"ImageObject","inLanguage":"en-US","@id":"https:\/\/www.sdpcommerce.com\/producto\/valvula-bosch-r900597186\/#primaryimage","url":"https:\/\/www.sdpcommerce.com\/wp-content\/uploads\/2026\/03\/Valvula-Hidraulica-BOSCH-R900597186-Bosch-Rexroth.png","contentUrl":"https:\/\/www.sdpcommerce.com\/wp-content\/uploads\/2026\/03\/Valvula-Hidraulica-BOSCH-R900597186-Bosch-Rexroth.png","width":638,"height":628,"caption":"V\u00e1lvula BOSCH R900597186, componente hidr\u00e1ulico confiable para control de flujo industrial."},{"@type":"BreadcrumbList","@id":"https:\/\/www.sdpcommerce.com\/producto\/valvula-bosch-r900597186\/#breadcrumb","itemListElement":[{"@type":"ListItem","position":1,"name":"Portada","item":"https:\/\/www.sdpcommerce.com\/"},{"@type":"ListItem","position":2,"name":"STORE","item":"https:\/\/www.sdpcommerce.com\/shop-replacement-parts\/"},{"@type":"ListItem","position":3,"name":"Refacciones Industriales | Repuestos para Maquinaria y Equipos","item":"https:\/\/www.sdpcommerce.com\/categoria-producto\/refacciones-industriales\/"},{"@type":"ListItem","position":4,"name":"V\u00e1lvula Hidr\u00e1ulica BOSCH R900597186"}]},{"@type":"WebSite","@id":"https:\/\/www.sdpcommerce.com\/#website","url":"https:\/\/www.sdpcommerce.com\/","name":"SDP COMMERCE","description":"Contar con un proveedor que no solo te diga &ldquo;ya no existe&rdquo;, sino que &lt;strong&gt;te proponga un reemplazo funcional&lt;\/strong&gt;, es una ventaja competitiva. Algunas acciones que realiza un proveedor proactivo","publisher":{"@id":"https:\/\/www.sdpcommerce.com\/#organization"},"potentialAction":[{"@type":"SearchAction","target":{"@type":"EntryPoint","urlTemplate":"https:\/\/www.sdpcommerce.com\/?s={search_term_string}"},"query-input":{"@type":"PropertyValueSpecification","valueRequired":true,"valueName":"search_term_string"}}],"inLanguage":"en-US"},{"@type":"Organization","@id":"https:\/\/www.sdpcommerce.com\/#organization","name":"SDP COMMERCE","url":"https:\/\/www.sdpcommerce.com\/","logo":{"@type":"ImageObject","inLanguage":"en-US","@id":"https:\/\/www.sdpcommerce.com\/#\/schema\/logo\/image\/","url":"https:\/\/www.sdpcommerce.com\/wp-content\/uploads\/2025\/02\/Screenshot-2025-02-13-150556.png","contentUrl":"https:\/\/www.sdpcommerce.com\/wp-content\/uploads\/2025\/02\/Screenshot-2025-02-13-150556.png","width":114,"height":108,"caption":"SDP COMMERCE"},"image":{"@id":"https:\/\/www.sdpcommerce.com\/#\/schema\/logo\/image\/"},"sameAs":["https:\/\/www.facebook.com\/profile.php?id=61565795007009#"]}]}},"uagb_featured_image_src":{"full":["https:\/\/www.sdpcommerce.com\/wp-content\/uploads\/2026\/03\/Valvula-Hidraulica-BOSCH-R900597186-Bosch-Rexroth.png",638,628,false],"thumbnail":["https:\/\/www.sdpcommerce.com\/wp-content\/uploads\/2026\/03\/Valvula-Hidraulica-BOSCH-R900597186-Bosch-Rexroth-150x150.png",150,150,true],"medium":["https:\/\/www.sdpcommerce.com\/wp-content\/uploads\/2026\/03\/Valvula-Hidraulica-BOSCH-R900597186-Bosch-Rexroth-300x295.png",300,295,true],"medium_large":["https:\/\/www.sdpcommerce.com\/wp-content\/uploads\/2026\/03\/Valvula-Hidraulica-BOSCH-R900597186-Bosch-Rexroth.png",638,628,false],"large":["https:\/\/www.sdpcommerce.com\/wp-content\/uploads\/2026\/03\/Valvula-Hidraulica-BOSCH-R900597186-Bosch-Rexroth.png",638,628,false],"1536x1536":["https:\/\/www.sdpcommerce.com\/wp-content\/uploads\/2026\/03\/Valvula-Hidraulica-BOSCH-R900597186-Bosch-Rexroth.png",638,628,false],"2048x2048":["https:\/\/www.sdpcommerce.com\/wp-content\/uploads\/2026\/03\/Valvula-Hidraulica-BOSCH-R900597186-Bosch-Rexroth.png",638,628,false],"trp-custom-language-flag":["https:\/\/www.sdpcommerce.com\/wp-content\/uploads\/2026\/03\/Valvula-Hidraulica-BOSCH-R900597186-Bosch-Rexroth-12x12.png",12,12,true],"woocommerce_thumbnail":["https:\/\/www.sdpcommerce.com\/wp-content\/uploads\/2026\/03\/Valvula-Hidraulica-BOSCH-R900597186-Bosch-Rexroth-300x300.png",300,300,true],"woocommerce_single":["https:\/\/www.sdpcommerce.com\/wp-content\/uploads\/2026\/03\/Valvula-Hidraulica-BOSCH-R900597186-Bosch-Rexroth-600x591.png",600,591,true],"woocommerce_gallery_thumbnail":["https:\/\/www.sdpcommerce.com\/wp-content\/uploads\/2026\/03\/Valvula-Hidraulica-BOSCH-R900597186-Bosch-Rexroth-100x100.png",100,100,true]},"uagb_author_info":{"display_name":"admin","author_link":"https:\/\/www.sdpcommerce.com\/en\/author\/"},"uagb_comment_info":0,"uagb_excerpt":"V\u00e1lvula hidr\u00e1ulica BOSCH R900597186 para control de flujo en sistemas hidr\u00e1ulicos industriales. Alta confiabilidad y rendimiento profesional.","_links":{"self":[{"href":"https:\/\/www.sdpcommerce.com\/en\/wp-json\/wp\/v2\/product\/2999","targetHints":{"allow":["GET"]}}],"collection":[{"href":"https:\/\/www.sdpcommerce.com\/en\/wp-json\/wp\/v2\/product"}],"about":[{"href":"https:\/\/www.sdpcommerce.com\/en\/wp-json\/wp\/v2\/types\/product"}],"replies":[{"embeddable":true,"href":"https:\/\/www.sdpcommerce.com\/en\/wp-json\/wp\/v2\/comments?post=2999"}],"wp:featuredmedia":[{"embeddable":true,"href":"https:\/\/www.sdpcommerce.com\/en\/wp-json\/wp\/v2\/media\/3000"}],"wp:attachment":[{"href":"https:\/\/www.sdpcommerce.com\/en\/wp-json\/wp\/v2\/media?parent=2999"}],"wp:term":[{"taxonomy":"product_brand","embeddable":true,"href":"https:\/\/www.sdpcommerce.com\/en\/wp-json\/wp\/v2\/product_brand?post=2999"},{"taxonomy":"product_cat","embeddable":true,"href":"https:\/\/www.sdpcommerce.com\/en\/wp-json\/wp\/v2\/product_cat?post=2999"},{"taxonomy":"product_tag","embeddable":true,"href":"https:\/\/www.sdpcommerce.com\/en\/wp-json\/wp\/v2\/product_tag?post=2999"}],"curies":[{"name":"wp","href":"https:\/\/api.w.org\/{rel}","templated":true}]}}