{"id":2987,"date":"2026-03-03T01:20:42","date_gmt":"2026-03-03T00:20:42","guid":{"rendered":"https:\/\/www.sdpcommerce.com\/?post_type=product&#038;p=2987"},"modified":"2026-03-03T01:20:42","modified_gmt":"2026-03-03T00:20:42","slug":"amortiguador-delantero-gm-ac-delco","status":"publish","type":"product","link":"https:\/\/www.sdpcommerce.com\/en\/product\/amortiguador-delantero-gm-ac-delco\/","title":{"rendered":"Amortiguador Delantero de Suspensi\u00f3n GM AC Delco con Carga de Gas Premium"},"content":{"rendered":"<p data-start=\"305\" data-end=\"657\">El <strong data-start=\"308\" data-end=\"385\">amortiguador delantero de suspensi\u00f3n GM AC Delco con carga de gas premium<\/strong> est\u00e1 dise\u00f1ado para ofrecer un desempe\u00f1o superior en estabilidad, confort y control del veh\u00edculo. Este componente es fabricado por <strong data-start=\"516\" data-end=\"557\"><span class=\"hover:entity-accent entity-underline inline cursor-pointer align-baseline\"><span class=\"whitespace-normal\">AC Delco<\/span><\/span><\/strong>, marca reconocida por su calidad original para veh\u00edculos <strong data-start=\"615\" data-end=\"656\"><span class=\"hover:entity-accent entity-underline inline cursor-pointer align-baseline\"><span class=\"whitespace-normal\">General Motors<\/span><\/span><\/strong>.<\/p>\n<p data-start=\"659\" data-end=\"1044\">Gracias a su tecnolog\u00eda de carga de gas premium, este amortiguador proporciona una mejor absorci\u00f3n de impactos, reduce vibraciones y mejora el contacto del neum\u00e1tico con el camino, lo que se traduce en mayor seguridad y maniobrabilidad. Es ideal para sistemas de suspensi\u00f3n delantera en autom\u00f3viles y camionetas, ayudando a prolongar la vida \u00fatil de otros componentes de la suspensi\u00f3n.<\/p>\n<p data-start=\"1046\" data-end=\"1291\">El <strong data-start=\"1049\" data-end=\"1087\">amortiguador delantero AC Delco GM<\/strong> es una opci\u00f3n confiable para mantenimiento preventivo y correctivo, ya que mantiene el desempe\u00f1o original del veh\u00edculo y contribuye a una conducci\u00f3n m\u00e1s suave y estable tanto en ciudad como en carretera.<\/p>","protected":false},"excerpt":{"rendered":"<p>Amortiguador delantero GM AC Delco con carga de gas premium para suspensi\u00f3n. Mejora la estabilidad, el confort y el control del veh\u00edculo.<\/p>","protected":false},"featured_media":2988,"comment_status":"open","ping_status":"closed","template":"","meta":{"om_disable_all_campaigns":false,"_uag_custom_page_level_css":"","_monsterinsights_skip_tracking":false,"_monsterinsights_sitenote_active":false,"_monsterinsights_sitenote_note":"","_monsterinsights_sitenote_category":0,"site-sidebar-layout":"default","site-content-layout":"","ast-site-content-layout":"default","site-content-style":"default","site-sidebar-style":"default","ast-global-header-display":"","ast-banner-title-visibility":"","ast-main-header-display":"","ast-hfb-above-header-display":"","ast-hfb-below-header-display":"","ast-hfb-mobile-header-display":"","site-post-title":"","ast-breadcrumbs-content":"","ast-featured-img":"","footer-sml-layout":"","theme-transparent-header-meta":"default","adv-header-id-meta":"","stick-header-meta":"","header-above-stick-meta":"","header-main-stick-meta":"","header-below-stick-meta":"","astra-migrate-meta-layouts":"set","ast-page-background-enabled":"default","ast-page-background-meta":{"desktop":{"background-color":"var(--ast-global-color-4)","background-image":"","background-repeat":"repeat","background-position":"center center","background-size":"auto","background-attachment":"scroll","background-type":"","background-media":"","overlay-type":"","overlay-color":"","overlay-gradient":""},"tablet":{"background-color":"","background-image":"","background-repeat":"repeat","background-position":"center center","background-size":"auto","background-attachment":"scroll","background-type":"","background-media":"","overlay-type":"","overlay-color":"","overlay-gradient":""},"mobile":{"background-color":"","background-image":"","background-repeat":"repeat","background-position":"center center","background-size":"auto","background-attachment":"scroll","background-type":"","background-media":"","overlay-type":"","overlay-color":"","overlay-gradient":""}},"ast-content-background-meta":{"desktop":{"background-color":"var(--ast-global-color-5)","background-image":"","background-repeat":"repeat","background-position":"center center","background-size":"auto","background-attachment":"scroll","background-type":"","background-media":"","overlay-type":"","overlay-color":"","overlay-gradient":""},"tablet":{"background-color":"var(--ast-global-color-5)","background-image":"","background-repeat":"repeat","background-position":"center center","background-size":"auto","background-attachment":"scroll","background-type":"","background-media":"","overlay-type":"","overlay-color":"","overlay-gradient":""},"mobile":{"background-color":"var(--ast-global-color-5)","background-image":"","background-repeat":"repeat","background-position":"center center","background-size":"auto","background-attachment":"scroll","background-type":"","background-media":"","overlay-type":"","overlay-color":"","overlay-gradient":""}}},"product_brand":[449],"product_cat":[34],"product_tag":[748,747,750,749],"class_list":{"0":"post-2987","1":"product","2":"type-product","3":"status-publish","4":"has-post-thumbnail","6":"product_brand-marca-industrial-ac-delco","7":"product_cat-refacciones-industriales-especializadas","8":"product_tag-ac-delco-suspension","9":"product_tag-amortiguador-delantero","10":"product_tag-amortiguadores-automotrices","11":"product_tag-suspension-delantera","12":"desktop-align-left","13":"tablet-align-left","14":"mobile-align-left","16":"first","17":"instock","18":"shipping-taxable","19":"purchasable","20":"product-type-simple"},"yoast_head":"<!-- This site is optimized with the Yoast SEO plugin v27.4 - https:\/\/yoast.com\/product\/yoast-seo-wordpress\/ -->\n<title>Amortiguador Delantero GM AC Delco | Suspensi\u00f3n con Gas Premium<\/title>\n<meta name=\"description\" content=\"Compra el amortiguador delantero GM AC Delco con carga de gas premium. Mejora la estabilidad y el confort de la suspensi\u00f3n de tu veh\u00edculo.\" \/>\n<meta name=\"robots\" content=\"index, follow, max-snippet:-1, max-image-preview:large, max-video-preview:-1\" \/>\n<link rel=\"canonical\" href=\"https:\/\/www.sdpcommerce.com\/en\/product\/amortiguador-delantero-gm-ac-delco\/\" \/>\n<meta property=\"og:locale\" content=\"en_US\" \/>\n<meta property=\"og:type\" content=\"article\" \/>\n<meta property=\"og:title\" content=\"Amortiguador Delantero GM AC Delco | Suspensi\u00f3n con Gas Premium\" \/>\n<meta property=\"og:description\" content=\"Compra el amortiguador delantero GM AC Delco con carga de gas premium. Mejora la estabilidad y el confort de la suspensi\u00f3n de tu veh\u00edculo.\" \/>\n<meta property=\"og:url\" content=\"https:\/\/www.sdpcommerce.com\/en\/product\/amortiguador-delantero-gm-ac-delco\/\" \/>\n<meta property=\"og:site_name\" content=\"&lt;strong&gt;Un buen proveedor no solo vende, asesora y soluciona&lt;\/strong&gt;\" \/>\n<meta property=\"article:publisher\" content=\"https:\/\/www.facebook.com\/profile.php?id=61565795007009#\" \/>\n<meta property=\"og:image\" content=\"https:\/\/www.sdpcommerce.com\/wp-content\/uploads\/2026\/03\/Amortiguador-Delantero-GM-AC-Delco-Suspension-con-Gas-Premium.png\" \/>\n\t<meta property=\"og:image:width\" content=\"760\" \/>\n\t<meta property=\"og:image:height\" content=\"768\" \/>\n\t<meta property=\"og:image:type\" content=\"image\/png\" \/>\n<meta name=\"twitter:card\" content=\"summary_large_image\" \/>\n<meta name=\"twitter:label1\" content=\"Est. reading time\" \/>\n\t<meta name=\"twitter:data1\" content=\"1 minute\" \/>\n<script type=\"application\/ld+json\" class=\"yoast-schema-graph\">{\"@context\":\"https:\\\/\\\/schema.org\",\"@graph\":[{\"@type\":\"WebPage\",\"@id\":\"https:\\\/\\\/www.sdpcommerce.com\\\/producto\\\/amortiguador-delantero-gm-ac-delco\\\/\",\"url\":\"https:\\\/\\\/www.sdpcommerce.com\\\/producto\\\/amortiguador-delantero-gm-ac-delco\\\/\",\"name\":\"Amortiguador Delantero GM AC Delco | Suspensi\u00f3n con Gas Premium\",\"isPartOf\":{\"@id\":\"https:\\\/\\\/www.sdpcommerce.com\\\/#website\"},\"primaryImageOfPage\":{\"@id\":\"https:\\\/\\\/www.sdpcommerce.com\\\/producto\\\/amortiguador-delantero-gm-ac-delco\\\/#primaryimage\"},\"image\":{\"@id\":\"https:\\\/\\\/www.sdpcommerce.com\\\/producto\\\/amortiguador-delantero-gm-ac-delco\\\/#primaryimage\"},\"thumbnailUrl\":\"https:\\\/\\\/www.sdpcommerce.com\\\/wp-content\\\/uploads\\\/2026\\\/03\\\/Amortiguador-Delantero-GM-AC-Delco-Suspension-con-Gas-Premium.png\",\"datePublished\":\"2026-03-03T00:20:42+00:00\",\"description\":\"Compra el amortiguador delantero GM AC Delco con carga de gas premium. Mejora la estabilidad y el confort de la suspensi\u00f3n de tu veh\u00edculo.\",\"breadcrumb\":{\"@id\":\"https:\\\/\\\/www.sdpcommerce.com\\\/producto\\\/amortiguador-delantero-gm-ac-delco\\\/#breadcrumb\"},\"inLanguage\":\"en-US\",\"potentialAction\":[{\"@type\":\"ReadAction\",\"target\":[\"https:\\\/\\\/www.sdpcommerce.com\\\/producto\\\/amortiguador-delantero-gm-ac-delco\\\/\"]}]},{\"@type\":\"ImageObject\",\"inLanguage\":\"en-US\",\"@id\":\"https:\\\/\\\/www.sdpcommerce.com\\\/producto\\\/amortiguador-delantero-gm-ac-delco\\\/#primaryimage\",\"url\":\"https:\\\/\\\/www.sdpcommerce.com\\\/wp-content\\\/uploads\\\/2026\\\/03\\\/Amortiguador-Delantero-GM-AC-Delco-Suspension-con-Gas-Premium.png\",\"contentUrl\":\"https:\\\/\\\/www.sdpcommerce.com\\\/wp-content\\\/uploads\\\/2026\\\/03\\\/Amortiguador-Delantero-GM-AC-Delco-Suspension-con-Gas-Premium.png\",\"width\":760,\"height\":768,\"caption\":\"Amortiguador delantero GM AC Delco, suspensi\u00f3n con tecnolog\u00eda de gas premium para mayor confort y estabilidad.\"},{\"@type\":\"BreadcrumbList\",\"@id\":\"https:\\\/\\\/www.sdpcommerce.com\\\/producto\\\/amortiguador-delantero-gm-ac-delco\\\/#breadcrumb\",\"itemListElement\":[{\"@type\":\"ListItem\",\"position\":1,\"name\":\"Portada\",\"item\":\"https:\\\/\\\/www.sdpcommerce.com\\\/\"},{\"@type\":\"ListItem\",\"position\":2,\"name\":\"STORE\",\"item\":\"https:\\\/\\\/www.sdpcommerce.com\\\/shop-replacement-parts\\\/\"},{\"@type\":\"ListItem\",\"position\":3,\"name\":\"Refacciones Industriales Especializadas\",\"item\":\"https:\\\/\\\/www.sdpcommerce.com\\\/categoria-producto\\\/refacciones-industriales-especializadas\\\/\"},{\"@type\":\"ListItem\",\"position\":4,\"name\":\"Amortiguador Delantero de Suspensi\u00f3n GM AC Delco con Carga de Gas Premium\"}]},{\"@type\":\"WebSite\",\"@id\":\"https:\\\/\\\/www.sdpcommerce.com\\\/#website\",\"url\":\"https:\\\/\\\/www.sdpcommerce.com\\\/\",\"name\":\"SDP COMMERCE\",\"description\":\" Contar con un proveedor que no solo te diga \u201cya no existe\u201d, sino que &lt;strong&gt;te proponga un reemplazo funcional&lt;\\\/strong&gt;, es una ventaja competitiva. Algunas acciones que realiza un proveedor proactivo\",\"publisher\":{\"@id\":\"https:\\\/\\\/www.sdpcommerce.com\\\/#organization\"},\"potentialAction\":[{\"@type\":\"SearchAction\",\"target\":{\"@type\":\"EntryPoint\",\"urlTemplate\":\"https:\\\/\\\/www.sdpcommerce.com\\\/?s={search_term_string}\"},\"query-input\":{\"@type\":\"PropertyValueSpecification\",\"valueRequired\":true,\"valueName\":\"search_term_string\"}}],\"inLanguage\":\"en-US\"},{\"@type\":\"Organization\",\"@id\":\"https:\\\/\\\/www.sdpcommerce.com\\\/#organization\",\"name\":\"SDP COMMERCE\",\"url\":\"https:\\\/\\\/www.sdpcommerce.com\\\/\",\"logo\":{\"@type\":\"ImageObject\",\"inLanguage\":\"en-US\",\"@id\":\"https:\\\/\\\/www.sdpcommerce.com\\\/#\\\/schema\\\/logo\\\/image\\\/\",\"url\":\"https:\\\/\\\/www.sdpcommerce.com\\\/wp-content\\\/uploads\\\/2025\\\/02\\\/Screenshot-2025-02-13-150556.png\",\"contentUrl\":\"https:\\\/\\\/www.sdpcommerce.com\\\/wp-content\\\/uploads\\\/2025\\\/02\\\/Screenshot-2025-02-13-150556.png\",\"width\":114,\"height\":108,\"caption\":\"SDP COMMERCE\"},\"image\":{\"@id\":\"https:\\\/\\\/www.sdpcommerce.com\\\/#\\\/schema\\\/logo\\\/image\\\/\"},\"sameAs\":[\"https:\\\/\\\/www.facebook.com\\\/profile.php?id=61565795007009#\"]}]}<\/script>\n<!-- \/ Yoast SEO plugin. -->","yoast_head_json":{"title":"Amortiguador Delantero GM AC Delco | Suspensi\u00f3n con Gas Premium","description":"Compra el amortiguador delantero GM AC Delco con carga de gas premium. Mejora la estabilidad y el confort de la suspensi\u00f3n de tu veh\u00edculo.","robots":{"index":"index","follow":"follow","max-snippet":"max-snippet:-1","max-image-preview":"max-image-preview:large","max-video-preview":"max-video-preview:-1"},"canonical":"https:\/\/www.sdpcommerce.com\/en\/product\/amortiguador-delantero-gm-ac-delco\/","og_locale":"en_US","og_type":"article","og_title":"Amortiguador Delantero GM AC Delco | Suspensi\u00f3n con Gas Premium","og_description":"Compra el amortiguador delantero GM AC Delco con carga de gas premium. Mejora la estabilidad y el confort de la suspensi\u00f3n de tu veh\u00edculo.","og_url":"https:\/\/www.sdpcommerce.com\/en\/product\/amortiguador-delantero-gm-ac-delco\/","og_site_name":"&lt;strong&gt;Un buen proveedor no solo vende, asesora y soluciona&lt;\/strong&gt;","article_publisher":"https:\/\/www.facebook.com\/profile.php?id=61565795007009#","og_image":[{"width":760,"height":768,"url":"https:\/\/www.sdpcommerce.com\/wp-content\/uploads\/2026\/03\/Amortiguador-Delantero-GM-AC-Delco-Suspension-con-Gas-Premium.png","type":"image\/png"}],"twitter_card":"summary_large_image","twitter_misc":{"Est. reading time":"1 minute"},"schema":{"@context":"https:\/\/schema.org","@graph":[{"@type":"WebPage","@id":"https:\/\/www.sdpcommerce.com\/producto\/amortiguador-delantero-gm-ac-delco\/","url":"https:\/\/www.sdpcommerce.com\/producto\/amortiguador-delantero-gm-ac-delco\/","name":"Amortiguador Delantero GM AC Delco | Suspensi\u00f3n con Gas Premium","isPartOf":{"@id":"https:\/\/www.sdpcommerce.com\/#website"},"primaryImageOfPage":{"@id":"https:\/\/www.sdpcommerce.com\/producto\/amortiguador-delantero-gm-ac-delco\/#primaryimage"},"image":{"@id":"https:\/\/www.sdpcommerce.com\/producto\/amortiguador-delantero-gm-ac-delco\/#primaryimage"},"thumbnailUrl":"https:\/\/www.sdpcommerce.com\/wp-content\/uploads\/2026\/03\/Amortiguador-Delantero-GM-AC-Delco-Suspension-con-Gas-Premium.png","datePublished":"2026-03-03T00:20:42+00:00","description":"Compra el amortiguador delantero GM AC Delco con carga de gas premium. Mejora la estabilidad y el confort de la suspensi\u00f3n de tu veh\u00edculo.","breadcrumb":{"@id":"https:\/\/www.sdpcommerce.com\/producto\/amortiguador-delantero-gm-ac-delco\/#breadcrumb"},"inLanguage":"en-US","potentialAction":[{"@type":"ReadAction","target":["https:\/\/www.sdpcommerce.com\/producto\/amortiguador-delantero-gm-ac-delco\/"]}]},{"@type":"ImageObject","inLanguage":"en-US","@id":"https:\/\/www.sdpcommerce.com\/producto\/amortiguador-delantero-gm-ac-delco\/#primaryimage","url":"https:\/\/www.sdpcommerce.com\/wp-content\/uploads\/2026\/03\/Amortiguador-Delantero-GM-AC-Delco-Suspension-con-Gas-Premium.png","contentUrl":"https:\/\/www.sdpcommerce.com\/wp-content\/uploads\/2026\/03\/Amortiguador-Delantero-GM-AC-Delco-Suspension-con-Gas-Premium.png","width":760,"height":768,"caption":"Amortiguador delantero GM AC Delco, suspensi\u00f3n con tecnolog\u00eda de gas premium para mayor confort y estabilidad."},{"@type":"BreadcrumbList","@id":"https:\/\/www.sdpcommerce.com\/producto\/amortiguador-delantero-gm-ac-delco\/#breadcrumb","itemListElement":[{"@type":"ListItem","position":1,"name":"Portada","item":"https:\/\/www.sdpcommerce.com\/"},{"@type":"ListItem","position":2,"name":"STORE","item":"https:\/\/www.sdpcommerce.com\/shop-replacement-parts\/"},{"@type":"ListItem","position":3,"name":"Refacciones Industriales Especializadas","item":"https:\/\/www.sdpcommerce.com\/categoria-producto\/refacciones-industriales-especializadas\/"},{"@type":"ListItem","position":4,"name":"Amortiguador Delantero de Suspensi\u00f3n GM AC Delco con Carga de Gas Premium"}]},{"@type":"WebSite","@id":"https:\/\/www.sdpcommerce.com\/#website","url":"https:\/\/www.sdpcommerce.com\/","name":"SDP COMMERCE","description":"Contar con un proveedor que no solo te diga &ldquo;ya no existe&rdquo;, sino que &lt;strong&gt;te proponga un reemplazo funcional&lt;\/strong&gt;, es una ventaja competitiva. Algunas acciones que realiza un proveedor proactivo","publisher":{"@id":"https:\/\/www.sdpcommerce.com\/#organization"},"potentialAction":[{"@type":"SearchAction","target":{"@type":"EntryPoint","urlTemplate":"https:\/\/www.sdpcommerce.com\/?s={search_term_string}"},"query-input":{"@type":"PropertyValueSpecification","valueRequired":true,"valueName":"search_term_string"}}],"inLanguage":"en-US"},{"@type":"Organization","@id":"https:\/\/www.sdpcommerce.com\/#organization","name":"SDP COMMERCE","url":"https:\/\/www.sdpcommerce.com\/","logo":{"@type":"ImageObject","inLanguage":"en-US","@id":"https:\/\/www.sdpcommerce.com\/#\/schema\/logo\/image\/","url":"https:\/\/www.sdpcommerce.com\/wp-content\/uploads\/2025\/02\/Screenshot-2025-02-13-150556.png","contentUrl":"https:\/\/www.sdpcommerce.com\/wp-content\/uploads\/2025\/02\/Screenshot-2025-02-13-150556.png","width":114,"height":108,"caption":"SDP COMMERCE"},"image":{"@id":"https:\/\/www.sdpcommerce.com\/#\/schema\/logo\/image\/"},"sameAs":["https:\/\/www.facebook.com\/profile.php?id=61565795007009#"]}]}},"uagb_featured_image_src":{"full":["https:\/\/www.sdpcommerce.com\/wp-content\/uploads\/2026\/03\/Amortiguador-Delantero-GM-AC-Delco-Suspension-con-Gas-Premium.png",760,768,false],"thumbnail":["https:\/\/www.sdpcommerce.com\/wp-content\/uploads\/2026\/03\/Amortiguador-Delantero-GM-AC-Delco-Suspension-con-Gas-Premium-150x150.png",150,150,true],"medium":["https:\/\/www.sdpcommerce.com\/wp-content\/uploads\/2026\/03\/Amortiguador-Delantero-GM-AC-Delco-Suspension-con-Gas-Premium-297x300.png",297,300,true],"medium_large":["https:\/\/www.sdpcommerce.com\/wp-content\/uploads\/2026\/03\/Amortiguador-Delantero-GM-AC-Delco-Suspension-con-Gas-Premium.png",760,768,false],"large":["https:\/\/www.sdpcommerce.com\/wp-content\/uploads\/2026\/03\/Amortiguador-Delantero-GM-AC-Delco-Suspension-con-Gas-Premium.png",760,768,false],"1536x1536":["https:\/\/www.sdpcommerce.com\/wp-content\/uploads\/2026\/03\/Amortiguador-Delantero-GM-AC-Delco-Suspension-con-Gas-Premium.png",760,768,false],"2048x2048":["https:\/\/www.sdpcommerce.com\/wp-content\/uploads\/2026\/03\/Amortiguador-Delantero-GM-AC-Delco-Suspension-con-Gas-Premium.png",760,768,false],"trp-custom-language-flag":["https:\/\/www.sdpcommerce.com\/wp-content\/uploads\/2026\/03\/Amortiguador-Delantero-GM-AC-Delco-Suspension-con-Gas-Premium-12x12.png",12,12,true],"woocommerce_thumbnail":["https:\/\/www.sdpcommerce.com\/wp-content\/uploads\/2026\/03\/Amortiguador-Delantero-GM-AC-Delco-Suspension-con-Gas-Premium-300x300.png",300,300,true],"woocommerce_single":["https:\/\/www.sdpcommerce.com\/wp-content\/uploads\/2026\/03\/Amortiguador-Delantero-GM-AC-Delco-Suspension-con-Gas-Premium-600x606.png",600,606,true],"woocommerce_gallery_thumbnail":["https:\/\/www.sdpcommerce.com\/wp-content\/uploads\/2026\/03\/Amortiguador-Delantero-GM-AC-Delco-Suspension-con-Gas-Premium-100x100.png",100,100,true]},"uagb_author_info":{"display_name":"admin","author_link":"https:\/\/www.sdpcommerce.com\/en\/author\/"},"uagb_comment_info":0,"uagb_excerpt":"Amortiguador delantero GM AC Delco con carga de gas premium para suspensi\u00f3n. Mejora la estabilidad, el confort y el control del veh\u00edculo.","_links":{"self":[{"href":"https:\/\/www.sdpcommerce.com\/en\/wp-json\/wp\/v2\/product\/2987","targetHints":{"allow":["GET"]}}],"collection":[{"href":"https:\/\/www.sdpcommerce.com\/en\/wp-json\/wp\/v2\/product"}],"about":[{"href":"https:\/\/www.sdpcommerce.com\/en\/wp-json\/wp\/v2\/types\/product"}],"replies":[{"embeddable":true,"href":"https:\/\/www.sdpcommerce.com\/en\/wp-json\/wp\/v2\/comments?post=2987"}],"wp:featuredmedia":[{"embeddable":true,"href":"https:\/\/www.sdpcommerce.com\/en\/wp-json\/wp\/v2\/media\/2988"}],"wp:attachment":[{"href":"https:\/\/www.sdpcommerce.com\/en\/wp-json\/wp\/v2\/media?parent=2987"}],"wp:term":[{"taxonomy":"product_brand","embeddable":true,"href":"https:\/\/www.sdpcommerce.com\/en\/wp-json\/wp\/v2\/product_brand?post=2987"},{"taxonomy":"product_cat","embeddable":true,"href":"https:\/\/www.sdpcommerce.com\/en\/wp-json\/wp\/v2\/product_cat?post=2987"},{"taxonomy":"product_tag","embeddable":true,"href":"https:\/\/www.sdpcommerce.com\/en\/wp-json\/wp\/v2\/product_tag?post=2987"}],"curies":[{"name":"wp","href":"https:\/\/api.w.org\/{rel}","templated":true}]}}