{"id":2741,"date":"2025-08-11T23:55:32","date_gmt":"2025-08-11T21:55:32","guid":{"rendered":"https:\/\/www.sdpcommerce.com\/?post_type=product&#038;p=2741"},"modified":"2025-08-11T23:55:32","modified_gmt":"2025-08-11T21:55:32","slug":"baterias-bosch-gba18v80-2pk-18v-8ah","status":"publish","type":"product","link":"https:\/\/www.sdpcommerce.com\/en\/product\/baterias-bosch-gba18v80-2pk-18v-8ah\/","title":{"rendered":"Bater\u00edas de alto rendimiento BOSCH GBA18V80-2PK de 18 V y 8,0 Ah"},"content":{"rendered":"<p>Las bater\u00edas Bosch GBA18V80-2PK de 18 V y 8.0 Ah est\u00e1n dise\u00f1adas para ofrecer un rendimiento excepcional y una duraci\u00f3n prolongada en aplicaciones profesionales. Ideales para alimentar herramientas inal\u00e1mbricas Bosch, garantizan eficiencia y productividad en trabajos exigentes. Su tecnolog\u00eda avanzada asegura ciclos de carga prolongados y protecci\u00f3n contra sobrecarga, extendiendo la vida \u00fatil de la bater\u00eda y la herramienta.<\/p>","protected":false},"excerpt":{"rendered":"<p>Bater\u00edas de alto rendimiento Bosch GBA18V80-2PK, 18 V y 8.0 Ah, dise\u00f1adas para proporcionar energ\u00eda duradera a herramientas inal\u00e1mbricas profesionales.<\/p>","protected":false},"featured_media":2743,"comment_status":"open","ping_status":"closed","template":"","meta":{"om_disable_all_campaigns":false,"_uag_custom_page_level_css":"","_monsterinsights_skip_tracking":false,"_monsterinsights_sitenote_active":false,"_monsterinsights_sitenote_note":"","_monsterinsights_sitenote_category":0,"site-sidebar-layout":"default","site-content-layout":"","ast-site-content-layout":"default","site-content-style":"default","site-sidebar-style":"default","ast-global-header-display":"","ast-banner-title-visibility":"","ast-main-header-display":"","ast-hfb-above-header-display":"","ast-hfb-below-header-display":"","ast-hfb-mobile-header-display":"","site-post-title":"","ast-breadcrumbs-content":"","ast-featured-img":"","footer-sml-layout":"","theme-transparent-header-meta":"default","adv-header-id-meta":"","stick-header-meta":"","header-above-stick-meta":"","header-main-stick-meta":"","header-below-stick-meta":"","astra-migrate-meta-layouts":"set","ast-page-background-enabled":"default","ast-page-background-meta":{"desktop":{"background-color":"var(--ast-global-color-4)","background-image":"","background-repeat":"repeat","background-position":"center center","background-size":"auto","background-attachment":"scroll","background-type":"","background-media":"","overlay-type":"","overlay-color":"","overlay-gradient":""},"tablet":{"background-color":"","background-image":"","background-repeat":"repeat","background-position":"center center","background-size":"auto","background-attachment":"scroll","background-type":"","background-media":"","overlay-type":"","overlay-color":"","overlay-gradient":""},"mobile":{"background-color":"","background-image":"","background-repeat":"repeat","background-position":"center center","background-size":"auto","background-attachment":"scroll","background-type":"","background-media":"","overlay-type":"","overlay-color":"","overlay-gradient":""}},"ast-content-background-meta":{"desktop":{"background-color":"var(--ast-global-color-5)","background-image":"","background-repeat":"repeat","background-position":"center center","background-size":"auto","background-attachment":"scroll","background-type":"","background-media":"","overlay-type":"","overlay-color":"","overlay-gradient":""},"tablet":{"background-color":"var(--ast-global-color-5)","background-image":"","background-repeat":"repeat","background-position":"center center","background-size":"auto","background-attachment":"scroll","background-type":"","background-media":"","overlay-type":"","overlay-color":"","overlay-gradient":""},"mobile":{"background-color":"var(--ast-global-color-5)","background-image":"","background-repeat":"repeat","background-position":"center center","background-size":"auto","background-attachment":"scroll","background-type":"","background-media":"","overlay-type":"","overlay-color":"","overlay-gradient":""}}},"product_brand":[681],"product_cat":[30],"product_tag":[682,685,683,684],"class_list":{"0":"post-2741","1":"product","2":"type-product","3":"status-publish","4":"has-post-thumbnail","6":"product_brand-marca-bosch","7":"product_cat-refacciones-industriales","8":"product_tag-baterias-bosch","9":"product_tag-baterias-bosch-18-v","10":"product_tag-baterias-de-alto-rendimiento-bosch","11":"product_tag-baterias-para-herramientas-inalambricas","12":"desktop-align-left","13":"tablet-align-left","14":"mobile-align-left","16":"first","17":"instock","18":"shipping-taxable","19":"purchasable","20":"product-type-simple"},"yoast_head":"<!-- This site is optimized with the Yoast SEO plugin v27.4 - https:\/\/yoast.com\/product\/yoast-seo-wordpress\/ -->\n<title>Bater\u00edas BOSCH GBA18V80-2PK de alto rendimiento \u2013 18 V, 8.0 Ah<\/title>\n<meta name=\"description\" content=\"Bater\u00edas Bosch GBA18V80-2PK de 18 V y 8.0 Ah, alto rendimiento y larga duraci\u00f3n para herramientas inal\u00e1mbricas profesionales Bosch.\" \/>\n<meta name=\"robots\" content=\"index, follow, max-snippet:-1, max-image-preview:large, max-video-preview:-1\" \/>\n<link rel=\"canonical\" href=\"https:\/\/www.sdpcommerce.com\/en\/product\/baterias-bosch-gba18v80-2pk-18v-8ah\/\" \/>\n<meta property=\"og:locale\" content=\"en_US\" \/>\n<meta property=\"og:type\" content=\"article\" \/>\n<meta property=\"og:title\" content=\"Bater\u00edas BOSCH GBA18V80-2PK de alto rendimiento \u2013 18 V, 8.0 Ah\" \/>\n<meta property=\"og:description\" content=\"Bater\u00edas Bosch GBA18V80-2PK de 18 V y 8.0 Ah, alto rendimiento y larga duraci\u00f3n para herramientas inal\u00e1mbricas profesionales Bosch.\" \/>\n<meta property=\"og:url\" content=\"https:\/\/www.sdpcommerce.com\/en\/product\/baterias-bosch-gba18v80-2pk-18v-8ah\/\" \/>\n<meta property=\"og:site_name\" content=\"&lt;strong&gt;Un buen proveedor no solo vende, asesora y soluciona&lt;\/strong&gt;\" \/>\n<meta property=\"article:publisher\" content=\"https:\/\/www.facebook.com\/profile.php?id=61565795007009#\" \/>\n<meta property=\"og:image\" content=\"https:\/\/www.sdpcommerce.com\/wp-content\/uploads\/2025\/08\/baterias-bosch-gba18v80-2pk-18v-8ah.jpg.png\" \/>\n\t<meta property=\"og:image:width\" content=\"1272\" \/>\n\t<meta property=\"og:image:height\" content=\"766\" \/>\n\t<meta property=\"og:image:type\" content=\"image\/png\" \/>\n<meta name=\"twitter:card\" content=\"summary_large_image\" \/>\n<meta name=\"twitter:label1\" content=\"Est. reading time\" \/>\n\t<meta name=\"twitter:data1\" content=\"1 minute\" \/>\n<script type=\"application\/ld+json\" class=\"yoast-schema-graph\">{\"@context\":\"https:\\\/\\\/schema.org\",\"@graph\":[{\"@type\":\"WebPage\",\"@id\":\"https:\\\/\\\/www.sdpcommerce.com\\\/producto\\\/baterias-bosch-gba18v80-2pk-18v-8ah\\\/\",\"url\":\"https:\\\/\\\/www.sdpcommerce.com\\\/producto\\\/baterias-bosch-gba18v80-2pk-18v-8ah\\\/\",\"name\":\"Bater\u00edas BOSCH GBA18V80-2PK de alto rendimiento \u2013 18 V, 8.0 Ah\",\"isPartOf\":{\"@id\":\"https:\\\/\\\/www.sdpcommerce.com\\\/#website\"},\"primaryImageOfPage\":{\"@id\":\"https:\\\/\\\/www.sdpcommerce.com\\\/producto\\\/baterias-bosch-gba18v80-2pk-18v-8ah\\\/#primaryimage\"},\"image\":{\"@id\":\"https:\\\/\\\/www.sdpcommerce.com\\\/producto\\\/baterias-bosch-gba18v80-2pk-18v-8ah\\\/#primaryimage\"},\"thumbnailUrl\":\"https:\\\/\\\/www.sdpcommerce.com\\\/wp-content\\\/uploads\\\/2025\\\/08\\\/baterias-bosch-gba18v80-2pk-18v-8ah.jpg.png\",\"datePublished\":\"2025-08-11T21:55:32+00:00\",\"description\":\"Bater\u00edas Bosch GBA18V80-2PK de 18 V y 8.0 Ah, alto rendimiento y larga duraci\u00f3n para herramientas inal\u00e1mbricas profesionales Bosch.\",\"breadcrumb\":{\"@id\":\"https:\\\/\\\/www.sdpcommerce.com\\\/producto\\\/baterias-bosch-gba18v80-2pk-18v-8ah\\\/#breadcrumb\"},\"inLanguage\":\"en-US\",\"potentialAction\":[{\"@type\":\"ReadAction\",\"target\":[\"https:\\\/\\\/www.sdpcommerce.com\\\/producto\\\/baterias-bosch-gba18v80-2pk-18v-8ah\\\/\"]}]},{\"@type\":\"ImageObject\",\"inLanguage\":\"en-US\",\"@id\":\"https:\\\/\\\/www.sdpcommerce.com\\\/producto\\\/baterias-bosch-gba18v80-2pk-18v-8ah\\\/#primaryimage\",\"url\":\"https:\\\/\\\/www.sdpcommerce.com\\\/wp-content\\\/uploads\\\/2025\\\/08\\\/baterias-bosch-gba18v80-2pk-18v-8ah.jpg.png\",\"contentUrl\":\"https:\\\/\\\/www.sdpcommerce.com\\\/wp-content\\\/uploads\\\/2025\\\/08\\\/baterias-bosch-gba18v80-2pk-18v-8ah.jpg.png\",\"width\":1272,\"height\":766,\"caption\":\"Bater\u00edas de alto rendimiento Bosch para herramientas inal\u00e1mbricas\"},{\"@type\":\"BreadcrumbList\",\"@id\":\"https:\\\/\\\/www.sdpcommerce.com\\\/producto\\\/baterias-bosch-gba18v80-2pk-18v-8ah\\\/#breadcrumb\",\"itemListElement\":[{\"@type\":\"ListItem\",\"position\":1,\"name\":\"Portada\",\"item\":\"https:\\\/\\\/www.sdpcommerce.com\\\/\"},{\"@type\":\"ListItem\",\"position\":2,\"name\":\"STORE\",\"item\":\"https:\\\/\\\/www.sdpcommerce.com\\\/shop-replacement-parts\\\/\"},{\"@type\":\"ListItem\",\"position\":3,\"name\":\"Refacciones Industriales | Repuestos para Maquinaria y Equipos\",\"item\":\"https:\\\/\\\/www.sdpcommerce.com\\\/categoria-producto\\\/refacciones-industriales\\\/\"},{\"@type\":\"ListItem\",\"position\":4,\"name\":\"Bater\u00edas de alto rendimiento BOSCH GBA18V80-2PK de 18 V y 8,0 Ah\"}]},{\"@type\":\"WebSite\",\"@id\":\"https:\\\/\\\/www.sdpcommerce.com\\\/#website\",\"url\":\"https:\\\/\\\/www.sdpcommerce.com\\\/\",\"name\":\"SDP COMMERCE\",\"description\":\" Contar con un proveedor que no solo te diga \u201cya no existe\u201d, sino que &lt;strong&gt;te proponga un reemplazo funcional&lt;\\\/strong&gt;, es una ventaja competitiva. Algunas acciones que realiza un proveedor proactivo\",\"publisher\":{\"@id\":\"https:\\\/\\\/www.sdpcommerce.com\\\/#organization\"},\"potentialAction\":[{\"@type\":\"SearchAction\",\"target\":{\"@type\":\"EntryPoint\",\"urlTemplate\":\"https:\\\/\\\/www.sdpcommerce.com\\\/?s={search_term_string}\"},\"query-input\":{\"@type\":\"PropertyValueSpecification\",\"valueRequired\":true,\"valueName\":\"search_term_string\"}}],\"inLanguage\":\"en-US\"},{\"@type\":\"Organization\",\"@id\":\"https:\\\/\\\/www.sdpcommerce.com\\\/#organization\",\"name\":\"SDP COMMERCE\",\"url\":\"https:\\\/\\\/www.sdpcommerce.com\\\/\",\"logo\":{\"@type\":\"ImageObject\",\"inLanguage\":\"en-US\",\"@id\":\"https:\\\/\\\/www.sdpcommerce.com\\\/#\\\/schema\\\/logo\\\/image\\\/\",\"url\":\"https:\\\/\\\/www.sdpcommerce.com\\\/wp-content\\\/uploads\\\/2025\\\/02\\\/Screenshot-2025-02-13-150556.png\",\"contentUrl\":\"https:\\\/\\\/www.sdpcommerce.com\\\/wp-content\\\/uploads\\\/2025\\\/02\\\/Screenshot-2025-02-13-150556.png\",\"width\":114,\"height\":108,\"caption\":\"SDP COMMERCE\"},\"image\":{\"@id\":\"https:\\\/\\\/www.sdpcommerce.com\\\/#\\\/schema\\\/logo\\\/image\\\/\"},\"sameAs\":[\"https:\\\/\\\/www.facebook.com\\\/profile.php?id=61565795007009#\"]}]}<\/script>\n<!-- \/ Yoast SEO plugin. -->","yoast_head_json":{"title":"Bater\u00edas BOSCH GBA18V80-2PK de alto rendimiento \u2013 18 V, 8.0 Ah","description":"Bater\u00edas Bosch GBA18V80-2PK de 18 V y 8.0 Ah, alto rendimiento y larga duraci\u00f3n para herramientas inal\u00e1mbricas profesionales Bosch.","robots":{"index":"index","follow":"follow","max-snippet":"max-snippet:-1","max-image-preview":"max-image-preview:large","max-video-preview":"max-video-preview:-1"},"canonical":"https:\/\/www.sdpcommerce.com\/en\/product\/baterias-bosch-gba18v80-2pk-18v-8ah\/","og_locale":"en_US","og_type":"article","og_title":"Bater\u00edas BOSCH GBA18V80-2PK de alto rendimiento \u2013 18 V, 8.0 Ah","og_description":"Bater\u00edas Bosch GBA18V80-2PK de 18 V y 8.0 Ah, alto rendimiento y larga duraci\u00f3n para herramientas inal\u00e1mbricas profesionales Bosch.","og_url":"https:\/\/www.sdpcommerce.com\/en\/product\/baterias-bosch-gba18v80-2pk-18v-8ah\/","og_site_name":"&lt;strong&gt;Un buen proveedor no solo vende, asesora y soluciona&lt;\/strong&gt;","article_publisher":"https:\/\/www.facebook.com\/profile.php?id=61565795007009#","og_image":[{"width":1272,"height":766,"url":"https:\/\/www.sdpcommerce.com\/wp-content\/uploads\/2025\/08\/baterias-bosch-gba18v80-2pk-18v-8ah.jpg.png","type":"image\/png"}],"twitter_card":"summary_large_image","twitter_misc":{"Est. reading time":"1 minute"},"schema":{"@context":"https:\/\/schema.org","@graph":[{"@type":"WebPage","@id":"https:\/\/www.sdpcommerce.com\/producto\/baterias-bosch-gba18v80-2pk-18v-8ah\/","url":"https:\/\/www.sdpcommerce.com\/producto\/baterias-bosch-gba18v80-2pk-18v-8ah\/","name":"Bater\u00edas BOSCH GBA18V80-2PK de alto rendimiento \u2013 18 V, 8.0 Ah","isPartOf":{"@id":"https:\/\/www.sdpcommerce.com\/#website"},"primaryImageOfPage":{"@id":"https:\/\/www.sdpcommerce.com\/producto\/baterias-bosch-gba18v80-2pk-18v-8ah\/#primaryimage"},"image":{"@id":"https:\/\/www.sdpcommerce.com\/producto\/baterias-bosch-gba18v80-2pk-18v-8ah\/#primaryimage"},"thumbnailUrl":"https:\/\/www.sdpcommerce.com\/wp-content\/uploads\/2025\/08\/baterias-bosch-gba18v80-2pk-18v-8ah.jpg.png","datePublished":"2025-08-11T21:55:32+00:00","description":"Bater\u00edas Bosch GBA18V80-2PK de 18 V y 8.0 Ah, alto rendimiento y larga duraci\u00f3n para herramientas inal\u00e1mbricas profesionales Bosch.","breadcrumb":{"@id":"https:\/\/www.sdpcommerce.com\/producto\/baterias-bosch-gba18v80-2pk-18v-8ah\/#breadcrumb"},"inLanguage":"en-US","potentialAction":[{"@type":"ReadAction","target":["https:\/\/www.sdpcommerce.com\/producto\/baterias-bosch-gba18v80-2pk-18v-8ah\/"]}]},{"@type":"ImageObject","inLanguage":"en-US","@id":"https:\/\/www.sdpcommerce.com\/producto\/baterias-bosch-gba18v80-2pk-18v-8ah\/#primaryimage","url":"https:\/\/www.sdpcommerce.com\/wp-content\/uploads\/2025\/08\/baterias-bosch-gba18v80-2pk-18v-8ah.jpg.png","contentUrl":"https:\/\/www.sdpcommerce.com\/wp-content\/uploads\/2025\/08\/baterias-bosch-gba18v80-2pk-18v-8ah.jpg.png","width":1272,"height":766,"caption":"Bater\u00edas de alto rendimiento Bosch para herramientas inal\u00e1mbricas"},{"@type":"BreadcrumbList","@id":"https:\/\/www.sdpcommerce.com\/producto\/baterias-bosch-gba18v80-2pk-18v-8ah\/#breadcrumb","itemListElement":[{"@type":"ListItem","position":1,"name":"Portada","item":"https:\/\/www.sdpcommerce.com\/"},{"@type":"ListItem","position":2,"name":"STORE","item":"https:\/\/www.sdpcommerce.com\/shop-replacement-parts\/"},{"@type":"ListItem","position":3,"name":"Refacciones Industriales | Repuestos para Maquinaria y Equipos","item":"https:\/\/www.sdpcommerce.com\/categoria-producto\/refacciones-industriales\/"},{"@type":"ListItem","position":4,"name":"Bater\u00edas de alto rendimiento BOSCH GBA18V80-2PK de 18 V y 8,0 Ah"}]},{"@type":"WebSite","@id":"https:\/\/www.sdpcommerce.com\/#website","url":"https:\/\/www.sdpcommerce.com\/","name":"SDP COMMERCE","description":"Contar con un proveedor que no solo te diga &ldquo;ya no existe&rdquo;, sino que &lt;strong&gt;te proponga un reemplazo funcional&lt;\/strong&gt;, es una ventaja competitiva. Algunas acciones que realiza un proveedor proactivo","publisher":{"@id":"https:\/\/www.sdpcommerce.com\/#organization"},"potentialAction":[{"@type":"SearchAction","target":{"@type":"EntryPoint","urlTemplate":"https:\/\/www.sdpcommerce.com\/?s={search_term_string}"},"query-input":{"@type":"PropertyValueSpecification","valueRequired":true,"valueName":"search_term_string"}}],"inLanguage":"en-US"},{"@type":"Organization","@id":"https:\/\/www.sdpcommerce.com\/#organization","name":"SDP COMMERCE","url":"https:\/\/www.sdpcommerce.com\/","logo":{"@type":"ImageObject","inLanguage":"en-US","@id":"https:\/\/www.sdpcommerce.com\/#\/schema\/logo\/image\/","url":"https:\/\/www.sdpcommerce.com\/wp-content\/uploads\/2025\/02\/Screenshot-2025-02-13-150556.png","contentUrl":"https:\/\/www.sdpcommerce.com\/wp-content\/uploads\/2025\/02\/Screenshot-2025-02-13-150556.png","width":114,"height":108,"caption":"SDP COMMERCE"},"image":{"@id":"https:\/\/www.sdpcommerce.com\/#\/schema\/logo\/image\/"},"sameAs":["https:\/\/www.facebook.com\/profile.php?id=61565795007009#"]}]}},"uagb_featured_image_src":{"full":["https:\/\/www.sdpcommerce.com\/wp-content\/uploads\/2025\/08\/baterias-bosch-gba18v80-2pk-18v-8ah.jpg.png",1272,766,false],"thumbnail":["https:\/\/www.sdpcommerce.com\/wp-content\/uploads\/2025\/08\/baterias-bosch-gba18v80-2pk-18v-8ah.jpg-150x150.png",150,150,true],"medium":["https:\/\/www.sdpcommerce.com\/wp-content\/uploads\/2025\/08\/baterias-bosch-gba18v80-2pk-18v-8ah.jpg-300x181.png",300,181,true],"medium_large":["https:\/\/www.sdpcommerce.com\/wp-content\/uploads\/2025\/08\/baterias-bosch-gba18v80-2pk-18v-8ah.jpg-768x462.png",768,462,true],"large":["https:\/\/www.sdpcommerce.com\/wp-content\/uploads\/2025\/08\/baterias-bosch-gba18v80-2pk-18v-8ah.jpg-1024x617.png",1024,617,true],"1536x1536":["https:\/\/www.sdpcommerce.com\/wp-content\/uploads\/2025\/08\/baterias-bosch-gba18v80-2pk-18v-8ah.jpg.png",1272,766,false],"2048x2048":["https:\/\/www.sdpcommerce.com\/wp-content\/uploads\/2025\/08\/baterias-bosch-gba18v80-2pk-18v-8ah.jpg.png",1272,766,false],"trp-custom-language-flag":["https:\/\/www.sdpcommerce.com\/wp-content\/uploads\/2025\/08\/baterias-bosch-gba18v80-2pk-18v-8ah.jpg-18x12.png",18,12,true],"woocommerce_thumbnail":["https:\/\/www.sdpcommerce.com\/wp-content\/uploads\/2025\/08\/baterias-bosch-gba18v80-2pk-18v-8ah.jpg-300x300.png",300,300,true],"woocommerce_single":["https:\/\/www.sdpcommerce.com\/wp-content\/uploads\/2025\/08\/baterias-bosch-gba18v80-2pk-18v-8ah.jpg-600x361.png",600,361,true],"woocommerce_gallery_thumbnail":["https:\/\/www.sdpcommerce.com\/wp-content\/uploads\/2025\/08\/baterias-bosch-gba18v80-2pk-18v-8ah.jpg-100x100.png",100,100,true]},"uagb_author_info":{"display_name":"admin","author_link":"https:\/\/www.sdpcommerce.com\/en\/author\/"},"uagb_comment_info":0,"uagb_excerpt":"Bater\u00edas de alto rendimiento Bosch GBA18V80-2PK, 18 V y 8.0 Ah, dise\u00f1adas para proporcionar energ\u00eda duradera a herramientas inal\u00e1mbricas profesionales.","_links":{"self":[{"href":"https:\/\/www.sdpcommerce.com\/en\/wp-json\/wp\/v2\/product\/2741","targetHints":{"allow":["GET"]}}],"collection":[{"href":"https:\/\/www.sdpcommerce.com\/en\/wp-json\/wp\/v2\/product"}],"about":[{"href":"https:\/\/www.sdpcommerce.com\/en\/wp-json\/wp\/v2\/types\/product"}],"replies":[{"embeddable":true,"href":"https:\/\/www.sdpcommerce.com\/en\/wp-json\/wp\/v2\/comments?post=2741"}],"wp:featuredmedia":[{"embeddable":true,"href":"https:\/\/www.sdpcommerce.com\/en\/wp-json\/wp\/v2\/media\/2743"}],"wp:attachment":[{"href":"https:\/\/www.sdpcommerce.com\/en\/wp-json\/wp\/v2\/media?parent=2741"}],"wp:term":[{"taxonomy":"product_brand","embeddable":true,"href":"https:\/\/www.sdpcommerce.com\/en\/wp-json\/wp\/v2\/product_brand?post=2741"},{"taxonomy":"product_cat","embeddable":true,"href":"https:\/\/www.sdpcommerce.com\/en\/wp-json\/wp\/v2\/product_cat?post=2741"},{"taxonomy":"product_tag","embeddable":true,"href":"https:\/\/www.sdpcommerce.com\/en\/wp-json\/wp\/v2\/product_tag?post=2741"}],"curies":[{"name":"wp","href":"https:\/\/api.w.org\/{rel}","templated":true}]}}