{"id":2738,"date":"2025-08-11T23:48:19","date_gmt":"2025-08-11T21:48:19","guid":{"rendered":"https:\/\/www.sdpcommerce.com\/?post_type=product&#038;p=2738"},"modified":"2025-08-11T23:48:20","modified_gmt":"2025-08-11T21:48:20","slug":"valvula-rexroth-0820023026-valvula-direccional-neumatica-aventics-q3-zx","status":"publish","type":"product","link":"https:\/\/www.sdpcommerce.com\/en\/product\/valvula-rexroth-0820023026-valvula-direccional-neumatica-aventics-q3-zx\/","title":{"rendered":"V\u00e1lvula Rexroth 0820023026 \u2013 V\u00e1lvula direccional neum\u00e1tica Aventics #Q3 ZX"},"content":{"rendered":"<p>La v\u00e1lvula direccional neum\u00e1tica Rexroth 0820023026, modelo Aventics #Q3 ZX, es una soluci\u00f3n avanzada para el control de flujo en sistemas neum\u00e1ticos industriales. Dise\u00f1ada para ofrecer un rendimiento preciso y confiable, esta v\u00e1lvula es ideal para aplicaciones en automatizaci\u00f3n y maquinaria industrial.<br data-start=\"1151\" data-end=\"1154\" \/>Fabricada bajo altos est\u00e1ndares de calidad, garantiza durabilidad y eficiencia en ambientes exigentes, facilitando la operaci\u00f3n segura y eficiente de sistemas neum\u00e1ticos.<\/p>","protected":false},"excerpt":{"rendered":"<p>V\u00e1lvula direccional neum\u00e1tica Rexroth 0820023026 Aventics #Q3 ZX, nueva, ideal para sistemas neum\u00e1ticos industriales que requieren precisi\u00f3n y confiabilidad.<\/p>","protected":false},"featured_media":2739,"comment_status":"open","ping_status":"closed","template":"","meta":{"om_disable_all_campaigns":false,"_uag_custom_page_level_css":"","_monsterinsights_skip_tracking":false,"_monsterinsights_sitenote_active":false,"_monsterinsights_sitenote_note":"","_monsterinsights_sitenote_category":0,"site-sidebar-layout":"default","site-content-layout":"","ast-site-content-layout":"default","site-content-style":"default","site-sidebar-style":"default","ast-global-header-display":"","ast-banner-title-visibility":"","ast-main-header-display":"","ast-hfb-above-header-display":"","ast-hfb-below-header-display":"","ast-hfb-mobile-header-display":"","site-post-title":"","ast-breadcrumbs-content":"","ast-featured-img":"","footer-sml-layout":"","theme-transparent-header-meta":"default","adv-header-id-meta":"","stick-header-meta":"","header-above-stick-meta":"","header-main-stick-meta":"","header-below-stick-meta":"","astra-migrate-meta-layouts":"set","ast-page-background-enabled":"default","ast-page-background-meta":{"desktop":{"background-color":"var(--ast-global-color-4)","background-image":"","background-repeat":"repeat","background-position":"center center","background-size":"auto","background-attachment":"scroll","background-type":"","background-media":"","overlay-type":"","overlay-color":"","overlay-gradient":""},"tablet":{"background-color":"","background-image":"","background-repeat":"repeat","background-position":"center center","background-size":"auto","background-attachment":"scroll","background-type":"","background-media":"","overlay-type":"","overlay-color":"","overlay-gradient":""},"mobile":{"background-color":"","background-image":"","background-repeat":"repeat","background-position":"center center","background-size":"auto","background-attachment":"scroll","background-type":"","background-media":"","overlay-type":"","overlay-color":"","overlay-gradient":""}},"ast-content-background-meta":{"desktop":{"background-color":"var(--ast-global-color-5)","background-image":"","background-repeat":"repeat","background-position":"center center","background-size":"auto","background-attachment":"scroll","background-type":"","background-media":"","overlay-type":"","overlay-color":"","overlay-gradient":""},"tablet":{"background-color":"var(--ast-global-color-5)","background-image":"","background-repeat":"repeat","background-position":"center center","background-size":"auto","background-attachment":"scroll","background-type":"","background-media":"","overlay-type":"","overlay-color":"","overlay-gradient":""},"mobile":{"background-color":"var(--ast-global-color-5)","background-image":"","background-repeat":"repeat","background-position":"center center","background-size":"auto","background-attachment":"scroll","background-type":"","background-media":"","overlay-type":"","overlay-color":"","overlay-gradient":""}}},"product_brand":[656],"product_cat":[30],"product_tag":[680,678,677,679],"class_list":{"0":"post-2738","1":"product","2":"type-product","3":"status-publish","4":"has-post-thumbnail","6":"product_brand-marca-rexroth","7":"product_cat-refacciones-industriales","8":"product_tag-control-neumatico-rexroth","9":"product_tag-valvula-direccional-neumatica-aventics","10":"product_tag-valvula-rexroth-0820023026","11":"product_tag-valvulas-neumaticas-industriales","12":"desktop-align-left","13":"tablet-align-left","14":"mobile-align-left","16":"first","17":"instock","18":"shipping-taxable","19":"purchasable","20":"product-type-simple"},"yoast_head":"<!-- This site is optimized with the Yoast SEO plugin v27.4 - https:\/\/yoast.com\/product\/yoast-seo-wordpress\/ -->\n<title>V\u00e1lvula Rexroth 0820023026 v\u00e1lvula direccional neum\u00e1tica Aventics<\/title>\n<meta name=\"description\" content=\"V\u00e1lvula direccional neum\u00e1tica Rexroth 0820023026 Aventics #Q3 ZX, nueva, para control preciso en sistemas neum\u00e1ticos industriales.\" \/>\n<meta name=\"robots\" content=\"index, follow, max-snippet:-1, max-image-preview:large, max-video-preview:-1\" \/>\n<link rel=\"canonical\" href=\"https:\/\/www.sdpcommerce.com\/en\/product\/valvula-rexroth-0820023026-valvula-direccional-neumatica-aventics-q3-zx\/\" \/>\n<meta property=\"og:locale\" content=\"en_US\" \/>\n<meta property=\"og:type\" content=\"article\" \/>\n<meta property=\"og:title\" content=\"V\u00e1lvula Rexroth 0820023026 v\u00e1lvula direccional neum\u00e1tica Aventics\" \/>\n<meta property=\"og:description\" content=\"V\u00e1lvula direccional neum\u00e1tica Rexroth 0820023026 Aventics #Q3 ZX, nueva, para control preciso en sistemas neum\u00e1ticos industriales.\" \/>\n<meta property=\"og:url\" content=\"https:\/\/www.sdpcommerce.com\/en\/product\/valvula-rexroth-0820023026-valvula-direccional-neumatica-aventics-q3-zx\/\" \/>\n<meta property=\"og:site_name\" content=\"&lt;strong&gt;Un buen proveedor no solo vende, asesora y soluciona&lt;\/strong&gt;\" \/>\n<meta property=\"article:publisher\" content=\"https:\/\/www.facebook.com\/profile.php?id=61565795007009#\" \/>\n<meta property=\"article:modified_time\" content=\"2025-08-11T21:48:20+00:00\" \/>\n<meta property=\"og:image\" content=\"https:\/\/www.sdpcommerce.com\/wp-content\/uploads\/2025\/08\/valvula-rexroth-0820023026-aventics-q3-zx.jpg.png\" \/>\n\t<meta property=\"og:image:width\" content=\"749\" \/>\n\t<meta property=\"og:image:height\" content=\"444\" \/>\n\t<meta property=\"og:image:type\" content=\"image\/png\" \/>\n<meta name=\"twitter:card\" content=\"summary_large_image\" \/>\n<meta name=\"twitter:label1\" content=\"Est. reading time\" \/>\n\t<meta name=\"twitter:data1\" content=\"1 minute\" \/>\n<script type=\"application\/ld+json\" class=\"yoast-schema-graph\">{\"@context\":\"https:\\\/\\\/schema.org\",\"@graph\":[{\"@type\":\"WebPage\",\"@id\":\"https:\\\/\\\/www.sdpcommerce.com\\\/producto\\\/valvula-rexroth-0820023026-valvula-direccional-neumatica-aventics-q3-zx\\\/\",\"url\":\"https:\\\/\\\/www.sdpcommerce.com\\\/producto\\\/valvula-rexroth-0820023026-valvula-direccional-neumatica-aventics-q3-zx\\\/\",\"name\":\"V\u00e1lvula Rexroth 0820023026 v\u00e1lvula direccional neum\u00e1tica Aventics\",\"isPartOf\":{\"@id\":\"https:\\\/\\\/www.sdpcommerce.com\\\/#website\"},\"primaryImageOfPage\":{\"@id\":\"https:\\\/\\\/www.sdpcommerce.com\\\/producto\\\/valvula-rexroth-0820023026-valvula-direccional-neumatica-aventics-q3-zx\\\/#primaryimage\"},\"image\":{\"@id\":\"https:\\\/\\\/www.sdpcommerce.com\\\/producto\\\/valvula-rexroth-0820023026-valvula-direccional-neumatica-aventics-q3-zx\\\/#primaryimage\"},\"thumbnailUrl\":\"https:\\\/\\\/www.sdpcommerce.com\\\/wp-content\\\/uploads\\\/2025\\\/08\\\/valvula-rexroth-0820023026-aventics-q3-zx.jpg.png\",\"datePublished\":\"2025-08-11T21:48:19+00:00\",\"dateModified\":\"2025-08-11T21:48:20+00:00\",\"description\":\"V\u00e1lvula direccional neum\u00e1tica Rexroth 0820023026 Aventics #Q3 ZX, nueva, para control preciso en sistemas neum\u00e1ticos industriales.\",\"breadcrumb\":{\"@id\":\"https:\\\/\\\/www.sdpcommerce.com\\\/producto\\\/valvula-rexroth-0820023026-valvula-direccional-neumatica-aventics-q3-zx\\\/#breadcrumb\"},\"inLanguage\":\"en-US\",\"potentialAction\":[{\"@type\":\"ReadAction\",\"target\":[\"https:\\\/\\\/www.sdpcommerce.com\\\/producto\\\/valvula-rexroth-0820023026-valvula-direccional-neumatica-aventics-q3-zx\\\/\"]}]},{\"@type\":\"ImageObject\",\"inLanguage\":\"en-US\",\"@id\":\"https:\\\/\\\/www.sdpcommerce.com\\\/producto\\\/valvula-rexroth-0820023026-valvula-direccional-neumatica-aventics-q3-zx\\\/#primaryimage\",\"url\":\"https:\\\/\\\/www.sdpcommerce.com\\\/wp-content\\\/uploads\\\/2025\\\/08\\\/valvula-rexroth-0820023026-aventics-q3-zx.jpg.png\",\"contentUrl\":\"https:\\\/\\\/www.sdpcommerce.com\\\/wp-content\\\/uploads\\\/2025\\\/08\\\/valvula-rexroth-0820023026-aventics-q3-zx.jpg.png\",\"width\":749,\"height\":444,\"caption\":\"V\u00e1lvula neum\u00e1tica Rexroth para sistemas industriales\"},{\"@type\":\"BreadcrumbList\",\"@id\":\"https:\\\/\\\/www.sdpcommerce.com\\\/producto\\\/valvula-rexroth-0820023026-valvula-direccional-neumatica-aventics-q3-zx\\\/#breadcrumb\",\"itemListElement\":[{\"@type\":\"ListItem\",\"position\":1,\"name\":\"Portada\",\"item\":\"https:\\\/\\\/www.sdpcommerce.com\\\/\"},{\"@type\":\"ListItem\",\"position\":2,\"name\":\"STORE\",\"item\":\"https:\\\/\\\/www.sdpcommerce.com\\\/shop-replacement-parts\\\/\"},{\"@type\":\"ListItem\",\"position\":3,\"name\":\"Refacciones Industriales | Repuestos para Maquinaria y Equipos\",\"item\":\"https:\\\/\\\/www.sdpcommerce.com\\\/categoria-producto\\\/refacciones-industriales\\\/\"},{\"@type\":\"ListItem\",\"position\":4,\"name\":\"V\u00e1lvula Rexroth 0820023026 \u2013 V\u00e1lvula direccional neum\u00e1tica Aventics #Q3 ZX\"}]},{\"@type\":\"WebSite\",\"@id\":\"https:\\\/\\\/www.sdpcommerce.com\\\/#website\",\"url\":\"https:\\\/\\\/www.sdpcommerce.com\\\/\",\"name\":\"SDP COMMERCE\",\"description\":\" Contar con un proveedor que no solo te diga \u201cya no existe\u201d, sino que &lt;strong&gt;te proponga un reemplazo funcional&lt;\\\/strong&gt;, es una ventaja competitiva. Algunas acciones que realiza un proveedor proactivo\",\"publisher\":{\"@id\":\"https:\\\/\\\/www.sdpcommerce.com\\\/#organization\"},\"potentialAction\":[{\"@type\":\"SearchAction\",\"target\":{\"@type\":\"EntryPoint\",\"urlTemplate\":\"https:\\\/\\\/www.sdpcommerce.com\\\/?s={search_term_string}\"},\"query-input\":{\"@type\":\"PropertyValueSpecification\",\"valueRequired\":true,\"valueName\":\"search_term_string\"}}],\"inLanguage\":\"en-US\"},{\"@type\":\"Organization\",\"@id\":\"https:\\\/\\\/www.sdpcommerce.com\\\/#organization\",\"name\":\"SDP COMMERCE\",\"url\":\"https:\\\/\\\/www.sdpcommerce.com\\\/\",\"logo\":{\"@type\":\"ImageObject\",\"inLanguage\":\"en-US\",\"@id\":\"https:\\\/\\\/www.sdpcommerce.com\\\/#\\\/schema\\\/logo\\\/image\\\/\",\"url\":\"https:\\\/\\\/www.sdpcommerce.com\\\/wp-content\\\/uploads\\\/2025\\\/02\\\/Screenshot-2025-02-13-150556.png\",\"contentUrl\":\"https:\\\/\\\/www.sdpcommerce.com\\\/wp-content\\\/uploads\\\/2025\\\/02\\\/Screenshot-2025-02-13-150556.png\",\"width\":114,\"height\":108,\"caption\":\"SDP COMMERCE\"},\"image\":{\"@id\":\"https:\\\/\\\/www.sdpcommerce.com\\\/#\\\/schema\\\/logo\\\/image\\\/\"},\"sameAs\":[\"https:\\\/\\\/www.facebook.com\\\/profile.php?id=61565795007009#\"]}]}<\/script>\n<!-- \/ Yoast SEO plugin. -->","yoast_head_json":{"title":"V\u00e1lvula Rexroth 0820023026 v\u00e1lvula direccional neum\u00e1tica Aventics","description":"V\u00e1lvula direccional neum\u00e1tica Rexroth 0820023026 Aventics #Q3 ZX, nueva, para control preciso en sistemas neum\u00e1ticos industriales.","robots":{"index":"index","follow":"follow","max-snippet":"max-snippet:-1","max-image-preview":"max-image-preview:large","max-video-preview":"max-video-preview:-1"},"canonical":"https:\/\/www.sdpcommerce.com\/en\/product\/valvula-rexroth-0820023026-valvula-direccional-neumatica-aventics-q3-zx\/","og_locale":"en_US","og_type":"article","og_title":"V\u00e1lvula Rexroth 0820023026 v\u00e1lvula direccional neum\u00e1tica Aventics","og_description":"V\u00e1lvula direccional neum\u00e1tica Rexroth 0820023026 Aventics #Q3 ZX, nueva, para control preciso en sistemas neum\u00e1ticos industriales.","og_url":"https:\/\/www.sdpcommerce.com\/en\/product\/valvula-rexroth-0820023026-valvula-direccional-neumatica-aventics-q3-zx\/","og_site_name":"&lt;strong&gt;Un buen proveedor no solo vende, asesora y soluciona&lt;\/strong&gt;","article_publisher":"https:\/\/www.facebook.com\/profile.php?id=61565795007009#","article_modified_time":"2025-08-11T21:48:20+00:00","og_image":[{"width":749,"height":444,"url":"https:\/\/www.sdpcommerce.com\/wp-content\/uploads\/2025\/08\/valvula-rexroth-0820023026-aventics-q3-zx.jpg.png","type":"image\/png"}],"twitter_card":"summary_large_image","twitter_misc":{"Est. reading time":"1 minute"},"schema":{"@context":"https:\/\/schema.org","@graph":[{"@type":"WebPage","@id":"https:\/\/www.sdpcommerce.com\/producto\/valvula-rexroth-0820023026-valvula-direccional-neumatica-aventics-q3-zx\/","url":"https:\/\/www.sdpcommerce.com\/producto\/valvula-rexroth-0820023026-valvula-direccional-neumatica-aventics-q3-zx\/","name":"V\u00e1lvula Rexroth 0820023026 v\u00e1lvula direccional neum\u00e1tica Aventics","isPartOf":{"@id":"https:\/\/www.sdpcommerce.com\/#website"},"primaryImageOfPage":{"@id":"https:\/\/www.sdpcommerce.com\/producto\/valvula-rexroth-0820023026-valvula-direccional-neumatica-aventics-q3-zx\/#primaryimage"},"image":{"@id":"https:\/\/www.sdpcommerce.com\/producto\/valvula-rexroth-0820023026-valvula-direccional-neumatica-aventics-q3-zx\/#primaryimage"},"thumbnailUrl":"https:\/\/www.sdpcommerce.com\/wp-content\/uploads\/2025\/08\/valvula-rexroth-0820023026-aventics-q3-zx.jpg.png","datePublished":"2025-08-11T21:48:19+00:00","dateModified":"2025-08-11T21:48:20+00:00","description":"V\u00e1lvula direccional neum\u00e1tica Rexroth 0820023026 Aventics #Q3 ZX, nueva, para control preciso en sistemas neum\u00e1ticos industriales.","breadcrumb":{"@id":"https:\/\/www.sdpcommerce.com\/producto\/valvula-rexroth-0820023026-valvula-direccional-neumatica-aventics-q3-zx\/#breadcrumb"},"inLanguage":"en-US","potentialAction":[{"@type":"ReadAction","target":["https:\/\/www.sdpcommerce.com\/producto\/valvula-rexroth-0820023026-valvula-direccional-neumatica-aventics-q3-zx\/"]}]},{"@type":"ImageObject","inLanguage":"en-US","@id":"https:\/\/www.sdpcommerce.com\/producto\/valvula-rexroth-0820023026-valvula-direccional-neumatica-aventics-q3-zx\/#primaryimage","url":"https:\/\/www.sdpcommerce.com\/wp-content\/uploads\/2025\/08\/valvula-rexroth-0820023026-aventics-q3-zx.jpg.png","contentUrl":"https:\/\/www.sdpcommerce.com\/wp-content\/uploads\/2025\/08\/valvula-rexroth-0820023026-aventics-q3-zx.jpg.png","width":749,"height":444,"caption":"V\u00e1lvula neum\u00e1tica Rexroth para sistemas industriales"},{"@type":"BreadcrumbList","@id":"https:\/\/www.sdpcommerce.com\/producto\/valvula-rexroth-0820023026-valvula-direccional-neumatica-aventics-q3-zx\/#breadcrumb","itemListElement":[{"@type":"ListItem","position":1,"name":"Portada","item":"https:\/\/www.sdpcommerce.com\/"},{"@type":"ListItem","position":2,"name":"STORE","item":"https:\/\/www.sdpcommerce.com\/shop-replacement-parts\/"},{"@type":"ListItem","position":3,"name":"Refacciones Industriales | Repuestos para Maquinaria y Equipos","item":"https:\/\/www.sdpcommerce.com\/categoria-producto\/refacciones-industriales\/"},{"@type":"ListItem","position":4,"name":"V\u00e1lvula Rexroth 0820023026 \u2013 V\u00e1lvula direccional neum\u00e1tica Aventics #Q3 ZX"}]},{"@type":"WebSite","@id":"https:\/\/www.sdpcommerce.com\/#website","url":"https:\/\/www.sdpcommerce.com\/","name":"SDP COMMERCE","description":"Contar con un proveedor que no solo te diga &ldquo;ya no existe&rdquo;, sino que &lt;strong&gt;te proponga un reemplazo funcional&lt;\/strong&gt;, es una ventaja competitiva. Algunas acciones que realiza un proveedor proactivo","publisher":{"@id":"https:\/\/www.sdpcommerce.com\/#organization"},"potentialAction":[{"@type":"SearchAction","target":{"@type":"EntryPoint","urlTemplate":"https:\/\/www.sdpcommerce.com\/?s={search_term_string}"},"query-input":{"@type":"PropertyValueSpecification","valueRequired":true,"valueName":"search_term_string"}}],"inLanguage":"en-US"},{"@type":"Organization","@id":"https:\/\/www.sdpcommerce.com\/#organization","name":"SDP COMMERCE","url":"https:\/\/www.sdpcommerce.com\/","logo":{"@type":"ImageObject","inLanguage":"en-US","@id":"https:\/\/www.sdpcommerce.com\/#\/schema\/logo\/image\/","url":"https:\/\/www.sdpcommerce.com\/wp-content\/uploads\/2025\/02\/Screenshot-2025-02-13-150556.png","contentUrl":"https:\/\/www.sdpcommerce.com\/wp-content\/uploads\/2025\/02\/Screenshot-2025-02-13-150556.png","width":114,"height":108,"caption":"SDP COMMERCE"},"image":{"@id":"https:\/\/www.sdpcommerce.com\/#\/schema\/logo\/image\/"},"sameAs":["https:\/\/www.facebook.com\/profile.php?id=61565795007009#"]}]}},"uagb_featured_image_src":{"full":["https:\/\/www.sdpcommerce.com\/wp-content\/uploads\/2025\/08\/valvula-rexroth-0820023026-aventics-q3-zx.jpg.png",749,444,false],"thumbnail":["https:\/\/www.sdpcommerce.com\/wp-content\/uploads\/2025\/08\/valvula-rexroth-0820023026-aventics-q3-zx.jpg-150x150.png",150,150,true],"medium":["https:\/\/www.sdpcommerce.com\/wp-content\/uploads\/2025\/08\/valvula-rexroth-0820023026-aventics-q3-zx.jpg-300x178.png",300,178,true],"medium_large":["https:\/\/www.sdpcommerce.com\/wp-content\/uploads\/2025\/08\/valvula-rexroth-0820023026-aventics-q3-zx.jpg.png",749,444,false],"large":["https:\/\/www.sdpcommerce.com\/wp-content\/uploads\/2025\/08\/valvula-rexroth-0820023026-aventics-q3-zx.jpg.png",749,444,false],"1536x1536":["https:\/\/www.sdpcommerce.com\/wp-content\/uploads\/2025\/08\/valvula-rexroth-0820023026-aventics-q3-zx.jpg.png",749,444,false],"2048x2048":["https:\/\/www.sdpcommerce.com\/wp-content\/uploads\/2025\/08\/valvula-rexroth-0820023026-aventics-q3-zx.jpg.png",749,444,false],"trp-custom-language-flag":["https:\/\/www.sdpcommerce.com\/wp-content\/uploads\/2025\/08\/valvula-rexroth-0820023026-aventics-q3-zx.jpg-18x12.png",18,12,true],"woocommerce_thumbnail":["https:\/\/www.sdpcommerce.com\/wp-content\/uploads\/2025\/08\/valvula-rexroth-0820023026-aventics-q3-zx.jpg-300x300.png",300,300,true],"woocommerce_single":["https:\/\/www.sdpcommerce.com\/wp-content\/uploads\/2025\/08\/valvula-rexroth-0820023026-aventics-q3-zx.jpg-600x356.png",600,356,true],"woocommerce_gallery_thumbnail":["https:\/\/www.sdpcommerce.com\/wp-content\/uploads\/2025\/08\/valvula-rexroth-0820023026-aventics-q3-zx.jpg-100x100.png",100,100,true]},"uagb_author_info":{"display_name":"admin","author_link":"https:\/\/www.sdpcommerce.com\/en\/author\/"},"uagb_comment_info":0,"uagb_excerpt":"V\u00e1lvula direccional neum\u00e1tica Rexroth 0820023026 Aventics #Q3 ZX, nueva, ideal para sistemas neum\u00e1ticos industriales que requieren precisi\u00f3n y confiabilidad.","_links":{"self":[{"href":"https:\/\/www.sdpcommerce.com\/en\/wp-json\/wp\/v2\/product\/2738","targetHints":{"allow":["GET"]}}],"collection":[{"href":"https:\/\/www.sdpcommerce.com\/en\/wp-json\/wp\/v2\/product"}],"about":[{"href":"https:\/\/www.sdpcommerce.com\/en\/wp-json\/wp\/v2\/types\/product"}],"replies":[{"embeddable":true,"href":"https:\/\/www.sdpcommerce.com\/en\/wp-json\/wp\/v2\/comments?post=2738"}],"wp:featuredmedia":[{"embeddable":true,"href":"https:\/\/www.sdpcommerce.com\/en\/wp-json\/wp\/v2\/media\/2739"}],"wp:attachment":[{"href":"https:\/\/www.sdpcommerce.com\/en\/wp-json\/wp\/v2\/media?parent=2738"}],"wp:term":[{"taxonomy":"product_brand","embeddable":true,"href":"https:\/\/www.sdpcommerce.com\/en\/wp-json\/wp\/v2\/product_brand?post=2738"},{"taxonomy":"product_cat","embeddable":true,"href":"https:\/\/www.sdpcommerce.com\/en\/wp-json\/wp\/v2\/product_cat?post=2738"},{"taxonomy":"product_tag","embeddable":true,"href":"https:\/\/www.sdpcommerce.com\/en\/wp-json\/wp\/v2\/product_tag?post=2738"}],"curies":[{"name":"wp","href":"https:\/\/api.w.org\/{rel}","templated":true}]}}