{"id":2729,"date":"2025-08-11T23:21:30","date_gmt":"2025-08-11T21:21:30","guid":{"rendered":"https:\/\/www.sdpcommerce.com\/?post_type=product&#038;p=2729"},"modified":"2025-08-11T23:21:30","modified_gmt":"2025-08-11T21:21:30","slug":"valvula-direccional-proporcional-rexroth-4we6-j53-ag24nk4","status":"publish","type":"product","link":"https:\/\/www.sdpcommerce.com\/en\/product\/valvula-direccional-proporcional-rexroth-4we6-j53-ag24nk4\/","title":{"rendered":"V\u00e1lvula direccional proporcional Rexroth 4WE 6 J53\/AG24NK4 \u2013 350 BAR NG 6"},"content":{"rendered":"<p>La v\u00e1lvula direccional proporcional Rexroth 4WE 6 J53\/AG24NK4 est\u00e1 dise\u00f1ada para ofrecer un control preciso en sistemas hidr\u00e1ulicos industriales. Con una capacidad de operaci\u00f3n de hasta 350 BAR y un tama\u00f1o est\u00e1ndar NG 6, esta v\u00e1lvula proporciona un rendimiento confiable y duradero.<br data-start=\"1119\" data-end=\"1122\" \/>Su dise\u00f1o permite una regulaci\u00f3n suave y proporcional del flujo hidr\u00e1ulico, optimizando la eficiencia y el control de maquinaria industrial. Es adecuada para aplicaciones que requieren alta precisi\u00f3n y resistencia en ambientes industriales exigentes.<\/p>","protected":false},"excerpt":{"rendered":"<p>V\u00e1lvula direccional proporcional Rexroth 4WE 6 J53\/AG24NK4, con capacidad de hasta 350 BAR y tama\u00f1o NG 6, ideal para control hidr\u00e1ulico industrial.<\/p>","protected":false},"featured_media":2730,"comment_status":"open","ping_status":"closed","template":"","meta":{"om_disable_all_campaigns":false,"_uag_custom_page_level_css":"","_monsterinsights_skip_tracking":false,"_monsterinsights_sitenote_active":false,"_monsterinsights_sitenote_note":"","_monsterinsights_sitenote_category":0,"site-sidebar-layout":"default","site-content-layout":"","ast-site-content-layout":"default","site-content-style":"default","site-sidebar-style":"default","ast-global-header-display":"","ast-banner-title-visibility":"","ast-main-header-display":"","ast-hfb-above-header-display":"","ast-hfb-below-header-display":"","ast-hfb-mobile-header-display":"","site-post-title":"","ast-breadcrumbs-content":"","ast-featured-img":"","footer-sml-layout":"","theme-transparent-header-meta":"default","adv-header-id-meta":"","stick-header-meta":"","header-above-stick-meta":"","header-main-stick-meta":"","header-below-stick-meta":"","astra-migrate-meta-layouts":"set","ast-page-background-enabled":"default","ast-page-background-meta":{"desktop":{"background-color":"var(--ast-global-color-4)","background-image":"","background-repeat":"repeat","background-position":"center center","background-size":"auto","background-attachment":"scroll","background-type":"","background-media":"","overlay-type":"","overlay-color":"","overlay-gradient":""},"tablet":{"background-color":"","background-image":"","background-repeat":"repeat","background-position":"center center","background-size":"auto","background-attachment":"scroll","background-type":"","background-media":"","overlay-type":"","overlay-color":"","overlay-gradient":""},"mobile":{"background-color":"","background-image":"","background-repeat":"repeat","background-position":"center center","background-size":"auto","background-attachment":"scroll","background-type":"","background-media":"","overlay-type":"","overlay-color":"","overlay-gradient":""}},"ast-content-background-meta":{"desktop":{"background-color":"var(--ast-global-color-5)","background-image":"","background-repeat":"repeat","background-position":"center center","background-size":"auto","background-attachment":"scroll","background-type":"","background-media":"","overlay-type":"","overlay-color":"","overlay-gradient":""},"tablet":{"background-color":"var(--ast-global-color-5)","background-image":"","background-repeat":"repeat","background-position":"center center","background-size":"auto","background-attachment":"scroll","background-type":"","background-media":"","overlay-type":"","overlay-color":"","overlay-gradient":""},"mobile":{"background-color":"var(--ast-global-color-5)","background-image":"","background-repeat":"repeat","background-position":"center center","background-size":"auto","background-attachment":"scroll","background-type":"","background-media":"","overlay-type":"","overlay-color":"","overlay-gradient":""}}},"product_brand":[656],"product_cat":[30],"product_tag":[664,665,662,663],"class_list":{"0":"post-2729","1":"product","2":"type-product","3":"status-publish","4":"has-post-thumbnail","6":"product_brand-marca-rexroth","7":"product_cat-refacciones-industriales","8":"product_tag-control-hidraulico-industrial","9":"product_tag-valvula-4we-6-j53-ag24nk4","10":"product_tag-valvula-direccional-proporcional-rexroth","11":"product_tag-valvulas-industriales-rexroth","12":"desktop-align-left","13":"tablet-align-left","14":"mobile-align-left","16":"first","17":"instock","18":"shipping-taxable","19":"purchasable","20":"product-type-simple"},"yoast_head":"<!-- This site is optimized with the Yoast SEO plugin v27.4 - https:\/\/yoast.com\/product\/yoast-seo-wordpress\/ -->\n<title>V\u00e1lvula direccional proporcional Rexroth 4WE 6 J53\/AG24NK4 \u2013 350 BAR NG 6<\/title>\n<meta name=\"description\" content=\"V\u00e1lvula direccional proporcional Rexroth 4WE 6 J53\/AG24NK4, capacidad 350 BAR, tama\u00f1o NG 6, para sistemas hidr\u00e1ulicos industriales precisos y confiables.\" \/>\n<meta name=\"robots\" content=\"index, follow, max-snippet:-1, max-image-preview:large, max-video-preview:-1\" \/>\n<link rel=\"canonical\" href=\"https:\/\/www.sdpcommerce.com\/en\/product\/valvula-direccional-proporcional-rexroth-4we6-j53-ag24nk4\/\" \/>\n<meta property=\"og:locale\" content=\"en_US\" \/>\n<meta property=\"og:type\" content=\"article\" \/>\n<meta property=\"og:title\" content=\"V\u00e1lvula direccional proporcional Rexroth 4WE 6 J53\/AG24NK4 \u2013 350 BAR NG 6\" \/>\n<meta property=\"og:description\" content=\"V\u00e1lvula direccional proporcional Rexroth 4WE 6 J53\/AG24NK4, capacidad 350 BAR, tama\u00f1o NG 6, para sistemas hidr\u00e1ulicos industriales precisos y confiables.\" \/>\n<meta property=\"og:url\" content=\"https:\/\/www.sdpcommerce.com\/en\/product\/valvula-direccional-proporcional-rexroth-4we6-j53-ag24nk4\/\" \/>\n<meta property=\"og:site_name\" content=\"&lt;strong&gt;Un buen proveedor no solo vende, asesora y soluciona&lt;\/strong&gt;\" \/>\n<meta property=\"article:publisher\" content=\"https:\/\/www.facebook.com\/profile.php?id=61565795007009#\" \/>\n<meta property=\"og:image\" content=\"https:\/\/www.sdpcommerce.com\/wp-content\/uploads\/2025\/08\/valvula-direccional-proporcional-rexroth-4we6-j53-ag24nk4.jpg.png\" \/>\n\t<meta property=\"og:image:width\" content=\"695\" \/>\n\t<meta property=\"og:image:height\" content=\"547\" \/>\n\t<meta property=\"og:image:type\" content=\"image\/png\" \/>\n<meta name=\"twitter:card\" content=\"summary_large_image\" \/>\n<meta name=\"twitter:label1\" content=\"Est. reading time\" \/>\n\t<meta name=\"twitter:data1\" content=\"1 minute\" \/>\n<script type=\"application\/ld+json\" class=\"yoast-schema-graph\">{\"@context\":\"https:\\\/\\\/schema.org\",\"@graph\":[{\"@type\":\"WebPage\",\"@id\":\"https:\\\/\\\/www.sdpcommerce.com\\\/producto\\\/valvula-direccional-proporcional-rexroth-4we6-j53-ag24nk4\\\/\",\"url\":\"https:\\\/\\\/www.sdpcommerce.com\\\/producto\\\/valvula-direccional-proporcional-rexroth-4we6-j53-ag24nk4\\\/\",\"name\":\"V\u00e1lvula direccional proporcional Rexroth 4WE 6 J53\\\/AG24NK4 \u2013 350 BAR NG 6\",\"isPartOf\":{\"@id\":\"https:\\\/\\\/www.sdpcommerce.com\\\/#website\"},\"primaryImageOfPage\":{\"@id\":\"https:\\\/\\\/www.sdpcommerce.com\\\/producto\\\/valvula-direccional-proporcional-rexroth-4we6-j53-ag24nk4\\\/#primaryimage\"},\"image\":{\"@id\":\"https:\\\/\\\/www.sdpcommerce.com\\\/producto\\\/valvula-direccional-proporcional-rexroth-4we6-j53-ag24nk4\\\/#primaryimage\"},\"thumbnailUrl\":\"https:\\\/\\\/www.sdpcommerce.com\\\/wp-content\\\/uploads\\\/2025\\\/08\\\/valvula-direccional-proporcional-rexroth-4we6-j53-ag24nk4.jpg.png\",\"datePublished\":\"2025-08-11T21:21:30+00:00\",\"description\":\"V\u00e1lvula direccional proporcional Rexroth 4WE 6 J53\\\/AG24NK4, capacidad 350 BAR, tama\u00f1o NG 6, para sistemas hidr\u00e1ulicos industriales precisos y confiables.\",\"breadcrumb\":{\"@id\":\"https:\\\/\\\/www.sdpcommerce.com\\\/producto\\\/valvula-direccional-proporcional-rexroth-4we6-j53-ag24nk4\\\/#breadcrumb\"},\"inLanguage\":\"en-US\",\"potentialAction\":[{\"@type\":\"ReadAction\",\"target\":[\"https:\\\/\\\/www.sdpcommerce.com\\\/producto\\\/valvula-direccional-proporcional-rexroth-4we6-j53-ag24nk4\\\/\"]}]},{\"@type\":\"ImageObject\",\"inLanguage\":\"en-US\",\"@id\":\"https:\\\/\\\/www.sdpcommerce.com\\\/producto\\\/valvula-direccional-proporcional-rexroth-4we6-j53-ag24nk4\\\/#primaryimage\",\"url\":\"https:\\\/\\\/www.sdpcommerce.com\\\/wp-content\\\/uploads\\\/2025\\\/08\\\/valvula-direccional-proporcional-rexroth-4we6-j53-ag24nk4.jpg.png\",\"contentUrl\":\"https:\\\/\\\/www.sdpcommerce.com\\\/wp-content\\\/uploads\\\/2025\\\/08\\\/valvula-direccional-proporcional-rexroth-4we6-j53-ag24nk4.jpg.png\",\"width\":695,\"height\":547,\"caption\":\"V\u00e1lvula hidr\u00e1ulica Rexroth 350 BAR NG 6\"},{\"@type\":\"BreadcrumbList\",\"@id\":\"https:\\\/\\\/www.sdpcommerce.com\\\/producto\\\/valvula-direccional-proporcional-rexroth-4we6-j53-ag24nk4\\\/#breadcrumb\",\"itemListElement\":[{\"@type\":\"ListItem\",\"position\":1,\"name\":\"Portada\",\"item\":\"https:\\\/\\\/www.sdpcommerce.com\\\/\"},{\"@type\":\"ListItem\",\"position\":2,\"name\":\"STORE\",\"item\":\"https:\\\/\\\/www.sdpcommerce.com\\\/shop-replacement-parts\\\/\"},{\"@type\":\"ListItem\",\"position\":3,\"name\":\"Refacciones Industriales | Repuestos para Maquinaria y Equipos\",\"item\":\"https:\\\/\\\/www.sdpcommerce.com\\\/categoria-producto\\\/refacciones-industriales\\\/\"},{\"@type\":\"ListItem\",\"position\":4,\"name\":\"V\u00e1lvula direccional proporcional Rexroth 4WE 6 J53\\\/AG24NK4 \u2013 350 BAR NG 6\"}]},{\"@type\":\"WebSite\",\"@id\":\"https:\\\/\\\/www.sdpcommerce.com\\\/#website\",\"url\":\"https:\\\/\\\/www.sdpcommerce.com\\\/\",\"name\":\"SDP COMMERCE\",\"description\":\" Contar con un proveedor que no solo te diga \u201cya no existe\u201d, sino que &lt;strong&gt;te proponga un reemplazo funcional&lt;\\\/strong&gt;, es una ventaja competitiva. Algunas acciones que realiza un proveedor proactivo\",\"publisher\":{\"@id\":\"https:\\\/\\\/www.sdpcommerce.com\\\/#organization\"},\"potentialAction\":[{\"@type\":\"SearchAction\",\"target\":{\"@type\":\"EntryPoint\",\"urlTemplate\":\"https:\\\/\\\/www.sdpcommerce.com\\\/?s={search_term_string}\"},\"query-input\":{\"@type\":\"PropertyValueSpecification\",\"valueRequired\":true,\"valueName\":\"search_term_string\"}}],\"inLanguage\":\"en-US\"},{\"@type\":\"Organization\",\"@id\":\"https:\\\/\\\/www.sdpcommerce.com\\\/#organization\",\"name\":\"SDP COMMERCE\",\"url\":\"https:\\\/\\\/www.sdpcommerce.com\\\/\",\"logo\":{\"@type\":\"ImageObject\",\"inLanguage\":\"en-US\",\"@id\":\"https:\\\/\\\/www.sdpcommerce.com\\\/#\\\/schema\\\/logo\\\/image\\\/\",\"url\":\"https:\\\/\\\/www.sdpcommerce.com\\\/wp-content\\\/uploads\\\/2025\\\/02\\\/Screenshot-2025-02-13-150556.png\",\"contentUrl\":\"https:\\\/\\\/www.sdpcommerce.com\\\/wp-content\\\/uploads\\\/2025\\\/02\\\/Screenshot-2025-02-13-150556.png\",\"width\":114,\"height\":108,\"caption\":\"SDP COMMERCE\"},\"image\":{\"@id\":\"https:\\\/\\\/www.sdpcommerce.com\\\/#\\\/schema\\\/logo\\\/image\\\/\"},\"sameAs\":[\"https:\\\/\\\/www.facebook.com\\\/profile.php?id=61565795007009#\"]}]}<\/script>\n<!-- \/ Yoast SEO plugin. -->","yoast_head_json":{"title":"V\u00e1lvula direccional proporcional Rexroth 4WE 6 J53\/AG24NK4 \u2013 350 BAR NG 6","description":"V\u00e1lvula direccional proporcional Rexroth 4WE 6 J53\/AG24NK4, capacidad 350 BAR, tama\u00f1o NG 6, para sistemas hidr\u00e1ulicos industriales precisos y confiables.","robots":{"index":"index","follow":"follow","max-snippet":"max-snippet:-1","max-image-preview":"max-image-preview:large","max-video-preview":"max-video-preview:-1"},"canonical":"https:\/\/www.sdpcommerce.com\/en\/product\/valvula-direccional-proporcional-rexroth-4we6-j53-ag24nk4\/","og_locale":"en_US","og_type":"article","og_title":"V\u00e1lvula direccional proporcional Rexroth 4WE 6 J53\/AG24NK4 \u2013 350 BAR NG 6","og_description":"V\u00e1lvula direccional proporcional Rexroth 4WE 6 J53\/AG24NK4, capacidad 350 BAR, tama\u00f1o NG 6, para sistemas hidr\u00e1ulicos industriales precisos y confiables.","og_url":"https:\/\/www.sdpcommerce.com\/en\/product\/valvula-direccional-proporcional-rexroth-4we6-j53-ag24nk4\/","og_site_name":"&lt;strong&gt;Un buen proveedor no solo vende, asesora y soluciona&lt;\/strong&gt;","article_publisher":"https:\/\/www.facebook.com\/profile.php?id=61565795007009#","og_image":[{"width":695,"height":547,"url":"https:\/\/www.sdpcommerce.com\/wp-content\/uploads\/2025\/08\/valvula-direccional-proporcional-rexroth-4we6-j53-ag24nk4.jpg.png","type":"image\/png"}],"twitter_card":"summary_large_image","twitter_misc":{"Est. reading time":"1 minute"},"schema":{"@context":"https:\/\/schema.org","@graph":[{"@type":"WebPage","@id":"https:\/\/www.sdpcommerce.com\/producto\/valvula-direccional-proporcional-rexroth-4we6-j53-ag24nk4\/","url":"https:\/\/www.sdpcommerce.com\/producto\/valvula-direccional-proporcional-rexroth-4we6-j53-ag24nk4\/","name":"V\u00e1lvula direccional proporcional Rexroth 4WE 6 J53\/AG24NK4 \u2013 350 BAR NG 6","isPartOf":{"@id":"https:\/\/www.sdpcommerce.com\/#website"},"primaryImageOfPage":{"@id":"https:\/\/www.sdpcommerce.com\/producto\/valvula-direccional-proporcional-rexroth-4we6-j53-ag24nk4\/#primaryimage"},"image":{"@id":"https:\/\/www.sdpcommerce.com\/producto\/valvula-direccional-proporcional-rexroth-4we6-j53-ag24nk4\/#primaryimage"},"thumbnailUrl":"https:\/\/www.sdpcommerce.com\/wp-content\/uploads\/2025\/08\/valvula-direccional-proporcional-rexroth-4we6-j53-ag24nk4.jpg.png","datePublished":"2025-08-11T21:21:30+00:00","description":"V\u00e1lvula direccional proporcional Rexroth 4WE 6 J53\/AG24NK4, capacidad 350 BAR, tama\u00f1o NG 6, para sistemas hidr\u00e1ulicos industriales precisos y confiables.","breadcrumb":{"@id":"https:\/\/www.sdpcommerce.com\/producto\/valvula-direccional-proporcional-rexroth-4we6-j53-ag24nk4\/#breadcrumb"},"inLanguage":"en-US","potentialAction":[{"@type":"ReadAction","target":["https:\/\/www.sdpcommerce.com\/producto\/valvula-direccional-proporcional-rexroth-4we6-j53-ag24nk4\/"]}]},{"@type":"ImageObject","inLanguage":"en-US","@id":"https:\/\/www.sdpcommerce.com\/producto\/valvula-direccional-proporcional-rexroth-4we6-j53-ag24nk4\/#primaryimage","url":"https:\/\/www.sdpcommerce.com\/wp-content\/uploads\/2025\/08\/valvula-direccional-proporcional-rexroth-4we6-j53-ag24nk4.jpg.png","contentUrl":"https:\/\/www.sdpcommerce.com\/wp-content\/uploads\/2025\/08\/valvula-direccional-proporcional-rexroth-4we6-j53-ag24nk4.jpg.png","width":695,"height":547,"caption":"V\u00e1lvula hidr\u00e1ulica Rexroth 350 BAR NG 6"},{"@type":"BreadcrumbList","@id":"https:\/\/www.sdpcommerce.com\/producto\/valvula-direccional-proporcional-rexroth-4we6-j53-ag24nk4\/#breadcrumb","itemListElement":[{"@type":"ListItem","position":1,"name":"Portada","item":"https:\/\/www.sdpcommerce.com\/"},{"@type":"ListItem","position":2,"name":"STORE","item":"https:\/\/www.sdpcommerce.com\/shop-replacement-parts\/"},{"@type":"ListItem","position":3,"name":"Refacciones Industriales | Repuestos para Maquinaria y Equipos","item":"https:\/\/www.sdpcommerce.com\/categoria-producto\/refacciones-industriales\/"},{"@type":"ListItem","position":4,"name":"V\u00e1lvula direccional proporcional Rexroth 4WE 6 J53\/AG24NK4 \u2013 350 BAR NG 6"}]},{"@type":"WebSite","@id":"https:\/\/www.sdpcommerce.com\/#website","url":"https:\/\/www.sdpcommerce.com\/","name":"SDP COMMERCE","description":"Contar con un proveedor que no solo te diga &ldquo;ya no existe&rdquo;, sino que &lt;strong&gt;te proponga un reemplazo funcional&lt;\/strong&gt;, es una ventaja competitiva. Algunas acciones que realiza un proveedor proactivo","publisher":{"@id":"https:\/\/www.sdpcommerce.com\/#organization"},"potentialAction":[{"@type":"SearchAction","target":{"@type":"EntryPoint","urlTemplate":"https:\/\/www.sdpcommerce.com\/?s={search_term_string}"},"query-input":{"@type":"PropertyValueSpecification","valueRequired":true,"valueName":"search_term_string"}}],"inLanguage":"en-US"},{"@type":"Organization","@id":"https:\/\/www.sdpcommerce.com\/#organization","name":"SDP COMMERCE","url":"https:\/\/www.sdpcommerce.com\/","logo":{"@type":"ImageObject","inLanguage":"en-US","@id":"https:\/\/www.sdpcommerce.com\/#\/schema\/logo\/image\/","url":"https:\/\/www.sdpcommerce.com\/wp-content\/uploads\/2025\/02\/Screenshot-2025-02-13-150556.png","contentUrl":"https:\/\/www.sdpcommerce.com\/wp-content\/uploads\/2025\/02\/Screenshot-2025-02-13-150556.png","width":114,"height":108,"caption":"SDP COMMERCE"},"image":{"@id":"https:\/\/www.sdpcommerce.com\/#\/schema\/logo\/image\/"},"sameAs":["https:\/\/www.facebook.com\/profile.php?id=61565795007009#"]}]}},"uagb_featured_image_src":{"full":["https:\/\/www.sdpcommerce.com\/wp-content\/uploads\/2025\/08\/valvula-direccional-proporcional-rexroth-4we6-j53-ag24nk4.jpg.png",695,547,false],"thumbnail":["https:\/\/www.sdpcommerce.com\/wp-content\/uploads\/2025\/08\/valvula-direccional-proporcional-rexroth-4we6-j53-ag24nk4.jpg-150x150.png",150,150,true],"medium":["https:\/\/www.sdpcommerce.com\/wp-content\/uploads\/2025\/08\/valvula-direccional-proporcional-rexroth-4we6-j53-ag24nk4.jpg-300x236.png",300,236,true],"medium_large":["https:\/\/www.sdpcommerce.com\/wp-content\/uploads\/2025\/08\/valvula-direccional-proporcional-rexroth-4we6-j53-ag24nk4.jpg.png",695,547,false],"large":["https:\/\/www.sdpcommerce.com\/wp-content\/uploads\/2025\/08\/valvula-direccional-proporcional-rexroth-4we6-j53-ag24nk4.jpg.png",695,547,false],"1536x1536":["https:\/\/www.sdpcommerce.com\/wp-content\/uploads\/2025\/08\/valvula-direccional-proporcional-rexroth-4we6-j53-ag24nk4.jpg.png",695,547,false],"2048x2048":["https:\/\/www.sdpcommerce.com\/wp-content\/uploads\/2025\/08\/valvula-direccional-proporcional-rexroth-4we6-j53-ag24nk4.jpg.png",695,547,false],"trp-custom-language-flag":["https:\/\/www.sdpcommerce.com\/wp-content\/uploads\/2025\/08\/valvula-direccional-proporcional-rexroth-4we6-j53-ag24nk4.jpg-15x12.png",15,12,true],"woocommerce_thumbnail":["https:\/\/www.sdpcommerce.com\/wp-content\/uploads\/2025\/08\/valvula-direccional-proporcional-rexroth-4we6-j53-ag24nk4.jpg-300x300.png",300,300,true],"woocommerce_single":["https:\/\/www.sdpcommerce.com\/wp-content\/uploads\/2025\/08\/valvula-direccional-proporcional-rexroth-4we6-j53-ag24nk4.jpg-600x472.png",600,472,true],"woocommerce_gallery_thumbnail":["https:\/\/www.sdpcommerce.com\/wp-content\/uploads\/2025\/08\/valvula-direccional-proporcional-rexroth-4we6-j53-ag24nk4.jpg-100x100.png",100,100,true]},"uagb_author_info":{"display_name":"admin","author_link":"https:\/\/www.sdpcommerce.com\/en\/author\/"},"uagb_comment_info":0,"uagb_excerpt":"V\u00e1lvula direccional proporcional Rexroth 4WE 6 J53\/AG24NK4, con capacidad de hasta 350 BAR y tama\u00f1o NG 6, ideal para control hidr\u00e1ulico industrial.","_links":{"self":[{"href":"https:\/\/www.sdpcommerce.com\/en\/wp-json\/wp\/v2\/product\/2729","targetHints":{"allow":["GET"]}}],"collection":[{"href":"https:\/\/www.sdpcommerce.com\/en\/wp-json\/wp\/v2\/product"}],"about":[{"href":"https:\/\/www.sdpcommerce.com\/en\/wp-json\/wp\/v2\/types\/product"}],"replies":[{"embeddable":true,"href":"https:\/\/www.sdpcommerce.com\/en\/wp-json\/wp\/v2\/comments?post=2729"}],"wp:featuredmedia":[{"embeddable":true,"href":"https:\/\/www.sdpcommerce.com\/en\/wp-json\/wp\/v2\/media\/2730"}],"wp:attachment":[{"href":"https:\/\/www.sdpcommerce.com\/en\/wp-json\/wp\/v2\/media?parent=2729"}],"wp:term":[{"taxonomy":"product_brand","embeddable":true,"href":"https:\/\/www.sdpcommerce.com\/en\/wp-json\/wp\/v2\/product_brand?post=2729"},{"taxonomy":"product_cat","embeddable":true,"href":"https:\/\/www.sdpcommerce.com\/en\/wp-json\/wp\/v2\/product_cat?post=2729"},{"taxonomy":"product_tag","embeddable":true,"href":"https:\/\/www.sdpcommerce.com\/en\/wp-json\/wp\/v2\/product_tag?post=2729"}],"curies":[{"name":"wp","href":"https:\/\/api.w.org\/{rel}","templated":true}]}}