{"id":2705,"date":"2025-08-11T21:07:56","date_gmt":"2025-08-11T19:07:56","guid":{"rendered":"https:\/\/www.sdpcommerce.com\/?post_type=product&#038;p=2705"},"modified":"2025-08-11T21:07:56","modified_gmt":"2025-08-11T19:07:56","slug":"mv2000-hitek-power-fuente-poder-media-tension-2kw","status":"publish","type":"product","link":"https:\/\/www.sdpcommerce.com\/en\/product\/mv2000-hitek-power-fuente-poder-media-tension-2kw\/","title":{"rendered":"MV2000 Series HITEK POWER \u2013 Fuente de poder de media tensi\u00f3n 2 kW montable en rac"},"content":{"rendered":"<p>La <strong data-start=\"894\" data-end=\"926\">MV2000 Series de HITEK POWER<\/strong> es una l\u00ednea de fuentes de poder de alto rendimiento con capacidad de <strong data-start=\"997\" data-end=\"1022\">2 kW en media tensi\u00f3n<\/strong>, dise\u00f1adas para montaje en rack. Su construcci\u00f3n robusta y electr\u00f3nica avanzada garantizan un suministro estable y confiable de energ\u00eda en entornos industriales exigentes.<br data-start=\"1194\" data-end=\"1197\" \/>Estas fuentes de poder ofrecen control preciso de voltaje y corriente, alta eficiencia y protecciones integradas para prolongar la vida \u00fatil de los equipos conectados. Ideales para laboratorios, manufactura de alta tecnolog\u00eda, telecomunicaciones y sistemas de prueba industrial, las MV2000 destacan por su confiabilidad y facilidad de integraci\u00f3n en sistemas existentes.<\/p>","protected":false},"excerpt":{"rendered":"<p>Fuente de poder industrial MV2000 Series HITEK POWER, 2 kW de media tensi\u00f3n, dise\u00f1o montable en rack y alto rendimiento para aplicaciones cr\u00edticas.<\/p>","protected":false},"featured_media":2706,"comment_status":"open","ping_status":"closed","template":"","meta":{"om_disable_all_campaigns":false,"_uag_custom_page_level_css":"","_monsterinsights_skip_tracking":false,"_monsterinsights_sitenote_active":false,"_monsterinsights_sitenote_note":"","_monsterinsights_sitenote_category":0,"site-sidebar-layout":"default","site-content-layout":"","ast-site-content-layout":"default","site-content-style":"default","site-sidebar-style":"default","ast-global-header-display":"","ast-banner-title-visibility":"","ast-main-header-display":"","ast-hfb-above-header-display":"","ast-hfb-below-header-display":"","ast-hfb-mobile-header-display":"","site-post-title":"","ast-breadcrumbs-content":"","ast-featured-img":"","footer-sml-layout":"","theme-transparent-header-meta":"default","adv-header-id-meta":"","stick-header-meta":"","header-above-stick-meta":"","header-main-stick-meta":"","header-below-stick-meta":"","astra-migrate-meta-layouts":"set","ast-page-background-enabled":"default","ast-page-background-meta":{"desktop":{"background-color":"var(--ast-global-color-4)","background-image":"","background-repeat":"repeat","background-position":"center center","background-size":"auto","background-attachment":"scroll","background-type":"","background-media":"","overlay-type":"","overlay-color":"","overlay-gradient":""},"tablet":{"background-color":"","background-image":"","background-repeat":"repeat","background-position":"center center","background-size":"auto","background-attachment":"scroll","background-type":"","background-media":"","overlay-type":"","overlay-color":"","overlay-gradient":""},"mobile":{"background-color":"","background-image":"","background-repeat":"repeat","background-position":"center center","background-size":"auto","background-attachment":"scroll","background-type":"","background-media":"","overlay-type":"","overlay-color":"","overlay-gradient":""}},"ast-content-background-meta":{"desktop":{"background-color":"var(--ast-global-color-5)","background-image":"","background-repeat":"repeat","background-position":"center center","background-size":"auto","background-attachment":"scroll","background-type":"","background-media":"","overlay-type":"","overlay-color":"","overlay-gradient":""},"tablet":{"background-color":"var(--ast-global-color-5)","background-image":"","background-repeat":"repeat","background-position":"center center","background-size":"auto","background-attachment":"scroll","background-type":"","background-media":"","overlay-type":"","overlay-color":"","overlay-gradient":""},"mobile":{"background-color":"var(--ast-global-color-5)","background-image":"","background-repeat":"repeat","background-position":"center center","background-size":"auto","background-attachment":"scroll","background-type":"","background-media":"","overlay-type":"","overlay-color":"","overlay-gradient":""}}},"product_brand":[470],"product_cat":[30],"product_tag":[624,619,621,623,622,618,620],"class_list":{"0":"post-2705","1":"product","2":"type-product","3":"status-publish","4":"has-post-thumbnail","6":"product_brand-marca-industrial-advanced-energy","7":"product_cat-refacciones-industriales","8":"product_tag-equipos-electricos-industriales","9":"product_tag-fuente-de-poder-industrial-2-kw","10":"product_tag-fuente-de-poder-montable-en-rack","11":"product_tag-fuentes-industriales-de-alto-rendimiento","12":"product_tag-high-voltage-power-supply","13":"product_tag-hitek-power-mv2000","14":"product_tag-power-supply-media-tension","15":"desktop-align-left","16":"tablet-align-left","17":"mobile-align-left","19":"first","20":"instock","21":"shipping-taxable","22":"product-type-simple"},"yoast_head":"<!-- This site is optimized with the Yoast SEO plugin v27.4 - https:\/\/yoast.com\/product\/yoast-seo-wordpress\/ -->\n<title>MV2000 Series HITEK POWER \u2013 Fuente de poder de media tensi\u00f3n 2 kW montable en rack<\/title>\n<meta name=\"description\" content=\"Fuente de poder MV2000 Series HITEK POWER de 2 kW, media tensi\u00f3n, alto rendimiento y montaje en rack. Ideal para aplicaciones industriales exigentes.\" \/>\n<meta name=\"robots\" content=\"index, follow, max-snippet:-1, max-image-preview:large, max-video-preview:-1\" \/>\n<link rel=\"canonical\" href=\"https:\/\/www.sdpcommerce.com\/en\/product\/mv2000-hitek-power-fuente-poder-media-tension-2kw\/\" \/>\n<meta property=\"og:locale\" content=\"en_US\" \/>\n<meta property=\"og:type\" content=\"article\" \/>\n<meta property=\"og:title\" content=\"MV2000 Series HITEK POWER \u2013 Fuente de poder de media tensi\u00f3n 2 kW montable en rack\" \/>\n<meta property=\"og:description\" content=\"Fuente de poder MV2000 Series HITEK POWER de 2 kW, media tensi\u00f3n, alto rendimiento y montaje en rack. Ideal para aplicaciones industriales exigentes.\" \/>\n<meta property=\"og:url\" content=\"https:\/\/www.sdpcommerce.com\/en\/product\/mv2000-hitek-power-fuente-poder-media-tension-2kw\/\" \/>\n<meta property=\"og:site_name\" content=\"&lt;strong&gt;Un buen proveedor no solo vende, asesora y soluciona&lt;\/strong&gt;\" \/>\n<meta property=\"article:publisher\" content=\"https:\/\/www.facebook.com\/profile.php?id=61565795007009#\" \/>\n<meta property=\"og:image\" content=\"https:\/\/www.sdpcommerce.com\/wp-content\/uploads\/2025\/08\/hitek-power-mv2000-fuente-media-tension-2kw.jpg.png\" \/>\n\t<meta property=\"og:image:width\" content=\"387\" \/>\n\t<meta property=\"og:image:height\" content=\"324\" \/>\n\t<meta property=\"og:image:type\" content=\"image\/png\" \/>\n<meta name=\"twitter:card\" content=\"summary_large_image\" \/>\n<meta name=\"twitter:label1\" content=\"Est. reading time\" \/>\n\t<meta name=\"twitter:data1\" content=\"1 minute\" \/>\n<script type=\"application\/ld+json\" class=\"yoast-schema-graph\">{\"@context\":\"https:\\\/\\\/schema.org\",\"@graph\":[{\"@type\":\"WebPage\",\"@id\":\"https:\\\/\\\/www.sdpcommerce.com\\\/producto\\\/mv2000-hitek-power-fuente-poder-media-tension-2kw\\\/\",\"url\":\"https:\\\/\\\/www.sdpcommerce.com\\\/producto\\\/mv2000-hitek-power-fuente-poder-media-tension-2kw\\\/\",\"name\":\"MV2000 Series HITEK POWER \u2013 Fuente de poder de media tensi\u00f3n 2 kW montable en rack\",\"isPartOf\":{\"@id\":\"https:\\\/\\\/www.sdpcommerce.com\\\/#website\"},\"primaryImageOfPage\":{\"@id\":\"https:\\\/\\\/www.sdpcommerce.com\\\/producto\\\/mv2000-hitek-power-fuente-poder-media-tension-2kw\\\/#primaryimage\"},\"image\":{\"@id\":\"https:\\\/\\\/www.sdpcommerce.com\\\/producto\\\/mv2000-hitek-power-fuente-poder-media-tension-2kw\\\/#primaryimage\"},\"thumbnailUrl\":\"https:\\\/\\\/www.sdpcommerce.com\\\/wp-content\\\/uploads\\\/2025\\\/08\\\/hitek-power-mv2000-fuente-media-tension-2kw.jpg.png\",\"datePublished\":\"2025-08-11T19:07:56+00:00\",\"description\":\"Fuente de poder MV2000 Series HITEK POWER de 2 kW, media tensi\u00f3n, alto rendimiento y montaje en rack. Ideal para aplicaciones industriales exigentes.\",\"breadcrumb\":{\"@id\":\"https:\\\/\\\/www.sdpcommerce.com\\\/producto\\\/mv2000-hitek-power-fuente-poder-media-tension-2kw\\\/#breadcrumb\"},\"inLanguage\":\"en-US\",\"potentialAction\":[{\"@type\":\"ReadAction\",\"target\":[\"https:\\\/\\\/www.sdpcommerce.com\\\/producto\\\/mv2000-hitek-power-fuente-poder-media-tension-2kw\\\/\"]}]},{\"@type\":\"ImageObject\",\"inLanguage\":\"en-US\",\"@id\":\"https:\\\/\\\/www.sdpcommerce.com\\\/producto\\\/mv2000-hitek-power-fuente-poder-media-tension-2kw\\\/#primaryimage\",\"url\":\"https:\\\/\\\/www.sdpcommerce.com\\\/wp-content\\\/uploads\\\/2025\\\/08\\\/hitek-power-mv2000-fuente-media-tension-2kw.jpg.png\",\"contentUrl\":\"https:\\\/\\\/www.sdpcommerce.com\\\/wp-content\\\/uploads\\\/2025\\\/08\\\/hitek-power-mv2000-fuente-media-tension-2kw.jpg.png\",\"width\":387,\"height\":324,\"caption\":\"hitek-power-mv2000-industrial-power-supply.jpg\"},{\"@type\":\"BreadcrumbList\",\"@id\":\"https:\\\/\\\/www.sdpcommerce.com\\\/producto\\\/mv2000-hitek-power-fuente-poder-media-tension-2kw\\\/#breadcrumb\",\"itemListElement\":[{\"@type\":\"ListItem\",\"position\":1,\"name\":\"Portada\",\"item\":\"https:\\\/\\\/www.sdpcommerce.com\\\/\"},{\"@type\":\"ListItem\",\"position\":2,\"name\":\"STORE\",\"item\":\"https:\\\/\\\/www.sdpcommerce.com\\\/shop-replacement-parts\\\/\"},{\"@type\":\"ListItem\",\"position\":3,\"name\":\"Refacciones Industriales | Repuestos para Maquinaria y Equipos\",\"item\":\"https:\\\/\\\/www.sdpcommerce.com\\\/categoria-producto\\\/refacciones-industriales\\\/\"},{\"@type\":\"ListItem\",\"position\":4,\"name\":\"MV2000 Series HITEK POWER \u2013 Fuente de poder de media tensi\u00f3n 2 kW montable en rac\"}]},{\"@type\":\"WebSite\",\"@id\":\"https:\\\/\\\/www.sdpcommerce.com\\\/#website\",\"url\":\"https:\\\/\\\/www.sdpcommerce.com\\\/\",\"name\":\"SDP COMMERCE\",\"description\":\" Contar con un proveedor que no solo te diga \u201cya no existe\u201d, sino que &lt;strong&gt;te proponga un reemplazo funcional&lt;\\\/strong&gt;, es una ventaja competitiva. Algunas acciones que realiza un proveedor proactivo\",\"publisher\":{\"@id\":\"https:\\\/\\\/www.sdpcommerce.com\\\/#organization\"},\"potentialAction\":[{\"@type\":\"SearchAction\",\"target\":{\"@type\":\"EntryPoint\",\"urlTemplate\":\"https:\\\/\\\/www.sdpcommerce.com\\\/?s={search_term_string}\"},\"query-input\":{\"@type\":\"PropertyValueSpecification\",\"valueRequired\":true,\"valueName\":\"search_term_string\"}}],\"inLanguage\":\"en-US\"},{\"@type\":\"Organization\",\"@id\":\"https:\\\/\\\/www.sdpcommerce.com\\\/#organization\",\"name\":\"SDP COMMERCE\",\"url\":\"https:\\\/\\\/www.sdpcommerce.com\\\/\",\"logo\":{\"@type\":\"ImageObject\",\"inLanguage\":\"en-US\",\"@id\":\"https:\\\/\\\/www.sdpcommerce.com\\\/#\\\/schema\\\/logo\\\/image\\\/\",\"url\":\"https:\\\/\\\/www.sdpcommerce.com\\\/wp-content\\\/uploads\\\/2025\\\/02\\\/Screenshot-2025-02-13-150556.png\",\"contentUrl\":\"https:\\\/\\\/www.sdpcommerce.com\\\/wp-content\\\/uploads\\\/2025\\\/02\\\/Screenshot-2025-02-13-150556.png\",\"width\":114,\"height\":108,\"caption\":\"SDP COMMERCE\"},\"image\":{\"@id\":\"https:\\\/\\\/www.sdpcommerce.com\\\/#\\\/schema\\\/logo\\\/image\\\/\"},\"sameAs\":[\"https:\\\/\\\/www.facebook.com\\\/profile.php?id=61565795007009#\"]}]}<\/script>\n<!-- \/ Yoast SEO plugin. -->","yoast_head_json":{"title":"MV2000 Series HITEK POWER \u2013 Fuente de poder de media tensi\u00f3n 2 kW montable en rack","description":"Fuente de poder MV2000 Series HITEK POWER de 2 kW, media tensi\u00f3n, alto rendimiento y montaje en rack. Ideal para aplicaciones industriales exigentes.","robots":{"index":"index","follow":"follow","max-snippet":"max-snippet:-1","max-image-preview":"max-image-preview:large","max-video-preview":"max-video-preview:-1"},"canonical":"https:\/\/www.sdpcommerce.com\/en\/product\/mv2000-hitek-power-fuente-poder-media-tension-2kw\/","og_locale":"en_US","og_type":"article","og_title":"MV2000 Series HITEK POWER \u2013 Fuente de poder de media tensi\u00f3n 2 kW montable en rack","og_description":"Fuente de poder MV2000 Series HITEK POWER de 2 kW, media tensi\u00f3n, alto rendimiento y montaje en rack. Ideal para aplicaciones industriales exigentes.","og_url":"https:\/\/www.sdpcommerce.com\/en\/product\/mv2000-hitek-power-fuente-poder-media-tension-2kw\/","og_site_name":"&lt;strong&gt;Un buen proveedor no solo vende, asesora y soluciona&lt;\/strong&gt;","article_publisher":"https:\/\/www.facebook.com\/profile.php?id=61565795007009#","og_image":[{"width":387,"height":324,"url":"https:\/\/www.sdpcommerce.com\/wp-content\/uploads\/2025\/08\/hitek-power-mv2000-fuente-media-tension-2kw.jpg.png","type":"image\/png"}],"twitter_card":"summary_large_image","twitter_misc":{"Est. reading time":"1 minute"},"schema":{"@context":"https:\/\/schema.org","@graph":[{"@type":"WebPage","@id":"https:\/\/www.sdpcommerce.com\/producto\/mv2000-hitek-power-fuente-poder-media-tension-2kw\/","url":"https:\/\/www.sdpcommerce.com\/producto\/mv2000-hitek-power-fuente-poder-media-tension-2kw\/","name":"MV2000 Series HITEK POWER \u2013 Fuente de poder de media tensi\u00f3n 2 kW montable en rack","isPartOf":{"@id":"https:\/\/www.sdpcommerce.com\/#website"},"primaryImageOfPage":{"@id":"https:\/\/www.sdpcommerce.com\/producto\/mv2000-hitek-power-fuente-poder-media-tension-2kw\/#primaryimage"},"image":{"@id":"https:\/\/www.sdpcommerce.com\/producto\/mv2000-hitek-power-fuente-poder-media-tension-2kw\/#primaryimage"},"thumbnailUrl":"https:\/\/www.sdpcommerce.com\/wp-content\/uploads\/2025\/08\/hitek-power-mv2000-fuente-media-tension-2kw.jpg.png","datePublished":"2025-08-11T19:07:56+00:00","description":"Fuente de poder MV2000 Series HITEK POWER de 2 kW, media tensi\u00f3n, alto rendimiento y montaje en rack. Ideal para aplicaciones industriales exigentes.","breadcrumb":{"@id":"https:\/\/www.sdpcommerce.com\/producto\/mv2000-hitek-power-fuente-poder-media-tension-2kw\/#breadcrumb"},"inLanguage":"en-US","potentialAction":[{"@type":"ReadAction","target":["https:\/\/www.sdpcommerce.com\/producto\/mv2000-hitek-power-fuente-poder-media-tension-2kw\/"]}]},{"@type":"ImageObject","inLanguage":"en-US","@id":"https:\/\/www.sdpcommerce.com\/producto\/mv2000-hitek-power-fuente-poder-media-tension-2kw\/#primaryimage","url":"https:\/\/www.sdpcommerce.com\/wp-content\/uploads\/2025\/08\/hitek-power-mv2000-fuente-media-tension-2kw.jpg.png","contentUrl":"https:\/\/www.sdpcommerce.com\/wp-content\/uploads\/2025\/08\/hitek-power-mv2000-fuente-media-tension-2kw.jpg.png","width":387,"height":324,"caption":"hitek-power-mv2000-industrial-power-supply.jpg"},{"@type":"BreadcrumbList","@id":"https:\/\/www.sdpcommerce.com\/producto\/mv2000-hitek-power-fuente-poder-media-tension-2kw\/#breadcrumb","itemListElement":[{"@type":"ListItem","position":1,"name":"Portada","item":"https:\/\/www.sdpcommerce.com\/"},{"@type":"ListItem","position":2,"name":"STORE","item":"https:\/\/www.sdpcommerce.com\/shop-replacement-parts\/"},{"@type":"ListItem","position":3,"name":"Refacciones Industriales | Repuestos para Maquinaria y Equipos","item":"https:\/\/www.sdpcommerce.com\/categoria-producto\/refacciones-industriales\/"},{"@type":"ListItem","position":4,"name":"MV2000 Series HITEK POWER \u2013 Fuente de poder de media tensi\u00f3n 2 kW montable en rac"}]},{"@type":"WebSite","@id":"https:\/\/www.sdpcommerce.com\/#website","url":"https:\/\/www.sdpcommerce.com\/","name":"SDP COMMERCE","description":"Contar con un proveedor que no solo te diga &ldquo;ya no existe&rdquo;, sino que &lt;strong&gt;te proponga un reemplazo funcional&lt;\/strong&gt;, es una ventaja competitiva. Algunas acciones que realiza un proveedor proactivo","publisher":{"@id":"https:\/\/www.sdpcommerce.com\/#organization"},"potentialAction":[{"@type":"SearchAction","target":{"@type":"EntryPoint","urlTemplate":"https:\/\/www.sdpcommerce.com\/?s={search_term_string}"},"query-input":{"@type":"PropertyValueSpecification","valueRequired":true,"valueName":"search_term_string"}}],"inLanguage":"en-US"},{"@type":"Organization","@id":"https:\/\/www.sdpcommerce.com\/#organization","name":"SDP COMMERCE","url":"https:\/\/www.sdpcommerce.com\/","logo":{"@type":"ImageObject","inLanguage":"en-US","@id":"https:\/\/www.sdpcommerce.com\/#\/schema\/logo\/image\/","url":"https:\/\/www.sdpcommerce.com\/wp-content\/uploads\/2025\/02\/Screenshot-2025-02-13-150556.png","contentUrl":"https:\/\/www.sdpcommerce.com\/wp-content\/uploads\/2025\/02\/Screenshot-2025-02-13-150556.png","width":114,"height":108,"caption":"SDP COMMERCE"},"image":{"@id":"https:\/\/www.sdpcommerce.com\/#\/schema\/logo\/image\/"},"sameAs":["https:\/\/www.facebook.com\/profile.php?id=61565795007009#"]}]}},"uagb_featured_image_src":{"full":["https:\/\/www.sdpcommerce.com\/wp-content\/uploads\/2025\/08\/hitek-power-mv2000-fuente-media-tension-2kw.jpg.png",387,324,false],"thumbnail":["https:\/\/www.sdpcommerce.com\/wp-content\/uploads\/2025\/08\/hitek-power-mv2000-fuente-media-tension-2kw.jpg-150x150.png",150,150,true],"medium":["https:\/\/www.sdpcommerce.com\/wp-content\/uploads\/2025\/08\/hitek-power-mv2000-fuente-media-tension-2kw.jpg-300x251.png",300,251,true],"medium_large":["https:\/\/www.sdpcommerce.com\/wp-content\/uploads\/2025\/08\/hitek-power-mv2000-fuente-media-tension-2kw.jpg.png",387,324,false],"large":["https:\/\/www.sdpcommerce.com\/wp-content\/uploads\/2025\/08\/hitek-power-mv2000-fuente-media-tension-2kw.jpg.png",387,324,false],"1536x1536":["https:\/\/www.sdpcommerce.com\/wp-content\/uploads\/2025\/08\/hitek-power-mv2000-fuente-media-tension-2kw.jpg.png",387,324,false],"2048x2048":["https:\/\/www.sdpcommerce.com\/wp-content\/uploads\/2025\/08\/hitek-power-mv2000-fuente-media-tension-2kw.jpg.png",387,324,false],"trp-custom-language-flag":["https:\/\/www.sdpcommerce.com\/wp-content\/uploads\/2025\/08\/hitek-power-mv2000-fuente-media-tension-2kw.jpg-14x12.png",14,12,true],"woocommerce_thumbnail":["https:\/\/www.sdpcommerce.com\/wp-content\/uploads\/2025\/08\/hitek-power-mv2000-fuente-media-tension-2kw.jpg-300x300.png",300,300,true],"woocommerce_single":["https:\/\/www.sdpcommerce.com\/wp-content\/uploads\/2025\/08\/hitek-power-mv2000-fuente-media-tension-2kw.jpg.png",387,324,false],"woocommerce_gallery_thumbnail":["https:\/\/www.sdpcommerce.com\/wp-content\/uploads\/2025\/08\/hitek-power-mv2000-fuente-media-tension-2kw.jpg-100x100.png",100,100,true]},"uagb_author_info":{"display_name":"admin","author_link":"https:\/\/www.sdpcommerce.com\/en\/author\/"},"uagb_comment_info":0,"uagb_excerpt":"Fuente de poder industrial MV2000 Series HITEK POWER, 2 kW de media tensi\u00f3n, dise\u00f1o montable en rack y alto rendimiento para aplicaciones cr\u00edticas.","_links":{"self":[{"href":"https:\/\/www.sdpcommerce.com\/en\/wp-json\/wp\/v2\/product\/2705","targetHints":{"allow":["GET"]}}],"collection":[{"href":"https:\/\/www.sdpcommerce.com\/en\/wp-json\/wp\/v2\/product"}],"about":[{"href":"https:\/\/www.sdpcommerce.com\/en\/wp-json\/wp\/v2\/types\/product"}],"replies":[{"embeddable":true,"href":"https:\/\/www.sdpcommerce.com\/en\/wp-json\/wp\/v2\/comments?post=2705"}],"wp:featuredmedia":[{"embeddable":true,"href":"https:\/\/www.sdpcommerce.com\/en\/wp-json\/wp\/v2\/media\/2706"}],"wp:attachment":[{"href":"https:\/\/www.sdpcommerce.com\/en\/wp-json\/wp\/v2\/media?parent=2705"}],"wp:term":[{"taxonomy":"product_brand","embeddable":true,"href":"https:\/\/www.sdpcommerce.com\/en\/wp-json\/wp\/v2\/product_brand?post=2705"},{"taxonomy":"product_cat","embeddable":true,"href":"https:\/\/www.sdpcommerce.com\/en\/wp-json\/wp\/v2\/product_cat?post=2705"},{"taxonomy":"product_tag","embeddable":true,"href":"https:\/\/www.sdpcommerce.com\/en\/wp-json\/wp\/v2\/product_tag?post=2705"}],"curies":[{"name":"wp","href":"https:\/\/api.w.org\/{rel}","templated":true}]}}