{"id":2703,"date":"2025-08-11T21:04:08","date_gmt":"2025-08-11T19:04:08","guid":{"rendered":"https:\/\/www.sdpcommerce.com\/?post_type=product&#038;p=2703"},"modified":"2025-08-11T21:04:08","modified_gmt":"2025-08-11T19:04:08","slug":"niasacreto-aditech-19l-fortificante-aplanados-texturizado","status":"publish","type":"product","link":"https:\/\/www.sdpcommerce.com\/en\/product\/niasacreto-aditech-19l-fortificante-aplanados-texturizado\/","title":{"rendered":"Niasacreto Aditech 19 L \u2013 Fortificante para aplanados y texturizado | Alta resistencia"},"content":{"rendered":"<p>El <strong data-start=\"861\" data-end=\"888\">Niasacreto Aditech 19 L<\/strong> es un fortificante l\u00edquido de alto rendimiento dise\u00f1ado para mejorar las propiedades de aplanados, texturizados y acabados en trabajos de construcci\u00f3n. Su f\u00f3rmula especial incrementa la adherencia, resistencia y durabilidad de las superficies, evitando desprendimientos y mejorando la apariencia final.<br data-start=\"1191\" data-end=\"1194\" \/>Es ideal para obras residenciales, comerciales e industriales, ofreciendo un acabado profesional y resistente a la intemperie. Compatible con mezclas de cemento y mortero, este producto asegura un desempe\u00f1o confiable en condiciones exigentes.<\/p>","protected":false},"excerpt":{"rendered":"<p>Fortificante Niasacreto Aditech 19 L, ideal para aplanados y texturizados, incrementa adherencia, resistencia y vida \u00fatil en superficies.<\/p>","protected":false},"featured_media":2704,"comment_status":"open","ping_status":"closed","template":"","meta":{"om_disable_all_campaigns":false,"_uag_custom_page_level_css":"","_monsterinsights_skip_tracking":false,"_monsterinsights_sitenote_active":false,"_monsterinsights_sitenote_note":"","_monsterinsights_sitenote_category":0,"site-sidebar-layout":"default","site-content-layout":"","ast-site-content-layout":"default","site-content-style":"default","site-sidebar-style":"default","ast-global-header-display":"","ast-banner-title-visibility":"","ast-main-header-display":"","ast-hfb-above-header-display":"","ast-hfb-below-header-display":"","ast-hfb-mobile-header-display":"","site-post-title":"","ast-breadcrumbs-content":"","ast-featured-img":"","footer-sml-layout":"","theme-transparent-header-meta":"default","adv-header-id-meta":"","stick-header-meta":"","header-above-stick-meta":"","header-main-stick-meta":"","header-below-stick-meta":"","astra-migrate-meta-layouts":"set","ast-page-background-enabled":"default","ast-page-background-meta":{"desktop":{"background-color":"var(--ast-global-color-4)","background-image":"","background-repeat":"repeat","background-position":"center center","background-size":"auto","background-attachment":"scroll","background-type":"","background-media":"","overlay-type":"","overlay-color":"","overlay-gradient":""},"tablet":{"background-color":"","background-image":"","background-repeat":"repeat","background-position":"center center","background-size":"auto","background-attachment":"scroll","background-type":"","background-media":"","overlay-type":"","overlay-color":"","overlay-gradient":""},"mobile":{"background-color":"","background-image":"","background-repeat":"repeat","background-position":"center center","background-size":"auto","background-attachment":"scroll","background-type":"","background-media":"","overlay-type":"","overlay-color":"","overlay-gradient":""}},"ast-content-background-meta":{"desktop":{"background-color":"var(--ast-global-color-5)","background-image":"","background-repeat":"repeat","background-position":"center center","background-size":"auto","background-attachment":"scroll","background-type":"","background-media":"","overlay-type":"","overlay-color":"","overlay-gradient":""},"tablet":{"background-color":"var(--ast-global-color-5)","background-image":"","background-repeat":"repeat","background-position":"center center","background-size":"auto","background-attachment":"scroll","background-type":"","background-media":"","overlay-type":"","overlay-color":"","overlay-gradient":""},"mobile":{"background-color":"var(--ast-global-color-5)","background-image":"","background-repeat":"repeat","background-position":"center center","background-size":"auto","background-attachment":"scroll","background-type":"","background-media":"","overlay-type":"","overlay-color":"","overlay-gradient":""}}},"product_brand":[467],"product_cat":[15],"product_tag":[615,613,614,616,612,617],"class_list":{"0":"post-2703","1":"product","2":"type-product","3":"status-publish","4":"has-post-thumbnail","6":"product_brand-marca-industrial-aditech","7":"product_cat-motores-electricos-uso-industrial","8":"product_tag-aditivo-para-mortero","9":"product_tag-fortificante-para-aplanados","10":"product_tag-fortificante-para-texturizado","11":"product_tag-mejora-de-adherencia-construccion","12":"product_tag-niasacreto-aditech","13":"product_tag-productos-para-acabados-de-construccion","14":"desktop-align-left","15":"tablet-align-left","16":"mobile-align-left","18":"first","19":"instock","20":"shipping-taxable","21":"purchasable","22":"product-type-simple"},"yoast_head":"<!-- This site is optimized with the Yoast SEO plugin v27.4 - https:\/\/yoast.com\/product\/yoast-seo-wordpress\/ -->\n<title>Niasacreto Aditech 19 L \u2013 Fortificante para aplanados y texturizado | Alta resistencia<\/title>\n<meta name=\"description\" content=\"Fortificante Niasacreto Aditech 19 L para aplanados y texturizado. Mejora adherencia, resistencia y durabilidad en acabados de construcci\u00f3n.\" \/>\n<meta name=\"robots\" content=\"index, follow, max-snippet:-1, max-image-preview:large, max-video-preview:-1\" \/>\n<link rel=\"canonical\" href=\"https:\/\/www.sdpcommerce.com\/en\/product\/niasacreto-aditech-19l-fortificante-aplanados-texturizado\/\" \/>\n<meta property=\"og:locale\" content=\"en_US\" \/>\n<meta property=\"og:type\" content=\"article\" \/>\n<meta property=\"og:title\" content=\"Niasacreto Aditech 19 L \u2013 Fortificante para aplanados y texturizado | Alta resistencia\" \/>\n<meta property=\"og:description\" content=\"Fortificante Niasacreto Aditech 19 L para aplanados y texturizado. Mejora adherencia, resistencia y durabilidad en acabados de construcci\u00f3n.\" \/>\n<meta property=\"og:url\" content=\"https:\/\/www.sdpcommerce.com\/en\/product\/niasacreto-aditech-19l-fortificante-aplanados-texturizado\/\" \/>\n<meta property=\"og:site_name\" content=\"&lt;strong&gt;Un buen proveedor no solo vende, asesora y soluciona&lt;\/strong&gt;\" \/>\n<meta property=\"article:publisher\" content=\"https:\/\/www.facebook.com\/profile.php?id=61565795007009#\" \/>\n<meta property=\"og:image\" content=\"https:\/\/www.sdpcommerce.com\/wp-content\/uploads\/2025\/08\/niasacreto-aditech-19l-fortificante-aplanados-texturizado.jpg.png\" \/>\n\t<meta property=\"og:image:width\" content=\"497\" \/>\n\t<meta property=\"og:image:height\" content=\"565\" \/>\n\t<meta property=\"og:image:type\" content=\"image\/png\" \/>\n<meta name=\"twitter:card\" content=\"summary_large_image\" \/>\n<meta name=\"twitter:label1\" content=\"Est. reading time\" \/>\n\t<meta name=\"twitter:data1\" content=\"1 minute\" \/>\n<script type=\"application\/ld+json\" class=\"yoast-schema-graph\">{\"@context\":\"https:\\\/\\\/schema.org\",\"@graph\":[{\"@type\":\"WebPage\",\"@id\":\"https:\\\/\\\/www.sdpcommerce.com\\\/producto\\\/niasacreto-aditech-19l-fortificante-aplanados-texturizado\\\/\",\"url\":\"https:\\\/\\\/www.sdpcommerce.com\\\/producto\\\/niasacreto-aditech-19l-fortificante-aplanados-texturizado\\\/\",\"name\":\"Niasacreto Aditech 19 L \u2013 Fortificante para aplanados y texturizado | Alta resistencia\",\"isPartOf\":{\"@id\":\"https:\\\/\\\/www.sdpcommerce.com\\\/#website\"},\"primaryImageOfPage\":{\"@id\":\"https:\\\/\\\/www.sdpcommerce.com\\\/producto\\\/niasacreto-aditech-19l-fortificante-aplanados-texturizado\\\/#primaryimage\"},\"image\":{\"@id\":\"https:\\\/\\\/www.sdpcommerce.com\\\/producto\\\/niasacreto-aditech-19l-fortificante-aplanados-texturizado\\\/#primaryimage\"},\"thumbnailUrl\":\"https:\\\/\\\/www.sdpcommerce.com\\\/wp-content\\\/uploads\\\/2025\\\/08\\\/niasacreto-aditech-19l-fortificante-aplanados-texturizado.jpg.png\",\"datePublished\":\"2025-08-11T19:04:08+00:00\",\"description\":\"Fortificante Niasacreto Aditech 19 L para aplanados y texturizado. Mejora adherencia, resistencia y durabilidad en acabados de construcci\u00f3n.\",\"breadcrumb\":{\"@id\":\"https:\\\/\\\/www.sdpcommerce.com\\\/producto\\\/niasacreto-aditech-19l-fortificante-aplanados-texturizado\\\/#breadcrumb\"},\"inLanguage\":\"en-US\",\"potentialAction\":[{\"@type\":\"ReadAction\",\"target\":[\"https:\\\/\\\/www.sdpcommerce.com\\\/producto\\\/niasacreto-aditech-19l-fortificante-aplanados-texturizado\\\/\"]}]},{\"@type\":\"ImageObject\",\"inLanguage\":\"en-US\",\"@id\":\"https:\\\/\\\/www.sdpcommerce.com\\\/producto\\\/niasacreto-aditech-19l-fortificante-aplanados-texturizado\\\/#primaryimage\",\"url\":\"https:\\\/\\\/www.sdpcommerce.com\\\/wp-content\\\/uploads\\\/2025\\\/08\\\/niasacreto-aditech-19l-fortificante-aplanados-texturizado.jpg.png\",\"contentUrl\":\"https:\\\/\\\/www.sdpcommerce.com\\\/wp-content\\\/uploads\\\/2025\\\/08\\\/niasacreto-aditech-19l-fortificante-aplanados-texturizado.jpg.png\",\"width\":497,\"height\":565,\"caption\":\"Aplicaci\u00f3n de Niasacreto Aditech en aplanados\u201d\"},{\"@type\":\"BreadcrumbList\",\"@id\":\"https:\\\/\\\/www.sdpcommerce.com\\\/producto\\\/niasacreto-aditech-19l-fortificante-aplanados-texturizado\\\/#breadcrumb\",\"itemListElement\":[{\"@type\":\"ListItem\",\"position\":1,\"name\":\"Portada\",\"item\":\"https:\\\/\\\/www.sdpcommerce.com\\\/\"},{\"@type\":\"ListItem\",\"position\":2,\"name\":\"STORE\",\"item\":\"https:\\\/\\\/www.sdpcommerce.com\\\/shop-replacement-parts\\\/\"},{\"@type\":\"ListItem\",\"position\":3,\"name\":\"Motores El\u00e9ctricos para Uso Industrial\",\"item\":\"https:\\\/\\\/www.sdpcommerce.com\\\/categoria-producto\\\/motores-electricos-uso-industrial\\\/\"},{\"@type\":\"ListItem\",\"position\":4,\"name\":\"Niasacreto Aditech 19 L \u2013 Fortificante para aplanados y texturizado | Alta resistencia\"}]},{\"@type\":\"WebSite\",\"@id\":\"https:\\\/\\\/www.sdpcommerce.com\\\/#website\",\"url\":\"https:\\\/\\\/www.sdpcommerce.com\\\/\",\"name\":\"SDP COMMERCE\",\"description\":\" Contar con un proveedor que no solo te diga \u201cya no existe\u201d, sino que &lt;strong&gt;te proponga un reemplazo funcional&lt;\\\/strong&gt;, es una ventaja competitiva. Algunas acciones que realiza un proveedor proactivo\",\"publisher\":{\"@id\":\"https:\\\/\\\/www.sdpcommerce.com\\\/#organization\"},\"potentialAction\":[{\"@type\":\"SearchAction\",\"target\":{\"@type\":\"EntryPoint\",\"urlTemplate\":\"https:\\\/\\\/www.sdpcommerce.com\\\/?s={search_term_string}\"},\"query-input\":{\"@type\":\"PropertyValueSpecification\",\"valueRequired\":true,\"valueName\":\"search_term_string\"}}],\"inLanguage\":\"en-US\"},{\"@type\":\"Organization\",\"@id\":\"https:\\\/\\\/www.sdpcommerce.com\\\/#organization\",\"name\":\"SDP COMMERCE\",\"url\":\"https:\\\/\\\/www.sdpcommerce.com\\\/\",\"logo\":{\"@type\":\"ImageObject\",\"inLanguage\":\"en-US\",\"@id\":\"https:\\\/\\\/www.sdpcommerce.com\\\/#\\\/schema\\\/logo\\\/image\\\/\",\"url\":\"https:\\\/\\\/www.sdpcommerce.com\\\/wp-content\\\/uploads\\\/2025\\\/02\\\/Screenshot-2025-02-13-150556.png\",\"contentUrl\":\"https:\\\/\\\/www.sdpcommerce.com\\\/wp-content\\\/uploads\\\/2025\\\/02\\\/Screenshot-2025-02-13-150556.png\",\"width\":114,\"height\":108,\"caption\":\"SDP COMMERCE\"},\"image\":{\"@id\":\"https:\\\/\\\/www.sdpcommerce.com\\\/#\\\/schema\\\/logo\\\/image\\\/\"},\"sameAs\":[\"https:\\\/\\\/www.facebook.com\\\/profile.php?id=61565795007009#\"]}]}<\/script>\n<!-- \/ Yoast SEO plugin. -->","yoast_head_json":{"title":"Niasacreto Aditech 19 L \u2013 Fortificante para aplanados y texturizado | Alta resistencia","description":"Fortificante Niasacreto Aditech 19 L para aplanados y texturizado. Mejora adherencia, resistencia y durabilidad en acabados de construcci\u00f3n.","robots":{"index":"index","follow":"follow","max-snippet":"max-snippet:-1","max-image-preview":"max-image-preview:large","max-video-preview":"max-video-preview:-1"},"canonical":"https:\/\/www.sdpcommerce.com\/en\/product\/niasacreto-aditech-19l-fortificante-aplanados-texturizado\/","og_locale":"en_US","og_type":"article","og_title":"Niasacreto Aditech 19 L \u2013 Fortificante para aplanados y texturizado | Alta resistencia","og_description":"Fortificante Niasacreto Aditech 19 L para aplanados y texturizado. Mejora adherencia, resistencia y durabilidad en acabados de construcci\u00f3n.","og_url":"https:\/\/www.sdpcommerce.com\/en\/product\/niasacreto-aditech-19l-fortificante-aplanados-texturizado\/","og_site_name":"&lt;strong&gt;Un buen proveedor no solo vende, asesora y soluciona&lt;\/strong&gt;","article_publisher":"https:\/\/www.facebook.com\/profile.php?id=61565795007009#","og_image":[{"width":497,"height":565,"url":"https:\/\/www.sdpcommerce.com\/wp-content\/uploads\/2025\/08\/niasacreto-aditech-19l-fortificante-aplanados-texturizado.jpg.png","type":"image\/png"}],"twitter_card":"summary_large_image","twitter_misc":{"Est. reading time":"1 minute"},"schema":{"@context":"https:\/\/schema.org","@graph":[{"@type":"WebPage","@id":"https:\/\/www.sdpcommerce.com\/producto\/niasacreto-aditech-19l-fortificante-aplanados-texturizado\/","url":"https:\/\/www.sdpcommerce.com\/producto\/niasacreto-aditech-19l-fortificante-aplanados-texturizado\/","name":"Niasacreto Aditech 19 L \u2013 Fortificante para aplanados y texturizado | Alta resistencia","isPartOf":{"@id":"https:\/\/www.sdpcommerce.com\/#website"},"primaryImageOfPage":{"@id":"https:\/\/www.sdpcommerce.com\/producto\/niasacreto-aditech-19l-fortificante-aplanados-texturizado\/#primaryimage"},"image":{"@id":"https:\/\/www.sdpcommerce.com\/producto\/niasacreto-aditech-19l-fortificante-aplanados-texturizado\/#primaryimage"},"thumbnailUrl":"https:\/\/www.sdpcommerce.com\/wp-content\/uploads\/2025\/08\/niasacreto-aditech-19l-fortificante-aplanados-texturizado.jpg.png","datePublished":"2025-08-11T19:04:08+00:00","description":"Fortificante Niasacreto Aditech 19 L para aplanados y texturizado. Mejora adherencia, resistencia y durabilidad en acabados de construcci\u00f3n.","breadcrumb":{"@id":"https:\/\/www.sdpcommerce.com\/producto\/niasacreto-aditech-19l-fortificante-aplanados-texturizado\/#breadcrumb"},"inLanguage":"en-US","potentialAction":[{"@type":"ReadAction","target":["https:\/\/www.sdpcommerce.com\/producto\/niasacreto-aditech-19l-fortificante-aplanados-texturizado\/"]}]},{"@type":"ImageObject","inLanguage":"en-US","@id":"https:\/\/www.sdpcommerce.com\/producto\/niasacreto-aditech-19l-fortificante-aplanados-texturizado\/#primaryimage","url":"https:\/\/www.sdpcommerce.com\/wp-content\/uploads\/2025\/08\/niasacreto-aditech-19l-fortificante-aplanados-texturizado.jpg.png","contentUrl":"https:\/\/www.sdpcommerce.com\/wp-content\/uploads\/2025\/08\/niasacreto-aditech-19l-fortificante-aplanados-texturizado.jpg.png","width":497,"height":565,"caption":"Aplicaci\u00f3n de Niasacreto Aditech en aplanados\u201d"},{"@type":"BreadcrumbList","@id":"https:\/\/www.sdpcommerce.com\/producto\/niasacreto-aditech-19l-fortificante-aplanados-texturizado\/#breadcrumb","itemListElement":[{"@type":"ListItem","position":1,"name":"Portada","item":"https:\/\/www.sdpcommerce.com\/"},{"@type":"ListItem","position":2,"name":"STORE","item":"https:\/\/www.sdpcommerce.com\/shop-replacement-parts\/"},{"@type":"ListItem","position":3,"name":"Motores El\u00e9ctricos para Uso Industrial","item":"https:\/\/www.sdpcommerce.com\/categoria-producto\/motores-electricos-uso-industrial\/"},{"@type":"ListItem","position":4,"name":"Niasacreto Aditech 19 L \u2013 Fortificante para aplanados y texturizado | Alta resistencia"}]},{"@type":"WebSite","@id":"https:\/\/www.sdpcommerce.com\/#website","url":"https:\/\/www.sdpcommerce.com\/","name":"SDP COMMERCE","description":"Contar con un proveedor que no solo te diga &ldquo;ya no existe&rdquo;, sino que &lt;strong&gt;te proponga un reemplazo funcional&lt;\/strong&gt;, es una ventaja competitiva. Algunas acciones que realiza un proveedor proactivo","publisher":{"@id":"https:\/\/www.sdpcommerce.com\/#organization"},"potentialAction":[{"@type":"SearchAction","target":{"@type":"EntryPoint","urlTemplate":"https:\/\/www.sdpcommerce.com\/?s={search_term_string}"},"query-input":{"@type":"PropertyValueSpecification","valueRequired":true,"valueName":"search_term_string"}}],"inLanguage":"en-US"},{"@type":"Organization","@id":"https:\/\/www.sdpcommerce.com\/#organization","name":"SDP COMMERCE","url":"https:\/\/www.sdpcommerce.com\/","logo":{"@type":"ImageObject","inLanguage":"en-US","@id":"https:\/\/www.sdpcommerce.com\/#\/schema\/logo\/image\/","url":"https:\/\/www.sdpcommerce.com\/wp-content\/uploads\/2025\/02\/Screenshot-2025-02-13-150556.png","contentUrl":"https:\/\/www.sdpcommerce.com\/wp-content\/uploads\/2025\/02\/Screenshot-2025-02-13-150556.png","width":114,"height":108,"caption":"SDP COMMERCE"},"image":{"@id":"https:\/\/www.sdpcommerce.com\/#\/schema\/logo\/image\/"},"sameAs":["https:\/\/www.facebook.com\/profile.php?id=61565795007009#"]}]}},"uagb_featured_image_src":{"full":["https:\/\/www.sdpcommerce.com\/wp-content\/uploads\/2025\/08\/niasacreto-aditech-19l-fortificante-aplanados-texturizado.jpg.png",497,565,false],"thumbnail":["https:\/\/www.sdpcommerce.com\/wp-content\/uploads\/2025\/08\/niasacreto-aditech-19l-fortificante-aplanados-texturizado.jpg-150x150.png",150,150,true],"medium":["https:\/\/www.sdpcommerce.com\/wp-content\/uploads\/2025\/08\/niasacreto-aditech-19l-fortificante-aplanados-texturizado.jpg-264x300.png",264,300,true],"medium_large":["https:\/\/www.sdpcommerce.com\/wp-content\/uploads\/2025\/08\/niasacreto-aditech-19l-fortificante-aplanados-texturizado.jpg.png",497,565,false],"large":["https:\/\/www.sdpcommerce.com\/wp-content\/uploads\/2025\/08\/niasacreto-aditech-19l-fortificante-aplanados-texturizado.jpg.png",497,565,false],"1536x1536":["https:\/\/www.sdpcommerce.com\/wp-content\/uploads\/2025\/08\/niasacreto-aditech-19l-fortificante-aplanados-texturizado.jpg.png",497,565,false],"2048x2048":["https:\/\/www.sdpcommerce.com\/wp-content\/uploads\/2025\/08\/niasacreto-aditech-19l-fortificante-aplanados-texturizado.jpg.png",497,565,false],"trp-custom-language-flag":["https:\/\/www.sdpcommerce.com\/wp-content\/uploads\/2025\/08\/niasacreto-aditech-19l-fortificante-aplanados-texturizado.jpg-11x12.png",11,12,true],"woocommerce_thumbnail":["https:\/\/www.sdpcommerce.com\/wp-content\/uploads\/2025\/08\/niasacreto-aditech-19l-fortificante-aplanados-texturizado.jpg-300x300.png",300,300,true],"woocommerce_single":["https:\/\/www.sdpcommerce.com\/wp-content\/uploads\/2025\/08\/niasacreto-aditech-19l-fortificante-aplanados-texturizado.jpg.png",497,565,false],"woocommerce_gallery_thumbnail":["https:\/\/www.sdpcommerce.com\/wp-content\/uploads\/2025\/08\/niasacreto-aditech-19l-fortificante-aplanados-texturizado.jpg-100x100.png",100,100,true]},"uagb_author_info":{"display_name":"admin","author_link":"https:\/\/www.sdpcommerce.com\/en\/author\/"},"uagb_comment_info":0,"uagb_excerpt":"Fortificante Niasacreto Aditech 19 L, ideal para aplanados y texturizados, incrementa adherencia, resistencia y vida \u00fatil en superficies.","_links":{"self":[{"href":"https:\/\/www.sdpcommerce.com\/en\/wp-json\/wp\/v2\/product\/2703","targetHints":{"allow":["GET"]}}],"collection":[{"href":"https:\/\/www.sdpcommerce.com\/en\/wp-json\/wp\/v2\/product"}],"about":[{"href":"https:\/\/www.sdpcommerce.com\/en\/wp-json\/wp\/v2\/types\/product"}],"replies":[{"embeddable":true,"href":"https:\/\/www.sdpcommerce.com\/en\/wp-json\/wp\/v2\/comments?post=2703"}],"wp:featuredmedia":[{"embeddable":true,"href":"https:\/\/www.sdpcommerce.com\/en\/wp-json\/wp\/v2\/media\/2704"}],"wp:attachment":[{"href":"https:\/\/www.sdpcommerce.com\/en\/wp-json\/wp\/v2\/media?parent=2703"}],"wp:term":[{"taxonomy":"product_brand","embeddable":true,"href":"https:\/\/www.sdpcommerce.com\/en\/wp-json\/wp\/v2\/product_brand?post=2703"},{"taxonomy":"product_cat","embeddable":true,"href":"https:\/\/www.sdpcommerce.com\/en\/wp-json\/wp\/v2\/product_cat?post=2703"},{"taxonomy":"product_tag","embeddable":true,"href":"https:\/\/www.sdpcommerce.com\/en\/wp-json\/wp\/v2\/product_tag?post=2703"}],"curies":[{"name":"wp","href":"https:\/\/api.w.org\/{rel}","templated":true}]}}