{"id":2676,"date":"2025-07-31T23:55:52","date_gmt":"2025-07-31T21:55:52","guid":{"rendered":"https:\/\/www.sdpcommerce.com\/?post_type=product&#038;p=2676"},"modified":"2025-07-31T23:55:52","modified_gmt":"2025-07-31T21:55:52","slug":"actaris-fluxi-2000-tz-medidor-gas-turbina","status":"publish","type":"product","link":"https:\/\/www.sdpcommerce.com\/en\/product\/actaris-fluxi-2000-tz-medidor-gas-turbina\/","title":{"rendered":"Actaris Fluxi 2000\/TZ | Medidor de Gas Turbina para Transporte y Distribuci\u00f3n"},"content":{"rendered":"<p data-start=\"367\" data-end=\"677\">El <strong data-start=\"370\" data-end=\"418\">medidor de gas turbina Actaris Fluxi 2000\/TZ<\/strong> est\u00e1 dise\u00f1ado para medir flujos de gas desde medios hasta altos, operando a bajas, medias o altas presiones. Optimizado para aplicaciones en transporte y distribuci\u00f3n de gas, este medidor es confiable y preciso, cumpliendo con las normativas para uso fiscal.<\/p>\n<p data-start=\"679\" data-end=\"882\">Equipado con tecnolog\u00eda <strong data-start=\"703\" data-end=\"718\">smart ready<\/strong>, el Fluxi 2000\/TZ est\u00e1 preparado para integrarse con sistemas de comunicaci\u00f3n avanzada en el futuro, facilitando la gesti\u00f3n remota y la supervisi\u00f3n en tiempo real.<\/p>\n<p data-start=\"884\" data-end=\"916\"><strong data-start=\"884\" data-end=\"916\">Caracter\u00edsticas principales:<\/strong><\/p>\n<ul data-start=\"917\" data-end=\"1137\">\n<li data-start=\"917\" data-end=\"966\">\n<p data-start=\"919\" data-end=\"966\">Medici\u00f3n precisa de flujo medio a alto de gas<\/p>\n<\/li>\n<li data-start=\"967\" data-end=\"1010\">\n<p data-start=\"969\" data-end=\"1010\">Operaci\u00f3n en baja, media y alta presi\u00f3n<\/p>\n<\/li>\n<li data-start=\"1011\" data-end=\"1039\">\n<p data-start=\"1013\" data-end=\"1039\">Aprobado para uso fiscal<\/p>\n<\/li>\n<li data-start=\"1040\" data-end=\"1091\">\n<p data-start=\"1042\" data-end=\"1091\">Tecnolog\u00eda smart ready para comunicaci\u00f3n futura<\/p>\n<\/li>\n<\/ul>","protected":false},"excerpt":{"rendered":"<p>Medidor de gas turbina Actaris Fluxi 2000\/TZ para flujos medios y altos, con aprobaci\u00f3n fiscal y tecnolog\u00eda smart ready.<\/p>","protected":false},"featured_media":2677,"comment_status":"open","ping_status":"closed","template":"","meta":{"om_disable_all_campaigns":false,"_uag_custom_page_level_css":"","_monsterinsights_skip_tracking":false,"_monsterinsights_sitenote_active":false,"_monsterinsights_sitenote_note":"","_monsterinsights_sitenote_category":0,"site-sidebar-layout":"default","site-content-layout":"","ast-site-content-layout":"default","site-content-style":"default","site-sidebar-style":"default","ast-global-header-display":"","ast-banner-title-visibility":"","ast-main-header-display":"","ast-hfb-above-header-display":"","ast-hfb-below-header-display":"","ast-hfb-mobile-header-display":"","site-post-title":"","ast-breadcrumbs-content":"","ast-featured-img":"","footer-sml-layout":"","theme-transparent-header-meta":"default","adv-header-id-meta":"","stick-header-meta":"","header-above-stick-meta":"","header-main-stick-meta":"","header-below-stick-meta":"","astra-migrate-meta-layouts":"set","ast-page-background-enabled":"default","ast-page-background-meta":{"desktop":{"background-color":"var(--ast-global-color-4)","background-image":"","background-repeat":"repeat","background-position":"center center","background-size":"auto","background-attachment":"scroll","background-type":"","background-media":"","overlay-type":"","overlay-color":"","overlay-gradient":""},"tablet":{"background-color":"","background-image":"","background-repeat":"repeat","background-position":"center center","background-size":"auto","background-attachment":"scroll","background-type":"","background-media":"","overlay-type":"","overlay-color":"","overlay-gradient":""},"mobile":{"background-color":"","background-image":"","background-repeat":"repeat","background-position":"center center","background-size":"auto","background-attachment":"scroll","background-type":"","background-media":"","overlay-type":"","overlay-color":"","overlay-gradient":""}},"ast-content-background-meta":{"desktop":{"background-color":"var(--ast-global-color-5)","background-image":"","background-repeat":"repeat","background-position":"center center","background-size":"auto","background-attachment":"scroll","background-type":"","background-media":"","overlay-type":"","overlay-color":"","overlay-gradient":""},"tablet":{"background-color":"var(--ast-global-color-5)","background-image":"","background-repeat":"repeat","background-position":"center center","background-size":"auto","background-attachment":"scroll","background-type":"","background-media":"","overlay-type":"","overlay-color":"","overlay-gradient":""},"mobile":{"background-color":"var(--ast-global-color-5)","background-image":"","background-repeat":"repeat","background-position":"center center","background-size":"auto","background-attachment":"scroll","background-type":"","background-media":"","overlay-type":"","overlay-color":"","overlay-gradient":""}}},"product_brand":[455],"product_cat":[15,30],"product_tag":[572,582,578,584,579,580,583,581],"class_list":{"0":"post-2676","1":"product","2":"type-product","3":"status-publish","4":"has-post-thumbnail","6":"product_brand-marca-industrial-actaris","7":"product_cat-motores-electricos-uso-industrial","8":"product_cat-refacciones-industriales","9":"product_tag-actaris","10":"product_tag-distribucion-gas","11":"product_tag-fluxi-2000-tz","12":"product_tag-medicion-flujo-gas","13":"product_tag-medidor-gas","14":"product_tag-medidor-turbina","15":"product_tag-smart-ready","16":"product_tag-transporte-gas","17":"desktop-align-left","18":"tablet-align-left","19":"mobile-align-left","21":"first","22":"instock","23":"shipping-taxable","24":"product-type-simple"},"yoast_head":"<!-- This site is optimized with the Yoast SEO plugin v27.4 - https:\/\/yoast.com\/product\/yoast-seo-wordpress\/ -->\n<title>Actaris Fluxi 2000\/TZ | Medidor de Gas Turbina para Transporte y Distribuci\u00f3n<\/title>\n<meta name=\"description\" content=\"Medidor de gas turbina Actaris Fluxi 2000\/TZ para transporte y distribuci\u00f3n, aprobado fiscalmente y preparado para comunicaci\u00f3n smart ready.\" \/>\n<meta name=\"robots\" content=\"index, follow, max-snippet:-1, max-image-preview:large, max-video-preview:-1\" \/>\n<link rel=\"canonical\" href=\"https:\/\/www.sdpcommerce.com\/en\/product\/actaris-fluxi-2000-tz-medidor-gas-turbina\/\" \/>\n<meta property=\"og:locale\" content=\"en_US\" \/>\n<meta property=\"og:type\" content=\"article\" \/>\n<meta property=\"og:title\" content=\"Actaris Fluxi 2000\/TZ | Medidor de Gas Turbina para Transporte y Distribuci\u00f3n\" \/>\n<meta property=\"og:description\" content=\"Medidor de gas turbina Actaris Fluxi 2000\/TZ para transporte y distribuci\u00f3n, aprobado fiscalmente y preparado para comunicaci\u00f3n smart ready.\" \/>\n<meta property=\"og:url\" content=\"https:\/\/www.sdpcommerce.com\/en\/product\/actaris-fluxi-2000-tz-medidor-gas-turbina\/\" \/>\n<meta property=\"og:site_name\" content=\"&lt;strong&gt;Un buen proveedor no solo vende, asesora y soluciona&lt;\/strong&gt;\" \/>\n<meta property=\"article:publisher\" content=\"https:\/\/www.facebook.com\/profile.php?id=61565795007009#\" \/>\n<meta property=\"og:image\" content=\"https:\/\/www.sdpcommerce.com\/wp-content\/uploads\/2025\/07\/actaris-fluxi-2000-tz-medidor-gas-turbina.jpg.png\" \/>\n\t<meta property=\"og:image:width\" content=\"523\" \/>\n\t<meta property=\"og:image:height\" content=\"547\" \/>\n\t<meta property=\"og:image:type\" content=\"image\/png\" \/>\n<meta name=\"twitter:card\" content=\"summary_large_image\" \/>\n<meta name=\"twitter:label1\" content=\"Est. reading time\" \/>\n\t<meta name=\"twitter:data1\" content=\"1 minute\" \/>\n<script type=\"application\/ld+json\" class=\"yoast-schema-graph\">{\"@context\":\"https:\\\/\\\/schema.org\",\"@graph\":[{\"@type\":\"WebPage\",\"@id\":\"https:\\\/\\\/www.sdpcommerce.com\\\/producto\\\/actaris-fluxi-2000-tz-medidor-gas-turbina\\\/\",\"url\":\"https:\\\/\\\/www.sdpcommerce.com\\\/producto\\\/actaris-fluxi-2000-tz-medidor-gas-turbina\\\/\",\"name\":\"Actaris Fluxi 2000\\\/TZ | Medidor de Gas Turbina para Transporte y Distribuci\u00f3n\",\"isPartOf\":{\"@id\":\"https:\\\/\\\/www.sdpcommerce.com\\\/#website\"},\"primaryImageOfPage\":{\"@id\":\"https:\\\/\\\/www.sdpcommerce.com\\\/producto\\\/actaris-fluxi-2000-tz-medidor-gas-turbina\\\/#primaryimage\"},\"image\":{\"@id\":\"https:\\\/\\\/www.sdpcommerce.com\\\/producto\\\/actaris-fluxi-2000-tz-medidor-gas-turbina\\\/#primaryimage\"},\"thumbnailUrl\":\"https:\\\/\\\/www.sdpcommerce.com\\\/wp-content\\\/uploads\\\/2025\\\/07\\\/actaris-fluxi-2000-tz-medidor-gas-turbina.jpg.png\",\"datePublished\":\"2025-07-31T21:55:52+00:00\",\"description\":\"Medidor de gas turbina Actaris Fluxi 2000\\\/TZ para transporte y distribuci\u00f3n, aprobado fiscalmente y preparado para comunicaci\u00f3n smart ready.\",\"breadcrumb\":{\"@id\":\"https:\\\/\\\/www.sdpcommerce.com\\\/producto\\\/actaris-fluxi-2000-tz-medidor-gas-turbina\\\/#breadcrumb\"},\"inLanguage\":\"en-US\",\"potentialAction\":[{\"@type\":\"ReadAction\",\"target\":[\"https:\\\/\\\/www.sdpcommerce.com\\\/producto\\\/actaris-fluxi-2000-tz-medidor-gas-turbina\\\/\"]}]},{\"@type\":\"ImageObject\",\"inLanguage\":\"en-US\",\"@id\":\"https:\\\/\\\/www.sdpcommerce.com\\\/producto\\\/actaris-fluxi-2000-tz-medidor-gas-turbina\\\/#primaryimage\",\"url\":\"https:\\\/\\\/www.sdpcommerce.com\\\/wp-content\\\/uploads\\\/2025\\\/07\\\/actaris-fluxi-2000-tz-medidor-gas-turbina.jpg.png\",\"contentUrl\":\"https:\\\/\\\/www.sdpcommerce.com\\\/wp-content\\\/uploads\\\/2025\\\/07\\\/actaris-fluxi-2000-tz-medidor-gas-turbina.jpg.png\",\"width\":523,\"height\":547,\"caption\":\"Medidor de gas turbina Actaris Fluxi 2000\\\/TZ con tecnolog\u00eda smart ready\"},{\"@type\":\"BreadcrumbList\",\"@id\":\"https:\\\/\\\/www.sdpcommerce.com\\\/producto\\\/actaris-fluxi-2000-tz-medidor-gas-turbina\\\/#breadcrumb\",\"itemListElement\":[{\"@type\":\"ListItem\",\"position\":1,\"name\":\"Portada\",\"item\":\"https:\\\/\\\/www.sdpcommerce.com\\\/\"},{\"@type\":\"ListItem\",\"position\":2,\"name\":\"STORE\",\"item\":\"https:\\\/\\\/www.sdpcommerce.com\\\/shop-replacement-parts\\\/\"},{\"@type\":\"ListItem\",\"position\":3,\"name\":\"Motores El\u00e9ctricos para Uso Industrial\",\"item\":\"https:\\\/\\\/www.sdpcommerce.com\\\/categoria-producto\\\/motores-electricos-uso-industrial\\\/\"},{\"@type\":\"ListItem\",\"position\":4,\"name\":\"Actaris Fluxi 2000\\\/TZ | Medidor de Gas Turbina para Transporte y Distribuci\u00f3n\"}]},{\"@type\":\"WebSite\",\"@id\":\"https:\\\/\\\/www.sdpcommerce.com\\\/#website\",\"url\":\"https:\\\/\\\/www.sdpcommerce.com\\\/\",\"name\":\"SDP COMMERCE\",\"description\":\" Contar con un proveedor que no solo te diga \u201cya no existe\u201d, sino que &lt;strong&gt;te proponga un reemplazo funcional&lt;\\\/strong&gt;, es una ventaja competitiva. Algunas acciones que realiza un proveedor proactivo\",\"publisher\":{\"@id\":\"https:\\\/\\\/www.sdpcommerce.com\\\/#organization\"},\"potentialAction\":[{\"@type\":\"SearchAction\",\"target\":{\"@type\":\"EntryPoint\",\"urlTemplate\":\"https:\\\/\\\/www.sdpcommerce.com\\\/?s={search_term_string}\"},\"query-input\":{\"@type\":\"PropertyValueSpecification\",\"valueRequired\":true,\"valueName\":\"search_term_string\"}}],\"inLanguage\":\"en-US\"},{\"@type\":\"Organization\",\"@id\":\"https:\\\/\\\/www.sdpcommerce.com\\\/#organization\",\"name\":\"SDP COMMERCE\",\"url\":\"https:\\\/\\\/www.sdpcommerce.com\\\/\",\"logo\":{\"@type\":\"ImageObject\",\"inLanguage\":\"en-US\",\"@id\":\"https:\\\/\\\/www.sdpcommerce.com\\\/#\\\/schema\\\/logo\\\/image\\\/\",\"url\":\"https:\\\/\\\/www.sdpcommerce.com\\\/wp-content\\\/uploads\\\/2025\\\/02\\\/Screenshot-2025-02-13-150556.png\",\"contentUrl\":\"https:\\\/\\\/www.sdpcommerce.com\\\/wp-content\\\/uploads\\\/2025\\\/02\\\/Screenshot-2025-02-13-150556.png\",\"width\":114,\"height\":108,\"caption\":\"SDP COMMERCE\"},\"image\":{\"@id\":\"https:\\\/\\\/www.sdpcommerce.com\\\/#\\\/schema\\\/logo\\\/image\\\/\"},\"sameAs\":[\"https:\\\/\\\/www.facebook.com\\\/profile.php?id=61565795007009#\"]}]}<\/script>\n<!-- \/ Yoast SEO plugin. -->","yoast_head_json":{"title":"Actaris Fluxi 2000\/TZ | Medidor de Gas Turbina para Transporte y Distribuci\u00f3n","description":"Medidor de gas turbina Actaris Fluxi 2000\/TZ para transporte y distribuci\u00f3n, aprobado fiscalmente y preparado para comunicaci\u00f3n smart ready.","robots":{"index":"index","follow":"follow","max-snippet":"max-snippet:-1","max-image-preview":"max-image-preview:large","max-video-preview":"max-video-preview:-1"},"canonical":"https:\/\/www.sdpcommerce.com\/en\/product\/actaris-fluxi-2000-tz-medidor-gas-turbina\/","og_locale":"en_US","og_type":"article","og_title":"Actaris Fluxi 2000\/TZ | Medidor de Gas Turbina para Transporte y Distribuci\u00f3n","og_description":"Medidor de gas turbina Actaris Fluxi 2000\/TZ para transporte y distribuci\u00f3n, aprobado fiscalmente y preparado para comunicaci\u00f3n smart ready.","og_url":"https:\/\/www.sdpcommerce.com\/en\/product\/actaris-fluxi-2000-tz-medidor-gas-turbina\/","og_site_name":"&lt;strong&gt;Un buen proveedor no solo vende, asesora y soluciona&lt;\/strong&gt;","article_publisher":"https:\/\/www.facebook.com\/profile.php?id=61565795007009#","og_image":[{"width":523,"height":547,"url":"https:\/\/www.sdpcommerce.com\/wp-content\/uploads\/2025\/07\/actaris-fluxi-2000-tz-medidor-gas-turbina.jpg.png","type":"image\/png"}],"twitter_card":"summary_large_image","twitter_misc":{"Est. reading time":"1 minute"},"schema":{"@context":"https:\/\/schema.org","@graph":[{"@type":"WebPage","@id":"https:\/\/www.sdpcommerce.com\/producto\/actaris-fluxi-2000-tz-medidor-gas-turbina\/","url":"https:\/\/www.sdpcommerce.com\/producto\/actaris-fluxi-2000-tz-medidor-gas-turbina\/","name":"Actaris Fluxi 2000\/TZ | Medidor de Gas Turbina para Transporte y Distribuci\u00f3n","isPartOf":{"@id":"https:\/\/www.sdpcommerce.com\/#website"},"primaryImageOfPage":{"@id":"https:\/\/www.sdpcommerce.com\/producto\/actaris-fluxi-2000-tz-medidor-gas-turbina\/#primaryimage"},"image":{"@id":"https:\/\/www.sdpcommerce.com\/producto\/actaris-fluxi-2000-tz-medidor-gas-turbina\/#primaryimage"},"thumbnailUrl":"https:\/\/www.sdpcommerce.com\/wp-content\/uploads\/2025\/07\/actaris-fluxi-2000-tz-medidor-gas-turbina.jpg.png","datePublished":"2025-07-31T21:55:52+00:00","description":"Medidor de gas turbina Actaris Fluxi 2000\/TZ para transporte y distribuci\u00f3n, aprobado fiscalmente y preparado para comunicaci\u00f3n smart ready.","breadcrumb":{"@id":"https:\/\/www.sdpcommerce.com\/producto\/actaris-fluxi-2000-tz-medidor-gas-turbina\/#breadcrumb"},"inLanguage":"en-US","potentialAction":[{"@type":"ReadAction","target":["https:\/\/www.sdpcommerce.com\/producto\/actaris-fluxi-2000-tz-medidor-gas-turbina\/"]}]},{"@type":"ImageObject","inLanguage":"en-US","@id":"https:\/\/www.sdpcommerce.com\/producto\/actaris-fluxi-2000-tz-medidor-gas-turbina\/#primaryimage","url":"https:\/\/www.sdpcommerce.com\/wp-content\/uploads\/2025\/07\/actaris-fluxi-2000-tz-medidor-gas-turbina.jpg.png","contentUrl":"https:\/\/www.sdpcommerce.com\/wp-content\/uploads\/2025\/07\/actaris-fluxi-2000-tz-medidor-gas-turbina.jpg.png","width":523,"height":547,"caption":"Medidor de gas turbina Actaris Fluxi 2000\/TZ con tecnolog\u00eda smart ready"},{"@type":"BreadcrumbList","@id":"https:\/\/www.sdpcommerce.com\/producto\/actaris-fluxi-2000-tz-medidor-gas-turbina\/#breadcrumb","itemListElement":[{"@type":"ListItem","position":1,"name":"Portada","item":"https:\/\/www.sdpcommerce.com\/"},{"@type":"ListItem","position":2,"name":"STORE","item":"https:\/\/www.sdpcommerce.com\/shop-replacement-parts\/"},{"@type":"ListItem","position":3,"name":"Motores El\u00e9ctricos para Uso Industrial","item":"https:\/\/www.sdpcommerce.com\/categoria-producto\/motores-electricos-uso-industrial\/"},{"@type":"ListItem","position":4,"name":"Actaris Fluxi 2000\/TZ | Medidor de Gas Turbina para Transporte y Distribuci\u00f3n"}]},{"@type":"WebSite","@id":"https:\/\/www.sdpcommerce.com\/#website","url":"https:\/\/www.sdpcommerce.com\/","name":"SDP COMMERCE","description":"Contar con un proveedor que no solo te diga &ldquo;ya no existe&rdquo;, sino que &lt;strong&gt;te proponga un reemplazo funcional&lt;\/strong&gt;, es una ventaja competitiva. Algunas acciones que realiza un proveedor proactivo","publisher":{"@id":"https:\/\/www.sdpcommerce.com\/#organization"},"potentialAction":[{"@type":"SearchAction","target":{"@type":"EntryPoint","urlTemplate":"https:\/\/www.sdpcommerce.com\/?s={search_term_string}"},"query-input":{"@type":"PropertyValueSpecification","valueRequired":true,"valueName":"search_term_string"}}],"inLanguage":"en-US"},{"@type":"Organization","@id":"https:\/\/www.sdpcommerce.com\/#organization","name":"SDP COMMERCE","url":"https:\/\/www.sdpcommerce.com\/","logo":{"@type":"ImageObject","inLanguage":"en-US","@id":"https:\/\/www.sdpcommerce.com\/#\/schema\/logo\/image\/","url":"https:\/\/www.sdpcommerce.com\/wp-content\/uploads\/2025\/02\/Screenshot-2025-02-13-150556.png","contentUrl":"https:\/\/www.sdpcommerce.com\/wp-content\/uploads\/2025\/02\/Screenshot-2025-02-13-150556.png","width":114,"height":108,"caption":"SDP COMMERCE"},"image":{"@id":"https:\/\/www.sdpcommerce.com\/#\/schema\/logo\/image\/"},"sameAs":["https:\/\/www.facebook.com\/profile.php?id=61565795007009#"]}]}},"uagb_featured_image_src":{"full":["https:\/\/www.sdpcommerce.com\/wp-content\/uploads\/2025\/07\/actaris-fluxi-2000-tz-medidor-gas-turbina.jpg.png",523,547,false],"thumbnail":["https:\/\/www.sdpcommerce.com\/wp-content\/uploads\/2025\/07\/actaris-fluxi-2000-tz-medidor-gas-turbina.jpg-150x150.png",150,150,true],"medium":["https:\/\/www.sdpcommerce.com\/wp-content\/uploads\/2025\/07\/actaris-fluxi-2000-tz-medidor-gas-turbina.jpg-287x300.png",287,300,true],"medium_large":["https:\/\/www.sdpcommerce.com\/wp-content\/uploads\/2025\/07\/actaris-fluxi-2000-tz-medidor-gas-turbina.jpg.png",523,547,false],"large":["https:\/\/www.sdpcommerce.com\/wp-content\/uploads\/2025\/07\/actaris-fluxi-2000-tz-medidor-gas-turbina.jpg.png",523,547,false],"1536x1536":["https:\/\/www.sdpcommerce.com\/wp-content\/uploads\/2025\/07\/actaris-fluxi-2000-tz-medidor-gas-turbina.jpg.png",523,547,false],"2048x2048":["https:\/\/www.sdpcommerce.com\/wp-content\/uploads\/2025\/07\/actaris-fluxi-2000-tz-medidor-gas-turbina.jpg.png",523,547,false],"trp-custom-language-flag":["https:\/\/www.sdpcommerce.com\/wp-content\/uploads\/2025\/07\/actaris-fluxi-2000-tz-medidor-gas-turbina.jpg-11x12.png",11,12,true],"woocommerce_thumbnail":["https:\/\/www.sdpcommerce.com\/wp-content\/uploads\/2025\/07\/actaris-fluxi-2000-tz-medidor-gas-turbina.jpg-300x300.png",300,300,true],"woocommerce_single":["https:\/\/www.sdpcommerce.com\/wp-content\/uploads\/2025\/07\/actaris-fluxi-2000-tz-medidor-gas-turbina.jpg.png",523,547,false],"woocommerce_gallery_thumbnail":["https:\/\/www.sdpcommerce.com\/wp-content\/uploads\/2025\/07\/actaris-fluxi-2000-tz-medidor-gas-turbina.jpg-100x100.png",100,100,true]},"uagb_author_info":{"display_name":"admin","author_link":"https:\/\/www.sdpcommerce.com\/en\/author\/"},"uagb_comment_info":0,"uagb_excerpt":"Medidor de gas turbina Actaris Fluxi 2000\/TZ para flujos medios y altos, con aprobaci\u00f3n fiscal y tecnolog\u00eda smart ready.","_links":{"self":[{"href":"https:\/\/www.sdpcommerce.com\/en\/wp-json\/wp\/v2\/product\/2676","targetHints":{"allow":["GET"]}}],"collection":[{"href":"https:\/\/www.sdpcommerce.com\/en\/wp-json\/wp\/v2\/product"}],"about":[{"href":"https:\/\/www.sdpcommerce.com\/en\/wp-json\/wp\/v2\/types\/product"}],"replies":[{"embeddable":true,"href":"https:\/\/www.sdpcommerce.com\/en\/wp-json\/wp\/v2\/comments?post=2676"}],"wp:featuredmedia":[{"embeddable":true,"href":"https:\/\/www.sdpcommerce.com\/en\/wp-json\/wp\/v2\/media\/2677"}],"wp:attachment":[{"href":"https:\/\/www.sdpcommerce.com\/en\/wp-json\/wp\/v2\/media?parent=2676"}],"wp:term":[{"taxonomy":"product_brand","embeddable":true,"href":"https:\/\/www.sdpcommerce.com\/en\/wp-json\/wp\/v2\/product_brand?post=2676"},{"taxonomy":"product_cat","embeddable":true,"href":"https:\/\/www.sdpcommerce.com\/en\/wp-json\/wp\/v2\/product_cat?post=2676"},{"taxonomy":"product_tag","embeddable":true,"href":"https:\/\/www.sdpcommerce.com\/en\/wp-json\/wp\/v2\/product_tag?post=2676"}],"curies":[{"name":"wp","href":"https:\/\/api.w.org\/{rel}","templated":true}]}}