{"id":2668,"date":"2025-07-31T23:42:17","date_gmt":"2025-07-31T21:42:17","guid":{"rendered":"https:\/\/www.sdpcommerce.com\/?post_type=product&#038;p=2668"},"modified":"2025-07-31T23:42:18","modified_gmt":"2025-07-31T21:42:18","slug":"%f0%9f%94%a4-slug-kit-afinacion-aceite-20w50-cable-bujias-chevy-c1-c2-c3","status":"publish","type":"product","link":"https:\/\/www.sdpcommerce.com\/en\/product\/%f0%9f%94%a4-slug-kit-afinacion-aceite-20w50-cable-bujias-chevy-c1-c2-c3\/","title":{"rendered":"Kit Afinaci\u00f3n Chevy C1 C2 C3 | Aceite 20W50 + Cable + Buj\u00edas"},"content":{"rendered":"<p data-start=\"372\" data-end=\"681\">El <strong data-start=\"375\" data-end=\"418\">Kit de Afinaci\u00f3n para Chevy C1, C2 y C3<\/strong> incluye todo lo necesario para mantener el motor en \u00f3ptimas condiciones y mejorar su rendimiento. Este kit contiene aceite <strong data-start=\"542\" data-end=\"551\">20W50<\/strong> de alta calidad, cables para buj\u00edas resistentes y buj\u00edas compatibles, dise\u00f1adas especialmente para los modelos Chevy C1, C2 y C3.<\/p>\n<p data-start=\"683\" data-end=\"978\">El aceite 20W50 proporciona una excelente lubricaci\u00f3n en condiciones de alta temperatura y carga, protegiendo el motor contra el desgaste. Los cables y buj\u00edas incluidos garantizan un encendido eficiente y estable, contribuyendo a un mejor consumo de combustible y menor emisi\u00f3n de contaminantes.<\/p>\n<p data-start=\"980\" data-end=\"1003\"><strong data-start=\"980\" data-end=\"1003\">Beneficios del kit:<\/strong><\/p>\n<ul data-start=\"1004\" data-end=\"1271\">\n<li data-start=\"1004\" data-end=\"1067\">\n<p data-start=\"1006\" data-end=\"1067\">Aceite 20W50 para protecci\u00f3n y rendimiento \u00f3ptimo del motor<\/p>\n<\/li>\n<li data-start=\"1068\" data-end=\"1124\">\n<p data-start=\"1070\" data-end=\"1124\">Cables para buj\u00edas de alta resistencia y durabilidad<\/p>\n<\/li>\n<li data-start=\"1125\" data-end=\"1177\">\n<p data-start=\"1127\" data-end=\"1177\">Buj\u00edas compatibles para modelos Chevy C1, C2, C3<\/p>\n<\/li>\n<li data-start=\"1178\" data-end=\"1215\">\n<p data-start=\"1180\" data-end=\"1215\">F\u00e1cil instalaci\u00f3n y mantenimiento<\/p>\n<\/li>\n<li data-start=\"1216\" data-end=\"1271\">\n<p data-start=\"1218\" data-end=\"1271\">Aumenta la vida \u00fatil del motor y mejora su eficiencia<\/p>\n<\/li>\n<\/ul>","protected":false},"excerpt":{"rendered":"<p>Kit afinaci\u00f3n para Chevy C1, C2 y C3 con aceite 20W50, cables y buj\u00edas para un motor eficiente y protegido.<\/p>","protected":false},"featured_media":2669,"comment_status":"open","ping_status":"closed","template":"","meta":{"om_disable_all_campaigns":false,"_uag_custom_page_level_css":"","_monsterinsights_skip_tracking":false,"_monsterinsights_sitenote_active":false,"_monsterinsights_sitenote_note":"","_monsterinsights_sitenote_category":0,"site-sidebar-layout":"default","site-content-layout":"","ast-site-content-layout":"default","site-content-style":"default","site-sidebar-style":"default","ast-global-header-display":"","ast-banner-title-visibility":"","ast-main-header-display":"","ast-hfb-above-header-display":"","ast-hfb-below-header-display":"","ast-hfb-mobile-header-display":"","site-post-title":"","ast-breadcrumbs-content":"","ast-featured-img":"","footer-sml-layout":"","theme-transparent-header-meta":"default","adv-header-id-meta":"","stick-header-meta":"","header-above-stick-meta":"","header-main-stick-meta":"","header-below-stick-meta":"","astra-migrate-meta-layouts":"set","ast-page-background-enabled":"default","ast-page-background-meta":{"desktop":{"background-color":"var(--ast-global-color-4)","background-image":"","background-repeat":"repeat","background-position":"center center","background-size":"auto","background-attachment":"scroll","background-type":"","background-media":"","overlay-type":"","overlay-color":"","overlay-gradient":""},"tablet":{"background-color":"","background-image":"","background-repeat":"repeat","background-position":"center center","background-size":"auto","background-attachment":"scroll","background-type":"","background-media":"","overlay-type":"","overlay-color":"","overlay-gradient":""},"mobile":{"background-color":"","background-image":"","background-repeat":"repeat","background-position":"center center","background-size":"auto","background-attachment":"scroll","background-type":"","background-media":"","overlay-type":"","overlay-color":"","overlay-gradient":""}},"ast-content-background-meta":{"desktop":{"background-color":"var(--ast-global-color-5)","background-image":"","background-repeat":"repeat","background-position":"center center","background-size":"auto","background-attachment":"scroll","background-type":"","background-media":"","overlay-type":"","overlay-color":"","overlay-gradient":""},"tablet":{"background-color":"var(--ast-global-color-5)","background-image":"","background-repeat":"repeat","background-position":"center center","background-size":"auto","background-attachment":"scroll","background-type":"","background-media":"","overlay-type":"","overlay-color":"","overlay-gradient":""},"mobile":{"background-color":"var(--ast-global-color-5)","background-image":"","background-repeat":"repeat","background-position":"center center","background-size":"auto","background-attachment":"scroll","background-type":"","background-media":"","overlay-type":"","overlay-color":"","overlay-gradient":""}}},"product_brand":[449],"product_cat":[15,30],"product_tag":[556,558,557,561,560,555,559],"class_list":{"0":"post-2668","1":"product","2":"type-product","3":"status-publish","4":"has-post-thumbnail","6":"product_brand-marca-industrial-ac-delco","7":"product_cat-motores-electricos-uso-industrial","8":"product_cat-refacciones-industriales","9":"product_tag-aceite-20w50","10":"product_tag-bujias-chevy","11":"product_tag-cables-bujias","12":"product_tag-chevy-c2","13":"product_tag-chevy-c3","14":"product_tag-kit-afinacion","15":"product_tag-mantenimiento-motor","16":"desktop-align-left","17":"tablet-align-left","18":"mobile-align-left","20":"first","21":"instock","22":"shipping-taxable","23":"product-type-simple"},"yoast_head":"<!-- This site is optimized with the Yoast SEO plugin v27.4 - https:\/\/yoast.com\/product\/yoast-seo-wordpress\/ -->\n<title>Kit Afinaci\u00f3n Chevy C1 C2 C3 | Aceite 20W50 + Cable + Buj\u00edas<\/title>\n<meta name=\"description\" content=\"Kit afinaci\u00f3n para Chevy C1, C2 y C3 que incluye aceite 20W50, cables para buj\u00edas y buj\u00edas. Mejora el rendimiento y protege tu motor.\" \/>\n<meta name=\"robots\" content=\"index, follow, max-snippet:-1, max-image-preview:large, max-video-preview:-1\" \/>\n<link rel=\"canonical\" href=\"https:\/\/www.sdpcommerce.com\/en\/product\/\ud83d\udd24-slug-kit-afinacion-aceite-20w50-cable-bujias-chevy-c1-c2-c3\/\" \/>\n<meta property=\"og:locale\" content=\"en_US\" \/>\n<meta property=\"og:type\" content=\"article\" \/>\n<meta property=\"og:title\" content=\"Kit Afinaci\u00f3n Chevy C1 C2 C3 | Aceite 20W50 + Cable + Buj\u00edas\" \/>\n<meta property=\"og:description\" content=\"Kit afinaci\u00f3n para Chevy C1, C2 y C3 que incluye aceite 20W50, cables para buj\u00edas y buj\u00edas. Mejora el rendimiento y protege tu motor.\" \/>\n<meta property=\"og:url\" content=\"https:\/\/www.sdpcommerce.com\/en\/product\/\ud83d\udd24-slug-kit-afinacion-aceite-20w50-cable-bujias-chevy-c1-c2-c3\/\" \/>\n<meta property=\"og:site_name\" content=\"&lt;strong&gt;Un buen proveedor no solo vende, asesora y soluciona&lt;\/strong&gt;\" \/>\n<meta property=\"article:publisher\" content=\"https:\/\/www.facebook.com\/profile.php?id=61565795007009#\" \/>\n<meta property=\"article:modified_time\" content=\"2025-07-31T21:42:18+00:00\" \/>\n<meta property=\"og:image\" content=\"https:\/\/www.sdpcommerce.com\/wp-content\/uploads\/2025\/07\/kit-afinacion-aceite-20w50-cable-bujias-chevy.jpg.png\" \/>\n\t<meta property=\"og:image:width\" content=\"1053\" \/>\n\t<meta property=\"og:image:height\" content=\"765\" \/>\n\t<meta property=\"og:image:type\" content=\"image\/png\" \/>\n<meta name=\"twitter:card\" content=\"summary_large_image\" \/>\n<meta name=\"twitter:label1\" content=\"Est. reading time\" \/>\n\t<meta name=\"twitter:data1\" content=\"1 minute\" \/>\n<script type=\"application\/ld+json\" class=\"yoast-schema-graph\">{\"@context\":\"https:\\\/\\\/schema.org\",\"@graph\":[{\"@type\":\"WebPage\",\"@id\":\"https:\\\/\\\/www.sdpcommerce.com\\\/producto\\\/%f0%9f%94%a4-slug-kit-afinacion-aceite-20w50-cable-bujias-chevy-c1-c2-c3\\\/\",\"url\":\"https:\\\/\\\/www.sdpcommerce.com\\\/producto\\\/%f0%9f%94%a4-slug-kit-afinacion-aceite-20w50-cable-bujias-chevy-c1-c2-c3\\\/\",\"name\":\"Kit Afinaci\u00f3n Chevy C1 C2 C3 | Aceite 20W50 + Cable + Buj\u00edas\",\"isPartOf\":{\"@id\":\"https:\\\/\\\/www.sdpcommerce.com\\\/#website\"},\"primaryImageOfPage\":{\"@id\":\"https:\\\/\\\/www.sdpcommerce.com\\\/producto\\\/%f0%9f%94%a4-slug-kit-afinacion-aceite-20w50-cable-bujias-chevy-c1-c2-c3\\\/#primaryimage\"},\"image\":{\"@id\":\"https:\\\/\\\/www.sdpcommerce.com\\\/producto\\\/%f0%9f%94%a4-slug-kit-afinacion-aceite-20w50-cable-bujias-chevy-c1-c2-c3\\\/#primaryimage\"},\"thumbnailUrl\":\"https:\\\/\\\/www.sdpcommerce.com\\\/wp-content\\\/uploads\\\/2025\\\/07\\\/kit-afinacion-aceite-20w50-cable-bujias-chevy.jpg.png\",\"datePublished\":\"2025-07-31T21:42:17+00:00\",\"dateModified\":\"2025-07-31T21:42:18+00:00\",\"description\":\"Kit afinaci\u00f3n para Chevy C1, C2 y C3 que incluye aceite 20W50, cables para buj\u00edas y buj\u00edas. Mejora el rendimiento y protege tu motor.\",\"breadcrumb\":{\"@id\":\"https:\\\/\\\/www.sdpcommerce.com\\\/producto\\\/%f0%9f%94%a4-slug-kit-afinacion-aceite-20w50-cable-bujias-chevy-c1-c2-c3\\\/#breadcrumb\"},\"inLanguage\":\"en-US\",\"potentialAction\":[{\"@type\":\"ReadAction\",\"target\":[\"https:\\\/\\\/www.sdpcommerce.com\\\/producto\\\/%f0%9f%94%a4-slug-kit-afinacion-aceite-20w50-cable-bujias-chevy-c1-c2-c3\\\/\"]}]},{\"@type\":\"ImageObject\",\"inLanguage\":\"en-US\",\"@id\":\"https:\\\/\\\/www.sdpcommerce.com\\\/producto\\\/%f0%9f%94%a4-slug-kit-afinacion-aceite-20w50-cable-bujias-chevy-c1-c2-c3\\\/#primaryimage\",\"url\":\"https:\\\/\\\/www.sdpcommerce.com\\\/wp-content\\\/uploads\\\/2025\\\/07\\\/kit-afinacion-aceite-20w50-cable-bujias-chevy.jpg.png\",\"contentUrl\":\"https:\\\/\\\/www.sdpcommerce.com\\\/wp-content\\\/uploads\\\/2025\\\/07\\\/kit-afinacion-aceite-20w50-cable-bujias-chevy.jpg.png\",\"width\":1053,\"height\":765,\"caption\":\"Kit Afinaci\u00f3n Aceite 20W50 con Cables y Buj\u00edas para Chevy\"},{\"@type\":\"BreadcrumbList\",\"@id\":\"https:\\\/\\\/www.sdpcommerce.com\\\/producto\\\/%f0%9f%94%a4-slug-kit-afinacion-aceite-20w50-cable-bujias-chevy-c1-c2-c3\\\/#breadcrumb\",\"itemListElement\":[{\"@type\":\"ListItem\",\"position\":1,\"name\":\"Portada\",\"item\":\"https:\\\/\\\/www.sdpcommerce.com\\\/\"},{\"@type\":\"ListItem\",\"position\":2,\"name\":\"STORE\",\"item\":\"https:\\\/\\\/www.sdpcommerce.com\\\/shop-replacement-parts\\\/\"},{\"@type\":\"ListItem\",\"position\":3,\"name\":\"Motores El\u00e9ctricos para Uso Industrial\",\"item\":\"https:\\\/\\\/www.sdpcommerce.com\\\/categoria-producto\\\/motores-electricos-uso-industrial\\\/\"},{\"@type\":\"ListItem\",\"position\":4,\"name\":\"Kit Afinaci\u00f3n Chevy C1 C2 C3 | Aceite 20W50 + Cable + Buj\u00edas\"}]},{\"@type\":\"WebSite\",\"@id\":\"https:\\\/\\\/www.sdpcommerce.com\\\/#website\",\"url\":\"https:\\\/\\\/www.sdpcommerce.com\\\/\",\"name\":\"SDP COMMERCE\",\"description\":\" Contar con un proveedor que no solo te diga \u201cya no existe\u201d, sino que &lt;strong&gt;te proponga un reemplazo funcional&lt;\\\/strong&gt;, es una ventaja competitiva. Algunas acciones que realiza un proveedor proactivo\",\"publisher\":{\"@id\":\"https:\\\/\\\/www.sdpcommerce.com\\\/#organization\"},\"potentialAction\":[{\"@type\":\"SearchAction\",\"target\":{\"@type\":\"EntryPoint\",\"urlTemplate\":\"https:\\\/\\\/www.sdpcommerce.com\\\/?s={search_term_string}\"},\"query-input\":{\"@type\":\"PropertyValueSpecification\",\"valueRequired\":true,\"valueName\":\"search_term_string\"}}],\"inLanguage\":\"en-US\"},{\"@type\":\"Organization\",\"@id\":\"https:\\\/\\\/www.sdpcommerce.com\\\/#organization\",\"name\":\"SDP COMMERCE\",\"url\":\"https:\\\/\\\/www.sdpcommerce.com\\\/\",\"logo\":{\"@type\":\"ImageObject\",\"inLanguage\":\"en-US\",\"@id\":\"https:\\\/\\\/www.sdpcommerce.com\\\/#\\\/schema\\\/logo\\\/image\\\/\",\"url\":\"https:\\\/\\\/www.sdpcommerce.com\\\/wp-content\\\/uploads\\\/2025\\\/02\\\/Screenshot-2025-02-13-150556.png\",\"contentUrl\":\"https:\\\/\\\/www.sdpcommerce.com\\\/wp-content\\\/uploads\\\/2025\\\/02\\\/Screenshot-2025-02-13-150556.png\",\"width\":114,\"height\":108,\"caption\":\"SDP COMMERCE\"},\"image\":{\"@id\":\"https:\\\/\\\/www.sdpcommerce.com\\\/#\\\/schema\\\/logo\\\/image\\\/\"},\"sameAs\":[\"https:\\\/\\\/www.facebook.com\\\/profile.php?id=61565795007009#\"]}]}<\/script>\n<!-- \/ Yoast SEO plugin. -->","yoast_head_json":{"title":"Kit Afinaci\u00f3n Chevy C1 C2 C3 | Aceite 20W50 + Cable + Buj\u00edas","description":"Kit afinaci\u00f3n para Chevy C1, C2 y C3 que incluye aceite 20W50, cables para buj\u00edas y buj\u00edas. Mejora el rendimiento y protege tu motor.","robots":{"index":"index","follow":"follow","max-snippet":"max-snippet:-1","max-image-preview":"max-image-preview:large","max-video-preview":"max-video-preview:-1"},"canonical":"https:\/\/www.sdpcommerce.com\/en\/product\/\ud83d\udd24-slug-kit-afinacion-aceite-20w50-cable-bujias-chevy-c1-c2-c3\/","og_locale":"en_US","og_type":"article","og_title":"Kit Afinaci\u00f3n Chevy C1 C2 C3 | Aceite 20W50 + Cable + Buj\u00edas","og_description":"Kit afinaci\u00f3n para Chevy C1, C2 y C3 que incluye aceite 20W50, cables para buj\u00edas y buj\u00edas. Mejora el rendimiento y protege tu motor.","og_url":"https:\/\/www.sdpcommerce.com\/en\/product\/\ud83d\udd24-slug-kit-afinacion-aceite-20w50-cable-bujias-chevy-c1-c2-c3\/","og_site_name":"&lt;strong&gt;Un buen proveedor no solo vende, asesora y soluciona&lt;\/strong&gt;","article_publisher":"https:\/\/www.facebook.com\/profile.php?id=61565795007009#","article_modified_time":"2025-07-31T21:42:18+00:00","og_image":[{"width":1053,"height":765,"url":"https:\/\/www.sdpcommerce.com\/wp-content\/uploads\/2025\/07\/kit-afinacion-aceite-20w50-cable-bujias-chevy.jpg.png","type":"image\/png"}],"twitter_card":"summary_large_image","twitter_misc":{"Est. reading time":"1 minute"},"schema":{"@context":"https:\/\/schema.org","@graph":[{"@type":"WebPage","@id":"https:\/\/www.sdpcommerce.com\/producto\/%f0%9f%94%a4-slug-kit-afinacion-aceite-20w50-cable-bujias-chevy-c1-c2-c3\/","url":"https:\/\/www.sdpcommerce.com\/producto\/%f0%9f%94%a4-slug-kit-afinacion-aceite-20w50-cable-bujias-chevy-c1-c2-c3\/","name":"Kit Afinaci\u00f3n Chevy C1 C2 C3 | Aceite 20W50 + Cable + Buj\u00edas","isPartOf":{"@id":"https:\/\/www.sdpcommerce.com\/#website"},"primaryImageOfPage":{"@id":"https:\/\/www.sdpcommerce.com\/producto\/%f0%9f%94%a4-slug-kit-afinacion-aceite-20w50-cable-bujias-chevy-c1-c2-c3\/#primaryimage"},"image":{"@id":"https:\/\/www.sdpcommerce.com\/producto\/%f0%9f%94%a4-slug-kit-afinacion-aceite-20w50-cable-bujias-chevy-c1-c2-c3\/#primaryimage"},"thumbnailUrl":"https:\/\/www.sdpcommerce.com\/wp-content\/uploads\/2025\/07\/kit-afinacion-aceite-20w50-cable-bujias-chevy.jpg.png","datePublished":"2025-07-31T21:42:17+00:00","dateModified":"2025-07-31T21:42:18+00:00","description":"Kit afinaci\u00f3n para Chevy C1, C2 y C3 que incluye aceite 20W50, cables para buj\u00edas y buj\u00edas. Mejora el rendimiento y protege tu motor.","breadcrumb":{"@id":"https:\/\/www.sdpcommerce.com\/producto\/%f0%9f%94%a4-slug-kit-afinacion-aceite-20w50-cable-bujias-chevy-c1-c2-c3\/#breadcrumb"},"inLanguage":"en-US","potentialAction":[{"@type":"ReadAction","target":["https:\/\/www.sdpcommerce.com\/producto\/%f0%9f%94%a4-slug-kit-afinacion-aceite-20w50-cable-bujias-chevy-c1-c2-c3\/"]}]},{"@type":"ImageObject","inLanguage":"en-US","@id":"https:\/\/www.sdpcommerce.com\/producto\/%f0%9f%94%a4-slug-kit-afinacion-aceite-20w50-cable-bujias-chevy-c1-c2-c3\/#primaryimage","url":"https:\/\/www.sdpcommerce.com\/wp-content\/uploads\/2025\/07\/kit-afinacion-aceite-20w50-cable-bujias-chevy.jpg.png","contentUrl":"https:\/\/www.sdpcommerce.com\/wp-content\/uploads\/2025\/07\/kit-afinacion-aceite-20w50-cable-bujias-chevy.jpg.png","width":1053,"height":765,"caption":"Kit Afinaci\u00f3n Aceite 20W50 con Cables y Buj\u00edas para Chevy"},{"@type":"BreadcrumbList","@id":"https:\/\/www.sdpcommerce.com\/producto\/%f0%9f%94%a4-slug-kit-afinacion-aceite-20w50-cable-bujias-chevy-c1-c2-c3\/#breadcrumb","itemListElement":[{"@type":"ListItem","position":1,"name":"Portada","item":"https:\/\/www.sdpcommerce.com\/"},{"@type":"ListItem","position":2,"name":"STORE","item":"https:\/\/www.sdpcommerce.com\/shop-replacement-parts\/"},{"@type":"ListItem","position":3,"name":"Motores El\u00e9ctricos para Uso Industrial","item":"https:\/\/www.sdpcommerce.com\/categoria-producto\/motores-electricos-uso-industrial\/"},{"@type":"ListItem","position":4,"name":"Kit Afinaci\u00f3n Chevy C1 C2 C3 | Aceite 20W50 + Cable + Buj\u00edas"}]},{"@type":"WebSite","@id":"https:\/\/www.sdpcommerce.com\/#website","url":"https:\/\/www.sdpcommerce.com\/","name":"SDP COMMERCE","description":"Contar con un proveedor que no solo te diga &ldquo;ya no existe&rdquo;, sino que &lt;strong&gt;te proponga un reemplazo funcional&lt;\/strong&gt;, es una ventaja competitiva. Algunas acciones que realiza un proveedor proactivo","publisher":{"@id":"https:\/\/www.sdpcommerce.com\/#organization"},"potentialAction":[{"@type":"SearchAction","target":{"@type":"EntryPoint","urlTemplate":"https:\/\/www.sdpcommerce.com\/?s={search_term_string}"},"query-input":{"@type":"PropertyValueSpecification","valueRequired":true,"valueName":"search_term_string"}}],"inLanguage":"en-US"},{"@type":"Organization","@id":"https:\/\/www.sdpcommerce.com\/#organization","name":"SDP COMMERCE","url":"https:\/\/www.sdpcommerce.com\/","logo":{"@type":"ImageObject","inLanguage":"en-US","@id":"https:\/\/www.sdpcommerce.com\/#\/schema\/logo\/image\/","url":"https:\/\/www.sdpcommerce.com\/wp-content\/uploads\/2025\/02\/Screenshot-2025-02-13-150556.png","contentUrl":"https:\/\/www.sdpcommerce.com\/wp-content\/uploads\/2025\/02\/Screenshot-2025-02-13-150556.png","width":114,"height":108,"caption":"SDP COMMERCE"},"image":{"@id":"https:\/\/www.sdpcommerce.com\/#\/schema\/logo\/image\/"},"sameAs":["https:\/\/www.facebook.com\/profile.php?id=61565795007009#"]}]}},"uagb_featured_image_src":{"full":["https:\/\/www.sdpcommerce.com\/wp-content\/uploads\/2025\/07\/kit-afinacion-aceite-20w50-cable-bujias-chevy.jpg.png",1053,765,false],"thumbnail":["https:\/\/www.sdpcommerce.com\/wp-content\/uploads\/2025\/07\/kit-afinacion-aceite-20w50-cable-bujias-chevy.jpg-150x150.png",150,150,true],"medium":["https:\/\/www.sdpcommerce.com\/wp-content\/uploads\/2025\/07\/kit-afinacion-aceite-20w50-cable-bujias-chevy.jpg-300x218.png",300,218,true],"medium_large":["https:\/\/www.sdpcommerce.com\/wp-content\/uploads\/2025\/07\/kit-afinacion-aceite-20w50-cable-bujias-chevy.jpg-768x558.png",768,558,true],"large":["https:\/\/www.sdpcommerce.com\/wp-content\/uploads\/2025\/07\/kit-afinacion-aceite-20w50-cable-bujias-chevy.jpg-1024x744.png",1024,744,true],"1536x1536":["https:\/\/www.sdpcommerce.com\/wp-content\/uploads\/2025\/07\/kit-afinacion-aceite-20w50-cable-bujias-chevy.jpg.png",1053,765,false],"2048x2048":["https:\/\/www.sdpcommerce.com\/wp-content\/uploads\/2025\/07\/kit-afinacion-aceite-20w50-cable-bujias-chevy.jpg.png",1053,765,false],"trp-custom-language-flag":["https:\/\/www.sdpcommerce.com\/wp-content\/uploads\/2025\/07\/kit-afinacion-aceite-20w50-cable-bujias-chevy.jpg-18x12.png",18,12,true],"woocommerce_thumbnail":["https:\/\/www.sdpcommerce.com\/wp-content\/uploads\/2025\/07\/kit-afinacion-aceite-20w50-cable-bujias-chevy.jpg-300x300.png",300,300,true],"woocommerce_single":["https:\/\/www.sdpcommerce.com\/wp-content\/uploads\/2025\/07\/kit-afinacion-aceite-20w50-cable-bujias-chevy.jpg-600x436.png",600,436,true],"woocommerce_gallery_thumbnail":["https:\/\/www.sdpcommerce.com\/wp-content\/uploads\/2025\/07\/kit-afinacion-aceite-20w50-cable-bujias-chevy.jpg-100x100.png",100,100,true]},"uagb_author_info":{"display_name":"admin","author_link":"https:\/\/www.sdpcommerce.com\/en\/author\/"},"uagb_comment_info":0,"uagb_excerpt":"Kit afinaci\u00f3n para Chevy C1, C2 y C3 con aceite 20W50, cables y buj\u00edas para un motor eficiente y protegido.","_links":{"self":[{"href":"https:\/\/www.sdpcommerce.com\/en\/wp-json\/wp\/v2\/product\/2668","targetHints":{"allow":["GET"]}}],"collection":[{"href":"https:\/\/www.sdpcommerce.com\/en\/wp-json\/wp\/v2\/product"}],"about":[{"href":"https:\/\/www.sdpcommerce.com\/en\/wp-json\/wp\/v2\/types\/product"}],"replies":[{"embeddable":true,"href":"https:\/\/www.sdpcommerce.com\/en\/wp-json\/wp\/v2\/comments?post=2668"}],"wp:featuredmedia":[{"embeddable":true,"href":"https:\/\/www.sdpcommerce.com\/en\/wp-json\/wp\/v2\/media\/2669"}],"wp:attachment":[{"href":"https:\/\/www.sdpcommerce.com\/en\/wp-json\/wp\/v2\/media?parent=2668"}],"wp:term":[{"taxonomy":"product_brand","embeddable":true,"href":"https:\/\/www.sdpcommerce.com\/en\/wp-json\/wp\/v2\/product_brand?post=2668"},{"taxonomy":"product_cat","embeddable":true,"href":"https:\/\/www.sdpcommerce.com\/en\/wp-json\/wp\/v2\/product_cat?post=2668"},{"taxonomy":"product_tag","embeddable":true,"href":"https:\/\/www.sdpcommerce.com\/en\/wp-json\/wp\/v2\/product_tag?post=2668"}],"curies":[{"name":"wp","href":"https:\/\/api.w.org\/{rel}","templated":true}]}}