{"id":2656,"date":"2025-07-31T23:24:58","date_gmt":"2025-07-31T21:24:58","guid":{"rendered":"https:\/\/www.sdpcommerce.com\/?post_type=product&#038;p=2656"},"modified":"2025-07-31T23:24:58","modified_gmt":"2025-07-31T21:24:58","slug":"polipasto-monorriel-abus-compacto-1-16t","status":"publish","type":"product","link":"https:\/\/www.sdpcommerce.com\/en\/product\/polipasto-monorriel-abus-compacto-1-16t\/","title":{"rendered":"Polipasto Monorriel ABUS Compacto | 1 a 16 Toneladas | Motores Directos"},"content":{"rendered":"<p data-start=\"311\" data-end=\"575\">El <strong data-start=\"314\" data-end=\"342\">polipasto monorriel ABUS<\/strong> es una soluci\u00f3n econ\u00f3mica y robusta para la elevaci\u00f3n de cargas en espacios reducidos. Su dise\u00f1o compacto con dimensiones optimizadas lo convierte en una excelente elecci\u00f3n para aplicaciones industriales con limitaciones de espacio.<\/p>\n<p data-start=\"577\" data-end=\"889\">Cuenta con <strong data-start=\"588\" data-end=\"656\">dos motores de traslaci\u00f3n transversales de accionamiento directo<\/strong>, lo que garantiza una operaci\u00f3n suave, precisa y eficiente. El <strong data-start=\"720\" data-end=\"768\">carro de traslaci\u00f3n transversal es ajustable<\/strong>, lo que permite adaptarlo a diferentes anchos de ala de viga (flange widths), ofreciendo versatilidad en su instalaci\u00f3n.<\/p>\n<p data-start=\"891\" data-end=\"922\"><strong data-start=\"891\" data-end=\"922\">Caracter\u00edsticas destacadas:<\/strong><\/p>\n<ul data-start=\"923\" data-end=\"1237\">\n<li data-start=\"923\" data-end=\"984\">\n<p data-start=\"925\" data-end=\"984\">Capacidad de carga: desde <strong data-start=\"951\" data-end=\"984\">1 tonelada hasta 16 toneladas<\/strong><\/p>\n<\/li>\n<li data-start=\"985\" data-end=\"1033\">\n<p data-start=\"987\" data-end=\"1033\">Dise\u00f1o compacto para uso en espacios limitados<\/p>\n<\/li>\n<li data-start=\"1034\" data-end=\"1097\">\n<p data-start=\"1036\" data-end=\"1097\"><strong data-start=\"1036\" data-end=\"1071\">2 motores de traslaci\u00f3n directa<\/strong> para un control eficiente<\/p>\n<\/li>\n<li data-start=\"1098\" data-end=\"1161\">\n<p data-start=\"1100\" data-end=\"1161\"><strong data-start=\"1100\" data-end=\"1131\">Carro transversal ajustable<\/strong> para distintos anchos de viga<\/p>\n<\/li>\n<li data-start=\"1162\" data-end=\"1237\">\n<p data-start=\"1164\" data-end=\"1237\">Ideal para l\u00edneas de producci\u00f3n, talleres mec\u00e1nicos, y naves industriales<\/p>\n<\/li>\n<\/ul>","protected":false},"excerpt":{"rendered":"<p data-start=\"1277\" data-end=\"1386\">Polipasto monorriel compacto ABUS, capacidad de 1 a 16 toneladas, con dos motores directos y carro ajustable.<\/p>","protected":false},"featured_media":2657,"comment_status":"open","ping_status":"closed","template":"","meta":{"om_disable_all_campaigns":false,"_uag_custom_page_level_css":"","_monsterinsights_skip_tracking":false,"_monsterinsights_sitenote_active":false,"_monsterinsights_sitenote_note":"","_monsterinsights_sitenote_category":0,"site-sidebar-layout":"default","site-content-layout":"","ast-site-content-layout":"default","site-content-style":"default","site-sidebar-style":"default","ast-global-header-display":"","ast-banner-title-visibility":"","ast-main-header-display":"","ast-hfb-above-header-display":"","ast-hfb-below-header-display":"","ast-hfb-mobile-header-display":"","site-post-title":"","ast-breadcrumbs-content":"","ast-featured-img":"","footer-sml-layout":"","theme-transparent-header-meta":"default","adv-header-id-meta":"","stick-header-meta":"","header-above-stick-meta":"","header-main-stick-meta":"","header-below-stick-meta":"","astra-migrate-meta-layouts":"set","ast-page-background-enabled":"default","ast-page-background-meta":{"desktop":{"background-color":"var(--ast-global-color-4)","background-image":"","background-repeat":"repeat","background-position":"center center","background-size":"auto","background-attachment":"scroll","background-type":"","background-media":"","overlay-type":"","overlay-color":"","overlay-gradient":""},"tablet":{"background-color":"","background-image":"","background-repeat":"repeat","background-position":"center center","background-size":"auto","background-attachment":"scroll","background-type":"","background-media":"","overlay-type":"","overlay-color":"","overlay-gradient":""},"mobile":{"background-color":"","background-image":"","background-repeat":"repeat","background-position":"center center","background-size":"auto","background-attachment":"scroll","background-type":"","background-media":"","overlay-type":"","overlay-color":"","overlay-gradient":""}},"ast-content-background-meta":{"desktop":{"background-color":"var(--ast-global-color-5)","background-image":"","background-repeat":"repeat","background-position":"center center","background-size":"auto","background-attachment":"scroll","background-type":"","background-media":"","overlay-type":"","overlay-color":"","overlay-gradient":""},"tablet":{"background-color":"var(--ast-global-color-5)","background-image":"","background-repeat":"repeat","background-position":"center center","background-size":"auto","background-attachment":"scroll","background-type":"","background-media":"","overlay-type":"","overlay-color":"","overlay-gradient":""},"mobile":{"background-color":"var(--ast-global-color-5)","background-image":"","background-repeat":"repeat","background-position":"center center","background-size":"auto","background-attachment":"scroll","background-type":"","background-media":"","overlay-type":"","overlay-color":"","overlay-gradient":""}}},"product_brand":[443],"product_cat":[15,30],"product_tag":[521,519,524,522,520,523,518],"class_list":{"0":"post-2656","1":"product","2":"type-product","3":"status-publish","4":"has-post-thumbnail","6":"product_brand-marca-industrial-abus","7":"product_cat-motores-electricos-uso-industrial","8":"product_cat-refacciones-industriales","9":"product_tag-16-toneladas","10":"product_tag-abus","11":"product_tag-carro-ajustable","12":"product_tag-diseno-compacto","13":"product_tag-elevador-industrial","14":"product_tag-motores-directos","15":"product_tag-polipasto-monorriel","16":"desktop-align-left","17":"tablet-align-left","18":"mobile-align-left","20":"first","21":"instock","22":"shipping-taxable","23":"product-type-simple"},"yoast_head":"<!-- This site is optimized with the Yoast SEO plugin v27.4 - https:\/\/yoast.com\/product\/yoast-seo-wordpress\/ -->\n<title>Polipasto Monorriel ABUS Compacto | 1 a 16 Toneladas | Motores Directos<\/title>\n<meta name=\"description\" content=\"Polipasto monorriel ABUS de dise\u00f1o compacto, capacidad de 1 a 16 toneladas. Motores directos y carro adaptable a diversas vigas.\" \/>\n<meta name=\"robots\" content=\"index, follow, max-snippet:-1, max-image-preview:large, max-video-preview:-1\" \/>\n<link rel=\"canonical\" href=\"https:\/\/www.sdpcommerce.com\/en\/product\/polipasto-monorriel-abus-compacto-1-16t\/\" \/>\n<meta property=\"og:locale\" content=\"en_US\" \/>\n<meta property=\"og:type\" content=\"article\" \/>\n<meta property=\"og:title\" content=\"Polipasto Monorriel ABUS Compacto | 1 a 16 Toneladas | Motores Directos\" \/>\n<meta property=\"og:description\" content=\"Polipasto monorriel ABUS de dise\u00f1o compacto, capacidad de 1 a 16 toneladas. Motores directos y carro adaptable a diversas vigas.\" \/>\n<meta property=\"og:url\" content=\"https:\/\/www.sdpcommerce.com\/en\/product\/polipasto-monorriel-abus-compacto-1-16t\/\" \/>\n<meta property=\"og:site_name\" content=\"&lt;strong&gt;Un buen proveedor no solo vende, asesora y soluciona&lt;\/strong&gt;\" \/>\n<meta property=\"article:publisher\" content=\"https:\/\/www.facebook.com\/profile.php?id=61565795007009#\" \/>\n<meta property=\"og:image\" content=\"https:\/\/www.sdpcommerce.com\/wp-content\/uploads\/2025\/07\/polipasto-monorriel-abus-compacto-1-16t.jpg.png\" \/>\n\t<meta property=\"og:image:width\" content=\"386\" \/>\n\t<meta property=\"og:image:height\" content=\"266\" \/>\n\t<meta property=\"og:image:type\" content=\"image\/png\" \/>\n<meta name=\"twitter:card\" content=\"summary_large_image\" \/>\n<meta name=\"twitter:label1\" content=\"Est. reading time\" \/>\n\t<meta name=\"twitter:data1\" content=\"1 minute\" \/>\n<script type=\"application\/ld+json\" class=\"yoast-schema-graph\">{\"@context\":\"https:\\\/\\\/schema.org\",\"@graph\":[{\"@type\":\"WebPage\",\"@id\":\"https:\\\/\\\/www.sdpcommerce.com\\\/producto\\\/polipasto-monorriel-abus-compacto-1-16t\\\/\",\"url\":\"https:\\\/\\\/www.sdpcommerce.com\\\/producto\\\/polipasto-monorriel-abus-compacto-1-16t\\\/\",\"name\":\"Polipasto Monorriel ABUS Compacto | 1 a 16 Toneladas | Motores Directos\",\"isPartOf\":{\"@id\":\"https:\\\/\\\/www.sdpcommerce.com\\\/#website\"},\"primaryImageOfPage\":{\"@id\":\"https:\\\/\\\/www.sdpcommerce.com\\\/producto\\\/polipasto-monorriel-abus-compacto-1-16t\\\/#primaryimage\"},\"image\":{\"@id\":\"https:\\\/\\\/www.sdpcommerce.com\\\/producto\\\/polipasto-monorriel-abus-compacto-1-16t\\\/#primaryimage\"},\"thumbnailUrl\":\"https:\\\/\\\/www.sdpcommerce.com\\\/wp-content\\\/uploads\\\/2025\\\/07\\\/polipasto-monorriel-abus-compacto-1-16t.jpg.png\",\"datePublished\":\"2025-07-31T21:24:58+00:00\",\"description\":\"Polipasto monorriel ABUS de dise\u00f1o compacto, capacidad de 1 a 16 toneladas. Motores directos y carro adaptable a diversas vigas.\",\"breadcrumb\":{\"@id\":\"https:\\\/\\\/www.sdpcommerce.com\\\/producto\\\/polipasto-monorriel-abus-compacto-1-16t\\\/#breadcrumb\"},\"inLanguage\":\"en-US\",\"potentialAction\":[{\"@type\":\"ReadAction\",\"target\":[\"https:\\\/\\\/www.sdpcommerce.com\\\/producto\\\/polipasto-monorriel-abus-compacto-1-16t\\\/\"]}]},{\"@type\":\"ImageObject\",\"inLanguage\":\"en-US\",\"@id\":\"https:\\\/\\\/www.sdpcommerce.com\\\/producto\\\/polipasto-monorriel-abus-compacto-1-16t\\\/#primaryimage\",\"url\":\"https:\\\/\\\/www.sdpcommerce.com\\\/wp-content\\\/uploads\\\/2025\\\/07\\\/polipasto-monorriel-abus-compacto-1-16t.jpg.png\",\"contentUrl\":\"https:\\\/\\\/www.sdpcommerce.com\\\/wp-content\\\/uploads\\\/2025\\\/07\\\/polipasto-monorriel-abus-compacto-1-16t.jpg.png\",\"width\":386,\"height\":266,\"caption\":\"Polipasto ABUS compacto | 1-16 t | Carro ajustable | Motores directos\"},{\"@type\":\"BreadcrumbList\",\"@id\":\"https:\\\/\\\/www.sdpcommerce.com\\\/producto\\\/polipasto-monorriel-abus-compacto-1-16t\\\/#breadcrumb\",\"itemListElement\":[{\"@type\":\"ListItem\",\"position\":1,\"name\":\"Portada\",\"item\":\"https:\\\/\\\/www.sdpcommerce.com\\\/\"},{\"@type\":\"ListItem\",\"position\":2,\"name\":\"STORE\",\"item\":\"https:\\\/\\\/www.sdpcommerce.com\\\/shop-replacement-parts\\\/\"},{\"@type\":\"ListItem\",\"position\":3,\"name\":\"Motores El\u00e9ctricos para Uso Industrial\",\"item\":\"https:\\\/\\\/www.sdpcommerce.com\\\/categoria-producto\\\/motores-electricos-uso-industrial\\\/\"},{\"@type\":\"ListItem\",\"position\":4,\"name\":\"Polipasto Monorriel ABUS Compacto | 1 a 16 Toneladas | Motores Directos\"}]},{\"@type\":\"WebSite\",\"@id\":\"https:\\\/\\\/www.sdpcommerce.com\\\/#website\",\"url\":\"https:\\\/\\\/www.sdpcommerce.com\\\/\",\"name\":\"SDP COMMERCE\",\"description\":\" Contar con un proveedor que no solo te diga \u201cya no existe\u201d, sino que &lt;strong&gt;te proponga un reemplazo funcional&lt;\\\/strong&gt;, es una ventaja competitiva. Algunas acciones que realiza un proveedor proactivo\",\"publisher\":{\"@id\":\"https:\\\/\\\/www.sdpcommerce.com\\\/#organization\"},\"potentialAction\":[{\"@type\":\"SearchAction\",\"target\":{\"@type\":\"EntryPoint\",\"urlTemplate\":\"https:\\\/\\\/www.sdpcommerce.com\\\/?s={search_term_string}\"},\"query-input\":{\"@type\":\"PropertyValueSpecification\",\"valueRequired\":true,\"valueName\":\"search_term_string\"}}],\"inLanguage\":\"en-US\"},{\"@type\":\"Organization\",\"@id\":\"https:\\\/\\\/www.sdpcommerce.com\\\/#organization\",\"name\":\"SDP COMMERCE\",\"url\":\"https:\\\/\\\/www.sdpcommerce.com\\\/\",\"logo\":{\"@type\":\"ImageObject\",\"inLanguage\":\"en-US\",\"@id\":\"https:\\\/\\\/www.sdpcommerce.com\\\/#\\\/schema\\\/logo\\\/image\\\/\",\"url\":\"https:\\\/\\\/www.sdpcommerce.com\\\/wp-content\\\/uploads\\\/2025\\\/02\\\/Screenshot-2025-02-13-150556.png\",\"contentUrl\":\"https:\\\/\\\/www.sdpcommerce.com\\\/wp-content\\\/uploads\\\/2025\\\/02\\\/Screenshot-2025-02-13-150556.png\",\"width\":114,\"height\":108,\"caption\":\"SDP COMMERCE\"},\"image\":{\"@id\":\"https:\\\/\\\/www.sdpcommerce.com\\\/#\\\/schema\\\/logo\\\/image\\\/\"},\"sameAs\":[\"https:\\\/\\\/www.facebook.com\\\/profile.php?id=61565795007009#\"]}]}<\/script>\n<!-- \/ Yoast SEO plugin. -->","yoast_head_json":{"title":"Polipasto Monorriel ABUS Compacto | 1 a 16 Toneladas | Motores Directos","description":"Polipasto monorriel ABUS de dise\u00f1o compacto, capacidad de 1 a 16 toneladas. Motores directos y carro adaptable a diversas vigas.","robots":{"index":"index","follow":"follow","max-snippet":"max-snippet:-1","max-image-preview":"max-image-preview:large","max-video-preview":"max-video-preview:-1"},"canonical":"https:\/\/www.sdpcommerce.com\/en\/product\/polipasto-monorriel-abus-compacto-1-16t\/","og_locale":"en_US","og_type":"article","og_title":"Polipasto Monorriel ABUS Compacto | 1 a 16 Toneladas | Motores Directos","og_description":"Polipasto monorriel ABUS de dise\u00f1o compacto, capacidad de 1 a 16 toneladas. Motores directos y carro adaptable a diversas vigas.","og_url":"https:\/\/www.sdpcommerce.com\/en\/product\/polipasto-monorriel-abus-compacto-1-16t\/","og_site_name":"&lt;strong&gt;Un buen proveedor no solo vende, asesora y soluciona&lt;\/strong&gt;","article_publisher":"https:\/\/www.facebook.com\/profile.php?id=61565795007009#","og_image":[{"width":386,"height":266,"url":"https:\/\/www.sdpcommerce.com\/wp-content\/uploads\/2025\/07\/polipasto-monorriel-abus-compacto-1-16t.jpg.png","type":"image\/png"}],"twitter_card":"summary_large_image","twitter_misc":{"Est. reading time":"1 minute"},"schema":{"@context":"https:\/\/schema.org","@graph":[{"@type":"WebPage","@id":"https:\/\/www.sdpcommerce.com\/producto\/polipasto-monorriel-abus-compacto-1-16t\/","url":"https:\/\/www.sdpcommerce.com\/producto\/polipasto-monorriel-abus-compacto-1-16t\/","name":"Polipasto Monorriel ABUS Compacto | 1 a 16 Toneladas | Motores Directos","isPartOf":{"@id":"https:\/\/www.sdpcommerce.com\/#website"},"primaryImageOfPage":{"@id":"https:\/\/www.sdpcommerce.com\/producto\/polipasto-monorriel-abus-compacto-1-16t\/#primaryimage"},"image":{"@id":"https:\/\/www.sdpcommerce.com\/producto\/polipasto-monorriel-abus-compacto-1-16t\/#primaryimage"},"thumbnailUrl":"https:\/\/www.sdpcommerce.com\/wp-content\/uploads\/2025\/07\/polipasto-monorriel-abus-compacto-1-16t.jpg.png","datePublished":"2025-07-31T21:24:58+00:00","description":"Polipasto monorriel ABUS de dise\u00f1o compacto, capacidad de 1 a 16 toneladas. Motores directos y carro adaptable a diversas vigas.","breadcrumb":{"@id":"https:\/\/www.sdpcommerce.com\/producto\/polipasto-monorriel-abus-compacto-1-16t\/#breadcrumb"},"inLanguage":"en-US","potentialAction":[{"@type":"ReadAction","target":["https:\/\/www.sdpcommerce.com\/producto\/polipasto-monorriel-abus-compacto-1-16t\/"]}]},{"@type":"ImageObject","inLanguage":"en-US","@id":"https:\/\/www.sdpcommerce.com\/producto\/polipasto-monorriel-abus-compacto-1-16t\/#primaryimage","url":"https:\/\/www.sdpcommerce.com\/wp-content\/uploads\/2025\/07\/polipasto-monorriel-abus-compacto-1-16t.jpg.png","contentUrl":"https:\/\/www.sdpcommerce.com\/wp-content\/uploads\/2025\/07\/polipasto-monorriel-abus-compacto-1-16t.jpg.png","width":386,"height":266,"caption":"Polipasto ABUS compacto | 1-16 t | Carro ajustable | Motores directos"},{"@type":"BreadcrumbList","@id":"https:\/\/www.sdpcommerce.com\/producto\/polipasto-monorriel-abus-compacto-1-16t\/#breadcrumb","itemListElement":[{"@type":"ListItem","position":1,"name":"Portada","item":"https:\/\/www.sdpcommerce.com\/"},{"@type":"ListItem","position":2,"name":"STORE","item":"https:\/\/www.sdpcommerce.com\/shop-replacement-parts\/"},{"@type":"ListItem","position":3,"name":"Motores El\u00e9ctricos para Uso Industrial","item":"https:\/\/www.sdpcommerce.com\/categoria-producto\/motores-electricos-uso-industrial\/"},{"@type":"ListItem","position":4,"name":"Polipasto Monorriel ABUS Compacto | 1 a 16 Toneladas | Motores Directos"}]},{"@type":"WebSite","@id":"https:\/\/www.sdpcommerce.com\/#website","url":"https:\/\/www.sdpcommerce.com\/","name":"SDP COMMERCE","description":"Contar con un proveedor que no solo te diga &ldquo;ya no existe&rdquo;, sino que &lt;strong&gt;te proponga un reemplazo funcional&lt;\/strong&gt;, es una ventaja competitiva. Algunas acciones que realiza un proveedor proactivo","publisher":{"@id":"https:\/\/www.sdpcommerce.com\/#organization"},"potentialAction":[{"@type":"SearchAction","target":{"@type":"EntryPoint","urlTemplate":"https:\/\/www.sdpcommerce.com\/?s={search_term_string}"},"query-input":{"@type":"PropertyValueSpecification","valueRequired":true,"valueName":"search_term_string"}}],"inLanguage":"en-US"},{"@type":"Organization","@id":"https:\/\/www.sdpcommerce.com\/#organization","name":"SDP COMMERCE","url":"https:\/\/www.sdpcommerce.com\/","logo":{"@type":"ImageObject","inLanguage":"en-US","@id":"https:\/\/www.sdpcommerce.com\/#\/schema\/logo\/image\/","url":"https:\/\/www.sdpcommerce.com\/wp-content\/uploads\/2025\/02\/Screenshot-2025-02-13-150556.png","contentUrl":"https:\/\/www.sdpcommerce.com\/wp-content\/uploads\/2025\/02\/Screenshot-2025-02-13-150556.png","width":114,"height":108,"caption":"SDP COMMERCE"},"image":{"@id":"https:\/\/www.sdpcommerce.com\/#\/schema\/logo\/image\/"},"sameAs":["https:\/\/www.facebook.com\/profile.php?id=61565795007009#"]}]}},"uagb_featured_image_src":{"full":["https:\/\/www.sdpcommerce.com\/wp-content\/uploads\/2025\/07\/polipasto-monorriel-abus-compacto-1-16t.jpg.png",386,266,false],"thumbnail":["https:\/\/www.sdpcommerce.com\/wp-content\/uploads\/2025\/07\/polipasto-monorriel-abus-compacto-1-16t.jpg-150x150.png",150,150,true],"medium":["https:\/\/www.sdpcommerce.com\/wp-content\/uploads\/2025\/07\/polipasto-monorriel-abus-compacto-1-16t.jpg-300x207.png",300,207,true],"medium_large":["https:\/\/www.sdpcommerce.com\/wp-content\/uploads\/2025\/07\/polipasto-monorriel-abus-compacto-1-16t.jpg.png",386,266,false],"large":["https:\/\/www.sdpcommerce.com\/wp-content\/uploads\/2025\/07\/polipasto-monorriel-abus-compacto-1-16t.jpg.png",386,266,false],"1536x1536":["https:\/\/www.sdpcommerce.com\/wp-content\/uploads\/2025\/07\/polipasto-monorriel-abus-compacto-1-16t.jpg.png",386,266,false],"2048x2048":["https:\/\/www.sdpcommerce.com\/wp-content\/uploads\/2025\/07\/polipasto-monorriel-abus-compacto-1-16t.jpg.png",386,266,false],"trp-custom-language-flag":["https:\/\/www.sdpcommerce.com\/wp-content\/uploads\/2025\/07\/polipasto-monorriel-abus-compacto-1-16t.jpg-18x12.png",18,12,true],"woocommerce_thumbnail":["https:\/\/www.sdpcommerce.com\/wp-content\/uploads\/2025\/07\/polipasto-monorriel-abus-compacto-1-16t.jpg-300x266.png",300,266,true],"woocommerce_single":["https:\/\/www.sdpcommerce.com\/wp-content\/uploads\/2025\/07\/polipasto-monorriel-abus-compacto-1-16t.jpg.png",386,266,false],"woocommerce_gallery_thumbnail":["https:\/\/www.sdpcommerce.com\/wp-content\/uploads\/2025\/07\/polipasto-monorriel-abus-compacto-1-16t.jpg-100x100.png",100,100,true]},"uagb_author_info":{"display_name":"admin","author_link":"https:\/\/www.sdpcommerce.com\/en\/author\/"},"uagb_comment_info":0,"uagb_excerpt":"Polipasto monorriel compacto ABUS, capacidad de 1 a 16 toneladas, con dos motores directos y carro ajustable.","_links":{"self":[{"href":"https:\/\/www.sdpcommerce.com\/en\/wp-json\/wp\/v2\/product\/2656","targetHints":{"allow":["GET"]}}],"collection":[{"href":"https:\/\/www.sdpcommerce.com\/en\/wp-json\/wp\/v2\/product"}],"about":[{"href":"https:\/\/www.sdpcommerce.com\/en\/wp-json\/wp\/v2\/types\/product"}],"replies":[{"embeddable":true,"href":"https:\/\/www.sdpcommerce.com\/en\/wp-json\/wp\/v2\/comments?post=2656"}],"wp:featuredmedia":[{"embeddable":true,"href":"https:\/\/www.sdpcommerce.com\/en\/wp-json\/wp\/v2\/media\/2657"}],"wp:attachment":[{"href":"https:\/\/www.sdpcommerce.com\/en\/wp-json\/wp\/v2\/media?parent=2656"}],"wp:term":[{"taxonomy":"product_brand","embeddable":true,"href":"https:\/\/www.sdpcommerce.com\/en\/wp-json\/wp\/v2\/product_brand?post=2656"},{"taxonomy":"product_cat","embeddable":true,"href":"https:\/\/www.sdpcommerce.com\/en\/wp-json\/wp\/v2\/product_cat?post=2656"},{"taxonomy":"product_tag","embeddable":true,"href":"https:\/\/www.sdpcommerce.com\/en\/wp-json\/wp\/v2\/product_tag?post=2656"}],"curies":[{"name":"wp","href":"https:\/\/api.w.org\/{rel}","templated":true}]}}