{"id":2644,"date":"2025-07-31T23:06:36","date_gmt":"2025-07-31T21:06:36","guid":{"rendered":"https:\/\/www.sdpcommerce.com\/?post_type=product&#038;p=2644"},"modified":"2026-02-17T19:42:53","modified_gmt":"2026-02-17T18:42:53","slug":"3m-jupiter-chg-02eu-cargador-inteligente","status":"publish","type":"product","link":"https:\/\/www.sdpcommerce.com\/en\/product\/3m-jupiter-chg-02eu-cargador-inteligente\/","title":{"rendered":"3M Jupiter CHG-02EU | Cargador Inteligente para Bater\u00eda 3M 003-00-58PEU"},"content":{"rendered":"<p data-start=\"266\" data-end=\"655\">El <strong data-start=\"269\" data-end=\"307\">3M Jupiter Intell.charger CHG-02EU<\/strong> es un cargador inteligente de bater\u00edas dise\u00f1ado espec\u00edficamente para el equipo de protecci\u00f3n respiratoria <strong data-start=\"414\" data-end=\"428\">3M Jupiter<\/strong>. Compatible con el modelo de bater\u00eda <strong data-start=\"466\" data-end=\"485\">3M 003-00-58PEU<\/strong>, este cargador ofrece una carga eficiente, segura y r\u00e1pida, ideal para ambientes industriales donde se requiere el m\u00e1ximo rendimiento en equipos de respiraci\u00f3n asistida.<\/p>\n<p data-start=\"657\" data-end=\"1015\">Gracias a su tecnolog\u00eda de carga inteligente, el CHG-02EU evita la sobrecarga y prolonga la vida \u00fatil de la bater\u00eda. Cuenta con indicadores LED para mostrar el estado de carga, asegurando una operaci\u00f3n clara y segura para el usuario. Es una opci\u00f3n confiable para quienes necesitan mantener operativos sus sistemas de aire motorizado en condiciones exigentes.<\/p>\n<p data-start=\"1017\" data-end=\"1042\"><strong data-start=\"1017\" data-end=\"1042\">Aplicaciones comunes:<\/strong><\/p>\n<ul data-start=\"1043\" data-end=\"1142\">\n<li data-start=\"1043\" data-end=\"1064\">\n<p data-start=\"1045\" data-end=\"1064\">Industrias qu\u00edmicas<\/p>\n<\/li>\n<li data-start=\"1065\" data-end=\"1074\">\n<p data-start=\"1067\" data-end=\"1074\">Miner\u00eda<\/p>\n<\/li>\n<li data-start=\"1075\" data-end=\"1101\">\n<p data-start=\"1077\" data-end=\"1101\">Procesamiento de metales<\/p>\n<\/li>\n<li data-start=\"1102\" data-end=\"1142\">\n<p data-start=\"1104\" data-end=\"1142\">Ambientes con contaminantes peligrosos<\/p>\n<\/li>\n<\/ul>","protected":false},"excerpt":{"rendered":"<p>Cargador inteligente CHG-02EU para bater\u00eda 3M 003-00-58PEU, compatible con el sistema respiratorio motorizado 3M Jupiter. Carga segura y r\u00e1pida.<\/p>","protected":false},"featured_media":2645,"comment_status":"open","ping_status":"closed","template":"","meta":{"om_disable_all_campaigns":false,"_uag_custom_page_level_css":"","_monsterinsights_skip_tracking":false,"_monsterinsights_sitenote_active":false,"_monsterinsights_sitenote_note":"","_monsterinsights_sitenote_category":0,"site-sidebar-layout":"default","site-content-layout":"","ast-site-content-layout":"default","site-content-style":"default","site-sidebar-style":"default","ast-global-header-display":"","ast-banner-title-visibility":"","ast-main-header-display":"","ast-hfb-above-header-display":"","ast-hfb-below-header-display":"","ast-hfb-mobile-header-display":"","site-post-title":"","ast-breadcrumbs-content":"","ast-featured-img":"","footer-sml-layout":"","theme-transparent-header-meta":"default","adv-header-id-meta":"","stick-header-meta":"","header-above-stick-meta":"","header-main-stick-meta":"","header-below-stick-meta":"","astra-migrate-meta-layouts":"set","ast-page-background-enabled":"default","ast-page-background-meta":{"desktop":{"background-color":"var(--ast-global-color-4)","background-image":"","background-repeat":"repeat","background-position":"center center","background-size":"auto","background-attachment":"scroll","background-type":"","background-media":"","overlay-type":"","overlay-color":"","overlay-gradient":""},"tablet":{"background-color":"","background-image":"","background-repeat":"repeat","background-position":"center center","background-size":"auto","background-attachment":"scroll","background-type":"","background-media":"","overlay-type":"","overlay-color":"","overlay-gradient":""},"mobile":{"background-color":"","background-image":"","background-repeat":"repeat","background-position":"center center","background-size":"auto","background-attachment":"scroll","background-type":"","background-media":"","overlay-type":"","overlay-color":"","overlay-gradient":""}},"ast-content-background-meta":{"desktop":{"background-color":"var(--ast-global-color-5)","background-image":"","background-repeat":"repeat","background-position":"center center","background-size":"auto","background-attachment":"scroll","background-type":"","background-media":"","overlay-type":"","overlay-color":"","overlay-gradient":""},"tablet":{"background-color":"var(--ast-global-color-5)","background-image":"","background-repeat":"repeat","background-position":"center center","background-size":"auto","background-attachment":"scroll","background-type":"","background-media":"","overlay-type":"","overlay-color":"","overlay-gradient":""},"mobile":{"background-color":"var(--ast-global-color-5)","background-image":"","background-repeat":"repeat","background-position":"center center","background-size":"auto","background-attachment":"scroll","background-type":"","background-media":"","overlay-type":"","overlay-color":"","overlay-gradient":""}}},"product_brand":[437],"product_cat":[30],"product_tag":[485,486,488,487],"class_list":{"0":"post-2644","1":"product","2":"type-product","3":"status-publish","4":"has-post-thumbnail","6":"product_brand-marca-industrial-3m","7":"product_cat-refacciones-industriales","8":"product_tag-3m-jupiter","9":"product_tag-bateria-003-00-58peu","10":"product_tag-cargador-inteligente-3m","11":"product_tag-proteccion-respiratoria","12":"desktop-align-left","13":"tablet-align-left","14":"mobile-align-left","16":"first","17":"instock","18":"shipping-taxable","19":"purchasable","20":"product-type-simple"},"yoast_head":"<!-- This site is optimized with the Yoast SEO plugin v27.4 - https:\/\/yoast.com\/product\/yoast-seo-wordpress\/ -->\n<title>3M Jupiter CHG-02EU | Cargador Inteligente para Bater\u00eda 3M 003-00-58PEU<\/title>\n<meta name=\"description\" content=\"Compra el cargador inteligente 3M CHG-02EU compatible con la bater\u00eda 003-00-58PEU para el sistema respiratorio 3M Jupiter. Carga segura y confiable.\" \/>\n<meta name=\"robots\" content=\"index, follow, max-snippet:-1, max-image-preview:large, max-video-preview:-1\" \/>\n<link rel=\"canonical\" href=\"https:\/\/www.sdpcommerce.com\/en\/product\/3m-jupiter-chg-02eu-cargador-inteligente\/\" \/>\n<meta property=\"og:locale\" content=\"en_US\" \/>\n<meta property=\"og:type\" content=\"article\" \/>\n<meta property=\"og:title\" content=\"3M Jupiter CHG-02EU | Cargador Inteligente para Bater\u00eda 3M 003-00-58PEU\" \/>\n<meta property=\"og:description\" content=\"Compra el cargador inteligente 3M CHG-02EU compatible con la bater\u00eda 003-00-58PEU para el sistema respiratorio 3M Jupiter. Carga segura y confiable.\" \/>\n<meta property=\"og:url\" content=\"https:\/\/www.sdpcommerce.com\/en\/product\/3m-jupiter-chg-02eu-cargador-inteligente\/\" \/>\n<meta property=\"og:site_name\" content=\"&lt;strong&gt;Un buen proveedor no solo vende, asesora y soluciona&lt;\/strong&gt;\" \/>\n<meta property=\"article:publisher\" content=\"https:\/\/www.facebook.com\/profile.php?id=61565795007009#\" \/>\n<meta property=\"article:modified_time\" content=\"2026-02-17T18:42:53+00:00\" \/>\n<meta property=\"og:image\" content=\"https:\/\/www.sdpcommerce.com\/wp-content\/uploads\/2025\/07\/3M-Jupiter-CHG-02EU-\u2013-Cargador-inteligente.png\" \/>\n\t<meta property=\"og:image:width\" content=\"499\" \/>\n\t<meta property=\"og:image:height\" content=\"410\" \/>\n\t<meta property=\"og:image:type\" content=\"image\/png\" \/>\n<meta name=\"twitter:card\" content=\"summary_large_image\" \/>\n<meta name=\"twitter:label1\" content=\"Est. reading time\" \/>\n\t<meta name=\"twitter:data1\" content=\"1 minute\" \/>\n<script type=\"application\/ld+json\" class=\"yoast-schema-graph\">{\"@context\":\"https:\\\/\\\/schema.org\",\"@graph\":[{\"@type\":\"WebPage\",\"@id\":\"https:\\\/\\\/www.sdpcommerce.com\\\/producto\\\/3m-jupiter-chg-02eu-cargador-inteligente\\\/\",\"url\":\"https:\\\/\\\/www.sdpcommerce.com\\\/producto\\\/3m-jupiter-chg-02eu-cargador-inteligente\\\/\",\"name\":\"3M Jupiter CHG-02EU | Cargador Inteligente para Bater\u00eda 3M 003-00-58PEU\",\"isPartOf\":{\"@id\":\"https:\\\/\\\/www.sdpcommerce.com\\\/#website\"},\"primaryImageOfPage\":{\"@id\":\"https:\\\/\\\/www.sdpcommerce.com\\\/producto\\\/3m-jupiter-chg-02eu-cargador-inteligente\\\/#primaryimage\"},\"image\":{\"@id\":\"https:\\\/\\\/www.sdpcommerce.com\\\/producto\\\/3m-jupiter-chg-02eu-cargador-inteligente\\\/#primaryimage\"},\"thumbnailUrl\":\"https:\\\/\\\/www.sdpcommerce.com\\\/wp-content\\\/uploads\\\/2025\\\/07\\\/3M-Jupiter-CHG-02EU-\u2013-Cargador-inteligente.png\",\"datePublished\":\"2025-07-31T21:06:36+00:00\",\"dateModified\":\"2026-02-17T18:42:53+00:00\",\"description\":\"Compra el cargador inteligente 3M CHG-02EU compatible con la bater\u00eda 003-00-58PEU para el sistema respiratorio 3M Jupiter. Carga segura y confiable.\",\"breadcrumb\":{\"@id\":\"https:\\\/\\\/www.sdpcommerce.com\\\/producto\\\/3m-jupiter-chg-02eu-cargador-inteligente\\\/#breadcrumb\"},\"inLanguage\":\"en-US\",\"potentialAction\":[{\"@type\":\"ReadAction\",\"target\":[\"https:\\\/\\\/www.sdpcommerce.com\\\/producto\\\/3m-jupiter-chg-02eu-cargador-inteligente\\\/\"]}]},{\"@type\":\"ImageObject\",\"inLanguage\":\"en-US\",\"@id\":\"https:\\\/\\\/www.sdpcommerce.com\\\/producto\\\/3m-jupiter-chg-02eu-cargador-inteligente\\\/#primaryimage\",\"url\":\"https:\\\/\\\/www.sdpcommerce.com\\\/wp-content\\\/uploads\\\/2025\\\/07\\\/3M-Jupiter-CHG-02EU-\u2013-Cargador-inteligente.png\",\"contentUrl\":\"https:\\\/\\\/www.sdpcommerce.com\\\/wp-content\\\/uploads\\\/2025\\\/07\\\/3M-Jupiter-CHG-02EU-\u2013-Cargador-inteligente.png\",\"width\":499,\"height\":410,\"caption\":\"3M CHG-02EU \u2013 Cargador inteligente para bater\u00edas 3M Jupiter\"},{\"@type\":\"BreadcrumbList\",\"@id\":\"https:\\\/\\\/www.sdpcommerce.com\\\/producto\\\/3m-jupiter-chg-02eu-cargador-inteligente\\\/#breadcrumb\",\"itemListElement\":[{\"@type\":\"ListItem\",\"position\":1,\"name\":\"Portada\",\"item\":\"https:\\\/\\\/www.sdpcommerce.com\\\/\"},{\"@type\":\"ListItem\",\"position\":2,\"name\":\"STORE\",\"item\":\"https:\\\/\\\/www.sdpcommerce.com\\\/shop-replacement-parts\\\/\"},{\"@type\":\"ListItem\",\"position\":3,\"name\":\"Refacciones Industriales | Repuestos para Maquinaria y Equipos\",\"item\":\"https:\\\/\\\/www.sdpcommerce.com\\\/categoria-producto\\\/refacciones-industriales\\\/\"},{\"@type\":\"ListItem\",\"position\":4,\"name\":\"3M Jupiter CHG-02EU | Cargador Inteligente para Bater\u00eda 3M 003-00-58PEU\"}]},{\"@type\":\"WebSite\",\"@id\":\"https:\\\/\\\/www.sdpcommerce.com\\\/#website\",\"url\":\"https:\\\/\\\/www.sdpcommerce.com\\\/\",\"name\":\"SDP COMMERCE\",\"description\":\" Contar con un proveedor que no solo te diga \u201cya no existe\u201d, sino que &lt;strong&gt;te proponga un reemplazo funcional&lt;\\\/strong&gt;, es una ventaja competitiva. Algunas acciones que realiza un proveedor proactivo\",\"publisher\":{\"@id\":\"https:\\\/\\\/www.sdpcommerce.com\\\/#organization\"},\"potentialAction\":[{\"@type\":\"SearchAction\",\"target\":{\"@type\":\"EntryPoint\",\"urlTemplate\":\"https:\\\/\\\/www.sdpcommerce.com\\\/?s={search_term_string}\"},\"query-input\":{\"@type\":\"PropertyValueSpecification\",\"valueRequired\":true,\"valueName\":\"search_term_string\"}}],\"inLanguage\":\"en-US\"},{\"@type\":\"Organization\",\"@id\":\"https:\\\/\\\/www.sdpcommerce.com\\\/#organization\",\"name\":\"SDP COMMERCE\",\"url\":\"https:\\\/\\\/www.sdpcommerce.com\\\/\",\"logo\":{\"@type\":\"ImageObject\",\"inLanguage\":\"en-US\",\"@id\":\"https:\\\/\\\/www.sdpcommerce.com\\\/#\\\/schema\\\/logo\\\/image\\\/\",\"url\":\"https:\\\/\\\/www.sdpcommerce.com\\\/wp-content\\\/uploads\\\/2025\\\/02\\\/Screenshot-2025-02-13-150556.png\",\"contentUrl\":\"https:\\\/\\\/www.sdpcommerce.com\\\/wp-content\\\/uploads\\\/2025\\\/02\\\/Screenshot-2025-02-13-150556.png\",\"width\":114,\"height\":108,\"caption\":\"SDP COMMERCE\"},\"image\":{\"@id\":\"https:\\\/\\\/www.sdpcommerce.com\\\/#\\\/schema\\\/logo\\\/image\\\/\"},\"sameAs\":[\"https:\\\/\\\/www.facebook.com\\\/profile.php?id=61565795007009#\"]}]}<\/script>\n<!-- \/ Yoast SEO plugin. -->","yoast_head_json":{"title":"3M Jupiter CHG-02EU | Cargador Inteligente para Bater\u00eda 3M 003-00-58PEU","description":"Compra el cargador inteligente 3M CHG-02EU compatible con la bater\u00eda 003-00-58PEU para el sistema respiratorio 3M Jupiter. Carga segura y confiable.","robots":{"index":"index","follow":"follow","max-snippet":"max-snippet:-1","max-image-preview":"max-image-preview:large","max-video-preview":"max-video-preview:-1"},"canonical":"https:\/\/www.sdpcommerce.com\/en\/product\/3m-jupiter-chg-02eu-cargador-inteligente\/","og_locale":"en_US","og_type":"article","og_title":"3M Jupiter CHG-02EU | Cargador Inteligente para Bater\u00eda 3M 003-00-58PEU","og_description":"Compra el cargador inteligente 3M CHG-02EU compatible con la bater\u00eda 003-00-58PEU para el sistema respiratorio 3M Jupiter. Carga segura y confiable.","og_url":"https:\/\/www.sdpcommerce.com\/en\/product\/3m-jupiter-chg-02eu-cargador-inteligente\/","og_site_name":"&lt;strong&gt;Un buen proveedor no solo vende, asesora y soluciona&lt;\/strong&gt;","article_publisher":"https:\/\/www.facebook.com\/profile.php?id=61565795007009#","article_modified_time":"2026-02-17T18:42:53+00:00","og_image":[{"width":499,"height":410,"url":"https:\/\/www.sdpcommerce.com\/wp-content\/uploads\/2025\/07\/3M-Jupiter-CHG-02EU-\u2013-Cargador-inteligente.png","type":"image\/png"}],"twitter_card":"summary_large_image","twitter_misc":{"Est. reading time":"1 minute"},"schema":{"@context":"https:\/\/schema.org","@graph":[{"@type":"WebPage","@id":"https:\/\/www.sdpcommerce.com\/producto\/3m-jupiter-chg-02eu-cargador-inteligente\/","url":"https:\/\/www.sdpcommerce.com\/producto\/3m-jupiter-chg-02eu-cargador-inteligente\/","name":"3M Jupiter CHG-02EU | Cargador Inteligente para Bater\u00eda 3M 003-00-58PEU","isPartOf":{"@id":"https:\/\/www.sdpcommerce.com\/#website"},"primaryImageOfPage":{"@id":"https:\/\/www.sdpcommerce.com\/producto\/3m-jupiter-chg-02eu-cargador-inteligente\/#primaryimage"},"image":{"@id":"https:\/\/www.sdpcommerce.com\/producto\/3m-jupiter-chg-02eu-cargador-inteligente\/#primaryimage"},"thumbnailUrl":"https:\/\/www.sdpcommerce.com\/wp-content\/uploads\/2025\/07\/3M-Jupiter-CHG-02EU-\u2013-Cargador-inteligente.png","datePublished":"2025-07-31T21:06:36+00:00","dateModified":"2026-02-17T18:42:53+00:00","description":"Compra el cargador inteligente 3M CHG-02EU compatible con la bater\u00eda 003-00-58PEU para el sistema respiratorio 3M Jupiter. Carga segura y confiable.","breadcrumb":{"@id":"https:\/\/www.sdpcommerce.com\/producto\/3m-jupiter-chg-02eu-cargador-inteligente\/#breadcrumb"},"inLanguage":"en-US","potentialAction":[{"@type":"ReadAction","target":["https:\/\/www.sdpcommerce.com\/producto\/3m-jupiter-chg-02eu-cargador-inteligente\/"]}]},{"@type":"ImageObject","inLanguage":"en-US","@id":"https:\/\/www.sdpcommerce.com\/producto\/3m-jupiter-chg-02eu-cargador-inteligente\/#primaryimage","url":"https:\/\/www.sdpcommerce.com\/wp-content\/uploads\/2025\/07\/3M-Jupiter-CHG-02EU-\u2013-Cargador-inteligente.png","contentUrl":"https:\/\/www.sdpcommerce.com\/wp-content\/uploads\/2025\/07\/3M-Jupiter-CHG-02EU-\u2013-Cargador-inteligente.png","width":499,"height":410,"caption":"3M CHG-02EU \u2013 Cargador inteligente para bater\u00edas 3M Jupiter"},{"@type":"BreadcrumbList","@id":"https:\/\/www.sdpcommerce.com\/producto\/3m-jupiter-chg-02eu-cargador-inteligente\/#breadcrumb","itemListElement":[{"@type":"ListItem","position":1,"name":"Portada","item":"https:\/\/www.sdpcommerce.com\/"},{"@type":"ListItem","position":2,"name":"STORE","item":"https:\/\/www.sdpcommerce.com\/shop-replacement-parts\/"},{"@type":"ListItem","position":3,"name":"Refacciones Industriales | Repuestos para Maquinaria y Equipos","item":"https:\/\/www.sdpcommerce.com\/categoria-producto\/refacciones-industriales\/"},{"@type":"ListItem","position":4,"name":"3M Jupiter CHG-02EU | Cargador Inteligente para Bater\u00eda 3M 003-00-58PEU"}]},{"@type":"WebSite","@id":"https:\/\/www.sdpcommerce.com\/#website","url":"https:\/\/www.sdpcommerce.com\/","name":"SDP COMMERCE","description":"Contar con un proveedor que no solo te diga &ldquo;ya no existe&rdquo;, sino que &lt;strong&gt;te proponga un reemplazo funcional&lt;\/strong&gt;, es una ventaja competitiva. Algunas acciones que realiza un proveedor proactivo","publisher":{"@id":"https:\/\/www.sdpcommerce.com\/#organization"},"potentialAction":[{"@type":"SearchAction","target":{"@type":"EntryPoint","urlTemplate":"https:\/\/www.sdpcommerce.com\/?s={search_term_string}"},"query-input":{"@type":"PropertyValueSpecification","valueRequired":true,"valueName":"search_term_string"}}],"inLanguage":"en-US"},{"@type":"Organization","@id":"https:\/\/www.sdpcommerce.com\/#organization","name":"SDP COMMERCE","url":"https:\/\/www.sdpcommerce.com\/","logo":{"@type":"ImageObject","inLanguage":"en-US","@id":"https:\/\/www.sdpcommerce.com\/#\/schema\/logo\/image\/","url":"https:\/\/www.sdpcommerce.com\/wp-content\/uploads\/2025\/02\/Screenshot-2025-02-13-150556.png","contentUrl":"https:\/\/www.sdpcommerce.com\/wp-content\/uploads\/2025\/02\/Screenshot-2025-02-13-150556.png","width":114,"height":108,"caption":"SDP COMMERCE"},"image":{"@id":"https:\/\/www.sdpcommerce.com\/#\/schema\/logo\/image\/"},"sameAs":["https:\/\/www.facebook.com\/profile.php?id=61565795007009#"]}]}},"uagb_featured_image_src":{"full":["https:\/\/www.sdpcommerce.com\/wp-content\/uploads\/2025\/07\/3M-Jupiter-CHG-02EU-\u2013-Cargador-inteligente.png",499,410,false],"thumbnail":["https:\/\/www.sdpcommerce.com\/wp-content\/uploads\/2025\/07\/3M-Jupiter-CHG-02EU-\u2013-Cargador-inteligente-150x150.png",150,150,true],"medium":["https:\/\/www.sdpcommerce.com\/wp-content\/uploads\/2025\/07\/3M-Jupiter-CHG-02EU-\u2013-Cargador-inteligente-300x246.png",300,246,true],"medium_large":["https:\/\/www.sdpcommerce.com\/wp-content\/uploads\/2025\/07\/3M-Jupiter-CHG-02EU-\u2013-Cargador-inteligente.png",499,410,false],"large":["https:\/\/www.sdpcommerce.com\/wp-content\/uploads\/2025\/07\/3M-Jupiter-CHG-02EU-\u2013-Cargador-inteligente.png",499,410,false],"1536x1536":["https:\/\/www.sdpcommerce.com\/wp-content\/uploads\/2025\/07\/3M-Jupiter-CHG-02EU-\u2013-Cargador-inteligente.png",499,410,false],"2048x2048":["https:\/\/www.sdpcommerce.com\/wp-content\/uploads\/2025\/07\/3M-Jupiter-CHG-02EU-\u2013-Cargador-inteligente.png",499,410,false],"trp-custom-language-flag":["https:\/\/www.sdpcommerce.com\/wp-content\/uploads\/2025\/07\/3M-Jupiter-CHG-02EU-\u2013-Cargador-inteligente-15x12.png",15,12,true],"woocommerce_thumbnail":["https:\/\/www.sdpcommerce.com\/wp-content\/uploads\/2025\/07\/3M-Jupiter-CHG-02EU-\u2013-Cargador-inteligente-300x300.png",300,300,true],"woocommerce_single":["https:\/\/www.sdpcommerce.com\/wp-content\/uploads\/2025\/07\/3M-Jupiter-CHG-02EU-\u2013-Cargador-inteligente.png",499,410,false],"woocommerce_gallery_thumbnail":["https:\/\/www.sdpcommerce.com\/wp-content\/uploads\/2025\/07\/3M-Jupiter-CHG-02EU-\u2013-Cargador-inteligente-100x100.png",100,100,true]},"uagb_author_info":{"display_name":"admin","author_link":"https:\/\/www.sdpcommerce.com\/en\/author\/"},"uagb_comment_info":0,"uagb_excerpt":"Cargador inteligente CHG-02EU para bater\u00eda 3M 003-00-58PEU, compatible con el sistema respiratorio motorizado 3M Jupiter. Carga segura y r\u00e1pida.","_links":{"self":[{"href":"https:\/\/www.sdpcommerce.com\/en\/wp-json\/wp\/v2\/product\/2644","targetHints":{"allow":["GET"]}}],"collection":[{"href":"https:\/\/www.sdpcommerce.com\/en\/wp-json\/wp\/v2\/product"}],"about":[{"href":"https:\/\/www.sdpcommerce.com\/en\/wp-json\/wp\/v2\/types\/product"}],"replies":[{"embeddable":true,"href":"https:\/\/www.sdpcommerce.com\/en\/wp-json\/wp\/v2\/comments?post=2644"}],"wp:featuredmedia":[{"embeddable":true,"href":"https:\/\/www.sdpcommerce.com\/en\/wp-json\/wp\/v2\/media\/2645"}],"wp:attachment":[{"href":"https:\/\/www.sdpcommerce.com\/en\/wp-json\/wp\/v2\/media?parent=2644"}],"wp:term":[{"taxonomy":"product_brand","embeddable":true,"href":"https:\/\/www.sdpcommerce.com\/en\/wp-json\/wp\/v2\/product_brand?post=2644"},{"taxonomy":"product_cat","embeddable":true,"href":"https:\/\/www.sdpcommerce.com\/en\/wp-json\/wp\/v2\/product_cat?post=2644"},{"taxonomy":"product_tag","embeddable":true,"href":"https:\/\/www.sdpcommerce.com\/en\/wp-json\/wp\/v2\/product_tag?post=2644"}],"curies":[{"name":"wp","href":"https:\/\/api.w.org\/{rel}","templated":true}]}}