{"id":2435,"date":"2025-07-24T03:38:05","date_gmt":"2025-07-24T01:38:05","guid":{"rendered":"https:\/\/www.sdpcommerce.com\/?post_type=product&#038;p=2435"},"modified":"2025-07-24T03:39:08","modified_gmt":"2025-07-24T01:39:08","slug":"hydac-0330d010bn4hc-elemento-filtrante-presion-hidraulica","status":"publish","type":"product","link":"https:\/\/www.sdpcommerce.com\/en\/product\/hydac-0330d010bn4hc-elemento-filtrante-presion-hidraulica\/","title":{"rendered":"Hydac 0330D010BN4HC Elemento Filtrante de Presi\u00f3n Hidr\u00e1ulica"},"content":{"rendered":"<p>Elemento filtrante hidr\u00e1ulico modelo Hydac 0330D010BN4HC dise\u00f1ado para sistemas de presi\u00f3n hidr\u00e1ulica. Fabricado con materiales de alta calidad para garantizar la m\u00e1xima eficiencia en la filtraci\u00f3n y protecci\u00f3n de componentes hidr\u00e1ulicos sensibles. Compatible con una amplia gama de sistemas industriales para asegurar la limpieza del fluido y prolongar la vida \u00fatil del equipo. Ideal para aplicaciones industriales y maquinaria pesada.<\/p>","protected":false},"excerpt":{"rendered":"<p>Elemento filtrante hidr\u00e1ulico Hydac 0330D010BN4HC para sistemas de presi\u00f3n. Alta eficiencia y durabilidad.<\/p>","protected":false},"featured_media":2437,"comment_status":"open","ping_status":"closed","template":"","meta":{"om_disable_all_campaigns":false,"_uag_custom_page_level_css":"","_monsterinsights_skip_tracking":false,"_monsterinsights_sitenote_active":false,"_monsterinsights_sitenote_note":"","_monsterinsights_sitenote_category":0,"site-sidebar-layout":"default","site-content-layout":"","ast-site-content-layout":"default","site-content-style":"default","site-sidebar-style":"default","ast-global-header-display":"","ast-banner-title-visibility":"","ast-main-header-display":"","ast-hfb-above-header-display":"","ast-hfb-below-header-display":"","ast-hfb-mobile-header-display":"","site-post-title":"","ast-breadcrumbs-content":"","ast-featured-img":"","footer-sml-layout":"","theme-transparent-header-meta":"default","adv-header-id-meta":"","stick-header-meta":"","header-above-stick-meta":"","header-main-stick-meta":"","header-below-stick-meta":"","astra-migrate-meta-layouts":"set","ast-page-background-enabled":"default","ast-page-background-meta":{"desktop":{"background-color":"var(--ast-global-color-4)","background-image":"","background-repeat":"repeat","background-position":"center center","background-size":"auto","background-attachment":"scroll","background-type":"","background-media":"","overlay-type":"","overlay-color":"","overlay-gradient":""},"tablet":{"background-color":"","background-image":"","background-repeat":"repeat","background-position":"center center","background-size":"auto","background-attachment":"scroll","background-type":"","background-media":"","overlay-type":"","overlay-color":"","overlay-gradient":""},"mobile":{"background-color":"","background-image":"","background-repeat":"repeat","background-position":"center center","background-size":"auto","background-attachment":"scroll","background-type":"","background-media":"","overlay-type":"","overlay-color":"","overlay-gradient":""}},"ast-content-background-meta":{"desktop":{"background-color":"var(--ast-global-color-5)","background-image":"","background-repeat":"repeat","background-position":"center center","background-size":"auto","background-attachment":"scroll","background-type":"","background-media":"","overlay-type":"","overlay-color":"","overlay-gradient":""},"tablet":{"background-color":"var(--ast-global-color-5)","background-image":"","background-repeat":"repeat","background-position":"center center","background-size":"auto","background-attachment":"scroll","background-type":"","background-media":"","overlay-type":"","overlay-color":"","overlay-gradient":""},"mobile":{"background-color":"var(--ast-global-color-5)","background-image":"","background-repeat":"repeat","background-position":"center center","background-size":"auto","background-attachment":"scroll","background-type":"","background-media":"","overlay-type":"","overlay-color":"","overlay-gradient":""}}},"product_brand":[],"product_cat":[15],"product_tag":[231,274,273,232,275],"class_list":{"0":"post-2435","1":"product","2":"type-product","3":"status-publish","4":"has-post-thumbnail","6":"product_cat-motores-electricos-uso-industrial","7":"product_tag-elemento-filtrante","8":"product_tag-filtracion-hidraulica","9":"product_tag-filtro-de-presion","10":"product_tag-filtro-hidraulico","11":"product_tag-repuestos-hidraulicos","12":"desktop-align-left","13":"tablet-align-left","14":"mobile-align-left","16":"first","17":"instock","18":"shipping-taxable","19":"purchasable","20":"product-type-simple"},"yoast_head":"<!-- This site is optimized with the Yoast SEO plugin v27.4 - https:\/\/yoast.com\/product\/yoast-seo-wordpress\/ -->\n<title>Hydac 0330D010BN4HC | Elemento Filtrante de Presi\u00f3n Hidr\u00e1ulica de Alta Calidad<\/title>\n<meta name=\"description\" content=\"Elemento filtrante hidr\u00e1ulico Hydac 0330D010BN4HC para sistemas de presi\u00f3n. Alta calidad y eficiencia en filtraci\u00f3n hidr\u00e1ulica. \u00a1Compra con env\u00edo a todo M\u00e9xico!\" \/>\n<meta name=\"robots\" content=\"index, follow, max-snippet:-1, max-image-preview:large, max-video-preview:-1\" \/>\n<link rel=\"canonical\" href=\"https:\/\/www.sdpcommerce.com\/en\/product\/hydac-0330d010bn4hc-elemento-filtrante-presion-hidraulica\/\" \/>\n<meta property=\"og:locale\" content=\"en_US\" \/>\n<meta property=\"og:type\" content=\"article\" \/>\n<meta property=\"og:title\" content=\"Hydac 0330D010BN4HC | Elemento Filtrante de Presi\u00f3n Hidr\u00e1ulica de Alta Calidad\" \/>\n<meta property=\"og:description\" content=\"Elemento filtrante hidr\u00e1ulico Hydac 0330D010BN4HC para sistemas de presi\u00f3n. Alta calidad y eficiencia en filtraci\u00f3n hidr\u00e1ulica. \u00a1Compra con env\u00edo a todo M\u00e9xico!\" \/>\n<meta property=\"og:url\" content=\"https:\/\/www.sdpcommerce.com\/en\/product\/hydac-0330d010bn4hc-elemento-filtrante-presion-hidraulica\/\" \/>\n<meta property=\"og:site_name\" content=\"&lt;strong&gt;Un buen proveedor no solo vende, asesora y soluciona&lt;\/strong&gt;\" \/>\n<meta property=\"article:publisher\" content=\"https:\/\/www.facebook.com\/profile.php?id=61565795007009#\" \/>\n<meta property=\"article:modified_time\" content=\"2025-07-24T01:39:08+00:00\" \/>\n<meta property=\"og:image\" content=\"https:\/\/www.sdpcommerce.com\/wp-content\/uploads\/2025\/07\/0330D010BN4HC-HYDAC.png\" \/>\n\t<meta property=\"og:image:width\" content=\"782\" \/>\n\t<meta property=\"og:image:height\" content=\"780\" \/>\n\t<meta property=\"og:image:type\" content=\"image\/png\" \/>\n<meta name=\"twitter:card\" content=\"summary_large_image\" \/>\n<meta name=\"twitter:label1\" content=\"Est. reading time\" \/>\n\t<meta name=\"twitter:data1\" content=\"1 minute\" \/>\n<script type=\"application\/ld+json\" class=\"yoast-schema-graph\">{\"@context\":\"https:\\\/\\\/schema.org\",\"@graph\":[{\"@type\":\"WebPage\",\"@id\":\"https:\\\/\\\/www.sdpcommerce.com\\\/producto\\\/hydac-0330d010bn4hc-elemento-filtrante-presion-hidraulica\\\/\",\"url\":\"https:\\\/\\\/www.sdpcommerce.com\\\/producto\\\/hydac-0330d010bn4hc-elemento-filtrante-presion-hidraulica\\\/\",\"name\":\"Hydac 0330D010BN4HC | Elemento Filtrante de Presi\u00f3n Hidr\u00e1ulica de Alta Calidad\",\"isPartOf\":{\"@id\":\"https:\\\/\\\/www.sdpcommerce.com\\\/#website\"},\"primaryImageOfPage\":{\"@id\":\"https:\\\/\\\/www.sdpcommerce.com\\\/producto\\\/hydac-0330d010bn4hc-elemento-filtrante-presion-hidraulica\\\/#primaryimage\"},\"image\":{\"@id\":\"https:\\\/\\\/www.sdpcommerce.com\\\/producto\\\/hydac-0330d010bn4hc-elemento-filtrante-presion-hidraulica\\\/#primaryimage\"},\"thumbnailUrl\":\"https:\\\/\\\/www.sdpcommerce.com\\\/wp-content\\\/uploads\\\/2025\\\/07\\\/0330D010BN4HC-HYDAC.png\",\"datePublished\":\"2025-07-24T01:38:05+00:00\",\"dateModified\":\"2025-07-24T01:39:08+00:00\",\"description\":\"Elemento filtrante hidr\u00e1ulico Hydac 0330D010BN4HC para sistemas de presi\u00f3n. Alta calidad y eficiencia en filtraci\u00f3n hidr\u00e1ulica. \u00a1Compra con env\u00edo a todo M\u00e9xico!\",\"breadcrumb\":{\"@id\":\"https:\\\/\\\/www.sdpcommerce.com\\\/producto\\\/hydac-0330d010bn4hc-elemento-filtrante-presion-hidraulica\\\/#breadcrumb\"},\"inLanguage\":\"en-US\",\"potentialAction\":[{\"@type\":\"ReadAction\",\"target\":[\"https:\\\/\\\/www.sdpcommerce.com\\\/producto\\\/hydac-0330d010bn4hc-elemento-filtrante-presion-hidraulica\\\/\"]}]},{\"@type\":\"ImageObject\",\"inLanguage\":\"en-US\",\"@id\":\"https:\\\/\\\/www.sdpcommerce.com\\\/producto\\\/hydac-0330d010bn4hc-elemento-filtrante-presion-hidraulica\\\/#primaryimage\",\"url\":\"https:\\\/\\\/www.sdpcommerce.com\\\/wp-content\\\/uploads\\\/2025\\\/07\\\/0330D010BN4HC-HYDAC.png\",\"contentUrl\":\"https:\\\/\\\/www.sdpcommerce.com\\\/wp-content\\\/uploads\\\/2025\\\/07\\\/0330D010BN4HC-HYDAC.png\",\"width\":782,\"height\":780},{\"@type\":\"BreadcrumbList\",\"@id\":\"https:\\\/\\\/www.sdpcommerce.com\\\/producto\\\/hydac-0330d010bn4hc-elemento-filtrante-presion-hidraulica\\\/#breadcrumb\",\"itemListElement\":[{\"@type\":\"ListItem\",\"position\":1,\"name\":\"Portada\",\"item\":\"https:\\\/\\\/www.sdpcommerce.com\\\/\"},{\"@type\":\"ListItem\",\"position\":2,\"name\":\"STORE\",\"item\":\"https:\\\/\\\/www.sdpcommerce.com\\\/shop-replacement-parts\\\/\"},{\"@type\":\"ListItem\",\"position\":3,\"name\":\"Motores El\u00e9ctricos para Uso Industrial\",\"item\":\"https:\\\/\\\/www.sdpcommerce.com\\\/categoria-producto\\\/motores-electricos-uso-industrial\\\/\"},{\"@type\":\"ListItem\",\"position\":4,\"name\":\"Hydac 0330D010BN4HC Elemento Filtrante de Presi\u00f3n Hidr\u00e1ulica\"}]},{\"@type\":\"WebSite\",\"@id\":\"https:\\\/\\\/www.sdpcommerce.com\\\/#website\",\"url\":\"https:\\\/\\\/www.sdpcommerce.com\\\/\",\"name\":\"SDP COMMERCE\",\"description\":\" Contar con un proveedor que no solo te diga \u201cya no existe\u201d, sino que &lt;strong&gt;te proponga un reemplazo funcional&lt;\\\/strong&gt;, es una ventaja competitiva. Algunas acciones que realiza un proveedor proactivo\",\"publisher\":{\"@id\":\"https:\\\/\\\/www.sdpcommerce.com\\\/#organization\"},\"potentialAction\":[{\"@type\":\"SearchAction\",\"target\":{\"@type\":\"EntryPoint\",\"urlTemplate\":\"https:\\\/\\\/www.sdpcommerce.com\\\/?s={search_term_string}\"},\"query-input\":{\"@type\":\"PropertyValueSpecification\",\"valueRequired\":true,\"valueName\":\"search_term_string\"}}],\"inLanguage\":\"en-US\"},{\"@type\":\"Organization\",\"@id\":\"https:\\\/\\\/www.sdpcommerce.com\\\/#organization\",\"name\":\"SDP COMMERCE\",\"url\":\"https:\\\/\\\/www.sdpcommerce.com\\\/\",\"logo\":{\"@type\":\"ImageObject\",\"inLanguage\":\"en-US\",\"@id\":\"https:\\\/\\\/www.sdpcommerce.com\\\/#\\\/schema\\\/logo\\\/image\\\/\",\"url\":\"https:\\\/\\\/www.sdpcommerce.com\\\/wp-content\\\/uploads\\\/2025\\\/02\\\/Screenshot-2025-02-13-150556.png\",\"contentUrl\":\"https:\\\/\\\/www.sdpcommerce.com\\\/wp-content\\\/uploads\\\/2025\\\/02\\\/Screenshot-2025-02-13-150556.png\",\"width\":114,\"height\":108,\"caption\":\"SDP COMMERCE\"},\"image\":{\"@id\":\"https:\\\/\\\/www.sdpcommerce.com\\\/#\\\/schema\\\/logo\\\/image\\\/\"},\"sameAs\":[\"https:\\\/\\\/www.facebook.com\\\/profile.php?id=61565795007009#\"]}]}<\/script>\n<!-- \/ Yoast SEO plugin. -->","yoast_head_json":{"title":"Hydac 0330D010BN4HC | Elemento Filtrante de Presi\u00f3n Hidr\u00e1ulica de Alta Calidad","description":"Elemento filtrante hidr\u00e1ulico Hydac 0330D010BN4HC para sistemas de presi\u00f3n. Alta calidad y eficiencia en filtraci\u00f3n hidr\u00e1ulica. \u00a1Compra con env\u00edo a todo M\u00e9xico!","robots":{"index":"index","follow":"follow","max-snippet":"max-snippet:-1","max-image-preview":"max-image-preview:large","max-video-preview":"max-video-preview:-1"},"canonical":"https:\/\/www.sdpcommerce.com\/en\/product\/hydac-0330d010bn4hc-elemento-filtrante-presion-hidraulica\/","og_locale":"en_US","og_type":"article","og_title":"Hydac 0330D010BN4HC | Elemento Filtrante de Presi\u00f3n Hidr\u00e1ulica de Alta Calidad","og_description":"Elemento filtrante hidr\u00e1ulico Hydac 0330D010BN4HC para sistemas de presi\u00f3n. Alta calidad y eficiencia en filtraci\u00f3n hidr\u00e1ulica. \u00a1Compra con env\u00edo a todo M\u00e9xico!","og_url":"https:\/\/www.sdpcommerce.com\/en\/product\/hydac-0330d010bn4hc-elemento-filtrante-presion-hidraulica\/","og_site_name":"&lt;strong&gt;Un buen proveedor no solo vende, asesora y soluciona&lt;\/strong&gt;","article_publisher":"https:\/\/www.facebook.com\/profile.php?id=61565795007009#","article_modified_time":"2025-07-24T01:39:08+00:00","og_image":[{"width":782,"height":780,"url":"https:\/\/www.sdpcommerce.com\/wp-content\/uploads\/2025\/07\/0330D010BN4HC-HYDAC.png","type":"image\/png"}],"twitter_card":"summary_large_image","twitter_misc":{"Est. reading time":"1 minute"},"schema":{"@context":"https:\/\/schema.org","@graph":[{"@type":"WebPage","@id":"https:\/\/www.sdpcommerce.com\/producto\/hydac-0330d010bn4hc-elemento-filtrante-presion-hidraulica\/","url":"https:\/\/www.sdpcommerce.com\/producto\/hydac-0330d010bn4hc-elemento-filtrante-presion-hidraulica\/","name":"Hydac 0330D010BN4HC | Elemento Filtrante de Presi\u00f3n Hidr\u00e1ulica de Alta Calidad","isPartOf":{"@id":"https:\/\/www.sdpcommerce.com\/#website"},"primaryImageOfPage":{"@id":"https:\/\/www.sdpcommerce.com\/producto\/hydac-0330d010bn4hc-elemento-filtrante-presion-hidraulica\/#primaryimage"},"image":{"@id":"https:\/\/www.sdpcommerce.com\/producto\/hydac-0330d010bn4hc-elemento-filtrante-presion-hidraulica\/#primaryimage"},"thumbnailUrl":"https:\/\/www.sdpcommerce.com\/wp-content\/uploads\/2025\/07\/0330D010BN4HC-HYDAC.png","datePublished":"2025-07-24T01:38:05+00:00","dateModified":"2025-07-24T01:39:08+00:00","description":"Elemento filtrante hidr\u00e1ulico Hydac 0330D010BN4HC para sistemas de presi\u00f3n. Alta calidad y eficiencia en filtraci\u00f3n hidr\u00e1ulica. \u00a1Compra con env\u00edo a todo M\u00e9xico!","breadcrumb":{"@id":"https:\/\/www.sdpcommerce.com\/producto\/hydac-0330d010bn4hc-elemento-filtrante-presion-hidraulica\/#breadcrumb"},"inLanguage":"en-US","potentialAction":[{"@type":"ReadAction","target":["https:\/\/www.sdpcommerce.com\/producto\/hydac-0330d010bn4hc-elemento-filtrante-presion-hidraulica\/"]}]},{"@type":"ImageObject","inLanguage":"en-US","@id":"https:\/\/www.sdpcommerce.com\/producto\/hydac-0330d010bn4hc-elemento-filtrante-presion-hidraulica\/#primaryimage","url":"https:\/\/www.sdpcommerce.com\/wp-content\/uploads\/2025\/07\/0330D010BN4HC-HYDAC.png","contentUrl":"https:\/\/www.sdpcommerce.com\/wp-content\/uploads\/2025\/07\/0330D010BN4HC-HYDAC.png","width":782,"height":780},{"@type":"BreadcrumbList","@id":"https:\/\/www.sdpcommerce.com\/producto\/hydac-0330d010bn4hc-elemento-filtrante-presion-hidraulica\/#breadcrumb","itemListElement":[{"@type":"ListItem","position":1,"name":"Portada","item":"https:\/\/www.sdpcommerce.com\/"},{"@type":"ListItem","position":2,"name":"STORE","item":"https:\/\/www.sdpcommerce.com\/shop-replacement-parts\/"},{"@type":"ListItem","position":3,"name":"Motores El\u00e9ctricos para Uso Industrial","item":"https:\/\/www.sdpcommerce.com\/categoria-producto\/motores-electricos-uso-industrial\/"},{"@type":"ListItem","position":4,"name":"Hydac 0330D010BN4HC Elemento Filtrante de Presi\u00f3n Hidr\u00e1ulica"}]},{"@type":"WebSite","@id":"https:\/\/www.sdpcommerce.com\/#website","url":"https:\/\/www.sdpcommerce.com\/","name":"SDP COMMERCE","description":"Contar con un proveedor que no solo te diga &ldquo;ya no existe&rdquo;, sino que &lt;strong&gt;te proponga un reemplazo funcional&lt;\/strong&gt;, es una ventaja competitiva. Algunas acciones que realiza un proveedor proactivo","publisher":{"@id":"https:\/\/www.sdpcommerce.com\/#organization"},"potentialAction":[{"@type":"SearchAction","target":{"@type":"EntryPoint","urlTemplate":"https:\/\/www.sdpcommerce.com\/?s={search_term_string}"},"query-input":{"@type":"PropertyValueSpecification","valueRequired":true,"valueName":"search_term_string"}}],"inLanguage":"en-US"},{"@type":"Organization","@id":"https:\/\/www.sdpcommerce.com\/#organization","name":"SDP COMMERCE","url":"https:\/\/www.sdpcommerce.com\/","logo":{"@type":"ImageObject","inLanguage":"en-US","@id":"https:\/\/www.sdpcommerce.com\/#\/schema\/logo\/image\/","url":"https:\/\/www.sdpcommerce.com\/wp-content\/uploads\/2025\/02\/Screenshot-2025-02-13-150556.png","contentUrl":"https:\/\/www.sdpcommerce.com\/wp-content\/uploads\/2025\/02\/Screenshot-2025-02-13-150556.png","width":114,"height":108,"caption":"SDP COMMERCE"},"image":{"@id":"https:\/\/www.sdpcommerce.com\/#\/schema\/logo\/image\/"},"sameAs":["https:\/\/www.facebook.com\/profile.php?id=61565795007009#"]}]}},"uagb_featured_image_src":{"full":["https:\/\/www.sdpcommerce.com\/wp-content\/uploads\/2025\/07\/0330D010BN4HC-HYDAC.png",782,780,false],"thumbnail":["https:\/\/www.sdpcommerce.com\/wp-content\/uploads\/2025\/07\/0330D010BN4HC-HYDAC-150x150.png",150,150,true],"medium":["https:\/\/www.sdpcommerce.com\/wp-content\/uploads\/2025\/07\/0330D010BN4HC-HYDAC-300x300.png",300,300,true],"medium_large":["https:\/\/www.sdpcommerce.com\/wp-content\/uploads\/2025\/07\/0330D010BN4HC-HYDAC-768x766.png",768,766,true],"large":["https:\/\/www.sdpcommerce.com\/wp-content\/uploads\/2025\/07\/0330D010BN4HC-HYDAC.png",782,780,false],"1536x1536":["https:\/\/www.sdpcommerce.com\/wp-content\/uploads\/2025\/07\/0330D010BN4HC-HYDAC.png",782,780,false],"2048x2048":["https:\/\/www.sdpcommerce.com\/wp-content\/uploads\/2025\/07\/0330D010BN4HC-HYDAC.png",782,780,false],"trp-custom-language-flag":["https:\/\/www.sdpcommerce.com\/wp-content\/uploads\/2025\/07\/0330D010BN4HC-HYDAC-12x12.png",12,12,true],"woocommerce_thumbnail":["https:\/\/www.sdpcommerce.com\/wp-content\/uploads\/2025\/07\/0330D010BN4HC-HYDAC-300x300.png",300,300,true],"woocommerce_single":["https:\/\/www.sdpcommerce.com\/wp-content\/uploads\/2025\/07\/0330D010BN4HC-HYDAC-600x598.png",600,598,true],"woocommerce_gallery_thumbnail":["https:\/\/www.sdpcommerce.com\/wp-content\/uploads\/2025\/07\/0330D010BN4HC-HYDAC-100x100.png",100,100,true]},"uagb_author_info":{"display_name":"admin","author_link":"https:\/\/www.sdpcommerce.com\/en\/author\/"},"uagb_comment_info":0,"uagb_excerpt":"Elemento filtrante hidr\u00e1ulico Hydac 0330D010BN4HC para sistemas de presi\u00f3n. Alta eficiencia y durabilidad.","_links":{"self":[{"href":"https:\/\/www.sdpcommerce.com\/en\/wp-json\/wp\/v2\/product\/2435","targetHints":{"allow":["GET"]}}],"collection":[{"href":"https:\/\/www.sdpcommerce.com\/en\/wp-json\/wp\/v2\/product"}],"about":[{"href":"https:\/\/www.sdpcommerce.com\/en\/wp-json\/wp\/v2\/types\/product"}],"replies":[{"embeddable":true,"href":"https:\/\/www.sdpcommerce.com\/en\/wp-json\/wp\/v2\/comments?post=2435"}],"wp:featuredmedia":[{"embeddable":true,"href":"https:\/\/www.sdpcommerce.com\/en\/wp-json\/wp\/v2\/media\/2437"}],"wp:attachment":[{"href":"https:\/\/www.sdpcommerce.com\/en\/wp-json\/wp\/v2\/media?parent=2435"}],"wp:term":[{"taxonomy":"product_brand","embeddable":true,"href":"https:\/\/www.sdpcommerce.com\/en\/wp-json\/wp\/v2\/product_brand?post=2435"},{"taxonomy":"product_cat","embeddable":true,"href":"https:\/\/www.sdpcommerce.com\/en\/wp-json\/wp\/v2\/product_cat?post=2435"},{"taxonomy":"product_tag","embeddable":true,"href":"https:\/\/www.sdpcommerce.com\/en\/wp-json\/wp\/v2\/product_tag?post=2435"}],"curies":[{"name":"wp","href":"https:\/\/api.w.org\/{rel}","templated":true}]}}