{"id":2063,"date":"2025-02-13T20:13:14","date_gmt":"2025-02-13T19:13:14","guid":{"rendered":"https:\/\/www.sdpcommerce.com\/?post_type=product&#038;p=2063"},"modified":"2025-07-24T01:12:36","modified_gmt":"2025-07-23T23:12:36","slug":"producto-refacciones-ingersoll-rand-926k5240-3w75299t30","status":"publish","type":"product","link":"https:\/\/www.sdpcommerce.com\/en\/product\/producto-refacciones-ingersoll-rand-926k5240-3w75299t30\/","title":{"rendered":"Partes para Compresor Ingersoll Rand 926K5240 \/ 3W75299T30 | Refacciones Originales"},"content":{"rendered":"<h3 data-start=\"516\" data-end=\"585\">Refacciones para Compresores Ingersoll Rand 926K5240 \/ 3W75299T30<\/h3>\n<p data-start=\"587\" data-end=\"810\">Disponemos de piezas compatibles y originales para los compresores <strong data-start=\"654\" data-end=\"689\">Ingersoll Rand modelos 926K5240<\/strong> y <strong data-start=\"692\" data-end=\"706\">3W75299T30<\/strong>, ideales para realizar mantenimiento preventivo o correctivo a equipos industriales de aire comprimido.<\/p>\n<p data-start=\"812\" data-end=\"979\">Estas refacciones est\u00e1n dise\u00f1adas para garantizar el correcto funcionamiento del compresor, extender su vida \u00fatil y mantener un alto rendimiento en procesos exigentes.<\/p>\n<hr data-start=\"981\" data-end=\"984\" \/>\n<h4 data-start=\"986\" data-end=\"1031\"><strong data-start=\"994\" data-end=\"1031\">Partes disponibles (seg\u00fan stock):<\/strong><\/h4>\n<ul data-start=\"1032\" data-end=\"1153\">\n<li data-start=\"1032\" data-end=\"1040\">\n<p data-start=\"1034\" data-end=\"1040\">Pist\u00f3n<\/p>\n<\/li>\n<li data-start=\"1041\" data-end=\"1072\">\n<p data-start=\"1043\" data-end=\"1072\">V\u00e1lvulas de admisi\u00f3n y escape<\/p>\n<\/li>\n<li data-start=\"1073\" data-end=\"1082\">\n<p data-start=\"1075\" data-end=\"1082\">Anillos<\/p>\n<\/li>\n<li data-start=\"1083\" data-end=\"1090\">\n<p data-start=\"1085\" data-end=\"1090\">Bujes<\/p>\n<\/li>\n<li data-start=\"1091\" data-end=\"1099\">\n<p data-start=\"1093\" data-end=\"1099\">Bielas<\/p>\n<\/li>\n<li data-start=\"1100\" data-end=\"1108\">\n<p data-start=\"1102\" data-end=\"1108\">Juntas<\/p>\n<\/li>\n<li data-start=\"1109\" data-end=\"1118\">\n<p data-start=\"1111\" data-end=\"1118\">Filtros<\/p>\n<\/li>\n<li data-start=\"1119\" data-end=\"1129\">\n<p data-start=\"1121\" data-end=\"1129\">Empaques<\/p>\n<\/li>\n<li data-start=\"1130\" data-end=\"1153\">\n<p data-start=\"1132\" data-end=\"1153\">Kits de mantenimiento<\/p>\n<\/li>\n<li data-start=\"1130\" data-end=\"1153\">\n<p data-start=\"1132\" data-end=\"1153\"><span style=\"font-size: 16px;\">Si necesitas una pieza espec\u00edfica, cont\u00e1ctanos con el n\u00famero de parte o la descripci\u00f3n.<\/span><\/p>\n<\/li>\n<\/ul>\n<h4 data-start=\"1251\" data-end=\"1278\"><strong data-start=\"1258\" data-end=\"1278\">Caracter\u00edsticas:<\/strong><\/h4>\n<ul data-start=\"1279\" data-end=\"1422\">\n<li data-start=\"1279\" data-end=\"1317\">\n<p data-start=\"1281\" data-end=\"1317\">Refacciones originales y compatibles<\/p>\n<\/li>\n<li data-start=\"1318\" data-end=\"1348\">\n<p data-start=\"1320\" data-end=\"1348\">Alta resistencia al desgaste<\/p>\n<\/li>\n<li data-start=\"1349\" data-end=\"1379\">\n<p data-start=\"1351\" data-end=\"1379\">Env\u00edo inmediato desde M\u00e9xico<\/p>\n<\/li>\n<li data-start=\"1380\" data-end=\"1422\">\n<p data-start=\"1382\" data-end=\"1422\">Soporte t\u00e9cnico y asesor\u00eda personalizada<\/p>\n<\/li>\n<\/ul>\n<hr data-start=\"1424\" data-end=\"1427\" \/>\n<p data-start=\"1429\" data-end=\"1552\"><strong data-start=\"1432\" data-end=\"1456\">Env\u00edos a todo M\u00e9xico<\/strong><br data-start=\"1456\" data-end=\"1459\" \/><strong data-start=\"1462\" data-end=\"1484\">Factura disponible<\/strong><br data-start=\"1484\" data-end=\"1487\" \/><strong data-start=\"1490\" data-end=\"1552\">Atenci\u00f3n a talleres, plantas y distribuidores industriales<\/strong><\/p>","protected":false},"excerpt":{"rendered":"<p>Refacciones originales para compresor Ingersoll Rand modelos 926K5240 y 3W75299T30. Partes de alta calidad para mantenimiento y reparaci\u00f3n profesional.<\/p>","protected":false},"featured_media":2065,"comment_status":"open","ping_status":"closed","template":"","meta":{"om_disable_all_campaigns":false,"_uag_custom_page_level_css":"","_monsterinsights_skip_tracking":false,"_monsterinsights_sitenote_active":false,"_monsterinsights_sitenote_note":"","_monsterinsights_sitenote_category":0,"site-sidebar-layout":"default","site-content-layout":"","ast-site-content-layout":"default","site-content-style":"default","site-sidebar-style":"default","ast-global-header-display":"","ast-banner-title-visibility":"","ast-main-header-display":"","ast-hfb-above-header-display":"","ast-hfb-below-header-display":"","ast-hfb-mobile-header-display":"","site-post-title":"","ast-breadcrumbs-content":"","ast-featured-img":"","footer-sml-layout":"","theme-transparent-header-meta":"default","adv-header-id-meta":"","stick-header-meta":"","header-above-stick-meta":"","header-main-stick-meta":"","header-below-stick-meta":"","astra-migrate-meta-layouts":"set","ast-page-background-enabled":"default","ast-page-background-meta":{"desktop":{"background-color":"var(--ast-global-color-4)","background-image":"","background-repeat":"repeat","background-position":"center center","background-size":"auto","background-attachment":"scroll","background-type":"","background-media":"","overlay-type":"","overlay-color":"","overlay-gradient":""},"tablet":{"background-color":"","background-image":"","background-repeat":"repeat","background-position":"center center","background-size":"auto","background-attachment":"scroll","background-type":"","background-media":"","overlay-type":"","overlay-color":"","overlay-gradient":""},"mobile":{"background-color":"","background-image":"","background-repeat":"repeat","background-position":"center center","background-size":"auto","background-attachment":"scroll","background-type":"","background-media":"","overlay-type":"","overlay-color":"","overlay-gradient":""}},"ast-content-background-meta":{"desktop":{"background-color":"var(--ast-global-color-5)","background-image":"","background-repeat":"repeat","background-position":"center center","background-size":"auto","background-attachment":"scroll","background-type":"","background-media":"","overlay-type":"","overlay-color":"","overlay-gradient":""},"tablet":{"background-color":"var(--ast-global-color-5)","background-image":"","background-repeat":"repeat","background-position":"center center","background-size":"auto","background-attachment":"scroll","background-type":"","background-media":"","overlay-type":"","overlay-color":"","overlay-gradient":""},"mobile":{"background-color":"var(--ast-global-color-5)","background-image":"","background-repeat":"repeat","background-position":"center center","background-size":"auto","background-attachment":"scroll","background-type":"","background-media":"","overlay-type":"","overlay-color":"","overlay-gradient":""}}},"product_brand":[],"product_cat":[15],"product_tag":[160,161,155,163,162,164],"class_list":{"0":"post-2063","1":"product","2":"type-product","3":"status-publish","4":"has-post-thumbnail","6":"product_cat-motores-electricos-uso-industrial","7":"product_tag-3w75299t30","8":"product_tag-compresor-industrial","9":"product_tag-ingersoll-rand","10":"product_tag-kit-de-mantenimiento","11":"product_tag-partes-ingersoll-rand","12":"product_tag-valvula","13":"desktop-align-left","14":"tablet-align-left","15":"mobile-align-left","17":"first","18":"instock","19":"shipping-taxable","20":"purchasable","21":"product-type-simple"},"yoast_head":"<!-- This site is optimized with the Yoast SEO plugin v27.4 - https:\/\/yoast.com\/product\/yoast-seo-wordpress\/ -->\n<title>Partes para Compresor Ingersoll Rand 926K5240 \/ 3W75299T30 | Refacciones Originales - &lt;strong&gt;Un buen proveedor no solo vende, asesora y soluciona&lt;\/strong&gt;<\/title>\n<meta name=\"description\" content=\"Refacciones para compresor Ingersoll Rand 926K5240 y 3W75299T30. Pistones, v\u00e1lvulas, juntas y m\u00e1s. Env\u00edos a todo M\u00e9xico. Atenci\u00f3n especializada.\" \/>\n<meta name=\"robots\" content=\"index, follow, max-snippet:-1, max-image-preview:large, max-video-preview:-1\" \/>\n<link rel=\"canonical\" href=\"https:\/\/www.sdpcommerce.com\/en\/product\/producto-refacciones-ingersoll-rand-926k5240-3w75299t30\/\" \/>\n<meta property=\"og:locale\" content=\"en_US\" \/>\n<meta property=\"og:type\" content=\"article\" \/>\n<meta property=\"og:title\" content=\"Partes para Compresor Ingersoll Rand 926K5240 \/ 3W75299T30 | Refacciones Originales - &lt;strong&gt;Un buen proveedor no solo vende, asesora y soluciona&lt;\/strong&gt;\" \/>\n<meta property=\"og:description\" content=\"Refacciones para compresor Ingersoll Rand 926K5240 y 3W75299T30. Pistones, v\u00e1lvulas, juntas y m\u00e1s. Env\u00edos a todo M\u00e9xico. Atenci\u00f3n especializada.\" \/>\n<meta property=\"og:url\" content=\"https:\/\/www.sdpcommerce.com\/en\/product\/producto-refacciones-ingersoll-rand-926k5240-3w75299t30\/\" \/>\n<meta property=\"og:site_name\" content=\"&lt;strong&gt;Un buen proveedor no solo vende, asesora y soluciona&lt;\/strong&gt;\" \/>\n<meta property=\"article:publisher\" content=\"https:\/\/www.facebook.com\/profile.php?id=61565795007009#\" \/>\n<meta property=\"article:modified_time\" content=\"2025-07-23T23:12:36+00:00\" \/>\n<meta property=\"og:image\" content=\"https:\/\/www.sdpcommerce.com\/wp-content\/uploads\/2025\/02\/Screenshot-2025-02-13-131026.png\" \/>\n\t<meta property=\"og:image:width\" content=\"566\" \/>\n\t<meta property=\"og:image:height\" content=\"711\" \/>\n\t<meta property=\"og:image:type\" content=\"image\/png\" \/>\n<meta name=\"twitter:card\" content=\"summary_large_image\" \/>\n<meta name=\"twitter:label1\" content=\"Est. reading time\" \/>\n\t<meta name=\"twitter:data1\" content=\"1 minute\" \/>\n<script type=\"application\/ld+json\" class=\"yoast-schema-graph\">{\"@context\":\"https:\\\/\\\/schema.org\",\"@graph\":[{\"@type\":\"WebPage\",\"@id\":\"https:\\\/\\\/www.sdpcommerce.com\\\/producto\\\/producto-refacciones-ingersoll-rand-926k5240-3w75299t30\\\/\",\"url\":\"https:\\\/\\\/www.sdpcommerce.com\\\/producto\\\/producto-refacciones-ingersoll-rand-926k5240-3w75299t30\\\/\",\"name\":\"Partes para Compresor Ingersoll Rand 926K5240 \\\/ 3W75299T30 | Refacciones Originales - &lt;strong&gt;Un buen proveedor no solo vende, asesora y soluciona&lt;\\\/strong&gt;\",\"isPartOf\":{\"@id\":\"https:\\\/\\\/www.sdpcommerce.com\\\/#website\"},\"primaryImageOfPage\":{\"@id\":\"https:\\\/\\\/www.sdpcommerce.com\\\/producto\\\/producto-refacciones-ingersoll-rand-926k5240-3w75299t30\\\/#primaryimage\"},\"image\":{\"@id\":\"https:\\\/\\\/www.sdpcommerce.com\\\/producto\\\/producto-refacciones-ingersoll-rand-926k5240-3w75299t30\\\/#primaryimage\"},\"thumbnailUrl\":\"https:\\\/\\\/www.sdpcommerce.com\\\/wp-content\\\/uploads\\\/2025\\\/02\\\/Screenshot-2025-02-13-131026.png\",\"datePublished\":\"2025-02-13T19:13:14+00:00\",\"dateModified\":\"2025-07-23T23:12:36+00:00\",\"description\":\"Refacciones para compresor Ingersoll Rand 926K5240 y 3W75299T30. Pistones, v\u00e1lvulas, juntas y m\u00e1s. Env\u00edos a todo M\u00e9xico. Atenci\u00f3n especializada.\",\"breadcrumb\":{\"@id\":\"https:\\\/\\\/www.sdpcommerce.com\\\/producto\\\/producto-refacciones-ingersoll-rand-926k5240-3w75299t30\\\/#breadcrumb\"},\"inLanguage\":\"en-US\",\"potentialAction\":[{\"@type\":\"ReadAction\",\"target\":[\"https:\\\/\\\/www.sdpcommerce.com\\\/producto\\\/producto-refacciones-ingersoll-rand-926k5240-3w75299t30\\\/\"]}]},{\"@type\":\"ImageObject\",\"inLanguage\":\"en-US\",\"@id\":\"https:\\\/\\\/www.sdpcommerce.com\\\/producto\\\/producto-refacciones-ingersoll-rand-926k5240-3w75299t30\\\/#primaryimage\",\"url\":\"https:\\\/\\\/www.sdpcommerce.com\\\/wp-content\\\/uploads\\\/2025\\\/02\\\/Screenshot-2025-02-13-131026.png\",\"contentUrl\":\"https:\\\/\\\/www.sdpcommerce.com\\\/wp-content\\\/uploads\\\/2025\\\/02\\\/Screenshot-2025-02-13-131026.png\",\"width\":566,\"height\":711},{\"@type\":\"BreadcrumbList\",\"@id\":\"https:\\\/\\\/www.sdpcommerce.com\\\/producto\\\/producto-refacciones-ingersoll-rand-926k5240-3w75299t30\\\/#breadcrumb\",\"itemListElement\":[{\"@type\":\"ListItem\",\"position\":1,\"name\":\"Portada\",\"item\":\"https:\\\/\\\/www.sdpcommerce.com\\\/\"},{\"@type\":\"ListItem\",\"position\":2,\"name\":\"STORE\",\"item\":\"https:\\\/\\\/www.sdpcommerce.com\\\/shop-replacement-parts\\\/\"},{\"@type\":\"ListItem\",\"position\":3,\"name\":\"Motores El\u00e9ctricos para Uso Industrial\",\"item\":\"https:\\\/\\\/www.sdpcommerce.com\\\/categoria-producto\\\/motores-electricos-uso-industrial\\\/\"},{\"@type\":\"ListItem\",\"position\":4,\"name\":\"Partes para Compresor Ingersoll Rand 926K5240 \\\/ 3W75299T30 | Refacciones Originales\"}]},{\"@type\":\"WebSite\",\"@id\":\"https:\\\/\\\/www.sdpcommerce.com\\\/#website\",\"url\":\"https:\\\/\\\/www.sdpcommerce.com\\\/\",\"name\":\"SDP COMMERCE\",\"description\":\" Contar con un proveedor que no solo te diga \u201cya no existe\u201d, sino que &lt;strong&gt;te proponga un reemplazo funcional&lt;\\\/strong&gt;, es una ventaja competitiva. Algunas acciones que realiza un proveedor proactivo\",\"publisher\":{\"@id\":\"https:\\\/\\\/www.sdpcommerce.com\\\/#organization\"},\"potentialAction\":[{\"@type\":\"SearchAction\",\"target\":{\"@type\":\"EntryPoint\",\"urlTemplate\":\"https:\\\/\\\/www.sdpcommerce.com\\\/?s={search_term_string}\"},\"query-input\":{\"@type\":\"PropertyValueSpecification\",\"valueRequired\":true,\"valueName\":\"search_term_string\"}}],\"inLanguage\":\"en-US\"},{\"@type\":\"Organization\",\"@id\":\"https:\\\/\\\/www.sdpcommerce.com\\\/#organization\",\"name\":\"SDP COMMERCE\",\"url\":\"https:\\\/\\\/www.sdpcommerce.com\\\/\",\"logo\":{\"@type\":\"ImageObject\",\"inLanguage\":\"en-US\",\"@id\":\"https:\\\/\\\/www.sdpcommerce.com\\\/#\\\/schema\\\/logo\\\/image\\\/\",\"url\":\"https:\\\/\\\/www.sdpcommerce.com\\\/wp-content\\\/uploads\\\/2025\\\/02\\\/Screenshot-2025-02-13-150556.png\",\"contentUrl\":\"https:\\\/\\\/www.sdpcommerce.com\\\/wp-content\\\/uploads\\\/2025\\\/02\\\/Screenshot-2025-02-13-150556.png\",\"width\":114,\"height\":108,\"caption\":\"SDP COMMERCE\"},\"image\":{\"@id\":\"https:\\\/\\\/www.sdpcommerce.com\\\/#\\\/schema\\\/logo\\\/image\\\/\"},\"sameAs\":[\"https:\\\/\\\/www.facebook.com\\\/profile.php?id=61565795007009#\"]}]}<\/script>\n<!-- \/ Yoast SEO plugin. -->","yoast_head_json":{"title":"Partes para Compresor Ingersoll Rand 926K5240 \/ 3W75299T30 | Refacciones Originales - &lt;strong&gt;Un buen proveedor no solo vende, asesora y soluciona&lt;\/strong&gt;","description":"Refacciones para compresor Ingersoll Rand 926K5240 y 3W75299T30. Pistones, v\u00e1lvulas, juntas y m\u00e1s. Env\u00edos a todo M\u00e9xico. Atenci\u00f3n especializada.","robots":{"index":"index","follow":"follow","max-snippet":"max-snippet:-1","max-image-preview":"max-image-preview:large","max-video-preview":"max-video-preview:-1"},"canonical":"https:\/\/www.sdpcommerce.com\/en\/product\/producto-refacciones-ingersoll-rand-926k5240-3w75299t30\/","og_locale":"en_US","og_type":"article","og_title":"Partes para Compresor Ingersoll Rand 926K5240 \/ 3W75299T30 | Refacciones Originales - &lt;strong&gt;Un buen proveedor no solo vende, asesora y soluciona&lt;\/strong&gt;","og_description":"Refacciones para compresor Ingersoll Rand 926K5240 y 3W75299T30. Pistones, v\u00e1lvulas, juntas y m\u00e1s. Env\u00edos a todo M\u00e9xico. Atenci\u00f3n especializada.","og_url":"https:\/\/www.sdpcommerce.com\/en\/product\/producto-refacciones-ingersoll-rand-926k5240-3w75299t30\/","og_site_name":"&lt;strong&gt;Un buen proveedor no solo vende, asesora y soluciona&lt;\/strong&gt;","article_publisher":"https:\/\/www.facebook.com\/profile.php?id=61565795007009#","article_modified_time":"2025-07-23T23:12:36+00:00","og_image":[{"width":566,"height":711,"url":"https:\/\/www.sdpcommerce.com\/wp-content\/uploads\/2025\/02\/Screenshot-2025-02-13-131026.png","type":"image\/png"}],"twitter_card":"summary_large_image","twitter_misc":{"Est. reading time":"1 minute"},"schema":{"@context":"https:\/\/schema.org","@graph":[{"@type":"WebPage","@id":"https:\/\/www.sdpcommerce.com\/producto\/producto-refacciones-ingersoll-rand-926k5240-3w75299t30\/","url":"https:\/\/www.sdpcommerce.com\/producto\/producto-refacciones-ingersoll-rand-926k5240-3w75299t30\/","name":"Partes para Compresor Ingersoll Rand 926K5240 \/ 3W75299T30 | Refacciones Originales - &lt;strong&gt;Un buen proveedor no solo vende, asesora y soluciona&lt;\/strong&gt;","isPartOf":{"@id":"https:\/\/www.sdpcommerce.com\/#website"},"primaryImageOfPage":{"@id":"https:\/\/www.sdpcommerce.com\/producto\/producto-refacciones-ingersoll-rand-926k5240-3w75299t30\/#primaryimage"},"image":{"@id":"https:\/\/www.sdpcommerce.com\/producto\/producto-refacciones-ingersoll-rand-926k5240-3w75299t30\/#primaryimage"},"thumbnailUrl":"https:\/\/www.sdpcommerce.com\/wp-content\/uploads\/2025\/02\/Screenshot-2025-02-13-131026.png","datePublished":"2025-02-13T19:13:14+00:00","dateModified":"2025-07-23T23:12:36+00:00","description":"Refacciones para compresor Ingersoll Rand 926K5240 y 3W75299T30. Pistones, v\u00e1lvulas, juntas y m\u00e1s. Env\u00edos a todo M\u00e9xico. Atenci\u00f3n especializada.","breadcrumb":{"@id":"https:\/\/www.sdpcommerce.com\/producto\/producto-refacciones-ingersoll-rand-926k5240-3w75299t30\/#breadcrumb"},"inLanguage":"en-US","potentialAction":[{"@type":"ReadAction","target":["https:\/\/www.sdpcommerce.com\/producto\/producto-refacciones-ingersoll-rand-926k5240-3w75299t30\/"]}]},{"@type":"ImageObject","inLanguage":"en-US","@id":"https:\/\/www.sdpcommerce.com\/producto\/producto-refacciones-ingersoll-rand-926k5240-3w75299t30\/#primaryimage","url":"https:\/\/www.sdpcommerce.com\/wp-content\/uploads\/2025\/02\/Screenshot-2025-02-13-131026.png","contentUrl":"https:\/\/www.sdpcommerce.com\/wp-content\/uploads\/2025\/02\/Screenshot-2025-02-13-131026.png","width":566,"height":711},{"@type":"BreadcrumbList","@id":"https:\/\/www.sdpcommerce.com\/producto\/producto-refacciones-ingersoll-rand-926k5240-3w75299t30\/#breadcrumb","itemListElement":[{"@type":"ListItem","position":1,"name":"Portada","item":"https:\/\/www.sdpcommerce.com\/"},{"@type":"ListItem","position":2,"name":"STORE","item":"https:\/\/www.sdpcommerce.com\/shop-replacement-parts\/"},{"@type":"ListItem","position":3,"name":"Motores El\u00e9ctricos para Uso Industrial","item":"https:\/\/www.sdpcommerce.com\/categoria-producto\/motores-electricos-uso-industrial\/"},{"@type":"ListItem","position":4,"name":"Partes para Compresor Ingersoll Rand 926K5240 \/ 3W75299T30 | Refacciones Originales"}]},{"@type":"WebSite","@id":"https:\/\/www.sdpcommerce.com\/#website","url":"https:\/\/www.sdpcommerce.com\/","name":"SDP COMMERCE","description":"Contar con un proveedor que no solo te diga &ldquo;ya no existe&rdquo;, sino que &lt;strong&gt;te proponga un reemplazo funcional&lt;\/strong&gt;, es una ventaja competitiva. Algunas acciones que realiza un proveedor proactivo","publisher":{"@id":"https:\/\/www.sdpcommerce.com\/#organization"},"potentialAction":[{"@type":"SearchAction","target":{"@type":"EntryPoint","urlTemplate":"https:\/\/www.sdpcommerce.com\/?s={search_term_string}"},"query-input":{"@type":"PropertyValueSpecification","valueRequired":true,"valueName":"search_term_string"}}],"inLanguage":"en-US"},{"@type":"Organization","@id":"https:\/\/www.sdpcommerce.com\/#organization","name":"SDP COMMERCE","url":"https:\/\/www.sdpcommerce.com\/","logo":{"@type":"ImageObject","inLanguage":"en-US","@id":"https:\/\/www.sdpcommerce.com\/#\/schema\/logo\/image\/","url":"https:\/\/www.sdpcommerce.com\/wp-content\/uploads\/2025\/02\/Screenshot-2025-02-13-150556.png","contentUrl":"https:\/\/www.sdpcommerce.com\/wp-content\/uploads\/2025\/02\/Screenshot-2025-02-13-150556.png","width":114,"height":108,"caption":"SDP COMMERCE"},"image":{"@id":"https:\/\/www.sdpcommerce.com\/#\/schema\/logo\/image\/"},"sameAs":["https:\/\/www.facebook.com\/profile.php?id=61565795007009#"]}]}},"uagb_featured_image_src":{"full":["https:\/\/www.sdpcommerce.com\/wp-content\/uploads\/2025\/02\/Screenshot-2025-02-13-131026.png",566,711,false],"thumbnail":["https:\/\/www.sdpcommerce.com\/wp-content\/uploads\/2025\/02\/Screenshot-2025-02-13-131026-150x150.png",150,150,true],"medium":["https:\/\/www.sdpcommerce.com\/wp-content\/uploads\/2025\/02\/Screenshot-2025-02-13-131026-239x300.png",239,300,true],"medium_large":["https:\/\/www.sdpcommerce.com\/wp-content\/uploads\/2025\/02\/Screenshot-2025-02-13-131026.png",566,711,false],"large":["https:\/\/www.sdpcommerce.com\/wp-content\/uploads\/2025\/02\/Screenshot-2025-02-13-131026.png",566,711,false],"1536x1536":["https:\/\/www.sdpcommerce.com\/wp-content\/uploads\/2025\/02\/Screenshot-2025-02-13-131026.png",566,711,false],"2048x2048":["https:\/\/www.sdpcommerce.com\/wp-content\/uploads\/2025\/02\/Screenshot-2025-02-13-131026.png",566,711,false],"trp-custom-language-flag":["https:\/\/www.sdpcommerce.com\/wp-content\/uploads\/2025\/02\/Screenshot-2025-02-13-131026.png",10,12,false],"woocommerce_thumbnail":["https:\/\/www.sdpcommerce.com\/wp-content\/uploads\/2025\/02\/Screenshot-2025-02-13-131026-300x300.png",300,300,true],"woocommerce_single":["https:\/\/www.sdpcommerce.com\/wp-content\/uploads\/2025\/02\/Screenshot-2025-02-13-131026.png",566,711,false],"woocommerce_gallery_thumbnail":["https:\/\/www.sdpcommerce.com\/wp-content\/uploads\/2025\/02\/Screenshot-2025-02-13-131026-100x100.png",100,100,true]},"uagb_author_info":{"display_name":"admin","author_link":"https:\/\/www.sdpcommerce.com\/en\/author\/"},"uagb_comment_info":0,"uagb_excerpt":"Refacciones originales para compresor Ingersoll Rand modelos 926K5240 y 3W75299T30. Partes de alta calidad para mantenimiento y reparaci\u00f3n profesional.","_links":{"self":[{"href":"https:\/\/www.sdpcommerce.com\/en\/wp-json\/wp\/v2\/product\/2063","targetHints":{"allow":["GET"]}}],"collection":[{"href":"https:\/\/www.sdpcommerce.com\/en\/wp-json\/wp\/v2\/product"}],"about":[{"href":"https:\/\/www.sdpcommerce.com\/en\/wp-json\/wp\/v2\/types\/product"}],"replies":[{"embeddable":true,"href":"https:\/\/www.sdpcommerce.com\/en\/wp-json\/wp\/v2\/comments?post=2063"}],"wp:featuredmedia":[{"embeddable":true,"href":"https:\/\/www.sdpcommerce.com\/en\/wp-json\/wp\/v2\/media\/2065"}],"wp:attachment":[{"href":"https:\/\/www.sdpcommerce.com\/en\/wp-json\/wp\/v2\/media?parent=2063"}],"wp:term":[{"taxonomy":"product_brand","embeddable":true,"href":"https:\/\/www.sdpcommerce.com\/en\/wp-json\/wp\/v2\/product_brand?post=2063"},{"taxonomy":"product_cat","embeddable":true,"href":"https:\/\/www.sdpcommerce.com\/en\/wp-json\/wp\/v2\/product_cat?post=2063"},{"taxonomy":"product_tag","embeddable":true,"href":"https:\/\/www.sdpcommerce.com\/en\/wp-json\/wp\/v2\/product_tag?post=2063"}],"curies":[{"name":"wp","href":"https:\/\/api.w.org\/{rel}","templated":true}]}}