{"id":1665,"date":"2024-12-10T19:06:00","date_gmt":"2024-12-10T18:06:00","guid":{"rendered":"https:\/\/www.sdpcommerce.com\/?post_type=product&#038;p=1665"},"modified":"2025-07-24T01:36:00","modified_gmt":"2025-07-23T23:36:00","slug":"producto-rodamiento-bolas-bloque-corredor-rexroth-r165129420","status":"publish","type":"product","link":"https:\/\/www.sdpcommerce.com\/en\/product\/producto-rodamiento-bolas-bloque-corredor-rexroth-r165129420\/","title":{"rendered":"Rodamiento de Bolas para Bloque de Corredor Rexroth R165129420"},"content":{"rendered":"<h3 data-start=\"490\" data-end=\"556\">Rodamiento de Bolas para Bloque de Corredor Rexroth R165129420<\/h3>\n<p data-start=\"558\" data-end=\"880\">El rodamiento de bolas <strong data-start=\"581\" data-end=\"603\">Rexroth R165129420<\/strong> est\u00e1 dise\u00f1ado para ser utilizado en bloques de corredor, ofreciendo soporte confiable y movimiento suave en sistemas lineales industriales. Fabricado con materiales de alta calidad, garantiza una larga vida \u00fatil y resistencia al desgaste bajo condiciones de trabajo exigentes.<\/p>\n<p data-start=\"882\" data-end=\"990\">Ideal para maquinaria, equipos automatizados y aplicaciones que requieren precisi\u00f3n en el movimiento lineal.<\/p>\n<hr data-start=\"992\" data-end=\"995\" \/>\n<h4 data-start=\"997\" data-end=\"1035\"><strong data-start=\"1005\" data-end=\"1035\">Especificaciones t\u00e9cnicas:<\/strong><\/h4>\n<ul data-start=\"1036\" data-end=\"1259\">\n<li data-start=\"1036\" data-end=\"1058\">\n<p data-start=\"1038\" data-end=\"1058\"><strong data-start=\"1038\" data-end=\"1048\">Marca:<\/strong> Rexroth<\/p>\n<\/li>\n<li data-start=\"1059\" data-end=\"1094\">\n<p data-start=\"1061\" data-end=\"1094\"><strong data-start=\"1061\" data-end=\"1081\">N\u00famero de parte:<\/strong> R165129420<\/p>\n<\/li>\n<li data-start=\"1095\" data-end=\"1152\">\n<p data-start=\"1097\" data-end=\"1152\"><strong data-start=\"1097\" data-end=\"1106\">Tipo:<\/strong> Rodamiento de bolas para bloque de corredor<\/p>\n<\/li>\n<li data-start=\"1153\" data-end=\"1215\">\n<p data-start=\"1155\" data-end=\"1215\"><strong data-start=\"1155\" data-end=\"1172\">Aplicaciones:<\/strong> Sistemas lineales, maquinaria industrial<\/p>\n<\/li>\n<li data-start=\"1216\" data-end=\"1259\">\n<p data-start=\"1218\" data-end=\"1259\"><strong data-start=\"1218\" data-end=\"1231\">Material:<\/strong> Acero de alta resistencia<\/p>\n<\/li>\n<\/ul>\n<hr data-start=\"1261\" data-end=\"1264\" \/>\n<h4 data-start=\"1266\" data-end=\"1299\"><strong data-start=\"1274\" data-end=\"1299\">Aplicaciones comunes:<\/strong><\/h4>\n<ul data-start=\"1300\" data-end=\"1399\">\n<li data-start=\"1300\" data-end=\"1330\">\n<p data-start=\"1302\" data-end=\"1330\">Sistemas de gu\u00edas lineales<\/p>\n<\/li>\n<li data-start=\"1331\" data-end=\"1356\">\n<p data-start=\"1333\" data-end=\"1356\">Equipos automatizados<\/p>\n<\/li>\n<li data-start=\"1357\" data-end=\"1375\">\n<p data-start=\"1359\" data-end=\"1375\">Maquinaria CNC<\/p>\n<\/li>\n<li data-start=\"1376\" data-end=\"1399\">\n<p data-start=\"1378\" data-end=\"1399\">Robots industriales<\/p>\n<\/li>\n<\/ul>\n<hr data-start=\"1401\" data-end=\"1404\" \/>\n<p data-start=\"1406\" data-end=\"1506\">\u2705 Alta precisi\u00f3n y durabilidad<br data-start=\"1436\" data-end=\"1439\" \/>\u2705 Movimiento suave y eficiente<br data-start=\"1469\" data-end=\"1472\" \/>\u2705 Resistente a cargas y desgaste<\/p>\n<hr data-start=\"1508\" data-end=\"1511\" \/>\n<p data-start=\"1513\" data-end=\"1629\"><strong data-start=\"1516\" data-end=\"1551\">Disponible para env\u00edo inmediato<\/strong><br data-start=\"1551\" data-end=\"1554\" \/><strong data-start=\"1557\" data-end=\"1581\">Env\u00edos a todo M\u00e9xico<\/strong><br data-start=\"1581\" data-end=\"1584\" \/><strong data-start=\"1588\" data-end=\"1629\">Soporte t\u00e9cnico y asesor\u00eda disponible<\/strong><\/p>","protected":false},"excerpt":{"rendered":"<p>Rodamiento de bolas Rexroth modelo R165129420 para bloque de corredor. Alta precisi\u00f3n y durabilidad para aplicaciones industriales.<\/p>","protected":false},"featured_media":1666,"comment_status":"open","ping_status":"closed","template":"","meta":{"om_disable_all_campaigns":false,"_uag_custom_page_level_css":"","_monsterinsights_skip_tracking":false,"_monsterinsights_sitenote_active":false,"_monsterinsights_sitenote_note":"","_monsterinsights_sitenote_category":0,"site-sidebar-layout":"default","site-content-layout":"","ast-site-content-layout":"default","site-content-style":"default","site-sidebar-style":"default","ast-global-header-display":"","ast-banner-title-visibility":"","ast-main-header-display":"","ast-hfb-above-header-display":"","ast-hfb-below-header-display":"","ast-hfb-mobile-header-display":"","site-post-title":"","ast-breadcrumbs-content":"","ast-featured-img":"","footer-sml-layout":"","theme-transparent-header-meta":"default","adv-header-id-meta":"","stick-header-meta":"","header-above-stick-meta":"","header-main-stick-meta":"","header-below-stick-meta":"","astra-migrate-meta-layouts":"set","ast-page-background-enabled":"default","ast-page-background-meta":{"desktop":{"background-color":"var(--ast-global-color-4)","background-image":"","background-repeat":"repeat","background-position":"center center","background-size":"auto","background-attachment":"scroll","background-type":"","background-media":"","overlay-type":"","overlay-color":"","overlay-gradient":""},"tablet":{"background-color":"","background-image":"","background-repeat":"repeat","background-position":"center center","background-size":"auto","background-attachment":"scroll","background-type":"","background-media":"","overlay-type":"","overlay-color":"","overlay-gradient":""},"mobile":{"background-color":"","background-image":"","background-repeat":"repeat","background-position":"center center","background-size":"auto","background-attachment":"scroll","background-type":"","background-media":"","overlay-type":"","overlay-color":"","overlay-gradient":""}},"ast-content-background-meta":{"desktop":{"background-color":"var(--ast-global-color-5)","background-image":"","background-repeat":"repeat","background-position":"center center","background-size":"auto","background-attachment":"scroll","background-type":"","background-media":"","overlay-type":"","overlay-color":"","overlay-gradient":""},"tablet":{"background-color":"var(--ast-global-color-5)","background-image":"","background-repeat":"repeat","background-position":"center center","background-size":"auto","background-attachment":"scroll","background-type":"","background-media":"","overlay-type":"","overlay-color":"","overlay-gradient":""},"mobile":{"background-color":"var(--ast-global-color-5)","background-image":"","background-repeat":"repeat","background-position":"center center","background-size":"auto","background-attachment":"scroll","background-type":"","background-media":"","overlay-type":"","overlay-color":"","overlay-gradient":""}}},"product_brand":[],"product_cat":[15],"product_tag":[144,216,219,218,193,215,217],"class_list":{"0":"post-1665","1":"product","2":"type-product","3":"status-publish","4":"has-post-thumbnail","6":"product_cat-motores-electricos-uso-industrial","7":"product_tag-automatizacion","8":"product_tag-bloque-de-corredor","9":"product_tag-guias-lineales","10":"product_tag-maquinaria-industrial","11":"product_tag-rexroth","12":"product_tag-rodamiento-de-bolas","13":"product_tag-sistemas-lineales","14":"desktop-align-left","15":"tablet-align-left","16":"mobile-align-left","18":"first","19":"instock","20":"shipping-taxable","21":"purchasable","22":"product-type-simple"},"yoast_head":"<!-- This site is optimized with the Yoast SEO plugin v27.4 - https:\/\/yoast.com\/product\/yoast-seo-wordpress\/ -->\n<title>Rodamiento de Bolas para Bloque de Corredor Rexroth R165129420 - &lt;strong&gt;Un buen proveedor no solo vende, asesora y soluciona&lt;\/strong&gt;<\/title>\n<meta name=\"description\" content=\"Rodamiento de bolas Rexroth R165129420 para bloque de corredor. Precisi\u00f3n y durabilidad para sistemas lineales industriales. Env\u00edos en M\u00e9xico.\" \/>\n<meta name=\"robots\" content=\"index, follow, max-snippet:-1, max-image-preview:large, max-video-preview:-1\" \/>\n<link rel=\"canonical\" href=\"https:\/\/www.sdpcommerce.com\/en\/product\/producto-rodamiento-bolas-bloque-corredor-rexroth-r165129420\/\" \/>\n<meta property=\"og:locale\" content=\"en_US\" \/>\n<meta property=\"og:type\" content=\"article\" \/>\n<meta property=\"og:title\" content=\"Rodamiento de Bolas para Bloque de Corredor Rexroth R165129420 - &lt;strong&gt;Un buen proveedor no solo vende, asesora y soluciona&lt;\/strong&gt;\" \/>\n<meta property=\"og:description\" content=\"Rodamiento de bolas Rexroth R165129420 para bloque de corredor. Precisi\u00f3n y durabilidad para sistemas lineales industriales. Env\u00edos en M\u00e9xico.\" \/>\n<meta property=\"og:url\" content=\"https:\/\/www.sdpcommerce.com\/en\/product\/producto-rodamiento-bolas-bloque-corredor-rexroth-r165129420\/\" \/>\n<meta property=\"og:site_name\" content=\"&lt;strong&gt;Un buen proveedor no solo vende, asesora y soluciona&lt;\/strong&gt;\" \/>\n<meta property=\"article:publisher\" content=\"https:\/\/www.facebook.com\/profile.php?id=61565795007009#\" \/>\n<meta property=\"article:modified_time\" content=\"2025-07-23T23:36:00+00:00\" \/>\n<meta property=\"og:image\" content=\"https:\/\/www.sdpcommerce.com\/wp-content\/uploads\/2024\/12\/Screenshot-2024-12-10-120112.png\" \/>\n\t<meta property=\"og:image:width\" content=\"528\" \/>\n\t<meta property=\"og:image:height\" content=\"265\" \/>\n\t<meta property=\"og:image:type\" content=\"image\/png\" \/>\n<meta name=\"twitter:card\" content=\"summary_large_image\" \/>\n<meta name=\"twitter:label1\" content=\"Est. reading time\" \/>\n\t<meta name=\"twitter:data1\" content=\"1 minute\" \/>\n<script type=\"application\/ld+json\" class=\"yoast-schema-graph\">{\"@context\":\"https:\\\/\\\/schema.org\",\"@graph\":[{\"@type\":\"WebPage\",\"@id\":\"https:\\\/\\\/www.sdpcommerce.com\\\/producto\\\/producto-rodamiento-bolas-bloque-corredor-rexroth-r165129420\\\/\",\"url\":\"https:\\\/\\\/www.sdpcommerce.com\\\/producto\\\/producto-rodamiento-bolas-bloque-corredor-rexroth-r165129420\\\/\",\"name\":\"Rodamiento de Bolas para Bloque de Corredor Rexroth R165129420 - &lt;strong&gt;Un buen proveedor no solo vende, asesora y soluciona&lt;\\\/strong&gt;\",\"isPartOf\":{\"@id\":\"https:\\\/\\\/www.sdpcommerce.com\\\/#website\"},\"primaryImageOfPage\":{\"@id\":\"https:\\\/\\\/www.sdpcommerce.com\\\/producto\\\/producto-rodamiento-bolas-bloque-corredor-rexroth-r165129420\\\/#primaryimage\"},\"image\":{\"@id\":\"https:\\\/\\\/www.sdpcommerce.com\\\/producto\\\/producto-rodamiento-bolas-bloque-corredor-rexroth-r165129420\\\/#primaryimage\"},\"thumbnailUrl\":\"https:\\\/\\\/www.sdpcommerce.com\\\/wp-content\\\/uploads\\\/2024\\\/12\\\/Screenshot-2024-12-10-120112.png\",\"datePublished\":\"2024-12-10T18:06:00+00:00\",\"dateModified\":\"2025-07-23T23:36:00+00:00\",\"description\":\"Rodamiento de bolas Rexroth R165129420 para bloque de corredor. Precisi\u00f3n y durabilidad para sistemas lineales industriales. Env\u00edos en M\u00e9xico.\",\"breadcrumb\":{\"@id\":\"https:\\\/\\\/www.sdpcommerce.com\\\/producto\\\/producto-rodamiento-bolas-bloque-corredor-rexroth-r165129420\\\/#breadcrumb\"},\"inLanguage\":\"en-US\",\"potentialAction\":[{\"@type\":\"ReadAction\",\"target\":[\"https:\\\/\\\/www.sdpcommerce.com\\\/producto\\\/producto-rodamiento-bolas-bloque-corredor-rexroth-r165129420\\\/\"]}]},{\"@type\":\"ImageObject\",\"inLanguage\":\"en-US\",\"@id\":\"https:\\\/\\\/www.sdpcommerce.com\\\/producto\\\/producto-rodamiento-bolas-bloque-corredor-rexroth-r165129420\\\/#primaryimage\",\"url\":\"https:\\\/\\\/www.sdpcommerce.com\\\/wp-content\\\/uploads\\\/2024\\\/12\\\/Screenshot-2024-12-10-120112.png\",\"contentUrl\":\"https:\\\/\\\/www.sdpcommerce.com\\\/wp-content\\\/uploads\\\/2024\\\/12\\\/Screenshot-2024-12-10-120112.png\",\"width\":528,\"height\":265},{\"@type\":\"BreadcrumbList\",\"@id\":\"https:\\\/\\\/www.sdpcommerce.com\\\/producto\\\/producto-rodamiento-bolas-bloque-corredor-rexroth-r165129420\\\/#breadcrumb\",\"itemListElement\":[{\"@type\":\"ListItem\",\"position\":1,\"name\":\"Portada\",\"item\":\"https:\\\/\\\/www.sdpcommerce.com\\\/\"},{\"@type\":\"ListItem\",\"position\":2,\"name\":\"STORE\",\"item\":\"https:\\\/\\\/www.sdpcommerce.com\\\/shop-replacement-parts\\\/\"},{\"@type\":\"ListItem\",\"position\":3,\"name\":\"Motores El\u00e9ctricos para Uso Industrial\",\"item\":\"https:\\\/\\\/www.sdpcommerce.com\\\/categoria-producto\\\/motores-electricos-uso-industrial\\\/\"},{\"@type\":\"ListItem\",\"position\":4,\"name\":\"Rodamiento de Bolas para Bloque de Corredor Rexroth R165129420\"}]},{\"@type\":\"WebSite\",\"@id\":\"https:\\\/\\\/www.sdpcommerce.com\\\/#website\",\"url\":\"https:\\\/\\\/www.sdpcommerce.com\\\/\",\"name\":\"SDP COMMERCE\",\"description\":\" Contar con un proveedor que no solo te diga \u201cya no existe\u201d, sino que &lt;strong&gt;te proponga un reemplazo funcional&lt;\\\/strong&gt;, es una ventaja competitiva. Algunas acciones que realiza un proveedor proactivo\",\"publisher\":{\"@id\":\"https:\\\/\\\/www.sdpcommerce.com\\\/#organization\"},\"potentialAction\":[{\"@type\":\"SearchAction\",\"target\":{\"@type\":\"EntryPoint\",\"urlTemplate\":\"https:\\\/\\\/www.sdpcommerce.com\\\/?s={search_term_string}\"},\"query-input\":{\"@type\":\"PropertyValueSpecification\",\"valueRequired\":true,\"valueName\":\"search_term_string\"}}],\"inLanguage\":\"en-US\"},{\"@type\":\"Organization\",\"@id\":\"https:\\\/\\\/www.sdpcommerce.com\\\/#organization\",\"name\":\"SDP COMMERCE\",\"url\":\"https:\\\/\\\/www.sdpcommerce.com\\\/\",\"logo\":{\"@type\":\"ImageObject\",\"inLanguage\":\"en-US\",\"@id\":\"https:\\\/\\\/www.sdpcommerce.com\\\/#\\\/schema\\\/logo\\\/image\\\/\",\"url\":\"https:\\\/\\\/www.sdpcommerce.com\\\/wp-content\\\/uploads\\\/2025\\\/02\\\/Screenshot-2025-02-13-150556.png\",\"contentUrl\":\"https:\\\/\\\/www.sdpcommerce.com\\\/wp-content\\\/uploads\\\/2025\\\/02\\\/Screenshot-2025-02-13-150556.png\",\"width\":114,\"height\":108,\"caption\":\"SDP COMMERCE\"},\"image\":{\"@id\":\"https:\\\/\\\/www.sdpcommerce.com\\\/#\\\/schema\\\/logo\\\/image\\\/\"},\"sameAs\":[\"https:\\\/\\\/www.facebook.com\\\/profile.php?id=61565795007009#\"]}]}<\/script>\n<!-- \/ Yoast SEO plugin. -->","yoast_head_json":{"title":"Rodamiento de Bolas para Bloque de Corredor Rexroth R165129420 - &lt;strong&gt;Un buen proveedor no solo vende, asesora y soluciona&lt;\/strong&gt;","description":"Rodamiento de bolas Rexroth R165129420 para bloque de corredor. Precisi\u00f3n y durabilidad para sistemas lineales industriales. Env\u00edos en M\u00e9xico.","robots":{"index":"index","follow":"follow","max-snippet":"max-snippet:-1","max-image-preview":"max-image-preview:large","max-video-preview":"max-video-preview:-1"},"canonical":"https:\/\/www.sdpcommerce.com\/en\/product\/producto-rodamiento-bolas-bloque-corredor-rexroth-r165129420\/","og_locale":"en_US","og_type":"article","og_title":"Rodamiento de Bolas para Bloque de Corredor Rexroth R165129420 - &lt;strong&gt;Un buen proveedor no solo vende, asesora y soluciona&lt;\/strong&gt;","og_description":"Rodamiento de bolas Rexroth R165129420 para bloque de corredor. Precisi\u00f3n y durabilidad para sistemas lineales industriales. Env\u00edos en M\u00e9xico.","og_url":"https:\/\/www.sdpcommerce.com\/en\/product\/producto-rodamiento-bolas-bloque-corredor-rexroth-r165129420\/","og_site_name":"&lt;strong&gt;Un buen proveedor no solo vende, asesora y soluciona&lt;\/strong&gt;","article_publisher":"https:\/\/www.facebook.com\/profile.php?id=61565795007009#","article_modified_time":"2025-07-23T23:36:00+00:00","og_image":[{"width":528,"height":265,"url":"https:\/\/www.sdpcommerce.com\/wp-content\/uploads\/2024\/12\/Screenshot-2024-12-10-120112.png","type":"image\/png"}],"twitter_card":"summary_large_image","twitter_misc":{"Est. reading time":"1 minute"},"schema":{"@context":"https:\/\/schema.org","@graph":[{"@type":"WebPage","@id":"https:\/\/www.sdpcommerce.com\/producto\/producto-rodamiento-bolas-bloque-corredor-rexroth-r165129420\/","url":"https:\/\/www.sdpcommerce.com\/producto\/producto-rodamiento-bolas-bloque-corredor-rexroth-r165129420\/","name":"Rodamiento de Bolas para Bloque de Corredor Rexroth R165129420 - &lt;strong&gt;Un buen proveedor no solo vende, asesora y soluciona&lt;\/strong&gt;","isPartOf":{"@id":"https:\/\/www.sdpcommerce.com\/#website"},"primaryImageOfPage":{"@id":"https:\/\/www.sdpcommerce.com\/producto\/producto-rodamiento-bolas-bloque-corredor-rexroth-r165129420\/#primaryimage"},"image":{"@id":"https:\/\/www.sdpcommerce.com\/producto\/producto-rodamiento-bolas-bloque-corredor-rexroth-r165129420\/#primaryimage"},"thumbnailUrl":"https:\/\/www.sdpcommerce.com\/wp-content\/uploads\/2024\/12\/Screenshot-2024-12-10-120112.png","datePublished":"2024-12-10T18:06:00+00:00","dateModified":"2025-07-23T23:36:00+00:00","description":"Rodamiento de bolas Rexroth R165129420 para bloque de corredor. Precisi\u00f3n y durabilidad para sistemas lineales industriales. Env\u00edos en M\u00e9xico.","breadcrumb":{"@id":"https:\/\/www.sdpcommerce.com\/producto\/producto-rodamiento-bolas-bloque-corredor-rexroth-r165129420\/#breadcrumb"},"inLanguage":"en-US","potentialAction":[{"@type":"ReadAction","target":["https:\/\/www.sdpcommerce.com\/producto\/producto-rodamiento-bolas-bloque-corredor-rexroth-r165129420\/"]}]},{"@type":"ImageObject","inLanguage":"en-US","@id":"https:\/\/www.sdpcommerce.com\/producto\/producto-rodamiento-bolas-bloque-corredor-rexroth-r165129420\/#primaryimage","url":"https:\/\/www.sdpcommerce.com\/wp-content\/uploads\/2024\/12\/Screenshot-2024-12-10-120112.png","contentUrl":"https:\/\/www.sdpcommerce.com\/wp-content\/uploads\/2024\/12\/Screenshot-2024-12-10-120112.png","width":528,"height":265},{"@type":"BreadcrumbList","@id":"https:\/\/www.sdpcommerce.com\/producto\/producto-rodamiento-bolas-bloque-corredor-rexroth-r165129420\/#breadcrumb","itemListElement":[{"@type":"ListItem","position":1,"name":"Portada","item":"https:\/\/www.sdpcommerce.com\/"},{"@type":"ListItem","position":2,"name":"STORE","item":"https:\/\/www.sdpcommerce.com\/shop-replacement-parts\/"},{"@type":"ListItem","position":3,"name":"Motores El\u00e9ctricos para Uso Industrial","item":"https:\/\/www.sdpcommerce.com\/categoria-producto\/motores-electricos-uso-industrial\/"},{"@type":"ListItem","position":4,"name":"Rodamiento de Bolas para Bloque de Corredor Rexroth R165129420"}]},{"@type":"WebSite","@id":"https:\/\/www.sdpcommerce.com\/#website","url":"https:\/\/www.sdpcommerce.com\/","name":"SDP COMMERCE","description":"Contar con un proveedor que no solo te diga &ldquo;ya no existe&rdquo;, sino que &lt;strong&gt;te proponga un reemplazo funcional&lt;\/strong&gt;, es una ventaja competitiva. Algunas acciones que realiza un proveedor proactivo","publisher":{"@id":"https:\/\/www.sdpcommerce.com\/#organization"},"potentialAction":[{"@type":"SearchAction","target":{"@type":"EntryPoint","urlTemplate":"https:\/\/www.sdpcommerce.com\/?s={search_term_string}"},"query-input":{"@type":"PropertyValueSpecification","valueRequired":true,"valueName":"search_term_string"}}],"inLanguage":"en-US"},{"@type":"Organization","@id":"https:\/\/www.sdpcommerce.com\/#organization","name":"SDP COMMERCE","url":"https:\/\/www.sdpcommerce.com\/","logo":{"@type":"ImageObject","inLanguage":"en-US","@id":"https:\/\/www.sdpcommerce.com\/#\/schema\/logo\/image\/","url":"https:\/\/www.sdpcommerce.com\/wp-content\/uploads\/2025\/02\/Screenshot-2025-02-13-150556.png","contentUrl":"https:\/\/www.sdpcommerce.com\/wp-content\/uploads\/2025\/02\/Screenshot-2025-02-13-150556.png","width":114,"height":108,"caption":"SDP COMMERCE"},"image":{"@id":"https:\/\/www.sdpcommerce.com\/#\/schema\/logo\/image\/"},"sameAs":["https:\/\/www.facebook.com\/profile.php?id=61565795007009#"]}]}},"uagb_featured_image_src":{"full":["https:\/\/www.sdpcommerce.com\/wp-content\/uploads\/2024\/12\/Screenshot-2024-12-10-120112.png",528,265,false],"thumbnail":["https:\/\/www.sdpcommerce.com\/wp-content\/uploads\/2024\/12\/Screenshot-2024-12-10-120112-150x150.png",150,150,true],"medium":["https:\/\/www.sdpcommerce.com\/wp-content\/uploads\/2024\/12\/Screenshot-2024-12-10-120112-300x151.png",300,151,true],"medium_large":["https:\/\/www.sdpcommerce.com\/wp-content\/uploads\/2024\/12\/Screenshot-2024-12-10-120112.png",528,265,false],"large":["https:\/\/www.sdpcommerce.com\/wp-content\/uploads\/2024\/12\/Screenshot-2024-12-10-120112.png",528,265,false],"1536x1536":["https:\/\/www.sdpcommerce.com\/wp-content\/uploads\/2024\/12\/Screenshot-2024-12-10-120112.png",528,265,false],"2048x2048":["https:\/\/www.sdpcommerce.com\/wp-content\/uploads\/2024\/12\/Screenshot-2024-12-10-120112.png",528,265,false],"trp-custom-language-flag":["https:\/\/www.sdpcommerce.com\/wp-content\/uploads\/2024\/12\/Screenshot-2024-12-10-120112.png",18,9,false],"woocommerce_thumbnail":["https:\/\/www.sdpcommerce.com\/wp-content\/uploads\/2024\/12\/Screenshot-2024-12-10-120112-300x265.png",300,265,true],"woocommerce_single":["https:\/\/www.sdpcommerce.com\/wp-content\/uploads\/2024\/12\/Screenshot-2024-12-10-120112.png",528,265,false],"woocommerce_gallery_thumbnail":["https:\/\/www.sdpcommerce.com\/wp-content\/uploads\/2024\/12\/Screenshot-2024-12-10-120112-100x100.png",100,100,true]},"uagb_author_info":{"display_name":"admin","author_link":"https:\/\/www.sdpcommerce.com\/en\/author\/"},"uagb_comment_info":0,"uagb_excerpt":"Rodamiento de bolas Rexroth modelo R165129420 para bloque de corredor. Alta precisi\u00f3n y durabilidad para aplicaciones industriales.","_links":{"self":[{"href":"https:\/\/www.sdpcommerce.com\/en\/wp-json\/wp\/v2\/product\/1665","targetHints":{"allow":["GET"]}}],"collection":[{"href":"https:\/\/www.sdpcommerce.com\/en\/wp-json\/wp\/v2\/product"}],"about":[{"href":"https:\/\/www.sdpcommerce.com\/en\/wp-json\/wp\/v2\/types\/product"}],"replies":[{"embeddable":true,"href":"https:\/\/www.sdpcommerce.com\/en\/wp-json\/wp\/v2\/comments?post=1665"}],"wp:featuredmedia":[{"embeddable":true,"href":"https:\/\/www.sdpcommerce.com\/en\/wp-json\/wp\/v2\/media\/1666"}],"wp:attachment":[{"href":"https:\/\/www.sdpcommerce.com\/en\/wp-json\/wp\/v2\/media?parent=1665"}],"wp:term":[{"taxonomy":"product_brand","embeddable":true,"href":"https:\/\/www.sdpcommerce.com\/en\/wp-json\/wp\/v2\/product_brand?post=1665"},{"taxonomy":"product_cat","embeddable":true,"href":"https:\/\/www.sdpcommerce.com\/en\/wp-json\/wp\/v2\/product_cat?post=1665"},{"taxonomy":"product_tag","embeddable":true,"href":"https:\/\/www.sdpcommerce.com\/en\/wp-json\/wp\/v2\/product_tag?post=1665"}],"curies":[{"name":"wp","href":"https:\/\/api.w.org\/{rel}","templated":true}]}}