{"id":1655,"date":"2024-12-10T18:40:31","date_gmt":"2024-12-10T17:40:31","guid":{"rendered":"https:\/\/www.sdpcommerce.com\/?post_type=product&#038;p=1655"},"modified":"2026-02-27T18:49:15","modified_gmt":"2026-02-27T17:49:15","slug":"ifm-e20654-fibras-opticas-reflexion-directa-ft-11-epa-m6-f1x1-16x-265-2m","status":"publish","type":"product","link":"https:\/\/www.sdpcommerce.com\/en\/product\/ifm-e20654-fibras-opticas-reflexion-directa-ft-11-epa-m6-f1x1-16x-265-2m\/","title":{"rendered":"Fibras \u00d3pticas IFM E20654 | FT-11-EPA-M6-F1X1-16X-265-2M | Reflexi\u00f3n Directa"},"content":{"rendered":"<p data-start=\"1045\" data-end=\"1364\"><strong data-start=\"1045\" data-end=\"1069\">El modelo IFM E20654<\/strong> es un sistema de <strong data-start=\"1087\" data-end=\"1126\">fibras \u00f3pticas de reflexi\u00f3n directa<\/strong> dise\u00f1ado para aplicaciones de automatizaci\u00f3n industrial donde se requiere alta precisi\u00f3n en espacios reducidos. Pertenece a la serie <strong data-start=\"1260\" data-end=\"1292\">FT-11-EPA-M6-F1X1-16X-265-2M<\/strong> y est\u00e1 especialmente dise\u00f1ado para integrarse con sensores \u00f3pticos IFM.<\/p>\n<p data-start=\"1366\" data-end=\"1398\"><strong data-start=\"1369\" data-end=\"1398\">Caracter\u00edsticas t\u00e9cnicas:<\/strong><\/p>\n<ul data-start=\"1399\" data-end=\"1791\">\n<li data-start=\"1399\" data-end=\"1421\">\n<p data-start=\"1401\" data-end=\"1421\"><strong data-start=\"1401\" data-end=\"1412\">C\u00f3digo:<\/strong> E20654<\/p>\n<\/li>\n<li data-start=\"1422\" data-end=\"1462\">\n<p data-start=\"1424\" data-end=\"1462\"><strong data-start=\"1424\" data-end=\"1442\">Tipo de fibra:<\/strong> Reflexi\u00f3n directa<\/p>\n<\/li>\n<li data-start=\"1463\" data-end=\"1506\">\n<p data-start=\"1465\" data-end=\"1506\"><strong data-start=\"1465\" data-end=\"1475\">Serie:<\/strong> FT-11-EPA-M6-F1X1-16X-265-2M<\/p>\n<\/li>\n<li data-start=\"1507\" data-end=\"1524\">\n<p data-start=\"1509\" data-end=\"1524\"><strong data-start=\"1509\" data-end=\"1519\">Rosca:<\/strong> M6<\/p>\n<\/li>\n<li data-start=\"1525\" data-end=\"1551\">\n<p data-start=\"1527\" data-end=\"1551\"><strong data-start=\"1527\" data-end=\"1540\">Longitud:<\/strong> 2 metros<\/p>\n<\/li>\n<li data-start=\"1552\" data-end=\"1614\">\n<p data-start=\"1554\" data-end=\"1614\"><strong data-start=\"1554\" data-end=\"1567\">Material:<\/strong> Pl\u00e1stico\/fibra de vidrio de alta resistencia<\/p>\n<\/li>\n<li data-start=\"1615\" data-end=\"1717\">\n<p data-start=\"1617\" data-end=\"1717\"><strong data-start=\"1617\" data-end=\"1632\">Aplicaci\u00f3n:<\/strong> Detecci\u00f3n sin contacto, automatizaci\u00f3n de procesos, rob\u00f3tica, inspecci\u00f3n de piezas<\/p>\n<\/li>\n<li data-start=\"1718\" data-end=\"1791\">\n<p data-start=\"1720\" data-end=\"1791\"><strong data-start=\"1720\" data-end=\"1739\">Conector final:<\/strong> Estilo est\u00e1ndar para sensores de fibra \u00f3ptica IFM<\/p>\n<\/li>\n<li data-start=\"1718\" data-end=\"1791\">\n<p data-start=\"1720\" data-end=\"1791\"><span style=\"font-size: 16px;\">Dise\u00f1o compacto y flexible<\/span><\/p>\n<\/li>\n<li data-start=\"1718\" data-end=\"1791\">\n<p data-start=\"1720\" data-end=\"1791\"><span style=\"font-size: 16px;\">Alta precisi\u00f3n y velocidad de respuesta<\/span><\/p>\n<\/li>\n<li data-start=\"1718\" data-end=\"1791\">\n<p data-start=\"1720\" data-end=\"1791\"><span style=\"font-size: 16px;\">Compatible con sensores de fibra IFM<\/span><\/p>\n<\/li>\n<\/ul>\n<p data-start=\"1793\" data-end=\"1953\">\u00a0Ideal para entornos industriales exigente<\/p>\n<p data-start=\"1793\" data-end=\"1953\"><em data-start=\"1958\" data-end=\"2072\">Perfecto para l\u00edneas de ensamblaje, sistemas pick-and-place, detecci\u00f3n de objetos peque\u00f1os y control de calidad.<\/em><\/p>\n<p data-start=\"2074\" data-end=\"2091\"><strong data-start=\"2077\" data-end=\"2089\">Incluye:<\/strong><\/p>\n<ul data-start=\"2092\" data-end=\"2185\">\n<li data-start=\"2092\" data-end=\"2142\">\n<p data-start=\"2094\" data-end=\"2142\">1 cable de fibra \u00f3ptica IFM E20654 de 2 metros<\/p>\n<\/li>\n<li data-start=\"2143\" data-end=\"2185\">\n<p data-start=\"2145\" data-end=\"2185\">Manual de instalaci\u00f3n y especificaciones<\/p>\n<\/li>\n<\/ul>","protected":false},"excerpt":{"rendered":"<p data-start=\"846\" data-end=\"1013\"><strong data-start=\"846\" data-end=\"1013\">Sensor de fibra \u00f3ptica IFM E20654 de reflexi\u00f3n directa con dise\u00f1o compacto M6. Modelo FT-11-EPA-M6-F1X1-16X-265-2M. Ideal para detecci\u00f3n precisa en automatizaci\u00f3n.<\/strong><\/p>","protected":false},"featured_media":1656,"comment_status":"open","ping_status":"closed","template":"","meta":{"om_disable_all_campaigns":false,"_uag_custom_page_level_css":"","_monsterinsights_skip_tracking":false,"_monsterinsights_sitenote_active":false,"_monsterinsights_sitenote_note":"","_monsterinsights_sitenote_category":0,"site-sidebar-layout":"default","site-content-layout":"","ast-site-content-layout":"default","site-content-style":"default","site-sidebar-style":"default","ast-global-header-display":"","ast-banner-title-visibility":"","ast-main-header-display":"","ast-hfb-above-header-display":"","ast-hfb-below-header-display":"","ast-hfb-mobile-header-display":"","site-post-title":"","ast-breadcrumbs-content":"","ast-featured-img":"","footer-sml-layout":"","theme-transparent-header-meta":"default","adv-header-id-meta":"","stick-header-meta":"","header-above-stick-meta":"","header-main-stick-meta":"","header-below-stick-meta":"","astra-migrate-meta-layouts":"set","ast-page-background-enabled":"default","ast-page-background-meta":{"desktop":{"background-color":"var(--ast-global-color-4)","background-image":"","background-repeat":"repeat","background-position":"center center","background-size":"auto","background-attachment":"scroll","background-type":"","background-media":"","overlay-type":"","overlay-color":"","overlay-gradient":""},"tablet":{"background-color":"","background-image":"","background-repeat":"repeat","background-position":"center center","background-size":"auto","background-attachment":"scroll","background-type":"","background-media":"","overlay-type":"","overlay-color":"","overlay-gradient":""},"mobile":{"background-color":"","background-image":"","background-repeat":"repeat","background-position":"center center","background-size":"auto","background-attachment":"scroll","background-type":"","background-media":"","overlay-type":"","overlay-color":"","overlay-gradient":""}},"ast-content-background-meta":{"desktop":{"background-color":"var(--ast-global-color-5)","background-image":"","background-repeat":"repeat","background-position":"center center","background-size":"auto","background-attachment":"scroll","background-type":"","background-media":"","overlay-type":"","overlay-color":"","overlay-gradient":""},"tablet":{"background-color":"var(--ast-global-color-5)","background-image":"","background-repeat":"repeat","background-position":"center center","background-size":"auto","background-attachment":"scroll","background-type":"","background-media":"","overlay-type":"","overlay-color":"","overlay-gradient":""},"mobile":{"background-color":"var(--ast-global-color-5)","background-image":"","background-repeat":"repeat","background-position":"center center","background-size":"auto","background-attachment":"scroll","background-type":"","background-media":"","overlay-type":"","overlay-color":"","overlay-gradient":""}}},"product_brand":[],"product_cat":[15],"product_tag":[173,360,361,363,362],"class_list":{"0":"post-1655","1":"product","2":"type-product","3":"status-publish","4":"has-post-thumbnail","6":"product_cat-motores-electricos-uso-industrial","7":"product_tag-automatizacion-industrial","8":"product_tag-e20654","9":"product_tag-fibras-opticas-ifm","10":"product_tag-reflexion-directa","11":"product_tag-sensor-optico","12":"desktop-align-left","13":"tablet-align-left","14":"mobile-align-left","16":"first","17":"instock","18":"shipping-taxable","19":"purchasable","20":"product-type-simple"},"yoast_head":"<!-- This site is optimized with the Yoast SEO plugin v27.4 - https:\/\/yoast.com\/product\/yoast-seo-wordpress\/ -->\n<title>IFM E20654 Fibras \u00d3pticas Reflexi\u00f3n Directa FT-11-EPA-M6-F1X1-16X-265-2M<\/title>\n<meta name=\"description\" content=\"Fibras \u00f3pticas IFM E20654 tipo reflexi\u00f3n directa. Modelo FT-11-EPA-M6-F1X1-16X-265-2M. Sensor confiable para detecci\u00f3n de objetos en espacios reducidos.\" \/>\n<meta name=\"robots\" content=\"index, follow, max-snippet:-1, max-image-preview:large, max-video-preview:-1\" \/>\n<link rel=\"canonical\" href=\"https:\/\/www.sdpcommerce.com\/en\/product\/ifm-e20654-fibras-opticas-reflexion-directa-ft-11-epa-m6-f1x1-16x-265-2m\/\" \/>\n<meta property=\"og:locale\" content=\"en_US\" \/>\n<meta property=\"og:type\" content=\"article\" \/>\n<meta property=\"og:title\" content=\"IFM E20654 Fibras \u00d3pticas Reflexi\u00f3n Directa FT-11-EPA-M6-F1X1-16X-265-2M\" \/>\n<meta property=\"og:description\" content=\"Fibras \u00f3pticas IFM E20654 tipo reflexi\u00f3n directa. Modelo FT-11-EPA-M6-F1X1-16X-265-2M. Sensor confiable para detecci\u00f3n de objetos en espacios reducidos.\" \/>\n<meta property=\"og:url\" content=\"https:\/\/www.sdpcommerce.com\/en\/product\/ifm-e20654-fibras-opticas-reflexion-directa-ft-11-epa-m6-f1x1-16x-265-2m\/\" \/>\n<meta property=\"og:site_name\" content=\"&lt;strong&gt;Un buen proveedor no solo vende, asesora y soluciona&lt;\/strong&gt;\" \/>\n<meta property=\"article:publisher\" content=\"https:\/\/www.facebook.com\/profile.php?id=61565795007009#\" \/>\n<meta property=\"article:modified_time\" content=\"2026-02-27T17:49:15+00:00\" \/>\n<meta property=\"og:image\" content=\"https:\/\/www.sdpcommerce.com\/wp-content\/uploads\/2024\/12\/Screenshot-2024-12-10-113921.png\" \/>\n\t<meta property=\"og:image:width\" content=\"513\" \/>\n\t<meta property=\"og:image:height\" content=\"420\" \/>\n\t<meta property=\"og:image:type\" content=\"image\/png\" \/>\n<meta name=\"twitter:card\" content=\"summary_large_image\" \/>\n<meta name=\"twitter:label1\" content=\"Est. reading time\" \/>\n\t<meta name=\"twitter:data1\" content=\"1 minute\" \/>\n<script type=\"application\/ld+json\" class=\"yoast-schema-graph\">{\"@context\":\"https:\\\/\\\/schema.org\",\"@graph\":[{\"@type\":\"WebPage\",\"@id\":\"https:\\\/\\\/www.sdpcommerce.com\\\/producto\\\/ifm-e20654-fibras-opticas-reflexion-directa-ft-11-epa-m6-f1x1-16x-265-2m\\\/\",\"url\":\"https:\\\/\\\/www.sdpcommerce.com\\\/producto\\\/ifm-e20654-fibras-opticas-reflexion-directa-ft-11-epa-m6-f1x1-16x-265-2m\\\/\",\"name\":\"IFM E20654 Fibras \u00d3pticas Reflexi\u00f3n Directa FT-11-EPA-M6-F1X1-16X-265-2M\",\"isPartOf\":{\"@id\":\"https:\\\/\\\/www.sdpcommerce.com\\\/#website\"},\"primaryImageOfPage\":{\"@id\":\"https:\\\/\\\/www.sdpcommerce.com\\\/producto\\\/ifm-e20654-fibras-opticas-reflexion-directa-ft-11-epa-m6-f1x1-16x-265-2m\\\/#primaryimage\"},\"image\":{\"@id\":\"https:\\\/\\\/www.sdpcommerce.com\\\/producto\\\/ifm-e20654-fibras-opticas-reflexion-directa-ft-11-epa-m6-f1x1-16x-265-2m\\\/#primaryimage\"},\"thumbnailUrl\":\"https:\\\/\\\/www.sdpcommerce.com\\\/wp-content\\\/uploads\\\/2024\\\/12\\\/Screenshot-2024-12-10-113921.png\",\"datePublished\":\"2024-12-10T17:40:31+00:00\",\"dateModified\":\"2026-02-27T17:49:15+00:00\",\"description\":\"Fibras \u00f3pticas IFM E20654 tipo reflexi\u00f3n directa. Modelo FT-11-EPA-M6-F1X1-16X-265-2M. Sensor confiable para detecci\u00f3n de objetos en espacios reducidos.\",\"breadcrumb\":{\"@id\":\"https:\\\/\\\/www.sdpcommerce.com\\\/producto\\\/ifm-e20654-fibras-opticas-reflexion-directa-ft-11-epa-m6-f1x1-16x-265-2m\\\/#breadcrumb\"},\"inLanguage\":\"en-US\",\"potentialAction\":[{\"@type\":\"ReadAction\",\"target\":[\"https:\\\/\\\/www.sdpcommerce.com\\\/producto\\\/ifm-e20654-fibras-opticas-reflexion-directa-ft-11-epa-m6-f1x1-16x-265-2m\\\/\"]}]},{\"@type\":\"ImageObject\",\"inLanguage\":\"en-US\",\"@id\":\"https:\\\/\\\/www.sdpcommerce.com\\\/producto\\\/ifm-e20654-fibras-opticas-reflexion-directa-ft-11-epa-m6-f1x1-16x-265-2m\\\/#primaryimage\",\"url\":\"https:\\\/\\\/www.sdpcommerce.com\\\/wp-content\\\/uploads\\\/2024\\\/12\\\/Screenshot-2024-12-10-113921.png\",\"contentUrl\":\"https:\\\/\\\/www.sdpcommerce.com\\\/wp-content\\\/uploads\\\/2024\\\/12\\\/Screenshot-2024-12-10-113921.png\",\"width\":513,\"height\":420},{\"@type\":\"BreadcrumbList\",\"@id\":\"https:\\\/\\\/www.sdpcommerce.com\\\/producto\\\/ifm-e20654-fibras-opticas-reflexion-directa-ft-11-epa-m6-f1x1-16x-265-2m\\\/#breadcrumb\",\"itemListElement\":[{\"@type\":\"ListItem\",\"position\":1,\"name\":\"Portada\",\"item\":\"https:\\\/\\\/www.sdpcommerce.com\\\/\"},{\"@type\":\"ListItem\",\"position\":2,\"name\":\"STORE\",\"item\":\"https:\\\/\\\/www.sdpcommerce.com\\\/shop-replacement-parts\\\/\"},{\"@type\":\"ListItem\",\"position\":3,\"name\":\"Motores El\u00e9ctricos para Uso Industrial\",\"item\":\"https:\\\/\\\/www.sdpcommerce.com\\\/categoria-producto\\\/motores-electricos-uso-industrial\\\/\"},{\"@type\":\"ListItem\",\"position\":4,\"name\":\"Fibras \u00d3pticas IFM E20654 | FT-11-EPA-M6-F1X1-16X-265-2M | Reflexi\u00f3n Directa\"}]},{\"@type\":\"WebSite\",\"@id\":\"https:\\\/\\\/www.sdpcommerce.com\\\/#website\",\"url\":\"https:\\\/\\\/www.sdpcommerce.com\\\/\",\"name\":\"SDP COMMERCE\",\"description\":\" Contar con un proveedor que no solo te diga \u201cya no existe\u201d, sino que &lt;strong&gt;te proponga un reemplazo funcional&lt;\\\/strong&gt;, es una ventaja competitiva. Algunas acciones que realiza un proveedor proactivo\",\"publisher\":{\"@id\":\"https:\\\/\\\/www.sdpcommerce.com\\\/#organization\"},\"potentialAction\":[{\"@type\":\"SearchAction\",\"target\":{\"@type\":\"EntryPoint\",\"urlTemplate\":\"https:\\\/\\\/www.sdpcommerce.com\\\/?s={search_term_string}\"},\"query-input\":{\"@type\":\"PropertyValueSpecification\",\"valueRequired\":true,\"valueName\":\"search_term_string\"}}],\"inLanguage\":\"en-US\"},{\"@type\":\"Organization\",\"@id\":\"https:\\\/\\\/www.sdpcommerce.com\\\/#organization\",\"name\":\"SDP COMMERCE\",\"url\":\"https:\\\/\\\/www.sdpcommerce.com\\\/\",\"logo\":{\"@type\":\"ImageObject\",\"inLanguage\":\"en-US\",\"@id\":\"https:\\\/\\\/www.sdpcommerce.com\\\/#\\\/schema\\\/logo\\\/image\\\/\",\"url\":\"https:\\\/\\\/www.sdpcommerce.com\\\/wp-content\\\/uploads\\\/2025\\\/02\\\/Screenshot-2025-02-13-150556.png\",\"contentUrl\":\"https:\\\/\\\/www.sdpcommerce.com\\\/wp-content\\\/uploads\\\/2025\\\/02\\\/Screenshot-2025-02-13-150556.png\",\"width\":114,\"height\":108,\"caption\":\"SDP COMMERCE\"},\"image\":{\"@id\":\"https:\\\/\\\/www.sdpcommerce.com\\\/#\\\/schema\\\/logo\\\/image\\\/\"},\"sameAs\":[\"https:\\\/\\\/www.facebook.com\\\/profile.php?id=61565795007009#\"]}]}<\/script>\n<!-- \/ Yoast SEO plugin. -->","yoast_head_json":{"title":"IFM E20654 Fibras \u00d3pticas Reflexi\u00f3n Directa FT-11-EPA-M6-F1X1-16X-265-2M","description":"Fibras \u00f3pticas IFM E20654 tipo reflexi\u00f3n directa. Modelo FT-11-EPA-M6-F1X1-16X-265-2M. Sensor confiable para detecci\u00f3n de objetos en espacios reducidos.","robots":{"index":"index","follow":"follow","max-snippet":"max-snippet:-1","max-image-preview":"max-image-preview:large","max-video-preview":"max-video-preview:-1"},"canonical":"https:\/\/www.sdpcommerce.com\/en\/product\/ifm-e20654-fibras-opticas-reflexion-directa-ft-11-epa-m6-f1x1-16x-265-2m\/","og_locale":"en_US","og_type":"article","og_title":"IFM E20654 Fibras \u00d3pticas Reflexi\u00f3n Directa FT-11-EPA-M6-F1X1-16X-265-2M","og_description":"Fibras \u00f3pticas IFM E20654 tipo reflexi\u00f3n directa. Modelo FT-11-EPA-M6-F1X1-16X-265-2M. Sensor confiable para detecci\u00f3n de objetos en espacios reducidos.","og_url":"https:\/\/www.sdpcommerce.com\/en\/product\/ifm-e20654-fibras-opticas-reflexion-directa-ft-11-epa-m6-f1x1-16x-265-2m\/","og_site_name":"&lt;strong&gt;Un buen proveedor no solo vende, asesora y soluciona&lt;\/strong&gt;","article_publisher":"https:\/\/www.facebook.com\/profile.php?id=61565795007009#","article_modified_time":"2026-02-27T17:49:15+00:00","og_image":[{"width":513,"height":420,"url":"https:\/\/www.sdpcommerce.com\/wp-content\/uploads\/2024\/12\/Screenshot-2024-12-10-113921.png","type":"image\/png"}],"twitter_card":"summary_large_image","twitter_misc":{"Est. reading time":"1 minute"},"schema":{"@context":"https:\/\/schema.org","@graph":[{"@type":"WebPage","@id":"https:\/\/www.sdpcommerce.com\/producto\/ifm-e20654-fibras-opticas-reflexion-directa-ft-11-epa-m6-f1x1-16x-265-2m\/","url":"https:\/\/www.sdpcommerce.com\/producto\/ifm-e20654-fibras-opticas-reflexion-directa-ft-11-epa-m6-f1x1-16x-265-2m\/","name":"IFM E20654 Fibras \u00d3pticas Reflexi\u00f3n Directa FT-11-EPA-M6-F1X1-16X-265-2M","isPartOf":{"@id":"https:\/\/www.sdpcommerce.com\/#website"},"primaryImageOfPage":{"@id":"https:\/\/www.sdpcommerce.com\/producto\/ifm-e20654-fibras-opticas-reflexion-directa-ft-11-epa-m6-f1x1-16x-265-2m\/#primaryimage"},"image":{"@id":"https:\/\/www.sdpcommerce.com\/producto\/ifm-e20654-fibras-opticas-reflexion-directa-ft-11-epa-m6-f1x1-16x-265-2m\/#primaryimage"},"thumbnailUrl":"https:\/\/www.sdpcommerce.com\/wp-content\/uploads\/2024\/12\/Screenshot-2024-12-10-113921.png","datePublished":"2024-12-10T17:40:31+00:00","dateModified":"2026-02-27T17:49:15+00:00","description":"Fibras \u00f3pticas IFM E20654 tipo reflexi\u00f3n directa. Modelo FT-11-EPA-M6-F1X1-16X-265-2M. Sensor confiable para detecci\u00f3n de objetos en espacios reducidos.","breadcrumb":{"@id":"https:\/\/www.sdpcommerce.com\/producto\/ifm-e20654-fibras-opticas-reflexion-directa-ft-11-epa-m6-f1x1-16x-265-2m\/#breadcrumb"},"inLanguage":"en-US","potentialAction":[{"@type":"ReadAction","target":["https:\/\/www.sdpcommerce.com\/producto\/ifm-e20654-fibras-opticas-reflexion-directa-ft-11-epa-m6-f1x1-16x-265-2m\/"]}]},{"@type":"ImageObject","inLanguage":"en-US","@id":"https:\/\/www.sdpcommerce.com\/producto\/ifm-e20654-fibras-opticas-reflexion-directa-ft-11-epa-m6-f1x1-16x-265-2m\/#primaryimage","url":"https:\/\/www.sdpcommerce.com\/wp-content\/uploads\/2024\/12\/Screenshot-2024-12-10-113921.png","contentUrl":"https:\/\/www.sdpcommerce.com\/wp-content\/uploads\/2024\/12\/Screenshot-2024-12-10-113921.png","width":513,"height":420},{"@type":"BreadcrumbList","@id":"https:\/\/www.sdpcommerce.com\/producto\/ifm-e20654-fibras-opticas-reflexion-directa-ft-11-epa-m6-f1x1-16x-265-2m\/#breadcrumb","itemListElement":[{"@type":"ListItem","position":1,"name":"Portada","item":"https:\/\/www.sdpcommerce.com\/"},{"@type":"ListItem","position":2,"name":"STORE","item":"https:\/\/www.sdpcommerce.com\/shop-replacement-parts\/"},{"@type":"ListItem","position":3,"name":"Motores El\u00e9ctricos para Uso Industrial","item":"https:\/\/www.sdpcommerce.com\/categoria-producto\/motores-electricos-uso-industrial\/"},{"@type":"ListItem","position":4,"name":"Fibras \u00d3pticas IFM E20654 | FT-11-EPA-M6-F1X1-16X-265-2M | Reflexi\u00f3n Directa"}]},{"@type":"WebSite","@id":"https:\/\/www.sdpcommerce.com\/#website","url":"https:\/\/www.sdpcommerce.com\/","name":"SDP COMMERCE","description":"Contar con un proveedor que no solo te diga &ldquo;ya no existe&rdquo;, sino que &lt;strong&gt;te proponga un reemplazo funcional&lt;\/strong&gt;, es una ventaja competitiva. Algunas acciones que realiza un proveedor proactivo","publisher":{"@id":"https:\/\/www.sdpcommerce.com\/#organization"},"potentialAction":[{"@type":"SearchAction","target":{"@type":"EntryPoint","urlTemplate":"https:\/\/www.sdpcommerce.com\/?s={search_term_string}"},"query-input":{"@type":"PropertyValueSpecification","valueRequired":true,"valueName":"search_term_string"}}],"inLanguage":"en-US"},{"@type":"Organization","@id":"https:\/\/www.sdpcommerce.com\/#organization","name":"SDP COMMERCE","url":"https:\/\/www.sdpcommerce.com\/","logo":{"@type":"ImageObject","inLanguage":"en-US","@id":"https:\/\/www.sdpcommerce.com\/#\/schema\/logo\/image\/","url":"https:\/\/www.sdpcommerce.com\/wp-content\/uploads\/2025\/02\/Screenshot-2025-02-13-150556.png","contentUrl":"https:\/\/www.sdpcommerce.com\/wp-content\/uploads\/2025\/02\/Screenshot-2025-02-13-150556.png","width":114,"height":108,"caption":"SDP COMMERCE"},"image":{"@id":"https:\/\/www.sdpcommerce.com\/#\/schema\/logo\/image\/"},"sameAs":["https:\/\/www.facebook.com\/profile.php?id=61565795007009#"]}]}},"uagb_featured_image_src":{"full":["https:\/\/www.sdpcommerce.com\/wp-content\/uploads\/2024\/12\/Screenshot-2024-12-10-113921.png",513,420,false],"thumbnail":["https:\/\/www.sdpcommerce.com\/wp-content\/uploads\/2024\/12\/Screenshot-2024-12-10-113921-150x150.png",150,150,true],"medium":["https:\/\/www.sdpcommerce.com\/wp-content\/uploads\/2024\/12\/Screenshot-2024-12-10-113921-300x246.png",300,246,true],"medium_large":["https:\/\/www.sdpcommerce.com\/wp-content\/uploads\/2024\/12\/Screenshot-2024-12-10-113921.png",513,420,false],"large":["https:\/\/www.sdpcommerce.com\/wp-content\/uploads\/2024\/12\/Screenshot-2024-12-10-113921.png",513,420,false],"1536x1536":["https:\/\/www.sdpcommerce.com\/wp-content\/uploads\/2024\/12\/Screenshot-2024-12-10-113921.png",513,420,false],"2048x2048":["https:\/\/www.sdpcommerce.com\/wp-content\/uploads\/2024\/12\/Screenshot-2024-12-10-113921.png",513,420,false],"trp-custom-language-flag":["https:\/\/www.sdpcommerce.com\/wp-content\/uploads\/2024\/12\/Screenshot-2024-12-10-113921.png",15,12,false],"woocommerce_thumbnail":["https:\/\/www.sdpcommerce.com\/wp-content\/uploads\/2024\/12\/Screenshot-2024-12-10-113921-300x300.png",300,300,true],"woocommerce_single":["https:\/\/www.sdpcommerce.com\/wp-content\/uploads\/2024\/12\/Screenshot-2024-12-10-113921.png",513,420,false],"woocommerce_gallery_thumbnail":["https:\/\/www.sdpcommerce.com\/wp-content\/uploads\/2024\/12\/Screenshot-2024-12-10-113921-100x100.png",100,100,true]},"uagb_author_info":{"display_name":"admin","author_link":"https:\/\/www.sdpcommerce.com\/en\/author\/"},"uagb_comment_info":2,"uagb_excerpt":"Sensor de fibra \u00f3ptica IFM E20654 de reflexi\u00f3n directa con dise\u00f1o compacto M6. Modelo FT-11-EPA-M6-F1X1-16X-265-2M. Ideal para detecci\u00f3n precisa en automatizaci\u00f3n.","_links":{"self":[{"href":"https:\/\/www.sdpcommerce.com\/en\/wp-json\/wp\/v2\/product\/1655","targetHints":{"allow":["GET"]}}],"collection":[{"href":"https:\/\/www.sdpcommerce.com\/en\/wp-json\/wp\/v2\/product"}],"about":[{"href":"https:\/\/www.sdpcommerce.com\/en\/wp-json\/wp\/v2\/types\/product"}],"replies":[{"embeddable":true,"href":"https:\/\/www.sdpcommerce.com\/en\/wp-json\/wp\/v2\/comments?post=1655"}],"wp:featuredmedia":[{"embeddable":true,"href":"https:\/\/www.sdpcommerce.com\/en\/wp-json\/wp\/v2\/media\/1656"}],"wp:attachment":[{"href":"https:\/\/www.sdpcommerce.com\/en\/wp-json\/wp\/v2\/media?parent=1655"}],"wp:term":[{"taxonomy":"product_brand","embeddable":true,"href":"https:\/\/www.sdpcommerce.com\/en\/wp-json\/wp\/v2\/product_brand?post=1655"},{"taxonomy":"product_cat","embeddable":true,"href":"https:\/\/www.sdpcommerce.com\/en\/wp-json\/wp\/v2\/product_cat?post=1655"},{"taxonomy":"product_tag","embeddable":true,"href":"https:\/\/www.sdpcommerce.com\/en\/wp-json\/wp\/v2\/product_tag?post=1655"}],"curies":[{"name":"wp","href":"https:\/\/api.w.org\/{rel}","templated":true}]}}