{"id":1521,"date":"2024-03-23T21:49:16","date_gmt":"2024-03-23T20:49:16","guid":{"rendered":"https:\/\/www.sdpcommerce.com\/?post_type=product&#038;p=1521"},"modified":"2026-03-03T00:16:20","modified_gmt":"2026-03-02T23:16:20","slug":"slip-ring-sr6aw-a-michigan-scientific","status":"publish","type":"product","link":"https:\/\/www.sdpcommerce.com\/en\/product\/slip-ring-sr6aw-a-michigan-scientific\/","title":{"rendered":"Slip Ring Assembly SR6AW\/A \u2013 Michigan Scientific | Instrumentaci\u00f3n de alta fiabilidad"},"content":{"rendered":"<p data-start=\"350\" data-end=\"426\"><span class=\"relative -mx-px my-[-0.2rem] rounded px-px py-[0.2rem] transition-colors duration-100 ease-in-out\">El <strong data-start=\"3\" data-end=\"33\">Slip Ring Assembly SR6AW\/A<\/strong>, de Michigan Scientific, es un anillo colector <strong data-start=\"81\" data-end=\"97\">weatherproof<\/strong> con 6 circuitos dise\u00f1ado para aplicaciones industriales exigentes. Con un di\u00e1metro del rotor de 63.5\u202fmm y velocidad m\u00e1xima de rotaci\u00f3n de hasta 2\u202f000\u202frpm, incluye conectores y carcasa resistente a la intemperie, ideal para transmisi\u00f3n confiable de se\u00f1ales con bajo ruido, incluso en ambientes adversos<\/span> .<\/p>\n<p data-start=\"428\" data-end=\"504\"><span class=\"relative -mx-px my-[-0.2rem] rounded px-px py-[0.2rem] transition-colors duration-100 ease-in-out\">Fabricado con metales preciosos en anillos y escobillas para m\u00e1xima precisi\u00f3n y m\u00ednima variaci\u00f3n de resistencia, es adecuado para se\u00f1ales de instrumentaci\u00f3n de baja amplitud. Cuenta con carcasa de acero inoxidable, sellos para protecci\u00f3n contra polvo y humedad, y terminales con conexi\u00f3n por conector para una instalaci\u00f3n robusta<\/span><\/p>\n","protected":false},"excerpt":{"rendered":"<p>Slip Ring SR6AW\/A de Michigan Scientific: 6 circuitos, sellado contra la intemperie, rotor de 63.5\u202fmm, hasta 2\u202f000\u202frpm. Ideal para transmisi\u00f3n de se\u00f1ales instrumentales con alta fiabilidad.<\/p>","protected":false},"featured_media":2582,"comment_status":"open","ping_status":"closed","template":"","meta":{"om_disable_all_campaigns":false,"_uag_custom_page_level_css":"","_monsterinsights_skip_tracking":false,"_monsterinsights_sitenote_active":false,"_monsterinsights_sitenote_note":"","_monsterinsights_sitenote_category":0,"site-sidebar-layout":"default","site-content-layout":"","ast-site-content-layout":"default","site-content-style":"default","site-sidebar-style":"default","ast-global-header-display":"","ast-banner-title-visibility":"","ast-main-header-display":"","ast-hfb-above-header-display":"","ast-hfb-below-header-display":"","ast-hfb-mobile-header-display":"","site-post-title":"","ast-breadcrumbs-content":"","ast-featured-img":"","footer-sml-layout":"","theme-transparent-header-meta":"default","adv-header-id-meta":"","stick-header-meta":"","header-above-stick-meta":"","header-main-stick-meta":"","header-below-stick-meta":"","astra-migrate-meta-layouts":"set","ast-page-background-enabled":"default","ast-page-background-meta":{"desktop":{"background-color":"var(--ast-global-color-4)","background-image":"","background-repeat":"repeat","background-position":"center center","background-size":"auto","background-attachment":"scroll","background-type":"","background-media":"","overlay-type":"","overlay-color":"","overlay-gradient":""},"tablet":{"background-color":"","background-image":"","background-repeat":"repeat","background-position":"center center","background-size":"auto","background-attachment":"scroll","background-type":"","background-media":"","overlay-type":"","overlay-color":"","overlay-gradient":""},"mobile":{"background-color":"","background-image":"","background-repeat":"repeat","background-position":"center center","background-size":"auto","background-attachment":"scroll","background-type":"","background-media":"","overlay-type":"","overlay-color":"","overlay-gradient":""}},"ast-content-background-meta":{"desktop":{"background-color":"var(--ast-global-color-5)","background-image":"","background-repeat":"repeat","background-position":"center center","background-size":"auto","background-attachment":"scroll","background-type":"","background-media":"","overlay-type":"","overlay-color":"","overlay-gradient":""},"tablet":{"background-color":"var(--ast-global-color-5)","background-image":"","background-repeat":"repeat","background-position":"center center","background-size":"auto","background-attachment":"scroll","background-type":"","background-media":"","overlay-type":"","overlay-color":"","overlay-gradient":""},"mobile":{"background-color":"var(--ast-global-color-5)","background-image":"","background-repeat":"repeat","background-position":"center center","background-size":"auto","background-attachment":"scroll","background-type":"","background-media":"","overlay-type":"","overlay-color":"","overlay-gradient":""}}},"product_brand":[],"product_cat":[30],"product_tag":[423,426,424,425,422],"class_list":{"0":"post-1521","1":"product","2":"type-product","3":"status-publish","4":"has-post-thumbnail","6":"product_cat-refacciones-industriales","7":"product_tag-6-circuitos","8":"product_tag-anillo-colector-industriales","9":"product_tag-instrumentacion-rotativa","10":"product_tag-senales-baja-amplitud","11":"product_tag-slip-ring-sr6aw-a","12":"desktop-align-left","13":"tablet-align-left","14":"mobile-align-left","16":"first","17":"instock","18":"shipping-taxable","19":"purchasable","20":"product-type-simple"},"yoast_head":"<!-- This site is optimized with the Yoast SEO plugin v27.4 - https:\/\/yoast.com\/product\/yoast-seo-wordpress\/ -->\n<title>Slip Ring Assembly SR6AW\/A \u2013 Michigan Scientific | Instrumentaci\u00f3n de alta fiabilidad<\/title>\n<meta name=\"description\" content=\"Slip Ring Assembly SR6AW\/A de Michigan Scientific: 6 circuitos sellados, velocidad hasta 2\u202f000\u202frpm, baja variaci\u00f3n de resistencia. Excelente para instrumentaci\u00f3n y aplicaciones rotativas exigentes.\" \/>\n<meta name=\"robots\" content=\"index, follow, max-snippet:-1, max-image-preview:large, max-video-preview:-1\" \/>\n<link rel=\"canonical\" href=\"https:\/\/www.sdpcommerce.com\/en\/product\/slip-ring-sr6aw-a-michigan-scientific\/\" \/>\n<meta property=\"og:locale\" content=\"en_US\" \/>\n<meta property=\"og:type\" content=\"article\" \/>\n<meta property=\"og:title\" content=\"Slip Ring Assembly SR6AW\/A \u2013 Michigan Scientific | Instrumentaci\u00f3n de alta fiabilidad\" \/>\n<meta property=\"og:description\" content=\"Slip Ring Assembly SR6AW\/A de Michigan Scientific: 6 circuitos sellados, velocidad hasta 2\u202f000\u202frpm, baja variaci\u00f3n de resistencia. Excelente para instrumentaci\u00f3n y aplicaciones rotativas exigentes.\" \/>\n<meta property=\"og:url\" content=\"https:\/\/www.sdpcommerce.com\/en\/product\/slip-ring-sr6aw-a-michigan-scientific\/\" \/>\n<meta property=\"og:site_name\" content=\"&lt;strong&gt;Un buen proveedor no solo vende, asesora y soluciona&lt;\/strong&gt;\" \/>\n<meta property=\"article:publisher\" content=\"https:\/\/www.facebook.com\/profile.php?id=61565795007009#\" \/>\n<meta property=\"article:modified_time\" content=\"2026-03-02T23:16:20+00:00\" \/>\n<meta property=\"og:image\" content=\"https:\/\/www.sdpcommerce.com\/wp-content\/uploads\/2024\/03\/MICHIGAN-SCIENTIFIC-SR6AWA.png\" \/>\n\t<meta property=\"og:image:width\" content=\"776\" \/>\n\t<meta property=\"og:image:height\" content=\"739\" \/>\n\t<meta property=\"og:image:type\" content=\"image\/png\" \/>\n<meta name=\"twitter:card\" content=\"summary_large_image\" \/>\n<meta name=\"twitter:label1\" content=\"Est. reading time\" \/>\n\t<meta name=\"twitter:data1\" content=\"1 minute\" \/>\n<script type=\"application\/ld+json\" class=\"yoast-schema-graph\">{\"@context\":\"https:\\\/\\\/schema.org\",\"@graph\":[{\"@type\":\"WebPage\",\"@id\":\"https:\\\/\\\/www.sdpcommerce.com\\\/producto\\\/slip-ring-sr6aw-a-michigan-scientific\\\/\",\"url\":\"https:\\\/\\\/www.sdpcommerce.com\\\/producto\\\/slip-ring-sr6aw-a-michigan-scientific\\\/\",\"name\":\"Slip Ring Assembly SR6AW\\\/A \u2013 Michigan Scientific | Instrumentaci\u00f3n de alta fiabilidad\",\"isPartOf\":{\"@id\":\"https:\\\/\\\/www.sdpcommerce.com\\\/#website\"},\"primaryImageOfPage\":{\"@id\":\"https:\\\/\\\/www.sdpcommerce.com\\\/producto\\\/slip-ring-sr6aw-a-michigan-scientific\\\/#primaryimage\"},\"image\":{\"@id\":\"https:\\\/\\\/www.sdpcommerce.com\\\/producto\\\/slip-ring-sr6aw-a-michigan-scientific\\\/#primaryimage\"},\"thumbnailUrl\":\"https:\\\/\\\/www.sdpcommerce.com\\\/wp-content\\\/uploads\\\/2024\\\/03\\\/MICHIGAN-SCIENTIFIC-SR6AWA.png\",\"datePublished\":\"2024-03-23T20:49:16+00:00\",\"dateModified\":\"2026-03-02T23:16:20+00:00\",\"description\":\"Slip Ring Assembly SR6AW\\\/A de Michigan Scientific: 6 circuitos sellados, velocidad hasta 2\u202f000\u202frpm, baja variaci\u00f3n de resistencia. Excelente para instrumentaci\u00f3n y aplicaciones rotativas exigentes.\",\"breadcrumb\":{\"@id\":\"https:\\\/\\\/www.sdpcommerce.com\\\/producto\\\/slip-ring-sr6aw-a-michigan-scientific\\\/#breadcrumb\"},\"inLanguage\":\"en-US\",\"potentialAction\":[{\"@type\":\"ReadAction\",\"target\":[\"https:\\\/\\\/www.sdpcommerce.com\\\/producto\\\/slip-ring-sr6aw-a-michigan-scientific\\\/\"]}]},{\"@type\":\"ImageObject\",\"inLanguage\":\"en-US\",\"@id\":\"https:\\\/\\\/www.sdpcommerce.com\\\/producto\\\/slip-ring-sr6aw-a-michigan-scientific\\\/#primaryimage\",\"url\":\"https:\\\/\\\/www.sdpcommerce.com\\\/wp-content\\\/uploads\\\/2024\\\/03\\\/MICHIGAN-SCIENTIFIC-SR6AWA.png\",\"contentUrl\":\"https:\\\/\\\/www.sdpcommerce.com\\\/wp-content\\\/uploads\\\/2024\\\/03\\\/MICHIGAN-SCIENTIFIC-SR6AWA.png\",\"width\":776,\"height\":739},{\"@type\":\"BreadcrumbList\",\"@id\":\"https:\\\/\\\/www.sdpcommerce.com\\\/producto\\\/slip-ring-sr6aw-a-michigan-scientific\\\/#breadcrumb\",\"itemListElement\":[{\"@type\":\"ListItem\",\"position\":1,\"name\":\"Portada\",\"item\":\"https:\\\/\\\/www.sdpcommerce.com\\\/\"},{\"@type\":\"ListItem\",\"position\":2,\"name\":\"STORE\",\"item\":\"https:\\\/\\\/www.sdpcommerce.com\\\/shop-replacement-parts\\\/\"},{\"@type\":\"ListItem\",\"position\":3,\"name\":\"Refacciones Industriales | Repuestos para Maquinaria y Equipos\",\"item\":\"https:\\\/\\\/www.sdpcommerce.com\\\/categoria-producto\\\/refacciones-industriales\\\/\"},{\"@type\":\"ListItem\",\"position\":4,\"name\":\"Slip Ring Assembly SR6AW\\\/A \u2013 Michigan Scientific | Instrumentaci\u00f3n de alta fiabilidad\"}]},{\"@type\":\"WebSite\",\"@id\":\"https:\\\/\\\/www.sdpcommerce.com\\\/#website\",\"url\":\"https:\\\/\\\/www.sdpcommerce.com\\\/\",\"name\":\"SDP COMMERCE\",\"description\":\" Contar con un proveedor que no solo te diga \u201cya no existe\u201d, sino que &lt;strong&gt;te proponga un reemplazo funcional&lt;\\\/strong&gt;, es una ventaja competitiva. Algunas acciones que realiza un proveedor proactivo\",\"publisher\":{\"@id\":\"https:\\\/\\\/www.sdpcommerce.com\\\/#organization\"},\"potentialAction\":[{\"@type\":\"SearchAction\",\"target\":{\"@type\":\"EntryPoint\",\"urlTemplate\":\"https:\\\/\\\/www.sdpcommerce.com\\\/?s={search_term_string}\"},\"query-input\":{\"@type\":\"PropertyValueSpecification\",\"valueRequired\":true,\"valueName\":\"search_term_string\"}}],\"inLanguage\":\"en-US\"},{\"@type\":\"Organization\",\"@id\":\"https:\\\/\\\/www.sdpcommerce.com\\\/#organization\",\"name\":\"SDP COMMERCE\",\"url\":\"https:\\\/\\\/www.sdpcommerce.com\\\/\",\"logo\":{\"@type\":\"ImageObject\",\"inLanguage\":\"en-US\",\"@id\":\"https:\\\/\\\/www.sdpcommerce.com\\\/#\\\/schema\\\/logo\\\/image\\\/\",\"url\":\"https:\\\/\\\/www.sdpcommerce.com\\\/wp-content\\\/uploads\\\/2025\\\/02\\\/Screenshot-2025-02-13-150556.png\",\"contentUrl\":\"https:\\\/\\\/www.sdpcommerce.com\\\/wp-content\\\/uploads\\\/2025\\\/02\\\/Screenshot-2025-02-13-150556.png\",\"width\":114,\"height\":108,\"caption\":\"SDP COMMERCE\"},\"image\":{\"@id\":\"https:\\\/\\\/www.sdpcommerce.com\\\/#\\\/schema\\\/logo\\\/image\\\/\"},\"sameAs\":[\"https:\\\/\\\/www.facebook.com\\\/profile.php?id=61565795007009#\"]}]}<\/script>\n<!-- \/ Yoast SEO plugin. -->","yoast_head_json":{"title":"Slip Ring Assembly SR6AW\/A \u2013 Michigan Scientific | Instrumentaci\u00f3n de alta fiabilidad","description":"Slip Ring Assembly SR6AW\/A de Michigan Scientific: 6 circuitos sellados, velocidad hasta 2\u202f000\u202frpm, baja variaci\u00f3n de resistencia. Excelente para instrumentaci\u00f3n y aplicaciones rotativas exigentes.","robots":{"index":"index","follow":"follow","max-snippet":"max-snippet:-1","max-image-preview":"max-image-preview:large","max-video-preview":"max-video-preview:-1"},"canonical":"https:\/\/www.sdpcommerce.com\/en\/product\/slip-ring-sr6aw-a-michigan-scientific\/","og_locale":"en_US","og_type":"article","og_title":"Slip Ring Assembly SR6AW\/A \u2013 Michigan Scientific | Instrumentaci\u00f3n de alta fiabilidad","og_description":"Slip Ring Assembly SR6AW\/A de Michigan Scientific: 6 circuitos sellados, velocidad hasta 2\u202f000\u202frpm, baja variaci\u00f3n de resistencia. Excelente para instrumentaci\u00f3n y aplicaciones rotativas exigentes.","og_url":"https:\/\/www.sdpcommerce.com\/en\/product\/slip-ring-sr6aw-a-michigan-scientific\/","og_site_name":"&lt;strong&gt;Un buen proveedor no solo vende, asesora y soluciona&lt;\/strong&gt;","article_publisher":"https:\/\/www.facebook.com\/profile.php?id=61565795007009#","article_modified_time":"2026-03-02T23:16:20+00:00","og_image":[{"width":776,"height":739,"url":"https:\/\/www.sdpcommerce.com\/wp-content\/uploads\/2024\/03\/MICHIGAN-SCIENTIFIC-SR6AWA.png","type":"image\/png"}],"twitter_card":"summary_large_image","twitter_misc":{"Est. reading time":"1 minute"},"schema":{"@context":"https:\/\/schema.org","@graph":[{"@type":"WebPage","@id":"https:\/\/www.sdpcommerce.com\/producto\/slip-ring-sr6aw-a-michigan-scientific\/","url":"https:\/\/www.sdpcommerce.com\/producto\/slip-ring-sr6aw-a-michigan-scientific\/","name":"Slip Ring Assembly SR6AW\/A \u2013 Michigan Scientific | Instrumentaci\u00f3n de alta fiabilidad","isPartOf":{"@id":"https:\/\/www.sdpcommerce.com\/#website"},"primaryImageOfPage":{"@id":"https:\/\/www.sdpcommerce.com\/producto\/slip-ring-sr6aw-a-michigan-scientific\/#primaryimage"},"image":{"@id":"https:\/\/www.sdpcommerce.com\/producto\/slip-ring-sr6aw-a-michigan-scientific\/#primaryimage"},"thumbnailUrl":"https:\/\/www.sdpcommerce.com\/wp-content\/uploads\/2024\/03\/MICHIGAN-SCIENTIFIC-SR6AWA.png","datePublished":"2024-03-23T20:49:16+00:00","dateModified":"2026-03-02T23:16:20+00:00","description":"Slip Ring Assembly SR6AW\/A de Michigan Scientific: 6 circuitos sellados, velocidad hasta 2\u202f000\u202frpm, baja variaci\u00f3n de resistencia. Excelente para instrumentaci\u00f3n y aplicaciones rotativas exigentes.","breadcrumb":{"@id":"https:\/\/www.sdpcommerce.com\/producto\/slip-ring-sr6aw-a-michigan-scientific\/#breadcrumb"},"inLanguage":"en-US","potentialAction":[{"@type":"ReadAction","target":["https:\/\/www.sdpcommerce.com\/producto\/slip-ring-sr6aw-a-michigan-scientific\/"]}]},{"@type":"ImageObject","inLanguage":"en-US","@id":"https:\/\/www.sdpcommerce.com\/producto\/slip-ring-sr6aw-a-michigan-scientific\/#primaryimage","url":"https:\/\/www.sdpcommerce.com\/wp-content\/uploads\/2024\/03\/MICHIGAN-SCIENTIFIC-SR6AWA.png","contentUrl":"https:\/\/www.sdpcommerce.com\/wp-content\/uploads\/2024\/03\/MICHIGAN-SCIENTIFIC-SR6AWA.png","width":776,"height":739},{"@type":"BreadcrumbList","@id":"https:\/\/www.sdpcommerce.com\/producto\/slip-ring-sr6aw-a-michigan-scientific\/#breadcrumb","itemListElement":[{"@type":"ListItem","position":1,"name":"Portada","item":"https:\/\/www.sdpcommerce.com\/"},{"@type":"ListItem","position":2,"name":"STORE","item":"https:\/\/www.sdpcommerce.com\/shop-replacement-parts\/"},{"@type":"ListItem","position":3,"name":"Refacciones Industriales | Repuestos para Maquinaria y Equipos","item":"https:\/\/www.sdpcommerce.com\/categoria-producto\/refacciones-industriales\/"},{"@type":"ListItem","position":4,"name":"Slip Ring Assembly SR6AW\/A \u2013 Michigan Scientific | Instrumentaci\u00f3n de alta fiabilidad"}]},{"@type":"WebSite","@id":"https:\/\/www.sdpcommerce.com\/#website","url":"https:\/\/www.sdpcommerce.com\/","name":"SDP COMMERCE","description":"Contar con un proveedor que no solo te diga &ldquo;ya no existe&rdquo;, sino que &lt;strong&gt;te proponga un reemplazo funcional&lt;\/strong&gt;, es una ventaja competitiva. Algunas acciones que realiza un proveedor proactivo","publisher":{"@id":"https:\/\/www.sdpcommerce.com\/#organization"},"potentialAction":[{"@type":"SearchAction","target":{"@type":"EntryPoint","urlTemplate":"https:\/\/www.sdpcommerce.com\/?s={search_term_string}"},"query-input":{"@type":"PropertyValueSpecification","valueRequired":true,"valueName":"search_term_string"}}],"inLanguage":"en-US"},{"@type":"Organization","@id":"https:\/\/www.sdpcommerce.com\/#organization","name":"SDP COMMERCE","url":"https:\/\/www.sdpcommerce.com\/","logo":{"@type":"ImageObject","inLanguage":"en-US","@id":"https:\/\/www.sdpcommerce.com\/#\/schema\/logo\/image\/","url":"https:\/\/www.sdpcommerce.com\/wp-content\/uploads\/2025\/02\/Screenshot-2025-02-13-150556.png","contentUrl":"https:\/\/www.sdpcommerce.com\/wp-content\/uploads\/2025\/02\/Screenshot-2025-02-13-150556.png","width":114,"height":108,"caption":"SDP COMMERCE"},"image":{"@id":"https:\/\/www.sdpcommerce.com\/#\/schema\/logo\/image\/"},"sameAs":["https:\/\/www.facebook.com\/profile.php?id=61565795007009#"]}]}},"uagb_featured_image_src":{"full":["https:\/\/www.sdpcommerce.com\/wp-content\/uploads\/2024\/03\/MICHIGAN-SCIENTIFIC-SR6AWA.png",776,739,false],"thumbnail":["https:\/\/www.sdpcommerce.com\/wp-content\/uploads\/2024\/03\/MICHIGAN-SCIENTIFIC-SR6AWA-150x150.png",150,150,true],"medium":["https:\/\/www.sdpcommerce.com\/wp-content\/uploads\/2024\/03\/MICHIGAN-SCIENTIFIC-SR6AWA-300x286.png",300,286,true],"medium_large":["https:\/\/www.sdpcommerce.com\/wp-content\/uploads\/2024\/03\/MICHIGAN-SCIENTIFIC-SR6AWA-768x731.png",768,731,true],"large":["https:\/\/www.sdpcommerce.com\/wp-content\/uploads\/2024\/03\/MICHIGAN-SCIENTIFIC-SR6AWA.png",776,739,false],"1536x1536":["https:\/\/www.sdpcommerce.com\/wp-content\/uploads\/2024\/03\/MICHIGAN-SCIENTIFIC-SR6AWA.png",776,739,false],"2048x2048":["https:\/\/www.sdpcommerce.com\/wp-content\/uploads\/2024\/03\/MICHIGAN-SCIENTIFIC-SR6AWA.png",776,739,false],"trp-custom-language-flag":["https:\/\/www.sdpcommerce.com\/wp-content\/uploads\/2024\/03\/MICHIGAN-SCIENTIFIC-SR6AWA-13x12.png",13,12,true],"woocommerce_thumbnail":["https:\/\/www.sdpcommerce.com\/wp-content\/uploads\/2024\/03\/MICHIGAN-SCIENTIFIC-SR6AWA-300x300.png",300,300,true],"woocommerce_single":["https:\/\/www.sdpcommerce.com\/wp-content\/uploads\/2024\/03\/MICHIGAN-SCIENTIFIC-SR6AWA-600x571.png",600,571,true],"woocommerce_gallery_thumbnail":["https:\/\/www.sdpcommerce.com\/wp-content\/uploads\/2024\/03\/MICHIGAN-SCIENTIFIC-SR6AWA-100x100.png",100,100,true]},"uagb_author_info":{"display_name":"admin","author_link":"https:\/\/www.sdpcommerce.com\/en\/author\/"},"uagb_comment_info":1,"uagb_excerpt":"Slip Ring SR6AW\/A de Michigan Scientific: 6 circuitos, sellado contra la intemperie, rotor de 63.5\u202fmm, hasta 2\u202f000\u202frpm. Ideal para transmisi\u00f3n de se\u00f1ales instrumentales con alta fiabilidad.","_links":{"self":[{"href":"https:\/\/www.sdpcommerce.com\/en\/wp-json\/wp\/v2\/product\/1521","targetHints":{"allow":["GET"]}}],"collection":[{"href":"https:\/\/www.sdpcommerce.com\/en\/wp-json\/wp\/v2\/product"}],"about":[{"href":"https:\/\/www.sdpcommerce.com\/en\/wp-json\/wp\/v2\/types\/product"}],"replies":[{"embeddable":true,"href":"https:\/\/www.sdpcommerce.com\/en\/wp-json\/wp\/v2\/comments?post=1521"}],"wp:featuredmedia":[{"embeddable":true,"href":"https:\/\/www.sdpcommerce.com\/en\/wp-json\/wp\/v2\/media\/2582"}],"wp:attachment":[{"href":"https:\/\/www.sdpcommerce.com\/en\/wp-json\/wp\/v2\/media?parent=1521"}],"wp:term":[{"taxonomy":"product_brand","embeddable":true,"href":"https:\/\/www.sdpcommerce.com\/en\/wp-json\/wp\/v2\/product_brand?post=1521"},{"taxonomy":"product_cat","embeddable":true,"href":"https:\/\/www.sdpcommerce.com\/en\/wp-json\/wp\/v2\/product_cat?post=1521"},{"taxonomy":"product_tag","embeddable":true,"href":"https:\/\/www.sdpcommerce.com\/en\/wp-json\/wp\/v2\/product_tag?post=1521"}],"curies":[{"name":"wp","href":"https:\/\/api.w.org\/{rel}","templated":true}]}}