{"id":1494,"date":"2024-03-23T21:15:27","date_gmt":"2024-03-23T20:15:27","guid":{"rendered":"https:\/\/www.sdpcommerce.com\/?post_type=product&#038;p=1494"},"modified":"2025-07-24T03:44:28","modified_gmt":"2025-07-24T01:44:28","slug":"bosch-core-18v-4ah-cargador-gxs18v-15n15","status":"publish","type":"product","link":"https:\/\/www.sdpcommerce.com\/en\/product\/bosch-core-18v-4ah-cargador-gxs18v-15n15\/","title":{"rendered":"Bosch Core 18V 4Ah con Cargador GXS18V-15N15"},"content":{"rendered":"<p>Bater\u00eda Bosch Core de 18V y 4Ah, dise\u00f1ada para uso profesional e industrial. Incluye cargador modelo GXS18V-15N15 que permite recargas r\u00e1pidas y eficientes, asegurando que tus herramientas inal\u00e1mbricas Bosch est\u00e9n siempre listas para trabajar. Compatible con toda la l\u00ednea Bosch 18V, este conjunto es ideal para construcci\u00f3n, mantenimiento y proyectos industriales. Producto original con garant\u00eda y alta durabilidad.<\/p>","protected":false},"excerpt":{"rendered":"<p>Bater\u00eda Bosch Core 18V 4Ah con cargador r\u00e1pido GXS18V-15N15, compatible con herramientas inal\u00e1mbricas Bosch.<\/p>","protected":false},"featured_media":1495,"comment_status":"open","ping_status":"closed","template":"","meta":{"om_disable_all_campaigns":false,"_uag_custom_page_level_css":"","_monsterinsights_skip_tracking":false,"_monsterinsights_sitenote_active":false,"_monsterinsights_sitenote_note":"","_monsterinsights_sitenote_category":0,"site-sidebar-layout":"default","site-content-layout":"","ast-site-content-layout":"default","site-content-style":"default","site-sidebar-style":"default","ast-global-header-display":"","ast-banner-title-visibility":"","ast-main-header-display":"","ast-hfb-above-header-display":"","ast-hfb-below-header-display":"","ast-hfb-mobile-header-display":"","site-post-title":"","ast-breadcrumbs-content":"","ast-featured-img":"","footer-sml-layout":"","theme-transparent-header-meta":"default","adv-header-id-meta":"","stick-header-meta":"","header-above-stick-meta":"","header-main-stick-meta":"","header-below-stick-meta":"","astra-migrate-meta-layouts":"set","ast-page-background-enabled":"default","ast-page-background-meta":{"desktop":{"background-color":"var(--ast-global-color-4)","background-image":"","background-repeat":"repeat","background-position":"center center","background-size":"auto","background-attachment":"scroll","background-type":"","background-media":"","overlay-type":"","overlay-color":"","overlay-gradient":""},"tablet":{"background-color":"","background-image":"","background-repeat":"repeat","background-position":"center center","background-size":"auto","background-attachment":"scroll","background-type":"","background-media":"","overlay-type":"","overlay-color":"","overlay-gradient":""},"mobile":{"background-color":"","background-image":"","background-repeat":"repeat","background-position":"center center","background-size":"auto","background-attachment":"scroll","background-type":"","background-media":"","overlay-type":"","overlay-color":"","overlay-gradient":""}},"ast-content-background-meta":{"desktop":{"background-color":"var(--ast-global-color-5)","background-image":"","background-repeat":"repeat","background-position":"center center","background-size":"auto","background-attachment":"scroll","background-type":"","background-media":"","overlay-type":"","overlay-color":"","overlay-gradient":""},"tablet":{"background-color":"var(--ast-global-color-5)","background-image":"","background-repeat":"repeat","background-position":"center center","background-size":"auto","background-attachment":"scroll","background-type":"","background-media":"","overlay-type":"","overlay-color":"","overlay-gradient":""},"mobile":{"background-color":"var(--ast-global-color-5)","background-image":"","background-repeat":"repeat","background-position":"center center","background-size":"auto","background-attachment":"scroll","background-type":"","background-media":"","overlay-type":"","overlay-color":"","overlay-gradient":""}}},"product_brand":[],"product_cat":[30],"product_tag":[276,208,279,86,277,278],"class_list":{"0":"post-1494","1":"product","2":"type-product","3":"status-publish","4":"has-post-thumbnail","6":"product_cat-refacciones-industriales","7":"product_tag-bateria-18v","8":"product_tag-bateria-bosch","9":"product_tag-baterias-recargables","10":"product_tag-bosch","11":"product_tag-cargador-bosch","12":"product_tag-herramientas-inalambricas","13":"desktop-align-left","14":"tablet-align-left","15":"mobile-align-left","17":"first","18":"instock","19":"shipping-taxable","20":"purchasable","21":"product-type-simple"},"yoast_head":"<!-- This site is optimized with the Yoast SEO plugin v27.4 - https:\/\/yoast.com\/product\/yoast-seo-wordpress\/ -->\n<title>Bosch Core 18V 4Ah con Cargador GXS18V-15N15 | Bater\u00eda para Herramientas Inal\u00e1mbricas<\/title>\n<meta name=\"description\" content=\"Compra la bater\u00eda Bosch Core 18V 4Ah con cargador GXS18V-15N15. Recarga r\u00e1pida y potencia para herramientas inal\u00e1mbricas Bosch. \u00a1Env\u00edo a todo M\u00e9xico!\" \/>\n<meta name=\"robots\" content=\"index, follow, max-snippet:-1, max-image-preview:large, max-video-preview:-1\" \/>\n<link rel=\"canonical\" href=\"https:\/\/www.sdpcommerce.com\/en\/product\/bosch-core-18v-4ah-cargador-gxs18v-15n15\/\" \/>\n<meta property=\"og:locale\" content=\"en_US\" \/>\n<meta property=\"og:type\" content=\"article\" \/>\n<meta property=\"og:title\" content=\"Bosch Core 18V 4Ah con Cargador GXS18V-15N15 | Bater\u00eda para Herramientas Inal\u00e1mbricas\" \/>\n<meta property=\"og:description\" content=\"Compra la bater\u00eda Bosch Core 18V 4Ah con cargador GXS18V-15N15. Recarga r\u00e1pida y potencia para herramientas inal\u00e1mbricas Bosch. \u00a1Env\u00edo a todo M\u00e9xico!\" \/>\n<meta property=\"og:url\" content=\"https:\/\/www.sdpcommerce.com\/en\/product\/bosch-core-18v-4ah-cargador-gxs18v-15n15\/\" \/>\n<meta property=\"og:site_name\" content=\"&lt;strong&gt;Un buen proveedor no solo vende, asesora y soluciona&lt;\/strong&gt;\" \/>\n<meta property=\"article:publisher\" content=\"https:\/\/www.facebook.com\/profile.php?id=61565795007009#\" \/>\n<meta property=\"article:modified_time\" content=\"2025-07-24T01:44:28+00:00\" \/>\n<meta property=\"og:image\" content=\"https:\/\/www.sdpcommerce.com\/wp-content\/uploads\/2024\/03\/Screenshot-2024-03-23-141420.png\" \/>\n\t<meta property=\"og:image:width\" content=\"684\" \/>\n\t<meta property=\"og:image:height\" content=\"806\" \/>\n\t<meta property=\"og:image:type\" content=\"image\/png\" \/>\n<meta name=\"twitter:card\" content=\"summary_large_image\" \/>\n<meta name=\"twitter:label1\" content=\"Est. reading time\" \/>\n\t<meta name=\"twitter:data1\" content=\"1 minute\" \/>\n<script type=\"application\/ld+json\" class=\"yoast-schema-graph\">{\"@context\":\"https:\\\/\\\/schema.org\",\"@graph\":[{\"@type\":\"WebPage\",\"@id\":\"https:\\\/\\\/www.sdpcommerce.com\\\/producto\\\/bosch-core-18v-4ah-cargador-gxs18v-15n15\\\/\",\"url\":\"https:\\\/\\\/www.sdpcommerce.com\\\/producto\\\/bosch-core-18v-4ah-cargador-gxs18v-15n15\\\/\",\"name\":\"Bosch Core 18V 4Ah con Cargador GXS18V-15N15 | Bater\u00eda para Herramientas Inal\u00e1mbricas\",\"isPartOf\":{\"@id\":\"https:\\\/\\\/www.sdpcommerce.com\\\/#website\"},\"primaryImageOfPage\":{\"@id\":\"https:\\\/\\\/www.sdpcommerce.com\\\/producto\\\/bosch-core-18v-4ah-cargador-gxs18v-15n15\\\/#primaryimage\"},\"image\":{\"@id\":\"https:\\\/\\\/www.sdpcommerce.com\\\/producto\\\/bosch-core-18v-4ah-cargador-gxs18v-15n15\\\/#primaryimage\"},\"thumbnailUrl\":\"https:\\\/\\\/www.sdpcommerce.com\\\/wp-content\\\/uploads\\\/2024\\\/03\\\/Screenshot-2024-03-23-141420.png\",\"datePublished\":\"2024-03-23T20:15:27+00:00\",\"dateModified\":\"2025-07-24T01:44:28+00:00\",\"description\":\"Compra la bater\u00eda Bosch Core 18V 4Ah con cargador GXS18V-15N15. Recarga r\u00e1pida y potencia para herramientas inal\u00e1mbricas Bosch. \u00a1Env\u00edo a todo M\u00e9xico!\",\"breadcrumb\":{\"@id\":\"https:\\\/\\\/www.sdpcommerce.com\\\/producto\\\/bosch-core-18v-4ah-cargador-gxs18v-15n15\\\/#breadcrumb\"},\"inLanguage\":\"en-US\",\"potentialAction\":[{\"@type\":\"ReadAction\",\"target\":[\"https:\\\/\\\/www.sdpcommerce.com\\\/producto\\\/bosch-core-18v-4ah-cargador-gxs18v-15n15\\\/\"]}]},{\"@type\":\"ImageObject\",\"inLanguage\":\"en-US\",\"@id\":\"https:\\\/\\\/www.sdpcommerce.com\\\/producto\\\/bosch-core-18v-4ah-cargador-gxs18v-15n15\\\/#primaryimage\",\"url\":\"https:\\\/\\\/www.sdpcommerce.com\\\/wp-content\\\/uploads\\\/2024\\\/03\\\/Screenshot-2024-03-23-141420.png\",\"contentUrl\":\"https:\\\/\\\/www.sdpcommerce.com\\\/wp-content\\\/uploads\\\/2024\\\/03\\\/Screenshot-2024-03-23-141420.png\",\"width\":684,\"height\":806},{\"@type\":\"BreadcrumbList\",\"@id\":\"https:\\\/\\\/www.sdpcommerce.com\\\/producto\\\/bosch-core-18v-4ah-cargador-gxs18v-15n15\\\/#breadcrumb\",\"itemListElement\":[{\"@type\":\"ListItem\",\"position\":1,\"name\":\"Portada\",\"item\":\"https:\\\/\\\/www.sdpcommerce.com\\\/\"},{\"@type\":\"ListItem\",\"position\":2,\"name\":\"STORE\",\"item\":\"https:\\\/\\\/www.sdpcommerce.com\\\/shop-replacement-parts\\\/\"},{\"@type\":\"ListItem\",\"position\":3,\"name\":\"Refacciones Industriales | Repuestos para Maquinaria y Equipos\",\"item\":\"https:\\\/\\\/www.sdpcommerce.com\\\/categoria-producto\\\/refacciones-industriales\\\/\"},{\"@type\":\"ListItem\",\"position\":4,\"name\":\"Bosch Core 18V 4Ah con Cargador GXS18V-15N15\"}]},{\"@type\":\"WebSite\",\"@id\":\"https:\\\/\\\/www.sdpcommerce.com\\\/#website\",\"url\":\"https:\\\/\\\/www.sdpcommerce.com\\\/\",\"name\":\"SDP COMMERCE\",\"description\":\" Contar con un proveedor que no solo te diga \u201cya no existe\u201d, sino que &lt;strong&gt;te proponga un reemplazo funcional&lt;\\\/strong&gt;, es una ventaja competitiva. Algunas acciones que realiza un proveedor proactivo\",\"publisher\":{\"@id\":\"https:\\\/\\\/www.sdpcommerce.com\\\/#organization\"},\"potentialAction\":[{\"@type\":\"SearchAction\",\"target\":{\"@type\":\"EntryPoint\",\"urlTemplate\":\"https:\\\/\\\/www.sdpcommerce.com\\\/?s={search_term_string}\"},\"query-input\":{\"@type\":\"PropertyValueSpecification\",\"valueRequired\":true,\"valueName\":\"search_term_string\"}}],\"inLanguage\":\"en-US\"},{\"@type\":\"Organization\",\"@id\":\"https:\\\/\\\/www.sdpcommerce.com\\\/#organization\",\"name\":\"SDP COMMERCE\",\"url\":\"https:\\\/\\\/www.sdpcommerce.com\\\/\",\"logo\":{\"@type\":\"ImageObject\",\"inLanguage\":\"en-US\",\"@id\":\"https:\\\/\\\/www.sdpcommerce.com\\\/#\\\/schema\\\/logo\\\/image\\\/\",\"url\":\"https:\\\/\\\/www.sdpcommerce.com\\\/wp-content\\\/uploads\\\/2025\\\/02\\\/Screenshot-2025-02-13-150556.png\",\"contentUrl\":\"https:\\\/\\\/www.sdpcommerce.com\\\/wp-content\\\/uploads\\\/2025\\\/02\\\/Screenshot-2025-02-13-150556.png\",\"width\":114,\"height\":108,\"caption\":\"SDP COMMERCE\"},\"image\":{\"@id\":\"https:\\\/\\\/www.sdpcommerce.com\\\/#\\\/schema\\\/logo\\\/image\\\/\"},\"sameAs\":[\"https:\\\/\\\/www.facebook.com\\\/profile.php?id=61565795007009#\"]}]}<\/script>\n<!-- \/ Yoast SEO plugin. -->","yoast_head_json":{"title":"Bosch Core 18V 4Ah con Cargador GXS18V-15N15 | Bater\u00eda para Herramientas Inal\u00e1mbricas","description":"Compra la bater\u00eda Bosch Core 18V 4Ah con cargador GXS18V-15N15. Recarga r\u00e1pida y potencia para herramientas inal\u00e1mbricas Bosch. \u00a1Env\u00edo a todo M\u00e9xico!","robots":{"index":"index","follow":"follow","max-snippet":"max-snippet:-1","max-image-preview":"max-image-preview:large","max-video-preview":"max-video-preview:-1"},"canonical":"https:\/\/www.sdpcommerce.com\/en\/product\/bosch-core-18v-4ah-cargador-gxs18v-15n15\/","og_locale":"en_US","og_type":"article","og_title":"Bosch Core 18V 4Ah con Cargador GXS18V-15N15 | Bater\u00eda para Herramientas Inal\u00e1mbricas","og_description":"Compra la bater\u00eda Bosch Core 18V 4Ah con cargador GXS18V-15N15. Recarga r\u00e1pida y potencia para herramientas inal\u00e1mbricas Bosch. \u00a1Env\u00edo a todo M\u00e9xico!","og_url":"https:\/\/www.sdpcommerce.com\/en\/product\/bosch-core-18v-4ah-cargador-gxs18v-15n15\/","og_site_name":"&lt;strong&gt;Un buen proveedor no solo vende, asesora y soluciona&lt;\/strong&gt;","article_publisher":"https:\/\/www.facebook.com\/profile.php?id=61565795007009#","article_modified_time":"2025-07-24T01:44:28+00:00","og_image":[{"width":684,"height":806,"url":"https:\/\/www.sdpcommerce.com\/wp-content\/uploads\/2024\/03\/Screenshot-2024-03-23-141420.png","type":"image\/png"}],"twitter_card":"summary_large_image","twitter_misc":{"Est. reading time":"1 minute"},"schema":{"@context":"https:\/\/schema.org","@graph":[{"@type":"WebPage","@id":"https:\/\/www.sdpcommerce.com\/producto\/bosch-core-18v-4ah-cargador-gxs18v-15n15\/","url":"https:\/\/www.sdpcommerce.com\/producto\/bosch-core-18v-4ah-cargador-gxs18v-15n15\/","name":"Bosch Core 18V 4Ah con Cargador GXS18V-15N15 | Bater\u00eda para Herramientas Inal\u00e1mbricas","isPartOf":{"@id":"https:\/\/www.sdpcommerce.com\/#website"},"primaryImageOfPage":{"@id":"https:\/\/www.sdpcommerce.com\/producto\/bosch-core-18v-4ah-cargador-gxs18v-15n15\/#primaryimage"},"image":{"@id":"https:\/\/www.sdpcommerce.com\/producto\/bosch-core-18v-4ah-cargador-gxs18v-15n15\/#primaryimage"},"thumbnailUrl":"https:\/\/www.sdpcommerce.com\/wp-content\/uploads\/2024\/03\/Screenshot-2024-03-23-141420.png","datePublished":"2024-03-23T20:15:27+00:00","dateModified":"2025-07-24T01:44:28+00:00","description":"Compra la bater\u00eda Bosch Core 18V 4Ah con cargador GXS18V-15N15. Recarga r\u00e1pida y potencia para herramientas inal\u00e1mbricas Bosch. \u00a1Env\u00edo a todo M\u00e9xico!","breadcrumb":{"@id":"https:\/\/www.sdpcommerce.com\/producto\/bosch-core-18v-4ah-cargador-gxs18v-15n15\/#breadcrumb"},"inLanguage":"en-US","potentialAction":[{"@type":"ReadAction","target":["https:\/\/www.sdpcommerce.com\/producto\/bosch-core-18v-4ah-cargador-gxs18v-15n15\/"]}]},{"@type":"ImageObject","inLanguage":"en-US","@id":"https:\/\/www.sdpcommerce.com\/producto\/bosch-core-18v-4ah-cargador-gxs18v-15n15\/#primaryimage","url":"https:\/\/www.sdpcommerce.com\/wp-content\/uploads\/2024\/03\/Screenshot-2024-03-23-141420.png","contentUrl":"https:\/\/www.sdpcommerce.com\/wp-content\/uploads\/2024\/03\/Screenshot-2024-03-23-141420.png","width":684,"height":806},{"@type":"BreadcrumbList","@id":"https:\/\/www.sdpcommerce.com\/producto\/bosch-core-18v-4ah-cargador-gxs18v-15n15\/#breadcrumb","itemListElement":[{"@type":"ListItem","position":1,"name":"Portada","item":"https:\/\/www.sdpcommerce.com\/"},{"@type":"ListItem","position":2,"name":"STORE","item":"https:\/\/www.sdpcommerce.com\/shop-replacement-parts\/"},{"@type":"ListItem","position":3,"name":"Refacciones Industriales | Repuestos para Maquinaria y Equipos","item":"https:\/\/www.sdpcommerce.com\/categoria-producto\/refacciones-industriales\/"},{"@type":"ListItem","position":4,"name":"Bosch Core 18V 4Ah con Cargador GXS18V-15N15"}]},{"@type":"WebSite","@id":"https:\/\/www.sdpcommerce.com\/#website","url":"https:\/\/www.sdpcommerce.com\/","name":"SDP COMMERCE","description":"Contar con un proveedor que no solo te diga &ldquo;ya no existe&rdquo;, sino que &lt;strong&gt;te proponga un reemplazo funcional&lt;\/strong&gt;, es una ventaja competitiva. Algunas acciones que realiza un proveedor proactivo","publisher":{"@id":"https:\/\/www.sdpcommerce.com\/#organization"},"potentialAction":[{"@type":"SearchAction","target":{"@type":"EntryPoint","urlTemplate":"https:\/\/www.sdpcommerce.com\/?s={search_term_string}"},"query-input":{"@type":"PropertyValueSpecification","valueRequired":true,"valueName":"search_term_string"}}],"inLanguage":"en-US"},{"@type":"Organization","@id":"https:\/\/www.sdpcommerce.com\/#organization","name":"SDP COMMERCE","url":"https:\/\/www.sdpcommerce.com\/","logo":{"@type":"ImageObject","inLanguage":"en-US","@id":"https:\/\/www.sdpcommerce.com\/#\/schema\/logo\/image\/","url":"https:\/\/www.sdpcommerce.com\/wp-content\/uploads\/2025\/02\/Screenshot-2025-02-13-150556.png","contentUrl":"https:\/\/www.sdpcommerce.com\/wp-content\/uploads\/2025\/02\/Screenshot-2025-02-13-150556.png","width":114,"height":108,"caption":"SDP COMMERCE"},"image":{"@id":"https:\/\/www.sdpcommerce.com\/#\/schema\/logo\/image\/"},"sameAs":["https:\/\/www.facebook.com\/profile.php?id=61565795007009#"]}]}},"uagb_featured_image_src":{"full":["https:\/\/www.sdpcommerce.com\/wp-content\/uploads\/2024\/03\/Screenshot-2024-03-23-141420.png",684,806,false],"thumbnail":["https:\/\/www.sdpcommerce.com\/wp-content\/uploads\/2024\/03\/Screenshot-2024-03-23-141420-150x150.png",150,150,true],"medium":["https:\/\/www.sdpcommerce.com\/wp-content\/uploads\/2024\/03\/Screenshot-2024-03-23-141420-255x300.png",255,300,true],"medium_large":["https:\/\/www.sdpcommerce.com\/wp-content\/uploads\/2024\/03\/Screenshot-2024-03-23-141420.png",684,806,false],"large":["https:\/\/www.sdpcommerce.com\/wp-content\/uploads\/2024\/03\/Screenshot-2024-03-23-141420.png",684,806,false],"1536x1536":["https:\/\/www.sdpcommerce.com\/wp-content\/uploads\/2024\/03\/Screenshot-2024-03-23-141420.png",684,806,false],"2048x2048":["https:\/\/www.sdpcommerce.com\/wp-content\/uploads\/2024\/03\/Screenshot-2024-03-23-141420.png",684,806,false],"trp-custom-language-flag":["https:\/\/www.sdpcommerce.com\/wp-content\/uploads\/2024\/03\/Screenshot-2024-03-23-141420.png",10,12,false],"woocommerce_thumbnail":["https:\/\/www.sdpcommerce.com\/wp-content\/uploads\/2024\/03\/Screenshot-2024-03-23-141420-300x300.png",300,300,true],"woocommerce_single":["https:\/\/www.sdpcommerce.com\/wp-content\/uploads\/2024\/03\/Screenshot-2024-03-23-141420-600x707.png",600,707,true],"woocommerce_gallery_thumbnail":["https:\/\/www.sdpcommerce.com\/wp-content\/uploads\/2024\/03\/Screenshot-2024-03-23-141420-100x100.png",100,100,true]},"uagb_author_info":{"display_name":"admin","author_link":"https:\/\/www.sdpcommerce.com\/en\/author\/"},"uagb_comment_info":0,"uagb_excerpt":"Bater\u00eda Bosch Core 18V 4Ah con cargador r\u00e1pido GXS18V-15N15, compatible con herramientas inal\u00e1mbricas Bosch.","_links":{"self":[{"href":"https:\/\/www.sdpcommerce.com\/en\/wp-json\/wp\/v2\/product\/1494","targetHints":{"allow":["GET"]}}],"collection":[{"href":"https:\/\/www.sdpcommerce.com\/en\/wp-json\/wp\/v2\/product"}],"about":[{"href":"https:\/\/www.sdpcommerce.com\/en\/wp-json\/wp\/v2\/types\/product"}],"replies":[{"embeddable":true,"href":"https:\/\/www.sdpcommerce.com\/en\/wp-json\/wp\/v2\/comments?post=1494"}],"wp:featuredmedia":[{"embeddable":true,"href":"https:\/\/www.sdpcommerce.com\/en\/wp-json\/wp\/v2\/media\/1495"}],"wp:attachment":[{"href":"https:\/\/www.sdpcommerce.com\/en\/wp-json\/wp\/v2\/media?parent=1494"}],"wp:term":[{"taxonomy":"product_brand","embeddable":true,"href":"https:\/\/www.sdpcommerce.com\/en\/wp-json\/wp\/v2\/product_brand?post=1494"},{"taxonomy":"product_cat","embeddable":true,"href":"https:\/\/www.sdpcommerce.com\/en\/wp-json\/wp\/v2\/product_cat?post=1494"},{"taxonomy":"product_tag","embeddable":true,"href":"https:\/\/www.sdpcommerce.com\/en\/wp-json\/wp\/v2\/product_tag?post=1494"}],"curies":[{"name":"wp","href":"https:\/\/api.w.org\/{rel}","templated":true}]}}