{"id":1476,"date":"2024-03-23T20:42:40","date_gmt":"2024-03-23T19:42:40","guid":{"rendered":"https:\/\/www.sdpcommerce.com\/?post_type=product&#038;p=1476"},"modified":"2026-02-27T18:49:14","modified_gmt":"2026-02-27T17:49:14","slug":"producto-rexroth-r900561288-4we6j6x-eg24n9k4-valvula-direccional-hidraulica-24v","status":"publish","type":"product","link":"https:\/\/www.sdpcommerce.com\/en\/product\/producto-rexroth-r900561288-4we6j6x-eg24n9k4-valvula-direccional-hidraulica-24v\/","title":{"rendered":"V\u00e1lvula Direccional Rexroth R900561288 4WE6J6X\/EG24N9K4 \u2013 24V DC, 4\/2 V\u00edas NG6"},"content":{"rendered":"<h3 data-start=\"532\" data-end=\"612\">V\u00e1lvula Direccional Rexroth 4WE6J6X\/EG24N9K4 \u2013 NG6 Electrov\u00e1lvula Hidr\u00e1ulica<\/h3>\n<p data-start=\"614\" data-end=\"844\">La <strong data-start=\"617\" data-end=\"639\">Rexroth R900561288<\/strong> modelo <strong data-start=\"647\" data-end=\"667\">4WE6J6X\/EG24N9K4<\/strong> es una v\u00e1lvula direccional hidr\u00e1ulica de <strong data-start=\"709\" data-end=\"721\">4\/2 v\u00edas<\/strong>, tipo solenoide, dise\u00f1ada para aplicaciones donde se requiere control preciso del flujo de aceite en sistemas hidr\u00e1ulicos.<\/p>\n<p data-start=\"846\" data-end=\"1071\">Este modelo pertenece a la serie <strong data-start=\"879\" data-end=\"886\">WE6<\/strong> (CETOP 3 \u2013 tama\u00f1o NG6) y est\u00e1 equipada con bobinas de <strong data-start=\"941\" data-end=\"951\">24V DC<\/strong>, ofreciendo confiabilidad y eficiencia en maquinaria industrial, prensas hidr\u00e1ulicas, gr\u00faas, maquinaria agr\u00edcola y m\u00e1s.<\/p>\n<hr data-start=\"1073\" data-end=\"1076\" \/>\n<h4 data-start=\"1078\" data-end=\"1115\"><strong data-start=\"1086\" data-end=\"1115\">Caracter\u00edsticas t\u00e9cnicas:<\/strong><\/h4>\n<ul data-start=\"1116\" data-end=\"1538\">\n<li data-start=\"1116\" data-end=\"1144\">\n<p data-start=\"1118\" data-end=\"1144\"><strong data-start=\"1118\" data-end=\"1128\">Marca:<\/strong> Bosch Rexroth<\/p>\n<\/li>\n<li data-start=\"1145\" data-end=\"1180\">\n<p data-start=\"1147\" data-end=\"1180\"><strong data-start=\"1147\" data-end=\"1167\">N\u00famero de parte:<\/strong> R900561288<\/p>\n<\/li>\n<li data-start=\"1181\" data-end=\"1213\">\n<p data-start=\"1183\" data-end=\"1213\"><strong data-start=\"1183\" data-end=\"1194\">Modelo:<\/strong> 4WE6J6X\/EG24N9K4<\/p>\n<\/li>\n<li data-start=\"1214\" data-end=\"1260\">\n<p data-start=\"1216\" data-end=\"1260\"><strong data-start=\"1216\" data-end=\"1234\">Configuraci\u00f3n:<\/strong> 4\/2 v\u00edas (2 posiciones)<\/p>\n<\/li>\n<li data-start=\"1261\" data-end=\"1311\">\n<p data-start=\"1263\" data-end=\"1311\"><strong data-start=\"1263\" data-end=\"1289\">Tipo de accionamiento:<\/strong> Solenoide el\u00e9ctrico<\/p>\n<\/li>\n<li data-start=\"1312\" data-end=\"1342\">\n<p data-start=\"1314\" data-end=\"1342\"><strong data-start=\"1314\" data-end=\"1325\">Tama\u00f1o:<\/strong> NG6 (CETOP 03)<\/p>\n<\/li>\n<li data-start=\"1343\" data-end=\"1379\">\n<p data-start=\"1345\" data-end=\"1379\"><strong data-start=\"1345\" data-end=\"1370\">Voltaje de operaci\u00f3n:<\/strong> 24V DC<\/p>\n<\/li>\n<li data-start=\"1380\" data-end=\"1417\">\n<p data-start=\"1382\" data-end=\"1417\"><strong data-start=\"1382\" data-end=\"1401\">Presi\u00f3n m\u00e1xima:<\/strong> hasta 315 bar<\/p>\n<\/li>\n<li data-start=\"1418\" data-end=\"1449\">\n<p data-start=\"1420\" data-end=\"1449\"><strong data-start=\"1420\" data-end=\"1438\">Caudal m\u00e1ximo:<\/strong> 60 L\/min<\/p>\n<\/li>\n<li data-start=\"1450\" data-end=\"1512\">\n<p data-start=\"1452\" data-end=\"1512\"><strong data-start=\"1452\" data-end=\"1475\">S\u00edmbolo hidr\u00e1ulico:<\/strong> tipo J (posici\u00f3n con paso abierto)<\/p>\n<\/li>\n<li data-start=\"1513\" data-end=\"1538\">\n<p data-start=\"1515\" data-end=\"1538\"><strong data-start=\"1515\" data-end=\"1527\">Montaje:<\/strong> Subplaca<\/p>\n<\/li>\n<li data-start=\"1513\" data-end=\"1538\">\n<p data-start=\"1515\" data-end=\"1538\"><strong style=\"font-size: 1.3em;\" data-start=\"1554\" data-end=\"1579\">Aplicaciones comunes:<\/strong><\/p>\n<\/li>\n<\/ul>\n<ul data-start=\"1580\" data-end=\"1738\">\n<li data-start=\"1580\" data-end=\"1603\">\n<p data-start=\"1582\" data-end=\"1603\">Prensas hidr\u00e1ulicas<\/p>\n<\/li>\n<li data-start=\"1604\" data-end=\"1634\">\n<p data-start=\"1606\" data-end=\"1634\">Sistemas de automatizaci\u00f3n<\/p>\n<\/li>\n<li data-start=\"1635\" data-end=\"1671\">\n<p data-start=\"1637\" data-end=\"1671\">Maquinaria agr\u00edcola e industrial<\/p>\n<\/li>\n<li data-start=\"1672\" data-end=\"1704\">\n<p data-start=\"1674\" data-end=\"1704\">Sistemas hidr\u00e1ulicos m\u00f3viles<\/p>\n<\/li>\n<li data-start=\"1705\" data-end=\"1738\">\n<p data-start=\"1707\" data-end=\"1738\">Equipos de manufactura y moldes<\/p>\n<\/li>\n<\/ul>\n<hr data-start=\"1740\" data-end=\"1743\" \/>\n<p data-start=\"1745\" data-end=\"1858\">\u2705 Producto original de Bosch Rexroth<br data-start=\"1781\" data-end=\"1784\" \/>\u2705 Nuevo y listo para env\u00edo<br data-start=\"1810\" data-end=\"1813\" \/>\u2705 <strong data-start=\"1815\" data-end=\"1838\">Env\u00edo a todo M\u00e9xico<\/strong> con embalaje seguro<\/p>","protected":false},"excerpt":{"rendered":"<p>Electrov\u00e1lvula hidr\u00e1ulica Bosch Rexroth 4WE6J6X\/EG24N9K4 de 4\/2 v\u00edas, tama\u00f1o NG6, operada por solenoide de 24V DC, ideal para automatizaci\u00f3n industrial y maquinaria pesada.<\/p>","protected":false},"featured_media":1477,"comment_status":"open","ping_status":"closed","template":"","meta":{"om_disable_all_campaigns":false,"_uag_custom_page_level_css":"","_monsterinsights_skip_tracking":false,"_monsterinsights_sitenote_active":false,"_monsterinsights_sitenote_note":"","_monsterinsights_sitenote_category":0,"site-sidebar-layout":"default","site-content-layout":"","ast-site-content-layout":"default","site-content-style":"default","site-sidebar-style":"default","ast-global-header-display":"","ast-banner-title-visibility":"","ast-main-header-display":"","ast-hfb-above-header-display":"","ast-hfb-below-header-display":"","ast-hfb-mobile-header-display":"","site-post-title":"","ast-breadcrumbs-content":"","ast-featured-img":"","footer-sml-layout":"","theme-transparent-header-meta":"default","adv-header-id-meta":"","stick-header-meta":"","header-above-stick-meta":"","header-main-stick-meta":"","header-below-stick-meta":"","astra-migrate-meta-layouts":"set","ast-page-background-enabled":"default","ast-page-background-meta":{"desktop":{"background-color":"var(--ast-global-color-4)","background-image":"","background-repeat":"repeat","background-position":"center center","background-size":"auto","background-attachment":"scroll","background-type":"","background-media":"","overlay-type":"","overlay-color":"","overlay-gradient":""},"tablet":{"background-color":"","background-image":"","background-repeat":"repeat","background-position":"center center","background-size":"auto","background-attachment":"scroll","background-type":"","background-media":"","overlay-type":"","overlay-color":"","overlay-gradient":""},"mobile":{"background-color":"","background-image":"","background-repeat":"repeat","background-position":"center center","background-size":"auto","background-attachment":"scroll","background-type":"","background-media":"","overlay-type":"","overlay-color":"","overlay-gradient":""}},"ast-content-background-meta":{"desktop":{"background-color":"var(--ast-global-color-5)","background-image":"","background-repeat":"repeat","background-position":"center center","background-size":"auto","background-attachment":"scroll","background-type":"","background-media":"","overlay-type":"","overlay-color":"","overlay-gradient":""},"tablet":{"background-color":"var(--ast-global-color-5)","background-image":"","background-repeat":"repeat","background-position":"center center","background-size":"auto","background-attachment":"scroll","background-type":"","background-media":"","overlay-type":"","overlay-color":"","overlay-gradient":""},"mobile":{"background-color":"var(--ast-global-color-5)","background-image":"","background-repeat":"repeat","background-position":"center center","background-size":"auto","background-attachment":"scroll","background-type":"","background-media":"","overlay-type":"","overlay-color":"","overlay-gradient":""}}},"product_brand":[],"product_cat":[15],"product_tag":[250,251,193,240,246],"class_list":{"0":"post-1476","1":"product","2":"type-product","3":"status-publish","4":"has-post-thumbnail","6":"product_cat-motores-electricos-uso-industrial","7":"product_tag-electrovalvula-24v","8":"product_tag-refacciones-industriales","9":"product_tag-rexroth","10":"product_tag-valvula-direccional","11":"product_tag-valvula-hidraulica","12":"desktop-align-left","13":"tablet-align-left","14":"mobile-align-left","16":"first","17":"instock","18":"shipping-taxable","19":"purchasable","20":"product-type-simple"},"yoast_head":"<!-- This site is optimized with the Yoast SEO plugin v27.4 - https:\/\/yoast.com\/product\/yoast-seo-wordpress\/ -->\n<title>V\u00e1lvula Direccional Rexroth R900561288 4WE6J6X\/EG24N9K4 \u2013 24V DC, 4\/2 V\u00edas NG6 - &lt;strong&gt;Un buen proveedor no solo vende, asesora y soluciona&lt;\/strong&gt;<\/title>\n<meta name=\"description\" content=\"Compra v\u00e1lvula direccional Rexroth 4WE6J6X\/EG24N9K4 R900561288 24V DC. V\u00e1lvula hidr\u00e1ulica NG6 de 4\/2 v\u00edas para control de flujo. Env\u00edo a todo M\u00e9xico.\" \/>\n<meta name=\"robots\" content=\"index, follow, max-snippet:-1, max-image-preview:large, max-video-preview:-1\" \/>\n<link rel=\"canonical\" href=\"https:\/\/www.sdpcommerce.com\/en\/product\/producto-rexroth-r900561288-4we6j6x-eg24n9k4-valvula-direccional-hidraulica-24v\/\" \/>\n<meta property=\"og:locale\" content=\"en_US\" \/>\n<meta property=\"og:type\" content=\"article\" \/>\n<meta property=\"og:title\" content=\"V\u00e1lvula Direccional Rexroth R900561288 4WE6J6X\/EG24N9K4 \u2013 24V DC, 4\/2 V\u00edas NG6 - &lt;strong&gt;Un buen proveedor no solo vende, asesora y soluciona&lt;\/strong&gt;\" \/>\n<meta property=\"og:description\" content=\"Compra v\u00e1lvula direccional Rexroth 4WE6J6X\/EG24N9K4 R900561288 24V DC. V\u00e1lvula hidr\u00e1ulica NG6 de 4\/2 v\u00edas para control de flujo. Env\u00edo a todo M\u00e9xico.\" \/>\n<meta property=\"og:url\" content=\"https:\/\/www.sdpcommerce.com\/en\/product\/producto-rexroth-r900561288-4we6j6x-eg24n9k4-valvula-direccional-hidraulica-24v\/\" \/>\n<meta property=\"og:site_name\" content=\"&lt;strong&gt;Un buen proveedor no solo vende, asesora y soluciona&lt;\/strong&gt;\" \/>\n<meta property=\"article:publisher\" content=\"https:\/\/www.facebook.com\/profile.php?id=61565795007009#\" \/>\n<meta property=\"article:modified_time\" content=\"2026-02-27T17:49:14+00:00\" \/>\n<meta property=\"og:image\" content=\"https:\/\/www.sdpcommerce.com\/wp-content\/uploads\/2024\/03\/Screenshot-2024-03-23-134126.png\" \/>\n\t<meta property=\"og:image:width\" content=\"468\" \/>\n\t<meta property=\"og:image:height\" content=\"627\" \/>\n\t<meta property=\"og:image:type\" content=\"image\/png\" \/>\n<meta name=\"twitter:card\" content=\"summary_large_image\" \/>\n<meta name=\"twitter:label1\" content=\"Est. reading time\" \/>\n\t<meta name=\"twitter:data1\" content=\"1 minute\" \/>\n<script type=\"application\/ld+json\" class=\"yoast-schema-graph\">{\"@context\":\"https:\\\/\\\/schema.org\",\"@graph\":[{\"@type\":\"WebPage\",\"@id\":\"https:\\\/\\\/www.sdpcommerce.com\\\/producto\\\/producto-rexroth-r900561288-4we6j6x-eg24n9k4-valvula-direccional-hidraulica-24v\\\/\",\"url\":\"https:\\\/\\\/www.sdpcommerce.com\\\/producto\\\/producto-rexroth-r900561288-4we6j6x-eg24n9k4-valvula-direccional-hidraulica-24v\\\/\",\"name\":\"V\u00e1lvula Direccional Rexroth R900561288 4WE6J6X\\\/EG24N9K4 \u2013 24V DC, 4\\\/2 V\u00edas NG6 - &lt;strong&gt;Un buen proveedor no solo vende, asesora y soluciona&lt;\\\/strong&gt;\",\"isPartOf\":{\"@id\":\"https:\\\/\\\/www.sdpcommerce.com\\\/#website\"},\"primaryImageOfPage\":{\"@id\":\"https:\\\/\\\/www.sdpcommerce.com\\\/producto\\\/producto-rexroth-r900561288-4we6j6x-eg24n9k4-valvula-direccional-hidraulica-24v\\\/#primaryimage\"},\"image\":{\"@id\":\"https:\\\/\\\/www.sdpcommerce.com\\\/producto\\\/producto-rexroth-r900561288-4we6j6x-eg24n9k4-valvula-direccional-hidraulica-24v\\\/#primaryimage\"},\"thumbnailUrl\":\"https:\\\/\\\/www.sdpcommerce.com\\\/wp-content\\\/uploads\\\/2024\\\/03\\\/Screenshot-2024-03-23-134126.png\",\"datePublished\":\"2024-03-23T19:42:40+00:00\",\"dateModified\":\"2026-02-27T17:49:14+00:00\",\"description\":\"Compra v\u00e1lvula direccional Rexroth 4WE6J6X\\\/EG24N9K4 R900561288 24V DC. V\u00e1lvula hidr\u00e1ulica NG6 de 4\\\/2 v\u00edas para control de flujo. Env\u00edo a todo M\u00e9xico.\",\"breadcrumb\":{\"@id\":\"https:\\\/\\\/www.sdpcommerce.com\\\/producto\\\/producto-rexroth-r900561288-4we6j6x-eg24n9k4-valvula-direccional-hidraulica-24v\\\/#breadcrumb\"},\"inLanguage\":\"en-US\",\"potentialAction\":[{\"@type\":\"ReadAction\",\"target\":[\"https:\\\/\\\/www.sdpcommerce.com\\\/producto\\\/producto-rexroth-r900561288-4we6j6x-eg24n9k4-valvula-direccional-hidraulica-24v\\\/\"]}]},{\"@type\":\"ImageObject\",\"inLanguage\":\"en-US\",\"@id\":\"https:\\\/\\\/www.sdpcommerce.com\\\/producto\\\/producto-rexroth-r900561288-4we6j6x-eg24n9k4-valvula-direccional-hidraulica-24v\\\/#primaryimage\",\"url\":\"https:\\\/\\\/www.sdpcommerce.com\\\/wp-content\\\/uploads\\\/2024\\\/03\\\/Screenshot-2024-03-23-134126.png\",\"contentUrl\":\"https:\\\/\\\/www.sdpcommerce.com\\\/wp-content\\\/uploads\\\/2024\\\/03\\\/Screenshot-2024-03-23-134126.png\",\"width\":468,\"height\":627},{\"@type\":\"BreadcrumbList\",\"@id\":\"https:\\\/\\\/www.sdpcommerce.com\\\/producto\\\/producto-rexroth-r900561288-4we6j6x-eg24n9k4-valvula-direccional-hidraulica-24v\\\/#breadcrumb\",\"itemListElement\":[{\"@type\":\"ListItem\",\"position\":1,\"name\":\"Portada\",\"item\":\"https:\\\/\\\/www.sdpcommerce.com\\\/\"},{\"@type\":\"ListItem\",\"position\":2,\"name\":\"STORE\",\"item\":\"https:\\\/\\\/www.sdpcommerce.com\\\/shop-replacement-parts\\\/\"},{\"@type\":\"ListItem\",\"position\":3,\"name\":\"Motores El\u00e9ctricos para Uso Industrial\",\"item\":\"https:\\\/\\\/www.sdpcommerce.com\\\/categoria-producto\\\/motores-electricos-uso-industrial\\\/\"},{\"@type\":\"ListItem\",\"position\":4,\"name\":\"V\u00e1lvula Direccional Rexroth R900561288 4WE6J6X\\\/EG24N9K4 \u2013 24V DC, 4\\\/2 V\u00edas NG6\"}]},{\"@type\":\"WebSite\",\"@id\":\"https:\\\/\\\/www.sdpcommerce.com\\\/#website\",\"url\":\"https:\\\/\\\/www.sdpcommerce.com\\\/\",\"name\":\"SDP COMMERCE\",\"description\":\" Contar con un proveedor que no solo te diga \u201cya no existe\u201d, sino que &lt;strong&gt;te proponga un reemplazo funcional&lt;\\\/strong&gt;, es una ventaja competitiva. Algunas acciones que realiza un proveedor proactivo\",\"publisher\":{\"@id\":\"https:\\\/\\\/www.sdpcommerce.com\\\/#organization\"},\"potentialAction\":[{\"@type\":\"SearchAction\",\"target\":{\"@type\":\"EntryPoint\",\"urlTemplate\":\"https:\\\/\\\/www.sdpcommerce.com\\\/?s={search_term_string}\"},\"query-input\":{\"@type\":\"PropertyValueSpecification\",\"valueRequired\":true,\"valueName\":\"search_term_string\"}}],\"inLanguage\":\"en-US\"},{\"@type\":\"Organization\",\"@id\":\"https:\\\/\\\/www.sdpcommerce.com\\\/#organization\",\"name\":\"SDP COMMERCE\",\"url\":\"https:\\\/\\\/www.sdpcommerce.com\\\/\",\"logo\":{\"@type\":\"ImageObject\",\"inLanguage\":\"en-US\",\"@id\":\"https:\\\/\\\/www.sdpcommerce.com\\\/#\\\/schema\\\/logo\\\/image\\\/\",\"url\":\"https:\\\/\\\/www.sdpcommerce.com\\\/wp-content\\\/uploads\\\/2025\\\/02\\\/Screenshot-2025-02-13-150556.png\",\"contentUrl\":\"https:\\\/\\\/www.sdpcommerce.com\\\/wp-content\\\/uploads\\\/2025\\\/02\\\/Screenshot-2025-02-13-150556.png\",\"width\":114,\"height\":108,\"caption\":\"SDP COMMERCE\"},\"image\":{\"@id\":\"https:\\\/\\\/www.sdpcommerce.com\\\/#\\\/schema\\\/logo\\\/image\\\/\"},\"sameAs\":[\"https:\\\/\\\/www.facebook.com\\\/profile.php?id=61565795007009#\"]}]}<\/script>\n<!-- \/ Yoast SEO plugin. -->","yoast_head_json":{"title":"V&aacute;lvula Direccional Rexroth R900561288 4WE6J6X\/EG24N9K4 &ndash; 24V DC, 4\/2 V&iacute;as NG6 - &lt;strong&gt;Un buen proveedor no solo vende, asesora y soluciona&lt;\/strong&gt;","description":"Compra v\u00e1lvula direccional Rexroth 4WE6J6X\/EG24N9K4 R900561288 24V DC. V\u00e1lvula hidr\u00e1ulica NG6 de 4\/2 v\u00edas para control de flujo. Env\u00edo a todo M\u00e9xico.","robots":{"index":"index","follow":"follow","max-snippet":"max-snippet:-1","max-image-preview":"max-image-preview:large","max-video-preview":"max-video-preview:-1"},"canonical":"https:\/\/www.sdpcommerce.com\/en\/product\/producto-rexroth-r900561288-4we6j6x-eg24n9k4-valvula-direccional-hidraulica-24v\/","og_locale":"en_US","og_type":"article","og_title":"V\u00e1lvula Direccional Rexroth R900561288 4WE6J6X\/EG24N9K4 \u2013 24V DC, 4\/2 V\u00edas NG6 - &lt;strong&gt;Un buen proveedor no solo vende, asesora y soluciona&lt;\/strong&gt;","og_description":"Compra v\u00e1lvula direccional Rexroth 4WE6J6X\/EG24N9K4 R900561288 24V DC. V\u00e1lvula hidr\u00e1ulica NG6 de 4\/2 v\u00edas para control de flujo. Env\u00edo a todo M\u00e9xico.","og_url":"https:\/\/www.sdpcommerce.com\/en\/product\/producto-rexroth-r900561288-4we6j6x-eg24n9k4-valvula-direccional-hidraulica-24v\/","og_site_name":"&lt;strong&gt;Un buen proveedor no solo vende, asesora y soluciona&lt;\/strong&gt;","article_publisher":"https:\/\/www.facebook.com\/profile.php?id=61565795007009#","article_modified_time":"2026-02-27T17:49:14+00:00","og_image":[{"width":468,"height":627,"url":"https:\/\/www.sdpcommerce.com\/wp-content\/uploads\/2024\/03\/Screenshot-2024-03-23-134126.png","type":"image\/png"}],"twitter_card":"summary_large_image","twitter_misc":{"Est. reading time":"1 minute"},"schema":{"@context":"https:\/\/schema.org","@graph":[{"@type":"WebPage","@id":"https:\/\/www.sdpcommerce.com\/producto\/producto-rexroth-r900561288-4we6j6x-eg24n9k4-valvula-direccional-hidraulica-24v\/","url":"https:\/\/www.sdpcommerce.com\/producto\/producto-rexroth-r900561288-4we6j6x-eg24n9k4-valvula-direccional-hidraulica-24v\/","name":"V&aacute;lvula Direccional Rexroth R900561288 4WE6J6X\/EG24N9K4 &ndash; 24V DC, 4\/2 V&iacute;as NG6 - &lt;strong&gt;Un buen proveedor no solo vende, asesora y soluciona&lt;\/strong&gt;","isPartOf":{"@id":"https:\/\/www.sdpcommerce.com\/#website"},"primaryImageOfPage":{"@id":"https:\/\/www.sdpcommerce.com\/producto\/producto-rexroth-r900561288-4we6j6x-eg24n9k4-valvula-direccional-hidraulica-24v\/#primaryimage"},"image":{"@id":"https:\/\/www.sdpcommerce.com\/producto\/producto-rexroth-r900561288-4we6j6x-eg24n9k4-valvula-direccional-hidraulica-24v\/#primaryimage"},"thumbnailUrl":"https:\/\/www.sdpcommerce.com\/wp-content\/uploads\/2024\/03\/Screenshot-2024-03-23-134126.png","datePublished":"2024-03-23T19:42:40+00:00","dateModified":"2026-02-27T17:49:14+00:00","description":"Compra v\u00e1lvula direccional Rexroth 4WE6J6X\/EG24N9K4 R900561288 24V DC. V\u00e1lvula hidr\u00e1ulica NG6 de 4\/2 v\u00edas para control de flujo. Env\u00edo a todo M\u00e9xico.","breadcrumb":{"@id":"https:\/\/www.sdpcommerce.com\/producto\/producto-rexroth-r900561288-4we6j6x-eg24n9k4-valvula-direccional-hidraulica-24v\/#breadcrumb"},"inLanguage":"en-US","potentialAction":[{"@type":"ReadAction","target":["https:\/\/www.sdpcommerce.com\/producto\/producto-rexroth-r900561288-4we6j6x-eg24n9k4-valvula-direccional-hidraulica-24v\/"]}]},{"@type":"ImageObject","inLanguage":"en-US","@id":"https:\/\/www.sdpcommerce.com\/producto\/producto-rexroth-r900561288-4we6j6x-eg24n9k4-valvula-direccional-hidraulica-24v\/#primaryimage","url":"https:\/\/www.sdpcommerce.com\/wp-content\/uploads\/2024\/03\/Screenshot-2024-03-23-134126.png","contentUrl":"https:\/\/www.sdpcommerce.com\/wp-content\/uploads\/2024\/03\/Screenshot-2024-03-23-134126.png","width":468,"height":627},{"@type":"BreadcrumbList","@id":"https:\/\/www.sdpcommerce.com\/producto\/producto-rexroth-r900561288-4we6j6x-eg24n9k4-valvula-direccional-hidraulica-24v\/#breadcrumb","itemListElement":[{"@type":"ListItem","position":1,"name":"Portada","item":"https:\/\/www.sdpcommerce.com\/"},{"@type":"ListItem","position":2,"name":"STORE","item":"https:\/\/www.sdpcommerce.com\/shop-replacement-parts\/"},{"@type":"ListItem","position":3,"name":"Motores El\u00e9ctricos para Uso Industrial","item":"https:\/\/www.sdpcommerce.com\/categoria-producto\/motores-electricos-uso-industrial\/"},{"@type":"ListItem","position":4,"name":"V\u00e1lvula Direccional Rexroth R900561288 4WE6J6X\/EG24N9K4 \u2013 24V DC, 4\/2 V\u00edas NG6"}]},{"@type":"WebSite","@id":"https:\/\/www.sdpcommerce.com\/#website","url":"https:\/\/www.sdpcommerce.com\/","name":"SDP COMMERCE","description":"Contar con un proveedor que no solo te diga &ldquo;ya no existe&rdquo;, sino que &lt;strong&gt;te proponga un reemplazo funcional&lt;\/strong&gt;, es una ventaja competitiva. Algunas acciones que realiza un proveedor proactivo","publisher":{"@id":"https:\/\/www.sdpcommerce.com\/#organization"},"potentialAction":[{"@type":"SearchAction","target":{"@type":"EntryPoint","urlTemplate":"https:\/\/www.sdpcommerce.com\/?s={search_term_string}"},"query-input":{"@type":"PropertyValueSpecification","valueRequired":true,"valueName":"search_term_string"}}],"inLanguage":"en-US"},{"@type":"Organization","@id":"https:\/\/www.sdpcommerce.com\/#organization","name":"SDP COMMERCE","url":"https:\/\/www.sdpcommerce.com\/","logo":{"@type":"ImageObject","inLanguage":"en-US","@id":"https:\/\/www.sdpcommerce.com\/#\/schema\/logo\/image\/","url":"https:\/\/www.sdpcommerce.com\/wp-content\/uploads\/2025\/02\/Screenshot-2025-02-13-150556.png","contentUrl":"https:\/\/www.sdpcommerce.com\/wp-content\/uploads\/2025\/02\/Screenshot-2025-02-13-150556.png","width":114,"height":108,"caption":"SDP COMMERCE"},"image":{"@id":"https:\/\/www.sdpcommerce.com\/#\/schema\/logo\/image\/"},"sameAs":["https:\/\/www.facebook.com\/profile.php?id=61565795007009#"]}]}},"uagb_featured_image_src":{"full":["https:\/\/www.sdpcommerce.com\/wp-content\/uploads\/2024\/03\/Screenshot-2024-03-23-134126.png",468,627,false],"thumbnail":["https:\/\/www.sdpcommerce.com\/wp-content\/uploads\/2024\/03\/Screenshot-2024-03-23-134126-150x150.png",150,150,true],"medium":["https:\/\/www.sdpcommerce.com\/wp-content\/uploads\/2024\/03\/Screenshot-2024-03-23-134126-224x300.png",224,300,true],"medium_large":["https:\/\/www.sdpcommerce.com\/wp-content\/uploads\/2024\/03\/Screenshot-2024-03-23-134126.png",468,627,false],"large":["https:\/\/www.sdpcommerce.com\/wp-content\/uploads\/2024\/03\/Screenshot-2024-03-23-134126.png",468,627,false],"1536x1536":["https:\/\/www.sdpcommerce.com\/wp-content\/uploads\/2024\/03\/Screenshot-2024-03-23-134126.png",468,627,false],"2048x2048":["https:\/\/www.sdpcommerce.com\/wp-content\/uploads\/2024\/03\/Screenshot-2024-03-23-134126.png",468,627,false],"trp-custom-language-flag":["https:\/\/www.sdpcommerce.com\/wp-content\/uploads\/2024\/03\/Screenshot-2024-03-23-134126.png",9,12,false],"woocommerce_thumbnail":["https:\/\/www.sdpcommerce.com\/wp-content\/uploads\/2024\/03\/Screenshot-2024-03-23-134126-300x300.png",300,300,true],"woocommerce_single":["https:\/\/www.sdpcommerce.com\/wp-content\/uploads\/2024\/03\/Screenshot-2024-03-23-134126.png",468,627,false],"woocommerce_gallery_thumbnail":["https:\/\/www.sdpcommerce.com\/wp-content\/uploads\/2024\/03\/Screenshot-2024-03-23-134126-100x100.png",100,100,true]},"uagb_author_info":{"display_name":"admin","author_link":"https:\/\/www.sdpcommerce.com\/en\/author\/"},"uagb_comment_info":1,"uagb_excerpt":"Electrov\u00e1lvula hidr\u00e1ulica Bosch Rexroth 4WE6J6X\/EG24N9K4 de 4\/2 v\u00edas, tama\u00f1o NG6, operada por solenoide de 24V DC, ideal para automatizaci\u00f3n industrial y maquinaria pesada.","_links":{"self":[{"href":"https:\/\/www.sdpcommerce.com\/en\/wp-json\/wp\/v2\/product\/1476","targetHints":{"allow":["GET"]}}],"collection":[{"href":"https:\/\/www.sdpcommerce.com\/en\/wp-json\/wp\/v2\/product"}],"about":[{"href":"https:\/\/www.sdpcommerce.com\/en\/wp-json\/wp\/v2\/types\/product"}],"replies":[{"embeddable":true,"href":"https:\/\/www.sdpcommerce.com\/en\/wp-json\/wp\/v2\/comments?post=1476"}],"wp:featuredmedia":[{"embeddable":true,"href":"https:\/\/www.sdpcommerce.com\/en\/wp-json\/wp\/v2\/media\/1477"}],"wp:attachment":[{"href":"https:\/\/www.sdpcommerce.com\/en\/wp-json\/wp\/v2\/media?parent=1476"}],"wp:term":[{"taxonomy":"product_brand","embeddable":true,"href":"https:\/\/www.sdpcommerce.com\/en\/wp-json\/wp\/v2\/product_brand?post=1476"},{"taxonomy":"product_cat","embeddable":true,"href":"https:\/\/www.sdpcommerce.com\/en\/wp-json\/wp\/v2\/product_cat?post=1476"},{"taxonomy":"product_tag","embeddable":true,"href":"https:\/\/www.sdpcommerce.com\/en\/wp-json\/wp\/v2\/product_tag?post=1476"}],"curies":[{"name":"wp","href":"https:\/\/api.w.org\/{rel}","templated":true}]}}