{"id":1472,"date":"2024-03-23T20:37:46","date_gmt":"2024-03-23T19:37:46","guid":{"rendered":"https:\/\/www.sdpcommerce.com\/?post_type=product&#038;p=1472"},"modified":"2025-07-24T02:42:20","modified_gmt":"2025-07-24T00:42:20","slug":"producto-square-d-lga36600u31x-600a-powerpact-iline-3-polos","status":"publish","type":"product","link":"https:\/\/www.sdpcommerce.com\/en\/product\/producto-square-d-lga36600u31x-600a-powerpact-iline-3-polos\/","title":{"rendered":"Interruptor Square D LGA36600U31X 600A \u2013 PowerPact I-Line 3 Polos 600V"},"content":{"rendered":"<h3 data-start=\"554\" data-end=\"623\">Interruptor Square D LGA36600U31X \u2013 PowerPact I-Line 600A 3 Polos<\/h3>\n<p data-start=\"625\" data-end=\"811\">El <strong data-start=\"628\" data-end=\"680\">interruptor termomagn\u00e9tico Square D LGA36600U31X<\/strong> pertenece a la confiable serie <strong data-start=\"712\" data-end=\"725\">PowerPact<\/strong>, dise\u00f1ada para brindar <strong data-start=\"749\" data-end=\"810\">protecci\u00f3n confiable de circuitos el\u00e9ctricos industriales<\/strong>.<\/p>\n<p data-start=\"813\" data-end=\"1066\">Este modelo de <strong data-start=\"828\" data-end=\"843\">600 amperes<\/strong>, <strong data-start=\"845\" data-end=\"856\">3 polos<\/strong> y capacidad de hasta <strong data-start=\"878\" data-end=\"893\">600 voltios<\/strong>, est\u00e1 optimizado para sistemas de distribuci\u00f3n el\u00e9ctrica de alto desempe\u00f1o. Compatible con sistemas <strong data-start=\"994\" data-end=\"1004\">I-Line<\/strong>, facilita su integraci\u00f3n en tableros el\u00e9ctricos industriales.<\/p>\n<hr data-start=\"1068\" data-end=\"1071\" \/>\n<h4 data-start=\"1073\" data-end=\"1111\"><strong data-start=\"1081\" data-end=\"1111\">Especificaciones t\u00e9cnicas:<\/strong><\/h4>\n<ul data-start=\"1112\" data-end=\"1408\">\n<li data-start=\"1112\" data-end=\"1156\">\n<p data-start=\"1114\" data-end=\"1156\"><strong data-start=\"1114\" data-end=\"1124\">Marca:<\/strong> Schneider Electric \/ Square D<\/p>\n<\/li>\n<li data-start=\"1157\" data-end=\"1185\">\n<p data-start=\"1159\" data-end=\"1185\"><strong data-start=\"1159\" data-end=\"1170\">Modelo:<\/strong> LGA36600U31X<\/p>\n<\/li>\n<li data-start=\"1186\" data-end=\"1217\">\n<p data-start=\"1188\" data-end=\"1217\"><strong data-start=\"1188\" data-end=\"1198\">Serie:<\/strong> PowerPact I-Line<\/p>\n<\/li>\n<li data-start=\"1218\" data-end=\"1241\">\n<p data-start=\"1220\" data-end=\"1241\"><strong data-start=\"1220\" data-end=\"1233\">Amperaje:<\/strong> 600 A<\/p>\n<\/li>\n<li data-start=\"1242\" data-end=\"1268\">\n<p data-start=\"1244\" data-end=\"1268\"><strong data-start=\"1244\" data-end=\"1264\">N\u00famero de Polos:<\/strong> 3<\/p>\n<\/li>\n<li data-start=\"1269\" data-end=\"1300\">\n<p data-start=\"1271\" data-end=\"1300\"><strong data-start=\"1271\" data-end=\"1290\">Voltaje m\u00e1ximo:<\/strong> 600 VCA<\/p>\n<\/li>\n<li data-start=\"1301\" data-end=\"1332\">\n<p data-start=\"1303\" data-end=\"1332\"><strong data-start=\"1303\" data-end=\"1323\">Tipo de montaje:<\/strong> I-Line<\/p>\n<\/li>\n<li data-start=\"1333\" data-end=\"1375\">\n<p data-start=\"1335\" data-end=\"1375\"><strong data-start=\"1335\" data-end=\"1358\">Tipo de protecci\u00f3n:<\/strong> Termomagn\u00e9tico<\/p>\n<\/li>\n<li data-start=\"1376\" data-end=\"1408\">\n<p data-start=\"1378\" data-end=\"1408\"><strong data-start=\"1378\" data-end=\"1392\">Normativa:<\/strong> UL, ANSI, CSA<\/p>\n<\/li>\n<\/ul>\n<hr data-start=\"1410\" data-end=\"1413\" \/>\n<h4 data-start=\"1415\" data-end=\"1448\"><strong data-start=\"1423\" data-end=\"1448\">Aplicaciones comunes:<\/strong><\/h4>\n<ul data-start=\"1449\" data-end=\"1674\">\n<li data-start=\"1449\" data-end=\"1487\">\n<p data-start=\"1451\" data-end=\"1487\">Tableros de distribuci\u00f3n el\u00e9ctrica<\/p>\n<\/li>\n<li data-start=\"1488\" data-end=\"1519\">\n<p data-start=\"1490\" data-end=\"1519\">Centros de carga industrial<\/p>\n<\/li>\n<li data-start=\"1520\" data-end=\"1577\">\n<p data-start=\"1522\" data-end=\"1577\">Instalaciones el\u00e9ctricas comerciales y manufactureras<\/p>\n<\/li>\n<li data-start=\"1578\" data-end=\"1625\">\n<p data-start=\"1580\" data-end=\"1625\">Proyectos de automatizaci\u00f3n o subestaciones<\/p>\n<\/li>\n<li data-start=\"1626\" data-end=\"1674\">\n<p data-start=\"1628\" data-end=\"1674\">Protecci\u00f3n contra sobrecargas y cortocircuitos<\/p>\n<\/li>\n<\/ul>\n<hr data-start=\"1676\" data-end=\"1679\" \/>\n<p data-start=\"1681\" data-end=\"1827\">\u2705 Producto original de alta calidad<br data-start=\"1716\" data-end=\"1719\" \/>\u2705 Protecci\u00f3n robusta y confiable para equipos cr\u00edticos<br data-start=\"1773\" data-end=\"1776\" \/>\u2705 <strong data-start=\"1778\" data-end=\"1827\">Env\u00edo disponible a toda la Rep\u00fablica Mexicana<\/strong><\/p>","protected":false},"excerpt":{"rendered":"<p>Interruptor autom\u00e1tico Square D modelo LGA36600U31X, l\u00ednea PowerPact I-Line, de 600 Amperes, 3 polos, ideal para protecci\u00f3n de sistemas el\u00e9ctricos industriales de hasta 600V.<\/p>","protected":false},"featured_media":1473,"comment_status":"open","ping_status":"closed","template":"","meta":{"om_disable_all_campaigns":false,"_uag_custom_page_level_css":"","_monsterinsights_skip_tracking":false,"_monsterinsights_sitenote_active":false,"_monsterinsights_sitenote_note":"","_monsterinsights_sitenote_category":0,"site-sidebar-layout":"default","site-content-layout":"","ast-site-content-layout":"default","site-content-style":"default","site-sidebar-style":"default","ast-global-header-display":"","ast-banner-title-visibility":"","ast-main-header-display":"","ast-hfb-above-header-display":"","ast-hfb-below-header-display":"","ast-hfb-mobile-header-display":"","site-post-title":"","ast-breadcrumbs-content":"","ast-featured-img":"","footer-sml-layout":"","theme-transparent-header-meta":"default","adv-header-id-meta":"","stick-header-meta":"","header-above-stick-meta":"","header-main-stick-meta":"","header-below-stick-meta":"","astra-migrate-meta-layouts":"set","ast-page-background-enabled":"default","ast-page-background-meta":{"desktop":{"background-color":"var(--ast-global-color-4)","background-image":"","background-repeat":"repeat","background-position":"center center","background-size":"auto","background-attachment":"scroll","background-type":"","background-media":"","overlay-type":"","overlay-color":"","overlay-gradient":""},"tablet":{"background-color":"","background-image":"","background-repeat":"repeat","background-position":"center center","background-size":"auto","background-attachment":"scroll","background-type":"","background-media":"","overlay-type":"","overlay-color":"","overlay-gradient":""},"mobile":{"background-color":"","background-image":"","background-repeat":"repeat","background-position":"center center","background-size":"auto","background-attachment":"scroll","background-type":"","background-media":"","overlay-type":"","overlay-color":"","overlay-gradient":""}},"ast-content-background-meta":{"desktop":{"background-color":"var(--ast-global-color-5)","background-image":"","background-repeat":"repeat","background-position":"center center","background-size":"auto","background-attachment":"scroll","background-type":"","background-media":"","overlay-type":"","overlay-color":"","overlay-gradient":""},"tablet":{"background-color":"var(--ast-global-color-5)","background-image":"","background-repeat":"repeat","background-position":"center center","background-size":"auto","background-attachment":"scroll","background-type":"","background-media":"","overlay-type":"","overlay-color":"","overlay-gradient":""},"mobile":{"background-color":"var(--ast-global-color-5)","background-image":"","background-repeat":"repeat","background-position":"center center","background-size":"auto","background-attachment":"scroll","background-type":"","background-media":"","overlay-type":"","overlay-color":"","overlay-gradient":""}}},"product_brand":[],"product_cat":[30],"product_tag":[257,259,256,260,258,255],"class_list":{"0":"post-1472","1":"product","2":"type-product","3":"status-publish","4":"has-post-thumbnail","6":"product_cat-refacciones-industriales","7":"product_tag-interruptor-600a","8":"product_tag-interruptor-industrial","9":"product_tag-powerpact-i-line","10":"product_tag-proteccion-electrica","11":"product_tag-schneider-electric","12":"product_tag-square-d","13":"desktop-align-left","14":"tablet-align-left","15":"mobile-align-left","17":"first","18":"instock","19":"shipping-taxable","20":"product-type-simple"},"yoast_head":"<!-- This site is optimized with the Yoast SEO plugin v27.4 - https:\/\/yoast.com\/product\/yoast-seo-wordpress\/ -->\n<title>Interruptor Square D LGA36600U31X 600A \u2013 PowerPact I-Line 3 Polos 600V - &lt;strong&gt;Un buen proveedor no solo vende, asesora y soluciona&lt;\/strong&gt;<\/title>\n<meta name=\"description\" content=\"Interruptor Square D LGA36600U31X PowerPact I-Line 600A, 3 polos, para sistemas el\u00e9ctricos industriales de hasta 600V. Compra con env\u00edo a todo M\u00e9xico.\" \/>\n<meta name=\"robots\" content=\"index, follow, max-snippet:-1, max-image-preview:large, max-video-preview:-1\" \/>\n<link rel=\"canonical\" href=\"https:\/\/www.sdpcommerce.com\/en\/product\/producto-square-d-lga36600u31x-600a-powerpact-iline-3-polos\/\" \/>\n<meta property=\"og:locale\" content=\"en_US\" \/>\n<meta property=\"og:type\" content=\"article\" \/>\n<meta property=\"og:title\" content=\"Interruptor Square D LGA36600U31X 600A \u2013 PowerPact I-Line 3 Polos 600V - &lt;strong&gt;Un buen proveedor no solo vende, asesora y soluciona&lt;\/strong&gt;\" \/>\n<meta property=\"og:description\" content=\"Interruptor Square D LGA36600U31X PowerPact I-Line 600A, 3 polos, para sistemas el\u00e9ctricos industriales de hasta 600V. Compra con env\u00edo a todo M\u00e9xico.\" \/>\n<meta property=\"og:url\" content=\"https:\/\/www.sdpcommerce.com\/en\/product\/producto-square-d-lga36600u31x-600a-powerpact-iline-3-polos\/\" \/>\n<meta property=\"og:site_name\" content=\"&lt;strong&gt;Un buen proveedor no solo vende, asesora y soluciona&lt;\/strong&gt;\" \/>\n<meta property=\"article:publisher\" content=\"https:\/\/www.facebook.com\/profile.php?id=61565795007009#\" \/>\n<meta property=\"article:modified_time\" content=\"2025-07-24T00:42:20+00:00\" \/>\n<meta property=\"og:image\" content=\"https:\/\/www.sdpcommerce.com\/wp-content\/uploads\/2024\/03\/Screenshot-2024-03-23-133626.png\" \/>\n\t<meta property=\"og:image:width\" content=\"474\" \/>\n\t<meta property=\"og:image:height\" content=\"359\" \/>\n\t<meta property=\"og:image:type\" content=\"image\/png\" \/>\n<meta name=\"twitter:card\" content=\"summary_large_image\" \/>\n<meta name=\"twitter:label1\" content=\"Est. reading time\" \/>\n\t<meta name=\"twitter:data1\" content=\"1 minute\" \/>\n<script type=\"application\/ld+json\" class=\"yoast-schema-graph\">{\"@context\":\"https:\\\/\\\/schema.org\",\"@graph\":[{\"@type\":\"WebPage\",\"@id\":\"https:\\\/\\\/www.sdpcommerce.com\\\/producto\\\/producto-square-d-lga36600u31x-600a-powerpact-iline-3-polos\\\/\",\"url\":\"https:\\\/\\\/www.sdpcommerce.com\\\/producto\\\/producto-square-d-lga36600u31x-600a-powerpact-iline-3-polos\\\/\",\"name\":\"Interruptor Square D LGA36600U31X 600A \u2013 PowerPact I-Line 3 Polos 600V - &lt;strong&gt;Un buen proveedor no solo vende, asesora y soluciona&lt;\\\/strong&gt;\",\"isPartOf\":{\"@id\":\"https:\\\/\\\/www.sdpcommerce.com\\\/#website\"},\"primaryImageOfPage\":{\"@id\":\"https:\\\/\\\/www.sdpcommerce.com\\\/producto\\\/producto-square-d-lga36600u31x-600a-powerpact-iline-3-polos\\\/#primaryimage\"},\"image\":{\"@id\":\"https:\\\/\\\/www.sdpcommerce.com\\\/producto\\\/producto-square-d-lga36600u31x-600a-powerpact-iline-3-polos\\\/#primaryimage\"},\"thumbnailUrl\":\"https:\\\/\\\/www.sdpcommerce.com\\\/wp-content\\\/uploads\\\/2024\\\/03\\\/Screenshot-2024-03-23-133626.png\",\"datePublished\":\"2024-03-23T19:37:46+00:00\",\"dateModified\":\"2025-07-24T00:42:20+00:00\",\"description\":\"Interruptor Square D LGA36600U31X PowerPact I-Line 600A, 3 polos, para sistemas el\u00e9ctricos industriales de hasta 600V. Compra con env\u00edo a todo M\u00e9xico.\",\"breadcrumb\":{\"@id\":\"https:\\\/\\\/www.sdpcommerce.com\\\/producto\\\/producto-square-d-lga36600u31x-600a-powerpact-iline-3-polos\\\/#breadcrumb\"},\"inLanguage\":\"en-US\",\"potentialAction\":[{\"@type\":\"ReadAction\",\"target\":[\"https:\\\/\\\/www.sdpcommerce.com\\\/producto\\\/producto-square-d-lga36600u31x-600a-powerpact-iline-3-polos\\\/\"]}]},{\"@type\":\"ImageObject\",\"inLanguage\":\"en-US\",\"@id\":\"https:\\\/\\\/www.sdpcommerce.com\\\/producto\\\/producto-square-d-lga36600u31x-600a-powerpact-iline-3-polos\\\/#primaryimage\",\"url\":\"https:\\\/\\\/www.sdpcommerce.com\\\/wp-content\\\/uploads\\\/2024\\\/03\\\/Screenshot-2024-03-23-133626.png\",\"contentUrl\":\"https:\\\/\\\/www.sdpcommerce.com\\\/wp-content\\\/uploads\\\/2024\\\/03\\\/Screenshot-2024-03-23-133626.png\",\"width\":474,\"height\":359},{\"@type\":\"BreadcrumbList\",\"@id\":\"https:\\\/\\\/www.sdpcommerce.com\\\/producto\\\/producto-square-d-lga36600u31x-600a-powerpact-iline-3-polos\\\/#breadcrumb\",\"itemListElement\":[{\"@type\":\"ListItem\",\"position\":1,\"name\":\"Portada\",\"item\":\"https:\\\/\\\/www.sdpcommerce.com\\\/\"},{\"@type\":\"ListItem\",\"position\":2,\"name\":\"STORE\",\"item\":\"https:\\\/\\\/www.sdpcommerce.com\\\/shop-replacement-parts\\\/\"},{\"@type\":\"ListItem\",\"position\":3,\"name\":\"Refacciones Industriales | Repuestos para Maquinaria y Equipos\",\"item\":\"https:\\\/\\\/www.sdpcommerce.com\\\/categoria-producto\\\/refacciones-industriales\\\/\"},{\"@type\":\"ListItem\",\"position\":4,\"name\":\"Interruptor Square D LGA36600U31X 600A \u2013 PowerPact I-Line 3 Polos 600V\"}]},{\"@type\":\"WebSite\",\"@id\":\"https:\\\/\\\/www.sdpcommerce.com\\\/#website\",\"url\":\"https:\\\/\\\/www.sdpcommerce.com\\\/\",\"name\":\"SDP COMMERCE\",\"description\":\" Contar con un proveedor que no solo te diga \u201cya no existe\u201d, sino que &lt;strong&gt;te proponga un reemplazo funcional&lt;\\\/strong&gt;, es una ventaja competitiva. Algunas acciones que realiza un proveedor proactivo\",\"publisher\":{\"@id\":\"https:\\\/\\\/www.sdpcommerce.com\\\/#organization\"},\"potentialAction\":[{\"@type\":\"SearchAction\",\"target\":{\"@type\":\"EntryPoint\",\"urlTemplate\":\"https:\\\/\\\/www.sdpcommerce.com\\\/?s={search_term_string}\"},\"query-input\":{\"@type\":\"PropertyValueSpecification\",\"valueRequired\":true,\"valueName\":\"search_term_string\"}}],\"inLanguage\":\"en-US\"},{\"@type\":\"Organization\",\"@id\":\"https:\\\/\\\/www.sdpcommerce.com\\\/#organization\",\"name\":\"SDP COMMERCE\",\"url\":\"https:\\\/\\\/www.sdpcommerce.com\\\/\",\"logo\":{\"@type\":\"ImageObject\",\"inLanguage\":\"en-US\",\"@id\":\"https:\\\/\\\/www.sdpcommerce.com\\\/#\\\/schema\\\/logo\\\/image\\\/\",\"url\":\"https:\\\/\\\/www.sdpcommerce.com\\\/wp-content\\\/uploads\\\/2025\\\/02\\\/Screenshot-2025-02-13-150556.png\",\"contentUrl\":\"https:\\\/\\\/www.sdpcommerce.com\\\/wp-content\\\/uploads\\\/2025\\\/02\\\/Screenshot-2025-02-13-150556.png\",\"width\":114,\"height\":108,\"caption\":\"SDP COMMERCE\"},\"image\":{\"@id\":\"https:\\\/\\\/www.sdpcommerce.com\\\/#\\\/schema\\\/logo\\\/image\\\/\"},\"sameAs\":[\"https:\\\/\\\/www.facebook.com\\\/profile.php?id=61565795007009#\"]}]}<\/script>\n<!-- \/ Yoast SEO plugin. -->","yoast_head_json":{"title":"Interruptor Square D LGA36600U31X 600A &ndash; PowerPact I-Line 3 Polos 600V - &lt;strong&gt;Un buen proveedor no solo vende, asesora y soluciona&lt;\/strong&gt;","description":"Interruptor Square D LGA36600U31X PowerPact I-Line 600A, 3 polos, para sistemas el\u00e9ctricos industriales de hasta 600V. Compra con env\u00edo a todo M\u00e9xico.","robots":{"index":"index","follow":"follow","max-snippet":"max-snippet:-1","max-image-preview":"max-image-preview:large","max-video-preview":"max-video-preview:-1"},"canonical":"https:\/\/www.sdpcommerce.com\/en\/product\/producto-square-d-lga36600u31x-600a-powerpact-iline-3-polos\/","og_locale":"en_US","og_type":"article","og_title":"Interruptor Square D LGA36600U31X 600A \u2013 PowerPact I-Line 3 Polos 600V - &lt;strong&gt;Un buen proveedor no solo vende, asesora y soluciona&lt;\/strong&gt;","og_description":"Interruptor Square D LGA36600U31X PowerPact I-Line 600A, 3 polos, para sistemas el\u00e9ctricos industriales de hasta 600V. Compra con env\u00edo a todo M\u00e9xico.","og_url":"https:\/\/www.sdpcommerce.com\/en\/product\/producto-square-d-lga36600u31x-600a-powerpact-iline-3-polos\/","og_site_name":"&lt;strong&gt;Un buen proveedor no solo vende, asesora y soluciona&lt;\/strong&gt;","article_publisher":"https:\/\/www.facebook.com\/profile.php?id=61565795007009#","article_modified_time":"2025-07-24T00:42:20+00:00","og_image":[{"width":474,"height":359,"url":"https:\/\/www.sdpcommerce.com\/wp-content\/uploads\/2024\/03\/Screenshot-2024-03-23-133626.png","type":"image\/png"}],"twitter_card":"summary_large_image","twitter_misc":{"Est. reading time":"1 minute"},"schema":{"@context":"https:\/\/schema.org","@graph":[{"@type":"WebPage","@id":"https:\/\/www.sdpcommerce.com\/producto\/producto-square-d-lga36600u31x-600a-powerpact-iline-3-polos\/","url":"https:\/\/www.sdpcommerce.com\/producto\/producto-square-d-lga36600u31x-600a-powerpact-iline-3-polos\/","name":"Interruptor Square D LGA36600U31X 600A &ndash; PowerPact I-Line 3 Polos 600V - &lt;strong&gt;Un buen proveedor no solo vende, asesora y soluciona&lt;\/strong&gt;","isPartOf":{"@id":"https:\/\/www.sdpcommerce.com\/#website"},"primaryImageOfPage":{"@id":"https:\/\/www.sdpcommerce.com\/producto\/producto-square-d-lga36600u31x-600a-powerpact-iline-3-polos\/#primaryimage"},"image":{"@id":"https:\/\/www.sdpcommerce.com\/producto\/producto-square-d-lga36600u31x-600a-powerpact-iline-3-polos\/#primaryimage"},"thumbnailUrl":"https:\/\/www.sdpcommerce.com\/wp-content\/uploads\/2024\/03\/Screenshot-2024-03-23-133626.png","datePublished":"2024-03-23T19:37:46+00:00","dateModified":"2025-07-24T00:42:20+00:00","description":"Interruptor Square D LGA36600U31X PowerPact I-Line 600A, 3 polos, para sistemas el\u00e9ctricos industriales de hasta 600V. Compra con env\u00edo a todo M\u00e9xico.","breadcrumb":{"@id":"https:\/\/www.sdpcommerce.com\/producto\/producto-square-d-lga36600u31x-600a-powerpact-iline-3-polos\/#breadcrumb"},"inLanguage":"en-US","potentialAction":[{"@type":"ReadAction","target":["https:\/\/www.sdpcommerce.com\/producto\/producto-square-d-lga36600u31x-600a-powerpact-iline-3-polos\/"]}]},{"@type":"ImageObject","inLanguage":"en-US","@id":"https:\/\/www.sdpcommerce.com\/producto\/producto-square-d-lga36600u31x-600a-powerpact-iline-3-polos\/#primaryimage","url":"https:\/\/www.sdpcommerce.com\/wp-content\/uploads\/2024\/03\/Screenshot-2024-03-23-133626.png","contentUrl":"https:\/\/www.sdpcommerce.com\/wp-content\/uploads\/2024\/03\/Screenshot-2024-03-23-133626.png","width":474,"height":359},{"@type":"BreadcrumbList","@id":"https:\/\/www.sdpcommerce.com\/producto\/producto-square-d-lga36600u31x-600a-powerpact-iline-3-polos\/#breadcrumb","itemListElement":[{"@type":"ListItem","position":1,"name":"Portada","item":"https:\/\/www.sdpcommerce.com\/"},{"@type":"ListItem","position":2,"name":"STORE","item":"https:\/\/www.sdpcommerce.com\/shop-replacement-parts\/"},{"@type":"ListItem","position":3,"name":"Refacciones Industriales | Repuestos para Maquinaria y Equipos","item":"https:\/\/www.sdpcommerce.com\/categoria-producto\/refacciones-industriales\/"},{"@type":"ListItem","position":4,"name":"Interruptor Square D LGA36600U31X 600A \u2013 PowerPact I-Line 3 Polos 600V"}]},{"@type":"WebSite","@id":"https:\/\/www.sdpcommerce.com\/#website","url":"https:\/\/www.sdpcommerce.com\/","name":"SDP COMMERCE","description":"Contar con un proveedor que no solo te diga &ldquo;ya no existe&rdquo;, sino que &lt;strong&gt;te proponga un reemplazo funcional&lt;\/strong&gt;, es una ventaja competitiva. Algunas acciones que realiza un proveedor proactivo","publisher":{"@id":"https:\/\/www.sdpcommerce.com\/#organization"},"potentialAction":[{"@type":"SearchAction","target":{"@type":"EntryPoint","urlTemplate":"https:\/\/www.sdpcommerce.com\/?s={search_term_string}"},"query-input":{"@type":"PropertyValueSpecification","valueRequired":true,"valueName":"search_term_string"}}],"inLanguage":"en-US"},{"@type":"Organization","@id":"https:\/\/www.sdpcommerce.com\/#organization","name":"SDP COMMERCE","url":"https:\/\/www.sdpcommerce.com\/","logo":{"@type":"ImageObject","inLanguage":"en-US","@id":"https:\/\/www.sdpcommerce.com\/#\/schema\/logo\/image\/","url":"https:\/\/www.sdpcommerce.com\/wp-content\/uploads\/2025\/02\/Screenshot-2025-02-13-150556.png","contentUrl":"https:\/\/www.sdpcommerce.com\/wp-content\/uploads\/2025\/02\/Screenshot-2025-02-13-150556.png","width":114,"height":108,"caption":"SDP COMMERCE"},"image":{"@id":"https:\/\/www.sdpcommerce.com\/#\/schema\/logo\/image\/"},"sameAs":["https:\/\/www.facebook.com\/profile.php?id=61565795007009#"]}]}},"uagb_featured_image_src":{"full":["https:\/\/www.sdpcommerce.com\/wp-content\/uploads\/2024\/03\/Screenshot-2024-03-23-133626.png",474,359,false],"thumbnail":["https:\/\/www.sdpcommerce.com\/wp-content\/uploads\/2024\/03\/Screenshot-2024-03-23-133626-150x150.png",150,150,true],"medium":["https:\/\/www.sdpcommerce.com\/wp-content\/uploads\/2024\/03\/Screenshot-2024-03-23-133626-300x227.png",300,227,true],"medium_large":["https:\/\/www.sdpcommerce.com\/wp-content\/uploads\/2024\/03\/Screenshot-2024-03-23-133626.png",474,359,false],"large":["https:\/\/www.sdpcommerce.com\/wp-content\/uploads\/2024\/03\/Screenshot-2024-03-23-133626.png",474,359,false],"1536x1536":["https:\/\/www.sdpcommerce.com\/wp-content\/uploads\/2024\/03\/Screenshot-2024-03-23-133626.png",474,359,false],"2048x2048":["https:\/\/www.sdpcommerce.com\/wp-content\/uploads\/2024\/03\/Screenshot-2024-03-23-133626.png",474,359,false],"trp-custom-language-flag":["https:\/\/www.sdpcommerce.com\/wp-content\/uploads\/2024\/03\/Screenshot-2024-03-23-133626.png",16,12,false],"woocommerce_thumbnail":["https:\/\/www.sdpcommerce.com\/wp-content\/uploads\/2024\/03\/Screenshot-2024-03-23-133626-300x300.png",300,300,true],"woocommerce_single":["https:\/\/www.sdpcommerce.com\/wp-content\/uploads\/2024\/03\/Screenshot-2024-03-23-133626.png",474,359,false],"woocommerce_gallery_thumbnail":["https:\/\/www.sdpcommerce.com\/wp-content\/uploads\/2024\/03\/Screenshot-2024-03-23-133626-100x100.png",100,100,true]},"uagb_author_info":{"display_name":"admin","author_link":"https:\/\/www.sdpcommerce.com\/en\/author\/"},"uagb_comment_info":0,"uagb_excerpt":"Interruptor autom\u00e1tico Square D modelo LGA36600U31X, l\u00ednea PowerPact I-Line, de 600 Amperes, 3 polos, ideal para protecci\u00f3n de sistemas el\u00e9ctricos industriales de hasta 600V.","_links":{"self":[{"href":"https:\/\/www.sdpcommerce.com\/en\/wp-json\/wp\/v2\/product\/1472","targetHints":{"allow":["GET"]}}],"collection":[{"href":"https:\/\/www.sdpcommerce.com\/en\/wp-json\/wp\/v2\/product"}],"about":[{"href":"https:\/\/www.sdpcommerce.com\/en\/wp-json\/wp\/v2\/types\/product"}],"replies":[{"embeddable":true,"href":"https:\/\/www.sdpcommerce.com\/en\/wp-json\/wp\/v2\/comments?post=1472"}],"wp:featuredmedia":[{"embeddable":true,"href":"https:\/\/www.sdpcommerce.com\/en\/wp-json\/wp\/v2\/media\/1473"}],"wp:attachment":[{"href":"https:\/\/www.sdpcommerce.com\/en\/wp-json\/wp\/v2\/media?parent=1472"}],"wp:term":[{"taxonomy":"product_brand","embeddable":true,"href":"https:\/\/www.sdpcommerce.com\/en\/wp-json\/wp\/v2\/product_brand?post=1472"},{"taxonomy":"product_cat","embeddable":true,"href":"https:\/\/www.sdpcommerce.com\/en\/wp-json\/wp\/v2\/product_cat?post=1472"},{"taxonomy":"product_tag","embeddable":true,"href":"https:\/\/www.sdpcommerce.com\/en\/wp-json\/wp\/v2\/product_tag?post=1472"}],"curies":[{"name":"wp","href":"https:\/\/api.w.org\/{rel}","templated":true}]}}