{"id":1470,"date":"2024-03-23T20:27:51","date_gmt":"2024-03-23T19:27:51","guid":{"rendered":"https:\/\/www.sdpcommerce.com\/?post_type=product&#038;p=1470"},"modified":"2025-07-24T02:45:12","modified_gmt":"2025-07-24T00:45:12","slug":"producto-sensor-proximidad-koino-kh-301-3203-industrial","status":"publish","type":"product","link":"https:\/\/www.sdpcommerce.com\/en\/product\/producto-sensor-proximidad-koino-kh-301-3203-industrial\/","title":{"rendered":"Sensor KOINO KH-301-3203 \u2013 Sensor de Proximidad Industrial"},"content":{"rendered":"<h3 data-start=\"450\" data-end=\"540\">Sensor de Proximidad KOINO KH-301-3203 \u2013 Alta Precisi\u00f3n para Automatizaci\u00f3n Industrial<\/h3>\n<p data-start=\"542\" data-end=\"796\">El <strong data-start=\"545\" data-end=\"566\">KOINO KH-301-3203<\/strong> es un sensor de proximidad dise\u00f1ado para detectar objetos met\u00e1licos sin contacto directo, con alta precisi\u00f3n y rapidez. Este sensor es ideal para sistemas de control, manufactura automatizada, y monitoreo en l\u00edneas de producci\u00f3n.<\/p>\n<hr data-start=\"798\" data-end=\"801\" \/>\n<h4 data-start=\"803\" data-end=\"841\"><strong data-start=\"811\" data-end=\"841\">Especificaciones T\u00e9cnicas:<\/strong><\/h4>\n<ul data-start=\"842\" data-end=\"1269\">\n<li data-start=\"842\" data-end=\"862\">\n<p data-start=\"844\" data-end=\"862\"><strong data-start=\"844\" data-end=\"854\">Marca:<\/strong> KOINO<\/p>\n<\/li>\n<li data-start=\"863\" data-end=\"890\">\n<p data-start=\"865\" data-end=\"890\"><strong data-start=\"865\" data-end=\"876\">Modelo:<\/strong> KH-301-3203<\/p>\n<\/li>\n<li data-start=\"891\" data-end=\"935\">\n<p data-start=\"893\" data-end=\"935\"><strong data-start=\"893\" data-end=\"902\">Tipo:<\/strong> Sensor de proximidad inductivo<\/p>\n<\/li>\n<li data-start=\"936\" data-end=\"1009\">\n<p data-start=\"938\" data-end=\"1009\"><strong data-start=\"938\" data-end=\"961\">Rango de detecci\u00f3n:<\/strong> (Consultar ficha t\u00e9cnica, t\u00edpicamente 3-5 mm)<\/p>\n<\/li>\n<li data-start=\"1010\" data-end=\"1078\">\n<p data-start=\"1012\" data-end=\"1078\"><strong data-start=\"1012\" data-end=\"1023\">Salida:<\/strong> (NPN\/PNP, normalmente abierto o cerrado \u2013 verificar)<\/p>\n<\/li>\n<li data-start=\"1079\" data-end=\"1150\">\n<p data-start=\"1081\" data-end=\"1150\"><strong data-start=\"1081\" data-end=\"1106\">Voltaje de operaci\u00f3n:<\/strong> (Consultar manual, t\u00edpicamente 10-30 VDC)<\/p>\n<\/li>\n<li data-start=\"1151\" data-end=\"1223\">\n<p data-start=\"1153\" data-end=\"1223\"><strong data-start=\"1153\" data-end=\"1165\">Montaje:<\/strong> Montaje compacto, est\u00e1ndar M12 (o seg\u00fan especificaci\u00f3n)<\/p>\n<\/li>\n<li data-start=\"1224\" data-end=\"1269\">\n<p data-start=\"1226\" data-end=\"1269\"><strong data-start=\"1226\" data-end=\"1239\">Material:<\/strong> Carcasa met\u00e1lica resistente<\/p>\n<\/li>\n<\/ul>\n<hr data-start=\"1271\" data-end=\"1274\" \/>\n<h4 data-start=\"1276\" data-end=\"1310\">\u00a0A<strong data-start=\"1285\" data-end=\"1310\">plicaciones comunes:<\/strong><\/h4>\n<ul data-start=\"1311\" data-end=\"1491\">\n<li data-start=\"1311\" data-end=\"1359\">\n<p data-start=\"1313\" data-end=\"1359\">Control de presencia en l\u00edneas automatizadas<\/p>\n<\/li>\n<li data-start=\"1360\" data-end=\"1394\">\n<p data-start=\"1362\" data-end=\"1394\">Detecci\u00f3n de objetos met\u00e1licos<\/p>\n<\/li>\n<li data-start=\"1395\" data-end=\"1431\">\n<p data-start=\"1397\" data-end=\"1431\">Sistemas de seguridad industrial<\/p>\n<\/li>\n<li data-start=\"1432\" data-end=\"1450\">\n<p data-start=\"1434\" data-end=\"1450\">Maquinaria CNC<\/p>\n<\/li>\n<li data-start=\"1451\" data-end=\"1491\">\n<p data-start=\"1453\" data-end=\"1491\">Sistemas de transporte y empaquetado<\/p>\n<\/li>\n<\/ul>\n<hr data-start=\"1493\" data-end=\"1496\" \/>\n<p data-start=\"1498\" data-end=\"1632\">\u2705 Sensor industrial confiable y robusto<br data-start=\"1537\" data-end=\"1540\" \/>\u2705 F\u00e1cil instalaci\u00f3n y configuraci\u00f3n<br data-start=\"1575\" data-end=\"1578\" \/>\u2705 Compatible con sistemas de automatizaci\u00f3n modernos<\/p>\n<hr data-start=\"1634\" data-end=\"1637\" \/>\n<p data-start=\"1639\" data-end=\"1775\">Producto original disponible para env\u00edo inmediato<br data-start=\"1691\" data-end=\"1694\" \/>\u00a0Env\u00edos a toda la Rep\u00fablica Mexicana<br data-start=\"1732\" data-end=\"1735\" \/>Soporte t\u00e9cnico y asesor\u00eda incluida<\/p>","protected":false},"excerpt":{"rendered":"<p>Sensor de proximidad KOINO modelo KH-301-3203, ideal para detecci\u00f3n sin contacto en aplicaciones industriales y automatizaci\u00f3n.<\/p>","protected":false},"featured_media":1471,"comment_status":"open","ping_status":"closed","template":"","meta":{"om_disable_all_campaigns":false,"_uag_custom_page_level_css":"","_monsterinsights_skip_tracking":false,"_monsterinsights_sitenote_active":false,"_monsterinsights_sitenote_note":"","_monsterinsights_sitenote_category":0,"site-sidebar-layout":"default","site-content-layout":"","ast-site-content-layout":"default","site-content-style":"default","site-sidebar-style":"default","ast-global-header-display":"","ast-banner-title-visibility":"","ast-main-header-display":"","ast-hfb-above-header-display":"","ast-hfb-below-header-display":"","ast-hfb-mobile-header-display":"","site-post-title":"","ast-breadcrumbs-content":"","ast-featured-img":"","footer-sml-layout":"","theme-transparent-header-meta":"default","adv-header-id-meta":"","stick-header-meta":"","header-above-stick-meta":"","header-main-stick-meta":"","header-below-stick-meta":"","astra-migrate-meta-layouts":"set","ast-page-background-enabled":"default","ast-page-background-meta":{"desktop":{"background-color":"var(--ast-global-color-4)","background-image":"","background-repeat":"repeat","background-position":"center center","background-size":"auto","background-attachment":"scroll","background-type":"","background-media":"","overlay-type":"","overlay-color":"","overlay-gradient":""},"tablet":{"background-color":"","background-image":"","background-repeat":"repeat","background-position":"center center","background-size":"auto","background-attachment":"scroll","background-type":"","background-media":"","overlay-type":"","overlay-color":"","overlay-gradient":""},"mobile":{"background-color":"","background-image":"","background-repeat":"repeat","background-position":"center center","background-size":"auto","background-attachment":"scroll","background-type":"","background-media":"","overlay-type":"","overlay-color":"","overlay-gradient":""}},"ast-content-background-meta":{"desktop":{"background-color":"var(--ast-global-color-5)","background-image":"","background-repeat":"repeat","background-position":"center center","background-size":"auto","background-attachment":"scroll","background-type":"","background-media":"","overlay-type":"","overlay-color":"","overlay-gradient":""},"tablet":{"background-color":"var(--ast-global-color-5)","background-image":"","background-repeat":"repeat","background-position":"center center","background-size":"auto","background-attachment":"scroll","background-type":"","background-media":"","overlay-type":"","overlay-color":"","overlay-gradient":""},"mobile":{"background-color":"var(--ast-global-color-5)","background-image":"","background-repeat":"repeat","background-position":"center center","background-size":"auto","background-attachment":"scroll","background-type":"","background-media":"","overlay-type":"","overlay-color":"","overlay-gradient":""}}},"product_brand":[],"product_cat":[30],"product_tag":[173,263,261,251,262],"class_list":{"0":"post-1470","1":"product","2":"type-product","3":"status-publish","4":"has-post-thumbnail","6":"product_cat-refacciones-industriales","7":"product_tag-automatizacion-industrial","8":"product_tag-deteccion-sin-contacto","9":"product_tag-koino","10":"product_tag-refacciones-industriales","11":"product_tag-sensor-inductivo","12":"desktop-align-left","13":"tablet-align-left","14":"mobile-align-left","16":"first","17":"instock","18":"shipping-taxable","19":"purchasable","20":"product-type-simple"},"yoast_head":"<!-- This site is optimized with the Yoast SEO plugin v27.4 - https:\/\/yoast.com\/product\/yoast-seo-wordpress\/ -->\n<title>Sensor KOINO KH-301-3203 \u2013 Sensor de Proximidad Industrial - &lt;strong&gt;Un buen proveedor no solo vende, asesora y soluciona&lt;\/strong&gt;<\/title>\n<meta name=\"description\" content=\"Sensor de proximidad KOINO KH-301-3203 para detecci\u00f3n sin contacto en automatizaci\u00f3n industrial. Env\u00edos a todo M\u00e9xico. Producto original.\" \/>\n<meta name=\"robots\" content=\"index, follow, max-snippet:-1, max-image-preview:large, max-video-preview:-1\" \/>\n<link rel=\"canonical\" href=\"https:\/\/www.sdpcommerce.com\/en\/product\/producto-sensor-proximidad-koino-kh-301-3203-industrial\/\" \/>\n<meta property=\"og:locale\" content=\"en_US\" \/>\n<meta property=\"og:type\" content=\"article\" \/>\n<meta property=\"og:title\" content=\"Sensor KOINO KH-301-3203 \u2013 Sensor de Proximidad Industrial - &lt;strong&gt;Un buen proveedor no solo vende, asesora y soluciona&lt;\/strong&gt;\" \/>\n<meta property=\"og:description\" content=\"Sensor de proximidad KOINO KH-301-3203 para detecci\u00f3n sin contacto en automatizaci\u00f3n industrial. Env\u00edos a todo M\u00e9xico. Producto original.\" \/>\n<meta property=\"og:url\" content=\"https:\/\/www.sdpcommerce.com\/en\/product\/producto-sensor-proximidad-koino-kh-301-3203-industrial\/\" \/>\n<meta property=\"og:site_name\" content=\"&lt;strong&gt;Un buen proveedor no solo vende, asesora y soluciona&lt;\/strong&gt;\" \/>\n<meta property=\"article:publisher\" content=\"https:\/\/www.facebook.com\/profile.php?id=61565795007009#\" \/>\n<meta property=\"article:modified_time\" content=\"2025-07-24T00:45:12+00:00\" \/>\n<meta property=\"og:image\" content=\"https:\/\/www.sdpcommerce.com\/wp-content\/uploads\/2024\/03\/Screenshot-2024-03-23-132725.png\" \/>\n\t<meta property=\"og:image:width\" content=\"168\" \/>\n\t<meta property=\"og:image:height\" content=\"180\" \/>\n\t<meta property=\"og:image:type\" content=\"image\/png\" \/>\n<meta name=\"twitter:card\" content=\"summary_large_image\" \/>\n<meta name=\"twitter:label1\" content=\"Est. reading time\" \/>\n\t<meta name=\"twitter:data1\" content=\"1 minute\" \/>\n<script type=\"application\/ld+json\" class=\"yoast-schema-graph\">{\"@context\":\"https:\\\/\\\/schema.org\",\"@graph\":[{\"@type\":\"WebPage\",\"@id\":\"https:\\\/\\\/www.sdpcommerce.com\\\/producto\\\/producto-sensor-proximidad-koino-kh-301-3203-industrial\\\/\",\"url\":\"https:\\\/\\\/www.sdpcommerce.com\\\/producto\\\/producto-sensor-proximidad-koino-kh-301-3203-industrial\\\/\",\"name\":\"Sensor KOINO KH-301-3203 \u2013 Sensor de Proximidad Industrial - &lt;strong&gt;Un buen proveedor no solo vende, asesora y soluciona&lt;\\\/strong&gt;\",\"isPartOf\":{\"@id\":\"https:\\\/\\\/www.sdpcommerce.com\\\/#website\"},\"primaryImageOfPage\":{\"@id\":\"https:\\\/\\\/www.sdpcommerce.com\\\/producto\\\/producto-sensor-proximidad-koino-kh-301-3203-industrial\\\/#primaryimage\"},\"image\":{\"@id\":\"https:\\\/\\\/www.sdpcommerce.com\\\/producto\\\/producto-sensor-proximidad-koino-kh-301-3203-industrial\\\/#primaryimage\"},\"thumbnailUrl\":\"https:\\\/\\\/www.sdpcommerce.com\\\/wp-content\\\/uploads\\\/2024\\\/03\\\/Screenshot-2024-03-23-132725.png\",\"datePublished\":\"2024-03-23T19:27:51+00:00\",\"dateModified\":\"2025-07-24T00:45:12+00:00\",\"description\":\"Sensor de proximidad KOINO KH-301-3203 para detecci\u00f3n sin contacto en automatizaci\u00f3n industrial. Env\u00edos a todo M\u00e9xico. Producto original.\",\"breadcrumb\":{\"@id\":\"https:\\\/\\\/www.sdpcommerce.com\\\/producto\\\/producto-sensor-proximidad-koino-kh-301-3203-industrial\\\/#breadcrumb\"},\"inLanguage\":\"en-US\",\"potentialAction\":[{\"@type\":\"ReadAction\",\"target\":[\"https:\\\/\\\/www.sdpcommerce.com\\\/producto\\\/producto-sensor-proximidad-koino-kh-301-3203-industrial\\\/\"]}]},{\"@type\":\"ImageObject\",\"inLanguage\":\"en-US\",\"@id\":\"https:\\\/\\\/www.sdpcommerce.com\\\/producto\\\/producto-sensor-proximidad-koino-kh-301-3203-industrial\\\/#primaryimage\",\"url\":\"https:\\\/\\\/www.sdpcommerce.com\\\/wp-content\\\/uploads\\\/2024\\\/03\\\/Screenshot-2024-03-23-132725.png\",\"contentUrl\":\"https:\\\/\\\/www.sdpcommerce.com\\\/wp-content\\\/uploads\\\/2024\\\/03\\\/Screenshot-2024-03-23-132725.png\",\"width\":168,\"height\":180},{\"@type\":\"BreadcrumbList\",\"@id\":\"https:\\\/\\\/www.sdpcommerce.com\\\/producto\\\/producto-sensor-proximidad-koino-kh-301-3203-industrial\\\/#breadcrumb\",\"itemListElement\":[{\"@type\":\"ListItem\",\"position\":1,\"name\":\"Portada\",\"item\":\"https:\\\/\\\/www.sdpcommerce.com\\\/\"},{\"@type\":\"ListItem\",\"position\":2,\"name\":\"STORE\",\"item\":\"https:\\\/\\\/www.sdpcommerce.com\\\/shop-replacement-parts\\\/\"},{\"@type\":\"ListItem\",\"position\":3,\"name\":\"Refacciones Industriales | Repuestos para Maquinaria y Equipos\",\"item\":\"https:\\\/\\\/www.sdpcommerce.com\\\/categoria-producto\\\/refacciones-industriales\\\/\"},{\"@type\":\"ListItem\",\"position\":4,\"name\":\"Sensor KOINO KH-301-3203 \u2013 Sensor de Proximidad Industrial\"}]},{\"@type\":\"WebSite\",\"@id\":\"https:\\\/\\\/www.sdpcommerce.com\\\/#website\",\"url\":\"https:\\\/\\\/www.sdpcommerce.com\\\/\",\"name\":\"SDP COMMERCE\",\"description\":\" Contar con un proveedor que no solo te diga \u201cya no existe\u201d, sino que &lt;strong&gt;te proponga un reemplazo funcional&lt;\\\/strong&gt;, es una ventaja competitiva. Algunas acciones que realiza un proveedor proactivo\",\"publisher\":{\"@id\":\"https:\\\/\\\/www.sdpcommerce.com\\\/#organization\"},\"potentialAction\":[{\"@type\":\"SearchAction\",\"target\":{\"@type\":\"EntryPoint\",\"urlTemplate\":\"https:\\\/\\\/www.sdpcommerce.com\\\/?s={search_term_string}\"},\"query-input\":{\"@type\":\"PropertyValueSpecification\",\"valueRequired\":true,\"valueName\":\"search_term_string\"}}],\"inLanguage\":\"en-US\"},{\"@type\":\"Organization\",\"@id\":\"https:\\\/\\\/www.sdpcommerce.com\\\/#organization\",\"name\":\"SDP COMMERCE\",\"url\":\"https:\\\/\\\/www.sdpcommerce.com\\\/\",\"logo\":{\"@type\":\"ImageObject\",\"inLanguage\":\"en-US\",\"@id\":\"https:\\\/\\\/www.sdpcommerce.com\\\/#\\\/schema\\\/logo\\\/image\\\/\",\"url\":\"https:\\\/\\\/www.sdpcommerce.com\\\/wp-content\\\/uploads\\\/2025\\\/02\\\/Screenshot-2025-02-13-150556.png\",\"contentUrl\":\"https:\\\/\\\/www.sdpcommerce.com\\\/wp-content\\\/uploads\\\/2025\\\/02\\\/Screenshot-2025-02-13-150556.png\",\"width\":114,\"height\":108,\"caption\":\"SDP COMMERCE\"},\"image\":{\"@id\":\"https:\\\/\\\/www.sdpcommerce.com\\\/#\\\/schema\\\/logo\\\/image\\\/\"},\"sameAs\":[\"https:\\\/\\\/www.facebook.com\\\/profile.php?id=61565795007009#\"]}]}<\/script>\n<!-- \/ Yoast SEO plugin. -->","yoast_head_json":{"title":"Sensor KOINO KH-301-3203 &ndash; Sensor de Proximidad Industrial - &lt;strong&gt;Un buen proveedor no solo vende, asesora y soluciona&lt;\/strong&gt;","description":"Sensor de proximidad KOINO KH-301-3203 para detecci\u00f3n sin contacto en automatizaci\u00f3n industrial. Env\u00edos a todo M\u00e9xico. Producto original.","robots":{"index":"index","follow":"follow","max-snippet":"max-snippet:-1","max-image-preview":"max-image-preview:large","max-video-preview":"max-video-preview:-1"},"canonical":"https:\/\/www.sdpcommerce.com\/en\/product\/producto-sensor-proximidad-koino-kh-301-3203-industrial\/","og_locale":"en_US","og_type":"article","og_title":"Sensor KOINO KH-301-3203 \u2013 Sensor de Proximidad Industrial - &lt;strong&gt;Un buen proveedor no solo vende, asesora y soluciona&lt;\/strong&gt;","og_description":"Sensor de proximidad KOINO KH-301-3203 para detecci\u00f3n sin contacto en automatizaci\u00f3n industrial. Env\u00edos a todo M\u00e9xico. Producto original.","og_url":"https:\/\/www.sdpcommerce.com\/en\/product\/producto-sensor-proximidad-koino-kh-301-3203-industrial\/","og_site_name":"&lt;strong&gt;Un buen proveedor no solo vende, asesora y soluciona&lt;\/strong&gt;","article_publisher":"https:\/\/www.facebook.com\/profile.php?id=61565795007009#","article_modified_time":"2025-07-24T00:45:12+00:00","og_image":[{"width":168,"height":180,"url":"https:\/\/www.sdpcommerce.com\/wp-content\/uploads\/2024\/03\/Screenshot-2024-03-23-132725.png","type":"image\/png"}],"twitter_card":"summary_large_image","twitter_misc":{"Est. reading time":"1 minute"},"schema":{"@context":"https:\/\/schema.org","@graph":[{"@type":"WebPage","@id":"https:\/\/www.sdpcommerce.com\/producto\/producto-sensor-proximidad-koino-kh-301-3203-industrial\/","url":"https:\/\/www.sdpcommerce.com\/producto\/producto-sensor-proximidad-koino-kh-301-3203-industrial\/","name":"Sensor KOINO KH-301-3203 &ndash; Sensor de Proximidad Industrial - &lt;strong&gt;Un buen proveedor no solo vende, asesora y soluciona&lt;\/strong&gt;","isPartOf":{"@id":"https:\/\/www.sdpcommerce.com\/#website"},"primaryImageOfPage":{"@id":"https:\/\/www.sdpcommerce.com\/producto\/producto-sensor-proximidad-koino-kh-301-3203-industrial\/#primaryimage"},"image":{"@id":"https:\/\/www.sdpcommerce.com\/producto\/producto-sensor-proximidad-koino-kh-301-3203-industrial\/#primaryimage"},"thumbnailUrl":"https:\/\/www.sdpcommerce.com\/wp-content\/uploads\/2024\/03\/Screenshot-2024-03-23-132725.png","datePublished":"2024-03-23T19:27:51+00:00","dateModified":"2025-07-24T00:45:12+00:00","description":"Sensor de proximidad KOINO KH-301-3203 para detecci\u00f3n sin contacto en automatizaci\u00f3n industrial. Env\u00edos a todo M\u00e9xico. Producto original.","breadcrumb":{"@id":"https:\/\/www.sdpcommerce.com\/producto\/producto-sensor-proximidad-koino-kh-301-3203-industrial\/#breadcrumb"},"inLanguage":"en-US","potentialAction":[{"@type":"ReadAction","target":["https:\/\/www.sdpcommerce.com\/producto\/producto-sensor-proximidad-koino-kh-301-3203-industrial\/"]}]},{"@type":"ImageObject","inLanguage":"en-US","@id":"https:\/\/www.sdpcommerce.com\/producto\/producto-sensor-proximidad-koino-kh-301-3203-industrial\/#primaryimage","url":"https:\/\/www.sdpcommerce.com\/wp-content\/uploads\/2024\/03\/Screenshot-2024-03-23-132725.png","contentUrl":"https:\/\/www.sdpcommerce.com\/wp-content\/uploads\/2024\/03\/Screenshot-2024-03-23-132725.png","width":168,"height":180},{"@type":"BreadcrumbList","@id":"https:\/\/www.sdpcommerce.com\/producto\/producto-sensor-proximidad-koino-kh-301-3203-industrial\/#breadcrumb","itemListElement":[{"@type":"ListItem","position":1,"name":"Portada","item":"https:\/\/www.sdpcommerce.com\/"},{"@type":"ListItem","position":2,"name":"STORE","item":"https:\/\/www.sdpcommerce.com\/shop-replacement-parts\/"},{"@type":"ListItem","position":3,"name":"Refacciones Industriales | Repuestos para Maquinaria y Equipos","item":"https:\/\/www.sdpcommerce.com\/categoria-producto\/refacciones-industriales\/"},{"@type":"ListItem","position":4,"name":"Sensor KOINO KH-301-3203 \u2013 Sensor de Proximidad Industrial"}]},{"@type":"WebSite","@id":"https:\/\/www.sdpcommerce.com\/#website","url":"https:\/\/www.sdpcommerce.com\/","name":"SDP COMMERCE","description":"Contar con un proveedor que no solo te diga &ldquo;ya no existe&rdquo;, sino que &lt;strong&gt;te proponga un reemplazo funcional&lt;\/strong&gt;, es una ventaja competitiva. Algunas acciones que realiza un proveedor proactivo","publisher":{"@id":"https:\/\/www.sdpcommerce.com\/#organization"},"potentialAction":[{"@type":"SearchAction","target":{"@type":"EntryPoint","urlTemplate":"https:\/\/www.sdpcommerce.com\/?s={search_term_string}"},"query-input":{"@type":"PropertyValueSpecification","valueRequired":true,"valueName":"search_term_string"}}],"inLanguage":"en-US"},{"@type":"Organization","@id":"https:\/\/www.sdpcommerce.com\/#organization","name":"SDP COMMERCE","url":"https:\/\/www.sdpcommerce.com\/","logo":{"@type":"ImageObject","inLanguage":"en-US","@id":"https:\/\/www.sdpcommerce.com\/#\/schema\/logo\/image\/","url":"https:\/\/www.sdpcommerce.com\/wp-content\/uploads\/2025\/02\/Screenshot-2025-02-13-150556.png","contentUrl":"https:\/\/www.sdpcommerce.com\/wp-content\/uploads\/2025\/02\/Screenshot-2025-02-13-150556.png","width":114,"height":108,"caption":"SDP COMMERCE"},"image":{"@id":"https:\/\/www.sdpcommerce.com\/#\/schema\/logo\/image\/"},"sameAs":["https:\/\/www.facebook.com\/profile.php?id=61565795007009#"]}]}},"uagb_featured_image_src":{"full":["https:\/\/www.sdpcommerce.com\/wp-content\/uploads\/2024\/03\/Screenshot-2024-03-23-132725.png",168,180,false],"thumbnail":["https:\/\/www.sdpcommerce.com\/wp-content\/uploads\/2024\/03\/Screenshot-2024-03-23-132725-150x150.png",150,150,true],"medium":["https:\/\/www.sdpcommerce.com\/wp-content\/uploads\/2024\/03\/Screenshot-2024-03-23-132725.png",168,180,false],"medium_large":["https:\/\/www.sdpcommerce.com\/wp-content\/uploads\/2024\/03\/Screenshot-2024-03-23-132725.png",168,180,false],"large":["https:\/\/www.sdpcommerce.com\/wp-content\/uploads\/2024\/03\/Screenshot-2024-03-23-132725.png",168,180,false],"1536x1536":["https:\/\/www.sdpcommerce.com\/wp-content\/uploads\/2024\/03\/Screenshot-2024-03-23-132725.png",168,180,false],"2048x2048":["https:\/\/www.sdpcommerce.com\/wp-content\/uploads\/2024\/03\/Screenshot-2024-03-23-132725.png",168,180,false],"trp-custom-language-flag":["https:\/\/www.sdpcommerce.com\/wp-content\/uploads\/2024\/03\/Screenshot-2024-03-23-132725.png",11,12,false],"woocommerce_thumbnail":["https:\/\/www.sdpcommerce.com\/wp-content\/uploads\/2024\/03\/Screenshot-2024-03-23-132725.png",168,180,false],"woocommerce_single":["https:\/\/www.sdpcommerce.com\/wp-content\/uploads\/2024\/03\/Screenshot-2024-03-23-132725.png",168,180,false],"woocommerce_gallery_thumbnail":["https:\/\/www.sdpcommerce.com\/wp-content\/uploads\/2024\/03\/Screenshot-2024-03-23-132725-100x100.png",100,100,true]},"uagb_author_info":{"display_name":"admin","author_link":"https:\/\/www.sdpcommerce.com\/en\/author\/"},"uagb_comment_info":0,"uagb_excerpt":"Sensor de proximidad KOINO modelo KH-301-3203, ideal para detecci\u00f3n sin contacto en aplicaciones industriales y automatizaci\u00f3n.","_links":{"self":[{"href":"https:\/\/www.sdpcommerce.com\/en\/wp-json\/wp\/v2\/product\/1470","targetHints":{"allow":["GET"]}}],"collection":[{"href":"https:\/\/www.sdpcommerce.com\/en\/wp-json\/wp\/v2\/product"}],"about":[{"href":"https:\/\/www.sdpcommerce.com\/en\/wp-json\/wp\/v2\/types\/product"}],"replies":[{"embeddable":true,"href":"https:\/\/www.sdpcommerce.com\/en\/wp-json\/wp\/v2\/comments?post=1470"}],"wp:featuredmedia":[{"embeddable":true,"href":"https:\/\/www.sdpcommerce.com\/en\/wp-json\/wp\/v2\/media\/1471"}],"wp:attachment":[{"href":"https:\/\/www.sdpcommerce.com\/en\/wp-json\/wp\/v2\/media?parent=1470"}],"wp:term":[{"taxonomy":"product_brand","embeddable":true,"href":"https:\/\/www.sdpcommerce.com\/en\/wp-json\/wp\/v2\/product_brand?post=1470"},{"taxonomy":"product_cat","embeddable":true,"href":"https:\/\/www.sdpcommerce.com\/en\/wp-json\/wp\/v2\/product_cat?post=1470"},{"taxonomy":"product_tag","embeddable":true,"href":"https:\/\/www.sdpcommerce.com\/en\/wp-json\/wp\/v2\/product_tag?post=1470"}],"curies":[{"name":"wp","href":"https:\/\/api.w.org\/{rel}","templated":true}]}}